{"id":17007,"date":"2024-05-03T06:34:06","date_gmt":"2024-05-03T06:34:06","guid":{"rendered":"https:\/\/elfsight.com\/de\/?page_id=17007"},"modified":"2024-12-20T01:14:29","modified_gmt":"2024-12-20T01:14:29","slug":"jquery","status":"publish","type":"page","link":"https:\/\/elfsight.com\/de\/countdown-timer-widget\/jquery\/","title":{"rendered":"Countdown Timer &#8211; jQuery"},"content":{"rendered":"\n<div class=\"application-platform-content-item-description application-platform-content-item\" id=\"description\" data-nav-section=\"description\"><h2>Beschreibung<\/h2><p>Zeigen Sie umsatzgenerierende Z\u00e4hlungen f\u00fcr Ihre Website mit dem Elfsight Countdown-Plugin an. Heizen Sie die Atmosph\u00e4re an und erwecken Sie das Gef\u00fchl, dass Ihre Waren nur begrenzt verf\u00fcgbar sind, und zeigen Sie direkt vor den Augen der Kunden, wie schnell sie verkauft werden. Beschleunigen Sie den Kaufbeginn Ihrer Kunden, indem Sie den Aktionszeitraum herunterz\u00e4hlen. Erstellen Sie Countdowns, um Ihre bevorstehenden Anl\u00e4sse oder Feiertagsverk\u00e4ufe anzuk\u00fcndigen, und sorgen Sie daf\u00fcr, dass Ihre Kundschaft gespannt auf den Beginn wartet.<\/p><p><b>Steigern Sie Ihre Online-Verk\u00e4ufe mit Timern und Z\u00e4hlungen, die die Dringlichkeit steuern.<\/b><\/p> <p><b>Ermutigen Sie Menschen dazu, mehr auf Ihrer Website einzukaufen, indem Sie ein Gef\u00fchl der Dringlichkeit vermitteln.<\/b><br> Geben Sie Ihrem Publikum Angst, Ihre Angebote und Verk\u00e4ufe zu verpassen \u2013 zeigen Sie ihm, dass die Zeit knapp wird. Dadurch k\u00f6nnen Benutzer schneller einkaufen und neue Verk\u00e4ufe erzielen.<\/p><p><b>Zeigen Sie, dass der Lagerbestand abnimmt, und machen Sie Benutzer neidisch auf den Kauf. <\/b><br> Zeigen Sie mit einer speziellen Bestandsz\u00e4hlung, dass Ihre Waren schnell gekauft werden und knapp werden. Dadurch sch\u00e4tzt das Publikum die Waren h\u00f6her ein und wird neidisch, sie auch zu kaufen.<\/p><p><b>Erregen Sie mehr Aufmerksamkeit auf Ihre Verk\u00e4ufe mit einer speziellen Countdown-Leiste zum Thema Feiertage.<\/b><br> Mit attraktiven In den Themenbars k\u00f6nnen Sie Ihre saisonalen Angebote und Ausverk\u00e4ufe bewerben. Verpassen Sie nicht die Feiertage, um den Umsatz auf Ihrer Website anzukurbeln.<\/p><\/div><div class=\"application-platform-content-item-features application-platform-content-item\" id=\"features\" data-nav-section=\"features\"><h2>Funktionen<\/h2><p>Hier sind die Funktionen von Elfsight Countdown, die es zum Erfolg machen wichtigstes Plugin f\u00fcr jede jQuery-Site.<\/p><ul><li>Auf- und Abw\u00e4rtsz\u00e4hler;<\/li><li>Option zum \u00d6ffnen des Schaltfl\u00e4chen-Links in einem neuen Tab;<\/li><li>Vier Zeiteinheiten : Tage, Stunden, Minuten, Sekunden;<\/li><li>Vier Positionsvarianten: statisch oben, schwebend oben oder unten und benutzerdefinierte Position;<\/li><li>Responsive Schnittstelle mit automatischer Anpassung an die Bildschirmgr\u00f6\u00dfe.<\/li><\/ul><a href=\"#demo\">Probieren Sie alle Vorteile in einer Live-Demo aus<\/a><\/div><div class=\"application-platform-content-item-installation application-platform-content-item\" id=\"installation\" data-nav-section=\"installation\"><h2>So f\u00fcgen Sie den Countdown-Timer zur jQuery-Website hinzu <\/h2><p>Das Elfsight-Plugin ist einfach zu installieren und erfordert keine Programmierkenntnisse. Die Ausf\u00fchrung des Handbuchs dauert ca. 1 Minute.<\/p><ol><li><b>Gestalten Sie Ihr pers\u00f6nliches Countdown-Plugin<\/b>.<br> Gestalten Sie mit Hilfe unseres kostenlosen Editors ein Plugin nach Ihren W\u00fcnschen Parameter.<\/li><li><b>Besorgen Sie sich den Code zum Einbetten des Plugins auf Ihrer Website<\/b>.<br> Nachdem Sie die Einstellungen konfiguriert haben, besorgen Sie sich den Code f\u00fcr die Countdown-Uhr aus dem erscheinenden Fenster von Elfsight Apps .<\/li><li><b>F\u00fcgen Sie das Widget auf der jQuery-Website hinzu<\/b>.<br> Starten Sie den Seitencode im Editor, integrieren Sie das Widget an einer gew\u00fcnschten Stelle (Inhalt, Fu\u00dfzeile, Seitenleiste usw.) und Ver\u00f6ffentlichen Sie die \u00c4nderungen.<\/li><li><b>Die Integration ist erfolgreich!<\/b><br> Betreten Sie die Website, um Ihr Plugin zu \u00fcberpr\u00fcfen.<\/li><\/ol><p>Wenn Sie w\u00e4hrend der Verwendung des Wenn Sie Fragen zum Tutorial haben, hinterlassen Sie eine Nachricht in unserem Support-Center oder lesen Sie das <a href=\"https:\/\/elfsight.com\/tutorials\/how-to-add-countdown-timer-to-jquery-website\/\" target=\"_blank\" rel=\"noopener noreferrer\">Volltext<\/a> des Tutorials und schlie\u00dfen Sie die Erstellung des Plugins selbst ab.<\/p>\n<div class=\"faq\" data-component=\"FAQ\"><div class=\"faq-item\">\r\n\t\t\t\t\t<div class=\"faq-item-question\">\r\n\t\t\t\t\t\t<h3 class=\"faq-item-question-text\">Auf welche Weise muss ich einbetten ein Countdown-Timer f\u00fcr meine jQuery-Website? <\/h3>\r\n\r\n\t\t\t\t\t\t<div class=\"faq-item-question-icon\"><\/div>\r\n\t\t\t\t\t<\/div>\r\n\r\n\t\t\t\t\t<div class=\"faq-item-answer\">\r\n\t\t\t\t\t\t<div class=\"faq-item-answer-text\"><p>Die Erstellung des Widgets erfolgt auf den Elfsight-Seiten und Sie m\u00fcssen keine Programmierkenntnisse erlernen. Gehen Sie zur aktiven Demo, um Ihre App zu entwerfen, den Code zu erwerben und ihn in Ihre Website einzubetten. <\/p>[\/ faq_item][faq_item question_tag=\"h3\" schema_markup=\"1\" question=\"Die besten Anwendungsbeispiele f\u00fcr die Countdown-Timer-Integration\"]<p>Wir gew\u00e4hren Ihnen eine F\u00fclle von Anpassungsm\u00f6glichkeiten: vollwertige Widgets zum Hinzuf\u00fcgen in den Inhaltsbereich, schwebende Plugins f\u00fcr Scrolloptionen , Layouts f\u00fcr die Fu\u00dfzeile Ihrer Website, den Kopfbereich und alle m\u00f6glichen vertikalen M\u00f6glichkeiten f\u00fcr Website-Seitenleisten und Men\u00fcs <\/p><\/div>\r\n\t\t\t\t\t<\/div>\r\n\t\t\t\t<\/div><div class=\"faq-item\">\r\n\t\t\t\t\t<div class=\"faq-item-question\">\r\n\t\t\t\t\t\t<h3 class=\"faq-item-question-text\">Gibt es eine Option zum Erstellen eines einfachen Countdowns? oder Evergreen-Countdown mit Ihrem Editor? <\/h3>\r\n\r\n\t\t\t\t\t\t<div class=\"faq-item-question-icon\"><\/div>\r\n\t\t\t\t\t<\/div>\r\n\r\n\t\t\t\t\t<div class=\"faq-item-answer\">\r\n\t\t\t\t\t\t<div class=\"faq-item-answer-text\"><p>Sie k\u00f6nnen gerne \u00c4nderungen an jedem Widget vornehmen. Im Editor stehen Ihnen viele Layouts zur Verf\u00fcgung, die alle ganz einfach an Ihre Bed\u00fcrfnisse angepasst werden k\u00f6nnen. <\/p><\/div>\r\n\t\t\t\t\t<\/div>\r\n\t\t\t\t<\/div><\/div><\/div>\n","protected":false},"excerpt":{"rendered":"","protected":false},"author":9,"featured_media":0,"parent":578,"menu_order":0,"comment_status":"closed","ping_status":"closed","template":"templates\/template-application-platform.php","meta":{"publish_to_discourse":"","publish_post_category":"","wpdc_auto_publish_overridden":"","wpdc_topic_tags":"","wpdc_pin_topic":"","wpdc_pin_until":"","discourse_post_id":"","discourse_permalink":"","wpdc_publishing_response":"","wpdc_publishing_error":"","footnotes":""},"class_list":["post-17007","page","type-page","status-publish","hentry"],"yoast_head":"<!-- This site is optimized with the Yoast SEO plugin v25.3.1 - https:\/\/yoast.com\/wordpress\/plugins\/seo\/ -->\n<title>Das beste jQuery-Countdown-Timer-Plugin f\u00fcr Websites (2025)<\/title>\n<meta name=\"description\" content=\"Entdecken Sie jetzt das Elfsight Countdown Timer-Plugin f\u00fcr jQuery. Entwerfen Sie in wenigen Minuten ein benutzerdefiniertes Countdown-Widget f\u00fcr Ihre Website!\" \/>\n<meta name=\"robots\" content=\"index, follow, max-snippet:-1, max-image-preview:large, max-video-preview:-1\" \/>\n<link rel=\"canonical\" href=\"https:\/\/elfsight.com\/de\/countdown-timer-widget\/jquery\/\" \/>\n<meta property=\"og:locale\" content=\"de_DE\" \/>\n<meta property=\"og:type\" content=\"article\" \/>\n<meta property=\"og:title\" content=\"Das beste jQuery-Countdown-Timer-Plugin f\u00fcr Websites (2025)\" \/>\n<meta property=\"og:description\" content=\"Entdecken Sie jetzt das Elfsight Countdown Timer-Plugin f\u00fcr jQuery. Entwerfen Sie in wenigen Minuten ein benutzerdefiniertes Countdown-Widget f\u00fcr Ihre Website!\" \/>\n<meta property=\"og:url\" content=\"https:\/\/elfsight.com\/de\/countdown-timer-widget\/jquery\/\" \/>\n<meta property=\"og:site_name\" content=\"Elfsight DE\" \/>\n<meta property=\"article:modified_time\" content=\"2024-12-20T01:14:29+00:00\" \/>\n<meta name=\"twitter:card\" content=\"summary_large_image\" \/>\n<meta name=\"twitter:label1\" content=\"Gesch\u00e4tzte Lesezeit\" \/>\n\t<meta name=\"twitter:data1\" content=\"4\u00a0Minuten\" \/>\n<!-- \/ Yoast SEO plugin. -->","yoast_head_json":{"title":"Das beste jQuery-Countdown-Timer-Plugin f\u00fcr Websites (2025)","description":"Entdecken Sie jetzt das Elfsight Countdown Timer-Plugin f\u00fcr jQuery. Entwerfen Sie in wenigen Minuten ein benutzerdefiniertes Countdown-Widget f\u00fcr Ihre Website!","robots":{"index":"index","follow":"follow","max-snippet":"max-snippet:-1","max-image-preview":"max-image-preview:large","max-video-preview":"max-video-preview:-1"},"canonical":"https:\/\/elfsight.com\/de\/countdown-timer-widget\/jquery\/","og_locale":"de_DE","og_type":"article","og_title":"Das beste jQuery-Countdown-Timer-Plugin f\u00fcr Websites (2025)","og_description":"Entdecken Sie jetzt das Elfsight Countdown Timer-Plugin f\u00fcr jQuery. Entwerfen Sie in wenigen Minuten ein benutzerdefiniertes Countdown-Widget f\u00fcr Ihre Website!","og_url":"https:\/\/elfsight.com\/de\/countdown-timer-widget\/jquery\/","og_site_name":"Elfsight DE","article_modified_time":"2024-12-20T01:14:29+00:00","twitter_card":"summary_large_image","twitter_misc":{"Gesch\u00e4tzte Lesezeit":"4\u00a0Minuten"},"schema":{"@context":"https:\/\/schema.org","@graph":[{"@type":"WebPage","@id":"https:\/\/elfsight.com\/de\/countdown-timer-widget\/jquery\/","url":"https:\/\/elfsight.com\/de\/countdown-timer-widget\/jquery\/","name":"Das beste jQuery-Countdown-Timer-Plugin f\u00fcr Websites (2025)","isPartOf":{"@id":"https:\/\/elfsight.com\/de\/#website"},"datePublished":"2024-05-03T06:34:06+00:00","dateModified":"2024-12-20T01:14:29+00:00","description":"Entdecken Sie jetzt das Elfsight Countdown Timer-Plugin f\u00fcr jQuery. Entwerfen Sie in wenigen Minuten ein benutzerdefiniertes Countdown-Widget f\u00fcr Ihre Website!","breadcrumb":{"@id":"https:\/\/elfsight.com\/de\/countdown-timer-widget\/jquery\/#breadcrumb"},"inLanguage":"de","potentialAction":[{"@type":"ReadAction","target":["https:\/\/elfsight.com\/de\/countdown-timer-widget\/jquery\/"]}]},{"@type":"BreadcrumbList","@id":"https:\/\/elfsight.com\/de\/countdown-timer-widget\/jquery\/#breadcrumb","itemListElement":[{"@type":"ListItem","position":1,"name":"Home","item":"https:\/\/elfsight.com\/de\/"},{"@type":"ListItem","position":2,"name":"Countdown Timer","item":"https:\/\/elfsight.com\/de\/countdown-timer-widget\/"},{"@type":"ListItem","position":3,"name":"Countdown Timer &#8211; jQuery"}]},{"@type":"WebSite","@id":"https:\/\/elfsight.com\/de\/#website","url":"https:\/\/elfsight.com\/de\/","name":"Elfsight DE","description":"Just another Elfsight Sites site","potentialAction":[{"@type":"SearchAction","target":{"@type":"EntryPoint","urlTemplate":"https:\/\/elfsight.com\/de\/?s={search_term_string}"},"query-input":{"@type":"PropertyValueSpecification","valueRequired":true,"valueName":"search_term_string"}}],"inLanguage":"de"}]}},"meta_box":{"industry":"","seo_heading":"","heading":"","description":"","cta_heading":"","cta_description":"","application":"474","h1":"jQuery Countdown Timer-Plugin","h1_caption":"Richten Sie einen Countdown f\u00fcr wichtige Ereignisse oder Werbeaktionen ein, um Ihren Besuchern auf Ihrer jQuery-Website m\u00fchelos ein Gef\u00fchl der Dringlichkeit zu vermitteln.","application_category":[],"applications_title":"","applications_request_title":"","applications_request_button_text":"","hero_text":"","hero_video":"","hero_video_schema_markup":"","selling_points_title":"","selling_points_caption":"","selling_points":[],"selling_points_cta_text":"","features_title":"","features":"","ed_cta_examples_text":"","ed_cta_examples_hidden":"","ed_cta_demo_text":"","ed_cta_demo_hidden":"","why_caption":"","why_editor_title":"","why_editor_text":"","why_team_title":"","why_team_text":"","why_service_title":"","why_service_text":"","template_catalog_visible":"0","template_catalog_title":"","template_catalog_text":"","template_catalog_categories_visible":"","demo_title":"Erstellen Sie Ihr Countdown-Timer-Plugin","demo_caption":"Konfigurieren Sie Ihren Countdown-Timer und f\u00fcgen Sie ihn kostenlos zu Ihrer jQuery-Website hinzu!","default_faq_hidden":"","app_template_category":[],"platform":"258","template_public_id":"","codecanyon_url":"","codecanyon_item_id":"","codecanyon_price":"","pricing_caption":"","pricing_elfsight_apps_hide_column":"","pricing_elfsight_apps_url":"","pricing_codecanyon_price_caption":"","integration_category":[],"integration_request_title":"","integration_request_cta":"","integration_platform":"","integrations":[],"platform_category":[],"video_schema_markup":"","price":"ab 0 $ \/ Monat","trial":"","benefits":[{"text":"Kostenloser Installationsservice"},{"text":"Professioneller Kundenservice"},{"text":"14-t\u00e4gige Geld-zur\u00fcck-Garantie"},{"text":"Laufende kostenlose Updates"}],"button_url":"#demo","button_target_blank":"0","button_nofollow":"0","attributes":[{"name":"Installiert","content":"100,000 - 500,000"},{"name":"Reaktionsfreudig","content":"Ja"},{"name":"Kompatible Browser","content":"Firefox, Safari, Opera, Chrome, Edge"}],"tags":[],"tags_disable_links":"0","hide_more_platforms":"","video_object":"","demo_hide_cta":"0","demo_hide_cloud_options":"0","pricing_title":"","pricing":[{"pricing_icon":"platform","pricing_title":"Elfsight Apps","pricing_title_caption":"Plattform\u00fcbergreifende L\u00f6sung, die auf jeder Website funktioniert","pricing_price":"ab 0 $ \/ Monat","pricing_price_caption":"Beginnen Sie mit einem kostenlosen Plan","pricing_benefits":[{"text":"Unbegrenzte Domains"},{"text":"24\/7 und p\u00fcnktlicher Support"},{"text":"Kostenloser Installationsservice"},{"text":"Vollst\u00e4ndig anpassbar"}],"pricing_button_text":"Zur Website hinzuf\u00fcgen","pricing_button_url":"#demo"}],"related_apps_title":"","related_apps_hidden":"0","author":"","image":[],"title":"","job":"","social_networks":[]},"_links":{"self":[{"href":"https:\/\/elfsight.com\/de\/wp-json\/wp\/v2\/pages\/17007","targetHints":{"allow":["GET"]}}],"collection":[{"href":"https:\/\/elfsight.com\/de\/wp-json\/wp\/v2\/pages"}],"about":[{"href":"https:\/\/elfsight.com\/de\/wp-json\/wp\/v2\/types\/page"}],"author":[{"embeddable":true,"href":"https:\/\/elfsight.com\/de\/wp-json\/wp\/v2\/users\/9"}],"replies":[{"embeddable":true,"href":"https:\/\/elfsight.com\/de\/wp-json\/wp\/v2\/comments?post=17007"}],"version-history":[{"count":3,"href":"https:\/\/elfsight.com\/de\/wp-json\/wp\/v2\/pages\/17007\/revisions"}],"predecessor-version":[{"id":23393,"href":"https:\/\/elfsight.com\/de\/wp-json\/wp\/v2\/pages\/17007\/revisions\/23393"}],"up":[{"embeddable":true,"href":"https:\/\/elfsight.com\/de\/wp-json\/wp\/v2\/pages\/578"}],"wp:attachment":[{"href":"https:\/\/elfsight.com\/de\/wp-json\/wp\/v2\/media?parent=17007"}],"curies":[{"name":"wp","href":"https:\/\/api.w.org\/{rel}","templated":true}]}}