{"id":17002,"date":"2024-05-03T06:34:05","date_gmt":"2024-05-03T06:34:05","guid":{"rendered":"https:\/\/elfsight.com\/de\/?page_id=17002"},"modified":"2024-11-08T09:13:14","modified_gmt":"2024-11-08T09:13:14","slug":"elementor","status":"publish","type":"page","link":"https:\/\/elfsight.com\/de\/countdown-timer-widget\/elementor\/","title":{"rendered":"Countdown Timer &#8211; Elementor"},"content":{"rendered":"<div class=\"application-platform-content-item-description application-platform-content-item\" id=\"description\" data-nav-section=\"description\"> <h2>Betten Sie den Countdown-Timer auf Elementor mit dem Elfsight-Widget ein<\/h2><p>Zeigen Sie mit dem Elfsight Countdown-Widget steigende Verkaufszahlen f\u00fcr Ihre Website. Heizen Sie die Atmosph\u00e4re an und erwecken Sie ein Gef\u00fchl der Knappheit Ihrer Waren, indem Sie direkt vor den Augen der Kunden zeigen, wie schnell sie gekauft werden. Legen Sie beim Kauf Dringlichkeit fest, indem Sie die Zeit bis zum Ende des Sonderangebotszeitraums herunterz\u00e4hlen. K\u00fcndigen Sie Ihre zuk\u00fcnftigen Anl\u00e4sse oder Feiertage an und sorgen Sie daf\u00fcr, dass Ihr Publikum sich darauf freut, dass sie einen Countdown-Timer zeigen.<\/p> <p><b>Steigern Sie Ihre Website-Verk\u00e4ufe mit Dringlichkeits-Timern und Z\u00e4hlungen, die unser Elementor Countdown-Timer bietet. <\/b><\/p><p><b>Regen Sie K\u00e4ufer zum Kauf an, indem Sie ein Gef\u00fchl der Dringlichkeit vermitteln.<\/b><br> Geben Sie Ihrer Kundschaft die Angst, die Zeit und den Verkauf zu niedrigen Preisen zu verpassen, w\u00e4hrend die Zeit dr\u00e4ngt Ich z\u00e4hle bis zum Ende herunter. Dadurch k\u00f6nnen Benutzer schneller einkaufen und die Verk\u00e4ufe auf Ihrer Website steigern.<\/p><p><b>Demonstrieren Sie den R\u00fcckgang des Lagerbestands, um den wahrgenommenen Wert der Artikel zu steigern.<\/b><br> Schaffen Sie ein Gef\u00fchl der Konkurrenz f\u00fcr Ihr Unternehmen Waren, indem gezeigt wird, wie die Verkaufsmenge w\u00e4chst und der Lagerbestand abnimmt. Der wahrgenommene Wert des Produkts wird steigen und die Kunden werden es auch haben wollen.<\/p><p><b>Erregen Sie mit Hilfe einer auff\u00e4lligen Timer-Leiste im Feiertagsstil mehr Aufmerksamkeit auf den Verkauf.<\/b><br> Gestalten Sie eine helle Themen-Verkaufsbar f\u00fcr Festivals und besondere Anl\u00e4sse. Es spiegelt die Feiertagsatmosph\u00e4re wider und f\u00f6rdert Ihre Sonderangebote, damit Sie in der Hochsaison mehr verkaufen k\u00f6nnen.<\/p><\/div><div class=\"application-platform-content-item-features application-platform-content-item\" id=\"features\" data-nav-section=\"features\"> <h2>Hauptfunktionen des Countdown-Timer-Widgets<\/h2> <p>Welche Eigenschaften machen unser Widget zum besten f\u00fcr jede Elementor-Site? Entdecken Sie die grundlegenden Vorteile:<\/p><ul> <li>Auf- und Abw\u00e4rtsz\u00e4hler;<\/li> <li>Bearbeitbarer Schaltfl\u00e4chentext;<\/li> <li>Option zum Ausschalten jeder Zeiteinheit;<\/li> <li>Option zum \u00c4ndern der Farbe von Timer, Schaltfl\u00e4che, Beschriftungen und Nachrichten; <\/li> <li>Anpassbare Gr\u00f6\u00dfen von Timer und Schaltfl\u00e4che.<\/li><\/ul> <p><a href=\"#demo\">Sie k\u00f6nnen alle Vorteile mit Hilfe des Live-Editors erkunden<\/a><\/p><\/div><div class=\"application-platform-content-item-installation application-platform-content-item\" id=\"installation\" data-nav-section=\"installation\"><\/div> <h2>So f\u00fcgen Sie einen Countdown-Timer zur Elementor-Website hinzu<\/h2><div class=\"video-container\"><iframe width=\"720\" height=\"405\" src=\"https:\/\/www.youtube.com\/embed\/LqcfbY8KevU\" frameborder=\"0\" allowfullscreen=\"\"><\/iframe><\/div><p>Um die Einbettung durchzuf\u00fchren, m\u00fcssen Sie dies nicht tun Sie ben\u00f6tigen Programmierkenntnisse oder viel Zeit. Nur mehrere einfache Schritte und 1 Minute Zeit ergeben einen individuellen <a href=\"https:\/\/elfsight.com\/blog\/best-countdown-timer-for-elementor\/\">Elementor-Countdown-Timer<\/a> f\u00fcr Sie .<\/p><ol><li><b>Generieren Sie Ihr individuelles Countdown-Widget<\/b><br> Erstellen Sie mit unserem kostenlosen Editor ein Plugin mit dem gew\u00fcnschten Aussehen und den gew\u00fcnschten Optionen.<\/li><li><b> Erhalten Sie den eindeutigen Code zum Anzeigen des Plugins.<\/b><br> Nachdem Sie das Widget generiert haben, erhalten Sie \u00fcber die Popup-Benachrichtigung auf Elfsight Apps einen eindeutigen Code f\u00fcr das Countdown-Plugin.<\/li><li><b>Ver\u00f6ffentlichen Sie das Plugin auf der Elementor-Website<\/b><br> Integrieren Sie das Plugin an einer ausgew\u00e4hlten Stelle der Website und ver\u00f6ffentlichen Sie die Ergebnisse.<\/li><li><b>Fertig!<\/b><br> Besuchen Sie Ihre Website, um es zu sehen So funktioniert Ihr Elementor Countdown Timer-Plugin.<\/li><\/ol><p>Haben Sie Fragen zur Anzeige des Plugins oder zur Anpassung? Wenden Sie sich bei Problemen an den Elfsight-Support.<\/p>","protected":false},"excerpt":{"rendered":"So f\u00fcgen Sie einen Countdown-Timer zur Elementor-Website hinzuUm die Einbettung durchzuf\u00fchren, m\u00fcssen Sie dies nicht tun Sie ben\u00f6tigen Programmierkenntnisse oder viel Zeit. Nur mehrere einfache Schritte und 1 Minute Zeit ergeben einen individuellen Elementor-Countdown-Timer f\u00fcr Sie .Generieren Sie Ihr individuelles Countdown-Widget Erstellen Sie mit unserem kostenlosen Editor ein Plugin mit&#8230;","protected":false},"author":9,"featured_media":0,"parent":578,"menu_order":0,"comment_status":"closed","ping_status":"closed","template":"templates\/template-application-platform.php","meta":{"publish_to_discourse":"","publish_post_category":"","wpdc_auto_publish_overridden":"","wpdc_topic_tags":"","wpdc_pin_topic":"","wpdc_pin_until":"","discourse_post_id":"","discourse_permalink":"","wpdc_publishing_response":"","wpdc_publishing_error":"","footnotes":""},"class_list":["post-17002","page","type-page","status-publish","hentry"],"yoast_head":"<!-- This site is optimized with the Yoast SEO plugin v25.3.1 - https:\/\/yoast.com\/wordpress\/plugins\/seo\/ -->\n<title>Elementor Countdown-Timer-Widget \u2013 Countdown-Timer zu Elementor hinzuf\u00fcgen [2026]<\/title>\n<meta name=\"description\" content=\"Erstellen Sie ein benutzerdefiniertes Countdown-Timer-Widget f\u00fcr die Elementor-Website. F\u00fcgen Sie im einfachsten Plugin-Editor in nur 3 Minuten kostenlos umfangreiche Widgets hinzu.\" \/>\n<meta name=\"robots\" content=\"index, follow, max-snippet:-1, max-image-preview:large, max-video-preview:-1\" \/>\n<link rel=\"canonical\" href=\"https:\/\/elfsight.com\/de\/countdown-timer-widget\/elementor\/\" \/>\n<meta property=\"og:locale\" content=\"de_DE\" \/>\n<meta property=\"og:type\" content=\"article\" \/>\n<meta property=\"og:title\" content=\"Elementor Countdown-Timer-Widget \u2013 Countdown-Timer zu Elementor hinzuf\u00fcgen [2026]\" \/>\n<meta property=\"og:description\" content=\"Erstellen Sie ein benutzerdefiniertes Countdown-Timer-Widget f\u00fcr die Elementor-Website. F\u00fcgen Sie im einfachsten Plugin-Editor in nur 3 Minuten kostenlos umfangreiche Widgets hinzu.\" \/>\n<meta property=\"og:url\" content=\"https:\/\/elfsight.com\/de\/countdown-timer-widget\/elementor\/\" \/>\n<meta property=\"og:site_name\" content=\"Elfsight DE\" \/>\n<meta property=\"article:modified_time\" content=\"2024-11-08T09:13:14+00:00\" \/>\n<meta name=\"twitter:card\" content=\"summary_large_image\" \/>\n<meta name=\"twitter:label1\" content=\"Gesch\u00e4tzte Lesezeit\" \/>\n\t<meta name=\"twitter:data1\" content=\"3\u00a0Minuten\" \/>\n<!-- \/ Yoast SEO plugin. -->","yoast_head_json":{"title":"Elementor Countdown-Timer-Widget \u2013 Countdown-Timer zu Elementor hinzuf\u00fcgen [2026]","description":"Erstellen Sie ein benutzerdefiniertes Countdown-Timer-Widget f\u00fcr die Elementor-Website. F\u00fcgen Sie im einfachsten Plugin-Editor in nur 3 Minuten kostenlos umfangreiche Widgets hinzu.","robots":{"index":"index","follow":"follow","max-snippet":"max-snippet:-1","max-image-preview":"max-image-preview:large","max-video-preview":"max-video-preview:-1"},"canonical":"https:\/\/elfsight.com\/de\/countdown-timer-widget\/elementor\/","og_locale":"de_DE","og_type":"article","og_title":"Elementor Countdown-Timer-Widget \u2013 Countdown-Timer zu Elementor hinzuf\u00fcgen [2026]","og_description":"Erstellen Sie ein benutzerdefiniertes Countdown-Timer-Widget f\u00fcr die Elementor-Website. F\u00fcgen Sie im einfachsten Plugin-Editor in nur 3 Minuten kostenlos umfangreiche Widgets hinzu.","og_url":"https:\/\/elfsight.com\/de\/countdown-timer-widget\/elementor\/","og_site_name":"Elfsight DE","article_modified_time":"2024-11-08T09:13:14+00:00","twitter_card":"summary_large_image","twitter_misc":{"Gesch\u00e4tzte Lesezeit":"3\u00a0Minuten"},"schema":{"@context":"https:\/\/schema.org","@graph":[{"@type":"WebPage","@id":"https:\/\/elfsight.com\/de\/countdown-timer-widget\/elementor\/","url":"https:\/\/elfsight.com\/de\/countdown-timer-widget\/elementor\/","name":"Elementor Countdown-Timer-Widget \u2013 Countdown-Timer zu Elementor hinzuf\u00fcgen [2026]","isPartOf":{"@id":"https:\/\/elfsight.com\/de\/#website"},"datePublished":"2024-05-03T06:34:05+00:00","dateModified":"2024-11-08T09:13:14+00:00","description":"Erstellen Sie ein benutzerdefiniertes Countdown-Timer-Widget f\u00fcr die Elementor-Website. F\u00fcgen Sie im einfachsten Plugin-Editor in nur 3 Minuten kostenlos umfangreiche Widgets hinzu.","breadcrumb":{"@id":"https:\/\/elfsight.com\/de\/countdown-timer-widget\/elementor\/#breadcrumb"},"inLanguage":"de","potentialAction":[{"@type":"ReadAction","target":["https:\/\/elfsight.com\/de\/countdown-timer-widget\/elementor\/"]}]},{"@type":"BreadcrumbList","@id":"https:\/\/elfsight.com\/de\/countdown-timer-widget\/elementor\/#breadcrumb","itemListElement":[{"@type":"ListItem","position":1,"name":"Home","item":"https:\/\/elfsight.com\/de\/"},{"@type":"ListItem","position":2,"name":"Countdown Timer","item":"https:\/\/elfsight.com\/de\/countdown-timer-widget\/"},{"@type":"ListItem","position":3,"name":"Countdown Timer &#8211; Elementor"}]},{"@type":"WebSite","@id":"https:\/\/elfsight.com\/de\/#website","url":"https:\/\/elfsight.com\/de\/","name":"Elfsight DE","description":"Just another Elfsight Sites site","potentialAction":[{"@type":"SearchAction","target":{"@type":"EntryPoint","urlTemplate":"https:\/\/elfsight.com\/de\/?s={search_term_string}"},"query-input":{"@type":"PropertyValueSpecification","valueRequired":true,"valueName":"search_term_string"}}],"inLanguage":"de"}]}},"meta_box":{"industry":"","seo_heading":"","heading":"","description":"","cta_heading":"","cta_description":"","application":"474","h1":"Elementor Countdown-Timer-Widget","h1_caption":"Richten Sie einen Countdown f\u00fcr wichtige Ereignisse oder Werbeaktionen ein, um Ihren Besuchern m\u00fchelos ein Gef\u00fchl der Dringlichkeit auf Ihrer Elementor-Website zu vermitteln.","application_category":[],"applications_title":"","applications_request_title":"","applications_request_button_text":"","hero_text":"","hero_video":"","hero_video_schema_markup":"","selling_points_title":"","selling_points_caption":"","selling_points":[],"selling_points_cta_text":"","features_title":"","features":"","ed_cta_examples_text":"","ed_cta_examples_hidden":"","ed_cta_demo_text":"","ed_cta_demo_hidden":"","why_caption":"","why_editor_title":"","why_editor_text":"","why_team_title":"","why_team_text":"","why_service_title":"","why_service_text":"","template_catalog_visible":"0","template_catalog_title":"","template_catalog_text":"","template_catalog_categories_visible":"","demo_title":"Erstellen Sie Ihr Countdown-Timer-Widget","demo_caption":"Konfigurieren Sie Ihren Countdown-Timer und f\u00fcgen Sie ihn kostenlos zu Ihrer Elementor-Website hinzu!","default_faq_hidden":"","app_template_category":[],"platform":"223","template_public_id":"","codecanyon_url":"","codecanyon_item_id":"","codecanyon_price":"","pricing_caption":"","pricing_elfsight_apps_hide_column":"","pricing_elfsight_apps_url":"","pricing_codecanyon_price_caption":"","integration_category":[],"integration_request_title":"","integration_request_cta":"","integration_platform":"","integrations":[],"platform_category":[],"video_schema_markup":"","price":"ab 0 $ \/ Monat","trial":"","benefits":[{"text":"Kostenlose Installationsunterst\u00fctzung"},{"text":"Premium-Support"},{"text":"14-t\u00e4gige Geld-zur\u00fcck-Garantie"},{"text":"Zuk\u00fcnftige kostenlose Verbesserungen"}],"button_url":"#demo","button_target_blank":"0","button_nofollow":"0","attributes":[{"name":"Installiert","content":"100,000 - 500,000"},{"name":"Reaktionsfreudig","content":"Ja"},{"name":"Kompatible Browser","content":"Firefox, Safari, Opera, Chrome, Edge"}],"tags":[],"tags_disable_links":"0","hide_more_platforms":"","video_object":"","demo_hide_cta":"0","demo_hide_cloud_options":"0","pricing_title":"","pricing":[{"pricing_icon":"platform","pricing_title":"Elfsight Apps","pricing_title_caption":"Plattformunabh\u00e4ngige Version","pricing_price":"ab 0 $ \/ Monat","pricing_price_caption":"Beginnen Sie mit einem kostenlosen Plan","pricing_benefits":[{"text":"Unbegrenzte Websites"},{"text":"Engagierter und p\u00fcnktlicher Support"},{"text":"Kostenlose Installationshilfe"},{"text":"Zeitlich begrenztes Angebot f\u00fcr mehrere Apps"}],"pricing_button_text":"Zur Website hinzuf\u00fcgen","pricing_button_url":"#demo"}],"related_apps_title":"","related_apps_hidden":"0","author":"","image":[],"title":"","job":"","social_networks":[]},"_links":{"self":[{"href":"https:\/\/elfsight.com\/de\/wp-json\/wp\/v2\/pages\/17002","targetHints":{"allow":["GET"]}}],"collection":[{"href":"https:\/\/elfsight.com\/de\/wp-json\/wp\/v2\/pages"}],"about":[{"href":"https:\/\/elfsight.com\/de\/wp-json\/wp\/v2\/types\/page"}],"author":[{"embeddable":true,"href":"https:\/\/elfsight.com\/de\/wp-json\/wp\/v2\/users\/9"}],"replies":[{"embeddable":true,"href":"https:\/\/elfsight.com\/de\/wp-json\/wp\/v2\/comments?post=17002"}],"version-history":[{"count":3,"href":"https:\/\/elfsight.com\/de\/wp-json\/wp\/v2\/pages\/17002\/revisions"}],"predecessor-version":[{"id":22413,"href":"https:\/\/elfsight.com\/de\/wp-json\/wp\/v2\/pages\/17002\/revisions\/22413"}],"up":[{"embeddable":true,"href":"https:\/\/elfsight.com\/de\/wp-json\/wp\/v2\/pages\/578"}],"wp:attachment":[{"href":"https:\/\/elfsight.com\/de\/wp-json\/wp\/v2\/media?parent=17002"}],"curies":[{"name":"wp","href":"https:\/\/api.w.org\/{rel}","templated":true}]}}