{"id":17001,"date":"2024-05-03T06:34:04","date_gmt":"2024-05-03T06:34:04","guid":{"rendered":"https:\/\/elfsight.com\/de\/?page_id=17001"},"modified":"2025-07-08T10:32:45","modified_gmt":"2025-07-08T10:32:45","slug":"iframe","status":"publish","type":"page","link":"https:\/\/elfsight.com\/de\/countdown-timer-widget\/iframe\/","title":{"rendered":"Countdown Timer &#8211; iFrame"},"content":{"rendered":"<div class=\"application-platform-content-item-description application-platform-content-item\" id=\"description\" data-nav-section=\"description\"> <h2>Betten Sie den Countdown-Timer mit dem Elfsight-Widget in iFrame ein<\/h2><p>F\u00fcgen Sie mit dem Elfsight Countdown-Timer verkaufsf\u00f6rdernde Z\u00e4hlungen zu Ihrer Website hinzu. Heizen Sie die Atmosph\u00e4re an und erwecken Sie den Eindruck, dass Ihre Angebote mangelhaft sind, indem Sie direkt vor den Augen der Kunden zeigen, wie schnell sie ausverkauft sind. Steigern Sie die Dringlichkeit des Kaufs mit der Zeit bis zum Ende des Sonderangebotszeitraums. K\u00fcndigen Sie Ihre kommenden Anl\u00e4sse an und sorgen Sie mit Hilfe eines Countdowns daf\u00fcr, dass sich Ihre Kundschaft auf den Beginn freut. <\/p> <p><b>Steigern Sie Ihre Website-Verk\u00e4ufe durch Timer und Z\u00e4hlungen zur Dringlichkeitserstellung. <\/b><\/p> <p><b>Regen Sie Kunden zum Kauf an, indem Sie ein Gef\u00fchl der Dringlichkeit erzeugen.<\/b><br> Geben Sie Ihren Nutzern die Angst, Ihr Sonderangebot und Sonderangebot mit der Zeit zu verpassen bis zum letzten Tag. Dadurch kaufen die Leute schneller ein und steigern den Umsatz auf Ihrer Website. <\/p> <p><b>Demonstrieren Sie die Reduzierung des Lagerbestands, um den Wert der Artikel zu steigern. <\/b><br> Schaffen Sie ein Gef\u00fchl der Konkurrenz f\u00fcr Ihre Waren, indem Sie zeigen, wie die Anzahl der K\u00e4ufe zunimmt und der Lagerbestand sinkt. Der wahrgenommene Wert des Produkts wird steigen und die Besucher werden es auch kaufen wollen. <\/p> <p><b>Machen Sie mit einer farbenfrohen Countdown-Leiste im Feiertagsthema mehr Aufmerksamkeit auf den Verkauf. <\/b><br> \u00dcber attraktive Themenbars k\u00f6nnen Sie Ihre saisonalen Schn\u00e4ppchen und Sonderangebote bewerben. Geben Sie uns Zeit, den Umsatz auf Ihrer Website zu steigern.<\/p> <\/div><div class=\"application-platform-content-item-features application-platform-content-item\" id=\"features\" data-nav-section=\"features\"> <h2>Hauptfunktionen des Countdown-Timer-Widgets<\/h2> <p>\u00dcberpr\u00fcfen Sie das Premium-Plugin f\u00fcr die iFrame-Site frei! Gestalten Sie in nur 2 Minuten ein individuelles Plugin auf Elfsight. <\/p><ul> <li>Auf- und Abw\u00e4rtsz\u00e4hler; <\/li> <li>Bearbeitbarer Nachrichtentext mit Formatierung; <\/li> <li>Vier Zeiteinheiten: Tage, Stunden, Minuten, Sekunden; <\/li> <li>Varianten f\u00fcr benutzerdefinierte Position ausrichten: links, rechts, zentriert; <\/li> <li>Klares Design, das eine nahtlose Integration in jedes Website-Konzept gew\u00e4hrleistet.<\/li><\/ul><p><a href=\"#demo\">Sehen Sie sich die wichtigsten Funktionen in der Elfsight-Demo an<\/a><\/p><\/div> <div class=\"application-platform-content-item-setup application-platform-content-item\" id=\"setup\" data-nav-section=\"setup\"> <h2>So f\u00fcgen Sie den Countdown-Timer zur iFrame-Website hinzu<\/h2><p>Lesen Sie unser Express-Handbuch zum Einbetten und Einstellen des Plugins. Es sind keine Programmierkenntnisse erforderlich, und die Gesamtzeit des Vorgangs betr\u00e4gt etwa 70 Sekunden.<\/p><ol><li><b>Generieren Sie Ihr individuelles Countdown-Plugin<\/b><br> Verwalten Sie unseren kostenlosen Editor ein Plugin mit einer bevorzugten Zusammensetzung und funktionalen Merkmalen. <\/li><li><b>Kopieren Sie den individuellen Code, um das Plugin zu installieren<\/b><br> Nachdem Sie Ihr Plugin erstellt haben, erhalten Sie den eindeutigen Code aus dem angezeigten Fenster auf Elfsight Apps. Kopieren Sie es zur weiteren Verwendung. <\/li> <li><b> Das Plugin auf Ihrer iFrame-Site<\/b><br> W\u00e4hlen Sie den Bereich aus, in dem Sie das Plugin anzeigen m\u00f6chten, und f\u00fcgen Sie den kopierten Code dort ein. Speichern Sie die \u00c4nderungen. <\/li> <li><b>Fertig!<\/b><br> Gehen Sie zur Webseite, um einen Blick auf Ihren Timer zu werfen. <\/li> <\/ol><p>Haben Sie Schwierigkeiten bei der Durchf\u00fchrung des Leitfadens? Senden Sie eine Nachricht an das Elfsight-Supportcenter oder sehen Sie sich die detaillierte Variante des Handbuchs an, um das Problem selbst zu beheben.<\/p><div class=\"faq\" data-component=\"FAQ\"> <div class=\"faq-item\">\r\n\t\t\t\t\t<div class=\"faq-item-question\">\r\n\t\t\t\t\t\t<h3 class=\"faq-item-question-text\">Wie f\u00fcge ich ohne Programmierkenntnisse einen Countdown-Timer zu meiner iFrame-Website hinzu?<\/h3>\r\n\r\n\t\t\t\t\t\t<div class=\"faq-item-question-icon\"><\/div>\r\n\t\t\t\t\t<\/div>\r\n\r\n\t\t\t\t\t<div class=\"faq-item-answer\">\r\n\t\t\t\t\t\t<div class=\"faq-item-answer-text\"> <p>Elfsight bietet eine SaaS-L\u00f6sung, mit der Sie selbst ein Countdown-Timer-Widget erstellen k\u00f6nnen. Sehen Sie, wie einfach der Vorgang ist: Arbeiten Sie direkt im Online-Editor, um ein Countdown-Timer-Widget zu erstellen, das Sie gerne auf Ihrer iFrame-Website sehen w\u00fcrden. W\u00e4hlen Sie eine der vorgefertigten Vorlagen aus und passen Sie die Countdown-Timer-Einstellungen an, f\u00fcgen Sie Ihre Inhalte hinzu, \u00e4ndern Sie das Layout und das Farbschema ohne Programmierkenntnisse. Speichern Sie den Countdown-Timer und kopieren Sie seinen Installationscode, damit Sie ihn problemlos zu Ihrer iFrame-Website hinzuf\u00fcgen k\u00f6nnen, ohne einen kostenpflichtigen Plan kaufen zu m\u00fcssen. Mit unserem intuitiven Editor kann jeder Internetnutzer online ein Countdown-Timer-Widget erstellen und es einfach in seine iFrame-Website einbetten. Sie m\u00fcssen weder bezahlen noch Ihre Kartendaten eingeben, um auf den Service zuzugreifen. Sollten bei irgendeinem Schritt Probleme auftreten, wenden Sie sich bitte an unser technisches Support-Team.<\/p> <\/div>\r\n\t\t\t\t\t<\/div>\r\n\t\t\t\t<\/div> <\/div> <\/div>","protected":false},"excerpt":{"rendered":"","protected":false},"author":9,"featured_media":0,"parent":578,"menu_order":0,"comment_status":"closed","ping_status":"closed","template":"templates\/template-application-platform.php","meta":{"publish_to_discourse":"","publish_post_category":"","wpdc_auto_publish_overridden":"","wpdc_topic_tags":"","wpdc_pin_topic":"","wpdc_pin_until":"","discourse_post_id":"","discourse_permalink":"","wpdc_publishing_response":"","wpdc_publishing_error":"","footnotes":""},"class_list":["post-17001","page","type-page","status-publish","hentry"],"yoast_head":"<!-- This site is optimized with the Yoast SEO plugin v25.3.1 - https:\/\/yoast.com\/wordpress\/plugins\/seo\/ -->\n<title>iFrame Countdown Timer-Plugin f\u00fcr Ihre Website (kostenlos und schnell)<\/title>\n<meta name=\"description\" content=\"Entwerfen Sie mit Elfsight Ihr Countdown-Timer-Plugin und f\u00fcgen Sie es ganz einfach auf der iFrame-Website ein. Wir bieten kostenlosen Kundensupport und weitere Boni.\" \/>\n<meta name=\"robots\" content=\"index, follow, max-snippet:-1, max-image-preview:large, max-video-preview:-1\" \/>\n<link rel=\"canonical\" href=\"https:\/\/elfsight.com\/de\/countdown-timer-widget\/iframe\/\" \/>\n<meta property=\"og:locale\" content=\"de_DE\" \/>\n<meta property=\"og:type\" content=\"article\" \/>\n<meta property=\"og:title\" content=\"iFrame Countdown Timer-Plugin f\u00fcr Ihre Website (kostenlos und schnell)\" \/>\n<meta property=\"og:description\" content=\"Entwerfen Sie mit Elfsight Ihr Countdown-Timer-Plugin und f\u00fcgen Sie es ganz einfach auf der iFrame-Website ein. Wir bieten kostenlosen Kundensupport und weitere Boni.\" \/>\n<meta property=\"og:url\" content=\"https:\/\/elfsight.com\/de\/countdown-timer-widget\/iframe\/\" \/>\n<meta property=\"og:site_name\" content=\"Elfsight DE\" \/>\n<meta property=\"article:modified_time\" content=\"2025-07-08T10:32:45+00:00\" \/>\n<meta name=\"twitter:card\" content=\"summary_large_image\" \/>\n<meta name=\"twitter:label1\" content=\"Gesch\u00e4tzte Lesezeit\" \/>\n\t<meta name=\"twitter:data1\" content=\"3\u00a0Minuten\" \/>\n<!-- \/ Yoast SEO plugin. -->","yoast_head_json":{"title":"iFrame Countdown Timer-Plugin f\u00fcr Ihre Website (kostenlos und schnell)","description":"Entwerfen Sie mit Elfsight Ihr Countdown-Timer-Plugin und f\u00fcgen Sie es ganz einfach auf der iFrame-Website ein. Wir bieten kostenlosen Kundensupport und weitere Boni.","robots":{"index":"index","follow":"follow","max-snippet":"max-snippet:-1","max-image-preview":"max-image-preview:large","max-video-preview":"max-video-preview:-1"},"canonical":"https:\/\/elfsight.com\/de\/countdown-timer-widget\/iframe\/","og_locale":"de_DE","og_type":"article","og_title":"iFrame Countdown Timer-Plugin f\u00fcr Ihre Website (kostenlos und schnell)","og_description":"Entwerfen Sie mit Elfsight Ihr Countdown-Timer-Plugin und f\u00fcgen Sie es ganz einfach auf der iFrame-Website ein. Wir bieten kostenlosen Kundensupport und weitere Boni.","og_url":"https:\/\/elfsight.com\/de\/countdown-timer-widget\/iframe\/","og_site_name":"Elfsight DE","article_modified_time":"2025-07-08T10:32:45+00:00","twitter_card":"summary_large_image","twitter_misc":{"Gesch\u00e4tzte Lesezeit":"3\u00a0Minuten"},"schema":{"@context":"https:\/\/schema.org","@graph":[{"@type":"WebPage","@id":"https:\/\/elfsight.com\/de\/countdown-timer-widget\/iframe\/","url":"https:\/\/elfsight.com\/de\/countdown-timer-widget\/iframe\/","name":"iFrame Countdown Timer-Plugin f\u00fcr Ihre Website (kostenlos und schnell)","isPartOf":{"@id":"https:\/\/elfsight.com\/de\/#website"},"datePublished":"2024-05-03T06:34:04+00:00","dateModified":"2025-07-08T10:32:45+00:00","description":"Entwerfen Sie mit Elfsight Ihr Countdown-Timer-Plugin und f\u00fcgen Sie es ganz einfach auf der iFrame-Website ein. Wir bieten kostenlosen Kundensupport und weitere Boni.","breadcrumb":{"@id":"https:\/\/elfsight.com\/de\/countdown-timer-widget\/iframe\/#breadcrumb"},"inLanguage":"de","potentialAction":[{"@type":"ReadAction","target":["https:\/\/elfsight.com\/de\/countdown-timer-widget\/iframe\/"]}]},{"@type":"BreadcrumbList","@id":"https:\/\/elfsight.com\/de\/countdown-timer-widget\/iframe\/#breadcrumb","itemListElement":[{"@type":"ListItem","position":1,"name":"Home","item":"https:\/\/elfsight.com\/de\/"},{"@type":"ListItem","position":2,"name":"Countdown Timer","item":"https:\/\/elfsight.com\/de\/countdown-timer-widget\/"},{"@type":"ListItem","position":3,"name":"Countdown Timer &#8211; iFrame"}]},{"@type":"WebSite","@id":"https:\/\/elfsight.com\/de\/#website","url":"https:\/\/elfsight.com\/de\/","name":"Elfsight DE","description":"Just another Elfsight Sites site","potentialAction":[{"@type":"SearchAction","target":{"@type":"EntryPoint","urlTemplate":"https:\/\/elfsight.com\/de\/?s={search_term_string}"},"query-input":{"@type":"PropertyValueSpecification","valueRequired":true,"valueName":"search_term_string"}}],"inLanguage":"de"}]}},"meta_box":{"industry":"","seo_heading":"","heading":"","description":"","cta_heading":"","cta_description":"","application":"474","h1":"iFrame-Countdown-Timer-Plugin","h1_caption":"Richten Sie einen Countdown f\u00fcr wichtige Ereignisse oder Werbeaktionen ein, um Ihren Besuchern auf Ihrer iFrame-Website m\u00fchelos ein Gef\u00fchl der Dringlichkeit zu vermitteln.","application_category":[],"applications_title":"","applications_request_title":"","applications_request_button_text":"","hero_text":"","hero_video":"","hero_video_schema_markup":"","selling_points_title":"","selling_points_caption":"","selling_points":[],"selling_points_cta_text":"","features_title":"","features":"","ed_cta_examples_text":"","ed_cta_examples_hidden":"","ed_cta_demo_text":"","ed_cta_demo_hidden":"","why_caption":"","why_editor_title":"","why_editor_text":"","why_team_title":"","why_team_text":"","why_service_title":"","why_service_text":"","template_catalog_visible":"","template_catalog_title":"","template_catalog_text":"","template_catalog_categories_visible":"","demo_title":"Erstellen Sie Ihr Countdown-Timer-Widget","demo_caption":"Konfigurieren Sie Ihren Countdown-Timer und f\u00fcgen Sie ihn kostenlos zu Ihrer iFrame-Website hinzu!","default_faq_hidden":"","app_template_category":[],"platform":"240","template_public_id":"","codecanyon_url":"","codecanyon_item_id":"","codecanyon_price":"","pricing_caption":"","pricing_elfsight_apps_hide_column":"","pricing_elfsight_apps_url":"","pricing_codecanyon_price_caption":"","integration_category":[],"integration_request_title":"","integration_request_cta":"","integration_platform":"","integrations":[],"platform_category":[],"video_schema_markup":"","price":"ab 0 $ \/ Monat","trial":"","benefits":[{"text":"Kostenloser Installationsservice"},{"text":"Premium-Support"},{"text":"14-t\u00e4gige Geld-zur\u00fcck-Garantie"},{"text":"Kontinuierliche kostenlose Updates"}],"button_url":"#demo","button_target_blank":"","button_nofollow":"","attributes":[{"name":"Installiert","content":"100,000 - 500,000"},{"name":"Reaktionsfreudig","content":"Ja"},{"name":"Kompatible Browser","content":"IE11, Firefox, Safari, Opera, Chrome, Edge"}],"tags":[],"tags_disable_links":"","hide_more_platforms":"","video_object":"","demo_hide_cta":"","demo_hide_cloud_options":"","pricing_title":"","pricing":[{"pricing_icon":"platform","pricing_title":"Elfsight Apps","pricing_title_caption":"Plattform\u00fcbergreifende Version, die auf jeder Website funktioniert","pricing_price":"ab 0 $ \/ Monat","pricing_price_caption":"Beginnen Sie mit einem kostenlosen Plan","pricing_benefits":[{"text":"Unbegrenzte Websites"},{"text":"Premium-Support"},{"text":"Kostenloser Installationsservice"},{"text":"Sonderangebot f\u00fcr mehrere Apps"}],"pricing_button_text":"Zur Website hinzuf\u00fcgen","pricing_button_url":"#demo"}],"related_apps_title":"","related_apps_hidden":"","author":"","image":[],"title":"","job":"","social_networks":[]},"_links":{"self":[{"href":"https:\/\/elfsight.com\/de\/wp-json\/wp\/v2\/pages\/17001","targetHints":{"allow":["GET"]}}],"collection":[{"href":"https:\/\/elfsight.com\/de\/wp-json\/wp\/v2\/pages"}],"about":[{"href":"https:\/\/elfsight.com\/de\/wp-json\/wp\/v2\/types\/page"}],"author":[{"embeddable":true,"href":"https:\/\/elfsight.com\/de\/wp-json\/wp\/v2\/users\/9"}],"replies":[{"embeddable":true,"href":"https:\/\/elfsight.com\/de\/wp-json\/wp\/v2\/comments?post=17001"}],"version-history":[{"count":1,"href":"https:\/\/elfsight.com\/de\/wp-json\/wp\/v2\/pages\/17001\/revisions"}],"predecessor-version":[{"id":17005,"href":"https:\/\/elfsight.com\/de\/wp-json\/wp\/v2\/pages\/17001\/revisions\/17005"}],"up":[{"embeddable":true,"href":"https:\/\/elfsight.com\/de\/wp-json\/wp\/v2\/pages\/578"}],"wp:attachment":[{"href":"https:\/\/elfsight.com\/de\/wp-json\/wp\/v2\/media?parent=17001"}],"curies":[{"name":"wp","href":"https:\/\/api.w.org\/{rel}","templated":true}]}}