{"id":17000,"date":"2024-05-03T06:34:03","date_gmt":"2024-05-03T06:34:03","guid":{"rendered":"https:\/\/elfsight.com\/de\/?page_id=17000"},"modified":"2025-07-08T10:32:38","modified_gmt":"2025-07-08T10:32:38","slug":"facebook","status":"publish","type":"page","link":"https:\/\/elfsight.com\/de\/countdown-timer-widget\/facebook\/","title":{"rendered":"Countdown Timer &#8211; Facebook Page"},"content":{"rendered":"<div class=\"application-platform-content-item-description application-platform-content-item\" id=\"description\" data-nav-section=\"description\"><h2>Beschreibung<\/h2><p>Bereiten Sie die Durchf\u00fchrung eines Verkaufs oder die Ausrichtung einer Veranstaltung vor? Dann ist der Live-Countdown-Timer das perfekte Tool, um daf\u00fcr zu werben, und Facebook \u2013 die ideale Plattform, um ein breiteres Publikum zu erreichen.<\/p> <p>Ein Gef\u00fchl der Dringlichkeit und Vorfreude zu erzeugen ist f\u00fcr jede Gesch\u00e4ftsveranstaltung oder Werbeaktivit\u00e4t von entscheidender Bedeutung. Eine visuelle Komponente ist entscheidend, um das Publikum zu erreichen und die notwendigen Sinne zu vermitteln. Und soziale Medien sind wahrscheinlich einer der effektivsten Kan\u00e4le, um Informationen zu verbreiten. Ein animierter Countdown auf Ihrer Facebook-Seite w\u00e4re ein perfektes Tool, um mehr Menschen anzulocken und Begeisterung f\u00fcr Ihre Angebote, zeitlich begrenzten Werbeaktionen oder Veranstaltungen zu wecken.<\/p><p>Wenn Sie nicht zu viel in die Uhr-App investieren m\u00f6chten Entwicklung, m\u00f6chten aber einen Timer mit individuellem Design haben, probieren Sie die beste Countdown-App f\u00fcr Facebook-Seite von Elfsight aus. Damit k\u00f6nnen Sie alle m\u00f6glichen Arten von Z\u00e4hlungen und Timern auf schmerzlose, schnelle und reibungslose Weise erstellen. Diese eignen sich f\u00fcr jeden Anwendungsfall \u2013 sei es f\u00fcr gesch\u00e4ftliche, kreative oder gemeinn\u00fctzige Zwecke. Sie ermutigen Benutzer, innerhalb weniger Stunden, Tage oder Wochen vor Ablauf des angegebenen Zeitraums Eink\u00e4ufe zu t\u00e4tigen, ein physisches Gesch\u00e4ft zu besuchen oder eine Veranstaltung zu besuchen.<\/p><p>Theken mit Artikeln, die noch vorr\u00e4tig sind, rufen ein Gef\u00fchl von Mangel und Konkurrenz hervor unter dem Publikum, also beeilten sie sich, etwas Exklusives und Limitiertes zu bestellen. Dieser Trick wird von den gr\u00f6\u00dften E-Commerce-H\u00e4ndlern verwendet, was seine Wirksamkeit beweist.<\/p><p>Der Sale-Countdown dr\u00e4ngt Besucher dazu, einen Kauf zu t\u00e4tigen, bevor die Aktionsdauer abgelaufen ist und sie ein tolles Angebot verpassen. Ein pers\u00f6nlicher Timer zeigt f\u00fcr jeden Besucher einen Countdown mit einem individuellen Angebot an, der in der Regel nicht l\u00e4nger als 1 Stunde dauert. Dadurch werden K\u00e4ufer dazu angeregt, einen pers\u00f6nlichen Rabatt sofort bis zum Ende zu nutzen.<\/p><p>Countdown-Banner mit Feiertagsthema, die bei festlichen Veranstaltungen niedrige Preise anbieten, werden durch ein einzigartiges, zum Anlass passendes Design Aufmerksamkeit erregen. K\u00e4ufer erwarten diese Verk\u00e4ufe normalerweise, daher sollten Sie sie anschaulicher gestalten und im Voraus ank\u00fcndigen. Der Online-Editor der Elfsight App bietet eine Sammlung spezieller Countdown-Vorlagen f\u00fcr die Durchf\u00fchrung von Werbeaktionen und Veranstaltungen an allen beliebten Feiertagen. W\u00e4hlen Sie einfach eine geeignete Vorlage aus und legen Sie Ihren Zeitraum fest.<\/p><p><b>Steigern Sie die Einkaufsbegeisterung und motivieren Sie Ihre Kunden mit zeitgebundenen Angeboten, mehr einzukaufen.<\/b><\/p><\/div><div class=\"application-platform-content-item-features application-platform-content-item\" id=\"features\" data-nav-section=\"features\"><h2>Funktionen<\/h2><p> Die wichtigsten Vorteile der Elfsight Countdown-App, die sie zur perfekten M\u00f6glichkeit f\u00fcr die Integration des Timers oder der Uhr in die Facebook-Seite machen: <\/p><ul><li>W\u00e4hlen Sie einen der drei m\u00f6glichen Countdown-Timer-Typen: Start-bis-Ende, Uhr mit verbleibender Zeit pro Besucher, Anzahl der Start-bis-Ziel-Countdowns;<\/li><li>Schreiben Sie Ihre eigene individuelle Nachricht mit einem Anruf an Aktion;<\/li><li>Der gesamte Text des Widgets kann so formatiert werden, dass er zum Gesamtdesign der Website passt;<\/li><li>Erstellen Sie Timer mit vier Zeiteinheiten: Tage, Stunden, Minuten, Sekunden;<\/li> <li>F\u00fcgen Sie die Elemente hinzu oder entfernen Sie diejenigen, die Sie nicht ben\u00f6tigen, um das gew\u00fcnschte Aussehen des Timers zu erreichen;<\/li><li>Legen Sie eine benutzerdefinierte Position mit den verf\u00fcgbaren Ausrichtungsvarianten fest: links, rechts, zentriert;<\/li><li>Oder machen Sie es zu einem schwebenden Banner im oberen oder unteren Teil des Bildschirms.<\/li><li>W\u00e4hlen Sie eine der drei Arten von Animationen zum \u00c4ndern von Zahlen.<\/li><\/ul><p><a href=\"#demo\">Weitere Eigenschaften der Countdown-App finden Sie in unserem kostenlosen Editor.<\/a> Sie ist super intuitiv und jeder kann in nur wenigen Sekunden seine eigene App erstellen.<\/p><\/div> <div class=\"application-platform-content-item- Installation application-platform-content-item\" id=\" Installation\" data-nav-section=\" Installation\"><h2>So f\u00fcgen Sie einen Countdown-Timer zum Facebook-Seiten-Tab hinzu<\/h2><p>Ein unkompliziertes Tutorial zum Einrichten einer Uhr-App f\u00fcr eine Facebook-Seite ohne Programmiererfahrung oder Programmierkenntnisse. Die durchschnittliche Zeit, die f\u00fcr die Implementierung dieses Tutorials zur Countdown-Timer-Installation ben\u00f6tigt wird, betr\u00e4gt weniger als 3 Minuten.<\/p><ul><li><b>Generieren Sie Ihre eigene Countdown-Uhr<\/b><br><p>Besuchen Sie unsere Website Konfigurator zum Erstellen Ihres Uhr-Widgets. Zun\u00e4chst m\u00fcssen Sie eine geeignete Vorlage ausw\u00e4hlen. Denken Sie daran, dass es nur ein Layout gibt und alles andere ge\u00e4ndert werden kann, um eine App mit einer bevorzugten Benutzeroberfl\u00e4che und Funktionen zu erhalten.<\/p><p>Dann haben Sie drei Registerkarten im Editor: Timer, Schaltfl\u00e4che und Aussehen. Jede Registerkarte enth\u00e4lt eine Liste von Einstellungen, die Sie nach Ihren W\u00fcnschen anpassen k\u00f6nnen, um ein optimales Ergebnis zu erzielen.<\/p><\/li><li><b>Erwerben Sie den individuellen Code, um die Countdown-Uhr einzubetten<\/b><br> Nachdem Sie Ihr Widget erstellt haben, klicken Sie auf die Schaltfl\u00e4che \u201eZur Website hinzuf\u00fcgen\u201c. Sie erhalten Ihren pers\u00f6nlichen Code in der erscheinenden Benachrichtigung auf Elfsight Apps. Kopieren Sie diesen Code.<\/li><li><b>Bringen Sie das Widget auf die Facebook-Seite<\/b><br> Hier m\u00fcssen Sie zun\u00e4chst einen benutzerdefinierten Tab auf Ihrer Facebook-Unternehmensseite erstellen, um dort Ihre Countdown-App hinzuzuf\u00fcgen. F\u00fcgen Sie den Code, den Sie bei elfsight apps kopiert haben, in die Registerkarte ein. Wenn Sie Probleme haben, lesen Sie einfach unseren Leitfaden unter <a href=\"https:\/\/elfsight.com\/blog\/how-to-add-custom-tab-to-facebook-page\/\" target=\"_blank\" rel=\"\u201enoopener noopener\">einen benutzerdefinierten Facebook-Tab erstellen<\/a>, da dies eine knifflige Aufgabe sein k\u00f6nnte.<\/li><li><b>Herzlichen Gl\u00fcckwunsch! Sie haben das Widget gerade eingebettet! <\/b><br>Sehen Sie sich Ihre Facebook-Seite an, um zu sehen, wie Ihr Widget funktioniert.<\/li><\/ul><p>Haben Sie Schwierigkeiten beim Erstellen, Anpassen oder Anzeigen des Countdown-Widgets auf einer Seite? Kontaktieren Sie unser Support-Team.<\/p><p>Wir bieten au\u00dferdem eine flexible Preispolitik, mit der Sie den Countdown auf Ihrer Facebook-Business-Seite kostenlos erstellen und testen k\u00f6nnen. Dar\u00fcber hinaus k\u00f6nnen Sie einen Preisplan entsprechend dem Traffic, den Sie auf der Seite erhalten, ausw\u00e4hlen und monatlich daf\u00fcr bezahlen \u2013 wenn Sie eine einmalige Veranstaltung oder Werbeaktion planen, oder Sie k\u00f6nnen ein Jahresabonnement abschlie\u00dfen, wenn Sie das ganze Jahr \u00fcber regelm\u00e4\u00dfig Verk\u00e4ufe durchf\u00fchren Jahr.<\/p><div class=\"faq\" data-component=\"FAQ\"> <div class=\"faq-item\">\r\n\t\t\t\t\t<div class=\"faq-item-question\">\r\n\t\t\t\t\t\t<h3 class=\"faq-item-question-text\">Wie kann ich ohne Programmierkenntnisse einen Countdown-Timer zu meiner Facebook-Seite hinzuf\u00fcgen?<\/h3>\r\n\r\n\t\t\t\t\t\t<div class=\"faq-item-question-icon\"><\/div>\r\n\t\t\t\t\t<\/div>\r\n\r\n\t\t\t\t\t<div class=\"faq-item-answer\">\r\n\t\t\t\t\t\t<div class=\"faq-item-answer-text\"> <p>Elfsight bietet eine SaaS-L\u00f6sung, mit der Sie selbst ein Countdown-Timer-Widget erstellen k\u00f6nnen. Sehen Sie, wie einfach der Vorgang ist: Erstellen Sie direkt im Online-Editor ein Countdown-Timer-Widget, das Sie gerne auf Ihrer Facebook-Seiten-Website sehen w\u00fcrden. W\u00e4hlen Sie eine der vorgefertigten Vorlagen aus und passen Sie die Countdown-Timer-Einstellungen an, f\u00fcgen Sie Ihre Inhalte hinzu, \u00e4ndern Sie das Layout und das Farbschema ohne Programmierkenntnisse. Speichern Sie den Countdown-Timer und kopieren Sie seinen Installationscode, den Sie m\u00fchelos in Ihre Facebook-Seiten-Website einbetten k\u00f6nnen, ohne ein kostenpflichtiges Abonnement kaufen zu m\u00fcssen. Mit unserem intuitiven Editor kann jeder Internetnutzer online ein Countdown-Timer-Widget erstellen und es einfach in seine Facebook-Seite einbetten. Sie m\u00fcssen weder bezahlen noch Ihre Kartendaten eingeben, um auf den Service zuzugreifen. Sollten bei irgendeinem Schritt Probleme auftreten, wenden Sie sich bitte an unser technisches Support-Team.<\/p> <\/div>\r\n\t\t\t\t\t<\/div>\r\n\t\t\t\t<\/div> <\/div> <\/div>","protected":false},"excerpt":{"rendered":"","protected":false},"author":9,"featured_media":0,"parent":578,"menu_order":0,"comment_status":"closed","ping_status":"closed","template":"templates\/template-application-platform.php","meta":{"publish_to_discourse":"","publish_post_category":"","wpdc_auto_publish_overridden":"","wpdc_topic_tags":"","wpdc_pin_topic":"","wpdc_pin_until":"","discourse_post_id":"","discourse_permalink":"","wpdc_publishing_response":"","wpdc_publishing_error":"","footnotes":""},"class_list":["post-17000","page","type-page","status-publish","hentry"],"yoast_head":"<!-- This site is optimized with the Yoast SEO plugin v25.3.1 - https:\/\/yoast.com\/wordpress\/plugins\/seo\/ -->\n<title>Countdown-Timer oder Uhr-Widget zur Facebook-Seite hinzuf\u00fcgen (2026)<\/title>\n<meta name=\"description\" content=\"Erstellen Sie in nur einer Minute einen Countdown-Timer oder ein Uhr-Widget f\u00fcr Ihre Facebook-Seite! Probieren Sie das kostenlose Panel von Elfsight aus, um Ihre eigene Countdown-Uhr zu erstellen.\" \/>\n<meta name=\"robots\" content=\"index, follow, max-snippet:-1, max-image-preview:large, max-video-preview:-1\" \/>\n<link rel=\"canonical\" href=\"https:\/\/elfsight.com\/de\/countdown-timer-widget\/facebook\/\" \/>\n<meta property=\"og:locale\" content=\"de_DE\" \/>\n<meta property=\"og:type\" content=\"article\" \/>\n<meta property=\"og:title\" content=\"Countdown-Timer oder Uhr-Widget zur Facebook-Seite hinzuf\u00fcgen (2026)\" \/>\n<meta property=\"og:description\" content=\"Erstellen Sie in nur einer Minute einen Countdown-Timer oder ein Uhr-Widget f\u00fcr Ihre Facebook-Seite! Probieren Sie das kostenlose Panel von Elfsight aus, um Ihre eigene Countdown-Uhr zu erstellen.\" \/>\n<meta property=\"og:url\" content=\"https:\/\/elfsight.com\/de\/countdown-timer-widget\/facebook\/\" \/>\n<meta property=\"og:site_name\" content=\"Elfsight DE\" \/>\n<meta property=\"article:modified_time\" content=\"2025-07-08T10:32:38+00:00\" \/>\n<meta name=\"twitter:card\" content=\"summary_large_image\" \/>\n<meta name=\"twitter:label1\" content=\"Gesch\u00e4tzte Lesezeit\" \/>\n\t<meta name=\"twitter:data1\" content=\"6\u00a0Minuten\" \/>\n<!-- \/ Yoast SEO plugin. -->","yoast_head_json":{"title":"Countdown-Timer oder Uhr-Widget zur Facebook-Seite hinzuf\u00fcgen (2026)","description":"Erstellen Sie in nur einer Minute einen Countdown-Timer oder ein Uhr-Widget f\u00fcr Ihre Facebook-Seite! Probieren Sie das kostenlose Panel von Elfsight aus, um Ihre eigene Countdown-Uhr zu erstellen.","robots":{"index":"index","follow":"follow","max-snippet":"max-snippet:-1","max-image-preview":"max-image-preview:large","max-video-preview":"max-video-preview:-1"},"canonical":"https:\/\/elfsight.com\/de\/countdown-timer-widget\/facebook\/","og_locale":"de_DE","og_type":"article","og_title":"Countdown-Timer oder Uhr-Widget zur Facebook-Seite hinzuf\u00fcgen (2026)","og_description":"Erstellen Sie in nur einer Minute einen Countdown-Timer oder ein Uhr-Widget f\u00fcr Ihre Facebook-Seite! Probieren Sie das kostenlose Panel von Elfsight aus, um Ihre eigene Countdown-Uhr zu erstellen.","og_url":"https:\/\/elfsight.com\/de\/countdown-timer-widget\/facebook\/","og_site_name":"Elfsight DE","article_modified_time":"2025-07-08T10:32:38+00:00","twitter_card":"summary_large_image","twitter_misc":{"Gesch\u00e4tzte Lesezeit":"6\u00a0Minuten"},"schema":{"@context":"https:\/\/schema.org","@graph":[{"@type":"WebPage","@id":"https:\/\/elfsight.com\/de\/countdown-timer-widget\/facebook\/","url":"https:\/\/elfsight.com\/de\/countdown-timer-widget\/facebook\/","name":"Countdown-Timer oder Uhr-Widget zur Facebook-Seite hinzuf\u00fcgen (2026)","isPartOf":{"@id":"https:\/\/elfsight.com\/de\/#website"},"datePublished":"2024-05-03T06:34:03+00:00","dateModified":"2025-07-08T10:32:38+00:00","description":"Erstellen Sie in nur einer Minute einen Countdown-Timer oder ein Uhr-Widget f\u00fcr Ihre Facebook-Seite! Probieren Sie das kostenlose Panel von Elfsight aus, um Ihre eigene Countdown-Uhr zu erstellen.","breadcrumb":{"@id":"https:\/\/elfsight.com\/de\/countdown-timer-widget\/facebook\/#breadcrumb"},"inLanguage":"de","potentialAction":[{"@type":"ReadAction","target":["https:\/\/elfsight.com\/de\/countdown-timer-widget\/facebook\/"]}]},{"@type":"BreadcrumbList","@id":"https:\/\/elfsight.com\/de\/countdown-timer-widget\/facebook\/#breadcrumb","itemListElement":[{"@type":"ListItem","position":1,"name":"Home","item":"https:\/\/elfsight.com\/de\/"},{"@type":"ListItem","position":2,"name":"Countdown Timer","item":"https:\/\/elfsight.com\/de\/countdown-timer-widget\/"},{"@type":"ListItem","position":3,"name":"Countdown Timer &#8211; Facebook Page"}]},{"@type":"WebSite","@id":"https:\/\/elfsight.com\/de\/#website","url":"https:\/\/elfsight.com\/de\/","name":"Elfsight DE","description":"Just another Elfsight Sites site","potentialAction":[{"@type":"SearchAction","target":{"@type":"EntryPoint","urlTemplate":"https:\/\/elfsight.com\/de\/?s={search_term_string}"},"query-input":{"@type":"PropertyValueSpecification","valueRequired":true,"valueName":"search_term_string"}}],"inLanguage":"de"}]}},"meta_box":{"industry":"","seo_heading":"","heading":"","description":"","cta_heading":"","cta_description":"","application":"474","h1":"Countdown-Timer-Widget f\u00fcr Facebook-Seite","h1_caption":"Richten Sie einen Countdown f\u00fcr wichtige Ereignisse oder Werbeaktionen ein, um Ihren Besuchern auf Ihrer Facebook-Seite m\u00fchelos ein Gef\u00fchl der Dringlichkeit zu vermitteln.","application_category":[],"applications_title":"","applications_request_title":"","applications_request_button_text":"","hero_text":"","hero_video":"","hero_video_schema_markup":"","selling_points_title":"","selling_points_caption":"","selling_points":[],"selling_points_cta_text":"","features_title":"","features":"","ed_cta_examples_text":"","ed_cta_examples_hidden":"","ed_cta_demo_text":"","ed_cta_demo_hidden":"","why_caption":"","why_editor_title":"","why_editor_text":"","why_team_title":"","why_team_text":"","why_service_title":"","why_service_text":"","template_catalog_visible":"","template_catalog_title":"","template_catalog_text":"","template_catalog_categories_visible":"","demo_title":"Erstellen Sie Ihr Countdown-Timer-Widget","demo_caption":"Konfigurieren Sie Ihren Countdown-Timer und f\u00fcgen Sie ihn kostenlos Ihrer Facebook-Seite hinzu!","default_faq_hidden":"","app_template_category":[],"platform":"216","template_public_id":"","codecanyon_url":"","codecanyon_item_id":"","codecanyon_price":"","pricing_caption":"","pricing_elfsight_apps_hide_column":"","pricing_elfsight_apps_url":"","pricing_codecanyon_price_caption":"","integration_category":[],"integration_request_title":"","integration_request_cta":"","integration_platform":"","integrations":[],"platform_category":[],"video_schema_markup":"","price":"ab 0 $ \/ Monat","trial":"","benefits":[{"text":"Kostenlose Installationsunterst\u00fctzung"},{"text":"Professioneller Kundenservice"},{"text":"14-t\u00e4gige R\u00fcckerstattungsgarantie"},{"text":"St\u00e4ndige Aktualisierung"}],"button_url":"#demo","button_target_blank":"","button_nofollow":"","attributes":[{"name":"Installiert","content":"100,000 - 500,000"},{"name":"Reaktionsfreudig","content":"Ja"},{"name":"Kompatible Browser","content":"Edge, Firefox, Chrome, Safari, Opera"}],"tags":[],"tags_disable_links":"","hide_more_platforms":"","video_object":"","demo_hide_cta":"","demo_hide_cloud_options":"","pricing_title":"","pricing":[{"pricing_icon":"platform","pricing_title":"Elfsight Apps","pricing_title_caption":"Multiplattform-Software","pricing_price":"ab 0 $ \/ Monat","pricing_price_caption":"Beginnen Sie mit einem kostenlosen Plan","pricing_benefits":[{"text":"Unbegrenzte Websites"},{"text":"Kostenloser Support"},{"text":"Kostenlose Installationsunterst\u00fctzung"},{"text":"100 % anpassbar"}],"pricing_button_text":"Zur Website hinzuf\u00fcgen","pricing_button_url":"#demo"}],"related_apps_title":"","related_apps_hidden":"","author":"","image":[],"title":"","job":"","social_networks":[]},"_links":{"self":[{"href":"https:\/\/elfsight.com\/de\/wp-json\/wp\/v2\/pages\/17000","targetHints":{"allow":["GET"]}}],"collection":[{"href":"https:\/\/elfsight.com\/de\/wp-json\/wp\/v2\/pages"}],"about":[{"href":"https:\/\/elfsight.com\/de\/wp-json\/wp\/v2\/types\/page"}],"author":[{"embeddable":true,"href":"https:\/\/elfsight.com\/de\/wp-json\/wp\/v2\/users\/9"}],"replies":[{"embeddable":true,"href":"https:\/\/elfsight.com\/de\/wp-json\/wp\/v2\/comments?post=17000"}],"version-history":[{"count":1,"href":"https:\/\/elfsight.com\/de\/wp-json\/wp\/v2\/pages\/17000\/revisions"}],"predecessor-version":[{"id":17004,"href":"https:\/\/elfsight.com\/de\/wp-json\/wp\/v2\/pages\/17000\/revisions\/17004"}],"up":[{"embeddable":true,"href":"https:\/\/elfsight.com\/de\/wp-json\/wp\/v2\/pages\/578"}],"wp:attachment":[{"href":"https:\/\/elfsight.com\/de\/wp-json\/wp\/v2\/media?parent=17000"}],"curies":[{"name":"wp","href":"https:\/\/api.w.org\/{rel}","templated":true}]}}