{"id":16999,"date":"2024-05-03T06:34:02","date_gmt":"2024-05-03T06:34:02","guid":{"rendered":"https:\/\/elfsight.com\/de\/?page_id=16999"},"modified":"2025-07-08T10:33:36","modified_gmt":"2025-07-08T10:33:36","slug":"woocommerce","status":"publish","type":"page","link":"https:\/\/elfsight.com\/de\/countdown-timer-widget\/woocommerce\/","title":{"rendered":"Countdown Timer &#8211; WooCommerce"},"content":{"rendered":"<div class=\"application-platform-content-item-description application-platform-content-item\" id=\"description\" data-nav-section=\"description\"> <h2>Beschreibung<\/h2><p>Demonstrieren Sie verkaufsf\u00f6rdernde Countdowns f\u00fcr Ihre Website mit der Elfsight Countdown Clock. Sch\u00fcren Sie die Atmosph\u00e4re und erzeugen Sie ein Gef\u00fchl der Knappheit Ihrer Waren, indem Sie direkt vor den Augen der Nutzer zeigen, wie schnell diese ausverkauft sind. Mit der Zeit, die bis zum Ende des Sonderangebotszeitraums vergeht, erh\u00f6hen Sie den Kaufdruck. Machen Sie mit einem Countdown-Timer auf Ihre zuk\u00fcnftigen Veranstaltungen oder Feiertage aufmerksam und sorgen Sie daf\u00fcr, dass Ihre Kunden sehns\u00fcchtig auf sie warten.<\/p><p><b>Integrieren Sie das Countdown-Uhr-Plugin, um Ihre E-Commerce-H\u00f6hepunkte mit weniger Aufwand zu \u00fcberwinden!<\/b><\/p><\/div> <div class=\"application-platform-content-item-features application-platform-content-item\" id=\"features\" data-nav-section=\"features\"><h2>Zu den zentralen Widget-Funktionen geh\u00f6ren<\/h2><ul><li>Aufw\u00e4rts- und Abw\u00e4rtsz\u00e4hler;<\/li><li>Option zum Anzeigen einer Nachricht davor Timer;<\/li><li>Bearbeitbarer Text der Timer-Endnachricht;<\/li><li>5 Feiertagsthemen f\u00fcr die beliebtesten Anl\u00e4sse;<\/li><li>Option zum Festlegen der Schriftgr\u00f6\u00dfe der Nachricht.<\/li> <\/ul><p><a href=\"#demo\">Was das Widget wert ist, k\u00f6nnen Sie anhand der Demo sehen<\/a><\/p><\/div><div class=\"application-platform-content-item-installation application-platform-content-item\" id=\"installation\" data-nav-section=\"installation\"> <h2>Wie kann ich den Countdown-Timer in meine WooCommerce-Website einbetten?<\/h2><p>F\u00fchren Sie einfach die folgenden Richtlinien aus, um das Tool hinzuzuf\u00fcgen.<\/p><ol><li><b>Verwalten Sie unsere kostenlose Demo und beginnen Sie Erstellen Sie Ihr ma\u00dfgeschneidertes Instrument.<\/b><br>Geben Sie das benutzerdefinierte Layout und die Funktionen des Plugins an und wenden Sie die \u00c4nderungen an.<\/li><li><b>Erhalten Sie Ihren pers\u00f6nlichen Code, der im Fenster von Elfsight Apps angezeigt wird. <\/b><br>Wenn die Einrichtung Ihres Tools abgeschlossen ist, kopieren Sie den exklusiven Code aus dem angezeigten Feld und speichern Sie ihn f\u00fcr einen sp\u00e4teren Zeitpunkt.<\/li><li><b>Verwenden Sie das Countdown-Plugin auf der WooCommerce-Website .<\/b><br>Geben Sie den Code, den Sie k\u00fcrzlich gespeichert haben, in Ihre Homepage ein und \u00fcbernehmen Sie die Verbesserungen.<\/li><li><b>Fertig! Die Einbettung wurde erfolgreich durchgef\u00fchrt.<\/b><br>Besuchen Sie Ihre Webseite, um zu sehen, wie das Plugin funktioniert.<\/li><\/ol><p>Vorbehaltlich der Beantwortung von Fragen oder Problemen k\u00f6nnen Sie dies gerne tun wenden Sie sich bitte an unsere Kundendienstmitarbeiter. Unsere Berater beantworten gerne alle Fragen, die Sie m\u00f6glicherweise mit dem Tool haben.<\/p><\/div><div class=\"faq\" data-component=\"FAQ\"><div class=\"faq-item\">\r\n\t\t\t\t\t<div class=\"faq-item-question\">\r\n\t\t\t\t\t\t<h3 class=\"faq-item-question-text\">Wie f\u00fcge ich einen Countdown hinzu? Timer f\u00fcr WooCommerce?<\/h3>\r\n\r\n\t\t\t\t\t\t<div class=\"faq-item-question-icon\"><\/div>\r\n\t\t\t\t\t<\/div>\r\n\r\n\t\t\t\t\t<div class=\"faq-item-answer\">\r\n\t\t\t\t\t\t<div class=\"faq-item-answer-text\"><p>Die Grundlage des Widgets wird innerhalb des Elfsight-Dienstes erstellt und es ist kein Code erforderlich. Nutzen Sie die Live-Demo, um Ihr pers\u00f6nliches Plugin zu erstellen, den Code zu erhalten und ihn in Ihre Website zu integrieren. <\/p><\/div>\r\n\t\t\t\t\t<\/div>\r\n\t\t\t\t<\/div><div class=\"faq-item\">\r\n\t\t\t\t\t<div class=\"faq-item-question\">\r\n\t\t\t\t\t\t<h3 class=\"faq-item-question-text\">Die besten M\u00f6glichkeiten, die Online-Timer-Integration zu nutzen<\/h3>\r\n\r\n\t\t\t\t\t\t<div class=\"faq-item-question-icon\"><\/div>\r\n\t\t\t\t\t<\/div>\r\n\r\n\t\t\t\t\t<div class=\"faq-item-answer\">\r\n\t\t\t\t\t\t<div class=\"faq-item-answer-text\"><p>Wir haben unz\u00e4hlige Anpassungsm\u00f6glichkeiten: Widgets in voller L\u00e4nge zur Implementierung in die Inhaltszone, schwebende Widgets f\u00fcr Scrollfunktion, Layouts f\u00fcr Fu\u00dfzeile, Kopfzeile und alle m\u00f6glichen vertikalen M\u00f6glichkeiten f\u00fcr Seitenleisten und Men\u00fcs. <\/p><\/div>\r\n\t\t\t\t\t<\/div>\r\n\t\t\t\t<\/div><div class=\"faq-item\">\r\n\t\t\t\t\t<div class=\"faq-item-question\">\r\n\t\t\t\t\t\t<h3 class=\"faq-item-question-text\">Darf ich mit Hilfe des Editors einen Coming Soon- oder Trust Counter erstellen?<\/h3>\r\n\r\n\t\t\t\t\t\t<div class=\"faq-item-question-icon\"><\/div>\r\n\t\t\t\t\t<\/div>\r\n\r\n\t\t\t\t\t<div class=\"faq-item-answer\">\r\n\t\t\t\t\t\t<div class=\"faq-item-answer-text\"><p>Sie k\u00f6nnen die \u00c4nderungen jedes Widgets erstellen. Im Editor stehen zahlreiche Layouts zur Verf\u00fcgung, die alle schnell an Ihre Bed\u00fcrfnisse angepasst werden k\u00f6nnen. <\/p><\/div>\r\n\t\t\t\t\t<\/div>\r\n\t\t\t\t<\/div><\/div>","protected":false},"excerpt":{"rendered":"","protected":false},"author":9,"featured_media":0,"parent":578,"menu_order":0,"comment_status":"closed","ping_status":"closed","template":"templates\/template-application-platform.php","meta":{"publish_to_discourse":"","publish_post_category":"","wpdc_auto_publish_overridden":"","wpdc_topic_tags":"","wpdc_pin_topic":"","wpdc_pin_until":"","discourse_post_id":"","discourse_permalink":"","wpdc_publishing_response":"","wpdc_publishing_error":"","footnotes":""},"class_list":["post-16999","page","type-page","status-publish","hentry"],"yoast_head":"<!-- This site is optimized with the Yoast SEO plugin v25.3.1 - https:\/\/yoast.com\/wordpress\/plugins\/seo\/ -->\n<title>WooCommerce Countdown Timer-Plugin f\u00fcr Ihre Website (2025)<\/title>\n<meta name=\"description\" content=\"Sie k\u00f6nnen das Countdown-Timer- und Clock-Plugin jetzt anpassen und direkt aus der Live-Demo in Ihre WooCommerce-Website einf\u00fcgen.\" \/>\n<meta name=\"robots\" content=\"index, follow, max-snippet:-1, max-image-preview:large, max-video-preview:-1\" \/>\n<link rel=\"canonical\" href=\"https:\/\/elfsight.com\/de\/countdown-timer-widget\/woocommerce\/\" \/>\n<meta property=\"og:locale\" content=\"de_DE\" \/>\n<meta property=\"og:type\" content=\"article\" \/>\n<meta property=\"og:title\" content=\"WooCommerce Countdown Timer-Plugin f\u00fcr Ihre Website (2025)\" \/>\n<meta property=\"og:description\" content=\"Sie k\u00f6nnen das Countdown-Timer- und Clock-Plugin jetzt anpassen und direkt aus der Live-Demo in Ihre WooCommerce-Website einf\u00fcgen.\" \/>\n<meta property=\"og:url\" content=\"https:\/\/elfsight.com\/de\/countdown-timer-widget\/woocommerce\/\" \/>\n<meta property=\"og:site_name\" content=\"Elfsight DE\" \/>\n<meta property=\"article:modified_time\" content=\"2025-07-08T10:33:36+00:00\" \/>\n<meta name=\"twitter:card\" content=\"summary_large_image\" \/>\n<meta name=\"twitter:label1\" content=\"Gesch\u00e4tzte Lesezeit\" \/>\n\t<meta name=\"twitter:data1\" content=\"3\u00a0Minuten\" \/>\n<!-- \/ Yoast SEO plugin. -->","yoast_head_json":{"title":"WooCommerce Countdown Timer-Plugin f\u00fcr Ihre Website (2025)","description":"Sie k\u00f6nnen das Countdown-Timer- und Clock-Plugin jetzt anpassen und direkt aus der Live-Demo in Ihre WooCommerce-Website einf\u00fcgen.","robots":{"index":"index","follow":"follow","max-snippet":"max-snippet:-1","max-image-preview":"max-image-preview:large","max-video-preview":"max-video-preview:-1"},"canonical":"https:\/\/elfsight.com\/de\/countdown-timer-widget\/woocommerce\/","og_locale":"de_DE","og_type":"article","og_title":"WooCommerce Countdown Timer-Plugin f\u00fcr Ihre Website (2025)","og_description":"Sie k\u00f6nnen das Countdown-Timer- und Clock-Plugin jetzt anpassen und direkt aus der Live-Demo in Ihre WooCommerce-Website einf\u00fcgen.","og_url":"https:\/\/elfsight.com\/de\/countdown-timer-widget\/woocommerce\/","og_site_name":"Elfsight DE","article_modified_time":"2025-07-08T10:33:36+00:00","twitter_card":"summary_large_image","twitter_misc":{"Gesch\u00e4tzte Lesezeit":"3\u00a0Minuten"},"schema":{"@context":"https:\/\/schema.org","@graph":[{"@type":"WebPage","@id":"https:\/\/elfsight.com\/de\/countdown-timer-widget\/woocommerce\/","url":"https:\/\/elfsight.com\/de\/countdown-timer-widget\/woocommerce\/","name":"WooCommerce Countdown Timer-Plugin f\u00fcr Ihre Website (2025)","isPartOf":{"@id":"https:\/\/elfsight.com\/de\/#website"},"datePublished":"2024-05-03T06:34:02+00:00","dateModified":"2025-07-08T10:33:36+00:00","description":"Sie k\u00f6nnen das Countdown-Timer- und Clock-Plugin jetzt anpassen und direkt aus der Live-Demo in Ihre WooCommerce-Website einf\u00fcgen.","breadcrumb":{"@id":"https:\/\/elfsight.com\/de\/countdown-timer-widget\/woocommerce\/#breadcrumb"},"inLanguage":"de","potentialAction":[{"@type":"ReadAction","target":["https:\/\/elfsight.com\/de\/countdown-timer-widget\/woocommerce\/"]}]},{"@type":"BreadcrumbList","@id":"https:\/\/elfsight.com\/de\/countdown-timer-widget\/woocommerce\/#breadcrumb","itemListElement":[{"@type":"ListItem","position":1,"name":"Home","item":"https:\/\/elfsight.com\/de\/"},{"@type":"ListItem","position":2,"name":"Countdown Timer","item":"https:\/\/elfsight.com\/de\/countdown-timer-widget\/"},{"@type":"ListItem","position":3,"name":"Countdown Timer &#8211; WooCommerce"}]},{"@type":"WebSite","@id":"https:\/\/elfsight.com\/de\/#website","url":"https:\/\/elfsight.com\/de\/","name":"Elfsight DE","description":"Just another Elfsight Sites site","potentialAction":[{"@type":"SearchAction","target":{"@type":"EntryPoint","urlTemplate":"https:\/\/elfsight.com\/de\/?s={search_term_string}"},"query-input":{"@type":"PropertyValueSpecification","valueRequired":true,"valueName":"search_term_string"}}],"inLanguage":"de"}]}},"meta_box":{"industry":"","seo_heading":"","heading":"","description":"","cta_heading":"","cta_description":"","application":"474","h1":"WooCommerce Countdown-Timer-Plugin","h1_caption":"Schaffen Sie ein Gef\u00fchl der Dringlichkeit und begrenzten Verf\u00fcgbarkeit und steigern Sie die K\u00e4ufe auf Ihrer Website","application_category":[],"applications_title":"","applications_request_title":"","applications_request_button_text":"","hero_text":"","hero_video":"","hero_video_schema_markup":"","selling_points_title":"","selling_points_caption":"","selling_points":[],"selling_points_cta_text":"","features_title":"","features":"","ed_cta_examples_text":"","ed_cta_examples_hidden":"","ed_cta_demo_text":"","ed_cta_demo_hidden":"","why_caption":"","why_editor_title":"","why_editor_text":"","why_team_title":"","why_team_text":"","why_service_title":"","why_service_text":"","template_catalog_visible":"","template_catalog_title":"","template_catalog_text":"","template_catalog_categories_visible":"","demo_title":"Erstellen Sie Ihre Countdown-Timer-App","demo_caption":"Konfigurieren Sie Ihren Countdown-Timer und f\u00fcgen Sie ihn kostenlos zu Ihrer WooCommerce-Website hinzu!","default_faq_hidden":"","app_template_category":[],"platform":"200","template_public_id":"","codecanyon_url":"","codecanyon_item_id":"","codecanyon_price":"","pricing_caption":"","pricing_elfsight_apps_hide_column":"","pricing_elfsight_apps_url":"","pricing_codecanyon_price_caption":"","integration_category":[],"integration_request_title":"","integration_request_cta":"","integration_platform":"","integrations":[],"platform_category":[],"video_schema_markup":"","price":"ab 0 $ \/ Monat","trial":"","benefits":[{"text":"Kostenloser Installationsservice"},{"text":"Kompetenter Kundenservice"},{"text":"14-t\u00e4gige R\u00fcckerstattungsgarantie"},{"text":"St\u00e4ndige Aktualisierung"}],"button_url":"#demo","button_target_blank":"","button_nofollow":"","attributes":[{"name":"Installiert","content":"100,000 - 500,000"},{"name":"Reaktionsfreudig","content":"Ja"},{"name":"Kompatible Browser","content":"Firefox, Safari, Opera, Chrome, Edge"}],"tags":[],"tags_disable_links":"","hide_more_platforms":"","video_object":"","demo_hide_cta":"","demo_hide_cloud_options":"","pricing_title":"","pricing":[{"pricing_icon":"platform","pricing_title":"Elfsight Apps","pricing_title_caption":"Multiplattform-Software, die f\u00fcr jede Website geeignet ist","pricing_price":"ab 0 $ \/ Monat","pricing_price_caption":"Beginnen Sie mit einem kostenlosen Plan","pricing_benefits":[{"text":"Unbegrenzte Domains"},{"text":"Unternehmenssupport rund um die Uhr und gut dokumentiert"},{"text":"Kostenloser Installationsservice"},{"text":"Vollst\u00e4ndig anpassbar"}],"pricing_button_text":"Zur Website hinzuf\u00fcgen","pricing_button_url":"#demo"}],"related_apps_title":"","related_apps_hidden":"","author":"","image":[],"title":"","job":"","social_networks":[]},"_links":{"self":[{"href":"https:\/\/elfsight.com\/de\/wp-json\/wp\/v2\/pages\/16999","targetHints":{"allow":["GET"]}}],"collection":[{"href":"https:\/\/elfsight.com\/de\/wp-json\/wp\/v2\/pages"}],"about":[{"href":"https:\/\/elfsight.com\/de\/wp-json\/wp\/v2\/types\/page"}],"author":[{"embeddable":true,"href":"https:\/\/elfsight.com\/de\/wp-json\/wp\/v2\/users\/9"}],"replies":[{"embeddable":true,"href":"https:\/\/elfsight.com\/de\/wp-json\/wp\/v2\/comments?post=16999"}],"version-history":[{"count":2,"href":"https:\/\/elfsight.com\/de\/wp-json\/wp\/v2\/pages\/16999\/revisions"}],"predecessor-version":[{"id":21456,"href":"https:\/\/elfsight.com\/de\/wp-json\/wp\/v2\/pages\/16999\/revisions\/21456"}],"up":[{"embeddable":true,"href":"https:\/\/elfsight.com\/de\/wp-json\/wp\/v2\/pages\/578"}],"wp:attachment":[{"href":"https:\/\/elfsight.com\/de\/wp-json\/wp\/v2\/media?parent=16999"}],"curies":[{"name":"wp","href":"https:\/\/api.w.org\/{rel}","templated":true}]}}