{"id":16993,"date":"2024-05-03T06:34:00","date_gmt":"2024-05-03T06:34:00","guid":{"rendered":"https:\/\/elfsight.com\/de\/?page_id=16993"},"modified":"2024-12-20T01:12:06","modified_gmt":"2024-12-20T01:12:06","slug":"google-sites","status":"publish","type":"page","link":"https:\/\/elfsight.com\/de\/countdown-timer-widget\/google-sites\/","title":{"rendered":"Countdown Timer &#8211; Google Sites"},"content":{"rendered":"\n<div class=\"application-platform-content-item-description application-platform-content-item\" id=\"description\" data-nav-section=\"description\"> \n<h2>Countdown-Timer auf Google Sites mit dem Elfsight-Widget einbetten<\/h2> \n<p>Verwenden Sie den Elfsight Countdown Clock f\u00fcr Google Sites, um verschiedene Z\u00e4hlungen und Timer zu erstellen, die die Nutzer zum Kauf auf Ihrer Website anregen. Die Bestands- oder Verkaufsz\u00e4hlung erzeugt ein Gef\u00fchl von Mangel und Wettbewerb; der Verkaufs-Countdown motiviert Besucher, jetzt zu kaufen, bevor sie ein tolles Angebot verpassen. Ein pers\u00f6nlicher Countdown wird jeden K\u00e4ufer anregen, ein pers\u00f6nliches Angebot fr\u00fcher zu nutzen; Holiday Sale-Banner werden mit einem auff\u00e4lligen Design die Aufmerksamkeit erregen.<\/p> \n<p><b>Mit dem Countdown-Plugin erzielen Sie eine solide Gesch\u00e4ftsentwicklung und mehr Verk\u00e4ufe.<\/b><\/p> \n<\/div> \n\n<div class=\"application-platform-content-item-features application-platform-content-item\" id=\"features\" data-nav-section=\"features\"> \n<h2>Wir bieten n\u00fctzliche und einfache Funktionen, hier einige davon:<\/h2> \n<ul> \n<li>Drei Timer-Typen: Start-to-Finish, verbleibende Zeit pro Besucher, Start-to-Finish-Z\u00e4hlung;<\/li> \n<li>Bearbeitbarer Nachrichtentext mit Formatierung;<\/li> \n<li>Vier Zeiteinheiten: Tage, Stunden, Minuten, Sekunden;<\/li> \n<li>Auswahlm\u00f6glichkeiten f\u00fcr die benutzerdefinierte Position: Links, Rechts, Zentrum;<\/li> \n<li>Drei Arten der Animation f\u00fcr sich \u00e4ndernde Zahlen.<\/li>\n<\/ul>\n\n<p><a href=\"#demo\">Sie k\u00f6nnen die vollen Funktionen des Widgets im unten stehenden Demo ausprobieren<\/a><\/p> \n<\/div> \n\n<div class=\"application-platform-content-item-installation application-platform-content-item\" id=\"installation\" data-nav-section=\"installation\"> \n<h2>Wie bette ich den Countdown-Timer in meine Google Sites ein?<\/h2> \n<div class=\"video-container\">\n<iframe width=\"720\" height=\"405\" src=\"https:\/\/www.youtube.com\/embed\/WSY8A6lXYGs\" frameborder=\"0\" allowfullscreen=\"\"><\/iframe>\n<\/div>\n<p>Folgen Sie einfach den unten stehenden Anweisungen, um das Tool zu verwenden. <\/p> \n\n<ol>\n<li><b>Verwalten Sie unseren kostenlosen Editor und beginnen Sie mit der Erstellung Ihres ma\u00dfgeschneiderten Plugins.<\/b><br> \nW\u00e4hlen Sie das gew\u00fcnschte Design und die Aspekte des Tools und wenden Sie die \u00c4nderungen an.<\/li> \n <li><b>Erhalten Sie den einzigartigen Code, der im speziellen Formular auf Elfsight Apps angezeigt wird.<\/b><br> \nNachdem die Einrichtung Ihres Plugins abgeschlossen ist, kopieren Sie den exklusiven Code aus dem angezeigten Popup und speichern Sie ihn f\u00fcr sp\u00e4ter.<\/li> \n <li><b>Beginnen Sie mit der Verwendung des Countdown-Timers auf Ihrer Google Sites.<\/b><br> \nF\u00fcgen Sie den k\u00fcrzlich kopierten Code in Ihre Webseite ein und wenden Sie die \u00c4nderungen an.<\/li> \n <li><b>Fertig! Die Einrichtung wurde erfolgreich durchgef\u00fchrt.<\/b><br> \nGehen Sie auf Ihre Seite, um zu sehen, wie das Tool funktioniert.<\/li>\n<\/ol> \n<div class=\"tip-yellow tip\"><b>Aufgrund der Besonderheiten von Google Sites kann das Widget anders aussehen als die Online-Demo. Wir entschuldigen uns f\u00fcr etwaige Unannehmlichkeiten.<\/b><\/div>\n<p>Falls Sie Fragen haben oder auf Schwierigkeiten sto\u00dfen, wenden Sie sich gerne an unser Kundenserviceteam. Unsere Mitarbeiter helfen Ihnen gerne weiter, um alle Probleme mit dem Plugin zu l\u00f6sen.<\/p> \n<div class=\"faq\" data-component=\"FAQ\"> \n<div class=\"faq-item\">\r\n\t\t\t\t\t<div class=\"faq-item-question\">\r\n\t\t\t\t\t\t<h3 class=\"faq-item-question-text\">Wie f\u00fcge ich einen Countdown-Timer zu meiner Google Sites-Website hinzu, ohne Programmierkenntnisse zu haben?<\/h3>\r\n\r\n\t\t\t\t\t\t<div class=\"faq-item-question-icon\"><\/div>\r\n\t\t\t\t\t<\/div>\r\n\r\n\t\t\t\t\t<div class=\"faq-item-answer\">\r\n\t\t\t\t\t\t<div class=\"faq-item-answer-text\"> \n<p>Elfsight bietet eine SaaS-L\u00f6sung, mit der Sie selbst einen Countdown-Timer-Widget erstellen k\u00f6nnen. So einfach ist der Prozess: Arbeiten Sie direkt im Online-Editor, um den Countdown-Timer zu erstellen, den Sie auf Ihrer Google Sites-Website sehen m\u00f6chten. W\u00e4hlen Sie eine der vorgefertigten Vorlagen aus und passen Sie die Countdown-Timer-Einstellungen an, f\u00fcgen Sie Ihre Inhalte hinzu, \u00e4ndern Sie das Layout und die Farben \u2013 alles ohne Programmierkenntnisse. Speichern Sie den Countdown-Timer und kopieren Sie den Installationscode, den Sie einfach in Ihre Google Sites-Website einf\u00fcgen k\u00f6nnen, ohne eine kostenpflichtige Version zu kaufen. Mit unserem intuitiven Editor kann jeder Internetnutzer einen Countdown-Timer online erstellen und ihn problemlos in seine Google Sites-Website einbetten. Es ist nicht erforderlich, zu bezahlen oder Kreditkartendaten einzugeben, um auf den Dienst zuzugreifen. Wenn Sie auf ein Problem sto\u00dfen, k\u00f6nnen Sie sich gerne an unser Support-Team wenden.<\/p> \n<\/div>\r\n\t\t\t\t\t<\/div>\r\n\t\t\t\t<\/div> \n<div class=\"faq-item\">\r\n\t\t\t\t\t<div class=\"faq-item-question\">\r\n\t\t\t\t\t\t<h3 class=\"faq-item-question-text\">Wie erstelle ich einen Vollbild-Countdown-Timer f\u00fcr meine Google Sites-Website?<\/h3>\r\n\r\n\t\t\t\t\t\t<div class=\"faq-item-question-icon\"><\/div>\r\n\t\t\t\t\t<\/div>\r\n\r\n\t\t\t\t\t<div class=\"faq-item-answer\">\r\n\t\t\t\t\t\t<div class=\"faq-item-answer-text\">\n\n<p>Nat\u00fcrlich. Einen Countdown-Timer online zu erstellen und ihn an die Bildschirmbreite anzupassen, ist nicht schwierig. Das Elfsight-Widget enth\u00e4lt alle notwendigen Werkzeuge daf\u00fcr. Sehen Sie sich die folgenden Richtlinien an:<\/p>\n<ol>\n<li>W\u00e4hlen Sie im Men\u00fc &#8222;Timer&#8220; das Layout &#8222;An erforderlicher Position installieren&#8220;.<\/li>\n<li>Gehen Sie dann zum Tab &#8222;Aussehen&#8220; und klicken Sie auf &#8222;Gr\u00f6\u00dfen &amp; Schriften&#8220;.<\/li>\n<li>\u00c4ndern Sie die Gr\u00f6\u00dfe des Timers von klein auf gro\u00df.<\/li>\n<\/ol>\n<p>Falls dies nicht funktioniert, k\u00f6nnen Sie ein <a href=\"https:\/\/community.elfsight.com\/t\/reduce-width-of-embed-widget-similar-to-banner\/57467\" target=\"_blank\" rel=\"noopener\">benutzerdefiniertes CSS-Code<\/a> verwenden. Aber anstatt die Breite zu verengen, erweitern Sie sie!<\/p>\n\n<\/div>\r\n\t\t\t\t\t<\/div>\r\n\t\t\t\t<\/div>\n\n<div class=\"faq-item\">\r\n\t\t\t\t\t<div class=\"faq-item-question\">\r\n\t\t\t\t\t\t<h3 class=\"faq-item-question-text\">Kann ich den Countdown-Timer kostenlos auf meiner Google Sites-Website verwenden?<\/h3>\r\n\r\n\t\t\t\t\t\t<div class=\"faq-item-question-icon\"><\/div>\r\n\t\t\t\t\t<\/div>\r\n\r\n\t\t\t\t\t<div class=\"faq-item-answer\">\r\n\t\t\t\t\t\t<div class=\"faq-item-answer-text\">\n\n<p>Ja. Elfsight bietet f\u00fcnf Abonnementstufen an, einschlie\u00dflich der kostenlosen Option. Diese schr\u00e4nkt Ihre Anpassungsm\u00f6glichkeiten oder verf\u00fcgbaren Funktionen nicht ein. Beginnen Sie sofort mit der Nutzung des kostenlosen Countdown-Timer-Plugins und schalten Sie das volle Potenzial frei!<\/p>\n\n<\/div>\r\n\t\t\t\t\t<\/div>\r\n\t\t\t\t<\/div>\n<\/div> \n<\/div>\n","protected":false},"excerpt":{"rendered":"","protected":false},"author":9,"featured_media":0,"parent":578,"menu_order":0,"comment_status":"closed","ping_status":"closed","template":"templates\/template-application-platform.php","meta":{"publish_to_discourse":"","publish_post_category":"","wpdc_auto_publish_overridden":"","wpdc_topic_tags":"","wpdc_pin_topic":"","wpdc_pin_until":"","discourse_post_id":"","discourse_permalink":"","wpdc_publishing_response":"","wpdc_publishing_error":"","footnotes":""},"class_list":["post-16993","page","type-page","status-publish","hentry"],"yoast_head":"<!-- This site is optimized with the Yoast SEO plugin v25.3.1 - https:\/\/yoast.com\/wordpress\/plugins\/seo\/ -->\n<title>Countdown-Timer \u2013 Countdown-Uhr-Widget zu Google Sites hinzuf\u00fcgen (2025)<\/title>\n<meta name=\"description\" content=\"F\u00fcgen Sie einen reaktionsf\u00e4higen Countdown-Timer zu Ihren Google Sites hinzu und erreichen Sie volles Vertrauen. Nutzen Sie die praktische Elfsight-Demo, um Ihre personalisierte Countdown-Uhr zu gestalten.\" \/>\n<meta name=\"robots\" content=\"index, follow, max-snippet:-1, max-image-preview:large, max-video-preview:-1\" \/>\n<link rel=\"canonical\" href=\"https:\/\/elfsight.com\/de\/countdown-timer-widget\/google-sites\/\" \/>\n<meta property=\"og:locale\" content=\"de_DE\" \/>\n<meta property=\"og:type\" content=\"article\" \/>\n<meta property=\"og:title\" content=\"Countdown-Timer \u2013 Countdown-Uhr-Widget zu Google Sites hinzuf\u00fcgen (2025)\" \/>\n<meta property=\"og:description\" content=\"F\u00fcgen Sie einen reaktionsf\u00e4higen Countdown-Timer zu Ihren Google Sites hinzu und erreichen Sie volles Vertrauen. Nutzen Sie die praktische Elfsight-Demo, um Ihre personalisierte Countdown-Uhr zu gestalten.\" \/>\n<meta property=\"og:url\" content=\"https:\/\/elfsight.com\/de\/countdown-timer-widget\/google-sites\/\" \/>\n<meta property=\"og:site_name\" content=\"Elfsight DE\" \/>\n<meta property=\"article:modified_time\" content=\"2024-12-20T01:12:06+00:00\" \/>\n<meta name=\"twitter:card\" content=\"summary_large_image\" \/>\n<meta name=\"twitter:label1\" content=\"Gesch\u00e4tzte Lesezeit\" \/>\n\t<meta name=\"twitter:data1\" content=\"4\u00a0Minuten\" \/>\n<!-- \/ Yoast SEO plugin. -->","yoast_head_json":{"title":"Countdown-Timer \u2013 Countdown-Uhr-Widget zu Google Sites hinzuf\u00fcgen (2025)","description":"F\u00fcgen Sie einen reaktionsf\u00e4higen Countdown-Timer zu Ihren Google Sites hinzu und erreichen Sie volles Vertrauen. Nutzen Sie die praktische Elfsight-Demo, um Ihre personalisierte Countdown-Uhr zu gestalten.","robots":{"index":"index","follow":"follow","max-snippet":"max-snippet:-1","max-image-preview":"max-image-preview:large","max-video-preview":"max-video-preview:-1"},"canonical":"https:\/\/elfsight.com\/de\/countdown-timer-widget\/google-sites\/","og_locale":"de_DE","og_type":"article","og_title":"Countdown-Timer \u2013 Countdown-Uhr-Widget zu Google Sites hinzuf\u00fcgen (2025)","og_description":"F\u00fcgen Sie einen reaktionsf\u00e4higen Countdown-Timer zu Ihren Google Sites hinzu und erreichen Sie volles Vertrauen. Nutzen Sie die praktische Elfsight-Demo, um Ihre personalisierte Countdown-Uhr zu gestalten.","og_url":"https:\/\/elfsight.com\/de\/countdown-timer-widget\/google-sites\/","og_site_name":"Elfsight DE","article_modified_time":"2024-12-20T01:12:06+00:00","twitter_card":"summary_large_image","twitter_misc":{"Gesch\u00e4tzte Lesezeit":"4\u00a0Minuten"},"schema":{"@context":"https:\/\/schema.org","@graph":[{"@type":"WebPage","@id":"https:\/\/elfsight.com\/de\/countdown-timer-widget\/google-sites\/","url":"https:\/\/elfsight.com\/de\/countdown-timer-widget\/google-sites\/","name":"Countdown-Timer \u2013 Countdown-Uhr-Widget zu Google Sites hinzuf\u00fcgen (2025)","isPartOf":{"@id":"https:\/\/elfsight.com\/de\/#website"},"datePublished":"2024-05-03T06:34:00+00:00","dateModified":"2024-12-20T01:12:06+00:00","description":"F\u00fcgen Sie einen reaktionsf\u00e4higen Countdown-Timer zu Ihren Google Sites hinzu und erreichen Sie volles Vertrauen. Nutzen Sie die praktische Elfsight-Demo, um Ihre personalisierte Countdown-Uhr zu gestalten.","breadcrumb":{"@id":"https:\/\/elfsight.com\/de\/countdown-timer-widget\/google-sites\/#breadcrumb"},"inLanguage":"de","potentialAction":[{"@type":"ReadAction","target":["https:\/\/elfsight.com\/de\/countdown-timer-widget\/google-sites\/"]}]},{"@type":"BreadcrumbList","@id":"https:\/\/elfsight.com\/de\/countdown-timer-widget\/google-sites\/#breadcrumb","itemListElement":[{"@type":"ListItem","position":1,"name":"Home","item":"https:\/\/elfsight.com\/de\/"},{"@type":"ListItem","position":2,"name":"Countdown Timer","item":"https:\/\/elfsight.com\/de\/countdown-timer-widget\/"},{"@type":"ListItem","position":3,"name":"Countdown Timer &#8211; Google Sites"}]},{"@type":"WebSite","@id":"https:\/\/elfsight.com\/de\/#website","url":"https:\/\/elfsight.com\/de\/","name":"Elfsight DE","description":"Just another Elfsight Sites site","potentialAction":[{"@type":"SearchAction","target":{"@type":"EntryPoint","urlTemplate":"https:\/\/elfsight.com\/de\/?s={search_term_string}"},"query-input":{"@type":"PropertyValueSpecification","valueRequired":true,"valueName":"search_term_string"}}],"inLanguage":"de"}]}},"meta_box":{"industry":"","seo_heading":"","heading":"","description":"","cta_heading":"","cta_description":"","application":"474","h1":"Countdown-Timer-Widget f\u00fcr Google Sites","h1_caption":"Richten Sie einen Countdown f\u00fcr wichtige Ereignisse oder Werbeaktionen ein, um Ihren Besuchern auf Ihren Google Sites m\u00fchelos ein Gef\u00fchl der Dringlichkeit zu vermitteln.","application_category":[],"applications_title":"","applications_request_title":"","applications_request_button_text":"","hero_text":"","hero_video":"","hero_video_schema_markup":"","selling_points_title":"","selling_points_caption":"","selling_points":[],"selling_points_cta_text":"","features_title":"","features":"","ed_cta_examples_text":"","ed_cta_examples_hidden":"","ed_cta_demo_text":"","ed_cta_demo_hidden":"","why_caption":"","why_editor_title":"","why_editor_text":"","why_team_title":"","why_team_text":"","why_service_title":"","why_service_text":"","template_catalog_visible":"0","template_catalog_title":"","template_catalog_text":"","template_catalog_categories_visible":"","demo_title":"Erstellen Sie Ihr Countdown-Timer-Widget","demo_caption":"Konfigurieren Sie Ihren Countdown-Timer und f\u00fcgen Sie ihn kostenlos zu Ihrer Google Sites-Website hinzu!","default_faq_hidden":"","app_template_category":[],"platform":"3000","template_public_id":"","codecanyon_url":"","codecanyon_item_id":"","codecanyon_price":"","pricing_caption":"","pricing_elfsight_apps_hide_column":"","pricing_elfsight_apps_url":"","pricing_codecanyon_price_caption":"","integration_category":[],"integration_request_title":"","integration_request_cta":"","integration_platform":"","integrations":[],"platform_category":[],"video_schema_markup":"","price":"ab 0 $ \/ Monat","trial":"","benefits":[{"text":"Kostenloser Installationsservice"},{"text":"Effektiver Kundenservice"},{"text":"14-t\u00e4gige Geld-zur\u00fcck-Garantie"},{"text":"Regelm\u00e4\u00dfige kostenlose Verbesserungen"}],"button_url":"#demo","button_target_blank":"0","button_nofollow":"0","attributes":[{"name":"Installiert","content":"100,000 - 500,000"},{"name":"Reaktionsfreudig","content":"Vollst\u00e4ndig adaptiv"},{"name":"Kompatible Browser","content":"Firefox, Chrome, Safari, Edge, Opera"}],"tags":[],"tags_disable_links":"0","hide_more_platforms":"","video_object":"","demo_hide_cta":"0","demo_hide_cloud_options":"0","pricing_title":"","pricing":[{"pricing_icon":"platform","pricing_title":"Elfsight Apps","pricing_title_caption":"Plattform\u00fcbergreifende Software, die zu jeder Website passt","pricing_price":"ab 0 $ \/ Monat","pricing_price_caption":"Beginnen Sie mit einem kostenlosen Plan","pricing_benefits":[{"text":"Unbegrenzte Anzahl an Domains"},{"text":"Kostenloser und p\u00fcnktlicher Support"},{"text":"Kostenlose Installationsunterst\u00fctzung"},{"text":"Sonderangebot f\u00fcr mehrere Apps"}],"pricing_button_text":"Zur Website hinzuf\u00fcgen","pricing_button_url":"#demo"}],"related_apps_title":"","related_apps_hidden":"0","author":"","image":[],"title":"","job":"","social_networks":[]},"_links":{"self":[{"href":"https:\/\/elfsight.com\/de\/wp-json\/wp\/v2\/pages\/16993","targetHints":{"allow":["GET"]}}],"collection":[{"href":"https:\/\/elfsight.com\/de\/wp-json\/wp\/v2\/pages"}],"about":[{"href":"https:\/\/elfsight.com\/de\/wp-json\/wp\/v2\/types\/page"}],"author":[{"embeddable":true,"href":"https:\/\/elfsight.com\/de\/wp-json\/wp\/v2\/users\/9"}],"replies":[{"embeddable":true,"href":"https:\/\/elfsight.com\/de\/wp-json\/wp\/v2\/comments?post=16993"}],"version-history":[{"count":3,"href":"https:\/\/elfsight.com\/de\/wp-json\/wp\/v2\/pages\/16993\/revisions"}],"predecessor-version":[{"id":23392,"href":"https:\/\/elfsight.com\/de\/wp-json\/wp\/v2\/pages\/16993\/revisions\/23392"}],"up":[{"embeddable":true,"href":"https:\/\/elfsight.com\/de\/wp-json\/wp\/v2\/pages\/578"}],"wp:attachment":[{"href":"https:\/\/elfsight.com\/de\/wp-json\/wp\/v2\/media?parent=16993"}],"curies":[{"name":"wp","href":"https:\/\/api.w.org\/{rel}","templated":true}]}}