{"id":16992,"date":"2024-05-03T06:33:59","date_gmt":"2024-05-03T06:33:59","guid":{"rendered":"https:\/\/elfsight.com\/de\/?page_id=16992"},"modified":"2025-07-08T10:32:18","modified_gmt":"2025-07-08T10:32:18","slug":"godaddy","status":"publish","type":"page","link":"https:\/\/elfsight.com\/de\/countdown-timer-widget\/godaddy\/","title":{"rendered":"Countdown Timer  &#8211; GoDaddy"},"content":{"rendered":"<div class=\"application-platform-content-item-description application-platform-content-item\" id=\"description\" data-nav-section=\"description\"> <h2>Betten Sie den Countdown-Timer auf GoDaddy mit dem Elfsight-Widget ein<\/h2><p>Zeigen Sie umsatzgenerierende Countdowns f\u00fcr Ihre Website mit dem Elfsight Countdown-Timer an. Heizen Sie die Atmosph\u00e4re an und erwecken Sie das Gef\u00fchl, dass Ihre Waren nur begrenzt verf\u00fcgbar sind, und zeigen Sie direkt vor den Augen der Kunden, wie schnell sie verkauft werden. Beschleunigen Sie den Kaufbeginn Ihrer Kunden, indem Sie den Aktionszeitraum herunterz\u00e4hlen. Erstellen Sie Countdowns, um Ihre bevorstehenden Anl\u00e4sse oder Feiertagsverk\u00e4ufe anzuk\u00fcndigen und Ihre Kundschaft gespannt auf den Beginn zu warten. <\/p> <p><b>Steigern Sie Ihre Online-Verk\u00e4ufe mit dringlichkeitsgesteuerten Timern und Z\u00e4hlungen.<\/b><\/p> <p><b>Ermutigen Sie Menschen dazu, mehr auf Ihrer Website einzukaufen, indem Sie ein Gef\u00fchl der Dringlichkeit vermitteln . <\/b><br> <\/p><p>Machen Sie Ihrem Publikum Angst, Ihre Angebote und Verk\u00e4ufe zu verpassen \u2013 zeigen Sie ihm, dass die Zeit knapp wird. Dadurch k\u00f6nnen Benutzer schneller einkaufen und neue Verk\u00e4ufe erzielen. <\/p> <p><b>Zeigen Sie, dass der Lagerbestand abnimmt, und wecken Sie Kaufneid bei den Nutzern. <\/b><br> <\/p><p>Zeigen Sie mit einer speziellen Bestandsz\u00e4hlung, dass Ihre Waren schnell gekauft werden und knapp werden. Es wird dazu f\u00fchren, dass das Publikum die Waren h\u00f6her sch\u00e4tzt und neidisch wird, sie auch zu kaufen. <\/p> <p><b>Machen Sie mehr Aufmerksamkeit auf Ihre Verk\u00e4ufe mit einer speziellen Countdown-Leiste zum Thema Feiertage. <\/b><\/p> <p>Mit attraktiven Themenbars k\u00f6nnen Sie Ihre saisonalen Angebote und Ausverk\u00e4ufe bewerben. Verpassen Sie nicht die Feiertage, um den Umsatz auf Ihrer Website anzukurbeln. <\/p> <\/div> <div class=\"application-platform-content-item-features application-platform-content-item\" id=\"features\" data-nav-section=\"features\"> <h2>Hauptfunktionen des Countdown-Timer-Widgets<\/h2><p> Hier sind die Funktionen des Elfsight-Plugins, die es zum wichtigsten Plugin f\u00fcr jede jQuery-Site machen .<\/p><ul> <li>Auf- und Abw\u00e4rtsz\u00e4hler; <\/li> <li>Option zum \u00d6ffnen des Schaltfl\u00e4chen-Links in einem neuen Tab; <\/li> <li>Vier Zeiteinheiten: Tage, Stunden, Minuten, Sekunden; <\/li> <li>Vier Positionsvarianten: statische Oberseite, schwebende Oberseite oder Unterseite und benutzerdefinierte Position; <\/li> <li>Responsive Oberfl\u00e4che mit automatischer Anpassung an die Bildschirmgr\u00f6\u00dfe. <\/li><\/ul><p><a href=\"#demo\">Probieren Sie alle Vorteile in einer Live-Demo aus<\/a><\/p><\/div> <div class=\"application-platform-content-item-installation application-platform-content-item\" id=\"installation\" data-nav-section=\"installation\"> <h2> So f\u00fcgen Sie den Countdown-Timer zur GoDaddy-Website hinzu<\/h2><p>Das Elfsight-Plugin ist einfach zu installieren und erfordert keine Programmierkenntnisse. Die Ausf\u00fchrung des Handbuchs dauert ca. 1 Minute. <\/p><ol><li><b>Gestalten Sie Ihren pers\u00f6nlichen Countdown-Timer<\/b>.<br> Gestalten Sie mit Hilfe unseres kostenlosen Editors ein Plugin mit den gew\u00fcnschten Parametern.<\/li><li><b>Besorgen Sie sich den Code zum Einbetten des Plugins auf Ihrer Website<\/b>.<br> Nachdem Sie die Einstellungen konfiguriert haben, holen Sie sich den Code f\u00fcr das Countdown-Plugin aus dem erscheinenden Fenster von Elfsight Apps. <\/li><li><b>Plugin auf der GoDaddy-Website hinzuf\u00fcgen<\/b>.<br> Starten Sie den Seitencode im JQUERY-Editor, integrieren Sie das Plugin an einer gew\u00fcnschten Stelle (Inhalt, Fu\u00dfzeile, Seitenleiste usw.) und die \u00c4nderungen ver\u00f6ffentlichen. <\/li><li><b>Die Integration ist gelungen! <\/b>.<br> Besuchen Sie die GoDaddy-Website, um Ihr Plugin zu \u00fcberpr\u00fcfen. <\/li><\/ol><p>Wenn bei der Nutzung des Tutorials Fragen auftauchen, hinterlassen Sie eine Nachricht in unserem Support-Center oder lesen Sie den vollst\u00e4ndigen Text des Tutorials und schlie\u00dfen Sie die Erstellung des Plugins selbst ab. <\/p><div class=\"faq\" data-component=\"FAQ\"> <div class=\"faq-item\">\r\n\t\t\t\t\t<div class=\"faq-item-question\">\r\n\t\t\t\t\t\t<h3 class=\"faq-item-question-text\">Wie f\u00fcge ich ohne Programmierkenntnisse einen Countdown-Timer zu meiner GoDaddy-Website hinzu?<\/h3>\r\n\r\n\t\t\t\t\t\t<div class=\"faq-item-question-icon\"><\/div>\r\n\t\t\t\t\t<\/div>\r\n\r\n\t\t\t\t\t<div class=\"faq-item-answer\">\r\n\t\t\t\t\t\t<div class=\"faq-item-answer-text\"> <p>Elfsight bietet eine SaaS-L\u00f6sung, mit der Sie selbst ein Countdown-Timer-Widget erstellen k\u00f6nnen. Sehen Sie, wie einfach das ist Der Vorgang ist: Arbeiten Sie direkt im Online-Editor, um ein Countdown-Timer-Widget zu erstellen, das Sie auf Ihrer GoDaddy-Website sehen m\u00f6chten. W\u00e4hlen Sie eine der vorgefertigten Vorlagen aus und passen Sie die Countdown-Timer-Einstellungen an, f\u00fcgen Sie Ihre Inhalte hinzu, \u00e4ndern Sie das Layout und das Farbschema ohne Programmierkenntnisse. Speichern Sie den Countdown-Timer und kopieren Sie seinen Installationscode, den Sie ganz einfach in Ihre GoDaddy-Website einf\u00fcgen k\u00f6nnen, ohne einen kostenpflichtigen Plan zu kaufen. Mit unserem intuitiven Editor kann jeder Internetnutzer online ein Countdown-Timer-Widget erstellen und es einfach in seine GoDaddy-Website einbetten. Sie m\u00fcssen weder bezahlen noch Ihre Kartendaten eingeben, um auf den Service zuzugreifen. Sollten bei irgendeinem Schritt Probleme auftreten, wenden Sie sich bitte an unser technisches Support-Team.<\/p> <\/div>\r\n\t\t\t\t\t<\/div>\r\n\t\t\t\t<\/div> <\/div> <\/div>","protected":false},"excerpt":{"rendered":"","protected":false},"author":9,"featured_media":0,"parent":578,"menu_order":0,"comment_status":"closed","ping_status":"closed","template":"templates\/template-application-platform.php","meta":{"publish_to_discourse":"","publish_post_category":"","wpdc_auto_publish_overridden":"","wpdc_topic_tags":"","wpdc_pin_topic":"","wpdc_pin_until":"","discourse_post_id":"","discourse_permalink":"","wpdc_publishing_response":"","wpdc_publishing_error":"","footnotes":""},"class_list":["post-16992","page","type-page","status-publish","hentry"],"yoast_head":"<!-- This site is optimized with the Yoast SEO plugin v25.3.1 - https:\/\/yoast.com\/wordpress\/plugins\/seo\/ -->\n<title>Countdown-Timer-Plugin \u2013 Timer-Plugin zur GoDaddy-Website hinzuf\u00fcgen!<\/title>\n<meta name=\"description\" content=\"Entdecken Sie jetzt das Elfsight Countdown Timer-Plugin f\u00fcr GoDaddy. Entwerfen Sie in wenigen Minuten benutzerdefinierte Timer f\u00fcr Ihre Website!\" \/>\n<meta name=\"robots\" content=\"index, follow, max-snippet:-1, max-image-preview:large, max-video-preview:-1\" \/>\n<link rel=\"canonical\" href=\"https:\/\/elfsight.com\/de\/countdown-timer-widget\/godaddy\/\" \/>\n<meta property=\"og:locale\" content=\"de_DE\" \/>\n<meta property=\"og:type\" content=\"article\" \/>\n<meta property=\"og:title\" content=\"Countdown-Timer-Plugin \u2013 Timer-Plugin zur GoDaddy-Website hinzuf\u00fcgen!\" \/>\n<meta property=\"og:description\" content=\"Entdecken Sie jetzt das Elfsight Countdown Timer-Plugin f\u00fcr GoDaddy. Entwerfen Sie in wenigen Minuten benutzerdefinierte Timer f\u00fcr Ihre Website!\" \/>\n<meta property=\"og:url\" content=\"https:\/\/elfsight.com\/de\/countdown-timer-widget\/godaddy\/\" \/>\n<meta property=\"og:site_name\" content=\"Elfsight DE\" \/>\n<meta property=\"article:modified_time\" content=\"2025-07-08T10:32:18+00:00\" \/>\n<meta name=\"twitter:card\" content=\"summary_large_image\" \/>\n<meta name=\"twitter:label1\" content=\"Gesch\u00e4tzte Lesezeit\" \/>\n\t<meta name=\"twitter:data1\" content=\"3\u00a0Minuten\" \/>\n<!-- \/ Yoast SEO plugin. -->","yoast_head_json":{"title":"Countdown-Timer-Plugin \u2013 Timer-Plugin zur GoDaddy-Website hinzuf\u00fcgen!","description":"Entdecken Sie jetzt das Elfsight Countdown Timer-Plugin f\u00fcr GoDaddy. Entwerfen Sie in wenigen Minuten benutzerdefinierte Timer f\u00fcr Ihre Website!","robots":{"index":"index","follow":"follow","max-snippet":"max-snippet:-1","max-image-preview":"max-image-preview:large","max-video-preview":"max-video-preview:-1"},"canonical":"https:\/\/elfsight.com\/de\/countdown-timer-widget\/godaddy\/","og_locale":"de_DE","og_type":"article","og_title":"Countdown-Timer-Plugin \u2013 Timer-Plugin zur GoDaddy-Website hinzuf\u00fcgen!","og_description":"Entdecken Sie jetzt das Elfsight Countdown Timer-Plugin f\u00fcr GoDaddy. Entwerfen Sie in wenigen Minuten benutzerdefinierte Timer f\u00fcr Ihre Website!","og_url":"https:\/\/elfsight.com\/de\/countdown-timer-widget\/godaddy\/","og_site_name":"Elfsight DE","article_modified_time":"2025-07-08T10:32:18+00:00","twitter_card":"summary_large_image","twitter_misc":{"Gesch\u00e4tzte Lesezeit":"3\u00a0Minuten"},"schema":{"@context":"https:\/\/schema.org","@graph":[{"@type":"WebPage","@id":"https:\/\/elfsight.com\/de\/countdown-timer-widget\/godaddy\/","url":"https:\/\/elfsight.com\/de\/countdown-timer-widget\/godaddy\/","name":"Countdown-Timer-Plugin \u2013 Timer-Plugin zur GoDaddy-Website hinzuf\u00fcgen!","isPartOf":{"@id":"https:\/\/elfsight.com\/de\/#website"},"datePublished":"2024-05-03T06:33:59+00:00","dateModified":"2025-07-08T10:32:18+00:00","description":"Entdecken Sie jetzt das Elfsight Countdown Timer-Plugin f\u00fcr GoDaddy. Entwerfen Sie in wenigen Minuten benutzerdefinierte Timer f\u00fcr Ihre Website!","breadcrumb":{"@id":"https:\/\/elfsight.com\/de\/countdown-timer-widget\/godaddy\/#breadcrumb"},"inLanguage":"de","potentialAction":[{"@type":"ReadAction","target":["https:\/\/elfsight.com\/de\/countdown-timer-widget\/godaddy\/"]}]},{"@type":"BreadcrumbList","@id":"https:\/\/elfsight.com\/de\/countdown-timer-widget\/godaddy\/#breadcrumb","itemListElement":[{"@type":"ListItem","position":1,"name":"Home","item":"https:\/\/elfsight.com\/de\/"},{"@type":"ListItem","position":2,"name":"Countdown Timer","item":"https:\/\/elfsight.com\/de\/countdown-timer-widget\/"},{"@type":"ListItem","position":3,"name":"Countdown Timer &#8211; GoDaddy"}]},{"@type":"WebSite","@id":"https:\/\/elfsight.com\/de\/#website","url":"https:\/\/elfsight.com\/de\/","name":"Elfsight DE","description":"Just another Elfsight Sites site","potentialAction":[{"@type":"SearchAction","target":{"@type":"EntryPoint","urlTemplate":"https:\/\/elfsight.com\/de\/?s={search_term_string}"},"query-input":{"@type":"PropertyValueSpecification","valueRequired":true,"valueName":"search_term_string"}}],"inLanguage":"de"}]}},"meta_box":{"industry":"","seo_heading":"","heading":"","description":"","cta_heading":"","cta_description":"","application":"474","h1":"GoDaddy Countdown-Timer-Plugin","h1_caption":"Steigern Sie die Kauflust auf Ihrer Website mithilfe von Timern und Z\u00e4hlungen","application_category":[],"applications_title":"","applications_request_title":"","applications_request_button_text":"","hero_text":"","hero_video":"","hero_video_schema_markup":"","selling_points_title":"","selling_points_caption":"","selling_points":[],"selling_points_cta_text":"","features_title":"","features":"","ed_cta_examples_text":"","ed_cta_examples_hidden":"","ed_cta_demo_text":"","ed_cta_demo_hidden":"","why_caption":"","why_editor_title":"","why_editor_text":"","why_team_title":"","why_team_text":"","why_service_title":"","why_service_text":"","template_catalog_visible":"","template_catalog_title":"","template_catalog_text":"","template_catalog_categories_visible":"","demo_title":"Installieren Sie in nur 1 Minute ein pers\u00f6nliches Plugin auf Ihrer Website!","demo_caption":"Schauen Sie sich unseren Konfigurator f\u00fcr die schnelle Erstellung von Plugins an!","default_faq_hidden":"","app_template_category":[],"platform":"241","template_public_id":"","codecanyon_url":"","codecanyon_item_id":"","codecanyon_price":"","pricing_caption":"","pricing_elfsight_apps_hide_column":"","pricing_elfsight_apps_url":"","pricing_codecanyon_price_caption":"","integration_category":[],"integration_request_title":"","integration_request_cta":"","integration_platform":"","integrations":[],"platform_category":[],"video_schema_markup":"","price":"ab 0 $ \/ Monat","trial":"","benefits":[{"text":"Kostenlose Installationsunterst\u00fctzung"},{"text":"Professioneller Kundenservice"},{"text":"14-t\u00e4gige R\u00fcckerstattungsgarantie"},{"text":"St\u00e4ndige Aktualisierung"}],"button_url":"#demo","button_target_blank":"","button_nofollow":"","attributes":[{"name":"Installiert","content":"10,000 - 100,000"},{"name":"Reaktionsfreudig","content":"Ja"},{"name":"Kompatible Browser","content":"IE11, Firefox, Safari, Opera, Chrome, Edge"}],"tags":[],"tags_disable_links":"","hide_more_platforms":"","video_object":"","demo_hide_cta":"","demo_hide_cloud_options":"","pricing_title":"","pricing":[{"pricing_icon":"platform","pricing_title":"Elfsight Apps","pricing_title_caption":"Multiplattform-L\u00f6sung","pricing_price":"ab 0 $ \/ Monat","pricing_price_caption":"Beginnen Sie mit einem kostenlosen Plan","pricing_benefits":[{"text":"Unbegrenzte Websites"},{"text":"Support rund um die Uhr und gut dokumentiert"},{"text":"Kostenlose Installationshilfe"},{"text":"Flexibles Design"}],"pricing_button_text":"Zur Website hinzuf\u00fcgen","pricing_button_url":"#demo"}],"related_apps_title":"","related_apps_hidden":"","author":"","image":[],"title":"","job":"","social_networks":[]},"_links":{"self":[{"href":"https:\/\/elfsight.com\/de\/wp-json\/wp\/v2\/pages\/16992","targetHints":{"allow":["GET"]}}],"collection":[{"href":"https:\/\/elfsight.com\/de\/wp-json\/wp\/v2\/pages"}],"about":[{"href":"https:\/\/elfsight.com\/de\/wp-json\/wp\/v2\/types\/page"}],"author":[{"embeddable":true,"href":"https:\/\/elfsight.com\/de\/wp-json\/wp\/v2\/users\/9"}],"replies":[{"embeddable":true,"href":"https:\/\/elfsight.com\/de\/wp-json\/wp\/v2\/comments?post=16992"}],"version-history":[{"count":2,"href":"https:\/\/elfsight.com\/de\/wp-json\/wp\/v2\/pages\/16992\/revisions"}],"predecessor-version":[{"id":21454,"href":"https:\/\/elfsight.com\/de\/wp-json\/wp\/v2\/pages\/16992\/revisions\/21454"}],"up":[{"embeddable":true,"href":"https:\/\/elfsight.com\/de\/wp-json\/wp\/v2\/pages\/578"}],"wp:attachment":[{"href":"https:\/\/elfsight.com\/de\/wp-json\/wp\/v2\/media?parent=16992"}],"curies":[{"name":"wp","href":"https:\/\/api.w.org\/{rel}","templated":true}]}}