{"id":16991,"date":"2024-05-03T06:33:58","date_gmt":"2024-05-03T06:33:58","guid":{"rendered":"https:\/\/elfsight.com\/de\/?page_id=16991"},"modified":"2025-07-08T10:33:16","modified_gmt":"2025-07-08T10:33:16","slug":"prestashop","status":"publish","type":"page","link":"https:\/\/elfsight.com\/de\/countdown-timer-widget\/prestashop\/","title":{"rendered":"Countdown Timer &#8211; PrestaShop"},"content":{"rendered":"<div class=\"application-platform-content-item-description application-platform-content-item\" id=\"description\" data-nav-section=\"description\"><h2>Beschreibung<\/h2><p>Zeigen Sie umsatzsteigernde Countdowns f\u00fcr Ihre Website mit dem Elfsight Countdown Timer an. Sch\u00fcren Sie die Stimmung und vermitteln Sie den Nutzern das Gef\u00fchl, dass Ihre Angebote mangelhaft sind, und machen Sie so deutlich, wie schnell sie ausverkauft sind. Erh\u00f6hen Sie die Dringlichkeit, sie zu erhalten, indem die Zeit bis zum Ende des Sonderangebotszeitraums heruntergez\u00e4hlt wird. Machen Sie auf Ihre zuk\u00fcnftigen Veranstaltungen aufmerksam.<\/p><\/div> <div class=\"application-platform-content-item-features application-platform-content-item\" id=\"features\" data-nav-section=\"features\"> <h2>Entdecken Sie die Liste der besten Funktionen: <\/h2> <ul><li>Verwenden Sie CTA-Schaltfl\u00e4chen, um Benutzer zu f\u00fchren hin zur Bekehrung. <\/li><li>\u00c4ndern Sie die Dauer des Folienwechsels. <\/li><li>W\u00e4hlen Sie zwischen mehreren Optionen. <\/li><li>Platzieren Sie Ihren Text mithilfe der erweiterten Position an einer beliebigen Stelle auf der Seite. <\/li><li>\u00c4ndern Sie f\u00fcnf Inhaltselemente. <\/li><\/ul><p><a href=\"#demo\">Sie k\u00f6nnen die vollst\u00e4ndigen Funktionen des Widgets in der Demo auf dieser Seite entdecken<\/a><\/p> <\/div> <div class=\"application-platform-content-item-installation application-platform-content-item\" id=\"installation\" data-nav-section=\"installation\"> <h2>Wie f\u00fcge ich einen Countdown-Timer zu meiner PrestaShop-Webseite hinzu? <\/h2> <p>F\u00fchren Sie einfach die unten beschriebenen Schritte aus, um das Tool einzubetten. <\/p> <ol><li><b>\u00d6ffnen Sie unsere kostenlose Demo und beginnen Sie mit der Gestaltung Ihres pers\u00f6nlichen Instruments. <\/b><br> W\u00e4hlen Sie die benutzerdefinierte Benutzeroberfl\u00e4che und die Funktionsmerkmale des Widgets aus und \u00fcbernehmen Sie die \u00c4nderungen. <\/li> <li><b>Erhalten Sie den pers\u00f6nlichen Code, der im Fenster von Elfsight Apps angezeigt wird. <\/b><br> Nachdem die Erstellung Ihres pers\u00f6nlichen Widgets abgeschlossen ist, kopieren Sie den exklusiven Code im erscheinenden Popup und speichern Sie ihn zur weiteren Verwendung. <\/li> <li><b>Beginnen Sie mit der Nutzung des Widgets auf Ihrer PrestaShop-Homepage. <\/b><br> Betten Sie den zuvor kopierten Code in Ihre Webseite ein und speichern Sie die \u00c4nderungen. <\/li> <li><b>Die Installation ist vollst\u00e4ndig durchgef\u00fchrt. <\/b><br> Besuchen Sie Ihre Website, um in Aktion zu sehen, wie das Widget funktioniert. <\/li><\/ol> <p>Wenn Sie Anfragen bearbeiten oder auf Hindernisse sto\u00dfen, wenden Sie sich bitte an unseren Support. Unsere Mitarbeiter helfen Ihnen gerne bei allen Fragen, die Sie zum Widget haben. <\/p> <div class=\"faq\" data-component=\"FAQ\"> <div class=\"faq-item\">\r\n\t\t\t\t\t<div class=\"faq-item-question\">\r\n\t\t\t\t\t\t<h3 class=\"faq-item-question-text\">Wie f\u00fcge ich ohne Programmierkenntnisse einen Countdown-Timer zu meiner PrestaShop-Website hinzu?<\/h3>\r\n\r\n\t\t\t\t\t\t<div class=\"faq-item-question-icon\"><\/div>\r\n\t\t\t\t\t<\/div>\r\n\r\n\t\t\t\t\t<div class=\"faq-item-answer\">\r\n\t\t\t\t\t\t<div class=\"faq-item-answer-text\"> <p>Elfsight bietet eine SaaS-L\u00f6sung, mit der Sie selbst ein Countdown-Timer-Widget erstellen k\u00f6nnen. Sehen Sie, wie einfach das ist Der Prozess ist: Arbeiten Sie direkt im Online-Editor, um ein Countdown-Timer-Widget zu erstellen, das Sie auf Ihrer PrestaShop-Website sehen m\u00f6chten. W\u00e4hlen Sie eine der vorgefertigten Vorlagen aus und passen Sie die Countdown-Timer-Einstellungen an, f\u00fcgen Sie Ihre Inhalte hinzu, \u00e4ndern Sie das Layout und die Farben ohne Programmierkenntnisse. Speichern Sie den Countdown-Timer und kopieren Sie seinen Installationscode, damit Sie ihn m\u00fchelos auf Ihrer PrestaShop-Website hinzuf\u00fcgen k\u00f6nnen, ohne eine kostenpflichtige Version kaufen zu m\u00fcssen. Mit unserem intuitiven Editor kann jeder Internetnutzer online ein Countdown-Timer-Widget erstellen und es einfach in seine PrestaShop-Website einbetten. Sie m\u00fcssen weder bezahlen noch Ihre Kartendaten eingeben, um auf den Service zuzugreifen. Sollten bei irgendeinem Schritt Probleme auftreten, wenden Sie sich bitte an unser technisches Support-Team.<\/p> <\/div>\r\n\t\t\t\t\t<\/div>\r\n\t\t\t\t<\/div> <\/div> <\/div>","protected":false},"excerpt":{"rendered":"","protected":false},"author":9,"featured_media":0,"parent":578,"menu_order":0,"comment_status":"closed","ping_status":"closed","template":"templates\/template-application-platform.php","meta":{"publish_to_discourse":"","publish_post_category":"","wpdc_auto_publish_overridden":"","wpdc_topic_tags":"","wpdc_pin_topic":"","wpdc_pin_until":"","discourse_post_id":"","discourse_permalink":"","wpdc_publishing_response":"","wpdc_publishing_error":"","footnotes":""},"class_list":["post-16991","page","type-page","status-publish","hentry"],"yoast_head":"<!-- This site is optimized with the Yoast SEO plugin v25.3.1 - https:\/\/yoast.com\/wordpress\/plugins\/seo\/ -->\n<title>Das beste PrestaShop Countdown-Timer-Addon f\u00fcr die Website (2025)<\/title>\n<meta name=\"description\" content=\"Erfahren Sie, wie Sie den Countdown-Timer kostenlos zu PrestaShop hinzuf\u00fcgen. Verwenden Sie die beste interaktive Countdown-Uhr, um die Dringlichkeit von Verk\u00e4ufen auf einer Website zu steigern.\" \/>\n<meta name=\"robots\" content=\"index, follow, max-snippet:-1, max-image-preview:large, max-video-preview:-1\" \/>\n<link rel=\"canonical\" href=\"https:\/\/elfsight.com\/de\/countdown-timer-widget\/prestashop\/\" \/>\n<meta property=\"og:locale\" content=\"de_DE\" \/>\n<meta property=\"og:type\" content=\"article\" \/>\n<meta property=\"og:title\" content=\"Das beste PrestaShop Countdown-Timer-Addon f\u00fcr die Website (2025)\" \/>\n<meta property=\"og:description\" content=\"Erfahren Sie, wie Sie den Countdown-Timer kostenlos zu PrestaShop hinzuf\u00fcgen. Verwenden Sie die beste interaktive Countdown-Uhr, um die Dringlichkeit von Verk\u00e4ufen auf einer Website zu steigern.\" \/>\n<meta property=\"og:url\" content=\"https:\/\/elfsight.com\/de\/countdown-timer-widget\/prestashop\/\" \/>\n<meta property=\"og:site_name\" content=\"Elfsight DE\" \/>\n<meta property=\"article:modified_time\" content=\"2025-07-08T10:33:16+00:00\" \/>\n<meta name=\"twitter:card\" content=\"summary_large_image\" \/>\n<meta name=\"twitter:label1\" content=\"Gesch\u00e4tzte Lesezeit\" \/>\n\t<meta name=\"twitter:data1\" content=\"2\u00a0Minuten\" \/>\n<!-- \/ Yoast SEO plugin. -->","yoast_head_json":{"title":"Das beste PrestaShop Countdown-Timer-Addon f\u00fcr die Website (2025)","description":"Erfahren Sie, wie Sie den Countdown-Timer kostenlos zu PrestaShop hinzuf\u00fcgen. Verwenden Sie die beste interaktive Countdown-Uhr, um die Dringlichkeit von Verk\u00e4ufen auf einer Website zu steigern.","robots":{"index":"index","follow":"follow","max-snippet":"max-snippet:-1","max-image-preview":"max-image-preview:large","max-video-preview":"max-video-preview:-1"},"canonical":"https:\/\/elfsight.com\/de\/countdown-timer-widget\/prestashop\/","og_locale":"de_DE","og_type":"article","og_title":"Das beste PrestaShop Countdown-Timer-Addon f\u00fcr die Website (2025)","og_description":"Erfahren Sie, wie Sie den Countdown-Timer kostenlos zu PrestaShop hinzuf\u00fcgen. Verwenden Sie die beste interaktive Countdown-Uhr, um die Dringlichkeit von Verk\u00e4ufen auf einer Website zu steigern.","og_url":"https:\/\/elfsight.com\/de\/countdown-timer-widget\/prestashop\/","og_site_name":"Elfsight DE","article_modified_time":"2025-07-08T10:33:16+00:00","twitter_card":"summary_large_image","twitter_misc":{"Gesch\u00e4tzte Lesezeit":"2\u00a0Minuten"},"schema":{"@context":"https:\/\/schema.org","@graph":[{"@type":"WebPage","@id":"https:\/\/elfsight.com\/de\/countdown-timer-widget\/prestashop\/","url":"https:\/\/elfsight.com\/de\/countdown-timer-widget\/prestashop\/","name":"Das beste PrestaShop Countdown-Timer-Addon f\u00fcr die Website (2025)","isPartOf":{"@id":"https:\/\/elfsight.com\/de\/#website"},"datePublished":"2024-05-03T06:33:58+00:00","dateModified":"2025-07-08T10:33:16+00:00","description":"Erfahren Sie, wie Sie den Countdown-Timer kostenlos zu PrestaShop hinzuf\u00fcgen. Verwenden Sie die beste interaktive Countdown-Uhr, um die Dringlichkeit von Verk\u00e4ufen auf einer Website zu steigern.","breadcrumb":{"@id":"https:\/\/elfsight.com\/de\/countdown-timer-widget\/prestashop\/#breadcrumb"},"inLanguage":"de","potentialAction":[{"@type":"ReadAction","target":["https:\/\/elfsight.com\/de\/countdown-timer-widget\/prestashop\/"]}]},{"@type":"BreadcrumbList","@id":"https:\/\/elfsight.com\/de\/countdown-timer-widget\/prestashop\/#breadcrumb","itemListElement":[{"@type":"ListItem","position":1,"name":"Home","item":"https:\/\/elfsight.com\/de\/"},{"@type":"ListItem","position":2,"name":"Countdown Timer","item":"https:\/\/elfsight.com\/de\/countdown-timer-widget\/"},{"@type":"ListItem","position":3,"name":"Countdown Timer &#8211; PrestaShop"}]},{"@type":"WebSite","@id":"https:\/\/elfsight.com\/de\/#website","url":"https:\/\/elfsight.com\/de\/","name":"Elfsight DE","description":"Just another Elfsight Sites site","potentialAction":[{"@type":"SearchAction","target":{"@type":"EntryPoint","urlTemplate":"https:\/\/elfsight.com\/de\/?s={search_term_string}"},"query-input":{"@type":"PropertyValueSpecification","valueRequired":true,"valueName":"search_term_string"}}],"inLanguage":"de"}]}},"meta_box":{"industry":"","seo_heading":"","heading":"","description":"","cta_heading":"","cta_description":"","application":"474","h1":"PrestaShop Countdown-Timer-Add-on","h1_caption":"Richten Sie einen Countdown f\u00fcr wichtige Ereignisse oder Werbeaktionen ein, um Ihren Besuchern auf Ihrer Prestashop-Website m\u00fchelos ein Gef\u00fchl der Dringlichkeit zu vermitteln.","application_category":[],"applications_title":"","applications_request_title":"","applications_request_button_text":"","hero_text":"","hero_video":"","hero_video_schema_markup":"","selling_points_title":"","selling_points_caption":"","selling_points":[],"selling_points_cta_text":"","features_title":"","features":"","ed_cta_examples_text":"","ed_cta_examples_hidden":"","ed_cta_demo_text":"","ed_cta_demo_hidden":"","why_caption":"","why_editor_title":"","why_editor_text":"","why_team_title":"","why_team_text":"","why_service_title":"","why_service_text":"","template_catalog_visible":"","template_catalog_title":"","template_catalog_text":"","template_catalog_categories_visible":"","demo_title":"Erstellen Sie Ihr Countdown-Timer-Addon","demo_caption":"Konfigurieren Sie Ihren Countdown-Timer und f\u00fcgen Sie ihn kostenlos zu Ihrer PrestaShop-Website hinzu!","default_faq_hidden":"","app_template_category":[],"platform":"3811","template_public_id":"","codecanyon_url":"","codecanyon_item_id":"","codecanyon_price":"","pricing_caption":"","pricing_elfsight_apps_hide_column":"","pricing_elfsight_apps_url":"","pricing_codecanyon_price_caption":"","integration_category":[],"integration_request_title":"","integration_request_cta":"","integration_platform":"","integrations":[],"platform_category":[],"video_schema_markup":"","price":"ab 0 $ \/ Monat","trial":"","benefits":[{"text":"Kostenlose Installationsunterst\u00fctzung"},{"text":"Erfahrener Kundensupport"},{"text":"14-t\u00e4gige Geld-zur\u00fcck-Garantie"},{"text":"Zuk\u00fcnftige kostenlose Verbesserungen"}],"button_url":"#demo","button_target_blank":"","button_nofollow":"","attributes":[{"name":"Installiert","content":"100,000 - 500,000"},{"name":"Reaktionsfreudig","content":"Ja"},{"name":"Kompatible Browser","content":"Firefox, Safari, Opera, Chrome, Edge"}],"tags":[],"tags_disable_links":"","hide_more_platforms":"","video_object":"","demo_hide_cta":"","demo_hide_cloud_options":"","pricing_title":"","pricing":[{"pricing_icon":"platform","pricing_title":"Elfsight Apps","pricing_title_caption":"Plattformunabh\u00e4ngige Software, die auf jeder Website funktioniert","pricing_price":"ab 0 $ \/ Monat","pricing_price_caption":"Beginnen Sie mit einem kostenlosen Plan","pricing_benefits":[{"text":"Unbegrenzte Websites"},{"text":"Kundensupport rund um die Uhr"},{"text":"Kostenloser Installationsservice"},{"text":"Flexibles Design"}],"pricing_button_text":"Zur Website hinzuf\u00fcgen","pricing_button_url":"#demo"}],"related_apps_title":"","related_apps_hidden":"","author":"","image":[],"title":"","job":"","social_networks":[]},"_links":{"self":[{"href":"https:\/\/elfsight.com\/de\/wp-json\/wp\/v2\/pages\/16991","targetHints":{"allow":["GET"]}}],"collection":[{"href":"https:\/\/elfsight.com\/de\/wp-json\/wp\/v2\/pages"}],"about":[{"href":"https:\/\/elfsight.com\/de\/wp-json\/wp\/v2\/types\/page"}],"author":[{"embeddable":true,"href":"https:\/\/elfsight.com\/de\/wp-json\/wp\/v2\/users\/9"}],"replies":[{"embeddable":true,"href":"https:\/\/elfsight.com\/de\/wp-json\/wp\/v2\/comments?post=16991"}],"version-history":[{"count":2,"href":"https:\/\/elfsight.com\/de\/wp-json\/wp\/v2\/pages\/16991\/revisions"}],"predecessor-version":[{"id":21453,"href":"https:\/\/elfsight.com\/de\/wp-json\/wp\/v2\/pages\/16991\/revisions\/21453"}],"up":[{"embeddable":true,"href":"https:\/\/elfsight.com\/de\/wp-json\/wp\/v2\/pages\/578"}],"wp:attachment":[{"href":"https:\/\/elfsight.com\/de\/wp-json\/wp\/v2\/media?parent=16991"}],"curies":[{"name":"wp","href":"https:\/\/api.w.org\/{rel}","templated":true}]}}