{"id":16986,"date":"2024-05-03T06:33:57","date_gmt":"2024-05-03T06:33:57","guid":{"rendered":"https:\/\/elfsight.com\/de\/?page_id=16986"},"modified":"2025-07-08T10:32:51","modified_gmt":"2025-07-08T10:32:51","slug":"jimdo","status":"publish","type":"page","link":"https:\/\/elfsight.com\/de\/countdown-timer-widget\/jimdo\/","title":{"rendered":"Countdown Timer &#8211; Jimdo"},"content":{"rendered":"<div class=\"application-platform-content-item-description application-platform-content-item\" id=\"description\" data-nav-section=\"description\"> <h2>Beschreibung<\/h2> <p>Richten Sie verkaufsf\u00f6rdernde Z\u00e4hlungen f\u00fcr Ihre Website mit dem Elfsight Countdown Timer ein. Erh\u00f6hen Sie die Atmosph\u00e4re und erwecken Sie ein Gef\u00fchl der Knappheit Ihrer Angebote, indem Sie direkt vor den Augen des Publikums zeigen, wie schnell diese gekauft werden. \u00dcberzeugen Sie Benutzer von der Dringlichkeit, sie zu kaufen, bis zum Ende des Aktionszeitraums. Machen Sie auf Ihre Zukunft oder Feiertage aufmerksam und lassen Sie Ihre Kunden mit einem Countdown-Timer gespannt auf den Beginn warten. Verwenden Sie den Countdown-Timer von Elfsight, um verschiedene Arten von Z\u00e4hlungen und Timern zu erstellen, die das Publikum zum Einkaufen anregen. Die Z\u00e4hlung von Lagerbest\u00e4nden oder Verk\u00e4ufen erzeugt ein Gef\u00fchl von Defizit und Konkurrenz. Der Verkaufs-Countdown dr\u00e4ngt Kunden zum Kauf, bevor sie ein lukratives Angebot verlieren. Ein individueller Countdown wird jede Person dazu anregen, ein pers\u00f6nliches Angebot schneller zu nutzen; Urlaubsbars werden durch thematische Gestaltung Aufmerksamkeit erregen. <\/p><p><b>Machen Sie Ihre Website mit Hilfe des Countdown-Timers f\u00fcr E-Commerce-Ziele erfolgreicher.<\/b><\/p> <\/div> <div class=\"application-platform-content-item-features application-platform-content-item\" id=\"features\" data-nav-section=\"features\"> <h2> Dies sind nur einige der wertvollen Widget-Funktionen: <\/h2> <ul><li>Drei Arten von Timern: Z\u00e4hlung der Anzahl von Anfang bis Ende, verbleibende Zeit pro Besucher, Anfang bis Ende<\/li><li> Auf- und Abw\u00e4rtsz\u00e4hler<\/li><li>Option zum Festlegen von Start- und Endzeit und -datum<\/li><li>Personalisierter Timer-Nachrichtentext mit Formatierung<\/li><li>Erstellen Sie eine benutzerdefinierte Schaltfl\u00e4che unter dem Timer<\/li><\/ul><p><a href=\"#demo\">Probieren Sie einfach diese Demo aus, um zu sehen, wie es funktioniert<\/a><\/p> <\/div> <div class=\"application-platform-content-item-installation application-platform-content-item\" id=\"installation\" data-nav-section=\"installation\"> <h2>Wie Integriere ich den Countdown-Timer auf meiner Jimdo-Webseite? <\/h2> <p>F\u00fchren Sie einfach die folgenden Schritte aus, um mit der Verwendung des Tools zu beginnen. <\/p> <ol><li><b>Verwalten Sie unseren kostenlosen Konfigurator und beginnen Sie mit der Erstellung Ihres ma\u00dfgeschneiderten Instruments. <\/b><br> Finden Sie das bevorzugte Layout und die bevorzugten Funktionen des Widgets und speichern Sie die \u00c4nderungen. <\/li> <li><b>Kopieren Sie den individuellen Code, der im speziellen Formular auf Elfsight Apps angezeigt wird. <\/b><br> Sobald die Erstellung Ihres pers\u00f6nlichen Tools abgeschlossen ist, kopieren Sie den exklusiven Code aus dem angezeigten Feld und speichern Sie ihn f\u00fcr sp\u00e4tere Gelegenheiten. <\/li> <li><b>Initiieren Sie die Nutzung des Widgets auf Ihrer Jimdo-Site. <\/b><br> F\u00fcgen Sie den Code, den Sie k\u00fcrzlich gespeichert haben, in Ihre Website ein und \u00fcbernehmen Sie die \u00c4nderungen. <\/li> <li><b>Fertig! Die Integration ist erfolgreich abgeschlossen. <\/b><br> Besuchen Sie Ihre Website, um einen Blick auf die Leistung des Widgets zu werfen. <\/li><\/ol> <p>Sollten Sie auf Schwierigkeiten sto\u00dfen, wenden Sie sich bitte an unsere Kundendienstmitarbeiter. Unsere Berater helfen Ihnen gerne bei allen Fragen rund um das Widget weiter. <\/p> <div class=\"faq\" data-component=\"FAQ\"> <div class=\"faq-item\">\r\n\t\t\t\t\t<div class=\"faq-item-question\">\r\n\t\t\t\t\t\t<h3 class=\"faq-item-question-text\">Wie f\u00fcge ich ohne Programmierkenntnisse einen Countdown-Timer zu meiner Jimdo-Website hinzu?<\/h3>\r\n\r\n\t\t\t\t\t\t<div class=\"faq-item-question-icon\"><\/div>\r\n\t\t\t\t\t<\/div>\r\n\r\n\t\t\t\t\t<div class=\"faq-item-answer\">\r\n\t\t\t\t\t\t<div class=\"faq-item-answer-text\"> <p>Elfsight bietet eine SaaS-L\u00f6sung, mit der Sie selbst ein Countdown-Timer-Widget erstellen k\u00f6nnen. Sehen Sie, wie einfach das ist Der Vorgang ist: Arbeiten Sie direkt im Online-Editor, um ein Countdown-Timer-Widget zu erstellen, das Sie gerne auf Ihrer Jimdo-Website sehen w\u00fcrden. W\u00e4hlen Sie eine der vorgefertigten Vorlagen aus und passen Sie die Countdown-Timer-Einstellungen an, f\u00fcgen Sie Ihre Inhalte hinzu, \u00e4ndern Sie das Layout und das Farbschema ohne Programmierkenntnisse. Speichern Sie den Countdown-Timer und kopieren Sie seinen Installationscode, den Sie einfach in Ihre Jimdo-Website einbetten k\u00f6nnen, ohne einen kostenpflichtigen Plan zu kaufen. Mit unserem intuitiven Editor kann jeder Internetnutzer online ein Countdown-Timer-Widget erstellen und es einfach in seine Jimdo-Website einbetten. Sie m\u00fcssen weder bezahlen noch Ihre Kartendaten eingeben, um auf den Service zuzugreifen. Sollten bei irgendeinem Schritt Probleme auftreten, wenden Sie sich bitte an unser technisches Support-Team.<\/p> <\/div>\r\n\t\t\t\t\t<\/div>\r\n\t\t\t\t<\/div> <\/div> <\/div>","protected":false},"excerpt":{"rendered":"","protected":false},"author":9,"featured_media":0,"parent":578,"menu_order":0,"comment_status":"closed","ping_status":"closed","template":"templates\/template-application-platform.php","meta":{"publish_to_discourse":"","publish_post_category":"","wpdc_auto_publish_overridden":"","wpdc_topic_tags":"","wpdc_pin_topic":"","wpdc_pin_until":"","discourse_post_id":"","discourse_permalink":"","wpdc_publishing_response":"","wpdc_publishing_error":"","footnotes":""},"class_list":["post-16986","page","type-page","status-publish","hentry"],"yoast_head":"<!-- This site is optimized with the Yoast SEO plugin v25.3.1 - https:\/\/yoast.com\/wordpress\/plugins\/seo\/ -->\n<title>Das beste Jimdo Countdown-Timer-Widget f\u00fcr die Website (2025)<\/title>\n<meta name=\"description\" content=\"Erfahren Sie, wie Sie den Countdown-Timer kostenlos zu Jimdo hinzuf\u00fcgen. Verwenden Sie die beste interaktive Countdown-Uhr, um die Dringlichkeit von Verk\u00e4ufen auf einer Website zu steigern.\" \/>\n<meta name=\"robots\" content=\"index, follow, max-snippet:-1, max-image-preview:large, max-video-preview:-1\" \/>\n<link rel=\"canonical\" href=\"https:\/\/elfsight.com\/de\/countdown-timer-widget\/jimdo\/\" \/>\n<meta property=\"og:locale\" content=\"de_DE\" \/>\n<meta property=\"og:type\" content=\"article\" \/>\n<meta property=\"og:title\" content=\"Das beste Jimdo Countdown-Timer-Widget f\u00fcr die Website (2025)\" \/>\n<meta property=\"og:description\" content=\"Erfahren Sie, wie Sie den Countdown-Timer kostenlos zu Jimdo hinzuf\u00fcgen. Verwenden Sie die beste interaktive Countdown-Uhr, um die Dringlichkeit von Verk\u00e4ufen auf einer Website zu steigern.\" \/>\n<meta property=\"og:url\" content=\"https:\/\/elfsight.com\/de\/countdown-timer-widget\/jimdo\/\" \/>\n<meta property=\"og:site_name\" content=\"Elfsight DE\" \/>\n<meta property=\"article:modified_time\" content=\"2025-07-08T10:32:51+00:00\" \/>\n<meta name=\"twitter:card\" content=\"summary_large_image\" \/>\n<meta name=\"twitter:label1\" content=\"Gesch\u00e4tzte Lesezeit\" \/>\n\t<meta name=\"twitter:data1\" content=\"3\u00a0Minuten\" \/>\n<!-- \/ Yoast SEO plugin. -->","yoast_head_json":{"title":"Das beste Jimdo Countdown-Timer-Widget f\u00fcr die Website (2025)","description":"Erfahren Sie, wie Sie den Countdown-Timer kostenlos zu Jimdo hinzuf\u00fcgen. Verwenden Sie die beste interaktive Countdown-Uhr, um die Dringlichkeit von Verk\u00e4ufen auf einer Website zu steigern.","robots":{"index":"index","follow":"follow","max-snippet":"max-snippet:-1","max-image-preview":"max-image-preview:large","max-video-preview":"max-video-preview:-1"},"canonical":"https:\/\/elfsight.com\/de\/countdown-timer-widget\/jimdo\/","og_locale":"de_DE","og_type":"article","og_title":"Das beste Jimdo Countdown-Timer-Widget f\u00fcr die Website (2025)","og_description":"Erfahren Sie, wie Sie den Countdown-Timer kostenlos zu Jimdo hinzuf\u00fcgen. Verwenden Sie die beste interaktive Countdown-Uhr, um die Dringlichkeit von Verk\u00e4ufen auf einer Website zu steigern.","og_url":"https:\/\/elfsight.com\/de\/countdown-timer-widget\/jimdo\/","og_site_name":"Elfsight DE","article_modified_time":"2025-07-08T10:32:51+00:00","twitter_card":"summary_large_image","twitter_misc":{"Gesch\u00e4tzte Lesezeit":"3\u00a0Minuten"},"schema":{"@context":"https:\/\/schema.org","@graph":[{"@type":"WebPage","@id":"https:\/\/elfsight.com\/de\/countdown-timer-widget\/jimdo\/","url":"https:\/\/elfsight.com\/de\/countdown-timer-widget\/jimdo\/","name":"Das beste Jimdo Countdown-Timer-Widget f\u00fcr die Website (2025)","isPartOf":{"@id":"https:\/\/elfsight.com\/de\/#website"},"datePublished":"2024-05-03T06:33:57+00:00","dateModified":"2025-07-08T10:32:51+00:00","description":"Erfahren Sie, wie Sie den Countdown-Timer kostenlos zu Jimdo hinzuf\u00fcgen. Verwenden Sie die beste interaktive Countdown-Uhr, um die Dringlichkeit von Verk\u00e4ufen auf einer Website zu steigern.","breadcrumb":{"@id":"https:\/\/elfsight.com\/de\/countdown-timer-widget\/jimdo\/#breadcrumb"},"inLanguage":"de","potentialAction":[{"@type":"ReadAction","target":["https:\/\/elfsight.com\/de\/countdown-timer-widget\/jimdo\/"]}]},{"@type":"BreadcrumbList","@id":"https:\/\/elfsight.com\/de\/countdown-timer-widget\/jimdo\/#breadcrumb","itemListElement":[{"@type":"ListItem","position":1,"name":"Home","item":"https:\/\/elfsight.com\/de\/"},{"@type":"ListItem","position":2,"name":"Countdown Timer","item":"https:\/\/elfsight.com\/de\/countdown-timer-widget\/"},{"@type":"ListItem","position":3,"name":"Countdown Timer &#8211; Jimdo"}]},{"@type":"WebSite","@id":"https:\/\/elfsight.com\/de\/#website","url":"https:\/\/elfsight.com\/de\/","name":"Elfsight DE","description":"Just another Elfsight Sites site","potentialAction":[{"@type":"SearchAction","target":{"@type":"EntryPoint","urlTemplate":"https:\/\/elfsight.com\/de\/?s={search_term_string}"},"query-input":{"@type":"PropertyValueSpecification","valueRequired":true,"valueName":"search_term_string"}}],"inLanguage":"de"}]}},"meta_box":{"industry":"","seo_heading":"","heading":"","description":"","cta_heading":"","cta_description":"","application":"474","h1":"Jimdo Countdown-Timer-Widget","h1_caption":"Richten Sie einen Countdown f\u00fcr wichtige Ereignisse oder Werbeaktionen ein, um Ihren Besuchern auf Ihrer Jimdo-Website m\u00fchelos ein Gef\u00fchl der Dringlichkeit zu vermitteln.","application_category":[],"applications_title":"","applications_request_title":"","applications_request_button_text":"","hero_text":"","hero_video":"","hero_video_schema_markup":"","selling_points_title":"","selling_points_caption":"","selling_points":[],"selling_points_cta_text":"","features_title":"","features":"","ed_cta_examples_text":"","ed_cta_examples_hidden":"","ed_cta_demo_text":"","ed_cta_demo_hidden":"","why_caption":"","why_editor_title":"","why_editor_text":"","why_team_title":"","why_team_text":"","why_service_title":"","why_service_text":"","template_catalog_visible":"","template_catalog_title":"","template_catalog_text":"","template_catalog_categories_visible":"","demo_title":"Erstellen Sie Ihr Countdown-Timer-Widget","demo_caption":"Konfigurieren Sie Ihren Countdown-Timer und f\u00fcgen Sie ihn kostenlos zu Ihrer Jimdo-Website hinzu!","default_faq_hidden":"","app_template_category":[],"platform":"239","template_public_id":"","codecanyon_url":"","codecanyon_item_id":"","codecanyon_price":"","pricing_caption":"","pricing_elfsight_apps_hide_column":"","pricing_elfsight_apps_url":"","pricing_codecanyon_price_caption":"","integration_category":[],"integration_request_title":"","integration_request_cta":"","integration_platform":"","integrations":[],"platform_category":[],"video_schema_markup":"","price":"ab 0 $ \/ Monat","trial":"","benefits":[{"text":"Kostenloser Installationsservice"},{"text":"Professioneller Kundenservice"},{"text":"14-t\u00e4gige R\u00fcckerstattungsgarantie"},{"text":"Zuk\u00fcnftige kostenlose Verbesserungen"}],"button_url":"#demo","button_target_blank":"","button_nofollow":"","attributes":[{"name":"Installiert","content":"100,000 - 500,000"},{"name":"Reaktionsfreudig","content":"Ja"},{"name":"Kompatible Browser","content":"Firefox, Safari, Opera, Chrome, Edge"}],"tags":[],"tags_disable_links":"","hide_more_platforms":"","video_object":"","demo_hide_cta":"","demo_hide_cloud_options":"","pricing_title":"","pricing":[{"pricing_icon":"platform","pricing_title":"Elfsight Apps","pricing_title_caption":"Plattformunabh\u00e4ngige Software, die auf jeder Website funktioniert","pricing_price":"ab 0 $ \/ Monat","pricing_price_caption":"Beginnen Sie mit einem kostenlosen Plan","pricing_benefits":[{"text":"Unbegrenzte Websites"},{"text":"Kundensupport rund um die Uhr"},{"text":"Kostenloser Installationsservice"},{"text":"Flexibles Design"}],"pricing_button_text":"Zur Website hinzuf\u00fcgen","pricing_button_url":"#demo"}],"related_apps_title":"","related_apps_hidden":"","author":"","image":[],"title":"","job":"","social_networks":[]},"_links":{"self":[{"href":"https:\/\/elfsight.com\/de\/wp-json\/wp\/v2\/pages\/16986","targetHints":{"allow":["GET"]}}],"collection":[{"href":"https:\/\/elfsight.com\/de\/wp-json\/wp\/v2\/pages"}],"about":[{"href":"https:\/\/elfsight.com\/de\/wp-json\/wp\/v2\/types\/page"}],"author":[{"embeddable":true,"href":"https:\/\/elfsight.com\/de\/wp-json\/wp\/v2\/users\/9"}],"replies":[{"embeddable":true,"href":"https:\/\/elfsight.com\/de\/wp-json\/wp\/v2\/comments?post=16986"}],"version-history":[{"count":1,"href":"https:\/\/elfsight.com\/de\/wp-json\/wp\/v2\/pages\/16986\/revisions"}],"predecessor-version":[{"id":16990,"href":"https:\/\/elfsight.com\/de\/wp-json\/wp\/v2\/pages\/16986\/revisions\/16990"}],"up":[{"embeddable":true,"href":"https:\/\/elfsight.com\/de\/wp-json\/wp\/v2\/pages\/578"}],"wp:attachment":[{"href":"https:\/\/elfsight.com\/de\/wp-json\/wp\/v2\/media?parent=16986"}],"curies":[{"name":"wp","href":"https:\/\/api.w.org\/{rel}","templated":true}]}}