{"id":16983,"date":"2024-05-03T06:33:28","date_gmt":"2024-05-03T06:33:28","guid":{"rendered":"https:\/\/elfsight.com\/de\/?page_id=16983"},"modified":"2025-01-15T06:15:20","modified_gmt":"2025-01-15T06:15:20","slug":"blogger","status":"publish","type":"page","link":"https:\/\/elfsight.com\/de\/cookie-consent-widget\/blogger\/","title":{"rendered":"Cookie Consent &#8211; Blogger"},"content":{"rendered":"\n<div class=\"application-platform-content-item-description application-platform-content-item\" id=\"description\" data-nav-section=\"description\"> <h2>Beschreibung<\/h2> <p>Mit Hilfe des Elfsight-Cookie-Widgets ist es \u00e4u\u00dferst unkompliziert, Ihr Publikum dar\u00fcber zu informieren, dass Ihre Website verwendet wird Cookies mittels einer moderaten Popup-Leiste. Mit diesem Widget k\u00f6nnen Sie Ihre eigene Nachricht anzeigen, einen Link zur Website-Nutzungsrichtlinie bereitstellen und aktive Schaltfl\u00e4chen platzieren, um die Genehmigung von Benutzern anzufordern. Es steht Ihnen frei, das Widget in Form einer Leiste oder einer responsiven Box anzuzeigen und seine Position innerhalb der Seite auszuw\u00e4hlen. Dar\u00fcber hinaus hilft Ihnen die Option, Oberfl\u00e4chenelemente zu malen, dabei, dass sie nativ aussieht und sich gut in das Stilkonzept der Website einf\u00fcgt. <\/p> <div class=\"faq\" data-component=\"FAQ\"> <div class=\"faq-item\">\r\n\t\t\t\t\t<div class=\"faq-item-question\">\r\n\t\t\t\t\t\t<h3 class=\"faq-item-question-text\">Wo auf meiner Website kann ich das Widget hinzuf\u00fcgen<\/h3>\r\n\r\n\t\t\t\t\t\t<div class=\"faq-item-question-icon\"><\/div>\r\n\t\t\t\t\t<\/div>\r\n\r\n\t\t\t\t\t<div class=\"faq-item-answer\">\r\n\t\t\t\t\t\t<div class=\"faq-item-answer-text\"> <p>Sie k\u00f6nnen das Plugin je nach Bedarf auf jeder Seite Ihrer Website sowie auf allen Seiten anzeigen . Unmittelbar nachdem eine Person die Seite aufgerufen hat, wird eine Cookie-Ank\u00fcndigung angezeigt.<\/p> <\/div>\r\n\t\t\t\t\t<\/div>\r\n\t\t\t\t<\/div> <div class=\"faq-item\">\r\n\t\t\t\t\t<div class=\"faq-item-question\">\r\n\t\t\t\t\t\t<h3 class=\"faq-item-question-text\">Welche Vorteile bietet mir das Widget?<\/h3>\r\n\r\n\t\t\t\t\t\t<div class=\"faq-item-question-icon\"><\/div>\r\n\t\t\t\t\t<\/div>\r\n\r\n\t\t\t\t\t<div class=\"faq-item-answer\">\r\n\t\t\t\t\t\t<div class=\"faq-item-answer-text\"> <p>Unser Widget hilft Ihnen, dies anzuzeigen Eine sofortige Cookie-Ank\u00fcndigung ohne Programmieraufwand und maximal schnell. Es ist in alle g\u00e4ngigen europ\u00e4ischen Sprachen \u00fcbersetzt, um Ihren Benutzern eine einfache Bedienung zu gew\u00e4hrleisten.<\/p> <\/div>\r\n\t\t\t\t\t<\/div>\r\n\t\t\t\t<\/div><div class=\"faq-item\">\r\n\t\t\t\t\t<div class=\"faq-item-question\">\r\n\t\t\t\t\t\t<h3 class=\"faq-item-question-text\">Wie kann ich das Cookie-Widget in meine Blogger-Website einbetten?<\/h3>\r\n\r\n\t\t\t\t\t\t<div class=\"faq-item-question-icon\"><\/div>\r\n\t\t\t\t\t<\/div>\r\n\r\n\t\t\t\t\t<div class=\"faq-item-answer\">\r\n\t\t\t\t\t\t<div class=\"faq-item-answer-text\"> <p>Es dauert nur einen Es dauert ein paar Minuten, bis das Widget betriebsbereit ist. Die Einbettung erfolgt extrem schnell und ohne Codierung. <\/p> <p>Sie k\u00f6nnen das Widget \u00fcber unseren Service in die Webseite einbetten. Wenden Sie einfach die nachstehende Anleitung auf dieser Seite an.<\/p><\/div>\r\n\t\t\t\t\t<\/div>\r\n\t\t\t\t<\/div> <\/div><\/div><div class=\"application-platform-content-item-features application-platform-content-item\" id=\"features\" data-nav-section=\"features\"> <h2>Funktionen<\/h2> <p>Um eine bessere Vorstellung davon zu haben Hier finden Sie die Liste der Hauptmerkmale des Widgets. Sie machen das Widget f\u00fcr Sie maximal effizient: <\/p> <ul><li>Nur eine Benachrichtigung anzeigen oder eine Genehmigungsanfrage hinzuf\u00fcgen; <\/li> <li>Die Option zum Festlegen einer benutzerdefinierten Benachrichtigung, die Formatierungsfunktionen und Links unterst\u00fctzt; <\/li> <li>Aktiven Link zu den Cookie-Bedingungen anzeigen oder deaktivieren und benutzerdefinierten Linktext hinzuf\u00fcgen; <\/li> <li> W\u00e4hlen Sie den Layouttyp \u201eBalken\u201c oder \u201eBox\u201c der Benachrichtigung aus; <\/li> <li>W\u00e4hlen Sie die Farbe der Schaltfl\u00e4chen und Links. <\/li> <\/ul><p><a href=\"#demo\">Unsere Demo zeigt Ihnen weitere Funktionen<\/a><\/p> <\/div> <div class=\"application-platform-content-item-installation application-platform-content-item\" id=\"installation\" data-nav-section=\"installation\"> <h2>So f\u00fcgen Sie die Cookie-Einwilligung zu Ihrer Blogger-Site hinzu<\/h2><div class=\"viseo-container\"><iframe width=\"560\" height=\"315\" src=\"https:\/\/www.youtube.com\/embed\/ltXYPZLkBJY?si=tDY29FucjC2jPMO7\" frameborder=\"0\" allow=\"accelerometer; autoplay; clipboard-write; encrypted-media; gyroscope; picture-in-picture; web-share\" allowfullscreen><\/iframe><\/div><p>Die folgenden Aktionen sind das Einzige, was Sie integrieren m\u00fcssen. <\/p> <ol><li><b>Erstellen Sie Ihr eigenes Cookie-Widget<\/b><br> Gestalten Sie mit unserer kostenlosen Demo ein Plugin mit einem bevorzugten Layout und funktionalen Eigenschaften.<\/li><li> <b>Erhalten Sie den individuellen Code zur Integration des Plugins<\/b><br> Nachdem Sie Ihr Widget eingerichtet haben, erhalten Sie Ihren Installationscode aus der angezeigten Benachrichtigung auf Elfsight Apps. Kopieren Sie diesen Code.<\/li> <li><b>Ver\u00f6ffentlichen Sie das Plugin auf Ihrer Blogger-Website<\/b><br> W\u00e4hlen Sie den Bereich aus, in dem Sie das Plugin anzeigen m\u00f6chten, und f\u00fcgen Sie dort den gespeicherten Code hinzu. Speichern Sie die \u00c4nderungen.<\/li> <li><b>Herzlichen Gl\u00fcckwunsch! Sie haben gerade das Widget hinzugef\u00fcgt!<\/b><br> Geben Sie Ihre Website ein, um einen Blick auf Ihr Plugin zu werfen.<\/li> <\/ol><p>Sie k\u00f6nnen immer noch keine Entscheidung treffen? Oder haben Sie Anfragen? Mit nur einer einzigen Anfrage an unser Support-Team l\u00e4sst sich jede Frage l\u00f6sen. <\/p> <\/div>\n","protected":false},"excerpt":{"rendered":"","protected":false},"author":9,"featured_media":0,"parent":859,"menu_order":0,"comment_status":"closed","ping_status":"closed","template":"templates\/template-application-platform.php","meta":{"publish_to_discourse":"","publish_post_category":"","wpdc_auto_publish_overridden":"","wpdc_topic_tags":"","wpdc_pin_topic":"","wpdc_pin_until":"","discourse_post_id":"","discourse_permalink":"","wpdc_publishing_response":"","wpdc_publishing_error":"","footnotes":""},"class_list":["post-16983","page","type-page","status-publish","hentry"],"yoast_head":"<!-- This site is optimized with the Yoast SEO plugin v25.3.1 - https:\/\/yoast.com\/wordpress\/plugins\/seo\/ -->\n<title>Widget \u201eCookie-Zustimmung\u201c zur Blogger-Website hinzuf\u00fcgen (2025)<\/title>\n<meta name=\"description\" content=\"Erstellen Sie mit Elfsight Ihre Cookie-Einwilligung und f\u00fcgen Sie sie schnell und einfach auf Ihrer Blogger-Website hinzu. Wir bieten kostenlosen Kundenservice und weitere Boni.\" \/>\n<meta name=\"robots\" content=\"index, follow, max-snippet:-1, max-image-preview:large, max-video-preview:-1\" \/>\n<link rel=\"canonical\" href=\"https:\/\/elfsight.com\/de\/cookie-consent-widget\/blogger\/\" \/>\n<meta property=\"og:locale\" content=\"de_DE\" \/>\n<meta property=\"og:type\" content=\"article\" \/>\n<meta property=\"og:title\" content=\"Widget \u201eCookie-Zustimmung\u201c zur Blogger-Website hinzuf\u00fcgen (2025)\" \/>\n<meta property=\"og:description\" content=\"Erstellen Sie mit Elfsight Ihre Cookie-Einwilligung und f\u00fcgen Sie sie schnell und einfach auf Ihrer Blogger-Website hinzu. Wir bieten kostenlosen Kundenservice und weitere Boni.\" \/>\n<meta property=\"og:url\" content=\"https:\/\/elfsight.com\/de\/cookie-consent-widget\/blogger\/\" \/>\n<meta property=\"og:site_name\" content=\"Elfsight DE\" \/>\n<meta property=\"article:modified_time\" content=\"2025-01-15T06:15:20+00:00\" \/>\n<meta name=\"twitter:card\" content=\"summary_large_image\" \/>\n<meta name=\"twitter:label1\" content=\"Gesch\u00e4tzte Lesezeit\" \/>\n\t<meta name=\"twitter:data1\" content=\"3\u00a0Minuten\" \/>\n<!-- \/ Yoast SEO plugin. -->","yoast_head_json":{"title":"Widget \u201eCookie-Zustimmung\u201c zur Blogger-Website hinzuf\u00fcgen (2025)","description":"Erstellen Sie mit Elfsight Ihre Cookie-Einwilligung und f\u00fcgen Sie sie schnell und einfach auf Ihrer Blogger-Website hinzu. Wir bieten kostenlosen Kundenservice und weitere Boni.","robots":{"index":"index","follow":"follow","max-snippet":"max-snippet:-1","max-image-preview":"max-image-preview:large","max-video-preview":"max-video-preview:-1"},"canonical":"https:\/\/elfsight.com\/de\/cookie-consent-widget\/blogger\/","og_locale":"de_DE","og_type":"article","og_title":"Widget \u201eCookie-Zustimmung\u201c zur Blogger-Website hinzuf\u00fcgen (2025)","og_description":"Erstellen Sie mit Elfsight Ihre Cookie-Einwilligung und f\u00fcgen Sie sie schnell und einfach auf Ihrer Blogger-Website hinzu. Wir bieten kostenlosen Kundenservice und weitere Boni.","og_url":"https:\/\/elfsight.com\/de\/cookie-consent-widget\/blogger\/","og_site_name":"Elfsight DE","article_modified_time":"2025-01-15T06:15:20+00:00","twitter_card":"summary_large_image","twitter_misc":{"Gesch\u00e4tzte Lesezeit":"3\u00a0Minuten"},"schema":{"@context":"https:\/\/schema.org","@graph":[{"@type":"WebPage","@id":"https:\/\/elfsight.com\/de\/cookie-consent-widget\/blogger\/","url":"https:\/\/elfsight.com\/de\/cookie-consent-widget\/blogger\/","name":"Widget \u201eCookie-Zustimmung\u201c zur Blogger-Website hinzuf\u00fcgen (2025)","isPartOf":{"@id":"https:\/\/elfsight.com\/de\/#website"},"datePublished":"2024-05-03T06:33:28+00:00","dateModified":"2025-01-15T06:15:20+00:00","description":"Erstellen Sie mit Elfsight Ihre Cookie-Einwilligung und f\u00fcgen Sie sie schnell und einfach auf Ihrer Blogger-Website hinzu. Wir bieten kostenlosen Kundenservice und weitere Boni.","breadcrumb":{"@id":"https:\/\/elfsight.com\/de\/cookie-consent-widget\/blogger\/#breadcrumb"},"inLanguage":"de","potentialAction":[{"@type":"ReadAction","target":["https:\/\/elfsight.com\/de\/cookie-consent-widget\/blogger\/"]}]},{"@type":"BreadcrumbList","@id":"https:\/\/elfsight.com\/de\/cookie-consent-widget\/blogger\/#breadcrumb","itemListElement":[{"@type":"ListItem","position":1,"name":"Home","item":"https:\/\/elfsight.com\/de\/"},{"@type":"ListItem","position":2,"name":"Cookie Consent","item":"https:\/\/elfsight.com\/de\/cookie-consent-widget\/"},{"@type":"ListItem","position":3,"name":"Cookie Consent &#8211; Blogger"}]},{"@type":"WebSite","@id":"https:\/\/elfsight.com\/de\/#website","url":"https:\/\/elfsight.com\/de\/","name":"Elfsight DE","description":"Just another Elfsight Sites site","potentialAction":[{"@type":"SearchAction","target":{"@type":"EntryPoint","urlTemplate":"https:\/\/elfsight.com\/de\/?s={search_term_string}"},"query-input":{"@type":"PropertyValueSpecification","valueRequired":true,"valueName":"search_term_string"}}],"inLanguage":"de"}]}},"meta_box":{"industry":"","seo_heading":"","heading":"","description":"","cta_heading":"","cta_description":"","application":"486","h1":"Blogger-Cookie-Einwilligungs-Widget","h1_caption":"Halten Sie die Datenschutzbestimmungen ein, indem Sie Ihrer Website ein Cookie-Zustimmungsbanner hinzuf\u00fcgen und so die Transparenz der Benutzerdaten auf Ihrer Blogger-Website m\u00fchelos gew\u00e4hrleisten.","application_category":[],"applications_title":"","applications_request_title":"","applications_request_button_text":"","hero_text":"","hero_video":"","hero_video_schema_markup":"","selling_points_title":"","selling_points_caption":"","selling_points":[],"selling_points_cta_text":"","features_title":"","features":"","ed_cta_examples_text":"","ed_cta_examples_hidden":"","ed_cta_demo_text":"","ed_cta_demo_hidden":"","why_caption":"","why_editor_title":"","why_editor_text":"","why_team_title":"","why_team_text":"","why_service_title":"","why_service_text":"","template_catalog_visible":"0","template_catalog_title":"","template_catalog_text":"","template_catalog_categories_visible":"","demo_title":"Erstellen Sie Ihr Cookie-Zustimmungs-Widget","demo_caption":"Konfigurieren Sie Ihre Cookie-Einwilligung und f\u00fcgen Sie sie kostenlos zu Ihrer Blogger-Website hinzu!","default_faq_hidden":"","app_template_category":[],"platform":"262","template_public_id":"","codecanyon_url":"","codecanyon_item_id":"","codecanyon_price":"","pricing_caption":"","pricing_elfsight_apps_hide_column":"","pricing_elfsight_apps_url":"","pricing_codecanyon_price_caption":"","integration_category":[],"integration_request_title":"","integration_request_cta":"","integration_platform":"","integrations":[],"platform_category":[],"video_schema_markup":"","price":"ab 0 $ \/ Monat","trial":"","benefits":[{"text":"Kostenlose Installationsunterst\u00fctzung"},{"text":"Kompetenter Kundenservice"},{"text":"14-t\u00e4gige Geld-zur\u00fcck-Garantie"},{"text":"Kontinuierliche kostenlose Updates"}],"button_url":"#demo","button_target_blank":"0","button_nofollow":"0","attributes":[{"name":"Installiert","content":"100,000 - 500,000"},{"name":"Reaktionsfreudig","content":"Ja"},{"name":"Kompatible Browser","content":"Firefox, Safari, Opera, Chrome, Edge"}],"tags":[],"tags_disable_links":"0","hide_more_platforms":"","video_object":"","demo_hide_cta":"0","demo_hide_cloud_options":"0","pricing_title":"","pricing":[{"pricing_icon":"platform","pricing_title":"Elfsight Apps","pricing_title_caption":"Multiplattform-L\u00f6sung","pricing_price":"ab 0 $ \/ Monat","pricing_price_caption":"Beginnen Sie mit einem kostenlosen Plan","pricing_benefits":[{"text":"Unbegrenzte Domains"},{"text":"Engagierter und p\u00fcnktlicher Support und gut dokumentiert"},{"text":"Kostenloser Installationsservice"},{"text":"100 % anpassbar"}],"pricing_button_text":"Zur Website hinzuf\u00fcgen","pricing_button_url":"#demo"}],"related_apps_title":"","related_apps_hidden":"0","author":"","image":[],"title":"","job":"","social_networks":[]},"_links":{"self":[{"href":"https:\/\/elfsight.com\/de\/wp-json\/wp\/v2\/pages\/16983","targetHints":{"allow":["GET"]}}],"collection":[{"href":"https:\/\/elfsight.com\/de\/wp-json\/wp\/v2\/pages"}],"about":[{"href":"https:\/\/elfsight.com\/de\/wp-json\/wp\/v2\/types\/page"}],"author":[{"embeddable":true,"href":"https:\/\/elfsight.com\/de\/wp-json\/wp\/v2\/users\/9"}],"replies":[{"embeddable":true,"href":"https:\/\/elfsight.com\/de\/wp-json\/wp\/v2\/comments?post=16983"}],"version-history":[{"count":3,"href":"https:\/\/elfsight.com\/de\/wp-json\/wp\/v2\/pages\/16983\/revisions"}],"predecessor-version":[{"id":23741,"href":"https:\/\/elfsight.com\/de\/wp-json\/wp\/v2\/pages\/16983\/revisions\/23741"}],"up":[{"embeddable":true,"href":"https:\/\/elfsight.com\/de\/wp-json\/wp\/v2\/pages\/859"}],"wp:attachment":[{"href":"https:\/\/elfsight.com\/de\/wp-json\/wp\/v2\/media?parent=16983"}],"curies":[{"name":"wp","href":"https:\/\/api.w.org\/{rel}","templated":true}]}}