{"id":16978,"date":"2024-05-03T06:33:27","date_gmt":"2024-05-03T06:33:27","guid":{"rendered":"https:\/\/elfsight.com\/de\/?page_id=16978"},"modified":"2025-01-15T06:17:21","modified_gmt":"2025-01-15T06:17:21","slug":"drupal","status":"publish","type":"page","link":"https:\/\/elfsight.com\/de\/cookie-consent-widget\/drupal\/","title":{"rendered":"Cookie Consent &#8211; Drupal"},"content":{"rendered":"\n<div class=\"application-platform-content-item-description application-platform-content-item\" id=\"description\" data-nav-section=\"description\"> <h2>Beschreibung<\/h2> <p>Mit dem Cookie-Modul von Elfsight ist es ganz einfach, Zuschauer dar\u00fcber zu informieren, dass Ihre Website Cookies verwendet, die a anzeigen moderates Popup-Fenster. Mit dem Widget k\u00f6nnen Sie Ihre eigene Nachricht hinzuf\u00fcgen, einen Link zur Website-Nutzungsrichtlinie platzieren und aktive Schaltfl\u00e4chen platzieren, um die Zustimmung der Benutzer einzuholen. Sie k\u00f6nnen das Widget in der Art einer Seitenleiste oder einer reaktionsf\u00e4higen Box anordnen und einen beliebigen Ort daf\u00fcr ausw\u00e4hlen. Dar\u00fcber hinaus helfen Ihnen \u00fcbermalbare Elemente dabei, das Widget nativ aussehen zu lassen und sich gut in das Stilkonzept der Website zu integrieren.<\/p> <div class=\"faq\" data-component=\"FAQ\"> <div class=\"faq-item\">\r\n\t\t\t\t\t<div class=\"faq-item-question\">\r\n\t\t\t\t\t\t<h3 class=\"faq-item-question-text\">Wo auf meiner Website kann ich das Widget einbetten<\/h3>\r\n\r\n\t\t\t\t\t\t<div class=\"faq-item-question-icon\"><\/div>\r\n\t\t\t\t\t<\/div>\r\n\r\n\t\t\t\t\t<div class=\"faq-item-answer\">\r\n\t\t\t\t\t\t<div class=\"faq-item-answer-text\"> <p>Das ist m\u00f6glich Platzieren Sie das Plugin auf einer der Seiten der Website oder auf allen Seiten, je nachdem, was Sie ben\u00f6tigen. Sobald eine Person die Seite betritt, erscheint eine Cookie-Ank\u00fcndigung. <\/p> <\/div>\r\n\t\t\t\t\t<\/div>\r\n\t\t\t\t<\/div><div class=\"faq-item\">\r\n\t\t\t\t\t<div class=\"faq-item-question\">\r\n\t\t\t\t\t\t<h3 class=\"faq-item-question-text\">Welche Vorteile bietet es mir?<\/h3>\r\n\r\n\t\t\t\t\t\t<div class=\"faq-item-question-icon\"><\/div>\r\n\t\t\t\t\t<\/div>\r\n\r\n\t\t\t\t\t<div class=\"faq-item-answer\">\r\n\t\t\t\t\t\t<div class=\"faq-item-answer-text\"> <p>Das Widget hilft Ihnen, eine sofortige Cookie-Benachrichtigung anzuzeigen, ganz ohne Codierung und maximal schnell. Es umfasst alle am weitesten verbreiteten europ\u00e4ischen Sprachen, um Ihren Website-Benutzern die beste Benutzererfahrung zu bieten. <\/p> <\/div>\r\n\t\t\t\t\t<\/div>\r\n\t\t\t\t<\/div> <div class=\"faq-item\">\r\n\t\t\t\t\t<div class=\"faq-item-question\">\r\n\t\t\t\t\t\t<h3 class=\"faq-item-question-text\">Was ben\u00f6tige ich, um Cookie Consent auf meiner Drupal-Website zu installieren?<\/h3>\r\n\r\n\t\t\t\t\t\t<div class=\"faq-item-question-icon\"><\/div>\r\n\t\t\t\t\t<\/div>\r\n\r\n\t\t\t\t\t<div class=\"faq-item-answer\">\r\n\t\t\t\t\t\t<div class=\"faq-item-answer-text\"> <p>Die Aktivierung dauert nur ein paar Minuten. Es ist wirklich schnell, kostenlos und ohne Programmierung. <\/p> <p>Das Widget kann \u00fcber unseren Service oder \u00fcber den Marktplatz eingerichtet werden. Hier k\u00f6nnen Sie weitere Informationen zu den beiden Varianten sehen und Ihre ausw\u00e4hlen.<\/p> <\/div>\r\n\t\t\t\t\t<\/div>\r\n\t\t\t\t<\/div> <\/div> <\/div> <div class=\"application-platform-content-item-features application-platform-content-item\" id=\"features\" data-nav-section=\"features\"> <h2>Funktionen<\/h2> <p>An Um ein umfassendes Verst\u00e4ndnis der Cookie-Einwilligung zu haben, schauen Sie sich die Liste der herausragendsten Funktionen an. Sie machen unser Widget f\u00fcr Sie unglaublich n\u00fctzlich:<\/p> <ul><li>W\u00e4hlen Sie den Typ der Ank\u00fcndigung oder Zustimmungsanfrage aus.<\/li> <li>Legen Sie einen benutzerdefinierten Ank\u00fcndigungstext fest, der Formatierungsoptionen und Links unterst\u00fctzt.<\/li> <li>Zeigen Sie einen Link zur Cookie-Richtlinie an oder deaktivieren Sie ihn und geben Sie benutzerdefinierten Linktext ein.<\/li> <li>W\u00e4hlen Sie die Balken- oder Box-Layoutvariante des Widgets.<\/li> <li>Legen Sie Ihre Farbe f\u00fcr Schaltfl\u00e4chen und Links fest.<\/li> <\/ul><p><a href=\"#demo\">Erfahren Sie weitere Funktionen in unserer Live-Demo<\/a><\/p> <\/div> <div class=\"application-platform-content-item-installation application-platform-content-item\" id=\"installation\" data-nav-section=\"installation\"> <h2>Finden Sie es heraus So f\u00fcgen Sie die Cookie-Einwilligung zu Ihrer Drupal-Website hinzu<\/h2><div class=\"video-container\"><iframe width=\"560\" height=\"315\" src=\"https:\/\/www.youtube.com\/embed\/VgPOMLXPJb4?si=BUoGSVNubHFMGqah\" frameborder=\"0\" allow=\"accelerometer; autoplay; clipboard-write; encrypted-media; gyroscope; picture-in-picture; web-share\" allowfullscreen><\/iframe><\/div><p>Befolgen Sie einfach die unten aufgef\u00fchrten Schritte, um das Modul auf Drupal hinzuzuf\u00fcgen.<\/p> <ol><li><b>Benutzen Sie unseren kostenlosen Editor und beginnen Sie mit der Erstellung Ihres individuellen Moduls. <\/b><br> Bestimmen Sie die benutzerdefinierte Benutzeroberfl\u00e4che und die Funktionsmerkmale des Cookie-Zustimmungsmoduls und wenden Sie die Korrekturen an. <\/li> <li><b>Kopieren Sie den individuellen Code, der in der Box auf Elfsight Apps angezeigt wird. <\/b><br> Wenn die Einrichtung Ihres Tools abgeschlossen ist, kopieren Sie den exklusiven Code aus dem erscheinenden Fenster und speichern Sie ihn zur sp\u00e4teren Verwendung. <\/li> <li><b>Initiieren Sie den Einsatz des Moduls auf der Drupal-Site. <\/b><br> Geben Sie den Code, den Sie zuvor kopiert haben, in Ihre Website ein und \u00fcbernehmen Sie die Korrekturen. <\/li> <li><b>Fertig! Die Einbettung ist vollst\u00e4ndig durchgef\u00fchrt. <\/b><br> Sehen Sie sich auf Ihrer Website an, wie das Tool funktioniert. <\/li><\/ol><p>Immer noch nicht sicher? Oder \u00fcber irgendetwas gestolpert? Mit nur einer einzigen Anfrage an unseren Kundenservice l\u00e4sst sich jedes Problem l\u00f6sen. <\/p> <\/div>\n","protected":false},"excerpt":{"rendered":"","protected":false},"author":9,"featured_media":0,"parent":859,"menu_order":0,"comment_status":"closed","ping_status":"closed","template":"templates\/template-application-platform.php","meta":{"publish_to_discourse":"","publish_post_category":"","wpdc_auto_publish_overridden":"","wpdc_topic_tags":"","wpdc_pin_topic":"","wpdc_pin_until":"","discourse_post_id":"","discourse_permalink":"","wpdc_publishing_response":"","wpdc_publishing_error":"","footnotes":""},"class_list":["post-16978","page","type-page","status-publish","hentry"],"yoast_head":"<!-- This site is optimized with the Yoast SEO plugin v25.3.1 - https:\/\/yoast.com\/wordpress\/plugins\/seo\/ -->\n<title>Cookie-Zustimmungsmodul zur Drupal-Website hinzuf\u00fcgen (in 2 Minuten)<\/title>\n<meta name=\"description\" content=\"Es ist ein Kinderspiel, Ihr Cookie-Einwilligungsmodul zu erstellen und auf Ihrer Drupal-Site zu ver\u00f6ffentlichen. Der Elfsight-Kundensupport ist kostenlos.\" \/>\n<meta name=\"robots\" content=\"index, follow, max-snippet:-1, max-image-preview:large, max-video-preview:-1\" \/>\n<link rel=\"canonical\" href=\"https:\/\/elfsight.com\/de\/cookie-consent-widget\/drupal\/\" \/>\n<meta property=\"og:locale\" content=\"de_DE\" \/>\n<meta property=\"og:type\" content=\"article\" \/>\n<meta property=\"og:title\" content=\"Cookie-Zustimmungsmodul zur Drupal-Website hinzuf\u00fcgen (in 2 Minuten)\" \/>\n<meta property=\"og:description\" content=\"Es ist ein Kinderspiel, Ihr Cookie-Einwilligungsmodul zu erstellen und auf Ihrer Drupal-Site zu ver\u00f6ffentlichen. Der Elfsight-Kundensupport ist kostenlos.\" \/>\n<meta property=\"og:url\" content=\"https:\/\/elfsight.com\/de\/cookie-consent-widget\/drupal\/\" \/>\n<meta property=\"og:site_name\" content=\"Elfsight DE\" \/>\n<meta property=\"article:modified_time\" content=\"2025-01-15T06:17:21+00:00\" \/>\n<meta name=\"twitter:card\" content=\"summary_large_image\" \/>\n<meta name=\"twitter:label1\" content=\"Gesch\u00e4tzte Lesezeit\" \/>\n\t<meta name=\"twitter:data1\" content=\"3\u00a0Minuten\" \/>\n<!-- \/ Yoast SEO plugin. -->","yoast_head_json":{"title":"Cookie-Zustimmungsmodul zur Drupal-Website hinzuf\u00fcgen (in 2 Minuten)","description":"Es ist ein Kinderspiel, Ihr Cookie-Einwilligungsmodul zu erstellen und auf Ihrer Drupal-Site zu ver\u00f6ffentlichen. Der Elfsight-Kundensupport ist kostenlos.","robots":{"index":"index","follow":"follow","max-snippet":"max-snippet:-1","max-image-preview":"max-image-preview:large","max-video-preview":"max-video-preview:-1"},"canonical":"https:\/\/elfsight.com\/de\/cookie-consent-widget\/drupal\/","og_locale":"de_DE","og_type":"article","og_title":"Cookie-Zustimmungsmodul zur Drupal-Website hinzuf\u00fcgen (in 2 Minuten)","og_description":"Es ist ein Kinderspiel, Ihr Cookie-Einwilligungsmodul zu erstellen und auf Ihrer Drupal-Site zu ver\u00f6ffentlichen. Der Elfsight-Kundensupport ist kostenlos.","og_url":"https:\/\/elfsight.com\/de\/cookie-consent-widget\/drupal\/","og_site_name":"Elfsight DE","article_modified_time":"2025-01-15T06:17:21+00:00","twitter_card":"summary_large_image","twitter_misc":{"Gesch\u00e4tzte Lesezeit":"3\u00a0Minuten"},"schema":{"@context":"https:\/\/schema.org","@graph":[{"@type":"WebPage","@id":"https:\/\/elfsight.com\/de\/cookie-consent-widget\/drupal\/","url":"https:\/\/elfsight.com\/de\/cookie-consent-widget\/drupal\/","name":"Cookie-Zustimmungsmodul zur Drupal-Website hinzuf\u00fcgen (in 2 Minuten)","isPartOf":{"@id":"https:\/\/elfsight.com\/de\/#website"},"datePublished":"2024-05-03T06:33:27+00:00","dateModified":"2025-01-15T06:17:21+00:00","description":"Es ist ein Kinderspiel, Ihr Cookie-Einwilligungsmodul zu erstellen und auf Ihrer Drupal-Site zu ver\u00f6ffentlichen. Der Elfsight-Kundensupport ist kostenlos.","breadcrumb":{"@id":"https:\/\/elfsight.com\/de\/cookie-consent-widget\/drupal\/#breadcrumb"},"inLanguage":"de","potentialAction":[{"@type":"ReadAction","target":["https:\/\/elfsight.com\/de\/cookie-consent-widget\/drupal\/"]}]},{"@type":"BreadcrumbList","@id":"https:\/\/elfsight.com\/de\/cookie-consent-widget\/drupal\/#breadcrumb","itemListElement":[{"@type":"ListItem","position":1,"name":"Home","item":"https:\/\/elfsight.com\/de\/"},{"@type":"ListItem","position":2,"name":"Cookie Consent","item":"https:\/\/elfsight.com\/de\/cookie-consent-widget\/"},{"@type":"ListItem","position":3,"name":"Cookie Consent &#8211; Drupal"}]},{"@type":"WebSite","@id":"https:\/\/elfsight.com\/de\/#website","url":"https:\/\/elfsight.com\/de\/","name":"Elfsight DE","description":"Just another Elfsight Sites site","potentialAction":[{"@type":"SearchAction","target":{"@type":"EntryPoint","urlTemplate":"https:\/\/elfsight.com\/de\/?s={search_term_string}"},"query-input":{"@type":"PropertyValueSpecification","valueRequired":true,"valueName":"search_term_string"}}],"inLanguage":"de"}]}},"meta_box":{"industry":"","seo_heading":"","heading":"","description":"","cta_heading":"","cta_description":"","application":"486","h1":"Drupal-Cookie-Zustimmungsmodul","h1_caption":"Halten Sie die Datenschutzbestimmungen ein, indem Sie Ihrer Website ein Cookie-Zustimmungsbanner hinzuf\u00fcgen und so die Transparenz der Benutzerdaten auf Ihrer Drupal-Website m\u00fchelos gew\u00e4hrleisten.","application_category":[],"applications_title":"","applications_request_title":"","applications_request_button_text":"","hero_text":"","hero_video":"","hero_video_schema_markup":"","selling_points_title":"","selling_points_caption":"","selling_points":[],"selling_points_cta_text":"","features_title":"","features":"","ed_cta_examples_text":"","ed_cta_examples_hidden":"","ed_cta_demo_text":"","ed_cta_demo_hidden":"","why_caption":"","why_editor_title":"","why_editor_text":"","why_team_title":"","why_team_text":"","why_service_title":"","why_service_text":"","template_catalog_visible":"0","template_catalog_title":"","template_catalog_text":"","template_catalog_categories_visible":"","demo_title":"Erstellen Sie Ihr Cookie-Einwilligungsmodul","demo_caption":"Konfigurieren Sie Ihre Cookie-Einwilligung und f\u00fcgen Sie sie kostenlos zu Ihrer Drupal-Website hinzu!","default_faq_hidden":"","app_template_category":[],"platform":"261","template_public_id":"","codecanyon_url":"","codecanyon_item_id":"","codecanyon_price":"","pricing_caption":"","pricing_elfsight_apps_hide_column":"","pricing_elfsight_apps_url":"","pricing_codecanyon_price_caption":"","integration_category":[],"integration_request_title":"","integration_request_cta":"","integration_platform":"","integrations":[],"platform_category":[],"video_schema_markup":"","price":"ab 0 $ \/ Monat","trial":"","benefits":[{"text":"Kostenloser Installationsservice"},{"text":"Kompetenter Kundenservice"},{"text":"14-t\u00e4gige Geld-zur\u00fcck-Garantie"},{"text":"Zuk\u00fcnftige Updates"}],"button_url":"#demo","button_target_blank":"0","button_nofollow":"0","attributes":[{"name":"Installiert","content":"100,000 - 500,000"},{"name":"Reaktionsfreudig","content":"Ja"},{"name":"Kompatible Browser","content":"Firefox, Safari, Opera, Chrome, Edge"}],"tags":[],"tags_disable_links":"0","hide_more_platforms":"","video_object":"","demo_hide_cta":"0","demo_hide_cloud_options":"0","pricing_title":"","pricing":[{"pricing_icon":"platform","pricing_title":"Elfsight Apps","pricing_title_caption":"Plattform\u00fcbergreifende Software, die f\u00fcr jede Website geeignet ist","pricing_price":"ab 0 $ \/ Monat","pricing_price_caption":"Beginnen Sie mit einem kostenlosen Plan","pricing_benefits":[{"text":"Unbegrenzte Domains"},{"text":"Erstklassiger und p\u00fcnktlicher Support"},{"text":"Kostenloser Installationsservice"},{"text":"Sonderangebot f\u00fcr mehrere Apps"}],"pricing_button_text":"Zur Website hinzuf\u00fcgen","pricing_button_url":"#demo"}],"related_apps_title":"","related_apps_hidden":"0","author":"","image":[],"title":"","job":"","social_networks":[]},"_links":{"self":[{"href":"https:\/\/elfsight.com\/de\/wp-json\/wp\/v2\/pages\/16978","targetHints":{"allow":["GET"]}}],"collection":[{"href":"https:\/\/elfsight.com\/de\/wp-json\/wp\/v2\/pages"}],"about":[{"href":"https:\/\/elfsight.com\/de\/wp-json\/wp\/v2\/types\/page"}],"author":[{"embeddable":true,"href":"https:\/\/elfsight.com\/de\/wp-json\/wp\/v2\/users\/9"}],"replies":[{"embeddable":true,"href":"https:\/\/elfsight.com\/de\/wp-json\/wp\/v2\/comments?post=16978"}],"version-history":[{"count":3,"href":"https:\/\/elfsight.com\/de\/wp-json\/wp\/v2\/pages\/16978\/revisions"}],"predecessor-version":[{"id":23743,"href":"https:\/\/elfsight.com\/de\/wp-json\/wp\/v2\/pages\/16978\/revisions\/23743"}],"up":[{"embeddable":true,"href":"https:\/\/elfsight.com\/de\/wp-json\/wp\/v2\/pages\/859"}],"wp:attachment":[{"href":"https:\/\/elfsight.com\/de\/wp-json\/wp\/v2\/media?parent=16978"}],"curies":[{"name":"wp","href":"https:\/\/api.w.org\/{rel}","templated":true}]}}