{"id":16977,"date":"2024-05-03T06:33:26","date_gmt":"2024-05-03T06:33:26","guid":{"rendered":"https:\/\/elfsight.com\/de\/?page_id=16977"},"modified":"2025-01-15T06:22:47","modified_gmt":"2025-01-15T06:22:47","slug":"joomla","status":"publish","type":"page","link":"https:\/\/elfsight.com\/de\/cookie-consent-widget\/joomla\/","title":{"rendered":"Cookie Consent &#8211; Joomla"},"content":{"rendered":"\n<div class=\"application-platform-content-item-description application-platform-content-item\" id=\"description\" data-nav-section=\"description\"> <h2>Beschreibung<\/h2> <p>Mithilfe der Elfsight-Cookie-Erweiterung k\u00f6nnen Sie das Publikum schnell und problemlos dar\u00fcber informieren, dass Ihre Website Cookies verwendet , mittels eines netten Popups. Mit unserem Widget k\u00f6nnen Sie Ihren eigenen Text schreiben, einen Link zu Ihrer Website-Nutzungsrichtlinie bereitstellen und aktive Schaltfl\u00e4chen platzieren, um die Zustimmung der Besucher anzufordern. Sie k\u00f6nnen frei w\u00e4hlen, wie Sie das Widget anzeigen m\u00f6chten: in Form einer Leiste oder einer responsiven Box, und die beste Position daf\u00fcr festlegen. Au\u00dferdem helfen Ihnen \u00fcbermalbare Elemente dabei, das Widget nativ zu gestalten und zum allgemeinen Stilkonzept der Website zu passen.<\/p> <div class=\"faq\" data-component=\"FAQ\"> <div class=\"faq-item\">\r\n\t\t\t\t\t<div class=\"faq-item-question\">\r\n\t\t\t\t\t\t<h3 class=\"faq-item-question-text\">Wo auf meiner Website kann ich Cookie Consent installieren<\/h3>\r\n\r\n\t\t\t\t\t\t<div class=\"faq-item-question-icon\"><\/div>\r\n\t\t\t\t\t<\/div>\r\n\r\n\t\t\t\t\t<div class=\"faq-item-answer\">\r\n\t\t\t\t\t\t<div class=\"faq-item-answer-text\"> <p>Es ist einfach, das anzuzeigen Je nach Bedarf k\u00f6nnen Sie die Ank\u00fcndigung auf einer Ihrer Seiten oder auf allen Seiten Ihrer Website ver\u00f6ffentlichen. Sobald ein Benutzer die Seite betritt, wird eine Benachrichtigung angezeigt. <\/p> <\/div>\r\n\t\t\t\t\t<\/div>\r\n\t\t\t\t<\/div> <div class=\"faq-item\">\r\n\t\t\t\t\t<div class=\"faq-item-question\">\r\n\t\t\t\t\t\t<h3 class=\"faq-item-question-text\">Wie profitiere ich davon?<\/h3>\r\n\r\n\t\t\t\t\t\t<div class=\"faq-item-question-icon\"><\/div>\r\n\t\t\t\t\t<\/div>\r\n\r\n\t\t\t\t\t<div class=\"faq-item-answer\">\r\n\t\t\t\t\t\t<div class=\"faq-item-answer-text\"> <p>Mit unserem Widget k\u00f6nnen Sie ohne Codierung und sehr schnell eine sofortige Cookie-Ank\u00fcndigung erstellen. Es ist in alle weit verbreiteten europ\u00e4ischen Sprachen \u00fcbersetzt, um Website-Benutzern eine komfortable Benutzererfahrung zu gew\u00e4hrleisten.<\/p> <\/div>\r\n\t\t\t\t\t<\/div>\r\n\t\t\t\t<\/div> <div class=\"faq-item\">\r\n\t\t\t\t\t<div class=\"faq-item-question\">\r\n\t\t\t\t\t\t<h3 class=\"faq-item-question-text\">Wie bette ich das Cookie-Plugin in meine Joomla-Website ein?<\/h3>\r\n\r\n\t\t\t\t\t\t<div class=\"faq-item-question-icon\"><\/div>\r\n\t\t\t\t\t<\/div>\r\n\r\n\t\t\t\t\t<div class=\"faq-item-answer\">\r\n\t\t\t\t\t\t<div class=\"faq-item-answer-text\"> <p>Nur es Es dauert drei Minuten, bis Sie mit der Nutzung des Widgets beginnen. Das Hinzuf\u00fcgen geht wirklich schnell, ist kostenlos und erfordert keine Programmierung.<\/p> <p>Elfsight Cookie Consent kann \u00fcber unseren Service oder \u00fcber den Marktplatz eingef\u00fcgt werden. Hier erfahren Sie mehr \u00fcber beide Optionen und k\u00f6nnen Ihre ausw\u00e4hlen.<\/p> <\/div>\r\n\t\t\t\t\t<\/div>\r\n\t\t\t\t<\/div> <\/div> <\/div><div class=\"application-platform-content-item-features application-platform-content-item\" id=\"features\" data-nav-section=\"features\"> <h2>Funktionen<\/h2> <p>In der Reihenfolge Um eine klarere Vorstellung vom Widget zu erhalten, sehen Sie sich die Liste seiner wesentlichen Merkmale an. Sie machen unser Widget f\u00fcr Ihre Werbung maximal effizient:<\/p> <ul><li>Erstellen Sie eine einfache Benachrichtigung oder Einwilligungsanfrage. <\/li> <li> Schreiben Sie Ihre eigene Benachrichtigungsnachricht mit Formatierungsfunktionen und Links. <\/li> <li>Link zur Cookie-Richtlinie mit benutzerdefiniertem Linktext anzeigen oder ausblenden. <\/li> <li> W\u00e4hlen Sie die Layoutvariante \u201eBalken\u201c oder \u201eBox\u201c des Widgets aus. <\/li> <li>Die Option zum Malen von Schaltfl\u00e4chen und Links. <\/li> <\/ul><p><a href=\"#demo\">Weitere Funktionen finden Sie in der Live-Demo<\/a><\/p> <\/div><div class=\"application-platform-content-item-installation application-platform-content-item\" id=\"installation\" data-nav-section=\"installation\"> <h2>Erfahren Sie, wie Sie die Cookie-Einwilligung in Ihre Joomla-Website einbetten<\/h2><div class=\"video-container\"><iframe width=\"560\" height=\"315\" src=\"https:\/\/www.youtube.com\/embed\/paJVEbEG94Q?si=DHRqbL8OQKnzQSLw\" frameborder=\"0\" allow=\"accelerometer; autoplay; clipboard-write; encrypted-media; gyroscope; picture-in-picture; web-share\" allowfullscreen><\/iframe><\/div><p>F\u00fchren Sie einfach die unten beschriebenen Schritte aus, um die Erweiterung in Joomla einzubetten.<\/p> <ol><li> <b>Nutzen Sie unseren kostenlosen Konfigurator und beginnen Sie mit der Erstellung Ihrer einzigartigen Cookie-Einwilligungserweiterung. <\/b><br> Finden Sie die bevorzugte Schnittstelle und die Spezifikationen des Tools und speichern Sie die \u00c4nderungen. <\/li> <li><b>Kopieren Sie Ihren pers\u00f6nlichen Code, der im Feld auf Elfsight Apps angezeigt wird. <\/b><br> Kopieren Sie unmittelbar nach der Einrichtung Ihres Plugins den einzelnen Code in das angezeigte Feld und bewahren Sie ihn f\u00fcr einen sp\u00e4teren Bedarf auf. <\/li> <li><b>Geben Sie die Verwendung des Plugins auf der Joomla-Website ein. <\/b><br> Integrieren Sie den zuvor kopierten Code in Ihre Website und \u00fcbernehmen Sie die Anpassungen. <\/li> <li><b>Das Setup wurde erfolgreich beendet. <\/b><br> Besuchen Sie Ihre Website, um die Arbeit des Tools zu \u00fcberpr\u00fcfen. <\/li><\/ol><p>Haben Sie noch etwas, das Sie unsicher macht? Oder Probleme haben? Senden Sie einfach eine Anfrage an unseren Kundensupport, wir l\u00f6sen jedes Problem. <\/p> <\/div>\n","protected":false},"excerpt":{"rendered":"","protected":false},"author":9,"featured_media":0,"parent":859,"menu_order":0,"comment_status":"closed","ping_status":"closed","template":"templates\/template-application-platform.php","meta":{"publish_to_discourse":"","publish_post_category":"","wpdc_auto_publish_overridden":"","wpdc_topic_tags":"","wpdc_pin_topic":"","wpdc_pin_until":"","discourse_post_id":"","discourse_permalink":"","wpdc_publishing_response":"","wpdc_publishing_error":"","footnotes":""},"class_list":["post-16977","page","type-page","status-publish","hentry"],"yoast_head":"<!-- This site is optimized with the Yoast SEO plugin v25.3.1 - https:\/\/yoast.com\/wordpress\/plugins\/seo\/ -->\n<title>F\u00fcgen Sie der Joomla-Website eine Cookie-Zustimmungserweiterung hinzu (kostenlos und schnell)<\/title>\n<meta name=\"description\" content=\"Es ist ganz einfach, Ihre Cookie-Consent-Erweiterung zu erstellen und sie auf Ihrer Joomla-Website hinzuzuf\u00fcgen. Der Elfsight-Kundensupport ist kostenlos.\" \/>\n<meta name=\"robots\" content=\"index, follow, max-snippet:-1, max-image-preview:large, max-video-preview:-1\" \/>\n<link rel=\"canonical\" href=\"https:\/\/elfsight.com\/de\/cookie-consent-widget\/joomla\/\" \/>\n<meta property=\"og:locale\" content=\"de_DE\" \/>\n<meta property=\"og:type\" content=\"article\" \/>\n<meta property=\"og:title\" content=\"F\u00fcgen Sie der Joomla-Website eine Cookie-Zustimmungserweiterung hinzu (kostenlos und schnell)\" \/>\n<meta property=\"og:description\" content=\"Es ist ganz einfach, Ihre Cookie-Consent-Erweiterung zu erstellen und sie auf Ihrer Joomla-Website hinzuzuf\u00fcgen. Der Elfsight-Kundensupport ist kostenlos.\" \/>\n<meta property=\"og:url\" content=\"https:\/\/elfsight.com\/de\/cookie-consent-widget\/joomla\/\" \/>\n<meta property=\"og:site_name\" content=\"Elfsight DE\" \/>\n<meta property=\"article:modified_time\" content=\"2025-01-15T06:22:47+00:00\" \/>\n<meta name=\"twitter:card\" content=\"summary_large_image\" \/>\n<meta name=\"twitter:label1\" content=\"Gesch\u00e4tzte Lesezeit\" \/>\n\t<meta name=\"twitter:data1\" content=\"3\u00a0Minuten\" \/>\n<!-- \/ Yoast SEO plugin. -->","yoast_head_json":{"title":"F\u00fcgen Sie der Joomla-Website eine Cookie-Zustimmungserweiterung hinzu (kostenlos und schnell)","description":"Es ist ganz einfach, Ihre Cookie-Consent-Erweiterung zu erstellen und sie auf Ihrer Joomla-Website hinzuzuf\u00fcgen. Der Elfsight-Kundensupport ist kostenlos.","robots":{"index":"index","follow":"follow","max-snippet":"max-snippet:-1","max-image-preview":"max-image-preview:large","max-video-preview":"max-video-preview:-1"},"canonical":"https:\/\/elfsight.com\/de\/cookie-consent-widget\/joomla\/","og_locale":"de_DE","og_type":"article","og_title":"F\u00fcgen Sie der Joomla-Website eine Cookie-Zustimmungserweiterung hinzu (kostenlos und schnell)","og_description":"Es ist ganz einfach, Ihre Cookie-Consent-Erweiterung zu erstellen und sie auf Ihrer Joomla-Website hinzuzuf\u00fcgen. Der Elfsight-Kundensupport ist kostenlos.","og_url":"https:\/\/elfsight.com\/de\/cookie-consent-widget\/joomla\/","og_site_name":"Elfsight DE","article_modified_time":"2025-01-15T06:22:47+00:00","twitter_card":"summary_large_image","twitter_misc":{"Gesch\u00e4tzte Lesezeit":"3\u00a0Minuten"},"schema":{"@context":"https:\/\/schema.org","@graph":[{"@type":"WebPage","@id":"https:\/\/elfsight.com\/de\/cookie-consent-widget\/joomla\/","url":"https:\/\/elfsight.com\/de\/cookie-consent-widget\/joomla\/","name":"F\u00fcgen Sie der Joomla-Website eine Cookie-Zustimmungserweiterung hinzu (kostenlos und schnell)","isPartOf":{"@id":"https:\/\/elfsight.com\/de\/#website"},"datePublished":"2024-05-03T06:33:26+00:00","dateModified":"2025-01-15T06:22:47+00:00","description":"Es ist ganz einfach, Ihre Cookie-Consent-Erweiterung zu erstellen und sie auf Ihrer Joomla-Website hinzuzuf\u00fcgen. Der Elfsight-Kundensupport ist kostenlos.","breadcrumb":{"@id":"https:\/\/elfsight.com\/de\/cookie-consent-widget\/joomla\/#breadcrumb"},"inLanguage":"de","potentialAction":[{"@type":"ReadAction","target":["https:\/\/elfsight.com\/de\/cookie-consent-widget\/joomla\/"]}]},{"@type":"BreadcrumbList","@id":"https:\/\/elfsight.com\/de\/cookie-consent-widget\/joomla\/#breadcrumb","itemListElement":[{"@type":"ListItem","position":1,"name":"Home","item":"https:\/\/elfsight.com\/de\/"},{"@type":"ListItem","position":2,"name":"Cookie Consent","item":"https:\/\/elfsight.com\/de\/cookie-consent-widget\/"},{"@type":"ListItem","position":3,"name":"Cookie Consent &#8211; Joomla"}]},{"@type":"WebSite","@id":"https:\/\/elfsight.com\/de\/#website","url":"https:\/\/elfsight.com\/de\/","name":"Elfsight DE","description":"Just another Elfsight Sites site","potentialAction":[{"@type":"SearchAction","target":{"@type":"EntryPoint","urlTemplate":"https:\/\/elfsight.com\/de\/?s={search_term_string}"},"query-input":{"@type":"PropertyValueSpecification","valueRequired":true,"valueName":"search_term_string"}}],"inLanguage":"de"}]}},"meta_box":{"industry":"","seo_heading":"","heading":"","description":"","cta_heading":"","cta_description":"","application":"486","h1":"Joomla-Cookie-Zustimmungserweiterung","h1_caption":"Halten Sie die Datenschutzbestimmungen ein, indem Sie Ihrer Website ein Cookie-Zustimmungsbanner hinzuf\u00fcgen und so die Transparenz der Benutzerdaten auf Ihrer Joomla-Website m\u00fchelos gew\u00e4hrleisten.","application_category":[],"applications_title":"","applications_request_title":"","applications_request_button_text":"","hero_text":"","hero_video":"","hero_video_schema_markup":"","selling_points_title":"","selling_points_caption":"","selling_points":[],"selling_points_cta_text":"","features_title":"","features":"","ed_cta_examples_text":"","ed_cta_examples_hidden":"","ed_cta_demo_text":"","ed_cta_demo_hidden":"","why_caption":"","why_editor_title":"","why_editor_text":"","why_team_title":"","why_team_text":"","why_service_title":"","why_service_text":"","template_catalog_visible":"0","template_catalog_title":"","template_catalog_text":"","template_catalog_categories_visible":"","demo_title":"Erstellen Sie Ihr Cookie-Zustimmungs-Plugin","demo_caption":"Konfigurieren Sie Ihre Cookie-Einwilligung und f\u00fcgen Sie sie kostenlos zu Ihrer Joomla-Website hinzu!","default_faq_hidden":"","app_template_category":[],"platform":"259","template_public_id":"","codecanyon_url":"","codecanyon_item_id":"","codecanyon_price":"","pricing_caption":"","pricing_elfsight_apps_hide_column":"","pricing_elfsight_apps_url":"","pricing_codecanyon_price_caption":"","integration_category":[],"integration_request_title":"","integration_request_cta":"","integration_platform":"","integrations":[],"platform_category":[],"video_schema_markup":"","price":"ab 0 $ \/ Monat","trial":"","benefits":[{"text":"Kostenlose Installationshilfe"},{"text":"Premium-Support"},{"text":"14-t\u00e4gige R\u00fcckerstattungsgarantie"},{"text":"St\u00e4ndige Aktualisierung"}],"button_url":"#demo","button_target_blank":"0","button_nofollow":"0","attributes":[{"name":"Installiert","content":"100,000 - 500,000"},{"name":"Reaktionsfreudig","content":"Ja"},{"name":"Kompatible Browser","content":"Firefox, Safari, Opera, Chrome, Edge"}],"tags":[],"tags_disable_links":"0","hide_more_platforms":"","video_object":"","demo_hide_cta":"0","demo_hide_cloud_options":"0","pricing_title":"","pricing":[{"pricing_icon":"platform","pricing_title":"Elfsight Apps","pricing_title_caption":"Multiplattform-Software, die auf jeder Site funktioniert","pricing_price":"ab 0 $ \/ Monat","pricing_price_caption":"Beginnen Sie mit einem kostenlosen Plan","pricing_benefits":[{"text":"Unbegrenzte Websites"},{"text":"Unternehmensunterst\u00fctzung rund um die Uhr"},{"text":"Kostenlose Installationshilfe"},{"text":"Sonderangebot f\u00fcr mehrere Apps"}],"pricing_button_text":"Zur Website hinzuf\u00fcgen","pricing_button_url":"#demo"}],"related_apps_title":"","related_apps_hidden":"0","author":"","image":[],"title":"","job":"","social_networks":[]},"_links":{"self":[{"href":"https:\/\/elfsight.com\/de\/wp-json\/wp\/v2\/pages\/16977","targetHints":{"allow":["GET"]}}],"collection":[{"href":"https:\/\/elfsight.com\/de\/wp-json\/wp\/v2\/pages"}],"about":[{"href":"https:\/\/elfsight.com\/de\/wp-json\/wp\/v2\/types\/page"}],"author":[{"embeddable":true,"href":"https:\/\/elfsight.com\/de\/wp-json\/wp\/v2\/users\/9"}],"replies":[{"embeddable":true,"href":"https:\/\/elfsight.com\/de\/wp-json\/wp\/v2\/comments?post=16977"}],"version-history":[{"count":3,"href":"https:\/\/elfsight.com\/de\/wp-json\/wp\/v2\/pages\/16977\/revisions"}],"predecessor-version":[{"id":23748,"href":"https:\/\/elfsight.com\/de\/wp-json\/wp\/v2\/pages\/16977\/revisions\/23748"}],"up":[{"embeddable":true,"href":"https:\/\/elfsight.com\/de\/wp-json\/wp\/v2\/pages\/859"}],"wp:attachment":[{"href":"https:\/\/elfsight.com\/de\/wp-json\/wp\/v2\/media?parent=16977"}],"curies":[{"name":"wp","href":"https:\/\/api.w.org\/{rel}","templated":true}]}}