{"id":16976,"date":"2024-05-03T06:33:25","date_gmt":"2024-05-03T06:33:25","guid":{"rendered":"https:\/\/elfsight.com\/de\/?page_id=16976"},"modified":"2025-07-08T10:31:41","modified_gmt":"2025-07-08T10:31:41","slug":"jquery","status":"publish","type":"page","link":"https:\/\/elfsight.com\/de\/cookie-consent-widget\/jquery\/","title":{"rendered":"Cookie Consent &#8211; jQuery"},"content":{"rendered":"<div class=\"application-platform-content-item-description application-platform-content-item\" id=\"description\" data-nav-section=\"description\"> <h2>Beschreibung<\/h2> <p>Mit dem Cookie-Plugin von Elfsight ist es absolut unkompliziert, Ihr Publikum dar\u00fcber zu informieren, dass Ihre Website Cookies verwendet eine saubere Popup-Leiste. Mit dem Widget k\u00f6nnen Sie eine benutzerdefinierte Nachricht schreiben, einen Link zur Website-Nutzungsrichtlinie einf\u00fcgen und aktive Schaltfl\u00e4chen hinzuf\u00fcgen, um die Zustimmung der Benutzer einzuholen. Sie k\u00f6nnen die Benachrichtigung in Form einer Seitenleiste oder eines Felds anzeigen und eine Position daf\u00fcr ausw\u00e4hlen. Au\u00dferdem helfen Ihnen \u00fcbermalbare Elemente dabei, dass es nativ aussieht und zum Stil der Website passt.<\/p> <div class=\"faq\" data-component=\"FAQ\"> <div class=\"faq-item\">\r\n\t\t\t\t\t<div class=\"faq-item-question\">\r\n\t\t\t\t\t\t<h3 class=\"faq-item-question-text\">Wo kann ich die Cookie-Einwilligung einf\u00fcgen<\/h3>\r\n\r\n\t\t\t\t\t\t<div class=\"faq-item-question-icon\"><\/div>\r\n\t\t\t\t\t<\/div>\r\n\r\n\t\t\t\t\t<div class=\"faq-item-answer\">\r\n\t\t\t\t\t\t<div class=\"faq-item-answer-text\"> <p>Die Benachrichtigung l\u00e4sst sich ganz einfach auf jeder Seite einbetten der Website oder auf allen, je nachdem, was Sie ben\u00f6tigen. Sobald ein Benutzer die Seite \u00f6ffnet, erscheint das Widget.<\/p> <\/div>\r\n\t\t\t\t\t<\/div>\r\n\t\t\t\t<\/div> <div class=\"faq-item\">\r\n\t\t\t\t\t<div class=\"faq-item-question\">\r\n\t\t\t\t\t\t<h3 class=\"faq-item-question-text\">Welche Vorteile kann es mir bringen?<\/h3>\r\n\r\n\t\t\t\t\t\t<div class=\"faq-item-question-icon\"><\/div>\r\n\t\t\t\t\t<\/div>\r\n\r\n\t\t\t\t\t<div class=\"faq-item-answer\">\r\n\t\t\t\t\t\t<div class=\"faq-item-answer-text\"> <p>Das Widget hilft Ihnen, eine sofortige Cookie-Ank\u00fcndigung in einem zu veranlassen ohne Programmieraufwand und sehr schnell. Es verf\u00fcgt \u00fcber alle g\u00e4ngigen europ\u00e4ischen Sprachen, um Ihren Benutzern die beste Benutzererfahrung zu gew\u00e4hrleisten. <\/p> <\/div>\r\n\t\t\t\t\t<\/div>\r\n\t\t\t\t<\/div> <div class=\"faq-item\">\r\n\t\t\t\t\t<div class=\"faq-item-question\">\r\n\t\t\t\t\t\t<h3 class=\"faq-item-question-text\">Was ben\u00f6tige ich, um die Cookie-Einwilligung in meine jQuery-Website einzubetten?<\/h3>\r\n\r\n\t\t\t\t\t\t<div class=\"faq-item-question-icon\"><\/div>\r\n\t\t\t\t\t<\/div>\r\n\r\n\t\t\t\t\t<div class=\"faq-item-answer\">\r\n\t\t\t\t\t\t<div class=\"faq-item-answer-text\"> <p>Es dauert eine Minute, bis das Widget betriebsbereit ist. Die Einbettung erfolgt extrem schnell, kostenlos und ohne Programmierung. <\/p> <p>Die Cookie-Einwilligung von Elfsight kann \u00fcber unseren Service oder \u00fcber den Marktplatz eingef\u00fcgt werden. Hier k\u00f6nnen Sie alle Details zu beiden Varianten sehen und Ihre ausw\u00e4hlen.<\/p> <\/div>\r\n\t\t\t\t\t<\/div>\r\n\t\t\t\t<\/div> <\/div> <\/div><div class=\"application-platform-content-item-features application-platform-content-item\" id=\"features\" data-nav-section=\"features\"> <h2>Features<\/h2> <p>Zu erhalten Um ein klares Verst\u00e4ndnis des Widgets zu erhalten, sehen Sie sich die Liste seiner wesentlichen Funktionen an. Sie machen dieses Widget f\u00fcr Sie maximal effizient: <\/p> <ul><li>W\u00e4hlen Sie nur Ank\u00fcndigung oder Einwilligungsanfrage aus;<\/li> <li>Die Option, eine benutzerdefinierte Ank\u00fcndigungsnachricht zu schreiben, die Formatierung und Links unterst\u00fctzt;<\/li> <li>Einen Link zur Website-Nutzungsrichtlinie anzeigen oder ausblenden und benutzerdefinierten Linktext hinzuf\u00fcgen;<\/li> <li>Die Option zum Ausw\u00e4hlen einer Balken- oder Box-Layoutvariante der Benachrichtigung;<\/li> <li>Die Option zum Malen von Schaltfl\u00e4chen und Link.<\/li> <\/ul><p><a href=\"#demo\">Um alle Funktionen zu testen, sehen Sie sich unsere Demo an<\/a><\/p> <\/div><div class=\"application-platform-content-item-installation application-platform-content-item\" id=\"installation\" data-nav-section=\"installation\"> <h2>So f\u00fchren Sie die Cookie-Einwilligung in Ihre jQuery-Website ein<\/h2> <p>Die folgenden Aktionen sind das Einzige, was Sie ausf\u00fchren m\u00fcssen. <\/p> <ol><li><b>Generieren Sie Ihr eigenes Cookie-Plugin<\/b><br> Erhalten Sie mit Hilfe unseres kostenlosen Konfigurators ein Plugin mit ausgew\u00e4hltem Layout und funktionalen Merkmalen. <\/li><li><b>Kopieren Sie den individuellen Code, um das Plugin einzurichten<\/b><br> Nachdem Sie Ihr Widget erstellt haben, erhalten Sie den Installationscode aus dem Popup-Fenster von Elfsight Apps. Kopieren Sie es zur sp\u00e4teren Verwendung. <\/li> <li><b>F\u00fcgen Sie das Plugin auf Ihrer jQuery-Website hinzu<\/b><br> W\u00e4hlen Sie den Bereich aus, in dem Sie das Plugin anzeigen m\u00f6chten, und f\u00fcgen Sie dort den gespeicherten Code ein. Wenden Sie die Ergebnisse an. <\/li> <li><b>Herzlichen Gl\u00fcckwunsch! Sie haben gerade das Plugin eingerichtet!<\/b><br> Besuchen Sie die Website, um einen Blick auf Ihre Arbeit zu werfen. <\/li> <\/ol><p>Immer noch unruhig? Oder haben Sie Fragen? Mit nur einer einzigen Anfrage an unseren Kundensupport k\u00f6nnen alle Probleme gel\u00f6st werden.<\/p> <\/div>","protected":false},"excerpt":{"rendered":"","protected":false},"author":9,"featured_media":0,"parent":859,"menu_order":0,"comment_status":"closed","ping_status":"closed","template":"templates\/template-application-platform.php","meta":{"publish_to_discourse":"","publish_post_category":"","wpdc_auto_publish_overridden":"","wpdc_topic_tags":"","wpdc_pin_topic":"","wpdc_pin_until":"","discourse_post_id":"","discourse_permalink":"","wpdc_publishing_response":"","wpdc_publishing_error":"","footnotes":""},"class_list":["post-16976","page","type-page","status-publish","hentry"],"yoast_head":"<!-- This site is optimized with the Yoast SEO plugin v25.3.1 - https:\/\/yoast.com\/wordpress\/plugins\/seo\/ -->\n<title>Cookie-Zustimmungs-Plugin zur jQuery-Website hinzuf\u00fcgen (2025)<\/title>\n<meta name=\"description\" content=\"Entwerfen Sie mit Elfsight Ihr Cookie-Consent-Plugin und zeigen Sie es schnell auf der jQuery-Website an. Wir bieten kostenlosen Kundensupport und weitere Boni.\" \/>\n<meta name=\"robots\" content=\"index, follow, max-snippet:-1, max-image-preview:large, max-video-preview:-1\" \/>\n<link rel=\"canonical\" href=\"https:\/\/elfsight.com\/de\/cookie-consent-widget\/jquery\/\" \/>\n<meta property=\"og:locale\" content=\"de_DE\" \/>\n<meta property=\"og:type\" content=\"article\" \/>\n<meta property=\"og:title\" content=\"Cookie-Zustimmungs-Plugin zur jQuery-Website hinzuf\u00fcgen (2025)\" \/>\n<meta property=\"og:description\" content=\"Entwerfen Sie mit Elfsight Ihr Cookie-Consent-Plugin und zeigen Sie es schnell auf der jQuery-Website an. Wir bieten kostenlosen Kundensupport und weitere Boni.\" \/>\n<meta property=\"og:url\" content=\"https:\/\/elfsight.com\/de\/cookie-consent-widget\/jquery\/\" \/>\n<meta property=\"og:site_name\" content=\"Elfsight DE\" \/>\n<meta property=\"article:modified_time\" content=\"2025-07-08T10:31:41+00:00\" \/>\n<meta name=\"twitter:card\" content=\"summary_large_image\" \/>\n<meta name=\"twitter:label1\" content=\"Gesch\u00e4tzte Lesezeit\" \/>\n\t<meta name=\"twitter:data1\" content=\"3\u00a0Minuten\" \/>\n<!-- \/ Yoast SEO plugin. -->","yoast_head_json":{"title":"Cookie-Zustimmungs-Plugin zur jQuery-Website hinzuf\u00fcgen (2025)","description":"Entwerfen Sie mit Elfsight Ihr Cookie-Consent-Plugin und zeigen Sie es schnell auf der jQuery-Website an. Wir bieten kostenlosen Kundensupport und weitere Boni.","robots":{"index":"index","follow":"follow","max-snippet":"max-snippet:-1","max-image-preview":"max-image-preview:large","max-video-preview":"max-video-preview:-1"},"canonical":"https:\/\/elfsight.com\/de\/cookie-consent-widget\/jquery\/","og_locale":"de_DE","og_type":"article","og_title":"Cookie-Zustimmungs-Plugin zur jQuery-Website hinzuf\u00fcgen (2025)","og_description":"Entwerfen Sie mit Elfsight Ihr Cookie-Consent-Plugin und zeigen Sie es schnell auf der jQuery-Website an. Wir bieten kostenlosen Kundensupport und weitere Boni.","og_url":"https:\/\/elfsight.com\/de\/cookie-consent-widget\/jquery\/","og_site_name":"Elfsight DE","article_modified_time":"2025-07-08T10:31:41+00:00","twitter_card":"summary_large_image","twitter_misc":{"Gesch\u00e4tzte Lesezeit":"3\u00a0Minuten"},"schema":{"@context":"https:\/\/schema.org","@graph":[{"@type":"WebPage","@id":"https:\/\/elfsight.com\/de\/cookie-consent-widget\/jquery\/","url":"https:\/\/elfsight.com\/de\/cookie-consent-widget\/jquery\/","name":"Cookie-Zustimmungs-Plugin zur jQuery-Website hinzuf\u00fcgen (2025)","isPartOf":{"@id":"https:\/\/elfsight.com\/de\/#website"},"datePublished":"2024-05-03T06:33:25+00:00","dateModified":"2025-07-08T10:31:41+00:00","description":"Entwerfen Sie mit Elfsight Ihr Cookie-Consent-Plugin und zeigen Sie es schnell auf der jQuery-Website an. Wir bieten kostenlosen Kundensupport und weitere Boni.","breadcrumb":{"@id":"https:\/\/elfsight.com\/de\/cookie-consent-widget\/jquery\/#breadcrumb"},"inLanguage":"de","potentialAction":[{"@type":"ReadAction","target":["https:\/\/elfsight.com\/de\/cookie-consent-widget\/jquery\/"]}]},{"@type":"BreadcrumbList","@id":"https:\/\/elfsight.com\/de\/cookie-consent-widget\/jquery\/#breadcrumb","itemListElement":[{"@type":"ListItem","position":1,"name":"Home","item":"https:\/\/elfsight.com\/de\/"},{"@type":"ListItem","position":2,"name":"Cookie Consent","item":"https:\/\/elfsight.com\/de\/cookie-consent-widget\/"},{"@type":"ListItem","position":3,"name":"Cookie Consent &#8211; jQuery"}]},{"@type":"WebSite","@id":"https:\/\/elfsight.com\/de\/#website","url":"https:\/\/elfsight.com\/de\/","name":"Elfsight DE","description":"Just another Elfsight Sites site","potentialAction":[{"@type":"SearchAction","target":{"@type":"EntryPoint","urlTemplate":"https:\/\/elfsight.com\/de\/?s={search_term_string}"},"query-input":{"@type":"PropertyValueSpecification","valueRequired":true,"valueName":"search_term_string"}}],"inLanguage":"de"}]}},"meta_box":{"industry":"","seo_heading":"","heading":"","description":"","cta_heading":"","cta_description":"","application":"486","h1":"jQuery-Cookie-Zustimmungs-Plugin","h1_caption":"Halten Sie die Datenschutzbestimmungen ein, indem Sie Ihrer Website ein Cookie-Zustimmungsbanner hinzuf\u00fcgen und so die Transparenz der Benutzerdaten auf Ihrer jQuery-Website m\u00fchelos gew\u00e4hrleisten.","application_category":[],"applications_title":"","applications_request_title":"","applications_request_button_text":"","hero_text":"","hero_video":"","hero_video_schema_markup":"","selling_points_title":"","selling_points_caption":"","selling_points":[],"selling_points_cta_text":"","features_title":"","features":"","ed_cta_examples_text":"","ed_cta_examples_hidden":"","ed_cta_demo_text":"","ed_cta_demo_hidden":"","why_caption":"","why_editor_title":"","why_editor_text":"","why_team_title":"","why_team_text":"","why_service_title":"","why_service_text":"","template_catalog_visible":"","template_catalog_title":"","template_catalog_text":"","template_catalog_categories_visible":"","demo_title":"Erstellen Sie Ihr Cookie-Zustimmungs-Plugin","demo_caption":"Konfigurieren Sie Ihre Cookie-Einwilligung und f\u00fcgen Sie sie kostenlos zu Ihrer jQuery-Website hinzu!","default_faq_hidden":"","app_template_category":[],"platform":"258","template_public_id":"","codecanyon_url":"","codecanyon_item_id":"","codecanyon_price":"","pricing_caption":"","pricing_elfsight_apps_hide_column":"","pricing_elfsight_apps_url":"","pricing_codecanyon_price_caption":"","integration_category":[],"integration_request_title":"","integration_request_cta":"","integration_platform":"","integrations":[],"platform_category":[],"video_schema_markup":"","price":"ab 0 $ \/ Monat","trial":"","benefits":[{"text":"Kostenlose Installationshilfe"},{"text":"Au\u00dfergew\u00f6hnlicher Support"},{"text":"14-t\u00e4gige Geld-zur\u00fcck-Garantie"},{"text":"Lebenslange Updates"}],"button_url":"#demo","button_target_blank":"","button_nofollow":"","attributes":[{"name":"Installiert","content":"100,000 - 500,000"},{"name":"Reaktionsfreudig","content":"Ja"},{"name":"Kompatible Browser","content":"Firefox, Safari, Opera, Chrome, Edge"}],"tags":[],"tags_disable_links":"","hide_more_platforms":"","video_object":"","demo_hide_cta":"","demo_hide_cloud_options":"","pricing_title":"","pricing":[{"pricing_icon":"platform","pricing_title":"Elfsight Apps","pricing_title_caption":"Plattform\u00fcbergreifende digitale L\u00f6sung, die f\u00fcr jede Website geeignet ist","pricing_price":"ab 0 $ \/ Monat","pricing_price_caption":"Beginnen Sie mit einem kostenlosen Plan","pricing_benefits":[{"text":"Unbegrenzte Domains"},{"text":"24\/7 und p\u00fcnktlicher Support"},{"text":"Kostenlose Installationsunterst\u00fctzung"},{"text":"100 % anpassbar"}],"pricing_button_text":"Zur Website hinzuf\u00fcgen","pricing_button_url":"#demo"}],"related_apps_title":"","related_apps_hidden":"","author":"","image":[],"title":"","job":"","social_networks":[]},"_links":{"self":[{"href":"https:\/\/elfsight.com\/de\/wp-json\/wp\/v2\/pages\/16976","targetHints":{"allow":["GET"]}}],"collection":[{"href":"https:\/\/elfsight.com\/de\/wp-json\/wp\/v2\/pages"}],"about":[{"href":"https:\/\/elfsight.com\/de\/wp-json\/wp\/v2\/types\/page"}],"author":[{"embeddable":true,"href":"https:\/\/elfsight.com\/de\/wp-json\/wp\/v2\/users\/9"}],"replies":[{"embeddable":true,"href":"https:\/\/elfsight.com\/de\/wp-json\/wp\/v2\/comments?post=16976"}],"version-history":[{"count":1,"href":"https:\/\/elfsight.com\/de\/wp-json\/wp\/v2\/pages\/16976\/revisions"}],"predecessor-version":[{"id":16980,"href":"https:\/\/elfsight.com\/de\/wp-json\/wp\/v2\/pages\/16976\/revisions\/16980"}],"up":[{"embeddable":true,"href":"https:\/\/elfsight.com\/de\/wp-json\/wp\/v2\/pages\/859"}],"wp:attachment":[{"href":"https:\/\/elfsight.com\/de\/wp-json\/wp\/v2\/media?parent=16976"}],"curies":[{"name":"wp","href":"https:\/\/api.w.org\/{rel}","templated":true}]}}