{"id":16975,"date":"2024-05-03T06:33:24","date_gmt":"2024-05-03T06:33:24","guid":{"rendered":"https:\/\/elfsight.com\/de\/?page_id=16975"},"modified":"2025-01-15T06:30:08","modified_gmt":"2025-01-15T06:30:08","slug":"magento","status":"publish","type":"page","link":"https:\/\/elfsight.com\/de\/cookie-consent-widget\/magento\/","title":{"rendered":"Cookie Consent &#8211; Magento"},"content":{"rendered":"\n<div class=\"application-platform-content-item-description application-platform-content-item\" id=\"description\" data-nav-section=\"description\"> <h2>Beschreibung<\/h2><p>Mit der Cookie-Erweiterung von Elfsight k\u00f6nnen Sie Besucher problemlos dar\u00fcber informieren, dass Ihre Website Cookies verwendet mittels eines sauberen Popup-Fensters. Mit dem Plugin k\u00f6nnen Sie Ihre eigene Nachricht hinzuf\u00fcgen, einen Link zu Ihrer Website-Nutzungsrichtlinie einf\u00fcgen und aktive Schaltfl\u00e4chen anzeigen, um die Erlaubnis der Besucher einzuholen. Sie k\u00f6nnen w\u00e4hlen, ob das Plugin in Form einer Seitenleiste oder einer responsiven Box angezeigt werden soll, und eine beliebige Position innerhalb der Seite zuweisen. Mithilfe der Farboptionen k\u00f6nnen Sie au\u00dferdem daf\u00fcr sorgen, dass es nativ aussieht und zum allgemeinen Stilkonzept der Website passt.<\/p> <div class=\"faq\" data-component=\"FAQ\"><div class=\"faq-item\">\r\n\t\t\t\t\t<div class=\"faq-item-question\">\r\n\t\t\t\t\t\t<h3 class=\"faq-item-question-text\">Wie bette ich eine Cookie-Einwilligung in meine Magento-Website ein? <\/h3>\r\n\r\n\t\t\t\t\t\t<div class=\"faq-item-question-icon\"><\/div>\r\n\t\t\t\t\t<\/div>\r\n\r\n\t\t\t\t\t<div class=\"faq-item-answer\">\r\n\t\t\t\t\t\t<div class=\"faq-item-answer-text\"> <p>Der Aufbau des Widgets erfolgt innerhalb der Elfsight-Website und Sie m\u00fcssen nicht lernen, wie man programmiert. \u00d6ffnen Sie die aktive Demo, um Ihre pers\u00f6nliche App anzupassen, den Code abzurufen und ihn in Ihre Website einzubetten. <\/p><\/div>\r\n\t\t\t\t\t<\/div>\r\n\t\t\t\t<\/div><div class=\"faq-item\">\r\n\t\t\t\t\t<div class=\"faq-item-question\">\r\n\t\t\t\t\t\t<h3 class=\"faq-item-question-text\">Die besten M\u00f6glichkeiten zur Nutzung der Cookie-Consent-Integration<\/h3>\r\n\r\n\t\t\t\t\t\t<div class=\"faq-item-question-icon\"><\/div>\r\n\t\t\t\t\t<\/div>\r\n\r\n\t\t\t\t\t<div class=\"faq-item-answer\">\r\n\t\t\t\t\t\t<div class=\"faq-item-answer-text\"><p>Wir bieten Ihnen unz\u00e4hlige Anpassungsm\u00f6glichkeiten: vollwertige Widgets zum Hinzuf\u00fcgen in die Inhaltsbereich, schwebende Plugins mit Scrollm\u00f6glichkeiten, Miniaturansichten f\u00fcr die Fu\u00dfzeile, den Kopfbereich und alle m\u00f6glichen vertikalen M\u00f6glichkeiten f\u00fcr Website-Seitenleisten und Men\u00fcs. <\/p><\/div>\r\n\t\t\t\t\t<\/div>\r\n\t\t\t\t<\/div><div class=\"faq-item\">\r\n\t\t\t\t\t<div class=\"faq-item-question\">\r\n\t\t\t\t\t\t<h3 class=\"faq-item-question-text\">Kann ich mit Ihrem Editor ein Top-Banner oder eine schwebende Box in der Mitte erstellen? <\/h3>\r\n\r\n\t\t\t\t\t\t<div class=\"faq-item-question-icon\"><\/div>\r\n\t\t\t\t\t<\/div>\r\n\r\n\t\t\t\t\t<div class=\"faq-item-answer\">\r\n\t\t\t\t\t\t<div class=\"faq-item-answer-text\"><p>Sie k\u00f6nnen die Variationen jedes Widgets erstellen. Im Editor stehen zahlreiche Layouts zur Verf\u00fcgung, die alle problemlos nach Ihren W\u00fcnschen angepasst werden k\u00f6nnen. <\/p><\/div>\r\n\t\t\t\t\t<\/div>\r\n\t\t\t\t<\/div><\/div><\/div><div class=\"application-platform-content-item-features application-platform-content-item\" id=\"features\" data-nav-section=\"features\"> <h2>Funktionen<\/h2> <p>Um sich ein klares Wissen \u00fcber das Cookie-Plugin zu verschaffen, k\u00f6nnen Sie das studieren Liste seiner wesentlichen Funktionen. Sie machen unsere Erweiterung f\u00fcr Sie wirklich effizient:<\/p> <ul><li>W\u00e4hlen Sie nur Benachrichtigung oder f\u00fcgen Sie eine Einwilligungsanfrage hinzu; <\/li> <li> Legen Sie Ihren eigenen Benachrichtigungstext mit Formatierungsoptionen und Links fest; <\/li> <li>Link zur Website-Nutzungsrichtlinie mit benutzerdefiniertem Link-Label anzeigen oder ausblenden; <\/li> <li>Die Option zur Auswahl des Balken- oder Box-Layouttyps der Benachrichtigung; <\/li> <li>W\u00e4hlen Sie Ihre Farbe f\u00fcr Schaltfl\u00e4chen und Links. <\/li> <\/ul><p><a href=\"#demo\">Um alle Funktionen zu sehen, sehen Sie sich unsere Live-Demo an<\/a><\/p> <\/div> <div class=\"application-platform-content-item-installation application-platform-content-item\" id=\"installation\" data-nav-section=\"installation\"> <h2>Erfahren Sie, wie Sie die Cookie-Einwilligung zu Ihrer Magento-Website hinzuf\u00fcgen<\/h2> <p>Befolgen Sie einfach die unten aufgef\u00fchrten Schritte, um die Erweiterung in Magento einzubetten.<\/p> <ol><li><b>Nutzen Sie unsere Kostenloser Konfigurator und beginnen Sie mit der Erstellung Ihrer einzigartigen Cookie-Einwilligungserweiterung. <\/b><br> Bestimmen Sie das bevorzugte Aussehen und die Funktionalit\u00e4t des Widgets und speichern Sie die \u00c4nderungen. <\/li> <li><b>Holen Sie sich Ihren einzigartigen Code, der im Feld von Elfsight Apps angezeigt wird. <\/b><br> Direkt nachdem die Anpassung Ihres Widgets abgeschlossen ist, kopieren Sie den pers\u00f6nlichen Code im erscheinenden Fenster und speichern Sie ihn f\u00fcr einen sp\u00e4teren Anlass. <\/li> <li><b>Initiieren Sie die Nutzung der Erweiterung auf Ihrer Magento-Website. <\/b><br> F\u00fcgen Sie den Code, den Sie k\u00fcrzlich gespeichert haben, auf Ihrer Homepage ein und \u00fcbernehmen Sie die Korrekturen. <\/li> <li><b>Die Installation ist vollst\u00e4ndig durchgef\u00fchrt. <\/b><br> Besuchen Sie Ihre Webseite, um zu \u00fcberpr\u00fcfen, wie das Widget funktioniert. <\/li><\/ol><p>Immer noch nicht sicher? Oder Probleme haben? Richten Sie einfach eine Anfrage an unseren Kundenservice. Wir helfen immer bei der L\u00f6sung jedes Anliegens. <\/p> <\/div>\n","protected":false},"excerpt":{"rendered":"","protected":false},"author":9,"featured_media":0,"parent":859,"menu_order":0,"comment_status":"closed","ping_status":"closed","template":"templates\/template-application-platform.php","meta":{"publish_to_discourse":"","publish_post_category":"","wpdc_auto_publish_overridden":"","wpdc_topic_tags":"","wpdc_pin_topic":"","wpdc_pin_until":"","discourse_post_id":"","discourse_permalink":"","wpdc_publishing_response":"","wpdc_publishing_error":"","footnotes":""},"class_list":["post-16975","page","type-page","status-publish","hentry"],"yoast_head":"<!-- This site is optimized with the Yoast SEO plugin v25.3.1 - https:\/\/yoast.com\/wordpress\/plugins\/seo\/ -->\n<title>F\u00fcgen Sie der Magento-Website eine Cookie-Zustimmungserweiterung hinzu (in 2 Minuten)<\/title>\n<meta name=\"description\" content=\"Erstellen Sie mit Elfsight Ihre Cookie-Zustimmungserweiterung und f\u00fcgen Sie sie schnell auf der Magento-Site hinzu. Wir bieten kostenlosen Kundenservice und weitere Boni.\" \/>\n<meta name=\"robots\" content=\"index, follow, max-snippet:-1, max-image-preview:large, max-video-preview:-1\" \/>\n<link rel=\"canonical\" href=\"https:\/\/elfsight.com\/de\/cookie-consent-widget\/magento\/\" \/>\n<meta property=\"og:locale\" content=\"de_DE\" \/>\n<meta property=\"og:type\" content=\"article\" \/>\n<meta property=\"og:title\" content=\"F\u00fcgen Sie der Magento-Website eine Cookie-Zustimmungserweiterung hinzu (in 2 Minuten)\" \/>\n<meta property=\"og:description\" content=\"Erstellen Sie mit Elfsight Ihre Cookie-Zustimmungserweiterung und f\u00fcgen Sie sie schnell auf der Magento-Site hinzu. Wir bieten kostenlosen Kundenservice und weitere Boni.\" \/>\n<meta property=\"og:url\" content=\"https:\/\/elfsight.com\/de\/cookie-consent-widget\/magento\/\" \/>\n<meta property=\"og:site_name\" content=\"Elfsight DE\" \/>\n<meta property=\"article:modified_time\" content=\"2025-01-15T06:30:08+00:00\" \/>\n<meta name=\"twitter:card\" content=\"summary_large_image\" \/>\n<meta name=\"twitter:label1\" content=\"Gesch\u00e4tzte Lesezeit\" \/>\n\t<meta name=\"twitter:data1\" content=\"3\u00a0Minuten\" \/>\n<!-- \/ Yoast SEO plugin. -->","yoast_head_json":{"title":"F\u00fcgen Sie der Magento-Website eine Cookie-Zustimmungserweiterung hinzu (in 2 Minuten)","description":"Erstellen Sie mit Elfsight Ihre Cookie-Zustimmungserweiterung und f\u00fcgen Sie sie schnell auf der Magento-Site hinzu. Wir bieten kostenlosen Kundenservice und weitere Boni.","robots":{"index":"index","follow":"follow","max-snippet":"max-snippet:-1","max-image-preview":"max-image-preview:large","max-video-preview":"max-video-preview:-1"},"canonical":"https:\/\/elfsight.com\/de\/cookie-consent-widget\/magento\/","og_locale":"de_DE","og_type":"article","og_title":"F\u00fcgen Sie der Magento-Website eine Cookie-Zustimmungserweiterung hinzu (in 2 Minuten)","og_description":"Erstellen Sie mit Elfsight Ihre Cookie-Zustimmungserweiterung und f\u00fcgen Sie sie schnell auf der Magento-Site hinzu. Wir bieten kostenlosen Kundenservice und weitere Boni.","og_url":"https:\/\/elfsight.com\/de\/cookie-consent-widget\/magento\/","og_site_name":"Elfsight DE","article_modified_time":"2025-01-15T06:30:08+00:00","twitter_card":"summary_large_image","twitter_misc":{"Gesch\u00e4tzte Lesezeit":"3\u00a0Minuten"},"schema":{"@context":"https:\/\/schema.org","@graph":[{"@type":"WebPage","@id":"https:\/\/elfsight.com\/de\/cookie-consent-widget\/magento\/","url":"https:\/\/elfsight.com\/de\/cookie-consent-widget\/magento\/","name":"F\u00fcgen Sie der Magento-Website eine Cookie-Zustimmungserweiterung hinzu (in 2 Minuten)","isPartOf":{"@id":"https:\/\/elfsight.com\/de\/#website"},"datePublished":"2024-05-03T06:33:24+00:00","dateModified":"2025-01-15T06:30:08+00:00","description":"Erstellen Sie mit Elfsight Ihre Cookie-Zustimmungserweiterung und f\u00fcgen Sie sie schnell auf der Magento-Site hinzu. Wir bieten kostenlosen Kundenservice und weitere Boni.","breadcrumb":{"@id":"https:\/\/elfsight.com\/de\/cookie-consent-widget\/magento\/#breadcrumb"},"inLanguage":"de","potentialAction":[{"@type":"ReadAction","target":["https:\/\/elfsight.com\/de\/cookie-consent-widget\/magento\/"]}]},{"@type":"BreadcrumbList","@id":"https:\/\/elfsight.com\/de\/cookie-consent-widget\/magento\/#breadcrumb","itemListElement":[{"@type":"ListItem","position":1,"name":"Home","item":"https:\/\/elfsight.com\/de\/"},{"@type":"ListItem","position":2,"name":"Cookie Consent","item":"https:\/\/elfsight.com\/de\/cookie-consent-widget\/"},{"@type":"ListItem","position":3,"name":"Cookie Consent &#8211; Magento"}]},{"@type":"WebSite","@id":"https:\/\/elfsight.com\/de\/#website","url":"https:\/\/elfsight.com\/de\/","name":"Elfsight DE","description":"Just another Elfsight Sites site","potentialAction":[{"@type":"SearchAction","target":{"@type":"EntryPoint","urlTemplate":"https:\/\/elfsight.com\/de\/?s={search_term_string}"},"query-input":{"@type":"PropertyValueSpecification","valueRequired":true,"valueName":"search_term_string"}}],"inLanguage":"de"}]}},"meta_box":{"industry":"","seo_heading":"","heading":"","description":"","cta_heading":"","cta_description":"","application":"486","h1":"Magento-Cookie-Zustimmungserweiterung","h1_caption":"Halten Sie die Datenschutzbestimmungen ein, indem Sie Ihrer Website ein Cookie-Zustimmungsbanner hinzuf\u00fcgen und so die Transparenz der Benutzerdaten auf Ihrer Magento-Website m\u00fchelos gew\u00e4hrleisten.","application_category":[],"applications_title":"","applications_request_title":"","applications_request_button_text":"","hero_text":"","hero_video":"","hero_video_schema_markup":"","selling_points_title":"","selling_points_caption":"","selling_points":[],"selling_points_cta_text":"","features_title":"","features":"","ed_cta_examples_text":"","ed_cta_examples_hidden":"","ed_cta_demo_text":"","ed_cta_demo_hidden":"","why_caption":"","why_editor_title":"","why_editor_text":"","why_team_title":"","why_team_text":"","why_service_title":"","why_service_text":"","template_catalog_visible":"0","template_catalog_title":"","template_catalog_text":"","template_catalog_categories_visible":"","demo_title":"Erstellen Sie Ihre Cookie-Zustimmungserweiterung","demo_caption":"Konfigurieren Sie Ihre Cookie-Einwilligung und f\u00fcgen Sie sie kostenlos zu Ihrer Magento-Website hinzu!","default_faq_hidden":"","app_template_category":[],"platform":"256","template_public_id":"","codecanyon_url":"","codecanyon_item_id":"","codecanyon_price":"","pricing_caption":"","pricing_elfsight_apps_hide_column":"","pricing_elfsight_apps_url":"","pricing_codecanyon_price_caption":"","integration_category":[],"integration_request_title":"","integration_request_cta":"","integration_platform":"","integrations":[],"platform_category":[],"video_schema_markup":"","price":"ab 0 $ \/ Monat","trial":"","benefits":[{"text":"Kostenlose Installationsunterst\u00fctzung"},{"text":"Kompetenter Kundenservice"},{"text":"14-t\u00e4gige R\u00fcckerstattungsgarantie"},{"text":"Zuk\u00fcnftige Updates"}],"button_url":"#demo","button_target_blank":"0","button_nofollow":"0","attributes":[{"name":"Installiert","content":"100,000 - 500,000"},{"name":"Reaktionsfreudig","content":"Ja"},{"name":"Kompatible Browser","content":"Firefox, Safari, Opera, Chrome, Edge"}],"tags":[],"tags_disable_links":"0","hide_more_platforms":"","video_object":"","demo_hide_cta":"0","demo_hide_cloud_options":"0","pricing_title":"","pricing":[{"pricing_icon":"platform","pricing_title":"Elfsight Apps","pricing_title_caption":"Plattformunabh\u00e4ngige Version, die f\u00fcr jede Site geeignet ist","pricing_price":"ab 0 $ \/ Monat","pricing_price_caption":"Beginnen Sie mit einem kostenlosen Plan","pricing_benefits":[{"text":"Unbegrenzte Domains"},{"text":"Schneller Kundensupport und gut dokumentiert"},{"text":"Kostenlose Installationshilfe"},{"text":"100 % anpassbar"}],"pricing_button_text":"Zur Website hinzuf\u00fcgen","pricing_button_url":"#demo"}],"related_apps_title":"","related_apps_hidden":"0","author":"","image":[],"title":"","job":"","social_networks":[]},"_links":{"self":[{"href":"https:\/\/elfsight.com\/de\/wp-json\/wp\/v2\/pages\/16975","targetHints":{"allow":["GET"]}}],"collection":[{"href":"https:\/\/elfsight.com\/de\/wp-json\/wp\/v2\/pages"}],"about":[{"href":"https:\/\/elfsight.com\/de\/wp-json\/wp\/v2\/types\/page"}],"author":[{"embeddable":true,"href":"https:\/\/elfsight.com\/de\/wp-json\/wp\/v2\/users\/9"}],"replies":[{"embeddable":true,"href":"https:\/\/elfsight.com\/de\/wp-json\/wp\/v2\/comments?post=16975"}],"version-history":[{"count":3,"href":"https:\/\/elfsight.com\/de\/wp-json\/wp\/v2\/pages\/16975\/revisions"}],"predecessor-version":[{"id":23750,"href":"https:\/\/elfsight.com\/de\/wp-json\/wp\/v2\/pages\/16975\/revisions\/23750"}],"up":[{"embeddable":true,"href":"https:\/\/elfsight.com\/de\/wp-json\/wp\/v2\/pages\/859"}],"wp:attachment":[{"href":"https:\/\/elfsight.com\/de\/wp-json\/wp\/v2\/media?parent=16975"}],"curies":[{"name":"wp","href":"https:\/\/api.w.org\/{rel}","templated":true}]}}