{"id":16970,"date":"2024-05-03T06:33:23","date_gmt":"2024-05-03T06:33:23","guid":{"rendered":"https:\/\/elfsight.com\/de\/?page_id=16970"},"modified":"2025-01-15T06:37:42","modified_gmt":"2025-01-15T06:37:42","slug":"html","status":"publish","type":"page","link":"https:\/\/elfsight.com\/de\/cookie-consent-widget\/html\/","title":{"rendered":"Cookie Consent &#8211; HTML"},"content":{"rendered":"\n<div class=\"application-platform-content-item-description application-platform-content-item\" id=\"description\" data-nav-section=\"description\"> <h2>Beschreibung<\/h2> <p>Mit dem Elfsight Cookie-Widget ist es \u00e4u\u00dferst einfach, Ihrem Publikum eine Benachrichtigung anzuzeigen, dass Ihr Die Website verf\u00fcgt \u00fcber Cookies in einer \u00fcbersichtlichen Popup-Leiste. Mit dem Widget k\u00f6nnen Sie einen benutzerdefinierten Text anzeigen, einen Link zu Ihrer Website-Nutzungsrichtlinie einf\u00fcgen und aktive Schaltfl\u00e4chen hinzuf\u00fcgen, um die Erlaubnis der Benutzer einzuholen. Es steht Ihnen frei, das Widget als Seitenleiste oder als responsive Box anzuzeigen und seinen Standort daf\u00fcr auszuw\u00e4hlen. Au\u00dferdem hilft Ihnen die Option, benutzerdefinierte Farben auszuw\u00e4hlen, dabei, sie nativ zu gestalten und sie an den Gesamtstil der Website anzupassen. <\/p> <div class=\"faq\" data-component=\"FAQ\"><div class=\"faq-item\">\r\n\t\t\t\t\t<div class=\"faq-item-question\">\r\n\t\t\t\t\t\t<h3 class=\"faq-item-question-text\">Wie binde ich eine Cookie-Einwilligung in meine HTML-Site ein?<\/h3>\r\n\r\n\t\t\t\t\t\t<div class=\"faq-item-question-icon\"><\/div>\r\n\t\t\t\t\t<\/div>\r\n\r\n\t\t\t\t\t<div class=\"faq-item-answer\">\r\n\t\t\t\t\t\t<div class=\"faq-item-answer-text\"><p>Die Erstellung des Tools erfolgt auf Elfsight Seiten und Sie m\u00fcssen nicht programmieren. Wenden Sie die Live-Demo an, um Ihr Tool anzupassen, holen Sie sich den Code und f\u00fcgen Sie ihn auf Ihrer Website ein. <\/p><\/div>\r\n\t\t\t\t\t<\/div>\r\n\t\t\t\t<\/div><div class=\"faq-item\">\r\n\t\t\t\t\t<div class=\"faq-item-question\">\r\n\t\t\t\t\t\t<h3 class=\"faq-item-question-text\">Die besten M\u00f6glichkeiten zur Nutzung der Cookie-Consent-Banner-Integration<\/h3>\r\n\r\n\t\t\t\t\t\t<div class=\"faq-item-question-icon\"><\/div>\r\n\t\t\t\t\t<\/div>\r\n\r\n\t\t\t\t\t<div class=\"faq-item-answer\">\r\n\t\t\t\t\t\t<div class=\"faq-item-answer-text\"><p>Wir gew\u00e4hren Ihnen unz\u00e4hlige Anpassungsm\u00f6glichkeiten: Widgets in voller L\u00e4nge zum Einf\u00fcgen in den Inhaltsbereich, schwebende Widgets mit Scroll-Optionen, Layouts f\u00fcr die Fu\u00dfzeile, die Kopfzeile und alle Variationen vertikaler Optionen f\u00fcr Website-Seitenleisten und -Men\u00fcs. <\/p><\/div>\r\n\t\t\t\t\t<\/div>\r\n\t\t\t\t<\/div><div class=\"faq-item\">\r\n\t\t\t\t\t<div class=\"faq-item-question\">\r\n\t\t\t\t\t\t<h3 class=\"faq-item-question-text\">Kann ich mit Hilfe des Editors ein Top-Banner oder eine Floating-Cookie-Zustimmung erstellen?<\/h3>\r\n\r\n\t\t\t\t\t\t<div class=\"faq-item-question-icon\"><\/div>\r\n\t\t\t\t\t<\/div>\r\n\r\n\t\t\t\t\t<div class=\"faq-item-answer\">\r\n\t\t\t\t\t\t<div class=\"faq-item-answer-text\"><p>Es steht Ihnen frei, Variationen jedes Widgets zu erstellen. Es gibt eine Vielzahl von Layouts, die im Editor anwendbar sind, und alle k\u00f6nnen problemlos nach Ihren W\u00fcnschen personalisiert werden. <\/p><\/div>\r\n\t\t\t\t\t<\/div>\r\n\t\t\t\t<\/div><\/div><\/div> <div class=\"application-platform-content-item-features application-platform-content-item\" id=\"features\" data-nav-section=\"features\"> <h2>Funktionen<\/h2> <p>Um eine klare Vorstellung von Cookie Banner zu erhalten, sehen Sie sich die Liste seiner Hauptfunktionen an Z\u00fcge. Sie machen unser Widget f\u00fcr Sie wirklich effizient:<\/p> <ul><li>Zeigen Sie eine einfache Ank\u00fcndigung oder Einwilligungsanfrage.<\/li> <li>Geben Sie eine benutzerdefinierte Benachrichtigungsnachricht mit Formatierung und Links ein.<\/li> <li>Zeigen oder deaktivieren Sie einen Link zu den Cookie-Bedingungen mit benutzerdefinierter Linkbezeichnung.<\/li> <li> W\u00e4hlen Sie eine Balken- oder Box-Layoutvariante des Widgets.<\/li> <li>Die Option zum Malen von Schaltfl\u00e4chen und Links.<\/li> <\/ul><p><a href=\"#demo\">Weitere Funktionen finden Sie in der Demo<\/a><\/p> <\/div> <div class=\"application-platform-content-item-installation application-platform-content-item\" id=\"installation\" data-nav-section=\"installation\"> <h2>Hier So f\u00fcgen Sie den Cookie-Zustimmungscode zu Ihrer HTML-Website hinzu<\/h2> <div class=\"video-container\"><iframe width=\"560\" height=\"315\" src=\"https:\/\/www.youtube.com\/embed\/DBlhsPca1Jg?si=fzZuxNCV18XSRPFL\" frameborder=\"0\" allow=\"accelerometer; autoplay; clipboard-write; encrypted-media; gyroscope; picture-in-picture; web-share\" allowfullscreen><\/iframe><\/div><p> Ein paar schnelle Schritte sind das Einzige, was Sie tun m\u00fcssen. <\/p> <ol><li><b>Generieren Sie Ihr eigenes Cookie-Banner<\/b><br> Richten Sie mit unserem kostenlosen Editor ein Plugin mit individuellem Design und Funktionalit\u00e4t ein.<\/li><li><b>Holen Sie sich den pers\u00f6nlichen Code, um das Plugin zu installieren<\/b><br> Nachdem Sie Ihr Widget erstellt haben, erhalten Sie Ihren pers\u00f6nlichen Code aus dem erscheinenden Fenster von Elfsight Apps. Kopieren Sie diesen Code.<\/li> <li><b>Das Plugin auf Ihrer HTML-Website<\/b><br> Entscheiden Sie, wo Sie das Plugin integrieren m\u00f6chten, und f\u00fcgen Sie den gespeicherten Code direkt in den ausgew\u00e4hlten Bereich ein. \u00dcbernehmen Sie die \u00c4nderungen.<\/li> <li><b>Die Integration ist erfolgreich!<\/b><br> Besuchen Sie Ihre Webseite, um Ihr Cookie zu \u00fcberpr\u00fcfen.<\/li> <\/ol><p>Ich habe immer noch Zweifel? Oder haben Sie Fragen? Mit nur einer einzigen Anfrage an unsere Kundendienstabteilung k\u00f6nnen Sie jedes Problem l\u00f6sen.<\/p> <\/div>\n","protected":false},"excerpt":{"rendered":"","protected":false},"author":9,"featured_media":0,"parent":859,"menu_order":0,"comment_status":"closed","ping_status":"closed","template":"templates\/template-application-platform.php","meta":{"publish_to_discourse":"","publish_post_category":"","wpdc_auto_publish_overridden":"","wpdc_topic_tags":"","wpdc_pin_topic":"","wpdc_pin_until":"","discourse_post_id":"","discourse_permalink":"","wpdc_publishing_response":"","wpdc_publishing_error":"","footnotes":""},"class_list":["post-16970","page","type-page","status-publish","hentry"],"yoast_head":"<!-- This site is optimized with the Yoast SEO plugin v25.3.1 - https:\/\/yoast.com\/wordpress\/plugins\/seo\/ -->\n<title>F\u00fcgen Sie der HTML-Website ein Cookie-Einwilligungscode-Widget hinzu (kostenlos und schnell)<\/title>\n<meta name=\"description\" content=\"Erstellen Sie Ihr kostenloses Cookie-Einwilligungs-Popup und f\u00fcgen Sie es Ihrem HTML-Code hinzu. F\u00fcgen Sie Ihrer Website in Sekundenschnelle das beste HTML-Cookie-Banner hinzu!\" \/>\n<meta name=\"robots\" content=\"index, follow, max-snippet:-1, max-image-preview:large, max-video-preview:-1\" \/>\n<link rel=\"canonical\" href=\"https:\/\/elfsight.com\/de\/cookie-consent-widget\/html\/\" \/>\n<meta property=\"og:locale\" content=\"de_DE\" \/>\n<meta property=\"og:type\" content=\"article\" \/>\n<meta property=\"og:title\" content=\"F\u00fcgen Sie der HTML-Website ein Cookie-Einwilligungscode-Widget hinzu (kostenlos und schnell)\" \/>\n<meta property=\"og:description\" content=\"Erstellen Sie Ihr kostenloses Cookie-Einwilligungs-Popup und f\u00fcgen Sie es Ihrem HTML-Code hinzu. F\u00fcgen Sie Ihrer Website in Sekundenschnelle das beste HTML-Cookie-Banner hinzu!\" \/>\n<meta property=\"og:url\" content=\"https:\/\/elfsight.com\/de\/cookie-consent-widget\/html\/\" \/>\n<meta property=\"og:site_name\" content=\"Elfsight DE\" \/>\n<meta property=\"article:modified_time\" content=\"2025-01-15T06:37:42+00:00\" \/>\n<meta name=\"twitter:card\" content=\"summary_large_image\" \/>\n<meta name=\"twitter:label1\" content=\"Gesch\u00e4tzte Lesezeit\" \/>\n\t<meta name=\"twitter:data1\" content=\"3\u00a0Minuten\" \/>\n<!-- \/ Yoast SEO plugin. -->","yoast_head_json":{"title":"F\u00fcgen Sie der HTML-Website ein Cookie-Einwilligungscode-Widget hinzu (kostenlos und schnell)","description":"Erstellen Sie Ihr kostenloses Cookie-Einwilligungs-Popup und f\u00fcgen Sie es Ihrem HTML-Code hinzu. F\u00fcgen Sie Ihrer Website in Sekundenschnelle das beste HTML-Cookie-Banner hinzu!","robots":{"index":"index","follow":"follow","max-snippet":"max-snippet:-1","max-image-preview":"max-image-preview:large","max-video-preview":"max-video-preview:-1"},"canonical":"https:\/\/elfsight.com\/de\/cookie-consent-widget\/html\/","og_locale":"de_DE","og_type":"article","og_title":"F\u00fcgen Sie der HTML-Website ein Cookie-Einwilligungscode-Widget hinzu (kostenlos und schnell)","og_description":"Erstellen Sie Ihr kostenloses Cookie-Einwilligungs-Popup und f\u00fcgen Sie es Ihrem HTML-Code hinzu. F\u00fcgen Sie Ihrer Website in Sekundenschnelle das beste HTML-Cookie-Banner hinzu!","og_url":"https:\/\/elfsight.com\/de\/cookie-consent-widget\/html\/","og_site_name":"Elfsight DE","article_modified_time":"2025-01-15T06:37:42+00:00","twitter_card":"summary_large_image","twitter_misc":{"Gesch\u00e4tzte Lesezeit":"3\u00a0Minuten"},"schema":{"@context":"https:\/\/schema.org","@graph":[{"@type":"WebPage","@id":"https:\/\/elfsight.com\/de\/cookie-consent-widget\/html\/","url":"https:\/\/elfsight.com\/de\/cookie-consent-widget\/html\/","name":"F\u00fcgen Sie der HTML-Website ein Cookie-Einwilligungscode-Widget hinzu (kostenlos und schnell)","isPartOf":{"@id":"https:\/\/elfsight.com\/de\/#website"},"datePublished":"2024-05-03T06:33:23+00:00","dateModified":"2025-01-15T06:37:42+00:00","description":"Erstellen Sie Ihr kostenloses Cookie-Einwilligungs-Popup und f\u00fcgen Sie es Ihrem HTML-Code hinzu. F\u00fcgen Sie Ihrer Website in Sekundenschnelle das beste HTML-Cookie-Banner hinzu!","breadcrumb":{"@id":"https:\/\/elfsight.com\/de\/cookie-consent-widget\/html\/#breadcrumb"},"inLanguage":"de","potentialAction":[{"@type":"ReadAction","target":["https:\/\/elfsight.com\/de\/cookie-consent-widget\/html\/"]}]},{"@type":"BreadcrumbList","@id":"https:\/\/elfsight.com\/de\/cookie-consent-widget\/html\/#breadcrumb","itemListElement":[{"@type":"ListItem","position":1,"name":"Home","item":"https:\/\/elfsight.com\/de\/"},{"@type":"ListItem","position":2,"name":"Cookie Consent","item":"https:\/\/elfsight.com\/de\/cookie-consent-widget\/"},{"@type":"ListItem","position":3,"name":"Cookie Consent &#8211; HTML"}]},{"@type":"WebSite","@id":"https:\/\/elfsight.com\/de\/#website","url":"https:\/\/elfsight.com\/de\/","name":"Elfsight DE","description":"Just another Elfsight Sites site","potentialAction":[{"@type":"SearchAction","target":{"@type":"EntryPoint","urlTemplate":"https:\/\/elfsight.com\/de\/?s={search_term_string}"},"query-input":{"@type":"PropertyValueSpecification","valueRequired":true,"valueName":"search_term_string"}}],"inLanguage":"de"}]}},"meta_box":{"industry":"","seo_heading":"","heading":"","description":"","cta_heading":"","cta_description":"","application":"486","h1":"HTML-Cookie-Zustimmungs-Widget","h1_caption":"Halten Sie die Datenschutzbestimmungen ein, indem Sie Ihrer Website ein Cookie-Zustimmungsbanner hinzuf\u00fcgen und so die Transparenz der Benutzerdaten auf Ihrer HTML-Website m\u00fchelos gew\u00e4hrleisten.","application_category":[],"applications_title":"","applications_request_title":"","applications_request_button_text":"","hero_text":"","hero_video":"","hero_video_schema_markup":"","selling_points_title":"","selling_points_caption":"","selling_points":[],"selling_points_cta_text":"","features_title":"","features":"","ed_cta_examples_text":"","ed_cta_examples_hidden":"","ed_cta_demo_text":"","ed_cta_demo_hidden":"","why_caption":"","why_editor_title":"","why_editor_text":"","why_team_title":"","why_team_text":"","why_service_title":"","why_service_text":"","template_catalog_visible":"0","template_catalog_title":"","template_catalog_text":"","template_catalog_categories_visible":"","demo_title":"Erstellen Sie Ihr Cookie-Zustimmungs-Widget","demo_caption":"Konfigurieren Sie Ihre Cookie-Einwilligung und f\u00fcgen Sie sie kostenlos zu Ihrer HTML-Website hinzu!","default_faq_hidden":"","app_template_category":[],"platform":"260","template_public_id":"","codecanyon_url":"","codecanyon_item_id":"","codecanyon_price":"","pricing_caption":"","pricing_elfsight_apps_hide_column":"","pricing_elfsight_apps_url":"","pricing_codecanyon_price_caption":"","integration_category":[],"integration_request_title":"","integration_request_cta":"","integration_platform":"","integrations":[],"platform_category":[],"video_schema_markup":"","price":"ab 0 $ \/ Monat","trial":"","benefits":[{"text":"Kostenlose Installationshilfe"},{"text":"Au\u00dfergew\u00f6hnlicher Support"},{"text":"14-t\u00e4gige R\u00fcckerstattungsgarantie"},{"text":"Laufende kostenlose Verbesserungen"}],"button_url":"#demo","button_target_blank":"0","button_nofollow":"0","attributes":[{"name":"Installiert","content":"100,000 - 500,000"},{"name":"Reaktionsfreudig","content":"Ja"},{"name":"Kompatible Browser","content":"Firefox, Safari, Opera, Chrome, Edge"}],"tags":[],"tags_disable_links":"0","hide_more_platforms":"","video_object":"","demo_hide_cta":"0","demo_hide_cloud_options":"0","pricing_title":"","pricing":[{"pricing_icon":"platform","pricing_title":"Elfsight Apps","pricing_title_caption":"Plattform\u00fcbergreifende digitale L\u00f6sung","pricing_price":"ab 0 $ \/ Monat","pricing_price_caption":"Beginnen Sie mit einem kostenlosen Plan","pricing_benefits":[{"text":"Unbegrenzte Websites"},{"text":"Support rund um die Uhr"},{"text":"Kostenlose Installationsunterst\u00fctzung"},{"text":"Tolles Angebot f\u00fcr mehrere Apps"}],"pricing_button_text":"Zur Website hinzuf\u00fcgen","pricing_button_url":"#demo"}],"related_apps_title":"","related_apps_hidden":"0","author":"","image":[],"title":"","job":"","social_networks":[]},"_links":{"self":[{"href":"https:\/\/elfsight.com\/de\/wp-json\/wp\/v2\/pages\/16970","targetHints":{"allow":["GET"]}}],"collection":[{"href":"https:\/\/elfsight.com\/de\/wp-json\/wp\/v2\/pages"}],"about":[{"href":"https:\/\/elfsight.com\/de\/wp-json\/wp\/v2\/types\/page"}],"author":[{"embeddable":true,"href":"https:\/\/elfsight.com\/de\/wp-json\/wp\/v2\/users\/9"}],"replies":[{"embeddable":true,"href":"https:\/\/elfsight.com\/de\/wp-json\/wp\/v2\/comments?post=16970"}],"version-history":[{"count":3,"href":"https:\/\/elfsight.com\/de\/wp-json\/wp\/v2\/pages\/16970\/revisions"}],"predecessor-version":[{"id":23754,"href":"https:\/\/elfsight.com\/de\/wp-json\/wp\/v2\/pages\/16970\/revisions\/23754"}],"up":[{"embeddable":true,"href":"https:\/\/elfsight.com\/de\/wp-json\/wp\/v2\/pages\/859"}],"wp:attachment":[{"href":"https:\/\/elfsight.com\/de\/wp-json\/wp\/v2\/media?parent=16970"}],"curies":[{"name":"wp","href":"https:\/\/api.w.org\/{rel}","templated":true}]}}