{"id":16968,"date":"2024-05-03T06:33:21","date_gmt":"2024-05-03T06:33:21","guid":{"rendered":"https:\/\/elfsight.com\/de\/?page_id=16968"},"modified":"2025-01-15T06:50:20","modified_gmt":"2025-01-15T06:50:20","slug":"opencart","status":"publish","type":"page","link":"https:\/\/elfsight.com\/de\/cookie-consent-widget\/opencart\/","title":{"rendered":"Cookie Consent &#8211; OpenCart"},"content":{"rendered":"\n<div class=\"application-platform-content-item-description application-platform-content-item\" id=\"description\" data-nav-section=\"description\"> <h2>Beschreibung<\/h2> <p>Mit dem Cookie-Modul von Elfsight ist es absolut einfach geworden, Benutzer durch eine Moderation dar\u00fcber zu informieren, dass Ihre Website Cookies verwendet Popup-Leiste. Mit unserem Widget k\u00f6nnen Sie einen benutzerdefinierten Text anzeigen, einen Link zu den Nutzungsbedingungen Ihrer Website hinzuf\u00fcgen und aktive Schaltfl\u00e4chen hinzuf\u00fcgen, um die Zustimmung der Besucher einzuholen. Sie k\u00f6nnen w\u00e4hlen, ob das Widget als Leiste oder als reaktionsf\u00e4hige Box angezeigt werden soll, und den besten Standort daf\u00fcr ausw\u00e4hlen. Dar\u00fcber hinaus hilft Ihnen die Option zum Malen von Oberfl\u00e4chenelementen dabei, das Widget einheitlich aussehen zu lassen und sich gut in das allgemeine Stilkonzept der Website zu integrieren.<\/p> <div class=\"faq\" data-component=\"FAQ\"><div class=\"faq-item\">\r\n\t\t\t\t\t<div class=\"faq-item-question\">\r\n\t\t\t\t\t\t<h3 class=\"faq-item-question-text\">Wie kann ich eine Cookie-Einwilligung zur OpenCart-Website hinzuf\u00fcgen?<\/h3>\r\n\r\n\t\t\t\t\t\t<div class=\"faq-item-question-icon\"><\/div>\r\n\t\t\t\t\t<\/div>\r\n\r\n\t\t\t\t\t<div class=\"faq-item-answer\">\r\n\t\t\t\t\t\t<div class=\"faq-item-answer-text\"><p>Der Aufbau des Tools erfolgt auf den Elfsight-Seiten und Sie m\u00fcssen nicht programmieren. Wenden Sie die Live-Demo an, um Ihre eigene App zu erstellen, holen Sie sich den Code und f\u00fcgen Sie ihn in Ihre Website ein. <\/p><\/div>\r\n\t\t\t\t\t<\/div>\r\n\t\t\t\t<\/div><div class=\"faq-item\">\r\n\t\t\t\t\t<div class=\"faq-item-question\">\r\n\t\t\t\t\t\t<h3 class=\"faq-item-question-text\">Die besten Anwendungsbeispiele f\u00fcr die Bannerintegration von Cookie-Einwilligungshinweisen<\/h3>\r\n\r\n\t\t\t\t\t\t<div class=\"faq-item-question-icon\"><\/div>\r\n\t\t\t\t\t<\/div>\r\n\r\n\t\t\t\t\t<div class=\"faq-item-answer\">\r\n\t\t\t\t\t\t<div class=\"faq-item-answer-text\"><p>Wir bieten Ihnen eine F\u00fclle von Personalisierungsm\u00f6glichkeiten: Widgets in voller Gr\u00f6\u00dfe f\u00fcr F\u00fcgen Sie in der Inhaltszone schwebende Plugins f\u00fcr Bildlaufoptionen, Layouts f\u00fcr die Fu\u00dfzeile, die Kopfzeile und alle m\u00f6glichen vertikalen M\u00f6glichkeiten f\u00fcr Website-Seitenleisten und -Men\u00fcs hinzu. <\/p><\/div>\r\n\t\t\t\t\t<\/div>\r\n\t\t\t\t<\/div><div class=\"faq-item\">\r\n\t\t\t\t\t<div class=\"faq-item-question\">\r\n\t\t\t\t\t\t<h3 class=\"faq-item-question-text\">Kann ich mit Ihrem Editor eine Bottom- oder Floating-Cookie-Zustimmung erstellen?<\/h3>\r\n\r\n\t\t\t\t\t\t<div class=\"faq-item-question-icon\"><\/div>\r\n\t\t\t\t\t<\/div>\r\n\r\n\t\t\t\t\t<div class=\"faq-item-answer\">\r\n\t\t\t\t\t\t<div class=\"faq-item-answer-text\"><p>Sie k\u00f6nnen beliebige Widget-Varianten erstellen. Im Editor stehen Ihnen viele Layouts zur Verf\u00fcgung, die Sie alle schnell an Ihre Bed\u00fcrfnisse anpassen k\u00f6nnen. <\/p><\/div>\r\n\t\t\t\t\t<\/div>\r\n\t\t\t\t<\/div><\/div><\/div><div class=\"application-platform-content-item-features application-platform-content-item\" id=\"features\" data-nav-section=\"features\"> <h2>Funktionen<\/h2> <p>Um ein klares Verst\u00e4ndnis des Widgets zu erhalten, k\u00f6nnen Sie die Liste durchsehen der prim\u00e4ren Merkmale. Sie machen dieses Widget f\u00fcr Ihre Website unglaublich effizient: <\/p> <ul><li>Nur Ank\u00fcndigung erstellen oder eine Zustimmung einholen; <\/li> <li>Die Option, Ihren eigenen Benachrichtigungstext mit verf\u00fcgbaren Formatierungsoptionen und Links zu schreiben; <\/li> <li>Einen Link zu Ihren Cookie-Bedingungen mit benutzerdefiniertem Linktext anzeigen oder deaktivieren; <\/li> <li> W\u00e4hlen Sie den Layouttyp \u201eBalken\u201c oder \u201eBox\u201c f\u00fcr die Benachrichtigung aus; <\/li> <li>Legen Sie die Farbe der Schaltfl\u00e4chen und Links fest. <\/li> <\/ul><p><a href=\"#demo\">Weitere Funktionen finden Sie in der Demo<\/a><\/p> <\/div> <div class=\"application-platform-content-item-installation application-platform-content-item\" id=\"installation\" data-nav-section=\"installation\"> <h2> Entdecken Sie, wie Sie die Cookie-Einwilligung in Ihre OpenCart-Seite einbetten<\/h2> <p>Befolgen Sie einfach die nachstehenden Anweisungen, um das Widget auf OpenCart zu integrieren.<\/p> <ol><li><b>Nutzen Sie unsere kostenlose Demo und Beginnen Sie mit der Erstellung Ihres benutzerdefinierten Widgets. <\/b><br> Finden Sie die bevorzugten Design- und Funktionsmerkmale des Werkzeugs und speichern Sie die Korrekturen. <\/li> <li><b>Kopieren Sie den eindeutigen Code, der im Fenster von Elfsight Apps angezeigt wird. <\/b><br> Sobald die Generierung Ihrer pers\u00f6nlichen Cookie-Einwilligungserweiterung abgeschlossen ist, kopieren Sie den exklusiven Code in das angezeigte Feld und bewahren Sie ihn f\u00fcr die zuk\u00fcnftige Verwendung auf. <\/li> <li><b>Beginnen Sie mit der Verwendung des Tools auf Ihrer OpenCart-Website. <\/b><br> Platzieren Sie den Code, den Sie k\u00fcrzlich gespeichert haben, auf Ihrer Website und speichern Sie die Anpassungen. <\/li> <li><b>Das Setup ist vollst\u00e4ndig durchgef\u00fchrt. <\/b><br> Besuchen Sie Ihre Seite, um einen Blick auf die Funktionsweise des Tools zu werfen. <\/li><\/ol> <p>Haben Sie noch Zweifel? Oder haben Sie Probleme? Richten Sie Ihre detaillierte Anfrage einfach an unseren Kundenservice. Wir helfen Ihnen bei jeder Frage. <\/p> <\/div>\n","protected":false},"excerpt":{"rendered":"","protected":false},"author":9,"featured_media":0,"parent":859,"menu_order":0,"comment_status":"closed","ping_status":"closed","template":"templates\/template-application-platform.php","meta":{"publish_to_discourse":"","publish_post_category":"","wpdc_auto_publish_overridden":"","wpdc_topic_tags":"","wpdc_pin_topic":"","wpdc_pin_until":"","discourse_post_id":"","discourse_permalink":"","wpdc_publishing_response":"","wpdc_publishing_error":"","footnotes":""},"class_list":["post-16968","page","type-page","status-publish","hentry"],"yoast_head":"<!-- This site is optimized with the Yoast SEO plugin v25.3.1 - https:\/\/yoast.com\/wordpress\/plugins\/seo\/ -->\n<title>F\u00fcgen Sie der OpenCart-Website eine Cookie-Zustimmungserweiterung hinzu (in 2 Minuten)<\/title>\n<meta name=\"description\" content=\"Entwerfen Sie mit Elfsight Ihr Cookie-Zustimmungsmodul und zeigen Sie es schnell auf der OpenCart-Site an. Wir bieten kostenlosen Kundenservice und andere Boni.\" \/>\n<meta name=\"robots\" content=\"index, follow, max-snippet:-1, max-image-preview:large, max-video-preview:-1\" \/>\n<link rel=\"canonical\" href=\"https:\/\/elfsight.com\/de\/cookie-consent-widget\/opencart\/\" \/>\n<meta property=\"og:locale\" content=\"de_DE\" \/>\n<meta property=\"og:type\" content=\"article\" \/>\n<meta property=\"og:title\" content=\"F\u00fcgen Sie der OpenCart-Website eine Cookie-Zustimmungserweiterung hinzu (in 2 Minuten)\" \/>\n<meta property=\"og:description\" content=\"Entwerfen Sie mit Elfsight Ihr Cookie-Zustimmungsmodul und zeigen Sie es schnell auf der OpenCart-Site an. Wir bieten kostenlosen Kundenservice und andere Boni.\" \/>\n<meta property=\"og:url\" content=\"https:\/\/elfsight.com\/de\/cookie-consent-widget\/opencart\/\" \/>\n<meta property=\"og:site_name\" content=\"Elfsight DE\" \/>\n<meta property=\"article:modified_time\" content=\"2025-01-15T06:50:20+00:00\" \/>\n<meta name=\"twitter:card\" content=\"summary_large_image\" \/>\n<meta name=\"twitter:label1\" content=\"Gesch\u00e4tzte Lesezeit\" \/>\n\t<meta name=\"twitter:data1\" content=\"3\u00a0Minuten\" \/>\n<!-- \/ Yoast SEO plugin. -->","yoast_head_json":{"title":"F\u00fcgen Sie der OpenCart-Website eine Cookie-Zustimmungserweiterung hinzu (in 2 Minuten)","description":"Entwerfen Sie mit Elfsight Ihr Cookie-Zustimmungsmodul und zeigen Sie es schnell auf der OpenCart-Site an. Wir bieten kostenlosen Kundenservice und andere Boni.","robots":{"index":"index","follow":"follow","max-snippet":"max-snippet:-1","max-image-preview":"max-image-preview:large","max-video-preview":"max-video-preview:-1"},"canonical":"https:\/\/elfsight.com\/de\/cookie-consent-widget\/opencart\/","og_locale":"de_DE","og_type":"article","og_title":"F\u00fcgen Sie der OpenCart-Website eine Cookie-Zustimmungserweiterung hinzu (in 2 Minuten)","og_description":"Entwerfen Sie mit Elfsight Ihr Cookie-Zustimmungsmodul und zeigen Sie es schnell auf der OpenCart-Site an. Wir bieten kostenlosen Kundenservice und andere Boni.","og_url":"https:\/\/elfsight.com\/de\/cookie-consent-widget\/opencart\/","og_site_name":"Elfsight DE","article_modified_time":"2025-01-15T06:50:20+00:00","twitter_card":"summary_large_image","twitter_misc":{"Gesch\u00e4tzte Lesezeit":"3\u00a0Minuten"},"schema":{"@context":"https:\/\/schema.org","@graph":[{"@type":"WebPage","@id":"https:\/\/elfsight.com\/de\/cookie-consent-widget\/opencart\/","url":"https:\/\/elfsight.com\/de\/cookie-consent-widget\/opencart\/","name":"F\u00fcgen Sie der OpenCart-Website eine Cookie-Zustimmungserweiterung hinzu (in 2 Minuten)","isPartOf":{"@id":"https:\/\/elfsight.com\/de\/#website"},"datePublished":"2024-05-03T06:33:21+00:00","dateModified":"2025-01-15T06:50:20+00:00","description":"Entwerfen Sie mit Elfsight Ihr Cookie-Zustimmungsmodul und zeigen Sie es schnell auf der OpenCart-Site an. Wir bieten kostenlosen Kundenservice und andere Boni.","breadcrumb":{"@id":"https:\/\/elfsight.com\/de\/cookie-consent-widget\/opencart\/#breadcrumb"},"inLanguage":"de","potentialAction":[{"@type":"ReadAction","target":["https:\/\/elfsight.com\/de\/cookie-consent-widget\/opencart\/"]}]},{"@type":"BreadcrumbList","@id":"https:\/\/elfsight.com\/de\/cookie-consent-widget\/opencart\/#breadcrumb","itemListElement":[{"@type":"ListItem","position":1,"name":"Home","item":"https:\/\/elfsight.com\/de\/"},{"@type":"ListItem","position":2,"name":"Cookie Consent","item":"https:\/\/elfsight.com\/de\/cookie-consent-widget\/"},{"@type":"ListItem","position":3,"name":"Cookie Consent &#8211; OpenCart"}]},{"@type":"WebSite","@id":"https:\/\/elfsight.com\/de\/#website","url":"https:\/\/elfsight.com\/de\/","name":"Elfsight DE","description":"Just another Elfsight Sites site","potentialAction":[{"@type":"SearchAction","target":{"@type":"EntryPoint","urlTemplate":"https:\/\/elfsight.com\/de\/?s={search_term_string}"},"query-input":{"@type":"PropertyValueSpecification","valueRequired":true,"valueName":"search_term_string"}}],"inLanguage":"de"}]}},"meta_box":{"industry":"","seo_heading":"","heading":"","description":"","cta_heading":"","cta_description":"","application":"486","h1":"OpenCart-Cookie-Zustimmungserweiterung","h1_caption":"Halten Sie die Datenschutzbestimmungen ein, indem Sie Ihrer Website ein Cookie-Zustimmungsbanner hinzuf\u00fcgen und so die Transparenz der Benutzerdaten auf Ihrer Opencart-Website m\u00fchelos gew\u00e4hrleisten.","application_category":[],"applications_title":"","applications_request_title":"","applications_request_button_text":"","hero_text":"","hero_video":"","hero_video_schema_markup":"","selling_points_title":"","selling_points_caption":"","selling_points":[],"selling_points_cta_text":"","features_title":"","features":"","ed_cta_examples_text":"","ed_cta_examples_hidden":"","ed_cta_demo_text":"","ed_cta_demo_hidden":"","why_caption":"","why_editor_title":"","why_editor_text":"","why_team_title":"","why_team_text":"","why_service_title":"","why_service_text":"","template_catalog_visible":"0","template_catalog_title":"","template_catalog_text":"","template_catalog_categories_visible":"","demo_title":"Erstellen Sie Ihre Cookie-Zustimmungserweiterung","demo_caption":"Konfigurieren Sie Ihre Cookie-Einwilligung und f\u00fcgen Sie sie kostenlos zu Ihrer OpenCart-Website hinzu!","default_faq_hidden":"","app_template_category":[],"platform":"254","template_public_id":"","codecanyon_url":"","codecanyon_item_id":"","codecanyon_price":"","pricing_caption":"","pricing_elfsight_apps_hide_column":"","pricing_elfsight_apps_url":"","pricing_codecanyon_price_caption":"","integration_category":[],"integration_request_title":"","integration_request_cta":"","integration_platform":"","integrations":[],"platform_category":[],"video_schema_markup":"","price":"ab 0 $ \/ Monat","trial":"","benefits":[{"text":"Kostenlose Installationshilfe"},{"text":"Erfahrener Kundensupport"},{"text":"14-t\u00e4gige R\u00fcckerstattungsgarantie"},{"text":"Lebenslange Updates"}],"button_url":"#demo","button_target_blank":"0","button_nofollow":"0","attributes":[{"name":"Installiert","content":"100,000 - 500,000"},{"name":"Reaktionsfreudig","content":"Ja"},{"name":"Kompatible Browser","content":"Opera, Firefox, Edge, Safari, Chrome"}],"tags":[],"tags_disable_links":"0","hide_more_platforms":"","video_object":"","demo_hide_cta":"0","demo_hide_cloud_options":"0","pricing_title":"","pricing":[{"pricing_icon":"platform","pricing_title":"Elfsight Apps","pricing_title_caption":"Plattformunabh\u00e4ngige L\u00f6sung, die auf jeder Website funktioniert","pricing_price":"ab 0 $ \/ Monat","pricing_price_caption":"Beginnen Sie mit einem kostenlosen Plan","pricing_benefits":[{"text":"Unbegrenzte Domains"},{"text":"Professionelle Unternehmensunterst\u00fctzung"},{"text":"Kostenlose Installationshilfe"},{"text":"100 % anpassbar"}],"pricing_button_text":"Zur Website hinzuf\u00fcgen","pricing_button_url":"#demo"}],"related_apps_title":"","related_apps_hidden":"0","author":"","image":[],"title":"","job":"","social_networks":[]},"_links":{"self":[{"href":"https:\/\/elfsight.com\/de\/wp-json\/wp\/v2\/pages\/16968","targetHints":{"allow":["GET"]}}],"collection":[{"href":"https:\/\/elfsight.com\/de\/wp-json\/wp\/v2\/pages"}],"about":[{"href":"https:\/\/elfsight.com\/de\/wp-json\/wp\/v2\/types\/page"}],"author":[{"embeddable":true,"href":"https:\/\/elfsight.com\/de\/wp-json\/wp\/v2\/users\/9"}],"replies":[{"embeddable":true,"href":"https:\/\/elfsight.com\/de\/wp-json\/wp\/v2\/comments?post=16968"}],"version-history":[{"count":3,"href":"https:\/\/elfsight.com\/de\/wp-json\/wp\/v2\/pages\/16968\/revisions"}],"predecessor-version":[{"id":23758,"href":"https:\/\/elfsight.com\/de\/wp-json\/wp\/v2\/pages\/16968\/revisions\/23758"}],"up":[{"embeddable":true,"href":"https:\/\/elfsight.com\/de\/wp-json\/wp\/v2\/pages\/859"}],"wp:attachment":[{"href":"https:\/\/elfsight.com\/de\/wp-json\/wp\/v2\/media?parent=16968"}],"curies":[{"name":"wp","href":"https:\/\/api.w.org\/{rel}","templated":true}]}}