{"id":16967,"date":"2024-05-03T06:33:20","date_gmt":"2024-05-03T06:33:20","guid":{"rendered":"https:\/\/elfsight.com\/de\/?page_id=16967"},"modified":"2025-01-15T06:52:16","modified_gmt":"2025-01-15T06:52:16","slug":"shopify","status":"publish","type":"page","link":"https:\/\/elfsight.com\/de\/cookie-consent-widget\/shopify\/","title":{"rendered":"Cookie Consent &#8211; Shopify"},"content":{"rendered":"\n<div class=\"application-platform-content-item-description application-platform-content-item\" id=\"description\" data-nav-section=\"description\"><h2>Cookie-Einwilligung in Shopify mit dem Elfsight-Widget einbetten<\/h2><p>Mit der Elfsight Cookie-App ist es absolut einfach, Zuschauer dar\u00fcber zu informieren, dass Sie Die Website verf\u00fcgt \u00fcber Cookies \u00fcber ein moderates Popup. Mit unserem Widget k\u00f6nnen Sie Ihre eigene Nachricht anzeigen, einen Link zur Website-Nutzungsrichtlinie bereitstellen und aktive Schaltfl\u00e4chen anzeigen, um die Erlaubnis der Benutzer einzuholen. Sie k\u00f6nnen das Widget als Seitenleiste oder als Box anordnen und die beste Position auf der Seite ausw\u00e4hlen. Au\u00dferdem hilft Ihnen die Option, benutzerdefinierte Farben auszuw\u00e4hlen, dabei, das Widget konsistent zu gestalten und an den allgemeinen Stil der Website anzupassen. <\/p> <div class=\"faq\" data-component=\"FAQ\"><div class=\"faq-item\">\r\n\t\t\t\t\t<div class=\"faq-item-question\">\r\n\t\t\t\t\t\t<h3 class=\"faq-item-question-text\">Wie binde ich eine Cookie-Einwilligung in meine Shopify-Website ein?<\/h3>\r\n\r\n\t\t\t\t\t\t<div class=\"faq-item-question-icon\"><\/div>\r\n\t\t\t\t\t<\/div>\r\n\r\n\t\t\t\t\t<div class=\"faq-item-answer\">\r\n\t\t\t\t\t\t<div class=\"faq-item-answer-text\"><p>Die Erstellung des Widgets erfolgt innerhalb des Elfsight-Dienstes und Sie m\u00fcssen nicht lernen, wie man programmiert. \u00d6ffnen Sie unsere aktive Demo, um Ihr pers\u00f6nliches Widget zu entwerfen, den Code zu erhalten und ihn in Ihre Website zu implementieren. <\/p><\/div>\r\n\t\t\t\t\t<\/div>\r\n\t\t\t\t<\/div><div class=\"faq-item\">\r\n\t\t\t\t\t<div class=\"faq-item-question\">\r\n\t\t\t\t\t\t<h3 class=\"faq-item-question-text\">Die besten M\u00f6glichkeiten, die Integration von Cookie-Consent-Bannerhinweisen zu nutzen<\/h3>\r\n\r\n\t\t\t\t\t\t<div class=\"faq-item-question-icon\"><\/div>\r\n\t\t\t\t\t<\/div>\r\n\r\n\t\t\t\t\t<div class=\"faq-item-answer\">\r\n\t\t\t\t\t\t<div class=\"faq-item-answer-text\"><p>Wir bieten eine breite Palette an Anpassungsm\u00f6glichkeiten: Widgets in voller L\u00e4nge zum Einbetten in den Inhalt Bereich, schwebende Plugins f\u00fcr Scrolloptionen, Layouts f\u00fcr die Fu\u00dfzeile Ihrer Website, den Kopfbereich und alle m\u00f6glichen vertikalen M\u00f6glichkeiten f\u00fcr Website-Seitenleisten und Men\u00fcs. <\/p><\/div>\r\n\t\t\t\t\t<\/div>\r\n\t\t\t\t<\/div><div class=\"faq-item\">\r\n\t\t\t\t\t<div class=\"faq-item-question\">\r\n\t\t\t\t\t\t<h3 class=\"faq-item-question-text\">Gibt es eine Option zum Erstellen einer Floating- oder Sidebar-Cookie-Zustimmung mit dem Editor?<\/h3>\r\n\r\n\t\t\t\t\t\t<div class=\"faq-item-question-icon\"><\/div>\r\n\t\t\t\t\t<\/div>\r\n\r\n\t\t\t\t\t<div class=\"faq-item-answer\">\r\n\t\t\t\t\t\t<div class=\"faq-item-answer-text\"><p>Es steht Ihnen frei, Variationen jedes Widgets zu erstellen. Im Editor stehen Ihnen zahlreiche Layouts zur Verf\u00fcgung, die Sie bei Bedarf problemlos anpassen k\u00f6nnen. <\/p><\/div>\r\n\t\t\t\t\t<\/div>\r\n\t\t\t\t<\/div><\/div><\/div><div class=\"application-platform-content-item-features application-platform-content-item\" id=\"features\" data-nav-section=\"features\"><h2>Hauptfunktionen des Cookie-Einwilligungs-Widgets<\/h2><p>Um eine klare Vorstellung von der Cookie-Einwilligung zu erhalten, Sehen Sie sich die Liste seiner Hauptfunktionen an. Sie machen unser Widget f\u00fcr Sie wirklich n\u00fctzlich: <\/p><ul><li>W\u00e4hlen Sie eine einfache Benachrichtigung aus oder fordern Sie eine Einwilligung an; <\/li> <li>Die Option, Ihre eigene Ank\u00fcndigungsnachricht mit verf\u00fcgbaren Formatierungen und Links festzulegen; <\/li> <li>Aktiven Link zur Website-Nutzungsrichtlinie anzeigen oder deaktivieren und benutzerdefinierten Linktext eingeben; <\/li> <li>Die Option, die Layoutvariante \u201eBalken\u201c oder \u201eBox\u201c der Benachrichtigung auszuw\u00e4hlen; <\/li> <li>Die Option zum Malen von Schaltfl\u00e4chen und Links. <\/li> <\/ul><p><a href=\"#demo\">Um alle Funktionen kennenzulernen, sehen Sie sich unsere Live-Demo an<\/a><\/p><\/div><div class=\"application-platform-content-item-installation application-platform-content-item\" id=\"installation\" data-nav-section=\"installation\"><h2>Erfahren Sie, wie Sie die Cookie-Einwilligung zu Ihrem Shopify-Shop hinzuf\u00fcgen<\/h2><div class=\"video-container\"><iframe width=\"560\" height=\"315\" src=\"https:\/\/www.youtube.com\/embed\/YNlviAOQLxQ?si=ZSsE8w8jPnrqrrY7\" frameborder=\"0\" allow=\"accelerometer; autoplay; clipboard-write; encrypted-media; gyroscope; picture-in-picture; web-share\" allowfullscreen><\/iframe><\/div><p> Ein paar schnelle Schritte sind das Einzige, was Sie tun m\u00fcssen.<\/p><ol><li><b>Nutzen Sie unsere kostenlose Demo und beginnen Sie mit der Entwicklung Ihrer ma\u00dfgeschneiderten App. <\/b><br> Finden Sie die bevorzugte Anordnung und Leistung der App und \u00fcbernehmen Sie alle \u00c4nderungen. <\/li> <li><b>Kopieren Sie Ihren individuellen Code, der im Fenster von Elfsight Apps angezeigt wird. <\/b><br> Sobald die Erstellung Ihrer App abgeschlossen ist, kopieren Sie Ihren Code aus dem angezeigten Fenster und bewahren Sie ihn f\u00fcr eine sp\u00e4tere Gelegenheit auf. <\/li> <li><b>Beginnen Sie mit der Nutzung der App auf der Shopify-Website. <\/b><br> F\u00fcgen Sie den Code, den Sie k\u00fcrzlich gespeichert haben, in Ihre Website ein und speichern Sie die \u00c4nderungen. <\/li> <li><b>Du bist fertig! Die Integration wurde erfolgreich beendet. <\/b><br> \u00d6ffnen Sie Ihre Website, um die Funktion der App zu \u00fcberpr\u00fcfen. <\/li><\/ol><p>Sie k\u00f6nnen sich immer noch nicht entscheiden? Oder haben Sie Anfragen? Senden Sie einfach eine Anfrage an unseren Kundensupport. Wir helfen Ihnen bei jedem Problem. <\/p><\/div>\n","protected":false},"excerpt":{"rendered":"","protected":false},"author":9,"featured_media":0,"parent":859,"menu_order":0,"comment_status":"closed","ping_status":"closed","template":"templates\/template-application-platform.php","meta":{"publish_to_discourse":"","publish_post_category":"","wpdc_auto_publish_overridden":"","wpdc_topic_tags":"","wpdc_pin_topic":"","wpdc_pin_until":"","discourse_post_id":"","discourse_permalink":"","wpdc_publishing_response":"","wpdc_publishing_error":"","footnotes":""},"class_list":["post-16967","page","type-page","status-publish","hentry"],"yoast_head":"<!-- This site is optimized with the Yoast SEO plugin v25.3.1 - https:\/\/yoast.com\/wordpress\/plugins\/seo\/ -->\n<title>F\u00fcgen Sie der Shopify-Website die Cookie-Einwilligungs-App hinzu (kostenlos und schnell)<\/title>\n<meta name=\"description\" content=\"Es ist ganz einfach, Ihre Cookie-Consent-App zu gestalten und in Ihrem Shopify-Shop anzuzeigen. Der Elfsight-Kundendienst ist kostenlos und schnell.\" \/>\n<meta name=\"robots\" content=\"index, follow, max-snippet:-1, max-image-preview:large, max-video-preview:-1\" \/>\n<link rel=\"canonical\" href=\"https:\/\/elfsight.com\/de\/cookie-consent-widget\/shopify\/\" \/>\n<meta property=\"og:locale\" content=\"de_DE\" \/>\n<meta property=\"og:type\" content=\"article\" \/>\n<meta property=\"og:title\" content=\"F\u00fcgen Sie der Shopify-Website die Cookie-Einwilligungs-App hinzu (kostenlos und schnell)\" \/>\n<meta property=\"og:description\" content=\"Es ist ganz einfach, Ihre Cookie-Consent-App zu gestalten und in Ihrem Shopify-Shop anzuzeigen. Der Elfsight-Kundendienst ist kostenlos und schnell.\" \/>\n<meta property=\"og:url\" content=\"https:\/\/elfsight.com\/de\/cookie-consent-widget\/shopify\/\" \/>\n<meta property=\"og:site_name\" content=\"Elfsight DE\" \/>\n<meta property=\"article:modified_time\" content=\"2025-01-15T06:52:16+00:00\" \/>\n<meta name=\"twitter:card\" content=\"summary_large_image\" \/>\n<meta name=\"twitter:label1\" content=\"Gesch\u00e4tzte Lesezeit\" \/>\n\t<meta name=\"twitter:data1\" content=\"3\u00a0Minuten\" \/>\n<!-- \/ Yoast SEO plugin. -->","yoast_head_json":{"title":"F\u00fcgen Sie der Shopify-Website die Cookie-Einwilligungs-App hinzu (kostenlos und schnell)","description":"Es ist ganz einfach, Ihre Cookie-Consent-App zu gestalten und in Ihrem Shopify-Shop anzuzeigen. Der Elfsight-Kundendienst ist kostenlos und schnell.","robots":{"index":"index","follow":"follow","max-snippet":"max-snippet:-1","max-image-preview":"max-image-preview:large","max-video-preview":"max-video-preview:-1"},"canonical":"https:\/\/elfsight.com\/de\/cookie-consent-widget\/shopify\/","og_locale":"de_DE","og_type":"article","og_title":"F\u00fcgen Sie der Shopify-Website die Cookie-Einwilligungs-App hinzu (kostenlos und schnell)","og_description":"Es ist ganz einfach, Ihre Cookie-Consent-App zu gestalten und in Ihrem Shopify-Shop anzuzeigen. Der Elfsight-Kundendienst ist kostenlos und schnell.","og_url":"https:\/\/elfsight.com\/de\/cookie-consent-widget\/shopify\/","og_site_name":"Elfsight DE","article_modified_time":"2025-01-15T06:52:16+00:00","twitter_card":"summary_large_image","twitter_misc":{"Gesch\u00e4tzte Lesezeit":"3\u00a0Minuten"},"schema":{"@context":"https:\/\/schema.org","@graph":[{"@type":"WebPage","@id":"https:\/\/elfsight.com\/de\/cookie-consent-widget\/shopify\/","url":"https:\/\/elfsight.com\/de\/cookie-consent-widget\/shopify\/","name":"F\u00fcgen Sie der Shopify-Website die Cookie-Einwilligungs-App hinzu (kostenlos und schnell)","isPartOf":{"@id":"https:\/\/elfsight.com\/de\/#website"},"datePublished":"2024-05-03T06:33:20+00:00","dateModified":"2025-01-15T06:52:16+00:00","description":"Es ist ganz einfach, Ihre Cookie-Consent-App zu gestalten und in Ihrem Shopify-Shop anzuzeigen. Der Elfsight-Kundendienst ist kostenlos und schnell.","breadcrumb":{"@id":"https:\/\/elfsight.com\/de\/cookie-consent-widget\/shopify\/#breadcrumb"},"inLanguage":"de","potentialAction":[{"@type":"ReadAction","target":["https:\/\/elfsight.com\/de\/cookie-consent-widget\/shopify\/"]}]},{"@type":"BreadcrumbList","@id":"https:\/\/elfsight.com\/de\/cookie-consent-widget\/shopify\/#breadcrumb","itemListElement":[{"@type":"ListItem","position":1,"name":"Home","item":"https:\/\/elfsight.com\/de\/"},{"@type":"ListItem","position":2,"name":"Cookie Consent","item":"https:\/\/elfsight.com\/de\/cookie-consent-widget\/"},{"@type":"ListItem","position":3,"name":"Cookie Consent &#8211; Shopify"}]},{"@type":"WebSite","@id":"https:\/\/elfsight.com\/de\/#website","url":"https:\/\/elfsight.com\/de\/","name":"Elfsight DE","description":"Just another Elfsight Sites site","potentialAction":[{"@type":"SearchAction","target":{"@type":"EntryPoint","urlTemplate":"https:\/\/elfsight.com\/de\/?s={search_term_string}"},"query-input":{"@type":"PropertyValueSpecification","valueRequired":true,"valueName":"search_term_string"}}],"inLanguage":"de"}]}},"meta_box":{"industry":"","seo_heading":"","heading":"","description":"","cta_heading":"","cta_description":"","application":"486","h1":"Shopify-Cookie-Zustimmungs-Widget","h1_caption":"Halten Sie die Datenschutzbestimmungen ein, indem Sie Ihrer Website ein Cookie-Zustimmungsbanner hinzuf\u00fcgen und so die Transparenz der Benutzerdaten auf Ihrer Shopify-Website m\u00fchelos gew\u00e4hrleisten.","application_category":[],"applications_title":"","applications_request_title":"","applications_request_button_text":"","hero_text":"","hero_video":"","hero_video_schema_markup":"","selling_points_title":"","selling_points_caption":"","selling_points":[],"selling_points_cta_text":"","features_title":"","features":"","ed_cta_examples_text":"","ed_cta_examples_hidden":"","ed_cta_demo_text":"","ed_cta_demo_hidden":"","why_caption":"","why_editor_title":"","why_editor_text":"","why_team_title":"","why_team_text":"","why_service_title":"","why_service_text":"","template_catalog_visible":"0","template_catalog_title":"","template_catalog_text":"","template_catalog_categories_visible":"","demo_title":"Erstellen Sie Ihre Cookie-Einwilligungs-App","demo_caption":"Konfigurieren Sie Ihre Cookie-Einwilligung und f\u00fcgen Sie sie kostenlos zu Ihrer Shopify-Website hinzu!","default_faq_hidden":"","app_template_category":[],"platform":"253","template_public_id":"","codecanyon_url":"","codecanyon_item_id":"","codecanyon_price":"","pricing_caption":"","pricing_elfsight_apps_hide_column":"","pricing_elfsight_apps_url":"","pricing_codecanyon_price_caption":"","integration_category":[],"integration_request_title":"","integration_request_cta":"","integration_platform":"","integrations":[],"platform_category":[],"video_schema_markup":"","price":"ab 0 $ \/ Monat","trial":"","benefits":[{"text":"Kostenloser Installationsservice"},{"text":"Premium-Support"},{"text":"14-t\u00e4gige Geld-zur\u00fcck-Garantie"},{"text":"Kontinuierliche kostenlose Updates"}],"button_url":"#demo","button_target_blank":"0","button_nofollow":"0","attributes":[{"name":"Installiert","content":"100,000 - 500,000"},{"name":"Reaktionsfreudig","content":"Ja"},{"name":"Kompatible Browser","content":"Firefox, Safari, Opera, Chrome, Edge"}],"tags":[],"tags_disable_links":"0","hide_more_platforms":"","video_object":"","demo_hide_cta":"0","demo_hide_cloud_options":"0","pricing_title":"","pricing":[{"pricing_icon":"platform","pricing_title":"Elfsight Apps","pricing_title_caption":"Plattform\u00fcbergreifende Version, die auf jeder Website funktioniert","pricing_price":"ab 0 $ \/ Monat","pricing_price_caption":"Beginnen Sie mit einem kostenlosen Plan","pricing_benefits":[{"text":"Unbegrenzte Websites"},{"text":"Premium-Support"},{"text":"Kostenloser Installationsservice"},{"text":"Sonderangebot f\u00fcr mehrere Apps"}],"pricing_button_text":"Zur Website hinzuf\u00fcgen","pricing_button_url":"#demo"}],"related_apps_title":"","related_apps_hidden":"0","author":"","image":[],"title":"","job":"","social_networks":[]},"_links":{"self":[{"href":"https:\/\/elfsight.com\/de\/wp-json\/wp\/v2\/pages\/16967","targetHints":{"allow":["GET"]}}],"collection":[{"href":"https:\/\/elfsight.com\/de\/wp-json\/wp\/v2\/pages"}],"about":[{"href":"https:\/\/elfsight.com\/de\/wp-json\/wp\/v2\/types\/page"}],"author":[{"embeddable":true,"href":"https:\/\/elfsight.com\/de\/wp-json\/wp\/v2\/users\/9"}],"replies":[{"embeddable":true,"href":"https:\/\/elfsight.com\/de\/wp-json\/wp\/v2\/comments?post=16967"}],"version-history":[{"count":3,"href":"https:\/\/elfsight.com\/de\/wp-json\/wp\/v2\/pages\/16967\/revisions"}],"predecessor-version":[{"id":23759,"href":"https:\/\/elfsight.com\/de\/wp-json\/wp\/v2\/pages\/16967\/revisions\/23759"}],"up":[{"embeddable":true,"href":"https:\/\/elfsight.com\/de\/wp-json\/wp\/v2\/pages\/859"}],"wp:attachment":[{"href":"https:\/\/elfsight.com\/de\/wp-json\/wp\/v2\/media?parent=16967"}],"curies":[{"name":"wp","href":"https:\/\/api.w.org\/{rel}","templated":true}]}}