{"id":16962,"date":"2024-05-03T06:33:19","date_gmt":"2024-05-03T06:33:19","guid":{"rendered":"https:\/\/elfsight.com\/de\/?page_id=16962"},"modified":"2025-01-15T06:53:35","modified_gmt":"2025-01-15T06:53:35","slug":"squarespace","status":"publish","type":"page","link":"https:\/\/elfsight.com\/de\/cookie-consent-widget\/squarespace\/","title":{"rendered":"Cookie Consent &#8211; Squarespace"},"content":{"rendered":"\n<div class=\"application-platform-content-item-description application-platform-content-item\" id=\"description\" data-nav-section=\"description\"><h2>Betten Sie die Cookie-Einwilligung in Squarespace mit dem Elfsight-Widget ein<\/h2><p>Mit dem Elfsight Cookie-Plugin ist es absolut einfach, Benutzer dar\u00fcber zu informieren Website verf\u00fcgt \u00fcber Cookies, indem eine saubere Popup-Leiste angezeigt wird. Mit unserem Widget k\u00f6nnen Sie eine benutzerdefinierte Nachricht hinzuf\u00fcgen, einen Link zu den Nutzungsbedingungen Ihrer Website platzieren und aktive Schaltfl\u00e4chen platzieren, um die Erlaubnis der Besucher einzuholen. Sie k\u00f6nnen w\u00e4hlen, ob die Benachrichtigung in Form einer Leiste oder eines K\u00e4stchens angezeigt werden soll, und ihre Position auf der Seite festlegen. Dar\u00fcber hinaus hilft Ihnen die Option, Oberfl\u00e4chenelemente zu malen, dabei, dass sie nativ aussieht und zum allgemeinen Stil der Website passt. <\/p> <div class=\"faq\" data-component=\"FAQ\"><div class=\"faq-item\">\r\n\t\t\t\t\t<div class=\"faq-item-question\">\r\n\t\t\t\t\t\t<h3 class=\"faq-item-question-text\">Wo kann ich dieses Plugin anzeigen?<\/h3>\r\n\r\n\t\t\t\t\t\t<div class=\"faq-item-question-icon\"><\/div>\r\n\t\t\t\t\t<\/div>\r\n\r\n\t\t\t\t\t<div class=\"faq-item-answer\">\r\n\t\t\t\t\t\t<div class=\"faq-item-answer-text\"><p>Sie k\u00f6nnen die Benachrichtigung je nach Bedarf auf jeder Seite Ihrer Website oder auf allen Seiten einbetten. Sobald ein Besucher die Seite betritt, erscheint eine Benachrichtigung.<\/p> <\/div>\r\n\t\t\t\t\t<\/div>\r\n\t\t\t\t<\/div><div class=\"faq-item\">\r\n\t\t\t\t\t<div class=\"faq-item-question\">\r\n\t\t\t\t\t\t<h3 class=\"faq-item-question-text\">Welche Vorteile bietet mir dieses Plugin?<\/h3>\r\n\r\n\t\t\t\t\t\t<div class=\"faq-item-question-icon\"><\/div>\r\n\t\t\t\t\t<\/div>\r\n\r\n\t\t\t\t\t<div class=\"faq-item-answer\">\r\n\t\t\t\t\t\t<div class=\"faq-item-answer-text\"><p>Elfsight Cookie Consent hilft Sie erstellen eine sofortige Cookie-Ank\u00fcndigung, ohne Programmierung und maximal schnell. Es umfasst alle g\u00e4ngigen europ\u00e4ischen Sprachen, um den Benutzern ein komfortables Erlebnis zu bieten. <\/p> <\/div>\r\n\t\t\t\t\t<\/div>\r\n\t\t\t\t<\/div><div class=\"faq-item\">\r\n\t\t\t\t\t<div class=\"faq-item-question\">\r\n\t\t\t\t\t\t<h3 class=\"faq-item-question-text\">Was ben\u00f6tige ich, um das Cookie-Plugin auf meiner Squarespace-Website zu installieren?<\/h3>\r\n\r\n\t\t\t\t\t\t<div class=\"faq-item-question-icon\"><\/div>\r\n\t\t\t\t\t<\/div>\r\n\r\n\t\t\t\t\t<div class=\"faq-item-answer\">\r\n\t\t\t\t\t\t<div class=\"faq-item-answer-text\"><p>Sie ben\u00f6tigen nur ein paar Minuten, um mit der Verwendung des Widgets zu beginnen. Die Integration erfolgt extrem schnell, ist kostenlos und erfordert keine Programmierung. <\/p><p>Es gibt eine Option zum Einrichten von Cookies f\u00fcr die Website direkt in unserem Service. Befolgen Sie dazu die Anweisungen auf dieser Seite. <\/p><\/div>\r\n\t\t\t\t\t<\/div>\r\n\t\t\t\t<\/div><\/div><\/div><div class=\"application-platform-content-item-features application-platform-content-item\" id=\"features\" data-nav-section=\"features\"><h2>Hauptfunktionen des Cookie-Einwilligungs-Widgets<\/h2><p>Um Ihnen zu einem besseren Verst\u00e4ndnis zu verhelfen des Plugins haben wir eine Liste der wesentlichen Merkmale erstellt. Sie machen dieses Widget f\u00fcr Ihre Website maximal effizient: <\/p><ul><li>Nur Benachrichtigung oder Genehmigungsanfrage anordnen; <\/li> <li>Die Option, eine eigene Ank\u00fcndigungsnachricht einzugeben, die Formatierung und Links unterst\u00fctzt; <\/li> <li>Aktiven Link zur Cookie-Richtlinie einblenden oder ausblenden und benutzerdefinierten Linktext hinzuf\u00fcgen; <\/li> <li> W\u00e4hlen Sie die Layoutvariante \u201eBar\u201c oder \u201eBox\u201c der Benachrichtigung aus; <\/li> <li>W\u00e4hlen Sie eine benutzerdefinierte Farbe f\u00fcr Schaltfl\u00e4chen und Links. <\/li> <\/ul><p><a href=\"#demo\">Demo zeigt Ihnen weitere Funktionen<\/a><\/p><\/div><div class=\"application-platform-content-item-installation application-platform-content-item\" id=\"installation\" data-nav-section=\"installation\"><h2> So f\u00fcgen Sie die Cookie-Einwilligung zu Ihrer Squarespace-Seite hinzu<\/h2><div class=\"video-container\"><iframe width=\"560\" height=\"315\" src=\"https:\/\/www.youtube.com\/embed\/Rfjr6RNgaCE?si=Buj_YqMWZRITb3BQ\" frameborder=\"0\" allow=\"accelerometer; autoplay; clipboard-write; encrypted-media; gyroscope; picture-in-picture; web-share\" allowfullscreen><\/iframe><\/div><p>Die folgenden Aktionen sind das Einzige, was Sie tun m\u00fcssen, um das Widget zum Laufen zu bringen. <\/p><ol><li><b>Generieren Sie Ihr pers\u00f6nliches Cookie-Plugin<\/b><br> Richten Sie mit unserem kostenlosen Konfigurator ein Plugin mit bevorzugten Schnittstellen- und Funktionsoptionen ein. <\/li><li><b>Erhalten Sie den individuellen Code zur Installation des Plugins<\/b><br> Nachdem Sie Ihr Widget erstellt haben, erhalten Sie Ihren pers\u00f6nlichen Code \u00fcber die erscheinende Benachrichtigung auf Elfsight Apps. Kopieren Sie diesen Code zur weiteren Verwendung. <\/li> <li><b>F\u00fcgen Sie das Plugin auf Ihrer Squarespace-Website hinzu<\/b><br> W\u00e4hlen Sie den Seitenbereich aus, in den Sie das Plugin einbetten m\u00f6chten, und f\u00fcgen Sie dort den gespeicherten Code ein. Ver\u00f6ffentlichen Sie die \u00c4nderungen. <\/li> <li><b>Fertig! <\/b><br> Besuchen Sie die Website, um Ihre Arbeit zu \u00fcberpr\u00fcfen. <\/li> <\/ol><p>Sie k\u00f6nnen sich immer noch nicht entscheiden? Oder Probleme haben? Mit nur einer einzigen Anfrage an unseren Kundenservice l\u00e4sst sich jede Frage kl\u00e4ren. Vielleicht m\u00f6chten Sie auch unseren <a href=\"https:\/\/elfsight.com\/blog\/how-to-add-cookie-consent-banners-to-squarespace\/\" target=\"_blank\" rel=\"noopener\">Artikel zum Hinzuf\u00fcgen der Cookie-Einwilligung zu Squarespace-Websites<\/a>. <\/p><\/div>\n","protected":false},"excerpt":{"rendered":"","protected":false},"author":9,"featured_media":0,"parent":859,"menu_order":0,"comment_status":"closed","ping_status":"closed","template":"templates\/template-application-platform.php","meta":{"publish_to_discourse":"","publish_post_category":"","wpdc_auto_publish_overridden":"","wpdc_topic_tags":"","wpdc_pin_topic":"","wpdc_pin_until":"","discourse_post_id":"","discourse_permalink":"","wpdc_publishing_response":"","wpdc_publishing_error":"","footnotes":""},"class_list":["post-16962","page","type-page","status-publish","hentry"],"yoast_head":"<!-- This site is optimized with the Yoast SEO plugin v25.3.1 - https:\/\/yoast.com\/wordpress\/plugins\/seo\/ -->\n<title>Cookie-Zustimmungs-Plugin zur Squarespace-Website hinzuf\u00fcgen (2025)<\/title>\n<meta name=\"description\" content=\"Erstellen Sie mit Elfsight Ihr Cookie-Zustimmungs-Plugin und ver\u00f6ffentlichen Sie es im Handumdrehen auf Ihrer Squarespace-Website. Wir bieten kostenlosen Kundenservice und andere Boni.\" \/>\n<meta name=\"robots\" content=\"index, follow, max-snippet:-1, max-image-preview:large, max-video-preview:-1\" \/>\n<link rel=\"canonical\" href=\"https:\/\/elfsight.com\/de\/cookie-consent-widget\/squarespace\/\" \/>\n<meta property=\"og:locale\" content=\"de_DE\" \/>\n<meta property=\"og:type\" content=\"article\" \/>\n<meta property=\"og:title\" content=\"Cookie-Zustimmungs-Plugin zur Squarespace-Website hinzuf\u00fcgen (2025)\" \/>\n<meta property=\"og:description\" content=\"Erstellen Sie mit Elfsight Ihr Cookie-Zustimmungs-Plugin und ver\u00f6ffentlichen Sie es im Handumdrehen auf Ihrer Squarespace-Website. Wir bieten kostenlosen Kundenservice und andere Boni.\" \/>\n<meta property=\"og:url\" content=\"https:\/\/elfsight.com\/de\/cookie-consent-widget\/squarespace\/\" \/>\n<meta property=\"og:site_name\" content=\"Elfsight DE\" \/>\n<meta property=\"article:modified_time\" content=\"2025-01-15T06:53:35+00:00\" \/>\n<meta name=\"twitter:card\" content=\"summary_large_image\" \/>\n<meta name=\"twitter:label1\" content=\"Gesch\u00e4tzte Lesezeit\" \/>\n\t<meta name=\"twitter:data1\" content=\"3\u00a0Minuten\" \/>\n<!-- \/ Yoast SEO plugin. -->","yoast_head_json":{"title":"Cookie-Zustimmungs-Plugin zur Squarespace-Website hinzuf\u00fcgen (2025)","description":"Erstellen Sie mit Elfsight Ihr Cookie-Zustimmungs-Plugin und ver\u00f6ffentlichen Sie es im Handumdrehen auf Ihrer Squarespace-Website. Wir bieten kostenlosen Kundenservice und andere Boni.","robots":{"index":"index","follow":"follow","max-snippet":"max-snippet:-1","max-image-preview":"max-image-preview:large","max-video-preview":"max-video-preview:-1"},"canonical":"https:\/\/elfsight.com\/de\/cookie-consent-widget\/squarespace\/","og_locale":"de_DE","og_type":"article","og_title":"Cookie-Zustimmungs-Plugin zur Squarespace-Website hinzuf\u00fcgen (2025)","og_description":"Erstellen Sie mit Elfsight Ihr Cookie-Zustimmungs-Plugin und ver\u00f6ffentlichen Sie es im Handumdrehen auf Ihrer Squarespace-Website. Wir bieten kostenlosen Kundenservice und andere Boni.","og_url":"https:\/\/elfsight.com\/de\/cookie-consent-widget\/squarespace\/","og_site_name":"Elfsight DE","article_modified_time":"2025-01-15T06:53:35+00:00","twitter_card":"summary_large_image","twitter_misc":{"Gesch\u00e4tzte Lesezeit":"3\u00a0Minuten"},"schema":{"@context":"https:\/\/schema.org","@graph":[{"@type":"WebPage","@id":"https:\/\/elfsight.com\/de\/cookie-consent-widget\/squarespace\/","url":"https:\/\/elfsight.com\/de\/cookie-consent-widget\/squarespace\/","name":"Cookie-Zustimmungs-Plugin zur Squarespace-Website hinzuf\u00fcgen (2025)","isPartOf":{"@id":"https:\/\/elfsight.com\/de\/#website"},"datePublished":"2024-05-03T06:33:19+00:00","dateModified":"2025-01-15T06:53:35+00:00","description":"Erstellen Sie mit Elfsight Ihr Cookie-Zustimmungs-Plugin und ver\u00f6ffentlichen Sie es im Handumdrehen auf Ihrer Squarespace-Website. Wir bieten kostenlosen Kundenservice und andere Boni.","breadcrumb":{"@id":"https:\/\/elfsight.com\/de\/cookie-consent-widget\/squarespace\/#breadcrumb"},"inLanguage":"de","potentialAction":[{"@type":"ReadAction","target":["https:\/\/elfsight.com\/de\/cookie-consent-widget\/squarespace\/"]}]},{"@type":"BreadcrumbList","@id":"https:\/\/elfsight.com\/de\/cookie-consent-widget\/squarespace\/#breadcrumb","itemListElement":[{"@type":"ListItem","position":1,"name":"Home","item":"https:\/\/elfsight.com\/de\/"},{"@type":"ListItem","position":2,"name":"Cookie Consent","item":"https:\/\/elfsight.com\/de\/cookie-consent-widget\/"},{"@type":"ListItem","position":3,"name":"Cookie Consent &#8211; Squarespace"}]},{"@type":"WebSite","@id":"https:\/\/elfsight.com\/de\/#website","url":"https:\/\/elfsight.com\/de\/","name":"Elfsight DE","description":"Just another Elfsight Sites site","potentialAction":[{"@type":"SearchAction","target":{"@type":"EntryPoint","urlTemplate":"https:\/\/elfsight.com\/de\/?s={search_term_string}"},"query-input":{"@type":"PropertyValueSpecification","valueRequired":true,"valueName":"search_term_string"}}],"inLanguage":"de"}]}},"meta_box":{"industry":"","seo_heading":"","heading":"","description":"","cta_heading":"","cta_description":"","application":"486","h1":"Squarespace Cookie-Zustimmungs-Plugin","h1_caption":"Halten Sie die Datenschutzbestimmungen ein, indem Sie Ihrer Website ein Cookie-Zustimmungsbanner hinzuf\u00fcgen und so die Transparenz der Benutzerdaten auf Ihrer Squarespace-Website m\u00fchelos gew\u00e4hrleisten.","application_category":[],"applications_title":"","applications_request_title":"","applications_request_button_text":"","hero_text":"","hero_video":"","hero_video_schema_markup":"","selling_points_title":"","selling_points_caption":"","selling_points":[],"selling_points_cta_text":"","features_title":"","features":"","ed_cta_examples_text":"","ed_cta_examples_hidden":"","ed_cta_demo_text":"","ed_cta_demo_hidden":"","why_caption":"","why_editor_title":"","why_editor_text":"","why_team_title":"","why_team_text":"","why_service_title":"","why_service_text":"","template_catalog_visible":"0","template_catalog_title":"","template_catalog_text":"","template_catalog_categories_visible":"","demo_title":"Erstellen Sie Ihr Cookie-Zustimmungs-Plugin","demo_caption":"Konfigurieren Sie Ihre Cookie-Einwilligung und f\u00fcgen Sie sie kostenlos zu Ihrer Squarespace-Website hinzu!","default_faq_hidden":"","app_template_category":[],"platform":"252","template_public_id":"","codecanyon_url":"","codecanyon_item_id":"","codecanyon_price":"","pricing_caption":"","pricing_elfsight_apps_hide_column":"","pricing_elfsight_apps_url":"","pricing_codecanyon_price_caption":"","integration_category":[],"integration_request_title":"","integration_request_cta":"","integration_platform":"","integrations":[],"platform_category":[],"video_schema_markup":"","price":"ab 0 $ \/ Monat","trial":"","benefits":[{"text":"Kostenloser Installationsservice"},{"text":"Au\u00dfergew\u00f6hnlicher Support"},{"text":"14-t\u00e4gige R\u00fcckerstattungsgarantie"},{"text":"Kontinuierliche kostenlose Verbesserungen"}],"button_url":"#demo","button_target_blank":"0","button_nofollow":"0","attributes":[{"name":"Installiert","content":"100,000 - 500,000"},{"name":"Reaktionsfreudig","content":"Ja"},{"name":"Kompatible Browser","content":"Firefox, Safari, Opera, Chrome, Edge"}],"tags":[],"tags_disable_links":"0","hide_more_platforms":"","video_object":"","demo_hide_cta":"0","demo_hide_cloud_options":"0","pricing_title":"","pricing":[{"pricing_icon":"platform","pricing_title":"Elfsight Apps","pricing_title_caption":"Plattformunabh\u00e4ngige Version, die f\u00fcr jede Site geeignet ist","pricing_price":"ab 0 $ \/ Monat","pricing_price_caption":"Beginnen Sie mit einem kostenlosen Plan","pricing_benefits":[{"text":"Unbegrenzte Domains"},{"text":"Engagierte Unterst\u00fctzung"},{"text":"Kostenlose Installationshilfe"},{"text":"100 % anpassbar"}],"pricing_button_text":"Zur Website hinzuf\u00fcgen","pricing_button_url":"#demo"}],"related_apps_title":"","related_apps_hidden":"0","author":"","image":[],"title":"","job":"","social_networks":[]},"_links":{"self":[{"href":"https:\/\/elfsight.com\/de\/wp-json\/wp\/v2\/pages\/16962","targetHints":{"allow":["GET"]}}],"collection":[{"href":"https:\/\/elfsight.com\/de\/wp-json\/wp\/v2\/pages"}],"about":[{"href":"https:\/\/elfsight.com\/de\/wp-json\/wp\/v2\/types\/page"}],"author":[{"embeddable":true,"href":"https:\/\/elfsight.com\/de\/wp-json\/wp\/v2\/users\/9"}],"replies":[{"embeddable":true,"href":"https:\/\/elfsight.com\/de\/wp-json\/wp\/v2\/comments?post=16962"}],"version-history":[{"count":3,"href":"https:\/\/elfsight.com\/de\/wp-json\/wp\/v2\/pages\/16962\/revisions"}],"predecessor-version":[{"id":23760,"href":"https:\/\/elfsight.com\/de\/wp-json\/wp\/v2\/pages\/16962\/revisions\/23760"}],"up":[{"embeddable":true,"href":"https:\/\/elfsight.com\/de\/wp-json\/wp\/v2\/pages\/859"}],"wp:attachment":[{"href":"https:\/\/elfsight.com\/de\/wp-json\/wp\/v2\/media?parent=16962"}],"curies":[{"name":"wp","href":"https:\/\/api.w.org\/{rel}","templated":true}]}}