{"id":16961,"date":"2024-05-03T06:33:18","date_gmt":"2024-05-03T06:33:18","guid":{"rendered":"https:\/\/elfsight.com\/de\/?page_id=16961"},"modified":"2025-12-18T16:09:32","modified_gmt":"2025-12-18T16:09:32","slug":"webflow","status":"publish","type":"page","link":"https:\/\/elfsight.com\/de\/cookie-consent-widget\/webflow\/","title":{"rendered":"Cookie Consent &#8211; Webflow"},"content":{"rendered":"\n<div class=\"application-platform-content-item-description application-platform-content-item\" id=\"description\" data-nav-section=\"description\"><h2>Cookie-Einwilligung in Webflow mit dem Elfsight-Widget einbetten<\/h2><p>Mit dem Elfsight Cookie-Widget ist es ganz einfach, Sie zu benachrichtigen Informieren Sie Ihr Publikum \u00fcber eine nette Popup-Leiste dar\u00fcber, dass Ihre Website Cookies verwendet. Mit dem Widget k\u00f6nnen Sie Ihren Text anzeigen, einen Link zu den Nutzungsbedingungen der Website hinzuf\u00fcgen und aktive Schaltfl\u00e4chen anzeigen, um die Zustimmung der Besucher einzuholen. Sie k\u00f6nnen die Benachrichtigung wahlweise in Form einer Leiste oder einer responsiven Box anordnen und eine beliebige Position innerhalb der Seite festlegen. Au\u00dferdem hilft Ihnen die Option, Oberfl\u00e4chenelemente zu malen, dabei, dass das Widget ausgewogen aussieht und sich in den Gesamtstil einf\u00fcgt. <\/p> <div class=\"faq\" data-component=\"FAQ\"><div class=\"faq-item\">\r\n\t\t\t\t\t<div class=\"faq-item-question\">\r\n\t\t\t\t\t\t<h3 class=\"faq-item-question-text\">Wo auf meiner Website kann ich es hinzuf\u00fcgen<\/h3>\r\n\r\n\t\t\t\t\t\t<div class=\"faq-item-question-icon\"><\/div>\r\n\t\t\t\t\t<\/div>\r\n\r\n\t\t\t\t\t<div class=\"faq-item-answer\">\r\n\t\t\t\t\t\t<div class=\"faq-item-answer-text\"><p>Es ist einfach, die Ank\u00fcndigung zur Verwendung von Cookies auf allen Seiten der Website sowie auf allen Seiten anzuzeigen Kommt nur darauf an, wo man es braucht. Wenn ein Besucher die Seite betritt, wird das Widget angezeigt. <\/p> <\/div>\r\n\t\t\t\t\t<\/div>\r\n\t\t\t\t<\/div><div class=\"faq-item\">\r\n\t\t\t\t\t<div class=\"faq-item-question\">\r\n\t\t\t\t\t\t<h3 class=\"faq-item-question-text\">Welche Vorteile bietet es mir? <\/h3>\r\n\r\n\t\t\t\t\t\t<div class=\"faq-item-question-icon\"><\/div>\r\n\t\t\t\t\t<\/div>\r\n\r\n\t\t\t\t\t<div class=\"faq-item-answer\">\r\n\t\t\t\t\t\t<div class=\"faq-item-answer-text\"><p>Mit unserem Widget k\u00f6nnen Sie sofort und ohne Programmieraufwand und sehr schnell eine Cookie-Ank\u00fcndigung anzeigen. Es verf\u00fcgt \u00fcber alle am weitesten verbreiteten europ\u00e4ischen Sprachen, um dem Website-Publikum ein komfortables Benutzererlebnis zu gew\u00e4hrleisten. <\/p> <\/div>\r\n\t\t\t\t\t<\/div>\r\n\t\t\t\t<\/div><div class=\"faq-item\">\r\n\t\t\t\t\t<div class=\"faq-item-question\">\r\n\t\t\t\t\t\t<h3 class=\"faq-item-question-text\">Wie f\u00fcge ich die Cookie-Einwilligung zu meiner Webflow-Website hinzu? <\/h3>\r\n\r\n\t\t\t\t\t\t<div class=\"faq-item-question-icon\"><\/div>\r\n\t\t\t\t\t<\/div>\r\n\r\n\t\t\t\t\t<div class=\"faq-item-answer\">\r\n\t\t\t\t\t\t<div class=\"faq-item-answer-text\"><p>Sie ben\u00f6tigen nur drei Minuten, um das Widget zum Laufen zu bringen. Es ist sehr schnell, kostenlos und ohne Programmierung. <\/p><p>Sie k\u00f6nnen das Widget \u00fcber unseren Service in die Website einf\u00fcgen. Nachfolgend finden Sie auf dieser Seite eine kurze Beschreibung dazu. <\/p><\/div>\r\n\t\t\t\t\t<\/div>\r\n\t\t\t\t<\/div><\/div><\/div><div class=\"application-platform-content-item-features application-platform-content-item\" id=\"features\" data-nav-section=\"features\"><h2>Hauptfunktionen des Cookie-Einwilligungs-Widgets<\/h2><p>Um ein umfassendes Verst\u00e4ndnis des Cookie-Widgets zu erlangen, Sehen Sie sich die Liste seiner Hauptfunktionen an. Sie machen das Widget f\u00fcr Ihr Unternehmen unglaublich effektiv: <\/p><ul><li>Erstellen Sie eine einfache Ank\u00fcndigung oder fordern Sie die Zustimmung eines Benutzers an; <\/li> <li> Geben Sie eine benutzerdefinierte Benachrichtigung ein, die Formatierungsoptionen und Links unterst\u00fctzt; <\/li> <li>Link zur Website-Nutzungsrichtlinie mit benutzerdefiniertem Linktext anzeigen oder ausblenden; <\/li> <li>Die Option zur Auswahl des Balken- oder Box-Layouttyps der Benachrichtigung; <\/li> <li>W\u00e4hlen Sie eine benutzerdefinierte Farbe f\u00fcr Schaltfl\u00e4chen und Links. <\/li> <\/ul><p><a href=\"#demo\">Entdecken Sie alle Funktionen in der Demo<\/a><\/p><\/div><div class=\"application-platform-content-item-installation application-platform-content-item\" id=\"installation\" data-nav-section=\"installation\"><h2>Lass uns das \u00fcberpr\u00fcfen So platzieren Sie die Cookie-Einwilligung f\u00fcr Ihre Webflow-Site. Es geht schnell.<\/h2><div class=\"video-container\"><iframe allowfullscreen=\"\" frameborder=\" 0\" height=\"405\" src=\"https:\/\/www.youtube.com\/embed\/EPUdEMVthAI?si=F-9qZUnhfBOo3DT-\" width=\"720\"><\/iframe><\/div><p>Die folgenden Aktionen sind das Einzige, was Sie tun m\u00fcssen, um das Plugin einzurichten.<\/p><ol><li><b> Erstellen Sie Ihr ma\u00dfgeschneidertes Cookie-Widget<\/b><br> Generieren Sie mit Hilfe unserer kostenlosen Demo ein Plugin mit einem ausgew\u00e4hlten Layout und funktionalen Merkmalen. <\/li><li><b>Kopieren Sie den pers\u00f6nlichen Code, um das Widget hinzuzuf\u00fcgen<\/b><br> Nachdem Sie Ihr Plugin generiert haben, erhalten Sie den eindeutigen Code aus der angezeigten Benachrichtigung auf Elfsight Apps. Kopieren Sie den Code. <\/li> <li><b>F\u00fcgen Sie das Plugin auf Ihrer Webflow-Website hinzu<\/b><br> Definieren Sie die Stelle, an der Sie das Plugin hinzuf\u00fcgen m\u00f6chten, und f\u00fcgen Sie den kopierten Code dort ein. Ver\u00f6ffentlichen Sie die \u00c4nderungen. <\/li> <li><b>Herzlichen Gl\u00fcckwunsch! Sie haben gerade das Widget hinzugef\u00fcgt! <\/b><br> Betreten Sie Ihre Seite, um Ihr Plugin zu \u00fcberpr\u00fcfen. <\/li> <\/ol><p>Immer noch unruhig? Oder \u00fcber irgendetwas gestolpert? Mit nur einer einzigen Anfrage an unser Support-Team k\u00f6nnen alle Probleme gel\u00f6st werden. <\/p><\/div>\n","protected":false},"excerpt":{"rendered":"","protected":false},"author":9,"featured_media":0,"parent":859,"menu_order":0,"comment_status":"closed","ping_status":"closed","template":"templates\/template-application-platform.php","meta":{"publish_to_discourse":"","publish_post_category":"","wpdc_auto_publish_overridden":"","wpdc_topic_tags":"","wpdc_pin_topic":"","wpdc_pin_until":"","discourse_post_id":"","discourse_permalink":"","wpdc_publishing_response":"","wpdc_publishing_error":"","footnotes":""},"class_list":["post-16961","page","type-page","status-publish","hentry"],"yoast_head":"<!-- This site is optimized with the Yoast SEO plugin v25.3.1 - https:\/\/yoast.com\/wordpress\/plugins\/seo\/ -->\n<title>Cookie-Zustimmungs-Widget zur Webflow-Website hinzuf\u00fcgen (in 2 Minuten)<\/title>\n<meta name=\"description\" content=\"Hier haben Sie die M\u00f6glichkeit, ein effektives Cookie-Einwilligungs-Widget zu erstellen und es auf Ihrer Webflow-Site anzuzeigen. Genie\u00dfen Sie kostenlosen Kundensupport und andere Boni von Elfsight.\" \/>\n<meta name=\"robots\" content=\"index, follow, max-snippet:-1, max-image-preview:large, max-video-preview:-1\" \/>\n<link rel=\"canonical\" href=\"https:\/\/elfsight.com\/de\/cookie-consent-widget\/webflow\/\" \/>\n<meta property=\"og:locale\" content=\"de_DE\" \/>\n<meta property=\"og:type\" content=\"article\" \/>\n<meta property=\"og:title\" content=\"Cookie-Zustimmungs-Widget zur Webflow-Website hinzuf\u00fcgen (in 2 Minuten)\" \/>\n<meta property=\"og:description\" content=\"Hier haben Sie die M\u00f6glichkeit, ein effektives Cookie-Einwilligungs-Widget zu erstellen und es auf Ihrer Webflow-Site anzuzeigen. Genie\u00dfen Sie kostenlosen Kundensupport und andere Boni von Elfsight.\" \/>\n<meta property=\"og:url\" content=\"https:\/\/elfsight.com\/de\/cookie-consent-widget\/webflow\/\" \/>\n<meta property=\"og:site_name\" content=\"Elfsight DE\" \/>\n<meta property=\"article:modified_time\" content=\"2025-12-18T16:09:32+00:00\" \/>\n<meta name=\"twitter:card\" content=\"summary_large_image\" \/>\n<meta name=\"twitter:label1\" content=\"Gesch\u00e4tzte Lesezeit\" \/>\n\t<meta name=\"twitter:data1\" content=\"3\u00a0Minuten\" \/>\n<!-- \/ Yoast SEO plugin. -->","yoast_head_json":{"title":"Cookie-Zustimmungs-Widget zur Webflow-Website hinzuf\u00fcgen (in 2 Minuten)","description":"Hier haben Sie die M\u00f6glichkeit, ein effektives Cookie-Einwilligungs-Widget zu erstellen und es auf Ihrer Webflow-Site anzuzeigen. Genie\u00dfen Sie kostenlosen Kundensupport und andere Boni von Elfsight.","robots":{"index":"index","follow":"follow","max-snippet":"max-snippet:-1","max-image-preview":"max-image-preview:large","max-video-preview":"max-video-preview:-1"},"canonical":"https:\/\/elfsight.com\/de\/cookie-consent-widget\/webflow\/","og_locale":"de_DE","og_type":"article","og_title":"Cookie-Zustimmungs-Widget zur Webflow-Website hinzuf\u00fcgen (in 2 Minuten)","og_description":"Hier haben Sie die M\u00f6glichkeit, ein effektives Cookie-Einwilligungs-Widget zu erstellen und es auf Ihrer Webflow-Site anzuzeigen. Genie\u00dfen Sie kostenlosen Kundensupport und andere Boni von Elfsight.","og_url":"https:\/\/elfsight.com\/de\/cookie-consent-widget\/webflow\/","og_site_name":"Elfsight DE","article_modified_time":"2025-12-18T16:09:32+00:00","twitter_card":"summary_large_image","twitter_misc":{"Gesch\u00e4tzte Lesezeit":"3\u00a0Minuten"},"schema":{"@context":"https:\/\/schema.org","@graph":[{"@type":"WebPage","@id":"https:\/\/elfsight.com\/de\/cookie-consent-widget\/webflow\/","url":"https:\/\/elfsight.com\/de\/cookie-consent-widget\/webflow\/","name":"Cookie-Zustimmungs-Widget zur Webflow-Website hinzuf\u00fcgen (in 2 Minuten)","isPartOf":{"@id":"https:\/\/elfsight.com\/de\/#website"},"datePublished":"2024-05-03T06:33:18+00:00","dateModified":"2025-12-18T16:09:32+00:00","description":"Hier haben Sie die M\u00f6glichkeit, ein effektives Cookie-Einwilligungs-Widget zu erstellen und es auf Ihrer Webflow-Site anzuzeigen. Genie\u00dfen Sie kostenlosen Kundensupport und andere Boni von Elfsight.","breadcrumb":{"@id":"https:\/\/elfsight.com\/de\/cookie-consent-widget\/webflow\/#breadcrumb"},"inLanguage":"de","potentialAction":[{"@type":"ReadAction","target":["https:\/\/elfsight.com\/de\/cookie-consent-widget\/webflow\/"]}]},{"@type":"BreadcrumbList","@id":"https:\/\/elfsight.com\/de\/cookie-consent-widget\/webflow\/#breadcrumb","itemListElement":[{"@type":"ListItem","position":1,"name":"Home","item":"https:\/\/elfsight.com\/de\/"},{"@type":"ListItem","position":2,"name":"Cookie Consent","item":"https:\/\/elfsight.com\/de\/cookie-consent-widget\/"},{"@type":"ListItem","position":3,"name":"Cookie Consent &#8211; Webflow"}]},{"@type":"WebSite","@id":"https:\/\/elfsight.com\/de\/#website","url":"https:\/\/elfsight.com\/de\/","name":"Elfsight DE","description":"Just another Elfsight Sites site","potentialAction":[{"@type":"SearchAction","target":{"@type":"EntryPoint","urlTemplate":"https:\/\/elfsight.com\/de\/?s={search_term_string}"},"query-input":{"@type":"PropertyValueSpecification","valueRequired":true,"valueName":"search_term_string"}}],"inLanguage":"de"}]}},"meta_box":{"industry":"","seo_heading":"","heading":"","description":"","cta_heading":"","cta_description":"","application":"486","h1":"Webflow-Cookie-Zustimmungs-Widget","h1_caption":"Halten Sie die Datenschutzbestimmungen ein, indem Sie Ihrer Website ein Cookie-Zustimmungsbanner hinzuf\u00fcgen und so die Transparenz der Benutzerdaten auf Ihrer Webflow-Website m\u00fchelos gew\u00e4hrleisten.","application_category":[],"applications_title":"","applications_request_title":"","applications_request_button_text":"","hero_text":"","hero_video":"","hero_video_schema_markup":"","selling_points_title":"","selling_points_caption":"","selling_points":[],"selling_points_cta_text":"","features_title":"","features":"","ed_cta_examples_text":"","ed_cta_examples_hidden":"","ed_cta_demo_text":"","ed_cta_demo_hidden":"","why_caption":"","why_editor_title":"","why_editor_text":"","why_team_title":"","why_team_text":"","why_service_title":"","why_service_text":"","template_catalog_visible":"0","template_catalog_title":"","template_catalog_text":"","template_catalog_categories_visible":"","demo_title":"Erstellen Sie Ihr Cookie-Zustimmungs-Widget","demo_caption":"Konfigurieren Sie Ihre Cookie-Einwilligung und f\u00fcgen Sie sie kostenlos zu Ihrer Webflow-Website hinzu!","default_faq_hidden":"","app_template_category":[],"platform":"250","template_public_id":"","codecanyon_url":"","codecanyon_item_id":"","codecanyon_price":"","pricing_caption":"","pricing_elfsight_apps_hide_column":"","pricing_elfsight_apps_url":"","pricing_codecanyon_price_caption":"","integration_category":[],"integration_request_title":"","integration_request_cta":"","integration_platform":"","integrations":[],"platform_category":[],"video_schema_markup":"","price":"ab 0 $ \/ Monat","trial":"","benefits":[{"text":"Kostenloser Installationsservice"},{"text":"Effektiver Kundenservice"},{"text":"14-t\u00e4gige Geld-zur\u00fcck-Garantie"},{"text":"Lebenslange kostenlose Updates"}],"button_url":"#demo","button_target_blank":"0","button_nofollow":"0","attributes":[{"name":"Installiert","content":"100,000 - 500,000"},{"name":"Reaktionsfreudig","content":"Ja"},{"name":"Kompatible Browser","content":"Chrome, Firefox, Edge, Safari, Opera"}],"tags":[],"tags_disable_links":"0","hide_more_platforms":"0","video_object":"","demo_hide_cta":"0","demo_hide_cloud_options":"0","pricing_title":"","pricing":[{"pricing_icon":"platform","pricing_title":"Elfsight Apps","pricing_title_caption":"Plattformunabh\u00e4ngige Software","pricing_price":"ab 0 $ \/ Monat","pricing_price_caption":"Beginnen Sie mit einem kostenlosen Plan","pricing_benefits":[{"text":"Unbegrenzte Anzahl an Domains"},{"text":"Schnelle Unterst\u00fctzung"},{"text":"Kostenlose Installationshilfe"},{"text":"Sonderangebot f\u00fcr mehrere Apps"}],"pricing_button_text":"Zur Website hinzuf\u00fcgen","pricing_button_url":"#demo"}],"related_apps_title":"","related_apps_hidden":"0","author":"","image":[],"title":"","job":"","social_networks":[]},"_links":{"self":[{"href":"https:\/\/elfsight.com\/de\/wp-json\/wp\/v2\/pages\/16961","targetHints":{"allow":["GET"]}}],"collection":[{"href":"https:\/\/elfsight.com\/de\/wp-json\/wp\/v2\/pages"}],"about":[{"href":"https:\/\/elfsight.com\/de\/wp-json\/wp\/v2\/types\/page"}],"author":[{"embeddable":true,"href":"https:\/\/elfsight.com\/de\/wp-json\/wp\/v2\/users\/9"}],"replies":[{"embeddable":true,"href":"https:\/\/elfsight.com\/de\/wp-json\/wp\/v2\/comments?post=16961"}],"version-history":[{"count":4,"href":"https:\/\/elfsight.com\/de\/wp-json\/wp\/v2\/pages\/16961\/revisions"}],"predecessor-version":[{"id":25580,"href":"https:\/\/elfsight.com\/de\/wp-json\/wp\/v2\/pages\/16961\/revisions\/25580"}],"up":[{"embeddable":true,"href":"https:\/\/elfsight.com\/de\/wp-json\/wp\/v2\/pages\/859"}],"wp:attachment":[{"href":"https:\/\/elfsight.com\/de\/wp-json\/wp\/v2\/media?parent=16961"}],"curies":[{"name":"wp","href":"https:\/\/api.w.org\/{rel}","templated":true}]}}