{"id":16960,"date":"2024-05-03T06:33:17","date_gmt":"2024-05-03T06:33:17","guid":{"rendered":"https:\/\/elfsight.com\/de\/?page_id=16960"},"modified":"2025-07-08T10:32:03","modified_gmt":"2025-07-08T10:32:03","slug":"webnode","status":"publish","type":"page","link":"https:\/\/elfsight.com\/de\/cookie-consent-widget\/webnode\/","title":{"rendered":"Cookie Consent &#8211; Webnode"},"content":{"rendered":"<div class=\"application-platform-content-item-description application-platform-content-item\" id=\"description\" data-nav-section=\"description\"><h2>Beschreibung<\/h2><p>Mit dem Cookie-Widget von Elfsight ist es ganz einfach geworden, Besuchern mitzuteilen, dass Ihre Website Cookies verwendet. \u00fcber ein sauberes Popup-Fenster. Mit dem Widget k\u00f6nnen Sie Ihre Nachricht schreiben, einen Link zur Website-Nutzungsrichtlinie hinzuf\u00fcgen und aktive Schaltfl\u00e4chen anzeigen, um die Zustimmung der Benutzer einzuholen. Sie k\u00f6nnen w\u00e4hlen, ob die Benachrichtigung als Balken oder als K\u00e4stchen angezeigt werden soll, und die Position auf der Seite ausw\u00e4hlen. Dar\u00fcber hinaus tr\u00e4gt die Option zur Auswahl benutzerdefinierter Farben dazu bei, dass alles konsistent bleibt und sich gut in den Stil der Website einf\u00fcgt. <\/p> <div class=\"faq\" data-component=\"FAQ\"><div class=\"faq-item\">\r\n\t\t\t\t\t<div class=\"faq-item-question\">\r\n\t\t\t\t\t\t<h3 class=\"faq-item-question-text\">Wo kann ich dieses Plugin einbetten<\/h3>\r\n\r\n\t\t\t\t\t\t<div class=\"faq-item-question-icon\"><\/div>\r\n\t\t\t\t\t<\/div>\r\n\r\n\t\t\t\t\t<div class=\"faq-item-answer\">\r\n\t\t\t\t\t\t<div class=\"faq-item-answer-text\"><p>Die Ank\u00fcndigung kann ganz einfach auf einer oder allen Seiten Ihrer Website platziert werden, je nachdem, wo Sie sie ben\u00f6tigen. Wenn ein Benutzer die Seite betritt, wird sofort eine Benachrichtigung angezeigt. <\/p> <\/div>\r\n\t\t\t\t\t<\/div>\r\n\t\t\t\t<\/div><div class=\"faq-item\">\r\n\t\t\t\t\t<div class=\"faq-item-question\">\r\n\t\t\t\t\t\t<h3 class=\"faq-item-question-text\">Wie profitiere ich von dem Widget? <\/h3>\r\n\r\n\t\t\t\t\t\t<div class=\"faq-item-question-icon\"><\/div>\r\n\t\t\t\t\t<\/div>\r\n\r\n\t\t\t\t\t<div class=\"faq-item-answer\">\r\n\t\t\t\t\t\t<div class=\"faq-item-answer-text\"><p>Mit Elfsight Cookie Consent k\u00f6nnen Sie eine sofortige Cookie-Ank\u00fcndigung ohne Codierung und mit maximaler Geschwindigkeit veranlassen. Es verf\u00fcgt \u00fcber alle g\u00e4ngigen europ\u00e4ischen Sprachen, um dem Website-Publikum ein komfortables Benutzererlebnis zu gew\u00e4hrleisten. <\/p> <\/div>\r\n\t\t\t\t\t<\/div>\r\n\t\t\t\t<\/div><div class=\"faq-item\">\r\n\t\t\t\t\t<div class=\"faq-item-question\">\r\n\t\t\t\t\t\t<h3 class=\"faq-item-question-text\">Wie bette ich die Cookie-Einwilligung auf meiner Webnode-Website ein?<\/h3>\r\n\r\n\t\t\t\t\t\t<div class=\"faq-item-question-icon\"><\/div>\r\n\t\t\t\t\t<\/div>\r\n\r\n\t\t\t\t\t<div class=\"faq-item-answer\">\r\n\t\t\t\t\t\t<div class=\"faq-item-answer-text\"><p>Die Einrichtung des Widgets dauert nur eine Minute. Das Einbetten erfolgt superschnell, kostenlos und ohne Programmieraufwand. <\/p><p>Es besteht die M\u00f6glichkeit, die Cookie-Einwilligung direkt \u00fcber unseren Service auf Ihrer Website zu erteilen. Befolgen Sie einfach die Schritte der nachstehenden Anweisungen auf dieser Seite. <\/p><\/div>\r\n\t\t\t\t\t<\/div>\r\n\t\t\t\t<\/div><\/div><\/div><div class=\"application-platform-content-item-features application-platform-content-item\" id=\"features\" data-nav-section=\"features\"><h2>Funktionen<\/h2><p>Um ein klares Verst\u00e4ndnis des Widgets zu erhalten, sehen Sie sich die Liste an seine wesentlichen Funktionen. Sie tragen dazu bei, dass es f\u00fcr Ihr Unternehmen effektiv ist: <\/p><ul><li>Erstellen Sie nur eine Benachrichtigung oder fordern Sie eine Einwilligung an; <\/li> <li> Geben Sie einen benutzerdefinierten Benachrichtigungstext mit Formatierungsoptionen und Links ein; <\/li> <li>Aktiven Link zur Cookie-Richtlinie mit benutzerdefiniertem Link-Label anzeigen oder ausblenden; <\/li> <li>Die Option, den Layouttyp \u201eBalken\u201c oder \u201eBox\u201c der Benachrichtigung auszuw\u00e4hlen; <\/li> <li>W\u00e4hlen Sie eine benutzerdefinierte Farbe f\u00fcr Schaltfl\u00e4chen und Links. <\/li> <\/ul><p><a href=\"#demo\">Live-Demo zeigt Ihnen weitere Funktionen<\/a><\/p><\/div><div class=\"application-platform-content-item-installation application-platform-content-item\" id=\"installation\" data-nav-section=\"installation\"><h2>\u00dcberpr\u00fcfen Sie, wie Sie das Cookie-Zustimmungs-Widget auf Ihrer Webnode-Website einrichten<\/h2><p>Diese mehreren Schritte sind das Einzige, was Sie tun m\u00fcssen: <\/p><ol><li><b>Entwerfen Sie Ihr pers\u00f6nliches Cookie Plugin<\/b><br> Verwalten Sie unsere kostenlose Demo und erstellen Sie ein Plugin mit einem bevorzugten Layout und einer bevorzugten Funktionalit\u00e4t. <\/li><li><b>Erhalten Sie den pers\u00f6nlichen Code, um das Plugin zu ver\u00f6ffentlichen<\/b><br> Nachdem Sie Ihr Widget generiert haben, erhalten Sie Ihren pers\u00f6nlichen Code \u00fcber die Popup-Benachrichtigung auf Elfsight Apps. Kopieren Sie es zur sp\u00e4teren Verwendung. <\/li> <li><b>Betten Sie das Plugin auf Ihrer Webnode-Website ein<\/b><br> W\u00e4hlen Sie den Ort aus, an dem Sie das Plugin anzeigen m\u00f6chten, und f\u00fcgen Sie dort den kopierten Code hinzu. Ver\u00f6ffentlichen Sie die \u00c4nderungen. <\/li> <li><b>Die Einrichtung ist erfolgreich! <\/b><br> Besuchen Sie die Website, um einen Blick auf Ihr Plugin zu werfen. <\/li> <\/ol><p>Sie k\u00f6nnen immer noch keine Entscheidung treffen? Oder \u00fcber irgendetwas gestolpert? Richten Sie einfach eine Anfrage an unsere Kundendienstabteilung. Sie hilft Ihnen bei der L\u00f6sung jedes Problems. <\/p><\/div>","protected":false},"excerpt":{"rendered":"","protected":false},"author":9,"featured_media":0,"parent":859,"menu_order":0,"comment_status":"closed","ping_status":"closed","template":"templates\/template-application-platform.php","meta":{"publish_to_discourse":"","publish_post_category":"","wpdc_auto_publish_overridden":"","wpdc_topic_tags":"","wpdc_pin_topic":"","wpdc_pin_until":"","discourse_post_id":"","discourse_permalink":"","wpdc_publishing_response":"","wpdc_publishing_error":"","footnotes":""},"class_list":["post-16960","page","type-page","status-publish","hentry"],"yoast_head":"<!-- This site is optimized with the Yoast SEO plugin v25.3.1 - https:\/\/yoast.com\/wordpress\/plugins\/seo\/ -->\n<title>Cookie-Zustimmung zur Webnode-Website hinzuf\u00fcgen (kostenlos und schnell)<\/title>\n<meta name=\"description\" content=\"Es ist absolut einfach, Ihr Cookie-Einwilligungs-Widget zu gestalten und auf der Webnode-Website anzuzeigen. Der Kundendienst von Elfsight ist kostenlos.\" \/>\n<meta name=\"robots\" content=\"index, follow, max-snippet:-1, max-image-preview:large, max-video-preview:-1\" \/>\n<link rel=\"canonical\" href=\"https:\/\/elfsight.com\/de\/cookie-consent-widget\/webnode\/\" \/>\n<meta property=\"og:locale\" content=\"de_DE\" \/>\n<meta property=\"og:type\" content=\"article\" \/>\n<meta property=\"og:title\" content=\"Cookie-Zustimmung zur Webnode-Website hinzuf\u00fcgen (kostenlos und schnell)\" \/>\n<meta property=\"og:description\" content=\"Es ist absolut einfach, Ihr Cookie-Einwilligungs-Widget zu gestalten und auf der Webnode-Website anzuzeigen. Der Kundendienst von Elfsight ist kostenlos.\" \/>\n<meta property=\"og:url\" content=\"https:\/\/elfsight.com\/de\/cookie-consent-widget\/webnode\/\" \/>\n<meta property=\"og:site_name\" content=\"Elfsight DE\" \/>\n<meta property=\"article:modified_time\" content=\"2025-07-08T10:32:03+00:00\" \/>\n<meta name=\"twitter:card\" content=\"summary_large_image\" \/>\n<meta name=\"twitter:label1\" content=\"Gesch\u00e4tzte Lesezeit\" \/>\n\t<meta name=\"twitter:data1\" content=\"3\u00a0Minuten\" \/>\n<!-- \/ Yoast SEO plugin. -->","yoast_head_json":{"title":"Cookie-Zustimmung zur Webnode-Website hinzuf\u00fcgen (kostenlos und schnell)","description":"Es ist absolut einfach, Ihr Cookie-Einwilligungs-Widget zu gestalten und auf der Webnode-Website anzuzeigen. Der Kundendienst von Elfsight ist kostenlos.","robots":{"index":"index","follow":"follow","max-snippet":"max-snippet:-1","max-image-preview":"max-image-preview:large","max-video-preview":"max-video-preview:-1"},"canonical":"https:\/\/elfsight.com\/de\/cookie-consent-widget\/webnode\/","og_locale":"de_DE","og_type":"article","og_title":"Cookie-Zustimmung zur Webnode-Website hinzuf\u00fcgen (kostenlos und schnell)","og_description":"Es ist absolut einfach, Ihr Cookie-Einwilligungs-Widget zu gestalten und auf der Webnode-Website anzuzeigen. Der Kundendienst von Elfsight ist kostenlos.","og_url":"https:\/\/elfsight.com\/de\/cookie-consent-widget\/webnode\/","og_site_name":"Elfsight DE","article_modified_time":"2025-07-08T10:32:03+00:00","twitter_card":"summary_large_image","twitter_misc":{"Gesch\u00e4tzte Lesezeit":"3\u00a0Minuten"},"schema":{"@context":"https:\/\/schema.org","@graph":[{"@type":"WebPage","@id":"https:\/\/elfsight.com\/de\/cookie-consent-widget\/webnode\/","url":"https:\/\/elfsight.com\/de\/cookie-consent-widget\/webnode\/","name":"Cookie-Zustimmung zur Webnode-Website hinzuf\u00fcgen (kostenlos und schnell)","isPartOf":{"@id":"https:\/\/elfsight.com\/de\/#website"},"datePublished":"2024-05-03T06:33:17+00:00","dateModified":"2025-07-08T10:32:03+00:00","description":"Es ist absolut einfach, Ihr Cookie-Einwilligungs-Widget zu gestalten und auf der Webnode-Website anzuzeigen. Der Kundendienst von Elfsight ist kostenlos.","breadcrumb":{"@id":"https:\/\/elfsight.com\/de\/cookie-consent-widget\/webnode\/#breadcrumb"},"inLanguage":"de","potentialAction":[{"@type":"ReadAction","target":["https:\/\/elfsight.com\/de\/cookie-consent-widget\/webnode\/"]}]},{"@type":"BreadcrumbList","@id":"https:\/\/elfsight.com\/de\/cookie-consent-widget\/webnode\/#breadcrumb","itemListElement":[{"@type":"ListItem","position":1,"name":"Home","item":"https:\/\/elfsight.com\/de\/"},{"@type":"ListItem","position":2,"name":"Cookie Consent","item":"https:\/\/elfsight.com\/de\/cookie-consent-widget\/"},{"@type":"ListItem","position":3,"name":"Cookie Consent &#8211; Webnode"}]},{"@type":"WebSite","@id":"https:\/\/elfsight.com\/de\/#website","url":"https:\/\/elfsight.com\/de\/","name":"Elfsight DE","description":"Just another Elfsight Sites site","potentialAction":[{"@type":"SearchAction","target":{"@type":"EntryPoint","urlTemplate":"https:\/\/elfsight.com\/de\/?s={search_term_string}"},"query-input":{"@type":"PropertyValueSpecification","valueRequired":true,"valueName":"search_term_string"}}],"inLanguage":"de"}]}},"meta_box":{"industry":"","seo_heading":"","heading":"","description":"","cta_heading":"","cta_description":"","application":"486","h1":"Webnode-Cookie-Einwilligung","h1_caption":"Halten Sie die Datenschutzbestimmungen ein, indem Sie Ihrer Website ein Cookie-Zustimmungsbanner hinzuf\u00fcgen und so die Transparenz der Benutzerdaten auf Ihrer Webnode-Website m\u00fchelos gew\u00e4hrleisten.","application_category":[],"applications_title":"","applications_request_title":"","applications_request_button_text":"","hero_text":"","hero_video":"","hero_video_schema_markup":"","selling_points_title":"","selling_points_caption":"","selling_points":[],"selling_points_cta_text":"","features_title":"","features":"","ed_cta_examples_text":"","ed_cta_examples_hidden":"","ed_cta_demo_text":"","ed_cta_demo_hidden":"","why_caption":"","why_editor_title":"","why_editor_text":"","why_team_title":"","why_team_text":"","why_service_title":"","why_service_text":"","template_catalog_visible":"","template_catalog_title":"","template_catalog_text":"","template_catalog_categories_visible":"","demo_title":"Erstellen Sie Ihr Cookie-Zustimmungs-Widget","demo_caption":"Konfigurieren Sie Ihre Cookie-Einwilligung und f\u00fcgen Sie sie kostenlos zu Ihrer Webnode-Website hinzu!","default_faq_hidden":"","app_template_category":[],"platform":"248","template_public_id":"","codecanyon_url":"","codecanyon_item_id":"","codecanyon_price":"","pricing_caption":"","pricing_elfsight_apps_hide_column":"","pricing_elfsight_apps_url":"","pricing_codecanyon_price_caption":"","integration_category":[],"integration_request_title":"","integration_request_cta":"","integration_platform":"","integrations":[],"platform_category":[],"video_schema_markup":"","price":"ab 0 $ \/ Monat","trial":"","benefits":[{"text":"Kostenloser Installationsservice"},{"text":"Professioneller Kundenservice"},{"text":"14-t\u00e4gige Geld-zur\u00fcck-Garantie"},{"text":"Lebenslange kostenlose Verbesserungen"}],"button_url":"#demo","button_target_blank":"","button_nofollow":"","attributes":[{"name":"Installiert","content":"100,000 - 500,000"},{"name":"Reaktionsfreudig","content":"Ja"},{"name":"Kompatible Browser","content":"Firefox, Safari, Opera, Chrome, Edge"}],"tags":[],"tags_disable_links":"","hide_more_platforms":"","video_object":"","demo_hide_cta":"","demo_hide_cloud_options":"","pricing_title":"","pricing":[{"pricing_icon":"platform","pricing_title":"Elfsight Apps","pricing_title_caption":"Multiplattform-Software","pricing_price":"ab 0 $ \/ Monat","pricing_price_caption":"Beginnen Sie mit einem kostenlosen Plan","pricing_benefits":[{"text":"Unbegrenzte Domains"},{"text":"Engagierter und p\u00fcnktlicher Support"},{"text":"Kostenloser Installationssupport"},{"text":"Zeitlich begrenztes Angebot f\u00fcr mehrere Apps"}],"pricing_button_text":"Zur Website hinzuf\u00fcgen","pricing_button_url":"#demo"}],"related_apps_title":"","related_apps_hidden":"","author":"","image":[],"title":"","job":"","social_networks":[]},"_links":{"self":[{"href":"https:\/\/elfsight.com\/de\/wp-json\/wp\/v2\/pages\/16960","targetHints":{"allow":["GET"]}}],"collection":[{"href":"https:\/\/elfsight.com\/de\/wp-json\/wp\/v2\/pages"}],"about":[{"href":"https:\/\/elfsight.com\/de\/wp-json\/wp\/v2\/types\/page"}],"author":[{"embeddable":true,"href":"https:\/\/elfsight.com\/de\/wp-json\/wp\/v2\/users\/9"}],"replies":[{"embeddable":true,"href":"https:\/\/elfsight.com\/de\/wp-json\/wp\/v2\/comments?post=16960"}],"version-history":[{"count":2,"href":"https:\/\/elfsight.com\/de\/wp-json\/wp\/v2\/pages\/16960\/revisions"}],"predecessor-version":[{"id":21429,"href":"https:\/\/elfsight.com\/de\/wp-json\/wp\/v2\/pages\/16960\/revisions\/21429"}],"up":[{"embeddable":true,"href":"https:\/\/elfsight.com\/de\/wp-json\/wp\/v2\/pages\/859"}],"wp:attachment":[{"href":"https:\/\/elfsight.com\/de\/wp-json\/wp\/v2\/media?parent=16960"}],"curies":[{"name":"wp","href":"https:\/\/api.w.org\/{rel}","templated":true}]}}