{"id":16954,"date":"2024-05-03T06:33:15","date_gmt":"2024-05-03T06:33:15","guid":{"rendered":"https:\/\/elfsight.com\/de\/?page_id=16954"},"modified":"2025-01-15T07:00:07","modified_gmt":"2025-01-15T07:00:07","slug":"wix","status":"publish","type":"page","link":"https:\/\/elfsight.com\/de\/cookie-consent-widget\/wix\/","title":{"rendered":"Cookie Consent &#8211; Wix"},"content":{"rendered":"\n<div class=\"application-platform-content-item-description application-platform-content-item\" id=\"description\" data-nav-section=\"description\"><h2>Beschreibung<\/h2><p>Mit der Elfsight Cookie-App ist es absolut unkompliziert, Ihren Besuchern eine Benachrichtigung anzuzeigen, dass Ihre Website Cookies verwendet , durch ein glattes Popup. Mit diesem Widget k\u00f6nnen Sie Ihre Nachricht hinzuf\u00fcgen, einen Link zu den Nutzungsbedingungen Ihrer Website bereitstellen und aktive Schaltfl\u00e4chen platzieren, um die Zustimmung der Besucher einzuholen. Sie k\u00f6nnen das Widget als Leiste oder als K\u00e4stchen anzeigen und einen Ort daf\u00fcr ausw\u00e4hlen. Dar\u00fcber hinaus sorgen \u00fcbermalbare Elemente daf\u00fcr, dass es nativ aussieht und sich gut in den Stil der Website einf\u00fcgt. <\/p> <div class=\"faq\" data-component=\"FAQ\"><div class=\"faq-item\">\r\n\t\t\t\t\t<div class=\"faq-item-question\">\r\n\t\t\t\t\t\t<h3 class=\"faq-item-question-text\">Wo kann ich die App anzeigen<\/h3>\r\n\r\n\t\t\t\t\t\t<div class=\"faq-item-question-icon\"><\/div>\r\n\t\t\t\t\t<\/div>\r\n\r\n\t\t\t\t\t<div class=\"faq-item-answer\">\r\n\t\t\t\t\t\t<div class=\"faq-item-answer-text\"><p>Es steht Ihnen frei, das Plugin auf jeder Seite der Website sowie auf allen Seiten einzuf\u00fcgen, je nachdem, wo Sie es ben\u00f6tigen . Sobald ein Benutzer die Seite betritt, wird das Widget angezeigt. <\/p> <\/div>\r\n\t\t\t\t\t<\/div>\r\n\t\t\t\t<\/div><div class=\"faq-item\">\r\n\t\t\t\t\t<div class=\"faq-item-question\">\r\n\t\t\t\t\t\t<h3 class=\"faq-item-question-text\">Welche Vorteile hat die Cookie-Einwilligung f\u00fcr mich?<\/h3>\r\n\r\n\t\t\t\t\t\t<div class=\"faq-item-question-icon\"><\/div>\r\n\t\t\t\t\t<\/div>\r\n\r\n\t\t\t\t\t<div class=\"faq-item-answer\">\r\n\t\t\t\t\t\t<div class=\"faq-item-answer-text\"><p>Mit dem Widget k\u00f6nnen Sie ohne Programmieraufwand und sehr schnell eine sofortige Cookie-Ank\u00fcndigung erstellen. Es verf\u00fcgt \u00fcber alle g\u00e4ngigen europ\u00e4ischen Sprachen, um Ihren Besuchern eine einfache Benutzererfahrung zu bieten. <\/p> <\/div>\r\n\t\t\t\t\t<\/div>\r\n\t\t\t\t<\/div><div class=\"faq-item\">\r\n\t\t\t\t\t<div class=\"faq-item-question\">\r\n\t\t\t\t\t\t<h3 class=\"faq-item-question-text\">Was ben\u00f6tige ich, um die Cookie-App auf meiner Wix-Website hinzuzuf\u00fcgen?<\/h3>\r\n\r\n\t\t\t\t\t\t<div class=\"faq-item-question-icon\"><\/div>\r\n\t\t\t\t\t<\/div>\r\n\r\n\t\t\t\t\t<div class=\"faq-item-answer\">\r\n\t\t\t\t\t\t<div class=\"faq-item-answer-text\"><p>Sie ben\u00f6tigen nur eine Minute Ihrer Zeit, um mit der Verwendung des Widgets zu beginnen. Die Einbettung erfolgt extrem schnell, kostenlos und ohne Programmieraufwand. <\/p><p>Sie k\u00f6nnen das Widget f\u00fcr die Website \u00fcber unseren Service einrichten. F\u00fchren Sie einfach die Anleitung unten auf dieser Seite durch. <\/p><\/div>\r\n\t\t\t\t\t<\/div>\r\n\t\t\t\t<\/div><\/div><\/div><div class=\"application-platform-content-item-features application-platform-content-item\" id=\"features\" data-nav-section=\"features\"><h2>Funktionen<\/h2><p>Um ein klareres Wissen \u00fcber die Cookie-Einwilligung zu schaffen, finden Sie hier die Liste der h\u00e4ufigsten herausragende Funktionen. Sie machen unser Widget f\u00fcr Ihre Werbung unglaublich effizient: <\/p><ul><li>Nur Benachrichtigung ausw\u00e4hlen oder Genehmigungsanfrage hinzuf\u00fcgen. <\/li> <li> Schreiben Sie einen benutzerdefinierten Ank\u00fcndigungstext mit verf\u00fcgbaren Formatierungen und Links. <\/li> <li>Zeigen Sie einen Link zu Ihrer Cookie-Richtlinie an oder deaktivieren Sie ihn und f\u00fcgen Sie ein benutzerdefiniertes Link-Label hinzu. <\/li> <li> W\u00e4hlen Sie den Layouttyp \u201eBalken\u201c oder \u201eBox\u201c f\u00fcr das Widget aus. <\/li> <li>W\u00e4hlen Sie Ihre Farbe f\u00fcr Schaltfl\u00e4chen und Links. <\/li> <\/ul><p><a href=\"#demo\">Weitere Funktionen in der Live-Demo ansehen<\/a><\/p><\/div><div class=\"application-platform-content-item-installation application-platform-content-item\" id=\"installation\" data-nav-section=\"installation\"><h2>Suchen Erfahren Sie, wie Sie die Cookie-Einwilligung auf Ihrer Website von Wix platzieren. Es ist unglaublich einfach.<\/h2><div class=\"video-container\"><iframe width=\"560\" height=\"315\" src=\"https:\/\/www.youtube.com\/embed\/8A8f3XJ2QuI?si=kHGiyU1aMEYc7EKc\" frameborder=\"0\" allow=\"accelerometer; autoplay; clipboard-write; encrypted-media; gyroscope; picture-in-picture; web-share\" allowfullscreen><\/iframe><\/div><p>Diese verschiedenen Aktionen sind das Einzige, was Sie brauchen, damit es programmierungsfrei ist. <\/p><ol><li><b>Erstellen Sie Ihre individuelle Cookie-App<\/b><br> Erstellen Sie mit unserem kostenlosen Editor ein Plugin und w\u00e4hlen Sie Designmerkmale und funktionale Merkmale aus. <\/li><li><b>Erhalten Sie den individuellen Code zur Anzeige des Plugins<\/b><br> Nachdem Sie Ihr Widget erstellt haben, erhalten Sie den individuellen Code aus der Popup-Benachrichtigung auf Elfsight Apps. Kopiere es. <\/li> <li><b>Integrieren Sie das Plugin auf Ihrer Wix-Website<\/b><br> W\u00e4hlen Sie die Seite aus, auf der Sie das Plugin anzeigen m\u00f6chten, und f\u00fcgen Sie dort den kopierten Code ein. \u00dcbernehmen Sie die \u00c4nderungen. <\/li> <li><b>Die Installation ist abgeschlossen<\/b><br> Gehen Sie zu Ihrer Website, um Ihre App anzuzeigen.<\/li> <\/ol><p>Sie k\u00f6nnen sich immer noch nicht entscheiden? Oder \u00fcber irgendetwas gestolpert? Schreiben Sie einfach eine Anfrage an unser Support-Team, es wird jedes Problem l\u00f6sen. <\/p><\/div>\n","protected":false},"excerpt":{"rendered":"","protected":false},"author":9,"featured_media":0,"parent":859,"menu_order":0,"comment_status":"closed","ping_status":"closed","template":"templates\/template-application-platform.php","meta":{"publish_to_discourse":"","publish_post_category":"","wpdc_auto_publish_overridden":"","wpdc_topic_tags":"","wpdc_pin_topic":"","wpdc_pin_until":"","discourse_post_id":"","discourse_permalink":"","wpdc_publishing_response":"","wpdc_publishing_error":"","footnotes":""},"class_list":["post-16954","page","type-page","status-publish","hentry"],"yoast_head":"<!-- This site is optimized with the Yoast SEO plugin v25.3.1 - https:\/\/yoast.com\/wordpress\/plugins\/seo\/ -->\n<title>Cookie-Consent-App zur Website von Wix hinzuf\u00fcgen (in 2 Minuten)<\/title>\n<meta name=\"description\" content=\"Es ist ein Kinderspiel, Ihr Cookie-Einwilligungs-Widget zu erstellen und auf der Website von Wix zu platzieren. Der Elfsight-Kundendienst ist kostenlos.\" \/>\n<meta name=\"robots\" content=\"index, follow, max-snippet:-1, max-image-preview:large, max-video-preview:-1\" \/>\n<link rel=\"canonical\" href=\"https:\/\/elfsight.com\/de\/cookie-consent-widget\/wix\/\" \/>\n<meta property=\"og:locale\" content=\"de_DE\" \/>\n<meta property=\"og:type\" content=\"article\" \/>\n<meta property=\"og:title\" content=\"Cookie-Consent-App zur Website von Wix hinzuf\u00fcgen (in 2 Minuten)\" \/>\n<meta property=\"og:description\" content=\"Es ist ein Kinderspiel, Ihr Cookie-Einwilligungs-Widget zu erstellen und auf der Website von Wix zu platzieren. Der Elfsight-Kundendienst ist kostenlos.\" \/>\n<meta property=\"og:url\" content=\"https:\/\/elfsight.com\/de\/cookie-consent-widget\/wix\/\" \/>\n<meta property=\"og:site_name\" content=\"Elfsight DE\" \/>\n<meta property=\"article:modified_time\" content=\"2025-01-15T07:00:07+00:00\" \/>\n<meta name=\"twitter:card\" content=\"summary_large_image\" \/>\n<meta name=\"twitter:label1\" content=\"Gesch\u00e4tzte Lesezeit\" \/>\n\t<meta name=\"twitter:data1\" content=\"3\u00a0Minuten\" \/>\n<!-- \/ Yoast SEO plugin. -->","yoast_head_json":{"title":"Cookie-Consent-App zur Website von Wix hinzuf\u00fcgen (in 2 Minuten)","description":"Es ist ein Kinderspiel, Ihr Cookie-Einwilligungs-Widget zu erstellen und auf der Website von Wix zu platzieren. Der Elfsight-Kundendienst ist kostenlos.","robots":{"index":"index","follow":"follow","max-snippet":"max-snippet:-1","max-image-preview":"max-image-preview:large","max-video-preview":"max-video-preview:-1"},"canonical":"https:\/\/elfsight.com\/de\/cookie-consent-widget\/wix\/","og_locale":"de_DE","og_type":"article","og_title":"Cookie-Consent-App zur Website von Wix hinzuf\u00fcgen (in 2 Minuten)","og_description":"Es ist ein Kinderspiel, Ihr Cookie-Einwilligungs-Widget zu erstellen und auf der Website von Wix zu platzieren. Der Elfsight-Kundendienst ist kostenlos.","og_url":"https:\/\/elfsight.com\/de\/cookie-consent-widget\/wix\/","og_site_name":"Elfsight DE","article_modified_time":"2025-01-15T07:00:07+00:00","twitter_card":"summary_large_image","twitter_misc":{"Gesch\u00e4tzte Lesezeit":"3\u00a0Minuten"},"schema":{"@context":"https:\/\/schema.org","@graph":[{"@type":"WebPage","@id":"https:\/\/elfsight.com\/de\/cookie-consent-widget\/wix\/","url":"https:\/\/elfsight.com\/de\/cookie-consent-widget\/wix\/","name":"Cookie-Consent-App zur Website von Wix hinzuf\u00fcgen (in 2 Minuten)","isPartOf":{"@id":"https:\/\/elfsight.com\/de\/#website"},"datePublished":"2024-05-03T06:33:15+00:00","dateModified":"2025-01-15T07:00:07+00:00","description":"Es ist ein Kinderspiel, Ihr Cookie-Einwilligungs-Widget zu erstellen und auf der Website von Wix zu platzieren. Der Elfsight-Kundendienst ist kostenlos.","breadcrumb":{"@id":"https:\/\/elfsight.com\/de\/cookie-consent-widget\/wix\/#breadcrumb"},"inLanguage":"de","potentialAction":[{"@type":"ReadAction","target":["https:\/\/elfsight.com\/de\/cookie-consent-widget\/wix\/"]}]},{"@type":"BreadcrumbList","@id":"https:\/\/elfsight.com\/de\/cookie-consent-widget\/wix\/#breadcrumb","itemListElement":[{"@type":"ListItem","position":1,"name":"Home","item":"https:\/\/elfsight.com\/de\/"},{"@type":"ListItem","position":2,"name":"Cookie Consent","item":"https:\/\/elfsight.com\/de\/cookie-consent-widget\/"},{"@type":"ListItem","position":3,"name":"Cookie Consent &#8211; Wix"}]},{"@type":"WebSite","@id":"https:\/\/elfsight.com\/de\/#website","url":"https:\/\/elfsight.com\/de\/","name":"Elfsight DE","description":"Just another Elfsight Sites site","potentialAction":[{"@type":"SearchAction","target":{"@type":"EntryPoint","urlTemplate":"https:\/\/elfsight.com\/de\/?s={search_term_string}"},"query-input":{"@type":"PropertyValueSpecification","valueRequired":true,"valueName":"search_term_string"}}],"inLanguage":"de"}]}},"meta_box":{"industry":"","seo_heading":"","heading":"","description":"","cta_heading":"","cta_description":"","application":"486","h1":"Wix Cookie Consent-App","h1_caption":"Halten Sie die Datenschutzbestimmungen ein, indem Sie Ihrer Website ein Cookie-Zustimmungsbanner hinzuf\u00fcgen und so die Transparenz der Benutzerdaten auf Ihrer Wix-Website m\u00fchelos gew\u00e4hrleisten.","application_category":[],"applications_title":"","applications_request_title":"","applications_request_button_text":"","hero_text":"","hero_video":"","hero_video_schema_markup":"","selling_points_title":"","selling_points_caption":"","selling_points":[],"selling_points_cta_text":"","features_title":"","features":"","ed_cta_examples_text":"","ed_cta_examples_hidden":"","ed_cta_demo_text":"","ed_cta_demo_hidden":"","why_caption":"","why_editor_title":"","why_editor_text":"","why_team_title":"","why_team_text":"","why_service_title":"","why_service_text":"","template_catalog_visible":"0","template_catalog_title":"","template_catalog_text":"","template_catalog_categories_visible":"","demo_title":"Erstellen Sie Ihre Cookie-Einwilligungs-App","demo_caption":"Konfigurieren Sie Ihre Cookie-Einwilligung und f\u00fcgen Sie sie kostenlos zu Ihrer Wix-Website hinzu!","default_faq_hidden":"","app_template_category":[],"platform":"265","template_public_id":"","codecanyon_url":"","codecanyon_item_id":"","codecanyon_price":"","pricing_caption":"","pricing_elfsight_apps_hide_column":"","pricing_elfsight_apps_url":"","pricing_codecanyon_price_caption":"","integration_category":[],"integration_request_title":"","integration_request_cta":"","integration_platform":"","integrations":[],"platform_category":[],"video_schema_markup":"","price":"ab 0 $ \/ Monat","trial":"","benefits":[{"text":"Kostenlose Installationshilfe"},{"text":"Kompetenter Kundenservice"},{"text":"14-t\u00e4gige Geld-zur\u00fcck-Garantie"},{"text":"Fortlaufende Entwicklung"}],"button_url":"#demo","button_target_blank":"0","button_nofollow":"0","attributes":[{"name":"Installiert","content":"100,000 - 500,000"},{"name":"Reaktionsfreudig","content":"Ja"},{"name":"Kompatible Browser","content":"Chrome, Opera, Edge, Safari, Firefox"}],"tags":[],"tags_disable_links":"0","hide_more_platforms":"","video_object":"","demo_hide_cta":"0","demo_hide_cloud_options":"0","pricing_title":"","pricing":[{"pricing_icon":"platform","pricing_title":"Elfsight Apps","pricing_title_caption":"Plattformunabh\u00e4ngige digitale L\u00f6sung, die zu jedem Standort passt","pricing_price":"ab 0 $ \/ Monat","pricing_price_caption":"Beginnen Sie mit einem kostenlosen Plan","pricing_benefits":[{"text":"Unbegrenzte Websites"},{"text":"Kostenloser Support"},{"text":"Kostenlose Installationsunterst\u00fctzung"},{"text":"Sonderangebot f\u00fcr mehrere Apps"}],"pricing_button_text":"Zur Website hinzuf\u00fcgen","pricing_button_url":"#demo"}],"related_apps_title":"","related_apps_hidden":"0","author":"","image":[],"title":"","job":"","social_networks":[]},"_links":{"self":[{"href":"https:\/\/elfsight.com\/de\/wp-json\/wp\/v2\/pages\/16954","targetHints":{"allow":["GET"]}}],"collection":[{"href":"https:\/\/elfsight.com\/de\/wp-json\/wp\/v2\/pages"}],"about":[{"href":"https:\/\/elfsight.com\/de\/wp-json\/wp\/v2\/types\/page"}],"author":[{"embeddable":true,"href":"https:\/\/elfsight.com\/de\/wp-json\/wp\/v2\/users\/9"}],"replies":[{"embeddable":true,"href":"https:\/\/elfsight.com\/de\/wp-json\/wp\/v2\/comments?post=16954"}],"version-history":[{"count":3,"href":"https:\/\/elfsight.com\/de\/wp-json\/wp\/v2\/pages\/16954\/revisions"}],"predecessor-version":[{"id":23764,"href":"https:\/\/elfsight.com\/de\/wp-json\/wp\/v2\/pages\/16954\/revisions\/23764"}],"up":[{"embeddable":true,"href":"https:\/\/elfsight.com\/de\/wp-json\/wp\/v2\/pages\/859"}],"wp:attachment":[{"href":"https:\/\/elfsight.com\/de\/wp-json\/wp\/v2\/media?parent=16954"}],"curies":[{"name":"wp","href":"https:\/\/api.w.org\/{rel}","templated":true}]}}