{"id":16953,"date":"2024-05-03T06:33:12","date_gmt":"2024-05-03T06:33:12","guid":{"rendered":"https:\/\/elfsight.com\/de\/?page_id=16953"},"modified":"2025-01-15T06:27:44","modified_gmt":"2025-01-15T06:27:44","slug":"iframe","status":"publish","type":"page","link":"https:\/\/elfsight.com\/de\/cookie-consent-widget\/iframe\/","title":{"rendered":"Cookie Consent &#8211; iFrame"},"content":{"rendered":"\n<div class=\"application-platform-content-item-description application-platform-content-item\" id=\"description\" data-nav-section=\"description\"><h2>Cookie-Einwilligung in iFrame mit dem Elfsight-Widget einbetten<\/h2><p>Mit der Verwendung von Elfsight-Cookie-Einwilligung wird die Ank\u00fcndigung so einfach wie m\u00f6glich Informieren Sie die Benutzer \u00fcber ein nettes Popup dar\u00fcber, dass Ihre Website Cookies verwendet. Mit unserem Widget k\u00f6nnen Sie Ihren Text eingeben, einen Link zu Ihrer Website-Nutzungsrichtlinie bereitstellen und aktive Schaltfl\u00e4chen anzeigen, um die Erlaubnis der Besucher einzuholen. Es steht Ihnen frei, das Widget als Leiste oder Box zu demonstrieren und eine beliebige Stelle auf der Seite auszuw\u00e4hlen. Dar\u00fcber hinaus tragen \u00fcbermalbare Elemente dazu bei, dass das Widget einheitlich aussieht und sich gut in den Gesamtstil der Website einf\u00fcgt.<\/p><p><b>W\u00e4hlen Sie den einfachsten Weg, um \u00fcber Ihre Cookie-Richtlinie zu informieren!<\/b><\/p> <\/div><div class=\"application-platform-content-item-features application-platform-content-item\" id=\"features\" data-nav-section=\"features\"><h2>Hauptfunktionen des Cookie-Zustimmungs-Widgets<\/h2><p>Weitere Informationen zur Cookie-Zustimmung finden Sie in der Liste der wichtigsten Optionen. Sie machen unser Widget f\u00fcr Ihre Werbung unglaublich effektiv: <\/p> <ul><li>Machen Sie nur Ank\u00fcndigungs- oder Genehmigungsanfragen; <\/li> <li>Die Option, einen benutzerdefinierten Benachrichtigungstext mit verf\u00fcgbaren Formatierungsfunktionen und Links zu schreiben; <\/li> <li>Einen aktiven Link zu Ihrer Cookie-Richtlinie einblenden oder ausblenden und benutzerdefinierten Linktext hinzuf\u00fcgen; <\/li> <li>Die Option, den Layouttyp \u201eBalken\u201c oder \u201eBox\u201c f\u00fcr die Benachrichtigung auszuw\u00e4hlen; <\/li> <li>Die Option zum Malen von Schaltfl\u00e4chen und Links. <\/li> <\/ul><p><a href=\"#demo\">Sehen Sie sich alle Funktionen in der Live-Demo an<\/a><\/p><\/div><div class=\"application-platform-content-item-installation application-platform-content-item\" id=\"installation\" data-nav-section=\"installation\"><h2>So f\u00fcgen Sie das Cookie-Zustimmungs-Widget zur iFrame-Website hinzu<\/h2><p>Um das Vidget zu aktivieren, befolgen Sie einfach die folgenden Schritte. <\/p> <ol><li><b>Erstellen Sie Ihr pers\u00f6nliches Cookie-Plugin<\/b><br> Gestalten Sie mithilfe unserer kostenlosen Demo ein Plugin mit Ihrem bevorzugten Aussehen und Ihrer bevorzugten Funktionalit\u00e4t. <\/li><li><b>Besorgen Sie sich den pers\u00f6nlichen Code, um das Plugin hinzuzuf\u00fcgen<\/b><br> Nachdem Sie Ihr Widget generiert haben, erhalten Sie den Installationscode \u00fcber die Popup-Benachrichtigung auf Elfsight Apps. Kopiere diesen Code. <\/li> <li><b>Ver\u00f6ffentlichen Sie das Plugin auf Ihrer iFrame-Site<\/b><br> Suchen Sie den Bereich, in dem Sie das Plugin anzeigen m\u00f6chten, und f\u00fcgen Sie den kopierten Code dort ein. Ver\u00f6ffentlichen Sie die \u00c4nderungen. <\/li> <li><b>Herzlichen Gl\u00fcckwunsch! Sie haben das Widget gerade eingebettet! <\/b><br> Besuchen Sie Ihr Gesch\u00e4ft, um Ihre Arbeit anzusehen. <\/li> <\/ol><p>Wenn Sie Fragen haben, k\u00f6nnen Sie sich gerne an unser Kundensupport-Team wenden. Wir sind bereit, Ihnen bei jedem Problem zu helfen<\/p> <\/div><div class=\"faq\" data-component=\"FAQ\"><div class=\"faq-item\">\r\n\t\t\t\t\t<div class=\"faq-item-question\">\r\n\t\t\t\t\t\t<h3 class=\"faq-item-question-text\">Wie kann ich eine Cookie-Einwilligung in meine iFrame-Website einbetten?<\/h3>\r\n\r\n\t\t\t\t\t\t<div class=\"faq-item-question-icon\"><\/div>\r\n\t\t\t\t\t<\/div>\r\n\r\n\t\t\t\t\t<div class=\"faq-item-answer\">\r\n\t\t\t\t\t\t<div class=\"faq-item-answer-text\"><p>Die Erstellung des Tools erfolgt auf der Elfsight-Website und Sie m\u00fcssen nicht programmieren. Wenden Sie unsere aktive Demo an, um Ihre eigene App zu personalisieren, holen Sie sich den Code und f\u00fcgen Sie ihn in Ihre Website ein. <\/p><\/div>\r\n\t\t\t\t\t<\/div>\r\n\t\t\t\t<\/div><div class=\"faq-item\">\r\n\t\t\t\t\t<div class=\"faq-item-question\">\r\n\t\t\t\t\t\t<h3 class=\"faq-item-question-text\">Die besten M\u00f6glichkeiten, die Cookie-Consent-Banner-Integration zu nutzen<\/h3>\r\n\r\n\t\t\t\t\t\t<div class=\"faq-item-question-icon\"><\/div>\r\n\t\t\t\t\t<\/div>\r\n\r\n\t\t\t\t\t<div class=\"faq-item-answer\">\r\n\t\t\t\t\t\t<div class=\"faq-item-answer-text\"><p>Wir stellen Ihnen viele Anpassungsm\u00f6glichkeiten zur Verf\u00fcgung: vollwertige Widgets zum Einf\u00fcgen in die Inhaltsbereich, schwebende Plugins mit Scrollm\u00f6glichkeiten, Layouts f\u00fcr die Fu\u00dfzeile Ihrer Website, den Kopfbereich und alle Arten vertikaler Optionen f\u00fcr Seitenleisten und Men\u00fcs. <\/p><\/div>\r\n\t\t\t\t\t<\/div>\r\n\t\t\t\t<\/div><div class=\"faq-item\">\r\n\t\t\t\t\t<div class=\"faq-item-question\">\r\n\t\t\t\t\t\t<h3 class=\"faq-item-question-text\">Gibt es eine Option zum Erstellen eines Top-Banners oder einer Center-Floating-Cookie-Zustimmung durch die Vermittlung des Herausgebers?<\/h3>\r\n\r\n\t\t\t\t\t\t<div class=\"faq-item-question-icon\"><\/div>\r\n\t\t\t\t\t<\/div>\r\n\r\n\t\t\t\t\t<div class=\"faq-item-answer\">\r\n\t\t\t\t\t\t<div class=\"faq-item-answer-text\"><p>Sie k\u00f6nnen die \u00c4nderungen jedes Widgets gestalten . Im Editor stehen Ihnen zahlreiche Layouts zur Verf\u00fcgung, die Sie alle schnell nach Ihren W\u00fcnschen personalisieren k\u00f6nnen. <\/p><\/div>\r\n\t\t\t\t\t<\/div>\r\n\t\t\t\t<\/div><\/div>\n","protected":false},"excerpt":{"rendered":"","protected":false},"author":9,"featured_media":0,"parent":859,"menu_order":0,"comment_status":"closed","ping_status":"closed","template":"templates\/template-application-platform.php","meta":{"publish_to_discourse":"","publish_post_category":"","wpdc_auto_publish_overridden":"","wpdc_topic_tags":"","wpdc_pin_topic":"","wpdc_pin_until":"","discourse_post_id":"","discourse_permalink":"","wpdc_publishing_response":"","wpdc_publishing_error":"","footnotes":""},"class_list":["post-16953","page","type-page","status-publish","hentry"],"yoast_head":"<!-- This site is optimized with the Yoast SEO plugin v25.3.1 - https:\/\/yoast.com\/wordpress\/plugins\/seo\/ -->\n<title>iFrame Cookie Consent Plugin f\u00fcr Ihre Website (kostenlos und schnell)<\/title>\n<meta name=\"description\" content=\"Erstellen Sie mit Elfsight Ihr Cookie-Einwilligungs-Widget und f\u00fcgen Sie es schnell und einfach auf der iFrame-Website hinzu. Wir bieten kostenlosen Kundensupport und andere Boni.\" \/>\n<meta name=\"robots\" content=\"index, follow, max-snippet:-1, max-image-preview:large, max-video-preview:-1\" \/>\n<link rel=\"canonical\" href=\"https:\/\/elfsight.com\/de\/cookie-consent-widget\/iframe\/\" \/>\n<meta property=\"og:locale\" content=\"de_DE\" \/>\n<meta property=\"og:type\" content=\"article\" \/>\n<meta property=\"og:title\" content=\"iFrame Cookie Consent Plugin f\u00fcr Ihre Website (kostenlos und schnell)\" \/>\n<meta property=\"og:description\" content=\"Erstellen Sie mit Elfsight Ihr Cookie-Einwilligungs-Widget und f\u00fcgen Sie es schnell und einfach auf der iFrame-Website hinzu. Wir bieten kostenlosen Kundensupport und andere Boni.\" \/>\n<meta property=\"og:url\" content=\"https:\/\/elfsight.com\/de\/cookie-consent-widget\/iframe\/\" \/>\n<meta property=\"og:site_name\" content=\"Elfsight DE\" \/>\n<meta property=\"article:modified_time\" content=\"2025-01-15T06:27:44+00:00\" \/>\n<meta name=\"twitter:card\" content=\"summary_large_image\" \/>\n<meta name=\"twitter:label1\" content=\"Gesch\u00e4tzte Lesezeit\" \/>\n\t<meta name=\"twitter:data1\" content=\"3\u00a0Minuten\" \/>\n<!-- \/ Yoast SEO plugin. -->","yoast_head_json":{"title":"iFrame Cookie Consent Plugin f\u00fcr Ihre Website (kostenlos und schnell)","description":"Erstellen Sie mit Elfsight Ihr Cookie-Einwilligungs-Widget und f\u00fcgen Sie es schnell und einfach auf der iFrame-Website hinzu. Wir bieten kostenlosen Kundensupport und andere Boni.","robots":{"index":"index","follow":"follow","max-snippet":"max-snippet:-1","max-image-preview":"max-image-preview:large","max-video-preview":"max-video-preview:-1"},"canonical":"https:\/\/elfsight.com\/de\/cookie-consent-widget\/iframe\/","og_locale":"de_DE","og_type":"article","og_title":"iFrame Cookie Consent Plugin f\u00fcr Ihre Website (kostenlos und schnell)","og_description":"Erstellen Sie mit Elfsight Ihr Cookie-Einwilligungs-Widget und f\u00fcgen Sie es schnell und einfach auf der iFrame-Website hinzu. Wir bieten kostenlosen Kundensupport und andere Boni.","og_url":"https:\/\/elfsight.com\/de\/cookie-consent-widget\/iframe\/","og_site_name":"Elfsight DE","article_modified_time":"2025-01-15T06:27:44+00:00","twitter_card":"summary_large_image","twitter_misc":{"Gesch\u00e4tzte Lesezeit":"3\u00a0Minuten"},"schema":{"@context":"https:\/\/schema.org","@graph":[{"@type":"WebPage","@id":"https:\/\/elfsight.com\/de\/cookie-consent-widget\/iframe\/","url":"https:\/\/elfsight.com\/de\/cookie-consent-widget\/iframe\/","name":"iFrame Cookie Consent Plugin f\u00fcr Ihre Website (kostenlos und schnell)","isPartOf":{"@id":"https:\/\/elfsight.com\/de\/#website"},"datePublished":"2024-05-03T06:33:12+00:00","dateModified":"2025-01-15T06:27:44+00:00","description":"Erstellen Sie mit Elfsight Ihr Cookie-Einwilligungs-Widget und f\u00fcgen Sie es schnell und einfach auf der iFrame-Website hinzu. Wir bieten kostenlosen Kundensupport und andere Boni.","breadcrumb":{"@id":"https:\/\/elfsight.com\/de\/cookie-consent-widget\/iframe\/#breadcrumb"},"inLanguage":"de","potentialAction":[{"@type":"ReadAction","target":["https:\/\/elfsight.com\/de\/cookie-consent-widget\/iframe\/"]}]},{"@type":"BreadcrumbList","@id":"https:\/\/elfsight.com\/de\/cookie-consent-widget\/iframe\/#breadcrumb","itemListElement":[{"@type":"ListItem","position":1,"name":"Home","item":"https:\/\/elfsight.com\/de\/"},{"@type":"ListItem","position":2,"name":"Cookie Consent","item":"https:\/\/elfsight.com\/de\/cookie-consent-widget\/"},{"@type":"ListItem","position":3,"name":"Cookie Consent &#8211; iFrame"}]},{"@type":"WebSite","@id":"https:\/\/elfsight.com\/de\/#website","url":"https:\/\/elfsight.com\/de\/","name":"Elfsight DE","description":"Just another Elfsight Sites site","potentialAction":[{"@type":"SearchAction","target":{"@type":"EntryPoint","urlTemplate":"https:\/\/elfsight.com\/de\/?s={search_term_string}"},"query-input":{"@type":"PropertyValueSpecification","valueRequired":true,"valueName":"search_term_string"}}],"inLanguage":"de"}]}},"meta_box":{"industry":"","seo_heading":"","heading":"","description":"","cta_heading":"","cta_description":"","application":"486","h1":"iFrame-Cookie-Zustimmungs-Plugin","h1_caption":"Halten Sie die Datenschutzbestimmungen ein, indem Sie Ihrer Website ein Cookie-Zustimmungsbanner hinzuf\u00fcgen und so die Transparenz der Benutzerdaten auf Ihrer iFrame-Website m\u00fchelos gew\u00e4hrleisten.","application_category":[],"applications_title":"","applications_request_title":"","applications_request_button_text":"","hero_text":"","hero_video":"","hero_video_schema_markup":"","selling_points_title":"","selling_points_caption":"","selling_points":[],"selling_points_cta_text":"","features_title":"","features":"","ed_cta_examples_text":"","ed_cta_examples_hidden":"","ed_cta_demo_text":"","ed_cta_demo_hidden":"","why_caption":"","why_editor_title":"","why_editor_text":"","why_team_title":"","why_team_text":"","why_service_title":"","why_service_text":"","template_catalog_visible":"0","template_catalog_title":"","template_catalog_text":"","template_catalog_categories_visible":"","demo_title":"Erstellen Sie Ihr Cookie-Zustimmungs-Widget","demo_caption":"Konfigurieren Sie Ihre Cookie-Einwilligung und f\u00fcgen Sie sie kostenlos zu Ihrer iFrame-Website hinzu!","default_faq_hidden":"","app_template_category":[],"platform":"240","template_public_id":"","codecanyon_url":"","codecanyon_item_id":"","codecanyon_price":"","pricing_caption":"","pricing_elfsight_apps_hide_column":"","pricing_elfsight_apps_url":"","pricing_codecanyon_price_caption":"","integration_category":[],"integration_request_title":"","integration_request_cta":"","integration_platform":"","integrations":[],"platform_category":[],"video_schema_markup":"","price":"ab 0 $ \/ Monat","trial":"","benefits":[{"text":"Kostenloser Installationsservice"},{"text":"Professioneller Kundenservice"},{"text":"14-t\u00e4gige R\u00fcckerstattungsgarantie"},{"text":"St\u00e4ndige Aktualisierung"}],"button_url":"#demo","button_target_blank":"0","button_nofollow":"0","attributes":[{"name":"Installiert","content":"100,000 - 500,000"},{"name":"Reaktionsfreudig","content":"Ja"},{"name":"Kompatible Browser","content":"Firefox, Safari, Opera, Chrome, Edge"}],"tags":[],"tags_disable_links":"0","hide_more_platforms":"","video_object":"","demo_hide_cta":"0","demo_hide_cloud_options":"0","pricing_title":"","pricing":[{"pricing_icon":"platform","pricing_title":"Elfsight Apps","pricing_title_caption":"Plattformunabh\u00e4ngige Version, die zu jeder Website passt","pricing_price":"ab 0 $ \/ Monat","pricing_price_caption":"Beginnen Sie mit einem kostenlosen Plan","pricing_benefits":[{"text":"Unbegrenzte Anzahl an Websites"},{"text":"Premium-Support"},{"text":"Kostenlose Installationsunterst\u00fctzung"},{"text":"Sonderangebot f\u00fcr mehrere Apps"}],"pricing_button_text":"Zur Website hinzuf\u00fcgen","pricing_button_url":"#demo"}],"related_apps_title":"","related_apps_hidden":"0","author":"","image":[],"title":"","job":"","social_networks":[]},"_links":{"self":[{"href":"https:\/\/elfsight.com\/de\/wp-json\/wp\/v2\/pages\/16953","targetHints":{"allow":["GET"]}}],"collection":[{"href":"https:\/\/elfsight.com\/de\/wp-json\/wp\/v2\/pages"}],"about":[{"href":"https:\/\/elfsight.com\/de\/wp-json\/wp\/v2\/types\/page"}],"author":[{"embeddable":true,"href":"https:\/\/elfsight.com\/de\/wp-json\/wp\/v2\/users\/9"}],"replies":[{"embeddable":true,"href":"https:\/\/elfsight.com\/de\/wp-json\/wp\/v2\/comments?post=16953"}],"version-history":[{"count":3,"href":"https:\/\/elfsight.com\/de\/wp-json\/wp\/v2\/pages\/16953\/revisions"}],"predecessor-version":[{"id":23749,"href":"https:\/\/elfsight.com\/de\/wp-json\/wp\/v2\/pages\/16953\/revisions\/23749"}],"up":[{"embeddable":true,"href":"https:\/\/elfsight.com\/de\/wp-json\/wp\/v2\/pages\/859"}],"wp:attachment":[{"href":"https:\/\/elfsight.com\/de\/wp-json\/wp\/v2\/media?parent=16953"}],"curies":[{"name":"wp","href":"https:\/\/api.w.org\/{rel}","templated":true}]}}