{"id":16952,"date":"2024-05-03T06:33:10","date_gmt":"2024-05-03T06:33:10","guid":{"rendered":"https:\/\/elfsight.com\/de\/?page_id=16952"},"modified":"2025-01-15T07:03:36","modified_gmt":"2025-01-15T07:03:36","slug":"woocommerce","status":"publish","type":"page","link":"https:\/\/elfsight.com\/de\/cookie-consent-widget\/woocommerce\/","title":{"rendered":"Cookie Consent &#8211; WooCommerce"},"content":{"rendered":"\n<div class=\"application-platform-content-item-description application-platform-content-item\" id=\"description\" data-nav-section=\"description\"><h2>Beschreibung<\/h2><p>Mit dem Cookie-Plugin von Elfsight ist es wirklich einfach, eine Benachrichtigung f\u00fcr Ihr Publikum einzubetten, dass Ihre Website Cookies anwendet ein reibungsloses Popup. Mit diesem Widget k\u00f6nnen Sie einen benutzerdefinierten Text schreiben, einen Link zu Ihrer Website einf\u00fcgen, Gesch\u00e4ftsbedingungen verwenden und aktive Schaltfl\u00e4chen anzeigen, um die Zustimmung der Benutzer einzuholen. Es steht Ihnen frei, die Benachrichtigung in Form einer Seitenleiste oder eines K\u00e4stchens anzuzeigen und eine Position auf der Seite auszuw\u00e4hlen. Au\u00dferdem hilft Ihnen die Option, Oberfl\u00e4chenelemente zu malen, dabei, das Widget ausgewogen zu gestalten und es an den Gesamtstil der Website anzupassen. <\/p><p><b>Machen Sie Ihre Website mit dem Cookie-Plugin effizienter f\u00fcr Gesch\u00e4ftsaufgaben<\/b><\/p><\/div> <div class=\"application-platform-content-item-features application-platform-content-item\" id=\"features\" data-nav-section=\"features\"><h2>Sehen Sie sich die Liste der Besten an Funktionen:<\/h2><ul><li>Eine einfache Benachrichtigung oder Einwilligungsanfrage stellen; <\/li><li> Legen Sie eine benutzerdefinierte Ank\u00fcndigungsnachricht mit Formatierungsfunktionen und Links fest; <\/li><li>Aktiven Link zu den Nutzungsbedingungen Ihrer Website anzeigen oder ausblenden und benutzerdefiniertes Link-Label hinzuf\u00fcgen; <\/li><li>Die Option, den Layouttyp \u201eBalken\u201c oder \u201eBox\u201c der Benachrichtigung auszuw\u00e4hlen; <\/li><li>W\u00e4hlen Sie die Farbe f\u00fcr Schaltfl\u00e4chen und Links. <\/li><\/ul><p><a href=\"#demo\">Sie k\u00f6nnen sehen, ob das Widget f\u00fcr Sie geeignet ist, indem Sie die Demo ausprobieren<\/a><\/p><\/div><div class=\"application-platform-content-item- Installation application-platform-content-item\" id=\" Installation\" data-nav-section=\" Installation\"><h2>Wie binde ich die Cookie-Zustimmung in meine WooCommerce-Webseite ein?<\/h2><p>Befolgen Sie einfach die unten aufgef\u00fchrten Schritte, um mit der Verwendung des Plugins zu beginnen.<\/p><ol><li><b>Verwalten Sie unseren kostenlosen Konfigurator und beginnen Sie mit der Erstellung Ihres personalisierten Instruments.<\/b><br>Bestimmen Sie die benutzerdefinierte Form und Funktionalit\u00e4t des Plugins und speichern Sie die \u00c4nderungen.<\/li><li><b>Erhalten Sie den pers\u00f6nlichen Code, der im angezeigt wird Feld auf Elfsight Apps.<\/b><br>Wenn die Generierung Ihres pers\u00f6nlichen Widgets abgeschlossen ist, kopieren Sie den exklusiven Code in das angezeigte Feld und speichern Sie ihn zur weiteren Verwendung.<\/li><li><b>Beginnen Sie mit der Verwendung Plugin auf der WooCommerce-Website.<\/b><br>F\u00fcgen Sie den zuvor gespeicherten Code in Ihre Website ein und \u00fcbernehmen Sie die Korrekturen.<\/li><li><b>Fertig! Die Einbettung wurde erfolgreich abgeschlossen.<\/b><br>Gehen Sie auf Ihre Website, um zu \u00fcberpr\u00fcfen, wie das Plugin funktioniert.<\/li><\/ol><p>Sollten Sie auf Komplikationen sto\u00dfen, k\u00f6nnen Sie sich gerne an unser Support-Team wenden. Unsere Mitarbeiter helfen Ihnen gerne bei allen Problemen, die Sie mit dem Produkt haben k\u00f6nnten.<\/p><div class=\"faq\" data-component=\"FAQ\"><div class=\"faq-item\">\r\n\t\t\t\t\t<div class=\"faq-item-question\">\r\n\t\t\t\t\t\t<h3 class=\"faq-item-question-text\">Wie kann ich meiner WooCommerce-Website eine Cookie-Zustimmung ohne Programmierkenntnisse hinzuf\u00fcgen?<\/h3>\r\n\r\n\t\t\t\t\t\t<div class=\"faq-item-question-icon\"><\/div>\r\n\t\t\t\t\t<\/div>\r\n\r\n\t\t\t\t\t<div class=\"faq-item-answer\">\r\n\t\t\t\t\t\t<div class=\"faq-item-answer-text\"> <p>Elfsight bietet eine SaaS-L\u00f6sung, mit der Sie selbst ein Cookie-Zustimmungs-Widget erstellen k\u00f6nnen. Sehen Sie, wie einfach der Vorgang ist: Arbeiten Sie direkt im Online-Editor, um ein Cookie-Zustimmungs-Widget zu erstellen, das Sie gerne auf Ihrer WooCommerce-Website sehen w\u00fcrden. W\u00e4hlen Sie eine der vorgefertigten Vorlagen aus und passen Sie die Cookie-Zustimmungseinstellungen an, f\u00fcgen Sie Ihre Inhalte hinzu, \u00e4ndern Sie das Layout und die Farben ohne Programmierkenntnisse. Speichern Sie die Cookie-Einwilligung und kopieren Sie den Installationscode, den Sie einfach in Ihre WooCommerce-Website einbetten k\u00f6nnen, ohne einen kostenpflichtigen Plan kaufen zu m\u00fcssen. Mit unserem intuitiven Editor kann jeder Internetnutzer online ein Cookie-Einwilligungs-Widget erstellen und es einfach in seine WooCommerce-Website einbetten. Sie m\u00fcssen weder bezahlen noch Ihre Kartendaten eingeben, um auf den Service zuzugreifen. Sollten bei irgendeinem Schritt Probleme auftreten, wenden Sie sich bitte an unser technisches Support-Team.<\/p> <\/div>\r\n\t\t\t\t\t<\/div>\r\n\t\t\t\t<\/div> <\/div><\/div>\n","protected":false},"excerpt":{"rendered":"","protected":false},"author":9,"featured_media":0,"parent":859,"menu_order":0,"comment_status":"closed","ping_status":"closed","template":"templates\/template-application-platform.php","meta":{"publish_to_discourse":"","publish_post_category":"","wpdc_auto_publish_overridden":"","wpdc_topic_tags":"","wpdc_pin_topic":"","wpdc_pin_until":"","discourse_post_id":"","discourse_permalink":"","wpdc_publishing_response":"","wpdc_publishing_error":"","footnotes":""},"class_list":["post-16952","page","type-page","status-publish","hentry"],"yoast_head":"<!-- This site is optimized with the Yoast SEO plugin v25.3.1 - https:\/\/yoast.com\/wordpress\/plugins\/seo\/ -->\n<title>WooCommerce Cookie Consent-Plugin f\u00fcr Ihre Website (2025)<\/title>\n<meta name=\"description\" content=\"Nutzen Sie die Chance, das Cookie-Consent-Plugin im Editor zu personalisieren und es direkt aus der Demo in Ihre WooCommerce-Website einzubetten.\" \/>\n<meta name=\"robots\" content=\"index, follow, max-snippet:-1, max-image-preview:large, max-video-preview:-1\" \/>\n<link rel=\"canonical\" href=\"https:\/\/elfsight.com\/de\/cookie-consent-widget\/woocommerce\/\" \/>\n<meta property=\"og:locale\" content=\"de_DE\" \/>\n<meta property=\"og:type\" content=\"article\" \/>\n<meta property=\"og:title\" content=\"WooCommerce Cookie Consent-Plugin f\u00fcr Ihre Website (2025)\" \/>\n<meta property=\"og:description\" content=\"Nutzen Sie die Chance, das Cookie-Consent-Plugin im Editor zu personalisieren und es direkt aus der Demo in Ihre WooCommerce-Website einzubetten.\" \/>\n<meta property=\"og:url\" content=\"https:\/\/elfsight.com\/de\/cookie-consent-widget\/woocommerce\/\" \/>\n<meta property=\"og:site_name\" content=\"Elfsight DE\" \/>\n<meta property=\"article:modified_time\" content=\"2025-01-15T07:03:36+00:00\" \/>\n<meta name=\"twitter:card\" content=\"summary_large_image\" \/>\n<meta name=\"twitter:label1\" content=\"Gesch\u00e4tzte Lesezeit\" \/>\n\t<meta name=\"twitter:data1\" content=\"3\u00a0Minuten\" \/>\n<!-- \/ Yoast SEO plugin. -->","yoast_head_json":{"title":"WooCommerce Cookie Consent-Plugin f\u00fcr Ihre Website (2025)","description":"Nutzen Sie die Chance, das Cookie-Consent-Plugin im Editor zu personalisieren und es direkt aus der Demo in Ihre WooCommerce-Website einzubetten.","robots":{"index":"index","follow":"follow","max-snippet":"max-snippet:-1","max-image-preview":"max-image-preview:large","max-video-preview":"max-video-preview:-1"},"canonical":"https:\/\/elfsight.com\/de\/cookie-consent-widget\/woocommerce\/","og_locale":"de_DE","og_type":"article","og_title":"WooCommerce Cookie Consent-Plugin f\u00fcr Ihre Website (2025)","og_description":"Nutzen Sie die Chance, das Cookie-Consent-Plugin im Editor zu personalisieren und es direkt aus der Demo in Ihre WooCommerce-Website einzubetten.","og_url":"https:\/\/elfsight.com\/de\/cookie-consent-widget\/woocommerce\/","og_site_name":"Elfsight DE","article_modified_time":"2025-01-15T07:03:36+00:00","twitter_card":"summary_large_image","twitter_misc":{"Gesch\u00e4tzte Lesezeit":"3\u00a0Minuten"},"schema":{"@context":"https:\/\/schema.org","@graph":[{"@type":"WebPage","@id":"https:\/\/elfsight.com\/de\/cookie-consent-widget\/woocommerce\/","url":"https:\/\/elfsight.com\/de\/cookie-consent-widget\/woocommerce\/","name":"WooCommerce Cookie Consent-Plugin f\u00fcr Ihre Website (2025)","isPartOf":{"@id":"https:\/\/elfsight.com\/de\/#website"},"datePublished":"2024-05-03T06:33:10+00:00","dateModified":"2025-01-15T07:03:36+00:00","description":"Nutzen Sie die Chance, das Cookie-Consent-Plugin im Editor zu personalisieren und es direkt aus der Demo in Ihre WooCommerce-Website einzubetten.","breadcrumb":{"@id":"https:\/\/elfsight.com\/de\/cookie-consent-widget\/woocommerce\/#breadcrumb"},"inLanguage":"de","potentialAction":[{"@type":"ReadAction","target":["https:\/\/elfsight.com\/de\/cookie-consent-widget\/woocommerce\/"]}]},{"@type":"BreadcrumbList","@id":"https:\/\/elfsight.com\/de\/cookie-consent-widget\/woocommerce\/#breadcrumb","itemListElement":[{"@type":"ListItem","position":1,"name":"Home","item":"https:\/\/elfsight.com\/de\/"},{"@type":"ListItem","position":2,"name":"Cookie Consent","item":"https:\/\/elfsight.com\/de\/cookie-consent-widget\/"},{"@type":"ListItem","position":3,"name":"Cookie Consent &#8211; WooCommerce"}]},{"@type":"WebSite","@id":"https:\/\/elfsight.com\/de\/#website","url":"https:\/\/elfsight.com\/de\/","name":"Elfsight DE","description":"Just another Elfsight Sites site","potentialAction":[{"@type":"SearchAction","target":{"@type":"EntryPoint","urlTemplate":"https:\/\/elfsight.com\/de\/?s={search_term_string}"},"query-input":{"@type":"PropertyValueSpecification","valueRequired":true,"valueName":"search_term_string"}}],"inLanguage":"de"}]}},"meta_box":{"industry":"","seo_heading":"","heading":"","description":"","cta_heading":"","cta_description":"","application":"486","h1":"WooCommerce-Cookie-Zustimmungs-Plugin","h1_caption":"Halten Sie die Datenschutzbestimmungen ein, indem Sie Ihrer Website ein Cookie-Zustimmungsbanner hinzuf\u00fcgen und so die Transparenz der Benutzerdaten auf Ihrer WooCommerce-Website m\u00fchelos gew\u00e4hrleisten.","application_category":[],"applications_title":"","applications_request_title":"","applications_request_button_text":"","hero_text":"","hero_video":"","hero_video_schema_markup":"","selling_points_title":"","selling_points_caption":"","selling_points":[],"selling_points_cta_text":"","features_title":"","features":"","ed_cta_examples_text":"","ed_cta_examples_hidden":"","ed_cta_demo_text":"","ed_cta_demo_hidden":"","why_caption":"","why_editor_title":"","why_editor_text":"","why_team_title":"","why_team_text":"","why_service_title":"","why_service_text":"","template_catalog_visible":"0","template_catalog_title":"","template_catalog_text":"","template_catalog_categories_visible":"","demo_title":"Erstellen Sie Ihre Cookie-Einwilligungs-App","demo_caption":"Konfigurieren Sie Ihre Cookie-Einwilligung und f\u00fcgen Sie sie kostenlos zu Ihrer WooCommerce-Website hinzu!","default_faq_hidden":"","app_template_category":[],"platform":"200","template_public_id":"","codecanyon_url":"","codecanyon_item_id":"","codecanyon_price":"","pricing_caption":"","pricing_elfsight_apps_hide_column":"","pricing_elfsight_apps_url":"","pricing_codecanyon_price_caption":"","integration_category":[],"integration_request_title":"","integration_request_cta":"","integration_platform":"","integrations":[],"platform_category":[],"video_schema_markup":"","price":"ab 0 $ \/ Monat","trial":"","benefits":[{"text":"Kostenlose Installationshilfe"},{"text":"Kompetenter Kundenservice"},{"text":"14-t\u00e4gige Geld-zur\u00fcck-Garantie"},{"text":"Zuk\u00fcnftige Verbesserungen"}],"button_url":"#demo","button_target_blank":"0","button_nofollow":"0","attributes":[{"name":"Installiert","content":"100,000 - 500,000"},{"name":"Reaktionsfreudig","content":"Ja"},{"name":"Kompatible Browser","content":"Firefox, Safari, Opera, Chrome, Edge"}],"tags":[],"tags_disable_links":"0","hide_more_platforms":"","video_object":"","demo_hide_cta":"0","demo_hide_cloud_options":"0","pricing_title":"","pricing":[{"pricing_icon":"platform","pricing_title":"Elfsight Apps","pricing_title_caption":"Plattformunabh\u00e4ngige digitale L\u00f6sung","pricing_price":"ab 0 $ \/ Monat","pricing_price_caption":"Beginnen Sie mit einem kostenlosen Plan","pricing_benefits":[{"text":"Unbegrenzte Websites"},{"text":"Professionelle und p\u00fcnktliche Unterst\u00fctzung und gut dokumentiert"},{"text":"Kostenloser Installationsservice"},{"text":"Vollst\u00e4ndig anpassbar"}],"pricing_button_text":"Zur Website hinzuf\u00fcgen","pricing_button_url":"#demo"}],"related_apps_title":"","related_apps_hidden":"0","author":"","image":[],"title":"","job":"","social_networks":[]},"_links":{"self":[{"href":"https:\/\/elfsight.com\/de\/wp-json\/wp\/v2\/pages\/16952","targetHints":{"allow":["GET"]}}],"collection":[{"href":"https:\/\/elfsight.com\/de\/wp-json\/wp\/v2\/pages"}],"about":[{"href":"https:\/\/elfsight.com\/de\/wp-json\/wp\/v2\/types\/page"}],"author":[{"embeddable":true,"href":"https:\/\/elfsight.com\/de\/wp-json\/wp\/v2\/users\/9"}],"replies":[{"embeddable":true,"href":"https:\/\/elfsight.com\/de\/wp-json\/wp\/v2\/comments?post=16952"}],"version-history":[{"count":2,"href":"https:\/\/elfsight.com\/de\/wp-json\/wp\/v2\/pages\/16952\/revisions"}],"predecessor-version":[{"id":23766,"href":"https:\/\/elfsight.com\/de\/wp-json\/wp\/v2\/pages\/16952\/revisions\/23766"}],"up":[{"embeddable":true,"href":"https:\/\/elfsight.com\/de\/wp-json\/wp\/v2\/pages\/859"}],"wp:attachment":[{"href":"https:\/\/elfsight.com\/de\/wp-json\/wp\/v2\/media?parent=16952"}],"curies":[{"name":"wp","href":"https:\/\/api.w.org\/{rel}","templated":true}]}}