{"id":16938,"date":"2024-05-03T06:33:03","date_gmt":"2024-05-03T06:33:03","guid":{"rendered":"https:\/\/elfsight.com\/de\/?page_id=16938"},"modified":"2025-01-14T11:00:50","modified_gmt":"2025-01-14T11:00:50","slug":"shopify","status":"publish","type":"page","link":"https:\/\/elfsight.com\/de\/contact-form-widget\/shopify\/","title":{"rendered":"Contact Form &#8211; Shopify"},"content":{"rendered":"\n<div class=\"application-platform-content-item-description application-platform-content-item\" id=\"description\" data-nav-section=\"description\"><h2>Kontaktformular f\u00fcr Shopify<\/h2><p>Suchen Sie nach einem Kontaktformular-Builder f\u00fcr Shopify? Unser Kontaktformular-Plugin f\u00fcr Shopify kann Ihnen bei allen wichtigen Anforderungen beim Erhalt von Feedback und Bestellungen von Kunden Ihrer Website helfen. Installieren Sie einfach die erforderlichen Felder zum Ausf\u00fcllen, w\u00e4hlen Sie die gew\u00fcnschte Vorlage und passen Sie die Benutzeroberfl\u00e4che an, um Ihre Kunden noch mehr dazu zu ermutigen, Dienstleistungen Ihres Unternehmens zu bestellen. Mit unserem benutzerdefinierten Shopify-Kontaktformular k\u00f6nnen Sie auch E-Mail-Nachrichten \u00fcber das Shopify-Kontaktformular von Ihren Kunden erhalten.<\/p><p><b>Erhalten Sie Erfahrungsberichte, erhalten Sie Anfragen und senden Sie Antworten auf die Fragen Ihrer Website-Benutzer!<\/b><\/p><ul><li><b>Erh\u00f6hen Sie die Anzahl potenzieller Kunden<\/b>.<br>Halten Sie \u00fcber ein praktisches Formular auf Ihrer Website rund um die Uhr permanente Interaktion mit potenziellen Kunden und finden Sie Benutzer, die bereit sind, zu bestellen und kaufen.<\/li><li><b>Kunden besser kennenlernen<\/b>.<br>Fragen, Verd\u00e4chtigungen, Unglauben und unterschiedliche Meinungen Ihrer Kunden zu Ihren Angeboten oder Dienstleistungen geben Ihnen mehr Chancen, die Anforderungen zu verstehen Ihrer Website-Besucher und wenden Sie erfolgreich ein Konzept Ihrer Gesch\u00e4ftserweiterung an.<\/li><li><b>Sch\u00fctzen Sie Ihr Postfach vor Spam<\/b>.<br>Lassen Sie nicht zu, dass Bots Ihr E-Mail-Postfach mit Spam f\u00fcllen Junk-Mails. Unser Formular ist mit Google reCAPTCHA ausgestattet, um Ihr E-Mail-Postfach vor automatischem Spam und Bots zu sch\u00fctzen.<\/li><\/ul><\/div><div class=\"application-platform-content-item-features application-platform-content-item\" id=\"features\" data-nav-section=\"features\"><h2>Funktionen des Kontaktformular-Plugins<\/h2><p>Was macht das Elfsight-Kontaktformular zur besten App zum Empfangen von Kundenreaktionen und -anfragen f\u00fcr Shopify-Websites? Sehen Sie sich unsere wichtigsten Funktionsmerkmale an:<\/p><ul><li>Ein Mindestsatz an Feldern zum Senden eines Feedbacks: Name, E-Mail, Telefonnummer und Nachricht;<\/li><li>Legen Sie eine beliebige Formularbreite fest;<\/li><li>2 vordefinierte Layouts: Inline-Layouts, die dem Seitentext hinzugef\u00fcgt werden, und Floating-Layouts, um dem Scrollen Ihres Besuchers zu folgen;<\/li><li>Alle in das Formular eingegebenen Daten werden in Bearbeitung gespeichert;<\/li><li> Funktioniert und sieht auf Mobilger\u00e4ten perfekt aus.<\/li><\/ul><p><a href=\"#demo\">\u00dcberpr\u00fcfen Sie alle Vorteile in unserer Demo<\/a><\/p><\/div><div class=\"application-platform-content-item-installation application-platform-content-item\" id=\"installation\" data-nav-section=\"installation\"><h2>So f\u00fcgen Sie ein Kontaktformular zur Shopify-Website hinzu<\/h2><div class=\"video-container\"><iframe width=\"560\" height=\"315\" src=\"https:\/\/www.youtube.com\/embed\/ORhSwUsmv9c?si=9IjKwfNWWN216f4p\" frameborder=\"0\" allow=\"accelerometer; autoplay; clipboard-write; encrypted-media; gyroscope; picture-in-picture; web-share\" allowfullscreen><\/iframe><\/div><p>Folgen Sie unserer Anleitung, um die Kontakt-App im Handumdrehen auf Ihrer Website einzubetten. F\u00fcr die Installation unseres Kontaktformulars ist keine Erfahrung in der Entwicklung erforderlich. Die vollst\u00e4ndige Einrichtung dauert nur 3 Minuten.<\/p><ol><li><b>Nutzen Sie unseren kostenlosen Konfigurator und beginnen Sie mit der Erstellung Ihrer ma\u00dfgeschneiderten App. <\/b><br> W\u00e4hlen Sie die bevorzugte Anordnung und Parameter der App und nehmen Sie alle Korrekturen vor. <\/li> <li><b>Sie erhalten Ihren individuellen Code, der in der Box auf Elfsight Apps angezeigt wird. <\/b><br> Kopieren Sie unmittelbar nach Abschluss der Generierung Ihrer pers\u00f6nlichen App Ihren Code in das angezeigte Feld und speichern Sie ihn f\u00fcr die zuk\u00fcnftige Verwendung. <\/li> <li><b>Beginn der Nutzung der App auf der Shopify-Website. <\/b><br> Platzieren Sie den zuvor kopierten Code auf Ihrer Seite und speichern Sie die Verbesserungen. <\/li> <li><b>Du bist fertig! Die Integration ist erfolgreich abgeschlossen. <\/b><br> Besuchen Sie Ihre Website, um die Leistung der App zu \u00fcberpr\u00fcfen. <\/li><\/ol><p>Haben Sie Schwierigkeiten bei der Anwendung des Tutorials oder bei der Gestaltung Ihres Formulars? Es kann hilfreich sein, einem ausf\u00fchrlichen Tutorial zu folgen: &#8222;<a href=\"https:\/\/elfsight.com\/tutorials\/how-to-add-contact-form-app-to-shopify\/\" target=\"_blank\" rel=\"noopener noreferrer\">So f\u00fcgen Sie ein Kontaktformular auf einer Shopify-Website hinzu<\/a>&#8220; und versuchen Sie, es selbst einzubetten, oder wenden Sie sich mit einer ausf\u00fchrlichen Beschreibung Ihres Problems an unser Support-Center. Unser Team steht Ihnen mit Rat und Tat zur Seite.<\/p><div class=\"faq\" data-component=\"FAQ\"> <div class=\"faq-item\">\r\n\t\t\t\t\t<div class=\"faq-item-question\">\r\n\t\t\t\t\t\t<h3 class=\"faq-item-question-text\">Wie kann ich ohne Programmierkenntnisse ein Kontaktformular zu meiner Shopify-Website hinzuf\u00fcgen?<\/h3>\r\n\r\n\t\t\t\t\t\t<div class=\"faq-item-question-icon\"><\/div>\r\n\t\t\t\t\t<\/div>\r\n\r\n\t\t\t\t\t<div class=\"faq-item-answer\">\r\n\t\t\t\t\t\t<div class=\"faq-item-answer-text\"> <p>Elfsight bietet eine SaaS-L\u00f6sung, mit der Sie einen Kontakt erstellen k\u00f6nnen Machen Sie selbst ein Formular-Widget und \u00fcberzeugen Sie sich davon, wie einfach der Vorgang ist: Erstellen Sie direkt im Online-Editor ein Kontaktformular-Widget, das Sie gerne auf Ihrer Shopify-Website sehen w\u00fcrden. W\u00e4hlen Sie eine der vorgefertigten Vorlagen aus und passen Sie die Einstellungen des Kontaktformulars an, f\u00fcgen Sie Ihre Inhalte hinzu, \u00e4ndern Sie das Layout und die Farben ohne Programmierkenntnisse. Speichern Sie das Kontaktformular und kopieren Sie den Installationscode, den Sie einfach in Ihre Shopify-Website einf\u00fcgen k\u00f6nnen, ohne eine kostenpflichtige Version zu kaufen. Mit unserem intuitiven Editor kann jeder Internetnutzer online ein Kontaktformular-Widget erstellen und es einfach in seine Shopify-Website einbetten. Sie m\u00fcssen weder bezahlen noch Ihre Kartendaten eingeben, um auf den Service zuzugreifen. Wenn Sie bei irgendeinem Schritt auf Probleme sto\u00dfen, wenden Sie sich bitte an unser technisches Support-Team.<\/p> <\/div>\r\n\t\t\t\t\t<\/div>\r\n\t\t\t\t<\/div> <div class=\"faq-item\">\r\n\t\t\t\t\t<div class=\"faq-item-question\">\r\n\t\t\t\t\t\t<h3 class=\"faq-item-question-text\">Gibt es Kontaktformularvorlagen f\u00fcr die Shopify-Website?<\/h3>\r\n\r\n\t\t\t\t\t\t<div class=\"faq-item-question-icon\"><\/div>\r\n\t\t\t\t\t<\/div>\r\n\r\n\t\t\t\t\t<div class=\"faq-item-answer\">\r\n\t\t\t\t\t\t<div class=\"faq-item-answer-text\"><p>Ja, es gibt! Das Elfsight-Team hat eine gro\u00dfartige Sammlung von \u00fcber 300 gebrauchsfertigen Vorlagen erstellt. Und Sie werden von den <a href=\"https:\/\/elfsight.com\/online-form-builder\/templates\/contact-forms\/\">Kontaktformularvorlagen<\/a> mit Sicherheit nicht entt\u00e4uscht sein.<\/p> <\/div>\r\n\t\t\t\t\t<\/div>\r\n\t\t\t\t<\/div><\/div> <\/div>\n","protected":false},"excerpt":{"rendered":"","protected":false},"author":9,"featured_media":0,"parent":949,"menu_order":0,"comment_status":"closed","ping_status":"closed","template":"templates\/template-application-platform.php","meta":{"publish_to_discourse":"","publish_post_category":"","wpdc_auto_publish_overridden":"","wpdc_topic_tags":"","wpdc_pin_topic":"","wpdc_pin_until":"","discourse_post_id":"","discourse_permalink":"","wpdc_publishing_response":"","wpdc_publishing_error":"","footnotes":""},"class_list":["post-16938","page","type-page","status-publish","hentry"],"yoast_head":"<!-- This site is optimized with the Yoast SEO plugin v25.3.1 - https:\/\/yoast.com\/wordpress\/plugins\/seo\/ -->\n<title>Erstellen Sie kostenlos ein Kontaktformular auf Shopify und f\u00fcgen Sie es hinzu!<\/title>\n<meta name=\"description\" content=\"Gestalten Sie Ihre Kontaktformular-App f\u00fcr Shopify und integrieren Sie sie in nur 3 Minuten in Ihre Website. Kostenloser Editor, Unterst\u00fctzung beim Hinzuf\u00fcgen und andere verschiedene Widgets von Elfsight!\" \/>\n<meta name=\"robots\" content=\"index, follow, max-snippet:-1, max-image-preview:large, max-video-preview:-1\" \/>\n<link rel=\"canonical\" href=\"https:\/\/elfsight.com\/de\/contact-form-widget\/shopify\/\" \/>\n<meta property=\"og:locale\" content=\"de_DE\" \/>\n<meta property=\"og:type\" content=\"article\" \/>\n<meta property=\"og:title\" content=\"Erstellen Sie kostenlos ein Kontaktformular auf Shopify und f\u00fcgen Sie es hinzu!\" \/>\n<meta property=\"og:description\" content=\"Gestalten Sie Ihre Kontaktformular-App f\u00fcr Shopify und integrieren Sie sie in nur 3 Minuten in Ihre Website. Kostenloser Editor, Unterst\u00fctzung beim Hinzuf\u00fcgen und andere verschiedene Widgets von Elfsight!\" \/>\n<meta property=\"og:url\" content=\"https:\/\/elfsight.com\/de\/contact-form-widget\/shopify\/\" \/>\n<meta property=\"og:site_name\" content=\"Elfsight DE\" \/>\n<meta property=\"article:modified_time\" content=\"2025-01-14T11:00:50+00:00\" \/>\n<meta name=\"twitter:card\" content=\"summary_large_image\" \/>\n<meta name=\"twitter:label1\" content=\"Gesch\u00e4tzte Lesezeit\" \/>\n\t<meta name=\"twitter:data1\" content=\"4\u00a0Minuten\" \/>\n<!-- \/ Yoast SEO plugin. -->","yoast_head_json":{"title":"Erstellen Sie kostenlos ein Kontaktformular auf Shopify und f\u00fcgen Sie es hinzu!","description":"Gestalten Sie Ihre Kontaktformular-App f\u00fcr Shopify und integrieren Sie sie in nur 3 Minuten in Ihre Website. Kostenloser Editor, Unterst\u00fctzung beim Hinzuf\u00fcgen und andere verschiedene Widgets von Elfsight!","robots":{"index":"index","follow":"follow","max-snippet":"max-snippet:-1","max-image-preview":"max-image-preview:large","max-video-preview":"max-video-preview:-1"},"canonical":"https:\/\/elfsight.com\/de\/contact-form-widget\/shopify\/","og_locale":"de_DE","og_type":"article","og_title":"Erstellen Sie kostenlos ein Kontaktformular auf Shopify und f\u00fcgen Sie es hinzu!","og_description":"Gestalten Sie Ihre Kontaktformular-App f\u00fcr Shopify und integrieren Sie sie in nur 3 Minuten in Ihre Website. Kostenloser Editor, Unterst\u00fctzung beim Hinzuf\u00fcgen und andere verschiedene Widgets von Elfsight!","og_url":"https:\/\/elfsight.com\/de\/contact-form-widget\/shopify\/","og_site_name":"Elfsight DE","article_modified_time":"2025-01-14T11:00:50+00:00","twitter_card":"summary_large_image","twitter_misc":{"Gesch\u00e4tzte Lesezeit":"4\u00a0Minuten"},"schema":{"@context":"https:\/\/schema.org","@graph":[{"@type":"WebPage","@id":"https:\/\/elfsight.com\/de\/contact-form-widget\/shopify\/","url":"https:\/\/elfsight.com\/de\/contact-form-widget\/shopify\/","name":"Erstellen Sie kostenlos ein Kontaktformular auf Shopify und f\u00fcgen Sie es hinzu!","isPartOf":{"@id":"https:\/\/elfsight.com\/de\/#website"},"datePublished":"2024-05-03T06:33:03+00:00","dateModified":"2025-01-14T11:00:50+00:00","description":"Gestalten Sie Ihre Kontaktformular-App f\u00fcr Shopify und integrieren Sie sie in nur 3 Minuten in Ihre Website. Kostenloser Editor, Unterst\u00fctzung beim Hinzuf\u00fcgen und andere verschiedene Widgets von Elfsight!","breadcrumb":{"@id":"https:\/\/elfsight.com\/de\/contact-form-widget\/shopify\/#breadcrumb"},"inLanguage":"de","potentialAction":[{"@type":"ReadAction","target":["https:\/\/elfsight.com\/de\/contact-form-widget\/shopify\/"]}]},{"@type":"BreadcrumbList","@id":"https:\/\/elfsight.com\/de\/contact-form-widget\/shopify\/#breadcrumb","itemListElement":[{"@type":"ListItem","position":1,"name":"Home","item":"https:\/\/elfsight.com\/de\/"},{"@type":"ListItem","position":2,"name":"Contact Form","item":"https:\/\/elfsight.com\/de\/contact-form-widget\/"},{"@type":"ListItem","position":3,"name":"Contact Form &#8211; Shopify"}]},{"@type":"WebSite","@id":"https:\/\/elfsight.com\/de\/#website","url":"https:\/\/elfsight.com\/de\/","name":"Elfsight DE","description":"Just another Elfsight Sites site","potentialAction":[{"@type":"SearchAction","target":{"@type":"EntryPoint","urlTemplate":"https:\/\/elfsight.com\/de\/?s={search_term_string}"},"query-input":{"@type":"PropertyValueSpecification","valueRequired":true,"valueName":"search_term_string"}}],"inLanguage":"de"}]}},"meta_box":{"industry":"","seo_heading":"","heading":"","description":"","cta_heading":"","cta_description":"","application":"465","h1":"Kontaktformular-App f\u00fcr Shopify","h1_caption":"Erstellen Sie ganz einfach Kontaktformulare und betten Sie sie in Ihre Website ein, um die Benutzerinteraktion und Anfragen auf Ihrer Shopify-Website m\u00fchelos zu f\u00f6rdern.","application_category":[],"applications_title":"","applications_request_title":"","applications_request_button_text":"","hero_text":"","hero_video":"","hero_video_schema_markup":"","selling_points_title":"","selling_points_caption":"","selling_points":[],"selling_points_cta_text":"","features_title":"","features":"","ed_cta_examples_text":"","ed_cta_examples_hidden":"","ed_cta_demo_text":"","ed_cta_demo_hidden":"","why_caption":"","why_editor_title":"","why_editor_text":"","why_team_title":"","why_team_text":"","why_service_title":"","why_service_text":"","template_catalog_visible":"0","template_catalog_title":"","template_catalog_text":"","template_catalog_categories_visible":"","demo_title":"Erstellen Sie Ihre Kontaktformular-App","demo_caption":"Konfigurieren Sie Ihr Kontaktformular und f\u00fcgen Sie es kostenlos zu Ihrer Shopify-Website hinzu!","default_faq_hidden":"","app_template_category":[],"platform":"253","template_public_id":"","codecanyon_url":"","codecanyon_item_id":"","codecanyon_price":"","pricing_caption":"","pricing_elfsight_apps_hide_column":"","pricing_elfsight_apps_url":"","pricing_codecanyon_price_caption":"","integration_category":[],"integration_request_title":"","integration_request_cta":"","integration_platform":"","integrations":[],"platform_category":[],"video_schema_markup":"","price":"ab 0 $ \/ Monat","trial":"","benefits":[{"text":"Kostenloser Installationsservice"},{"text":"Premium-Support"},{"text":"14-t\u00e4gige Geld-zur\u00fcck-Garantie"},{"text":"Kontinuierliche kostenlose Updates"}],"button_url":"#demo","button_target_blank":"0","button_nofollow":"0","attributes":[{"name":"Installiert","content":"100,000 - 500,000"},{"name":"Reaktionsfreudig","content":"Ja"},{"name":"Kompatible Browser","content":"Firefox, Safari, Opera, Chrome, Edge"}],"tags":[],"tags_disable_links":"0","hide_more_platforms":"","video_object":"","demo_hide_cta":"0","demo_hide_cloud_options":"0","pricing_title":"","pricing":[{"pricing_icon":"platform","pricing_title":"Elfsight Apps","pricing_title_caption":"Plattform\u00fcbergreifende Version, die auf jeder Website funktioniert","pricing_price":"ab 0 $ \/ Monat","pricing_price_caption":"Beginnen Sie mit einem kostenlosen Plan","pricing_benefits":[{"text":"Unbegrenzte Websites"},{"text":"Premium-Support"},{"text":"Kostenloser Installationsservice"},{"text":"Sonderangebot f\u00fcr mehrere Apps"}],"pricing_button_text":"Zur Website hinzuf\u00fcgen","pricing_button_url":"#demo"}],"related_apps_title":"","related_apps_hidden":"0","author":"","image":[],"title":"","job":"","social_networks":[]},"_links":{"self":[{"href":"https:\/\/elfsight.com\/de\/wp-json\/wp\/v2\/pages\/16938","targetHints":{"allow":["GET"]}}],"collection":[{"href":"https:\/\/elfsight.com\/de\/wp-json\/wp\/v2\/pages"}],"about":[{"href":"https:\/\/elfsight.com\/de\/wp-json\/wp\/v2\/types\/page"}],"author":[{"embeddable":true,"href":"https:\/\/elfsight.com\/de\/wp-json\/wp\/v2\/users\/9"}],"replies":[{"embeddable":true,"href":"https:\/\/elfsight.com\/de\/wp-json\/wp\/v2\/comments?post=16938"}],"version-history":[{"count":4,"href":"https:\/\/elfsight.com\/de\/wp-json\/wp\/v2\/pages\/16938\/revisions"}],"predecessor-version":[{"id":23611,"href":"https:\/\/elfsight.com\/de\/wp-json\/wp\/v2\/pages\/16938\/revisions\/23611"}],"up":[{"embeddable":true,"href":"https:\/\/elfsight.com\/de\/wp-json\/wp\/v2\/pages\/949"}],"wp:attachment":[{"href":"https:\/\/elfsight.com\/de\/wp-json\/wp\/v2\/media?parent=16938"}],"curies":[{"name":"wp","href":"https:\/\/api.w.org\/{rel}","templated":true}]}}