{"id":16936,"date":"2024-05-03T06:33:01","date_gmt":"2024-05-03T06:33:01","guid":{"rendered":"https:\/\/elfsight.com\/de\/?page_id=16936"},"modified":"2025-01-14T08:58:30","modified_gmt":"2025-01-14T08:58:30","slug":"bigcommerce","status":"publish","type":"page","link":"https:\/\/elfsight.com\/de\/contact-form-widget\/bigcommerce\/","title":{"rendered":"Contact Form &#8211; BigCommerce"},"content":{"rendered":"\n<div class=\"application-platform-content-item-description application-platform-content-item\" id=\"description\" data-nav-section=\"description\"><h2>Kontaktformular f\u00fcr BigCommerce<\/h2><p>Unsere BigCommerce-Kontaktformular-App ist so konzipiert, dass sie alle Ihre Hauptanforderungen f\u00fcr den Erhalt von Feedback erf\u00fcllt Anfragen von Benutzern Ihrer Website. Sie k\u00f6nnen die zum Ausf\u00fcllen des Formulars erforderlichen Elemente anzeigen, die gew\u00fcnschte Vorlage ausw\u00e4hlen und das Design anpassen, um Ihre Benutzer noch mehr dazu zu ermutigen, ihre Eindr\u00fccke \u00fcber Ihre Dienstleistungen oder Ihr Unternehmen zu schreiben.<\/p><p><b>Erhalten Sie Feedback, Nehmen Sie Anfragen entgegen und beantworten Sie die Fragen Ihrer Website-Kunden!<\/b><\/p><ul><li><b>Erh\u00f6hen Sie die Anzahl potenzieller K\u00e4ufer<\/b>.<br>Gew\u00e4hrleisten Sie einen kontinuierlichen Kontakt mit zuk\u00fcnftigen Kunden rund um die Uhr. 7 \u00fcber ein einfaches Formular auf Ihrer Website und gewinnen Sie mehr Benutzer, die bestellen m\u00f6chten.<\/li><li><b>Sammeln Sie mehr Eindr\u00fccke \u00fcber Waren oder Dienstleistungen<\/b>.<br>Das Feedback Ihrer Kunden ist sehr wichtig zur Verbesserung des Gesch\u00e4ftsbetriebs. Dank unseres verf\u00fcgbaren Kontaktformulars k\u00f6nnen Sie mehr Feedback von Ihrer Website erhalten!<\/li><li><b>Entwickeln Sie Ihre Kundenkommunikation<\/b>.<br>Mit praktischen Vorlagen, adaptiver Benutzeroberfl\u00e4che und individueller Mit \u201eDankesch\u00f6n\u201c-Nachrichten zeigen Sie Ihren Kunden, wie wertvoll sie f\u00fcr Ihr Unternehmen sind.<\/li><\/ul><\/div><div class=\"application-platform-content-item-features application-platform-content-item\" id=\"features\" data-nav-section=\"features\"><h2>Funktionen des Kontaktformular-Plugins<\/h2><p>Warum ist das Elfsight-Kontaktformular die beste App, um Kundenreaktionen zu erhalten und Anfragen auf einer BigCommerce-Website zu erhalten? \u00dcberpr\u00fcfen Sie unsere Hauptmerkmale:<\/p><ul><li>Legen Sie Ihre eigenen Feldbezeichnungen fest;<\/li><li>Legen Sie eine beliebige Formularbreite fest;<\/li><li>Inline-Layout mit automatischer Anpassung der Felder an die Breite von das Formular;<\/li><li>Google reCAPTCHA sch\u00fctzt Ihr Formular vor Spam und Bots;<\/li><li>Nahtloses Design, das sofort f\u00fcr 99 % der Websites geeignet ist.<\/li><\/ul> <p><a href=\"#demo\">Probieren Sie die vollst\u00e4ndige Liste der Vorteile in unserem Editor aus<\/a><\/p><\/div><div class=\"application-platform-content-item-installation application-platform-content-item\" id=\"installation\" data-nav-section=\"installation\"><h2>So f\u00fcgen Sie die Kontaktformular-App hinzu BigCommerce-Website<\/h2><div class=\"video-container\"><iframe width=\"560\" height=\"315\" src=\"https:\/\/www.youtube.com\/embed\/-YlnfP49OpU?si=UWvxGmEfCJRE0W5x\" frameborder=\"0\" allow=\"accelerometer; autoplay; clipboard-write; encrypted-media; gyroscope; picture-in-picture; web-share\" allowfullscreen><\/iframe><\/div><p>Befolgen Sie einfach die folgenden Richtlinien, um mit der Verwendung des Widgets bei BigCommerce zu beginnen.<\/p> <ol><li><b>Starten Sie unseren kostenlosen Konfigurator und beginnen Sie mit der Gestaltung Ihre einzigartige App. <\/b><br> Bestimmen Sie das bevorzugte Formular und die Parameter des Kontaktformular-Widgets und speichern Sie die \u00c4nderungen. <\/li> <li><b>Kopieren Sie Ihren pers\u00f6nlichen Code, der im Fenster von Elfsight Apps angezeigt wird. <\/b><br> Wenn die Anpassung Ihrer pers\u00f6nlichen App abgeschlossen ist, kopieren Sie den exklusiven Code im angezeigten Fenster und speichern Sie ihn f\u00fcr eine sp\u00e4tere Gelegenheit. <\/li> <li><b>Initiieren Sie den Einsatz des Widgets auf der BigCommerce-Website. <\/b><br> F\u00fcgen Sie den k\u00fcrzlich kopierten Code in Ihre Seite ein und speichern Sie die Anpassungen. <\/li> <li><b>Die Installation wurde erfolgreich durchgef\u00fchrt. <\/b><br> Gehen Sie auf Ihre Seite, um die Funktionsweise des App-Plugins in Aktion zu sehen. <\/li><\/ol><p>Haben Sie Probleme bei der Anwendung der Anleitung oder der Installation Ihres Formulars? Es wird dringend empfohlen, ein ausf\u00fchrliches Handbuch zu lesen: noreferrer&#8220;&gt;So f\u00fcgen Sie ein Kontaktformular zu einer BigCommerce-Website hinzu<\/a>\u00bb und nutzen Sie die zweite Chance, es selbst einzubetten, oder wenden Sie sich mit einer vollst\u00e4ndigen Beschreibung Ihres Problems an das Elfsight-Supportcenter. Unser Team ber\u00e4t Sie gerne.<\/p><div class=\"faq\" data-component=\"FAQ\"> <div class=\"faq-item\">\r\n\t\t\t\t\t<div class=\"faq-item-question\">\r\n\t\t\t\t\t\t<h3 class=\"faq-item-question-text\">Wie kann ich ohne Programmierkenntnisse ein Kontaktformular zu meiner BigCommerce-Website hinzuf\u00fcgen?<\/h3>\r\n\r\n\t\t\t\t\t\t<div class=\"faq-item-question-icon\"><\/div>\r\n\t\t\t\t\t<\/div>\r\n\r\n\t\t\t\t\t<div class=\"faq-item-answer\">\r\n\t\t\t\t\t\t<div class=\"faq-item-answer-text\"> <p>Elfsight bietet eine SaaS-L\u00f6sung, mit der Sie selbst ein Kontaktformular-Widget erstellen k\u00f6nnen. Sehen Sie, wie einfach der Vorgang ist : Arbeiten Sie direkt im Online-Editor, um ein Kontaktformular-Widget zu erstellen, das Sie gerne auf Ihrer BigCommerce-Website sehen w\u00fcrden. W\u00e4hlen Sie eine der vorgefertigten Vorlagen aus und passen Sie die Einstellungen des Kontaktformulars an, f\u00fcgen Sie Ihre Inhalte hinzu, \u00e4ndern Sie das Layout und das Farbschema ohne Programmierkenntnisse. Speichern Sie das Kontaktformular und kopieren Sie den Installationscode, damit Sie es m\u00fchelos auf Ihrer BigCommerce-Website hinzuf\u00fcgen k\u00f6nnen, ohne einen kostenpflichtigen Plan kaufen zu m\u00fcssen. Mit unserem intuitiven Editor kann jeder Internetnutzer online ein Kontaktformular-Widget erstellen und es einfach in seine BigCommerce-Website einbetten. Sie m\u00fcssen weder bezahlen noch Ihre Kartendaten eingeben, um auf den Service zuzugreifen. Wenn Sie bei irgendeinem Schritt auf Probleme sto\u00dfen, wenden Sie sich bitte an unser technisches Support-Team.<\/p> <\/div>\r\n\t\t\t\t\t<\/div>\r\n\t\t\t\t<\/div> <div class=\"faq-item\">\r\n\t\t\t\t\t<div class=\"faq-item-question\">\r\n\t\t\t\t\t\t<h3 class=\"faq-item-question-text\">Gibt es Kontaktformularvorlagen f\u00fcr die BigCommerce-Website?<\/h3>\r\n\r\n\t\t\t\t\t\t<div class=\"faq-item-question-icon\"><\/div>\r\n\t\t\t\t\t<\/div>\r\n\r\n\t\t\t\t\t<div class=\"faq-item-answer\">\r\n\t\t\t\t\t\t<div class=\"faq-item-answer-text\"><p>Ja, es gibt! Das Elfsight-Team hat eine gro\u00dfartige Sammlung von \u00fcber 300 gebrauchsfertigen Vorlagen erstellt. Und Sie werden von den <a href=\"https:\/\/elfsight.com\/online-form-builder\/templates\/contact-forms\/\">Kontaktformularvorlagen<\/a> mit Sicherheit nicht entt\u00e4uscht sein.<\/p> <\/div>\r\n\t\t\t\t\t<\/div>\r\n\t\t\t\t<\/div><\/div> <\/div>\n","protected":false},"excerpt":{"rendered":"","protected":false},"author":9,"featured_media":0,"parent":949,"menu_order":0,"comment_status":"closed","ping_status":"closed","template":"templates\/template-application-platform.php","meta":{"publish_to_discourse":"","publish_post_category":"","wpdc_auto_publish_overridden":"","wpdc_topic_tags":"","wpdc_pin_topic":"","wpdc_pin_until":"","discourse_post_id":"","discourse_permalink":"","wpdc_publishing_response":"","wpdc_publishing_error":"","footnotes":""},"class_list":["post-16936","page","type-page","status-publish","hentry"],"yoast_head":"<!-- This site is optimized with the Yoast SEO plugin v25.3.1 - https:\/\/yoast.com\/wordpress\/plugins\/seo\/ -->\n<title>Erstellen Sie kostenlos ein Kontaktformular bei BigCommerce und f\u00fcgen Sie es hinzu!<\/title>\n<meta name=\"description\" content=\"Erstellen Sie Ihre pers\u00f6nliche Kontaktformular-App f\u00fcr BigCommerce und zeigen Sie sie in nur 1 Minute auf Ihrer Website an. Kostenlose Demo, Hilfe bei der Einstellung und weitere Extras von Elfsight!\" \/>\n<meta name=\"robots\" content=\"index, follow, max-snippet:-1, max-image-preview:large, max-video-preview:-1\" \/>\n<link rel=\"canonical\" href=\"https:\/\/elfsight.com\/de\/contact-form-widget\/bigcommerce\/\" \/>\n<meta property=\"og:locale\" content=\"de_DE\" \/>\n<meta property=\"og:type\" content=\"article\" \/>\n<meta property=\"og:title\" content=\"Erstellen Sie kostenlos ein Kontaktformular bei BigCommerce und f\u00fcgen Sie es hinzu!\" \/>\n<meta property=\"og:description\" content=\"Erstellen Sie Ihre pers\u00f6nliche Kontaktformular-App f\u00fcr BigCommerce und zeigen Sie sie in nur 1 Minute auf Ihrer Website an. Kostenlose Demo, Hilfe bei der Einstellung und weitere Extras von Elfsight!\" \/>\n<meta property=\"og:url\" content=\"https:\/\/elfsight.com\/de\/contact-form-widget\/bigcommerce\/\" \/>\n<meta property=\"og:site_name\" content=\"Elfsight DE\" \/>\n<meta property=\"article:modified_time\" content=\"2025-01-14T08:58:30+00:00\" \/>\n<meta name=\"twitter:card\" content=\"summary_large_image\" \/>\n<meta name=\"twitter:label1\" content=\"Gesch\u00e4tzte Lesezeit\" \/>\n\t<meta name=\"twitter:data1\" content=\"4\u00a0Minuten\" \/>\n<!-- \/ Yoast SEO plugin. -->","yoast_head_json":{"title":"Erstellen Sie kostenlos ein Kontaktformular bei BigCommerce und f\u00fcgen Sie es hinzu!","description":"Erstellen Sie Ihre pers\u00f6nliche Kontaktformular-App f\u00fcr BigCommerce und zeigen Sie sie in nur 1 Minute auf Ihrer Website an. Kostenlose Demo, Hilfe bei der Einstellung und weitere Extras von Elfsight!","robots":{"index":"index","follow":"follow","max-snippet":"max-snippet:-1","max-image-preview":"max-image-preview:large","max-video-preview":"max-video-preview:-1"},"canonical":"https:\/\/elfsight.com\/de\/contact-form-widget\/bigcommerce\/","og_locale":"de_DE","og_type":"article","og_title":"Erstellen Sie kostenlos ein Kontaktformular bei BigCommerce und f\u00fcgen Sie es hinzu!","og_description":"Erstellen Sie Ihre pers\u00f6nliche Kontaktformular-App f\u00fcr BigCommerce und zeigen Sie sie in nur 1 Minute auf Ihrer Website an. Kostenlose Demo, Hilfe bei der Einstellung und weitere Extras von Elfsight!","og_url":"https:\/\/elfsight.com\/de\/contact-form-widget\/bigcommerce\/","og_site_name":"Elfsight DE","article_modified_time":"2025-01-14T08:58:30+00:00","twitter_card":"summary_large_image","twitter_misc":{"Gesch\u00e4tzte Lesezeit":"4\u00a0Minuten"},"schema":{"@context":"https:\/\/schema.org","@graph":[{"@type":"WebPage","@id":"https:\/\/elfsight.com\/de\/contact-form-widget\/bigcommerce\/","url":"https:\/\/elfsight.com\/de\/contact-form-widget\/bigcommerce\/","name":"Erstellen Sie kostenlos ein Kontaktformular bei BigCommerce und f\u00fcgen Sie es hinzu!","isPartOf":{"@id":"https:\/\/elfsight.com\/de\/#website"},"datePublished":"2024-05-03T06:33:01+00:00","dateModified":"2025-01-14T08:58:30+00:00","description":"Erstellen Sie Ihre pers\u00f6nliche Kontaktformular-App f\u00fcr BigCommerce und zeigen Sie sie in nur 1 Minute auf Ihrer Website an. Kostenlose Demo, Hilfe bei der Einstellung und weitere Extras von Elfsight!","breadcrumb":{"@id":"https:\/\/elfsight.com\/de\/contact-form-widget\/bigcommerce\/#breadcrumb"},"inLanguage":"de","potentialAction":[{"@type":"ReadAction","target":["https:\/\/elfsight.com\/de\/contact-form-widget\/bigcommerce\/"]}]},{"@type":"BreadcrumbList","@id":"https:\/\/elfsight.com\/de\/contact-form-widget\/bigcommerce\/#breadcrumb","itemListElement":[{"@type":"ListItem","position":1,"name":"Home","item":"https:\/\/elfsight.com\/de\/"},{"@type":"ListItem","position":2,"name":"Contact Form","item":"https:\/\/elfsight.com\/de\/contact-form-widget\/"},{"@type":"ListItem","position":3,"name":"Contact Form &#8211; BigCommerce"}]},{"@type":"WebSite","@id":"https:\/\/elfsight.com\/de\/#website","url":"https:\/\/elfsight.com\/de\/","name":"Elfsight DE","description":"Just another Elfsight Sites site","potentialAction":[{"@type":"SearchAction","target":{"@type":"EntryPoint","urlTemplate":"https:\/\/elfsight.com\/de\/?s={search_term_string}"},"query-input":{"@type":"PropertyValueSpecification","valueRequired":true,"valueName":"search_term_string"}}],"inLanguage":"de"}]}},"meta_box":{"industry":"","seo_heading":"","heading":"","description":"","cta_heading":"","cta_description":"","application":"465","h1":"Kontaktformular-App f\u00fcr BigCommerce","h1_caption":"Erstellen Sie ganz einfach Kontaktformulare und betten Sie sie in Ihre Website ein, um die Benutzerinteraktion und Anfragen auf Ihrer BigCommerce-Website m\u00fchelos zu f\u00f6rdern.","application_category":[],"applications_title":"","applications_request_title":"","applications_request_button_text":"","hero_text":"","hero_video":"","hero_video_schema_markup":"","selling_points_title":"","selling_points_caption":"","selling_points":[],"selling_points_cta_text":"","features_title":"","features":"","ed_cta_examples_text":"","ed_cta_examples_hidden":"","ed_cta_demo_text":"","ed_cta_demo_hidden":"","why_caption":"","why_editor_title":"","why_editor_text":"","why_team_title":"","why_team_text":"","why_service_title":"","why_service_text":"","template_catalog_visible":"0","template_catalog_title":"","template_catalog_text":"","template_catalog_categories_visible":"","demo_title":"Erstellen Sie Ihre Kontaktformular-App","demo_caption":"Konfigurieren Sie Ihr Kontaktformular und f\u00fcgen Sie es kostenlos zu Ihrer BigCommerce-Website hinzu!","default_faq_hidden":"","app_template_category":[],"platform":"268","template_public_id":"","codecanyon_url":"","codecanyon_item_id":"","codecanyon_price":"","pricing_caption":"","pricing_elfsight_apps_hide_column":"","pricing_elfsight_apps_url":"","pricing_codecanyon_price_caption":"","integration_category":[],"integration_request_title":"","integration_request_cta":"","integration_platform":"","integrations":[],"platform_category":[],"video_schema_markup":"","price":"ab 0 $ \/ Monat","trial":"","benefits":[{"text":"Kostenloser Installationsservice"},{"text":"Effektiver Kundenservice"},{"text":"14-t\u00e4gige R\u00fcckerstattungsgarantie"},{"text":"Laufende Verbesserungen"}],"button_url":"#demo","button_target_blank":"0","button_nofollow":"0","attributes":[{"name":"Installiert","content":"100,000 - 500,000"},{"name":"Reaktionsfreudig","content":"Ja"},{"name":"Kompatible Browser","content":"Firefox, Safari, Opera, Chrome, Edge"}],"tags":[],"tags_disable_links":"0","hide_more_platforms":"","video_object":"","demo_hide_cta":"0","demo_hide_cloud_options":"0","pricing_title":"","pricing":[{"pricing_icon":"platform","pricing_title":"Elfsight Apps","pricing_title_caption":"Plattformunabh\u00e4ngige Version","pricing_price":"ab 0 $ \/ Monat","pricing_price_caption":"Beginnen Sie mit einem kostenlosen Plan","pricing_benefits":[{"text":"Unbegrenzte Websites"},{"text":"Premium-Support und gut dokumentiert"},{"text":"Kostenlose Installationsunterst\u00fctzung"},{"text":"Vollst\u00e4ndig anpassbar"}],"pricing_button_text":"Zur Website hinzuf\u00fcgen","pricing_button_url":"#demo"}],"related_apps_title":"","related_apps_hidden":"0","author":"","image":[],"title":"","job":"","social_networks":[]},"_links":{"self":[{"href":"https:\/\/elfsight.com\/de\/wp-json\/wp\/v2\/pages\/16936","targetHints":{"allow":["GET"]}}],"collection":[{"href":"https:\/\/elfsight.com\/de\/wp-json\/wp\/v2\/pages"}],"about":[{"href":"https:\/\/elfsight.com\/de\/wp-json\/wp\/v2\/types\/page"}],"author":[{"embeddable":true,"href":"https:\/\/elfsight.com\/de\/wp-json\/wp\/v2\/users\/9"}],"replies":[{"embeddable":true,"href":"https:\/\/elfsight.com\/de\/wp-json\/wp\/v2\/comments?post=16936"}],"version-history":[{"count":4,"href":"https:\/\/elfsight.com\/de\/wp-json\/wp\/v2\/pages\/16936\/revisions"}],"predecessor-version":[{"id":23582,"href":"https:\/\/elfsight.com\/de\/wp-json\/wp\/v2\/pages\/16936\/revisions\/23582"}],"up":[{"embeddable":true,"href":"https:\/\/elfsight.com\/de\/wp-json\/wp\/v2\/pages\/949"}],"wp:attachment":[{"href":"https:\/\/elfsight.com\/de\/wp-json\/wp\/v2\/media?parent=16936"}],"curies":[{"name":"wp","href":"https:\/\/api.w.org\/{rel}","templated":true}]}}