{"id":16935,"date":"2024-05-03T06:33:00","date_gmt":"2024-05-03T06:33:00","guid":{"rendered":"https:\/\/elfsight.com\/de\/?page_id=16935"},"modified":"2025-01-14T09:14:04","modified_gmt":"2025-01-14T09:14:04","slug":"blogger","status":"publish","type":"page","link":"https:\/\/elfsight.com\/de\/contact-form-widget\/blogger\/","title":{"rendered":"Contact Form &#8211; Blogger"},"content":{"rendered":"\n<div class=\"application-platform-content-item-description application-platform-content-item\" id=\"description\" data-nav-section=\"description\"><h2>Kontaktformular f\u00fcr Blogger<\/h2><p>Das Elfsight-Kontakt-Widget f\u00fcr Blogger ist ein Tool, das Sie bei allen aktuellen Anforderungen unterst\u00fctzen soll Erhalten Sie Eindr\u00fccke und Anfragen von Benutzern Ihrer Website. Zeigen Sie die zum Ausf\u00fcllen erforderlichen Komponenten an, w\u00e4hlen Sie die gew\u00fcnschte Vorlage aus und gestalten Sie die Benutzeroberfl\u00e4che, um Ihre Kunden noch mehr zu inspirieren, Anforderungen an die Dienstleistungen Ihres Unternehmens zu stellen. Unser Formular-Plugin ist darauf ausgelegt, alle Ihre Anforderungen zu erf\u00fcllen, Feedback zu sammeln und mit Ihrem Publikum auf dem Laufenden zu bleiben. <\/p><ul><li><b>Reformieren Sie die Lead-Generierung<\/b>.<br>Bleiben Sie mit Ihren potenziellen Kunden in Kontakt und inspirieren Sie sie, Ihnen jederzeit \u00fcber das Formular-Plugin eine Nachricht zu senden. Eine geringere Anzahl von Zeilen f\u00fchrt tendenziell zu den h\u00f6chsten Conversions.<\/li><li><b>Blockieren Sie Spam<\/b>.<br>Behalten Sie nur organische Kontakte bei, indem Sie den hochwirksamen Google reCAPTCHA-Dienst zum Schutz vor Spam und Bots anwenden.<\/li><li><b>Erhalten Sie ganz einfach Kundenfeedback<\/b>.<br>Erstellen Sie ein bemerkenswertes Formular-Plugin, damit es frei auf Ihrer Website verf\u00fcgbar ist und Ihre Besucher dazu inspiriert, Ihnen jederzeit Feedback zu geben.<\/li><\/ul><\/div><div class=\"application-platform-content-item-features application-platform-content-item\" id=\"features\" data-nav-section=\"features\"><h2>Funktionen des Kontaktformular-Plugins<\/h2><p>Was macht unser Kontaktformular zum besten Widget f\u00fcr den Empfang von Bewertungen und Anfragen f\u00fcr Blogger? Lesen Sie mehr \u00fcber unsere Hauptvorteile:<\/p><ul><li>Geben Sie einen Platzhalter f\u00fcr jedes Feld an, um beispielsweise das erforderliche Format anzuzeigen;<\/li><li>Verstecken Sie die Kopfzeile;<\/li><li>5 Enthaltene Gesichtsfeldstile: klassisch, flach, materiell, klassisch abgerundet, flach abgerundet;<\/li><li>Legen Sie einen Text fest, der nach erfolgreicher \u00dcbermittlung der Nachricht angezeigt wird;<\/li><li>Funktioniert und sieht auf Mobilger\u00e4ten perfekt aus Ger\u00e4te.<\/li><\/ul><p><a href=\"#demo\">Lernen Sie die gesamte Liste der Funktionen in unserer Demo kennen<\/a><\/p><\/div><div class=\"application-platform-content-item-Installation application-platform-content-item\" id=\"Installation\" data-nav-section=\"Installation\"><h2>So f\u00fcgen Sie das Kontaktformular-Widget zur Blogger-Website hinzu<\/h2><div class=\"video-container\"><iframe width=\"560\" height=\"315\" src=\"https:\/\/www.youtube.com\/embed\/HZkBJnGfsFk?si=wXiCVzvjmGdc2OUS\" frameborder=\"0\" allow=\"accelerometer; autoplay; clipboard-write; encrypted-media; gyroscope; picture-in-picture; web-share\" allowfullscreen><\/iframe><\/div><p>Befolgen Sie eine von unserem Team erstellte Anleitung, um das Kontakt-Widget auf Ihrer Website anzuzeigen. Kenntnisse in der Webentwicklung sind hierf\u00fcr nicht erforderlich. Die durchschnittliche Einrichtungszeit betr\u00e4gt nicht mehr als etwa 2 Minuten.<\/p><ol><li><b>Entwerfen Sie Ihr einzigartiges Kontakt-Widget<\/b>.<br>Generieren Sie mit unserem kostenlosen Editor ein Plugin mit dem gew\u00fcnschten Layout und Kapazit\u00e4ten.<\/li><li><b>Erhalten Sie den Code f\u00fcr die Integration des Plugins<\/b>.<br>Besorgen Sie sich nach der Widget-Einstellung einen Code f\u00fcr das Formular-Plugin aus dem erscheinenden Fenster von Elfsight Apps.<\/li><li><b>Zeigen Sie das Plugin auf der Blogger-Website an.<\/b>.<br>Betten Sie das Plugin an der gew\u00fcnschten Stelle der Seite ein und \u00fcbernehmen Sie die \u00c4nderungen.<\/li><li><b>Sie haben das vollst\u00e4ndig durchgef\u00fchrt Installation<\/b>.<br>Betreten Sie Ihre Website, um Ihr Formular zu \u00fcberpr\u00fcfen.<\/li><\/ol><p>Sehen Sie irgendwelche Hindernisse, w\u00e4hrend Sie dem Tutorial folgen oder Ihr Formular erstellen? Es kann hilfreich sein, ein vollst\u00e4ndiges Tutorial zu studieren <a href=\"https:\/\/elfsight.com\/tutorials\/how-to-add-contact-form-widget-to-blogger\/\" target=\"_blank\" rel=\"noopener noreferrer\">&#8222;So zeigen Sie das Kontaktformular auf einer Blogger-Website an&#8220;<\/a>. Versuchen Sie dann, es noch einmal selbst hinzuzuf\u00fcgen, oder wenden Sie sich mit einer detaillierten Beschreibung Ihrer Frage an unser Hilfezentrum. Sie werden ihr Bestes tun, um das Problem zu l\u00f6sen .<\/p><div class=\"faq\" data-component=\"FAQ\"> <div class=\"faq-item\">\r\n\t\t\t\t\t<div class=\"faq-item-question\">\r\n\t\t\t\t\t\t<h3 class=\"faq-item-question-text\">Wie kann ich ohne Programmierkenntnisse ein Kontaktformular zu meiner Blogger-Website hinzuf\u00fcgen?<\/h3>\r\n\r\n\t\t\t\t\t\t<div class=\"faq-item-question-icon\"><\/div>\r\n\t\t\t\t\t<\/div>\r\n\r\n\t\t\t\t\t<div class=\"faq-item-answer\">\r\n\t\t\t\t\t\t<div class=\"faq-item-answer-text\"> <p>Elfsight bietet eine SaaS-L\u00f6sung, mit der Sie selbst ein Kontaktformular-Widget erstellen k\u00f6nnen. Sehen Sie, wie einfach es ist Der Vorgang ist: Arbeiten Sie direkt im Online-Editor, um ein Kontaktformular-Widget zu erstellen, das Sie auf Ihrer Blogger-Website sehen m\u00f6chten. W\u00e4hlen Sie eine der vorgefertigten Vorlagen aus und passen Sie die Einstellungen des Kontaktformulars an, f\u00fcgen Sie Ihre Inhalte hinzu, \u00e4ndern Sie das Layout und das Farbschema ohne Programmierkenntnisse. Speichern Sie das Kontaktformular und kopieren Sie den Installationscode, den Sie einfach in Ihre Blogger-Website einbetten k\u00f6nnen, ohne ein kostenpflichtiges Abonnement zu erwerben. Mit unserem intuitiven Editor kann jeder Internetnutzer online ein Kontaktformular-Widget erstellen und es einfach in seine Blogger-Website einbetten. Sie m\u00fcssen weder bezahlen noch Ihre Kartendaten eingeben, um auf den Service zuzugreifen. Sollten bei irgendeinem Schritt Probleme auftreten, wenden Sie sich bitte an unser technisches Support-Team.<\/p> <\/div>\r\n\t\t\t\t\t<\/div>\r\n\t\t\t\t<\/div><div class=\"faq-item\">\r\n\t\t\t\t\t<div class=\"faq-item-question\">\r\n\t\t\t\t\t\t<h3 class=\"faq-item-question-text\">Verf\u00fcgen Sie \u00fcber gebrauchsfertige Kontaktformularvorlagen f\u00fcr die Blogger-Website?<\/h3>\r\n\r\n\t\t\t\t\t\t<div class=\"faq-item-question-icon\"><\/div>\r\n\t\t\t\t\t<\/div>\r\n\r\n\t\t\t\t\t<div class=\"faq-item-answer\">\r\n\t\t\t\t\t\t<div class=\"faq-item-answer-text\"><p>Ja, es gibt eine gro\u00dfe Auswahl von \u00fcber 300 Vorlagen, um Zeit bei der Erstellung eines Formulars von Grund auf zu sparen. Schauen Sie sich <a href=\"https:\/\/elfsight.com\/online-form-builder\/templates\/contact-forms\/\">Kontaktformularvorlagen<\/a> f\u00fcr jeden Anlass an und finden Sie das, das Ihren Erwartungen entspricht.<\/p><\/div>\r\n\t\t\t\t\t<\/div>\r\n\t\t\t\t<\/div> <\/div> <\/div>\n","protected":false},"excerpt":{"rendered":"","protected":false},"author":9,"featured_media":0,"parent":949,"menu_order":0,"comment_status":"closed","ping_status":"closed","template":"templates\/template-application-platform.php","meta":{"publish_to_discourse":"","publish_post_category":"","wpdc_auto_publish_overridden":"","wpdc_topic_tags":"","wpdc_pin_topic":"","wpdc_pin_until":"","discourse_post_id":"","discourse_permalink":"","wpdc_publishing_response":"","wpdc_publishing_error":"","footnotes":""},"class_list":["post-16935","page","type-page","status-publish","hentry"],"yoast_head":"<!-- This site is optimized with the Yoast SEO plugin v25.3.1 - https:\/\/yoast.com\/wordpress\/plugins\/seo\/ -->\n<title>Erstellen Sie kostenlos ein Kontaktformular auf Blogger und f\u00fcgen Sie es hinzu!<\/title>\n<meta name=\"description\" content=\"Generieren Sie Ihr einzigartiges Kontaktformular-Widget f\u00fcr Blogger und f\u00fcgen Sie es in nur 2 Minuten zu Ihrer Website hinzu. Kostenloser Editor, Hilfe bei der Integration und viele weitere verschiedene Boni von Elfsight!\" \/>\n<meta name=\"robots\" content=\"index, follow, max-snippet:-1, max-image-preview:large, max-video-preview:-1\" \/>\n<link rel=\"canonical\" href=\"https:\/\/elfsight.com\/de\/contact-form-widget\/blogger\/\" \/>\n<meta property=\"og:locale\" content=\"de_DE\" \/>\n<meta property=\"og:type\" content=\"article\" \/>\n<meta property=\"og:title\" content=\"Erstellen Sie kostenlos ein Kontaktformular auf Blogger und f\u00fcgen Sie es hinzu!\" \/>\n<meta property=\"og:description\" content=\"Generieren Sie Ihr einzigartiges Kontaktformular-Widget f\u00fcr Blogger und f\u00fcgen Sie es in nur 2 Minuten zu Ihrer Website hinzu. Kostenloser Editor, Hilfe bei der Integration und viele weitere verschiedene Boni von Elfsight!\" \/>\n<meta property=\"og:url\" content=\"https:\/\/elfsight.com\/de\/contact-form-widget\/blogger\/\" \/>\n<meta property=\"og:site_name\" content=\"Elfsight DE\" \/>\n<meta property=\"article:modified_time\" content=\"2025-01-14T09:14:04+00:00\" \/>\n<meta name=\"twitter:card\" content=\"summary_large_image\" \/>\n<meta name=\"twitter:label1\" content=\"Gesch\u00e4tzte Lesezeit\" \/>\n\t<meta name=\"twitter:data1\" content=\"4\u00a0Minuten\" \/>\n<!-- \/ Yoast SEO plugin. -->","yoast_head_json":{"title":"Erstellen Sie kostenlos ein Kontaktformular auf Blogger und f\u00fcgen Sie es hinzu!","description":"Generieren Sie Ihr einzigartiges Kontaktformular-Widget f\u00fcr Blogger und f\u00fcgen Sie es in nur 2 Minuten zu Ihrer Website hinzu. Kostenloser Editor, Hilfe bei der Integration und viele weitere verschiedene Boni von Elfsight!","robots":{"index":"index","follow":"follow","max-snippet":"max-snippet:-1","max-image-preview":"max-image-preview:large","max-video-preview":"max-video-preview:-1"},"canonical":"https:\/\/elfsight.com\/de\/contact-form-widget\/blogger\/","og_locale":"de_DE","og_type":"article","og_title":"Erstellen Sie kostenlos ein Kontaktformular auf Blogger und f\u00fcgen Sie es hinzu!","og_description":"Generieren Sie Ihr einzigartiges Kontaktformular-Widget f\u00fcr Blogger und f\u00fcgen Sie es in nur 2 Minuten zu Ihrer Website hinzu. Kostenloser Editor, Hilfe bei der Integration und viele weitere verschiedene Boni von Elfsight!","og_url":"https:\/\/elfsight.com\/de\/contact-form-widget\/blogger\/","og_site_name":"Elfsight DE","article_modified_time":"2025-01-14T09:14:04+00:00","twitter_card":"summary_large_image","twitter_misc":{"Gesch\u00e4tzte Lesezeit":"4\u00a0Minuten"},"schema":{"@context":"https:\/\/schema.org","@graph":[{"@type":"WebPage","@id":"https:\/\/elfsight.com\/de\/contact-form-widget\/blogger\/","url":"https:\/\/elfsight.com\/de\/contact-form-widget\/blogger\/","name":"Erstellen Sie kostenlos ein Kontaktformular auf Blogger und f\u00fcgen Sie es hinzu!","isPartOf":{"@id":"https:\/\/elfsight.com\/de\/#website"},"datePublished":"2024-05-03T06:33:00+00:00","dateModified":"2025-01-14T09:14:04+00:00","description":"Generieren Sie Ihr einzigartiges Kontaktformular-Widget f\u00fcr Blogger und f\u00fcgen Sie es in nur 2 Minuten zu Ihrer Website hinzu. Kostenloser Editor, Hilfe bei der Integration und viele weitere verschiedene Boni von Elfsight!","breadcrumb":{"@id":"https:\/\/elfsight.com\/de\/contact-form-widget\/blogger\/#breadcrumb"},"inLanguage":"de","potentialAction":[{"@type":"ReadAction","target":["https:\/\/elfsight.com\/de\/contact-form-widget\/blogger\/"]}]},{"@type":"BreadcrumbList","@id":"https:\/\/elfsight.com\/de\/contact-form-widget\/blogger\/#breadcrumb","itemListElement":[{"@type":"ListItem","position":1,"name":"Home","item":"https:\/\/elfsight.com\/de\/"},{"@type":"ListItem","position":2,"name":"Contact Form","item":"https:\/\/elfsight.com\/de\/contact-form-widget\/"},{"@type":"ListItem","position":3,"name":"Contact Form &#8211; Blogger"}]},{"@type":"WebSite","@id":"https:\/\/elfsight.com\/de\/#website","url":"https:\/\/elfsight.com\/de\/","name":"Elfsight DE","description":"Just another Elfsight Sites site","potentialAction":[{"@type":"SearchAction","target":{"@type":"EntryPoint","urlTemplate":"https:\/\/elfsight.com\/de\/?s={search_term_string}"},"query-input":{"@type":"PropertyValueSpecification","valueRequired":true,"valueName":"search_term_string"}}],"inLanguage":"de"}]}},"meta_box":{"industry":"","seo_heading":"","heading":"","description":"","cta_heading":"","cta_description":"","application":"465","h1":"Kontaktformular-Widget f\u00fcr Blogger","h1_caption":"Erstellen Sie ganz einfach Kontaktformulare und betten Sie sie in Ihre Website ein, um die Benutzerinteraktion und Anfragen auf Ihrer Blogger-Website m\u00fchelos zu f\u00f6rdern.","application_category":[],"applications_title":"","applications_request_title":"","applications_request_button_text":"","hero_text":"","hero_video":"","hero_video_schema_markup":"","selling_points_title":"","selling_points_caption":"","selling_points":[],"selling_points_cta_text":"","features_title":"","features":"","ed_cta_examples_text":"","ed_cta_examples_hidden":"","ed_cta_demo_text":"","ed_cta_demo_hidden":"","why_caption":"","why_editor_title":"","why_editor_text":"","why_team_title":"","why_team_text":"","why_service_title":"","why_service_text":"","template_catalog_visible":"0","template_catalog_title":"","template_catalog_text":"","template_catalog_categories_visible":"","demo_title":"Erstellen Sie Ihr Kontaktformular-Widget","demo_caption":"Konfigurieren Sie Ihr Kontaktformular und f\u00fcgen Sie es kostenlos zu Ihrer Blogger-Website hinzu!","default_faq_hidden":"","app_template_category":[],"platform":"262","template_public_id":"","codecanyon_url":"","codecanyon_item_id":"","codecanyon_price":"","pricing_caption":"","pricing_elfsight_apps_hide_column":"","pricing_elfsight_apps_url":"","pricing_codecanyon_price_caption":"","integration_category":[],"integration_request_title":"","integration_request_cta":"","integration_platform":"","integrations":[],"platform_category":[],"video_schema_markup":"","price":"ab 0 $ \/ Monat","trial":"","benefits":[{"text":"Kostenloser Installationsservice"},{"text":"Erfahrener Kundensupport"},{"text":"14-t\u00e4gige Geld-zur\u00fcck-Garantie"},{"text":"St\u00e4ndige Aktualisierung"}],"button_url":"#demo","button_target_blank":"0","button_nofollow":"0","attributes":[{"name":"Installiert","content":"100,000 - 500,000"},{"name":"Reaktionsfreudig","content":"Ja"},{"name":"Kompatible Browser","content":"Firefox, Safari, Opera, Chrome, Edge"}],"tags":[],"tags_disable_links":"0","hide_more_platforms":"","video_object":"","demo_hide_cta":"0","demo_hide_cloud_options":"0","pricing_title":"","pricing":[{"pricing_icon":"platform","pricing_title":"Blogger widget","pricing_title_caption":"Plattformunabh\u00e4ngige digitale L\u00f6sung, die f\u00fcr jeden Standort geeignet ist","pricing_price":"ab 0 $ \/ Monat","pricing_price_caption":"Beginnen Sie mit einem kostenlosen Plan","pricing_benefits":[{"text":"Unbegrenzte Domains"},{"text":"Professionelle Unternehmensunterst\u00fctzung"},{"text":"Kostenloser Installationsservice"},{"text":"Flexibles Design"}],"pricing_button_text":"Zur Website hinzuf\u00fcgen","pricing_button_url":"#demo"}],"related_apps_title":"","related_apps_hidden":"0","author":"","image":[],"title":"","job":"","social_networks":[]},"_links":{"self":[{"href":"https:\/\/elfsight.com\/de\/wp-json\/wp\/v2\/pages\/16935","targetHints":{"allow":["GET"]}}],"collection":[{"href":"https:\/\/elfsight.com\/de\/wp-json\/wp\/v2\/pages"}],"about":[{"href":"https:\/\/elfsight.com\/de\/wp-json\/wp\/v2\/types\/page"}],"author":[{"embeddable":true,"href":"https:\/\/elfsight.com\/de\/wp-json\/wp\/v2\/users\/9"}],"replies":[{"embeddable":true,"href":"https:\/\/elfsight.com\/de\/wp-json\/wp\/v2\/comments?post=16935"}],"version-history":[{"count":6,"href":"https:\/\/elfsight.com\/de\/wp-json\/wp\/v2\/pages\/16935\/revisions"}],"predecessor-version":[{"id":23587,"href":"https:\/\/elfsight.com\/de\/wp-json\/wp\/v2\/pages\/16935\/revisions\/23587"}],"up":[{"embeddable":true,"href":"https:\/\/elfsight.com\/de\/wp-json\/wp\/v2\/pages\/949"}],"wp:attachment":[{"href":"https:\/\/elfsight.com\/de\/wp-json\/wp\/v2\/media?parent=16935"}],"curies":[{"name":"wp","href":"https:\/\/api.w.org\/{rel}","templated":true}]}}