{"id":16930,"date":"2024-05-03T06:32:59","date_gmt":"2024-05-03T06:32:59","guid":{"rendered":"https:\/\/elfsight.com\/de\/?page_id=16930"},"modified":"2025-01-14T09:15:52","modified_gmt":"2025-01-14T09:15:52","slug":"drupal","status":"publish","type":"page","link":"https:\/\/elfsight.com\/de\/contact-form-widget\/drupal\/","title":{"rendered":"Contact Form &#8211; Drupal"},"content":{"rendered":"\n<div class=\"application-platform-content-item-description application-platform-content-item\" id=\"description\" data-nav-section=\"description\"><h2>Kontaktformular f\u00fcr Drupal<\/h2><p>Das Elfsight-Kontaktmodul f\u00fcr Drupal ist ein Plugin, das Ihnen bei allen laufenden Anforderungen helfen soll Eindr\u00fccke und Anfragen von Kunden auf Ihrer Website. Zeigen Sie die zum Ausf\u00fcllen ben\u00f6tigten Teile an, finden Sie die gew\u00fcnschte Vorlage und personalisieren Sie die Benutzeroberfl\u00e4che, um Ihre Kunden noch mehr zu motivieren, Anfragen f\u00fcr Dienstleistungen Ihres Unternehmens zu hinterlassen. Das Formular-Plugin wurde entwickelt, um alle Ihre Anforderungen zu erf\u00fcllen, Feedback zu sammeln und immer mit Ihren Kunden in Kontakt zu bleiben.<\/p><ul><li><b>Verbessern Sie die Lead-Generierung<\/b>.<br>Bleiben Sie auf dem Laufenden Ihre potenziellen Kunden werden dazu angeregt, jederzeit \u00fcber das Kontaktmodul mit Ihnen zu kommunizieren. Eine geringere Anzahl von Feldern f\u00fchrt zu maximaler Konvertierung.<\/li><li><b>Machen Sie Spam ein Ende<\/b>.<br>Bewahren Sie nur organische Konversationen mit dem hochwirksamen Google reCAPTCHA-Dienst zum Schutz vor Spam und Bots. <\/li><li><b>Holen Sie sich bequem Feedback<\/b>.<br>Erstellen Sie ein auff\u00e4lliges Formular-Plugin, damit es auf den Seiten Ihrer Website leicht zu finden ist und Ihre Benutzer dazu inspiriert, Ihnen jederzeit Feedback zu geben, wenn sie es f\u00fcr notwendig halten .<\/li><\/ul><\/div><div class=\"application-platform-content-item-features application-platform-content-item\" id=\"features\" data-nav-section=\"features\"><h2>Funktionen des Kontaktformular-Plugins<\/h2><p>Warum ist das Elfsight-Kontaktformular das beste Modul, um Benutzereindr\u00fccke zu erhalten und zu empfangen? Bestellung f\u00fcr Drupal? \u00dcberpr\u00fcfen Sie unsere Hauptmerkmale:<\/p><ul><li>W\u00e4hlen Sie die Felder aus, die als Pflichtfelder gelten sollen;<\/li><li>Legen Sie den Titel \u00fcber dem Formular fest;<\/li><li>2 vordefinierte Layouts: inline to be Dem Seitentext hinzugef\u00fcgt und schwebend, um dem Scrollen Ihres Besuchers zu folgen;<\/li><li>Alle in das Formular eingegebenen Daten werden in Bearbeitung gespeichert;<\/li><li>Nahtloses Design, das sofort f\u00fcr 99 % der Websites geeignet ist .<\/li><\/ul><p><a href=\"#demo\">Entdecken Sie alle Eigenschaften in unserer Demo<\/a><\/p><\/div><div class=\"application-platform-content-item-installation application-platform-content-item\" id=\"installation\" data-nav-section=\"installation\"><h2> So f\u00fcgen Sie das Kontaktformular-Widget zur Drupal-Website hinzu<\/h2><div class=\"video-container\"><iframe width=\"560\" height=\"315\" src=\"https:\/\/www.youtube.com\/embed\/90HeQ2FiP14?si=0pDq2JNglj8au82Q\" frameborder=\"0\" allow=\"accelerometer; autoplay; clipboard-write; encrypted-media; gyroscope; picture-in-picture; web-share\" allowfullscreen><\/iframe><\/div><p>Befolgen Sie einfach die untenstehenden Richtlinien, um das Modul auf Drupal einzuf\u00fcgen.<\/p> <ol><li><b>Starten Sie unser Laden Sie den kostenlosen Konfigurator herunter und beginnen Sie mit der Erstellung Ihres individuellen Moduls. <\/b><br> Geben Sie das passende Layout und die Funktionen des Tools an und \u00fcbernehmen Sie die \u00c4nderungen. <\/li> <li><b>Lassen Sie sich Ihren pers\u00f6nlichen Code im Fenster von Elfsight Apps anzeigen. <\/b><br> Kopieren Sie unmittelbar nach Abschluss der Einrichtung Ihres pers\u00f6nlichen Tools den einzelnen Code im angezeigten Popup und speichern Sie ihn f\u00fcr die zuk\u00fcnftige Verwendung. <\/li> <li><b>Erste Schritte mit der Verwendung des Kontaktformular-Tools auf Ihrer Drupal-Website. <\/b><br> Platzieren Sie den Code, den Sie zuvor gespeichert haben, auf Ihrer Seite und wenden Sie die Verbesserungen an. <\/li> <li><b>Fertig! Die Einbettung ist erfolgreich abgeschlossen. <\/b><br> Besuchen Sie Ihre Website, um die Leistung des Moduls in Aktion zu sehen. <\/li><\/ol><p>Sind Sie beim Anwenden des Handbuchs oder beim Einrichten Ihres Kontaktformulars auf etwas gesto\u00dfen? Sie k\u00f6nnen eine umfassende Anleitung ausprobieren \u00ab<a href=\"https:\/\/elfsight.com\/tutorials\/how-to-add-contact-form-module-to-drupal\/\" target=\"_blank\" rel=\"noopener\">So installieren Sie das Kontaktformular auf einer Drupal-Website<\/a>\u00bb und nutzen Sie eine zweite Chance, es erneut selbst zu installieren oder hinterlassen Sie Ihre Anfrage im Hilfecenter mit einer ausf\u00fchrlichen Erl\u00e4uterung Ihres Problems, und unser Team wird Ihnen gerne antworten Fragen.<\/p><div class=\"faq\" data-component=\"FAQ\"> <div class=\"faq-item\">\r\n\t\t\t\t\t<div class=\"faq-item-question\">\r\n\t\t\t\t\t\t<h3 class=\"faq-item-question-text\">Wie kann ich ohne Programmierkenntnisse ein Kontaktformular zu meiner Drupal-Website hinzuf\u00fcgen?<\/h3>\r\n\r\n\t\t\t\t\t\t<div class=\"faq-item-question-icon\"><\/div>\r\n\t\t\t\t\t<\/div>\r\n\r\n\t\t\t\t\t<div class=\"faq-item-answer\">\r\n\t\t\t\t\t\t<div class=\"faq-item-answer-text\"> <p>Elfsight bietet eine SaaS-L\u00f6sung, mit der Sie selbst ein Kontaktformular-Widget erstellen k\u00f6nnen. Sehen Sie, wie Der Vorgang ist ganz einfach: Erstellen Sie direkt im Online-Editor ein Kontaktformular-Widget, das Sie auf Ihrer Drupal-Website sehen m\u00f6chten. W\u00e4hlen Sie eine der vorgefertigten Vorlagen aus und passen Sie die Einstellungen des Kontaktformulars an, f\u00fcgen Sie Ihre Inhalte hinzu, \u00e4ndern Sie das Layout und das Farbschema ohne Programmierkenntnisse. Speichern Sie das Kontaktformular und kopieren Sie den Installationscode, den Sie einfach in Ihre Drupal-Website einbetten k\u00f6nnen, ohne ein kostenpflichtiges Abonnement erwerben zu m\u00fcssen. Mit unserem intuitiven Editor kann jeder Internetnutzer online ein Kontaktformular-Widget erstellen und es einfach in seine Drupal-Website einbetten. Sie m\u00fcssen weder bezahlen noch Ihre Kartendaten eingeben, um auf den Service zuzugreifen. Sollten Sie bei irgendeinem Schritt auf Probleme sto\u00dfen, wenden Sie sich bitte an unser technisches Support-Team.<\/p> <\/div>\r\n\t\t\t\t\t<\/div>\r\n\t\t\t\t<\/div><div class=\"faq-item\">\r\n\t\t\t\t\t<div class=\"faq-item-question\">\r\n\t\t\t\t\t\t<h3 class=\"faq-item-question-text\">Bieten Sie Kontaktformularvorlagen f\u00fcr die Drupal-Website an?<\/h3>\r\n\r\n\t\t\t\t\t\t<div class=\"faq-item-question-icon\"><\/div>\r\n\t\t\t\t\t<\/div>\r\n\r\n\t\t\t\t\t<div class=\"faq-item-answer\">\r\n\t\t\t\t\t\t<div class=\"faq-item-answer-text\"><p>Ja, Elfsight verf\u00fcgt \u00fcber 300 gebrauchsfertige Vorlagen f\u00fcr jeden Fall. Schauen Sie sich die <a href=\"https:\/\/elfsight.com\/online-form-builder\/templates\/contact-forms\/\">Kontaktformularvorlagen<\/a> genauer an und w\u00e4hlen Sie die aus, die Ihnen am besten gef\u00e4llt.<\/p><\/div>\r\n\t\t\t\t\t<\/div>\r\n\t\t\t\t<\/div> <\/div> <\/div>\n","protected":false},"excerpt":{"rendered":"","protected":false},"author":9,"featured_media":0,"parent":949,"menu_order":0,"comment_status":"closed","ping_status":"closed","template":"templates\/template-application-platform.php","meta":{"publish_to_discourse":"","publish_post_category":"","wpdc_auto_publish_overridden":"","wpdc_topic_tags":"","wpdc_pin_topic":"","wpdc_pin_until":"","discourse_post_id":"","discourse_permalink":"","wpdc_publishing_response":"","wpdc_publishing_error":"","footnotes":""},"class_list":["post-16930","page","type-page","status-publish","hentry"],"yoast_head":"<!-- This site is optimized with the Yoast SEO plugin v25.3.1 - https:\/\/yoast.com\/wordpress\/plugins\/seo\/ -->\n<title>Erstellen Sie kostenlos ein Kontaktformular auf Drupal und f\u00fcgen Sie es hinzu!<\/title>\n<meta name=\"description\" content=\"Erstellen Sie Ihr Kontaktformularmodul f\u00fcr Drupal und integrieren Sie es in nur 1 Minute in Ihre Website. Kostenloser Editor, Unterst\u00fctzung bei der Anpassung und weitere Boni von Elfsight!\" \/>\n<meta name=\"robots\" content=\"index, follow, max-snippet:-1, max-image-preview:large, max-video-preview:-1\" \/>\n<link rel=\"canonical\" href=\"https:\/\/elfsight.com\/de\/contact-form-widget\/drupal\/\" \/>\n<meta property=\"og:locale\" content=\"de_DE\" \/>\n<meta property=\"og:type\" content=\"article\" \/>\n<meta property=\"og:title\" content=\"Erstellen Sie kostenlos ein Kontaktformular auf Drupal und f\u00fcgen Sie es hinzu!\" \/>\n<meta property=\"og:description\" content=\"Erstellen Sie Ihr Kontaktformularmodul f\u00fcr Drupal und integrieren Sie es in nur 1 Minute in Ihre Website. Kostenloser Editor, Unterst\u00fctzung bei der Anpassung und weitere Boni von Elfsight!\" \/>\n<meta property=\"og:url\" content=\"https:\/\/elfsight.com\/de\/contact-form-widget\/drupal\/\" \/>\n<meta property=\"og:site_name\" content=\"Elfsight DE\" \/>\n<meta property=\"article:modified_time\" content=\"2025-01-14T09:15:52+00:00\" \/>\n<meta name=\"twitter:card\" content=\"summary_large_image\" \/>\n<meta name=\"twitter:label1\" content=\"Gesch\u00e4tzte Lesezeit\" \/>\n\t<meta name=\"twitter:data1\" content=\"4\u00a0Minuten\" \/>\n<!-- \/ Yoast SEO plugin. -->","yoast_head_json":{"title":"Erstellen Sie kostenlos ein Kontaktformular auf Drupal und f\u00fcgen Sie es hinzu!","description":"Erstellen Sie Ihr Kontaktformularmodul f\u00fcr Drupal und integrieren Sie es in nur 1 Minute in Ihre Website. Kostenloser Editor, Unterst\u00fctzung bei der Anpassung und weitere Boni von Elfsight!","robots":{"index":"index","follow":"follow","max-snippet":"max-snippet:-1","max-image-preview":"max-image-preview:large","max-video-preview":"max-video-preview:-1"},"canonical":"https:\/\/elfsight.com\/de\/contact-form-widget\/drupal\/","og_locale":"de_DE","og_type":"article","og_title":"Erstellen Sie kostenlos ein Kontaktformular auf Drupal und f\u00fcgen Sie es hinzu!","og_description":"Erstellen Sie Ihr Kontaktformularmodul f\u00fcr Drupal und integrieren Sie es in nur 1 Minute in Ihre Website. Kostenloser Editor, Unterst\u00fctzung bei der Anpassung und weitere Boni von Elfsight!","og_url":"https:\/\/elfsight.com\/de\/contact-form-widget\/drupal\/","og_site_name":"Elfsight DE","article_modified_time":"2025-01-14T09:15:52+00:00","twitter_card":"summary_large_image","twitter_misc":{"Gesch\u00e4tzte Lesezeit":"4\u00a0Minuten"},"schema":{"@context":"https:\/\/schema.org","@graph":[{"@type":"WebPage","@id":"https:\/\/elfsight.com\/de\/contact-form-widget\/drupal\/","url":"https:\/\/elfsight.com\/de\/contact-form-widget\/drupal\/","name":"Erstellen Sie kostenlos ein Kontaktformular auf Drupal und f\u00fcgen Sie es hinzu!","isPartOf":{"@id":"https:\/\/elfsight.com\/de\/#website"},"datePublished":"2024-05-03T06:32:59+00:00","dateModified":"2025-01-14T09:15:52+00:00","description":"Erstellen Sie Ihr Kontaktformularmodul f\u00fcr Drupal und integrieren Sie es in nur 1 Minute in Ihre Website. Kostenloser Editor, Unterst\u00fctzung bei der Anpassung und weitere Boni von Elfsight!","breadcrumb":{"@id":"https:\/\/elfsight.com\/de\/contact-form-widget\/drupal\/#breadcrumb"},"inLanguage":"de","potentialAction":[{"@type":"ReadAction","target":["https:\/\/elfsight.com\/de\/contact-form-widget\/drupal\/"]}]},{"@type":"BreadcrumbList","@id":"https:\/\/elfsight.com\/de\/contact-form-widget\/drupal\/#breadcrumb","itemListElement":[{"@type":"ListItem","position":1,"name":"Home","item":"https:\/\/elfsight.com\/de\/"},{"@type":"ListItem","position":2,"name":"Contact Form","item":"https:\/\/elfsight.com\/de\/contact-form-widget\/"},{"@type":"ListItem","position":3,"name":"Contact Form &#8211; Drupal"}]},{"@type":"WebSite","@id":"https:\/\/elfsight.com\/de\/#website","url":"https:\/\/elfsight.com\/de\/","name":"Elfsight DE","description":"Just another Elfsight Sites site","potentialAction":[{"@type":"SearchAction","target":{"@type":"EntryPoint","urlTemplate":"https:\/\/elfsight.com\/de\/?s={search_term_string}"},"query-input":{"@type":"PropertyValueSpecification","valueRequired":true,"valueName":"search_term_string"}}],"inLanguage":"de"}]}},"meta_box":{"industry":"","seo_heading":"","heading":"","description":"","cta_heading":"","cta_description":"","application":"465","h1":"Kontaktformularmodul f\u00fcr Drupal","h1_caption":"Erstellen Sie ganz einfach Kontaktformulare und betten Sie sie in Ihre Website ein, um die Benutzerinteraktion und Anfragen auf Ihrer Drupal-Website m\u00fchelos zu f\u00f6rdern.","application_category":[],"applications_title":"","applications_request_title":"","applications_request_button_text":"","hero_text":"","hero_video":"","hero_video_schema_markup":"","selling_points_title":"","selling_points_caption":"","selling_points":[],"selling_points_cta_text":"","features_title":"","features":"","ed_cta_examples_text":"","ed_cta_examples_hidden":"","ed_cta_demo_text":"","ed_cta_demo_hidden":"","why_caption":"","why_editor_title":"","why_editor_text":"","why_team_title":"","why_team_text":"","why_service_title":"","why_service_text":"","template_catalog_visible":"0","template_catalog_title":"","template_catalog_text":"","template_catalog_categories_visible":"","demo_title":"Erstellen Sie Ihr Kontaktformularmodul","demo_caption":"Konfigurieren Sie Ihr Kontaktformular und f\u00fcgen Sie es kostenlos zu Ihrer Drupal-Website hinzu!","default_faq_hidden":"","app_template_category":[],"platform":"261","template_public_id":"","codecanyon_url":"","codecanyon_item_id":"","codecanyon_price":"","pricing_caption":"","pricing_elfsight_apps_hide_column":"","pricing_elfsight_apps_url":"","pricing_codecanyon_price_caption":"","integration_category":[],"integration_request_title":"","integration_request_cta":"","integration_platform":"","integrations":[],"platform_category":[],"video_schema_markup":"","price":"ab 0 $ \/ Monat","trial":"","benefits":[{"text":"Kostenlose Installationshilfe"},{"text":"Premium-Support"},{"text":"14-t\u00e4gige Geld-zur\u00fcck-Garantie"},{"text":"Zuk\u00fcnftige kostenlose Verbesserungen"}],"button_url":"#demo","button_target_blank":"0","button_nofollow":"0","attributes":[{"name":"Installiert","content":"100,000 - 500,000"},{"name":"Reaktionsfreudig","content":"Ja"},{"name":"Kompatible Browser","content":"Firefox, Safari, Opera, Chrome, Edge"}],"tags":[],"tags_disable_links":"0","hide_more_platforms":"","video_object":"","demo_hide_cta":"0","demo_hide_cloud_options":"0","pricing_title":"","pricing":[{"pricing_icon":"platform","pricing_title":"Elfsight Apps","pricing_title_caption":"Plattformunabh\u00e4ngige digitale L\u00f6sung, die f\u00fcr jede Website geeignet ist","pricing_price":"ab 0 $ \/ Monat","pricing_price_caption":"Beginnen Sie mit einem kostenlosen Plan","pricing_benefits":[{"text":"Unbegrenzte Websites"},{"text":"Schneller und p\u00fcnktlicher Support und gut dokumentiert"},{"text":"Kostenlose Installationshilfe"},{"text":"Sonderpreis f\u00fcr mehrere Apps"}],"pricing_button_text":"Zur Website hinzuf\u00fcgen","pricing_button_url":"#demo"}],"related_apps_title":"","related_apps_hidden":"0","author":"","image":[],"title":"","job":"","social_networks":[]},"_links":{"self":[{"href":"https:\/\/elfsight.com\/de\/wp-json\/wp\/v2\/pages\/16930","targetHints":{"allow":["GET"]}}],"collection":[{"href":"https:\/\/elfsight.com\/de\/wp-json\/wp\/v2\/pages"}],"about":[{"href":"https:\/\/elfsight.com\/de\/wp-json\/wp\/v2\/types\/page"}],"author":[{"embeddable":true,"href":"https:\/\/elfsight.com\/de\/wp-json\/wp\/v2\/users\/9"}],"replies":[{"embeddable":true,"href":"https:\/\/elfsight.com\/de\/wp-json\/wp\/v2\/comments?post=16930"}],"version-history":[{"count":3,"href":"https:\/\/elfsight.com\/de\/wp-json\/wp\/v2\/pages\/16930\/revisions"}],"predecessor-version":[{"id":23588,"href":"https:\/\/elfsight.com\/de\/wp-json\/wp\/v2\/pages\/16930\/revisions\/23588"}],"up":[{"embeddable":true,"href":"https:\/\/elfsight.com\/de\/wp-json\/wp\/v2\/pages\/949"}],"wp:attachment":[{"href":"https:\/\/elfsight.com\/de\/wp-json\/wp\/v2\/media?parent=16930"}],"curies":[{"name":"wp","href":"https:\/\/api.w.org\/{rel}","templated":true}]}}