{"id":16929,"date":"2024-05-03T06:32:58","date_gmt":"2024-05-03T06:32:58","guid":{"rendered":"https:\/\/elfsight.com\/de\/?page_id=16929"},"modified":"2026-02-03T13:48:56","modified_gmt":"2026-02-03T13:48:56","slug":"html","status":"publish","type":"page","link":"https:\/\/elfsight.com\/de\/contact-form-widget\/html\/","title":{"rendered":"Contact Form &#8211; HTML"},"content":{"rendered":"\n<div class=\"application-platform-content-item-description application-platform-content-item\" id=\"description\" data-nav-section=\"description\"><h2>Kontaktformular f\u00fcr HTML<\/h2><p>Wenn Sie nach einem kostenlosen HTML-Kontaktformularcode suchen, ist das Elfsight-Kontakt-Widget genau das Richtige f\u00fcr Sie helfen. Es handelt sich um eine schwebende Kontaktformular-HTML-App, deren Hauptziel darin besteht, Sie bei allen aktuellen Anforderungen beim Erhalten von Eindr\u00fccken und Anfragen von Besuchern Ihrer Website zu unterst\u00fctzen. Zeigen Sie einfach die entscheidenden Komponenten zum Ausf\u00fcllen an, finden Sie die gew\u00fcnschte Vorlage und passen Sie die Benutzeroberfl\u00e4che an, um Ihre Besucher noch mehr dazu zu bewegen, Anfragen f\u00fcr Dienstleistungen Ihres Unternehmens zu hinterlassen. Unser kostenloses Kontaktformular-HTML-Plugin ist so konzipiert, dass es alle Ihre Bed\u00fcrfnisse erf\u00fcllt, um Feedback zu erhalten und immer mit Ihrem Publikum in Kontakt zu bleiben.<\/p><p><b>Sammeln Sie Erfahrungsberichte, nehmen Sie Bestellungen entgegen und beantworten Sie die Fragen von Website-Benutzern!<\/b><\/p><ul><li><b>Lead-Akquise \u00fcberarbeiten<\/b>.<br>Bleiben Sie nah an Ihren zuk\u00fcnftigen Kunden und motivieren Sie sie, jederzeit \u00fcber das Kontakt-Widget mit Ihnen zu sprechen. Eine geringere Anzahl von Feldern f\u00fchrt zu einer h\u00f6heren Konvertierung. <\/li><li><b>Schlie\u00dfen Sie Spam aus<\/b>.<br>Behalten Sie nur organische Kommunikation bei, indem Sie den Google reCAPTCHA-Dienst umfassend vor Spam und Bots sch\u00fctzen.<\/li><li><b>Kunden gewinnen Feedback mit Leichtigkeit<\/b>.<br>Entwerfen Sie ein auff\u00e4lliges Formular-Plugin, damit es auf den Seiten Ihrer Website leicht zu finden ist und Ihre Kunden dazu motiviert, Ihnen jederzeit Feedback zu geben, wenn sie es f\u00fcr notwendig halten.<\/li><\/ul> <\/div><div class=\"application-platform-content-item-features application-platform-content-item\" id=\"features\" data-nav-section=\"features\"><h2>Kontaktformular-Plugin<\/h2><p>Warum ist das Elfsight-Kontaktformular das beste Widget zum Sammeln von Bewertungen und Empfangen von Anfragen f\u00fcr HTML? Lernen Sie unsere wichtigsten Merkmale kennen:<\/p><ul><li>Ordnen Sie die Felder im Formular nach Ihren W\u00fcnschen an;<\/li><li>Platzieren Sie den gew\u00fcnschten Text vor dem Formular in der \u00dcberschrift;<\/li> <li>Inline-Layout mit automatischer Anpassung der Felder an die Breite des Formulars;<\/li><li>Google reCAPTCHA sch\u00fctzt Ihr Formular vor Spam und Bots;<\/li><li>Funktioniert und sieht perfekt auf Mobilger\u00e4ten aus.<\/li><\/ul><p><a href=\"#demo\">Lesen Sie die gesamte Liste der Eigenschaften in unserem Konfigurator<\/a><\/p><\/div><div class=\"application-platform-content-item-installation application-platform-content-item\" id=\"installation\" data-nav-section=\"installation\"> <h2>So erstellen Sie ein Kontaktformular-Widget f\u00fcr eine HTML-Website<\/h2><div class=\"video-container\">\n<iframe width=\"720\" height=\"405\" src=\"https:\/\/www.youtube.com\/embed\/2YeqWGA_Fww?si=FWxIweZUeH4O5sfi\" frameborder=\"0\" allowfullscreen=\"\"><\/iframe>\n<\/div><p>Wenden Sie eine Anleitung von Elfsight an, um Ihr eigenes Kontakt-Widget zu installieren. Programmierkenntnisse sind nicht erforderlich und die durchschnittliche Installationsdauer betr\u00e4gt nicht nur knapp 80 Sekunden.<\/p><ol><li><b>Erstellen Sie Ihr pers\u00f6nliches Kontaktformular<\/b>.<br> Mit Hilfe unseres kostenlosen Editor, entwerfen Sie ein Plugin mit dem erforderlichen Layout und den erforderlichen Funktionen.<\/li><li><b>Erhalten Sie einen Code zum Hinzuf\u00fcgen des Plugins<\/b>.<br> Rufen Sie nach der Widget-Erstellung einen Code f\u00fcr das Formular-Plugin aus dem angezeigten Formular ab Fenster auf Elfsight Apps.<\/li><li><b>Platzieren Sie das Widget auf der HTML-Website<\/b>.<br> Starten Sie den Seitencode im HTML-Editor und zeigen Sie das Widget an der gew\u00fcnschten Stelle an (Inhalt, Fu\u00dfzeile), Seitenleiste usw.) und speichern Sie die \u00c4nderungen.<\/li><li><b>Die Installation ist abgeschlossen<\/b>.<br> Rufen Sie die HTML-Site auf, um Ihr Formular anzuzeigen.<\/li><\/ol><p>Haben Sie Schwierigkeiten, dem Tutorial zu folgen oder Ihr Formular zu erstellen? Es wird empfohlen, eine ausf\u00fchrliche Anleitung zu verwenden: &#8222;<a href=\"https:\/\/elfsight.com\/tutorials\/how-to-add-contact-form-widget-to-html-website\/\" target=\"_blank\" rel=\"noopener noreferrer\">So f\u00fcgen Sie ein Kontaktformular in eine HTML-Website ein<\/a>&#8220; und versuchen Sie, es noch einmal selbst anzuzeigen oder schreiben Sie an unser Support-Center und erl\u00e4utern Sie Ihr Problem ausf\u00fchrlich. Unser Team wird Ihnen gerne weiterhelfen .<\/p><\/div><div class=\"faq\" data-component=\"FAQ\"><div class=\"faq-item\">\r\n\t\t\t\t\t<div class=\"faq-item-question\">\r\n\t\t\t\t\t\t<h3 class=\"faq-item-question-text\">Wie sichere ich HTML-Benutzerformularinformationen auf meiner Homepage?<\/h3>\r\n\r\n\t\t\t\t\t\t<div class=\"faq-item-question-icon\"><\/div>\r\n\t\t\t\t\t<\/div>\r\n\r\n\t\t\t\t\t<div class=\"faq-item-answer\">\r\n\t\t\t\t\t\t<div class=\"faq-item-answer-text\"><p>Das Elfsight Form Builder-Widget wird eingef\u00fcgt mit einem der \u00fcberzeugendsten reCAPTCHA-Sicherheitsdienste. Es dient dazu, Ihr Formular und Ihr Postfach vor Spam und Bots zu sch\u00fctzen und eine reibungslose Arbeit und nur relevante Daten sicherzustellen. <\/p><\/div>\r\n\t\t\t\t\t<\/div>\r\n\t\t\t\t<\/div><div class=\"faq-item\">\r\n\t\t\t\t\t<div class=\"faq-item-question\">\r\n\t\t\t\t\t\t<h3 class=\"faq-item-question-text\">Bieten Sie Vorlagen an, die bedingte Logikformulare\/Formulare mit mehreren Feldern\/E-Mail-Formulare unterst\u00fctzen?<\/h3>\r\n\r\n\t\t\t\t\t\t<div class=\"faq-item-question-icon\"><\/div>\r\n\t\t\t\t\t<\/div>\r\n\r\n\t\t\t\t\t<div class=\"faq-item-answer\">\r\n\t\t\t\t\t\t<div class=\"faq-item-answer-text\"><p>Klar! Sie m\u00fcssen sich lediglich bei Elfsight Apps anmelden, eine beliebige passende Vorlage ausw\u00e4hlen und dann mit der Erstellung Ihres Werkzeugs beginnen. <\/p><\/div>\r\n\t\t\t\t\t<\/div>\r\n\t\t\t\t<\/div><div class=\"faq-item\">\r\n\t\t\t\t\t<div class=\"faq-item-question\">\r\n\t\t\t\t\t\t<h3 class=\"faq-item-question-text\">Wie f\u00fcge ich ein Kontakt-\/Feedback-Formular zu meiner HTML-Website hinzu?<\/h3>\r\n\r\n\t\t\t\t\t\t<div class=\"faq-item-question-icon\"><\/div>\r\n\t\t\t\t\t<\/div>\r\n\r\n\t\t\t\t\t<div class=\"faq-item-answer\">\r\n\t\t\t\t\t\t<div class=\"faq-item-answer-text\"><p>Um ein Kontakt- oder Feedback-Formular zu erstellen, m\u00fcssen Sie sich anmelden Besuchen Sie die Elfsight Apps-Website und nehmen Sie alle erforderlichen \u00c4nderungen am Tool vor. Wenn Sie fertig sind, speichern Sie Ihre \u00c4nderungen und gehen Sie zu Ihrer Website. So einfach ist das. <\/p><\/div>\r\n\t\t\t\t\t<\/div>\r\n\t\t\t\t<\/div><div class=\"faq-item\">\r\n\t\t\t\t\t<div class=\"faq-item-question\">\r\n\t\t\t\t\t\t<h3 class=\"faq-item-question-text\">Bieten Sie Kontaktformularvorlagen f\u00fcr die HTML-Website an?<\/h3>\r\n\r\n\t\t\t\t\t\t<div class=\"faq-item-question-icon\"><\/div>\r\n\t\t\t\t\t<\/div>\r\n\r\n\t\t\t\t\t<div class=\"faq-item-answer\">\r\n\t\t\t\t\t\t<div class=\"faq-item-answer-text\"><p>Ja, Elfsight verf\u00fcgt \u00fcber mehr als 300 gebrauchsfertige Vorlagen f\u00fcr jeden Fall. Schauen Sie sich die <a href=\"https:\/\/elfsight.com\/online-form-builder\/templates\/contact-forms\/\">Kontaktformularvorlagen<\/a> genauer an und w\u00e4hlen Sie die aus, die Ihnen am besten gef\u00e4llt.<\/p><\/div>\r\n\t\t\t\t\t<\/div>\r\n\t\t\t\t<\/div><\/div>\n","protected":false},"excerpt":{"rendered":"","protected":false},"author":9,"featured_media":0,"parent":949,"menu_order":0,"comment_status":"closed","ping_status":"closed","template":"templates\/template-application-platform.php","meta":{"publish_to_discourse":"","publish_post_category":"","wpdc_auto_publish_overridden":"","wpdc_topic_tags":"","wpdc_pin_topic":"","wpdc_pin_until":"","discourse_post_id":"","discourse_permalink":"","wpdc_publishing_response":"","wpdc_publishing_error":"","footnotes":""},"class_list":["post-16929","page","type-page","status-publish","hentry"],"yoast_head":"<!-- This site is optimized with the Yoast SEO plugin v25.3.1 - https:\/\/yoast.com\/wordpress\/plugins\/seo\/ -->\n<title>Erstellen Sie kostenlos ein Kontaktformular in HTML und f\u00fcgen Sie es hinzu!<\/title>\n<meta name=\"description\" content=\"Erstellen Sie in nur 2 Minuten Ihr pers\u00f6nliches Kontaktformular-Widget f\u00fcr die HTML-Einbettung auf Ihrer Website. Kostenlose Demo, Hilfe beim Hinzuf\u00fcgen und viele weitere Vorteile von Elfsight!\" \/>\n<meta name=\"robots\" content=\"index, follow, max-snippet:-1, max-image-preview:large, max-video-preview:-1\" \/>\n<link rel=\"canonical\" href=\"https:\/\/elfsight.com\/de\/contact-form-widget\/html\/\" \/>\n<meta property=\"og:locale\" content=\"de_DE\" \/>\n<meta property=\"og:type\" content=\"article\" \/>\n<meta property=\"og:title\" content=\"Erstellen Sie kostenlos ein Kontaktformular in HTML und f\u00fcgen Sie es hinzu!\" \/>\n<meta property=\"og:description\" content=\"Erstellen Sie in nur 2 Minuten Ihr pers\u00f6nliches Kontaktformular-Widget f\u00fcr die HTML-Einbettung auf Ihrer Website. Kostenlose Demo, Hilfe beim Hinzuf\u00fcgen und viele weitere Vorteile von Elfsight!\" \/>\n<meta property=\"og:url\" content=\"https:\/\/elfsight.com\/de\/contact-form-widget\/html\/\" \/>\n<meta property=\"og:site_name\" content=\"Elfsight DE\" \/>\n<meta property=\"article:modified_time\" content=\"2026-02-03T13:48:56+00:00\" \/>\n<meta name=\"twitter:card\" content=\"summary_large_image\" \/>\n<meta name=\"twitter:label1\" content=\"Gesch\u00e4tzte Lesezeit\" \/>\n\t<meta name=\"twitter:data1\" content=\"4\u00a0Minuten\" \/>\n<!-- \/ Yoast SEO plugin. -->","yoast_head_json":{"title":"Erstellen Sie kostenlos ein Kontaktformular in HTML und f\u00fcgen Sie es hinzu!","description":"Erstellen Sie in nur 2 Minuten Ihr pers\u00f6nliches Kontaktformular-Widget f\u00fcr die HTML-Einbettung auf Ihrer Website. Kostenlose Demo, Hilfe beim Hinzuf\u00fcgen und viele weitere Vorteile von Elfsight!","robots":{"index":"index","follow":"follow","max-snippet":"max-snippet:-1","max-image-preview":"max-image-preview:large","max-video-preview":"max-video-preview:-1"},"canonical":"https:\/\/elfsight.com\/de\/contact-form-widget\/html\/","og_locale":"de_DE","og_type":"article","og_title":"Erstellen Sie kostenlos ein Kontaktformular in HTML und f\u00fcgen Sie es hinzu!","og_description":"Erstellen Sie in nur 2 Minuten Ihr pers\u00f6nliches Kontaktformular-Widget f\u00fcr die HTML-Einbettung auf Ihrer Website. Kostenlose Demo, Hilfe beim Hinzuf\u00fcgen und viele weitere Vorteile von Elfsight!","og_url":"https:\/\/elfsight.com\/de\/contact-form-widget\/html\/","og_site_name":"Elfsight DE","article_modified_time":"2026-02-03T13:48:56+00:00","twitter_card":"summary_large_image","twitter_misc":{"Gesch\u00e4tzte Lesezeit":"4\u00a0Minuten"},"schema":{"@context":"https:\/\/schema.org","@graph":[{"@type":"WebPage","@id":"https:\/\/elfsight.com\/de\/contact-form-widget\/html\/","url":"https:\/\/elfsight.com\/de\/contact-form-widget\/html\/","name":"Erstellen Sie kostenlos ein Kontaktformular in HTML und f\u00fcgen Sie es hinzu!","isPartOf":{"@id":"https:\/\/elfsight.com\/de\/#website"},"datePublished":"2024-05-03T06:32:58+00:00","dateModified":"2026-02-03T13:48:56+00:00","description":"Erstellen Sie in nur 2 Minuten Ihr pers\u00f6nliches Kontaktformular-Widget f\u00fcr die HTML-Einbettung auf Ihrer Website. Kostenlose Demo, Hilfe beim Hinzuf\u00fcgen und viele weitere Vorteile von Elfsight!","breadcrumb":{"@id":"https:\/\/elfsight.com\/de\/contact-form-widget\/html\/#breadcrumb"},"inLanguage":"de","potentialAction":[{"@type":"ReadAction","target":["https:\/\/elfsight.com\/de\/contact-form-widget\/html\/"]}]},{"@type":"BreadcrumbList","@id":"https:\/\/elfsight.com\/de\/contact-form-widget\/html\/#breadcrumb","itemListElement":[{"@type":"ListItem","position":1,"name":"Home","item":"https:\/\/elfsight.com\/de\/"},{"@type":"ListItem","position":2,"name":"Contact Form","item":"https:\/\/elfsight.com\/de\/contact-form-widget\/"},{"@type":"ListItem","position":3,"name":"Contact Form &#8211; HTML"}]},{"@type":"WebSite","@id":"https:\/\/elfsight.com\/de\/#website","url":"https:\/\/elfsight.com\/de\/","name":"Elfsight DE","description":"Just another Elfsight Sites site","potentialAction":[{"@type":"SearchAction","target":{"@type":"EntryPoint","urlTemplate":"https:\/\/elfsight.com\/de\/?s={search_term_string}"},"query-input":{"@type":"PropertyValueSpecification","valueRequired":true,"valueName":"search_term_string"}}],"inLanguage":"de"}]}},"meta_box":{"industry":"","seo_heading":"","heading":"","description":"","cta_heading":"","cta_description":"","application":"465","h1":"Kontaktformular-Widget f\u00fcr HTML","h1_caption":"Erstellen Sie ganz einfach Kontaktformulare und betten Sie sie in Ihre Website ein, um die Benutzerinteraktion und Anfragen auf Ihrer HTML-Website m\u00fchelos zu f\u00f6rdern.","application_category":[],"applications_title":"","applications_request_title":"","applications_request_button_text":"","hero_text":"","hero_video":"","hero_video_schema_markup":"","selling_points_title":"","selling_points_caption":"","selling_points":[],"selling_points_cta_text":"","features_title":"","features":"","ed_cta_examples_text":"","ed_cta_examples_hidden":"","ed_cta_demo_text":"","ed_cta_demo_hidden":"","why_caption":"","why_editor_title":"","why_editor_text":"","why_team_title":"","why_team_text":"","why_service_title":"","why_service_text":"","template_catalog_visible":"0","template_catalog_title":"","template_catalog_text":"","template_catalog_categories_visible":"","demo_title":"Erstellen Sie Ihr Kontaktformular-Widget","demo_caption":"Konfigurieren Sie Ihr Kontaktformular und f\u00fcgen Sie es kostenlos zu Ihrer HTML-Website hinzu!","default_faq_hidden":"","app_template_category":[],"platform":"260","template_public_id":"","codecanyon_url":"","codecanyon_item_id":"","codecanyon_price":"","pricing_caption":"","pricing_elfsight_apps_hide_column":"","pricing_elfsight_apps_url":"","pricing_codecanyon_price_caption":"","integration_category":[],"integration_request_title":"","integration_request_cta":"","integration_platform":"","integrations":[],"platform_category":[],"video_schema_markup":"","price":"ab 0 $ \/ Monat","trial":"","benefits":[{"text":"Kostenlose Installationshilfe"},{"text":"Erfahrener Kundensupport"},{"text":"14-t\u00e4gige Geld-zur\u00fcck-Garantie"},{"text":"Laufende Updates"}],"button_url":"#demo","button_target_blank":"0","button_nofollow":"0","attributes":[{"name":"Installiert","content":"100,000 - 500,000"},{"name":"Reaktionsfreudig","content":"Ja"},{"name":"Kompatible Browser","content":"Firefox, Safari, Opera, Chrome, Edge"}],"tags":[],"tags_disable_links":"0","hide_more_platforms":"0","video_object":"","demo_hide_cta":"0","demo_hide_cloud_options":"0","pricing_title":"","pricing":[{"pricing_icon":"platform","pricing_title":"Platform-independent solution","pricing_title_caption":"Unterst\u00fctzt vom Elfsight Apps-Dienst","pricing_price":"ab 0 $ \/ Monat","pricing_price_caption":"Beginnen Sie mit einem kostenlosen Plan","pricing_benefits":[{"text":"Unbegrenzte Websites"},{"text":"Schnelle Unternehmensunterst\u00fctzung und gut dokumentiert"},{"text":"Kostenlose Installationshilfe"},{"text":"Preis f\u00fcr mehrere Apps"}],"pricing_button_text":"Zur Website hinzuf\u00fcgen","pricing_button_url":"#demo"}],"related_apps_title":"","related_apps_hidden":"0","author":"","image":[],"title":"","job":"","social_networks":[]},"_links":{"self":[{"href":"https:\/\/elfsight.com\/de\/wp-json\/wp\/v2\/pages\/16929","targetHints":{"allow":["GET"]}}],"collection":[{"href":"https:\/\/elfsight.com\/de\/wp-json\/wp\/v2\/pages"}],"about":[{"href":"https:\/\/elfsight.com\/de\/wp-json\/wp\/v2\/types\/page"}],"author":[{"embeddable":true,"href":"https:\/\/elfsight.com\/de\/wp-json\/wp\/v2\/users\/9"}],"replies":[{"embeddable":true,"href":"https:\/\/elfsight.com\/de\/wp-json\/wp\/v2\/comments?post=16929"}],"version-history":[{"count":5,"href":"https:\/\/elfsight.com\/de\/wp-json\/wp\/v2\/pages\/16929\/revisions"}],"predecessor-version":[{"id":25624,"href":"https:\/\/elfsight.com\/de\/wp-json\/wp\/v2\/pages\/16929\/revisions\/25624"}],"up":[{"embeddable":true,"href":"https:\/\/elfsight.com\/de\/wp-json\/wp\/v2\/pages\/949"}],"wp:attachment":[{"href":"https:\/\/elfsight.com\/de\/wp-json\/wp\/v2\/media?parent=16929"}],"curies":[{"name":"wp","href":"https:\/\/api.w.org\/{rel}","templated":true}]}}