{"id":16927,"date":"2024-05-03T06:32:56","date_gmt":"2024-05-03T06:32:56","guid":{"rendered":"https:\/\/elfsight.com\/de\/?page_id=16927"},"modified":"2025-01-14T10:32:53","modified_gmt":"2025-01-14T10:32:53","slug":"magento","status":"publish","type":"page","link":"https:\/\/elfsight.com\/de\/contact-form-widget\/magento\/","title":{"rendered":"Contact Form &#8211; Magento"},"content":{"rendered":"<div class=\"application-platform-content-item-description application-platform-content-item\" id=\"description\" data-nav-section=\"description\">\n<h2>Kontaktformular f\u00fcr Magento<\/h2>\nWenn Sie nach einem benutzerdefinierten Magento-Kontaktformular suchen, kann die Elfsight Contact-Erweiterung hilfreich sein. Es handelt sich um ein kostenloses Tool zur benutzerdefinierten Kontaktformularerweiterung f\u00fcr Magento, das Sie bei allen aktuellen Anforderungen unterst\u00fctzen soll, um Eindr\u00fccke und Anfragen von Kunden Ihrer Website zu erhalten. Zeigen Sie einfach die entscheidenden Elemente zum Ausf\u00fcllen an, w\u00e4hlen Sie Ihre bevorzugte Vorlage aus und passen Sie die Benutzeroberfl\u00e4che an, um Ihre Benutzer noch mehr zu motivieren, Anfragen nach Dienstleistungen Ihres Unternehmens zu stellen. Das Formular-Plugin wurde entwickelt, um alle Ihre Anforderungen zu erf\u00fcllen, Feedback zu erhalten und immer mit Ihrer Kundschaft in Kontakt zu bleiben.\n\n<b>Erhalten Sie Bewertungen, erhalten Sie Anfragen und senden Sie Antworten auf Nachrichten, die Sie von Ihren Website-Kunden erhalten!<\/b>\n<ul>\n \t<li><b>Verbessern Sie die Lead-Akquise<\/b>. Bleiben Sie mit Ihren potenziellen Kunden in Kontakt und bringen Sie sie dazu, Ihnen jederzeit \u00fcber die Kontakterweiterung eine Nachricht zu senden. Eine geringere Anzahl von Feldern f\u00fchrt zu der h\u00f6chsten Conversion.<\/li>\n \t<li><b>Spam ausschlie\u00dfen<\/b>. Verwenden Sie nur organische Kontakte, die den leistungsstarken Google reCAPTCHA-Dienst zum Schutz vor Spam und Bots anwenden.<\/li>\n \t<li><b>Erhalten Sie m\u00fchelos Kundenfeedback<\/b>. Erstellen Sie ein bemerkenswertes Formular-Plugin, damit es problemlos auf Ihrer Website gefunden werden kann und Ihre Besucher dazu motiviert, Ihnen jederzeit Feedback zu geben, wenn sie es f\u00fcr notwendig halten.<\/li>\n<\/ul>\n<\/div><div class=\"application-platform-content-item-features application-platform-content-item\" id=\"features\" data-nav-section=\"features\">\n<h2>Kontaktformular-Plugin<\/h2>\nWarum ist unser Kontaktformular die beste Erweiterung, um Kundenreaktionen zu sammeln und Bestellungen f\u00fcr Magento-Websites zu erhalten? Sehen Sie sich unsere wichtigsten Vorteile an:\n<ul>\n \t<li>Legen Sie Ihre eigenen Feldbeschriftungen fest;<\/li>\n \t<li>Bearbeitbare Beschriftung der Schaltfl\u00e4che \u201eSenden\u201c;<\/li>\n \t<li>2 vordefinierte Layouts: Inline zum Hinzuf\u00fcgen zum Seitentext, und schwebend, um dem Scrollen Ihres Besuchers zu folgen;<\/li>\n \t<li>Alle in das Formular eingegebenen Daten werden in Bearbeitung gespeichert;<\/li>\n \t<li>Funktioniert und sieht perfekt auf Mobilger\u00e4ten aus.<\/li>\n<\/ul>\n<a href=\"#demo\">Lernen Sie die vollst\u00e4ndige Liste der Merkmale in unserem Editor kennen<\/a><\/div><div class=\"application-platform-content-item-installation application-platform-content-item\" id=\"installation\" data-nav-section=\"installation\">\n<h2>So f\u00fcgen Sie das Kontaktformular-Widget zur Magento-Website hinzu<\/h2>\nBefolgen Sie einfach die nachstehenden Anweisungen, um die Erweiterung auf Magento zu aktivieren.\n<ol>\n \t<li><b>Starten Sie unseren kostenlosen Editor und beginnen Sie mit der Erstellung Ihrer personalisierten Kontaktformular-Erweiterung. <\/b>Geben Sie das ausgew\u00e4hlte Layout und die Optionen des Widgets an und speichern Sie die Korrekturen.<\/li>\n \t<li><b>Erhalten Sie Ihren eindeutigen Code, der im speziellen Formular auf Elfsight Apps angezeigt wird. <\/b>Sobald die Erstellung Ihres Widgets abgeschlossen ist, kopieren Sie den einzelnen Code in das angezeigte Feld und speichern Sie ihn f\u00fcr eine sp\u00e4tere Gelegenheit.<\/li>\n \t<li><b>Initiieren Sie die Verwendung der Erweiterung auf Ihrer Magento-Website. <\/b>Betten Sie den Code, den Sie zuvor gespeichert haben, in Ihre Seite ein und \u00fcbernehmen Sie die \u00c4nderungen.<\/li>\n \t<li><b>Fertig! Die Einbettung wurde erfolgreich durchgef\u00fchrt. <\/b>Besuchen Sie Ihre Seite, um zu \u00fcberpr\u00fcfen, wie das Tool funktioniert.<\/li>\n<\/ol>\nHaben Sie Fragen, w\u00e4hrend Sie das Tutorial anwenden oder Ihr Formular gestalten? Versuchen Sie, unser vollst\u00e4ndiges Handbuch zu lesen \u00ab<a href=\"https:\/\/elfsight.com\/tutorials\/how-to-add-contact-form-extension-to-magento\/\" target=\"_blank\" rel=\"noopener noreferrer\">So integrieren Sie das Kontaktformular in eine Magento-Website<\/a>\u00bb und nutzen Sie die zweite Chance, es selbst zu erstellen. Oder wenden Sie sich mit einer ausf\u00fchrlichen Beschreibung Ihres Problems an das Support-Team, das das Problem gerne l\u00f6st.<\/div>\n\n<div class=\"faq\" data-component=\"FAQ\"> <div class=\"faq-item\">\r\n\t\t\t\t\t<div class=\"faq-item-question\">\r\n\t\t\t\t\t\t<h3 class=\"faq-item-question-text\">Wie sch\u00fctze ich Magento-Formulardaten auf meiner Homepage?<\/h3>\r\n\r\n\t\t\t\t\t\t<div class=\"faq-item-question-icon\"><\/div>\r\n\t\t\t\t\t<\/div>\r\n\r\n\t\t\t\t\t<div class=\"faq-item-answer\">\r\n\t\t\t\t\t\t<div class=\"faq-item-answer-text\"> Unser Form Builder-Widget ist mit dem effektivsten reCAPTCHA-Sicherheitstool eingebettet. Es wurde hinzugef\u00fcgt, um Ihr Formular und Ihr Postfach vor Spam und Bots zu sch\u00fctzen und eine einfache Arbeit und nur relevante Daten zu gew\u00e4hrleisten.<\/div>\r\n\t\t\t\t\t<\/div>\r\n\t\t\t\t<\/div> <div class=\"faq-item\">\r\n\t\t\t\t\t<div class=\"faq-item-question\">\r\n\t\t\t\t\t\t<h3 class=\"faq-item-question-text\">Verf\u00fcgen Sie \u00fcber Vorlagen, die bedingte Logikformulare \/ Formulare mit mehreren Feldern \/ E-Mail unterst\u00fctzen? Formulare?<\/h3>\r\n\r\n\t\t\t\t\t\t<div class=\"faq-item-question-icon\"><\/div>\r\n\t\t\t\t\t<\/div>\r\n\r\n\t\t\t\t\t<div class=\"faq-item-answer\">\r\n\t\t\t\t\t\t<div class=\"faq-item-answer-text\"> Klar! Sie m\u00fcssen sich lediglich beim Elfsight Apps-Dienst anmelden, eine relevante Vorlage ausw\u00e4hlen und dann mit der Erstellung Ihres benutzerdefinierten Tools fortfahren.<\/div>\r\n\t\t\t\t\t<\/div>\r\n\t\t\t\t<\/div> <div class=\"faq-item\">\r\n\t\t\t\t\t<div class=\"faq-item-question\">\r\n\t\t\t\t\t\t<h3 class=\"faq-item-question-text\">Wie erstelle ich einen Kontakt oder ein Feedback? Formular f\u00fcr meine Magento-Website?<\/h3>\r\n\r\n\t\t\t\t\t\t<div class=\"faq-item-question-icon\"><\/div>\r\n\t\t\t\t\t<\/div>\r\n\r\n\t\t\t\t\t<div class=\"faq-item-answer\">\r\n\t\t\t\t\t\t<div class=\"faq-item-answer-text\">Um ein Kontakt-\/Feedback-Formular zu erstellen, m\u00fcssen Sie sich beim Elfsight Apps-Dienst anmelden und alle erforderlichen Anpassungen am Plugin vornehmen. Wenn Sie fertig sind, speichern Sie die \u00c4nderungen und fahren Sie mit Ihrer Website fort. Sie sind fertig.<\/div>\r\n\t\t\t\t\t<\/div>\r\n\t\t\t\t<\/div> <div class=\"faq-item\">\r\n\t\t\t\t\t<div class=\"faq-item-question\">\r\n\t\t\t\t\t\t<h3 class=\"faq-item-question-text\">Gibt es Kontaktformularvorlagen f\u00fcr die Magento-Website?<\/h3>\r\n\r\n\t\t\t\t\t\t<div class=\"faq-item-question-icon\"><\/div>\r\n\t\t\t\t\t<\/div>\r\n\r\n\t\t\t\t\t<div class=\"faq-item-answer\">\r\n\t\t\t\t\t\t<div class=\"faq-item-answer-text\">Ja, die gibt es! Das Elfsight-Team hat eine gro\u00dfartige Sammlung von \u00fcber 300 gebrauchsfertigen Vorlagen erstellt. Und Sie werden von den <a href=\"https:\/\/elfsight.com\/online-form-builder\/templates\/contact-forms\/\">Kontaktformularvorlagen<\/a> mit Sicherheit nicht entt\u00e4uscht sein.<\/div>\r\n\t\t\t\t\t<\/div>\r\n\t\t\t\t<\/div> <\/div>","protected":false},"excerpt":{"rendered":"","protected":false},"author":9,"featured_media":0,"parent":949,"menu_order":0,"comment_status":"closed","ping_status":"closed","template":"templates\/template-application-platform.php","meta":{"publish_to_discourse":"","publish_post_category":"","wpdc_auto_publish_overridden":"","wpdc_topic_tags":"","wpdc_pin_topic":"","wpdc_pin_until":"","discourse_post_id":"","discourse_permalink":"","wpdc_publishing_response":"","wpdc_publishing_error":"","footnotes":""},"class_list":["post-16927","page","type-page","status-publish","hentry"],"yoast_head":"<!-- This site is optimized with the Yoast SEO plugin v25.3.1 - https:\/\/yoast.com\/wordpress\/plugins\/seo\/ -->\n<title>Erstellen Sie kostenlos ein Kontaktformular auf Magento und f\u00fcgen Sie es hinzu!<\/title>\n<meta name=\"description\" content=\"Erstellen Sie eine individuelle Kontaktformular-Erweiterung f\u00fcr Magento und betten Sie sie in nur 2 Minuten auf Ihrer Website ein. Kostenloser Konfigurator, Unterst\u00fctzung bei der Integration und weitere verschiedene Extras von Elfsight!\" \/>\n<meta name=\"robots\" content=\"index, follow, max-snippet:-1, max-image-preview:large, max-video-preview:-1\" \/>\n<link rel=\"canonical\" href=\"https:\/\/elfsight.com\/de\/contact-form-widget\/magento\/\" \/>\n<meta property=\"og:locale\" content=\"de_DE\" \/>\n<meta property=\"og:type\" content=\"article\" \/>\n<meta property=\"og:title\" content=\"Erstellen Sie kostenlos ein Kontaktformular auf Magento und f\u00fcgen Sie es hinzu!\" \/>\n<meta property=\"og:description\" content=\"Erstellen Sie eine individuelle Kontaktformular-Erweiterung f\u00fcr Magento und betten Sie sie in nur 2 Minuten auf Ihrer Website ein. Kostenloser Konfigurator, Unterst\u00fctzung bei der Integration und weitere verschiedene Extras von Elfsight!\" \/>\n<meta property=\"og:url\" content=\"https:\/\/elfsight.com\/de\/contact-form-widget\/magento\/\" \/>\n<meta property=\"og:site_name\" content=\"Elfsight DE\" \/>\n<meta property=\"article:modified_time\" content=\"2025-01-14T10:32:53+00:00\" \/>\n<meta name=\"twitter:card\" content=\"summary_large_image\" \/>\n<meta name=\"twitter:label1\" content=\"Gesch\u00e4tzte Lesezeit\" \/>\n\t<meta name=\"twitter:data1\" content=\"4\u00a0Minuten\" \/>\n<!-- \/ Yoast SEO plugin. -->","yoast_head_json":{"title":"Erstellen Sie kostenlos ein Kontaktformular auf Magento und f\u00fcgen Sie es hinzu!","description":"Erstellen Sie eine individuelle Kontaktformular-Erweiterung f\u00fcr Magento und betten Sie sie in nur 2 Minuten auf Ihrer Website ein. Kostenloser Konfigurator, Unterst\u00fctzung bei der Integration und weitere verschiedene Extras von Elfsight!","robots":{"index":"index","follow":"follow","max-snippet":"max-snippet:-1","max-image-preview":"max-image-preview:large","max-video-preview":"max-video-preview:-1"},"canonical":"https:\/\/elfsight.com\/de\/contact-form-widget\/magento\/","og_locale":"de_DE","og_type":"article","og_title":"Erstellen Sie kostenlos ein Kontaktformular auf Magento und f\u00fcgen Sie es hinzu!","og_description":"Erstellen Sie eine individuelle Kontaktformular-Erweiterung f\u00fcr Magento und betten Sie sie in nur 2 Minuten auf Ihrer Website ein. Kostenloser Konfigurator, Unterst\u00fctzung bei der Integration und weitere verschiedene Extras von Elfsight!","og_url":"https:\/\/elfsight.com\/de\/contact-form-widget\/magento\/","og_site_name":"Elfsight DE","article_modified_time":"2025-01-14T10:32:53+00:00","twitter_card":"summary_large_image","twitter_misc":{"Gesch\u00e4tzte Lesezeit":"4\u00a0Minuten"},"schema":{"@context":"https:\/\/schema.org","@graph":[{"@type":"WebPage","@id":"https:\/\/elfsight.com\/de\/contact-form-widget\/magento\/","url":"https:\/\/elfsight.com\/de\/contact-form-widget\/magento\/","name":"Erstellen Sie kostenlos ein Kontaktformular auf Magento und f\u00fcgen Sie es hinzu!","isPartOf":{"@id":"https:\/\/elfsight.com\/de\/#website"},"datePublished":"2024-05-03T06:32:56+00:00","dateModified":"2025-01-14T10:32:53+00:00","description":"Erstellen Sie eine individuelle Kontaktformular-Erweiterung f\u00fcr Magento und betten Sie sie in nur 2 Minuten auf Ihrer Website ein. Kostenloser Konfigurator, Unterst\u00fctzung bei der Integration und weitere verschiedene Extras von Elfsight!","breadcrumb":{"@id":"https:\/\/elfsight.com\/de\/contact-form-widget\/magento\/#breadcrumb"},"inLanguage":"de","potentialAction":[{"@type":"ReadAction","target":["https:\/\/elfsight.com\/de\/contact-form-widget\/magento\/"]}]},{"@type":"BreadcrumbList","@id":"https:\/\/elfsight.com\/de\/contact-form-widget\/magento\/#breadcrumb","itemListElement":[{"@type":"ListItem","position":1,"name":"Home","item":"https:\/\/elfsight.com\/de\/"},{"@type":"ListItem","position":2,"name":"Contact Form","item":"https:\/\/elfsight.com\/de\/contact-form-widget\/"},{"@type":"ListItem","position":3,"name":"Contact Form &#8211; Magento"}]},{"@type":"WebSite","@id":"https:\/\/elfsight.com\/de\/#website","url":"https:\/\/elfsight.com\/de\/","name":"Elfsight DE","description":"Just another Elfsight Sites site","potentialAction":[{"@type":"SearchAction","target":{"@type":"EntryPoint","urlTemplate":"https:\/\/elfsight.com\/de\/?s={search_term_string}"},"query-input":{"@type":"PropertyValueSpecification","valueRequired":true,"valueName":"search_term_string"}}],"inLanguage":"de"}]}},"meta_box":{"industry":"","seo_heading":"","heading":"","description":"","cta_heading":"","cta_description":"","application":"465","h1":"Kontaktformular-Erweiterung f\u00fcr Magento","h1_caption":"Erstellen Sie ganz einfach Kontaktformulare und betten Sie sie in Ihre Website ein, um die Benutzerinteraktion und Anfragen auf Ihrer Magento-Website m\u00fchelos zu f\u00f6rdern.","application_category":[],"applications_title":"","applications_request_title":"","applications_request_button_text":"","hero_text":"","hero_video":"","hero_video_schema_markup":"","selling_points_title":"","selling_points_caption":"","selling_points":[],"selling_points_cta_text":"","features_title":"","features":"","ed_cta_examples_text":"","ed_cta_examples_hidden":"","ed_cta_demo_text":"","ed_cta_demo_hidden":"","why_caption":"","why_editor_title":"","why_editor_text":"","why_team_title":"","why_team_text":"","why_service_title":"","why_service_text":"","template_catalog_visible":"0","template_catalog_title":"","template_catalog_text":"","template_catalog_categories_visible":"","demo_title":"Erstellen Sie Ihre Kontaktformular-Erweiterung","demo_caption":"Konfigurieren Sie Ihr Kontaktformular und f\u00fcgen Sie es kostenlos zu Ihrer Magento-Website hinzu!","default_faq_hidden":"","app_template_category":[],"platform":"256","template_public_id":"","codecanyon_url":"","codecanyon_item_id":"","codecanyon_price":"","pricing_caption":"","pricing_elfsight_apps_hide_column":"","pricing_elfsight_apps_url":"","pricing_codecanyon_price_caption":"","integration_category":[],"integration_request_title":"","integration_request_cta":"","integration_platform":"","integrations":[],"platform_category":[],"video_schema_markup":"","price":"ab 0 $ \/ Monat","trial":"","benefits":[{"text":"Kostenlose Installationsunterst\u00fctzung"},{"text":"Effektiver Kundenservice"},{"text":"14-t\u00e4gige R\u00fcckerstattungsgarantie"},{"text":"Kontinuierliche Updates"}],"button_url":"#demo","button_target_blank":"0","button_nofollow":"0","attributes":[{"name":"Installiert","content":"100,000 - 500,000"},{"name":"Reaktionsfreudig","content":"Ja"},{"name":"Kompatible Browser","content":"Firefox, Safari, Opera, Chrome, Edge"}],"tags":[],"tags_disable_links":"0","hide_more_platforms":"","video_object":"","demo_hide_cta":"0","demo_hide_cloud_options":"0","pricing_title":"","pricing":[{"pricing_icon":"platform","pricing_title":"Elfsight Apps","pricing_title_caption":"Plattformunabh\u00e4ngige Software","pricing_price":"ab 0 $ \/ Monat","pricing_price_caption":"Beginnen Sie mit einem kostenlosen Plan","pricing_benefits":[{"text":"Unbegrenzte Websites"},{"text":"Support rund um die Uhr"},{"text":"Kostenlose Installationsunterst\u00fctzung"},{"text":"100 % anpassbar"}],"pricing_button_text":"Zur Website hinzuf\u00fcgen","pricing_button_url":"#demo"}],"related_apps_title":"","related_apps_hidden":"0","author":"","image":[],"title":"","job":"","social_networks":[]},"_links":{"self":[{"href":"https:\/\/elfsight.com\/de\/wp-json\/wp\/v2\/pages\/16927","targetHints":{"allow":["GET"]}}],"collection":[{"href":"https:\/\/elfsight.com\/de\/wp-json\/wp\/v2\/pages"}],"about":[{"href":"https:\/\/elfsight.com\/de\/wp-json\/wp\/v2\/types\/page"}],"author":[{"embeddable":true,"href":"https:\/\/elfsight.com\/de\/wp-json\/wp\/v2\/users\/9"}],"replies":[{"embeddable":true,"href":"https:\/\/elfsight.com\/de\/wp-json\/wp\/v2\/comments?post=16927"}],"version-history":[{"count":7,"href":"https:\/\/elfsight.com\/de\/wp-json\/wp\/v2\/pages\/16927\/revisions"}],"predecessor-version":[{"id":23600,"href":"https:\/\/elfsight.com\/de\/wp-json\/wp\/v2\/pages\/16927\/revisions\/23600"}],"up":[{"embeddable":true,"href":"https:\/\/elfsight.com\/de\/wp-json\/wp\/v2\/pages\/949"}],"wp:attachment":[{"href":"https:\/\/elfsight.com\/de\/wp-json\/wp\/v2\/media?parent=16927"}],"curies":[{"name":"wp","href":"https:\/\/api.w.org\/{rel}","templated":true}]}}