{"id":16921,"date":"2024-05-03T06:32:54","date_gmt":"2024-05-03T06:32:54","guid":{"rendered":"https:\/\/elfsight.com\/de\/?page_id=16921"},"modified":"2025-01-14T10:53:10","modified_gmt":"2025-01-14T10:53:10","slug":"opencart","status":"publish","type":"page","link":"https:\/\/elfsight.com\/de\/contact-form-widget\/opencart\/","title":{"rendered":"Contact Form &#8211; OpenCart"},"content":{"rendered":"\n<div class=\"application-platform-content-item-description application-platform-content-item\" id=\"description\" data-nav-section=\"description\">\n<h2>Kontaktformular f\u00fcr OpenCart<\/h2>\n<p>Die Elfsight OpenCart Kontaktformular-Erweiterung erf\u00fcllt alle Ihre Anforderungen beim Sammeln von Impressionen und Anfragen von Kunden, die Ihre Website nutzen. F\u00fcgen Sie wesentliche Felder hinzu, w\u00e4hlen Sie die optimale Vorlagenvariante aus und passen Sie das Farbschema an, um Ihre Kunden noch mehr zu motivieren, ihre Eindr\u00fccke \u00fcber Ihre Produkte oder Ihr Unternehmen zu senden.<\/p>\n<p><b>Erfassen Sie Feedback, erhalten Sie Bestellungen und senden Sie Antworten auf die Nachrichten der Nutzer Ihrer Website!<\/b><\/p>\n<ul>\n<li><b>Bis zu +100 potenziellen Kunden<\/b>.<br>\nSichern Sie eine kontinuierliche Kommunikation mit potenziellen Kunden rund um die Uhr \u00fcber ein praktisches Formular auf Ihrer Website und gewinnen Sie mehr Besucher, die kurz davor sind, einen Kauf zu t\u00e4tigen.<\/li>\n<li><b>Erfassen Sie mehr Reaktionen zu Produkten oder Dienstleistungen<\/b>.<br>\nReaktionen Ihrer Kunden sind entscheidend f\u00fcr die Verbesserung des Unternehmens. Mit unserem einfachen Kontaktformular k\u00f6nnen Sie mehr Bewertungen von Ihrer Website erhalten!<\/li>\n<li><b>Verbessern Sie Ihre Kundenkommunikation<\/b>.<br>\nDank praktischer Vorlagen, einem anpassungsf\u00e4higen Design und individuellen \u201eDanke\u201c-Benachrichtigungen k\u00f6nnen Sie Ihren Nutzern zeigen, dass Sie sie sch\u00e4tzen.<\/li>\n<\/ul>\n<\/div>\n<div class=\"application-platform-content-item-features application-platform-content-item\" id=\"features\" data-nav-section=\"features\">\n<h2>Kontaktformular-Plugin<\/h2>\n<p>Warum ist das Elfsight Kontaktformular das beste Tool, um Nutzerfeedback zu erhalten und Bestellungen f\u00fcr OpenCart zu sammeln? Sehen Sie sich unsere wichtigsten Eigenschaften an:<\/p>\n<ul>\n<li>W\u00e4hlen Sie die Felder, die erforderlich sind;<\/li>\n<li>Stellen Sie eine beliebige Formularbreite ein;<\/li>\n<li>5 visuelle Feldstile enthalten: klassisch, flach, material, klassisch abgerundet, flach abgerundet;<\/li>\n<li>Setzen Sie einen Text, der nach erfolgreicher Absenden der Nachricht angezeigt wird;<\/li>\n<li>Funktioniert und sieht auf mobilen Ger\u00e4ten perfekt aus.<\/li>\n<\/ul>\n<p><a href=\"#demo\">Sehen Sie sich alle Vorteile in unserem Editor an<\/a><\/p>\n<\/div>\n<div class=\"application-platform-content-item-installation application-platform-content-item\" id=\"installation\" data-nav-section=\"installation\">\n<h2>So f\u00fcgen Sie das Kontaktformular-Widget in eine OpenCart-Website ein<\/h2>\n<p>Folgen Sie einfach der unten stehenden Anleitung, um das Widget in OpenCart zu integrieren.<\/p>\n\n<ol>\n<li><b>Verwenden Sie unseren kostenlosen Konfigurator und beginnen Sie mit der Erstellung Ihres eigenen Widgets.<\/b><br> \nLegen Sie das gew\u00fcnschte Formular und die Funktionalit\u00e4t des Tools fest und wenden Sie die \u00c4nderungen an.<\/li>\n<li><b>Kopieren Sie Ihren individuellen Code, der im Elfsight Apps-Fenster angezeigt wird.<\/b><br> \nSobald die Erstellung Ihrer pers\u00f6nlichen Kontaktformular-Erweiterung abgeschlossen ist, kopieren Sie den einzigartigen Code aus dem angezeigten Fenster und speichern Sie ihn f\u00fcr sp\u00e4ter.<\/li>\n<li><b>F\u00fcgen Sie das Widget auf Ihrer OpenCart-Website ein.<\/b><br> \nF\u00fcgen Sie den vorher gespeicherten Code in Ihre Website ein und wenden Sie die \u00c4nderungen an.<\/li>\n<li><b>Sie sind fertig! Die Installation wurde erfolgreich abgeschlossen.<\/b><br> \nGehen Sie auf Ihre Seite, um das Widget in Aktion zu sehen.<\/li>\n<\/ol>\n\n<p>Haben Sie Schwierigkeiten bei der Installation oder Anpassung des Kontaktformulars? Dann empfehlen wir Ihnen, eine vollst\u00e4ndige Anleitung zu lesen: \u201e<a href=\"https:\/\/elfsight.com\/tutorials\/how-to-add-contact-form-module-to-opencart\/\" target=\"_blank\" rel=\"noopener noreferrer\">Wie man ein Kontaktformular auf einer OpenCart-Website hinzuf\u00fcgt<\/a>\u201c und versuchen Sie es erneut, es selbst zu installieren. Alternativ k\u00f6nnen Sie sich mit einer detaillierten Beschreibung Ihres Problems an unser Support-Team wenden, und unser Team wird gerne Ihre Fragen beantworten.<\/p>\n<div class=\"faq\" data-component=\"FAQ\"> \n<div class=\"faq-item\">\r\n\t\t\t\t\t<div class=\"faq-item-question\">\r\n\t\t\t\t\t\t<h3 class=\"faq-item-question-text\">Wie kann ich das Kontaktformular ohne Programmierkenntnisse zu meiner OpenCart-Website hinzuf\u00fcgen?<\/h3>\r\n\r\n\t\t\t\t\t\t<div class=\"faq-item-question-icon\"><\/div>\r\n\t\t\t\t\t<\/div>\r\n\r\n\t\t\t\t\t<div class=\"faq-item-answer\">\r\n\t\t\t\t\t\t<div class=\"faq-item-answer-text\"> \n<p>Elfsight bietet eine SaaS-L\u00f6sung, mit der Sie das Kontaktformular-Widget selbst erstellen k\u00f6nnen. Sehen Sie, wie einfach der Prozess ist: Arbeiten Sie direkt im Online-Editor, um das Kontaktformular-Widget zu erstellen, das Sie auf Ihrer OpenCart-Website sehen m\u00f6chten. W\u00e4hlen Sie eine der vorgefertigten Vorlagen und passen Sie die Einstellungen des Kontaktformulars an, f\u00fcgen Sie Ihre Inhalte hinzu, \u00e4ndern Sie das Layout und die Farben \u2013 ganz ohne Programmierkenntnisse. Speichern Sie das Kontaktformular und kopieren Sie den Installationscode, den Sie einfach in Ihre OpenCart-Website einf\u00fcgen k\u00f6nnen, ohne ein kostenpflichtiges Abonnement zu kaufen. Mit unserem intuitiven Editor kann jeder Internetnutzer ein Kontaktformular-Widget online erstellen und einfach in seine OpenCart-Website einf\u00fcgen. Es ist keine Zahlung erforderlich und auch keine Eingabe Ihrer Kartendaten, um den Service zu nutzen. Falls Sie auf ein Problem sto\u00dfen, k\u00f6nnen Sie sich jederzeit an unser Support-Team wenden.<\/p> \n<\/div>\r\n\t\t\t\t\t<\/div>\r\n\t\t\t\t<\/div> \n<div class=\"faq-item\">\r\n\t\t\t\t\t<div class=\"faq-item-question\">\r\n\t\t\t\t\t\t<h3 class=\"faq-item-question-text\">Bieten Sie Kontaktformular-Vorlagen f\u00fcr die OpenCart-Website an?<\/h3>\r\n\r\n\t\t\t\t\t\t<div class=\"faq-item-question-icon\"><\/div>\r\n\t\t\t\t\t<\/div>\r\n\r\n\t\t\t\t\t<div class=\"faq-item-answer\">\r\n\t\t\t\t\t\t<div class=\"faq-item-answer-text\">\n<p>Ja, Elfsight bietet \u00fcber 300 vorgefertigte Vorlagen f\u00fcr jeden Bedarf. Werfen Sie einen genaueren Blick auf die <a href=\"https:\/\/elfsight.com\/online-form-builder\/templates\/contact-forms\/\">Kontaktformular-Vorlagen<\/a> und w\u00e4hlen Sie die, die Ihnen am meisten zusagt.<\/p>\n<\/div>\r\n\t\t\t\t\t<\/div>\r\n\t\t\t\t<\/div>\n<\/div> \n<\/div>\n","protected":false},"excerpt":{"rendered":"","protected":false},"author":9,"featured_media":0,"parent":949,"menu_order":0,"comment_status":"closed","ping_status":"closed","template":"templates\/template-application-platform.php","meta":{"publish_to_discourse":"","publish_post_category":"","wpdc_auto_publish_overridden":"","wpdc_topic_tags":"","wpdc_pin_topic":"","wpdc_pin_until":"","discourse_post_id":"","discourse_permalink":"","wpdc_publishing_response":"","wpdc_publishing_error":"","footnotes":""},"class_list":["post-16921","page","type-page","status-publish","hentry"],"yoast_head":"<!-- This site is optimized with the Yoast SEO plugin v25.3.1 - https:\/\/yoast.com\/wordpress\/plugins\/seo\/ -->\n<title>Erstellen Sie kostenlos ein Kontaktformular auf OpenCart und f\u00fcgen Sie es hinzu!<\/title>\n<meta name=\"description\" content=\"Erstellen Sie Ihre einzigartige Kontaktformularerweiterung f\u00fcr OpenCart und platzieren Sie sie in nur 2 Minuten auf Ihrer Website. Kostenlose Demo, Hilfe bei der Einrichtung und weitere Boni von Elfsight!\" \/>\n<meta name=\"robots\" content=\"index, follow, max-snippet:-1, max-image-preview:large, max-video-preview:-1\" \/>\n<link rel=\"canonical\" href=\"https:\/\/elfsight.com\/de\/contact-form-widget\/opencart\/\" \/>\n<meta property=\"og:locale\" content=\"de_DE\" \/>\n<meta property=\"og:type\" content=\"article\" \/>\n<meta property=\"og:title\" content=\"Erstellen Sie kostenlos ein Kontaktformular auf OpenCart und f\u00fcgen Sie es hinzu!\" \/>\n<meta property=\"og:description\" content=\"Erstellen Sie Ihre einzigartige Kontaktformularerweiterung f\u00fcr OpenCart und platzieren Sie sie in nur 2 Minuten auf Ihrer Website. Kostenlose Demo, Hilfe bei der Einrichtung und weitere Boni von Elfsight!\" \/>\n<meta property=\"og:url\" content=\"https:\/\/elfsight.com\/de\/contact-form-widget\/opencart\/\" \/>\n<meta property=\"og:site_name\" content=\"Elfsight DE\" \/>\n<meta property=\"article:modified_time\" content=\"2025-01-14T10:53:10+00:00\" \/>\n<meta name=\"twitter:card\" content=\"summary_large_image\" \/>\n<meta name=\"twitter:label1\" content=\"Gesch\u00e4tzte Lesezeit\" \/>\n\t<meta name=\"twitter:data1\" content=\"4\u00a0Minuten\" \/>\n<!-- \/ Yoast SEO plugin. -->","yoast_head_json":{"title":"Erstellen Sie kostenlos ein Kontaktformular auf OpenCart und f\u00fcgen Sie es hinzu!","description":"Erstellen Sie Ihre einzigartige Kontaktformularerweiterung f\u00fcr OpenCart und platzieren Sie sie in nur 2 Minuten auf Ihrer Website. Kostenlose Demo, Hilfe bei der Einrichtung und weitere Boni von Elfsight!","robots":{"index":"index","follow":"follow","max-snippet":"max-snippet:-1","max-image-preview":"max-image-preview:large","max-video-preview":"max-video-preview:-1"},"canonical":"https:\/\/elfsight.com\/de\/contact-form-widget\/opencart\/","og_locale":"de_DE","og_type":"article","og_title":"Erstellen Sie kostenlos ein Kontaktformular auf OpenCart und f\u00fcgen Sie es hinzu!","og_description":"Erstellen Sie Ihre einzigartige Kontaktformularerweiterung f\u00fcr OpenCart und platzieren Sie sie in nur 2 Minuten auf Ihrer Website. Kostenlose Demo, Hilfe bei der Einrichtung und weitere Boni von Elfsight!","og_url":"https:\/\/elfsight.com\/de\/contact-form-widget\/opencart\/","og_site_name":"Elfsight DE","article_modified_time":"2025-01-14T10:53:10+00:00","twitter_card":"summary_large_image","twitter_misc":{"Gesch\u00e4tzte Lesezeit":"4\u00a0Minuten"},"schema":{"@context":"https:\/\/schema.org","@graph":[{"@type":"WebPage","@id":"https:\/\/elfsight.com\/de\/contact-form-widget\/opencart\/","url":"https:\/\/elfsight.com\/de\/contact-form-widget\/opencart\/","name":"Erstellen Sie kostenlos ein Kontaktformular auf OpenCart und f\u00fcgen Sie es hinzu!","isPartOf":{"@id":"https:\/\/elfsight.com\/de\/#website"},"datePublished":"2024-05-03T06:32:54+00:00","dateModified":"2025-01-14T10:53:10+00:00","description":"Erstellen Sie Ihre einzigartige Kontaktformularerweiterung f\u00fcr OpenCart und platzieren Sie sie in nur 2 Minuten auf Ihrer Website. Kostenlose Demo, Hilfe bei der Einrichtung und weitere Boni von Elfsight!","breadcrumb":{"@id":"https:\/\/elfsight.com\/de\/contact-form-widget\/opencart\/#breadcrumb"},"inLanguage":"de","potentialAction":[{"@type":"ReadAction","target":["https:\/\/elfsight.com\/de\/contact-form-widget\/opencart\/"]}]},{"@type":"BreadcrumbList","@id":"https:\/\/elfsight.com\/de\/contact-form-widget\/opencart\/#breadcrumb","itemListElement":[{"@type":"ListItem","position":1,"name":"Home","item":"https:\/\/elfsight.com\/de\/"},{"@type":"ListItem","position":2,"name":"Contact Form","item":"https:\/\/elfsight.com\/de\/contact-form-widget\/"},{"@type":"ListItem","position":3,"name":"Contact Form &#8211; OpenCart"}]},{"@type":"WebSite","@id":"https:\/\/elfsight.com\/de\/#website","url":"https:\/\/elfsight.com\/de\/","name":"Elfsight DE","description":"Just another Elfsight Sites site","potentialAction":[{"@type":"SearchAction","target":{"@type":"EntryPoint","urlTemplate":"https:\/\/elfsight.com\/de\/?s={search_term_string}"},"query-input":{"@type":"PropertyValueSpecification","valueRequired":true,"valueName":"search_term_string"}}],"inLanguage":"de"}]}},"meta_box":{"industry":"","seo_heading":"","heading":"","description":"","cta_heading":"","cta_description":"","application":"465","h1":"Kontaktformular-Erweiterung f\u00fcr OpenCart","h1_caption":"Erstellen Sie ganz einfach Kontaktformulare und betten Sie sie in Ihre Website ein, um die Benutzerinteraktion und Anfragen auf Ihrer Opencart-Website m\u00fchelos zu f\u00f6rdern.","application_category":[],"applications_title":"","applications_request_title":"","applications_request_button_text":"","hero_text":"","hero_video":"","hero_video_schema_markup":"","selling_points_title":"","selling_points_caption":"","selling_points":[],"selling_points_cta_text":"","features_title":"","features":"","ed_cta_examples_text":"","ed_cta_examples_hidden":"","ed_cta_demo_text":"","ed_cta_demo_hidden":"","why_caption":"","why_editor_title":"","why_editor_text":"","why_team_title":"","why_team_text":"","why_service_title":"","why_service_text":"","template_catalog_visible":"0","template_catalog_title":"","template_catalog_text":"","template_catalog_categories_visible":"","demo_title":"Erstellen Sie Ihre Kontaktformular-Erweiterung","demo_caption":"Konfigurieren Sie Ihr Kontaktformular und f\u00fcgen Sie es kostenlos zu Ihrer OpenCart-Website hinzu!","default_faq_hidden":"","app_template_category":[],"platform":"254","template_public_id":"","codecanyon_url":"","codecanyon_item_id":"","codecanyon_price":"","pricing_caption":"","pricing_elfsight_apps_hide_column":"","pricing_elfsight_apps_url":"","pricing_codecanyon_price_caption":"","integration_category":[],"integration_request_title":"","integration_request_cta":"","integration_platform":"","integrations":[],"platform_category":[],"video_schema_markup":"","price":"ab 0 $ \/ Monat","trial":"","benefits":[{"text":"Kostenlose Installationsunterst\u00fctzung"},{"text":"Premium-Support"},{"text":"14-t\u00e4gige Geld-zur\u00fcck-Garantie"},{"text":"Zuk\u00fcnftige kostenlose Verbesserungen"}],"button_url":"#demo","button_target_blank":"0","button_nofollow":"0","attributes":[{"name":"Installiert","content":"100,000 - 500,000"},{"name":"Reaktionsfreudig","content":"Ja"},{"name":"Kompatible Browser","content":"Firefox, Safari, Opera, Chrome, Edge"}],"tags":[],"tags_disable_links":"0","hide_more_platforms":"","video_object":"","demo_hide_cta":"0","demo_hide_cloud_options":"0","pricing_title":"","pricing":[{"pricing_icon":"platform","pricing_title":"Elfsight Apps","pricing_title_caption":"Plattform\u00fcbergreifende Version, die auf jeder Website funktioniert","pricing_price":"ab 0 $ \/ Monat","pricing_price_caption":"Beginnen Sie mit einem kostenlosen Plan","pricing_benefits":[{"text":"Unbegrenzte Websites"},{"text":"Premium-Kundensupport"},{"text":"Kostenloser Installationssupport"},{"text":"Flexibles Design"}],"pricing_button_text":"Zur Website hinzuf\u00fcgen","pricing_button_url":"#demo"}],"related_apps_title":"","related_apps_hidden":"0","author":"","image":[],"title":"","job":"","social_networks":[]},"_links":{"self":[{"href":"https:\/\/elfsight.com\/de\/wp-json\/wp\/v2\/pages\/16921","targetHints":{"allow":["GET"]}}],"collection":[{"href":"https:\/\/elfsight.com\/de\/wp-json\/wp\/v2\/pages"}],"about":[{"href":"https:\/\/elfsight.com\/de\/wp-json\/wp\/v2\/types\/page"}],"author":[{"embeddable":true,"href":"https:\/\/elfsight.com\/de\/wp-json\/wp\/v2\/users\/9"}],"replies":[{"embeddable":true,"href":"https:\/\/elfsight.com\/de\/wp-json\/wp\/v2\/comments?post=16921"}],"version-history":[{"count":3,"href":"https:\/\/elfsight.com\/de\/wp-json\/wp\/v2\/pages\/16921\/revisions"}],"predecessor-version":[{"id":23608,"href":"https:\/\/elfsight.com\/de\/wp-json\/wp\/v2\/pages\/16921\/revisions\/23608"}],"up":[{"embeddable":true,"href":"https:\/\/elfsight.com\/de\/wp-json\/wp\/v2\/pages\/949"}],"wp:attachment":[{"href":"https:\/\/elfsight.com\/de\/wp-json\/wp\/v2\/media?parent=16921"}],"curies":[{"name":"wp","href":"https:\/\/api.w.org\/{rel}","templated":true}]}}