{"id":16920,"date":"2024-05-03T06:32:53","date_gmt":"2024-05-03T06:32:53","guid":{"rendered":"https:\/\/elfsight.com\/de\/?page_id=16920"},"modified":"2025-01-14T11:06:08","modified_gmt":"2025-01-14T11:06:08","slug":"squarespace","status":"publish","type":"page","link":"https:\/\/elfsight.com\/de\/contact-form-widget\/squarespace\/","title":{"rendered":"Contact Form &#8211; Squarespace"},"content":{"rendered":"\n<div class=\"application-platform-content-item-description application-platform-content-item\" id=\"description\" data-nav-section=\"description\"><h2>Kontaktformular f\u00fcr Squarespace<\/h2><p>Elfsight Das Squarespace-Kontaktformular-Widget erf\u00fcllt alle Ihre Anforderungen beim Sammeln von Feedback und Bestellungen von Kunden von deine Website. F\u00fcgen Sie die zum Ausf\u00fcllen erforderlichen Elemente hinzu, w\u00e4hlen Sie die gew\u00fcnschte Vorlage aus und passen Sie das Erscheinungsbild an, um Ihre Besucher noch mehr zu ermutigen, Anfragen f\u00fcr Dienstleistungen Ihres Unternehmens zu schreiben. Es steht Ihnen beispielsweise frei, ein E-Mail-Squarespace-Kontaktformular zu erstellen, das <\/p><p><b>Feedback erh\u00e4lt, Bestellungen entgegennimmt und Antworten auf die Nachrichten der Besucher Ihrer Website schreibt!<\/b><\/p> <ul><li><b>Bis zu +100 zur Anzahl potenzieller Kunden<\/b>.<br>Bleiben Sie 24 Stunden am Tag in st\u00e4ndiger Kommunikation mit potenziellen Kunden, indem Sie ein reibungsloses bedingtes Logikformular auf Ihrer Squarespace-Site verwenden und erhalten Benutzer, die bereit sind zu bestellen.<\/li><li><b>Nehmen Sie Ihre Benutzer besser wahr<\/b>.<br>Probleme, Anfragen und andere Eindr\u00fccke Ihrer Kunden zu Ihren Angeboten oder Dienstleistungen sind effektive Daten, die dabei helfen Erkennen Sie die W\u00fcnsche Ihres Website-Publikums und setzen Sie effizient einen Plan zur potenziellen Verbesserung Ihres Unternehmens um. Erfassen Sie sie ganz einfach mit dem E-Mail-Formular von Squarespace.<\/li><li><b>Verbessern Sie Ihre Benutzerinteraktion<\/b>.<br>Mit praktischen Vorlagen, einer anpassbaren Benutzeroberfl\u00e4che und personalisierten \u201eDankesch\u00f6n\u201c-Nachrichten k\u00f6nnen Sie sie Ihren Kunden zeigen ihre Bedeutung f\u00fcr Ihr Unternehmen.<\/li><\/ul><\/div><div class=\"application-platform-content-item-features application-platform-content-item\" id=\"features\" data-nav-section=\"features\"><h2>Funktionen des Kontaktformular-Plugins<\/h2><p>Was das Elfsight-Kontaktformular zum besten Widget macht Nutzerimpressionen sammeln und Bestellungen f\u00fcr Squarespace entgegennehmen? Lernen Sie unsere wichtigsten Vorteile kennen:<\/p><ul><li>Ordnen Sie die Felder in der von Ihnen gew\u00fcnschten Form an;<\/li><li>Verstecken Sie die Kopfzeile;<\/li><li>2 vordefinierte Layouts: Inline, um dem Seitentext hinzugef\u00fcgt zu werden, und schwebend, um dem Scrollen Ihres Besuchers zu folgen;<\/li><li>Alle in das Formular eingegebenen Daten werden in Bearbeitung gespeichert;<\/li><li>Nahtloses Design, das f\u00fcr 99 % der Websites geeignet ist der Box.<\/li><\/ul><p><a href=\"#demo\">Lesen Sie die gesamte Liste der Merkmale in unserem Editor<\/a><\/p><\/div><div class=\"application-platform-content-item- Installation application-platform-content-item\" id=\" Installation\" data-nav-section=\" Installation\"><h2>So erstellen Sie ein Kontaktformular-Widget f\u00fcr die SquareSpace-Website<\/h2><div class=\"video-container\"><iframe width=\"560\" height=\"315\" src=\"https:\/\/www.youtube.com\/embed\/lXIcZ-9He4c?si=ewrNSCIq9n20T_hE\" frameborder=\"0\" allow=\"accelerometer; autoplay; clipboard-write; encrypted-media; gyroscope; picture-in-picture; web-share\" allowfullscreen><\/iframe><\/div><p>Folgen Sie unserem Tutorial, um ein Kontakt-Widget auf Ihrer Website anzuzeigen. Es sind keine Programmierkenntnisse erforderlich und die vollst\u00e4ndige Installation dauert etwa 2 Minuten.<\/p><ol><li><b>Erstellen Sie Ihr ma\u00dfgeschneidertes Kontaktformular<\/b>.<br>Generieren Sie es mit unserem kostenlosen Editor ein Plugin mit dem erforderlichen Aussehen und den erforderlichen Einstellungen.<\/li><li><b>Holen Sie sich den Code f\u00fcr die Integration des Plugins<\/b>.<br>Nach der Widget-Einstellung erhalten Sie einen Code f\u00fcr das Formular-Plugin aus der Popup-Benachrichtigung auf Elfsight Apps.<\/li><li><b>Zeigen Sie das Plugin auf der SquareSpace-Website<\/b>.<br>Integrieren Sie das Plugin an der ben\u00f6tigten Stelle der Seite und ver\u00f6ffentlichen Sie die \u00c4nderungen.<\/li><li><b>Fertig!<\/b><br>Besuchen Sie Ihre Website, um Ihre Arbeit zu sehen.<\/li><\/ol><p>Haben Sie Probleme beim Anwenden der Anleitung oder beim Erstellen Ihres Formulars? Lesen Sie unseren ausf\u00fchrlichen Artikel &#8222;<a href=\"https:\/\/elfsight.com\/tutorials\/how-to-add-contact-form-plugin-to-squarespace\/\" target=\"_blank\" rel=\"noopener noreferrer\"> So zeigen Sie das Kontaktformular auf einer Squarespace-Website an<\/a>&#8220; und nutzen Sie eine zweite Chance, es selbst zu integrieren oder hinterlassen Sie Ihre Anfrage mit einer vollst\u00e4ndigen Beschreibung Ihres Problems beim Elfsight-Supportcenter. Unser Team wird sein Bestes tun, um Ihnen zu helfen.<\/p><\/div><div class=\"faq\" data-component=\"FAQ\"><div class=\"faq-item\">\r\n\t\t\t\t\t<div class=\"faq-item-question\">\r\n\t\t\t\t\t\t<h3 class=\"faq-item-question-text\">Wie sch\u00fctze ich Squarespace-Formularinformationen auf meinen Seiten?<\/h3>\r\n\r\n\t\t\t\t\t\t<div class=\"faq-item-question-icon\"><\/div>\r\n\t\t\t\t\t<\/div>\r\n\r\n\t\t\t\t\t<div class=\"faq-item-answer\">\r\n\t\t\t\t\t\t<div class=\"faq-item-answer-text\"><p>Elfsight Form Builder ist mit einem der am meisten eingebetteten \u00fcberzeugendes reCAPTCHA-Sicherheitstool. Es dient dazu, Ihr Formular und Postfach vor Spam und Bots zu sch\u00fctzen und ein reibungsloses Arbeiten und nur wichtige Daten zu gew\u00e4hrleisten. <\/p><\/div>\r\n\t\t\t\t\t<\/div>\r\n\t\t\t\t<\/div><div class=\"faq-item\">\r\n\t\t\t\t\t<div class=\"faq-item-question\">\r\n\t\t\t\t\t\t<h3 class=\"faq-item-question-text\">Bieten Sie Vorlagen an, die bedingte Logikformulare\/Formulare mit mehreren Feldern\/E-Mail-Formulare unterst\u00fctzen?<\/h3>\r\n\r\n\t\t\t\t\t\t<div class=\"faq-item-question-icon\"><\/div>\r\n\t\t\t\t\t<\/div>\r\n\r\n\t\t\t\t\t<div class=\"faq-item-answer\">\r\n\t\t\t\t\t\t<div class=\"faq-item-answer-text\"><p>Sicher! Sie m\u00fcssen sich lediglich bei den Elfsight-Apps anmelden, eine geeignete Vorlage ausw\u00e4hlen und dann mit der Erstellung Ihres Werkzeugs fortfahren. <\/p><\/div>\r\n\t\t\t\t\t<\/div>\r\n\t\t\t\t<\/div><div class=\"faq-item\">\r\n\t\t\t\t\t<div class=\"faq-item-question\">\r\n\t\t\t\t\t\t<h3 class=\"faq-item-question-text\">Wie bette ich ein Kontakt-\/Feedback-Formular in meine Squarespace-Website ein?<\/h3>\r\n\r\n\t\t\t\t\t\t<div class=\"faq-item-question-icon\"><\/div>\r\n\t\t\t\t\t<\/div>\r\n\r\n\t\t\t\t\t<div class=\"faq-item-answer\">\r\n\t\t\t\t\t\t<div class=\"faq-item-answer-text\"><p>Um ein Kontakt- oder Feedback-Formular zu konfigurieren, m\u00fcssen Sie sich anmelden Nutzen Sie den Elfsight Apps-Dienst und f\u00fchren Sie alle wichtigen \u00c4nderungen am Tool durch. Wenn Sie fertig sind, speichern Sie Ihre \u00c4nderungen und fahren Sie mit der Website fort. So einfach ist das. <\/p><\/div>\r\n\t\t\t\t\t<\/div>\r\n\t\t\t\t<\/div><div class=\"faq-item\">\r\n\t\t\t\t\t<div class=\"faq-item-question\">\r\n\t\t\t\t\t\t<h3 class=\"faq-item-question-text\">Haben Sie gebrauchsfertige Kontaktformularvorlagen f\u00fcr die Squarespace-Website?<\/h3>\r\n\r\n\t\t\t\t\t\t<div class=\"faq-item-question-icon\"><\/div>\r\n\t\t\t\t\t<\/div>\r\n\r\n\t\t\t\t\t<div class=\"faq-item-answer\">\r\n\t\t\t\t\t\t<div class=\"faq-item-answer-text\"><p>Ja, es gibt eine riesige Auswahl von \u00fcber 300 Vorlagen, um Zeit bei der Erstellung eines Formulars von Grund auf zu sparen. Schauen Sie sich <a href=\"https:\/\/elfsight.com\/online-form-builder\/templates\/contact-forms\/\">Kontaktformularvorlagen<\/a> f\u00fcr jeden Anlass an und finden Sie das, das Ihren Erwartungen entspricht.<\/p><\/div>\r\n\t\t\t\t\t<\/div>\r\n\t\t\t\t<\/div><\/div>\n","protected":false},"excerpt":{"rendered":"","protected":false},"author":9,"featured_media":0,"parent":949,"menu_order":0,"comment_status":"closed","ping_status":"closed","template":"templates\/template-application-platform.php","meta":{"publish_to_discourse":"","publish_post_category":"","wpdc_auto_publish_overridden":"","wpdc_topic_tags":"","wpdc_pin_topic":"","wpdc_pin_until":"","discourse_post_id":"","discourse_permalink":"","wpdc_publishing_response":"","wpdc_publishing_error":"","footnotes":""},"class_list":["post-16920","page","type-page","status-publish","hentry"],"yoast_head":"<!-- This site is optimized with the Yoast SEO plugin v25.3.1 - https:\/\/yoast.com\/wordpress\/plugins\/seo\/ -->\n<title>Erstellen Sie kostenlos ein Kontaktformular auf Squarespace und f\u00fcgen Sie es hinzu!<\/title>\n<meta name=\"description\" content=\"Erstellen Sie in nur 3 Minuten Ihr pers\u00f6nliches Kontaktformular-Plugin f\u00fcr Squarespace auf Ihrer Website. Kostenloser Editor, Unterst\u00fctzung bei der Einrichtung und verschiedene Boni von Elfsight!\" \/>\n<meta name=\"robots\" content=\"index, follow, max-snippet:-1, max-image-preview:large, max-video-preview:-1\" \/>\n<link rel=\"canonical\" href=\"https:\/\/elfsight.com\/de\/contact-form-widget\/squarespace\/\" \/>\n<meta property=\"og:locale\" content=\"de_DE\" \/>\n<meta property=\"og:type\" content=\"article\" \/>\n<meta property=\"og:title\" content=\"Erstellen Sie kostenlos ein Kontaktformular auf Squarespace und f\u00fcgen Sie es hinzu!\" \/>\n<meta property=\"og:description\" content=\"Erstellen Sie in nur 3 Minuten Ihr pers\u00f6nliches Kontaktformular-Plugin f\u00fcr Squarespace auf Ihrer Website. Kostenloser Editor, Unterst\u00fctzung bei der Einrichtung und verschiedene Boni von Elfsight!\" \/>\n<meta property=\"og:url\" content=\"https:\/\/elfsight.com\/de\/contact-form-widget\/squarespace\/\" \/>\n<meta property=\"og:site_name\" content=\"Elfsight DE\" \/>\n<meta property=\"article:modified_time\" content=\"2025-01-14T11:06:08+00:00\" \/>\n<meta name=\"twitter:card\" content=\"summary_large_image\" \/>\n<meta name=\"twitter:label1\" content=\"Gesch\u00e4tzte Lesezeit\" \/>\n\t<meta name=\"twitter:data1\" content=\"4\u00a0Minuten\" \/>\n<!-- \/ Yoast SEO plugin. -->","yoast_head_json":{"title":"Erstellen Sie kostenlos ein Kontaktformular auf Squarespace und f\u00fcgen Sie es hinzu!","description":"Erstellen Sie in nur 3 Minuten Ihr pers\u00f6nliches Kontaktformular-Plugin f\u00fcr Squarespace auf Ihrer Website. Kostenloser Editor, Unterst\u00fctzung bei der Einrichtung und verschiedene Boni von Elfsight!","robots":{"index":"index","follow":"follow","max-snippet":"max-snippet:-1","max-image-preview":"max-image-preview:large","max-video-preview":"max-video-preview:-1"},"canonical":"https:\/\/elfsight.com\/de\/contact-form-widget\/squarespace\/","og_locale":"de_DE","og_type":"article","og_title":"Erstellen Sie kostenlos ein Kontaktformular auf Squarespace und f\u00fcgen Sie es hinzu!","og_description":"Erstellen Sie in nur 3 Minuten Ihr pers\u00f6nliches Kontaktformular-Plugin f\u00fcr Squarespace auf Ihrer Website. Kostenloser Editor, Unterst\u00fctzung bei der Einrichtung und verschiedene Boni von Elfsight!","og_url":"https:\/\/elfsight.com\/de\/contact-form-widget\/squarespace\/","og_site_name":"Elfsight DE","article_modified_time":"2025-01-14T11:06:08+00:00","twitter_card":"summary_large_image","twitter_misc":{"Gesch\u00e4tzte Lesezeit":"4\u00a0Minuten"},"schema":{"@context":"https:\/\/schema.org","@graph":[{"@type":"WebPage","@id":"https:\/\/elfsight.com\/de\/contact-form-widget\/squarespace\/","url":"https:\/\/elfsight.com\/de\/contact-form-widget\/squarespace\/","name":"Erstellen Sie kostenlos ein Kontaktformular auf Squarespace und f\u00fcgen Sie es hinzu!","isPartOf":{"@id":"https:\/\/elfsight.com\/de\/#website"},"datePublished":"2024-05-03T06:32:53+00:00","dateModified":"2025-01-14T11:06:08+00:00","description":"Erstellen Sie in nur 3 Minuten Ihr pers\u00f6nliches Kontaktformular-Plugin f\u00fcr Squarespace auf Ihrer Website. Kostenloser Editor, Unterst\u00fctzung bei der Einrichtung und verschiedene Boni von Elfsight!","breadcrumb":{"@id":"https:\/\/elfsight.com\/de\/contact-form-widget\/squarespace\/#breadcrumb"},"inLanguage":"de","potentialAction":[{"@type":"ReadAction","target":["https:\/\/elfsight.com\/de\/contact-form-widget\/squarespace\/"]}]},{"@type":"BreadcrumbList","@id":"https:\/\/elfsight.com\/de\/contact-form-widget\/squarespace\/#breadcrumb","itemListElement":[{"@type":"ListItem","position":1,"name":"Home","item":"https:\/\/elfsight.com\/de\/"},{"@type":"ListItem","position":2,"name":"Contact Form","item":"https:\/\/elfsight.com\/de\/contact-form-widget\/"},{"@type":"ListItem","position":3,"name":"Contact Form &#8211; Squarespace"}]},{"@type":"WebSite","@id":"https:\/\/elfsight.com\/de\/#website","url":"https:\/\/elfsight.com\/de\/","name":"Elfsight DE","description":"Just another Elfsight Sites site","potentialAction":[{"@type":"SearchAction","target":{"@type":"EntryPoint","urlTemplate":"https:\/\/elfsight.com\/de\/?s={search_term_string}"},"query-input":{"@type":"PropertyValueSpecification","valueRequired":true,"valueName":"search_term_string"}}],"inLanguage":"de"}]}},"meta_box":{"industry":"","seo_heading":"","heading":"","description":"","cta_heading":"","cta_description":"","application":"465","h1":"Kontaktformular-Widget f\u00fcr Squarespace","h1_caption":"Erstellen Sie ganz einfach Kontaktformulare und betten Sie sie auf Ihrer Website ein, um Benutzerinteraktionen und Anfragen auf Ihrer Squarespace-Website m\u00fchelos zu f\u00f6rdern.","application_category":[],"applications_title":"","applications_request_title":"","applications_request_button_text":"","hero_text":"","hero_video":"","hero_video_schema_markup":"","selling_points_title":"","selling_points_caption":"","selling_points":[],"selling_points_cta_text":"","features_title":"","features":"","ed_cta_examples_text":"","ed_cta_examples_hidden":"","ed_cta_demo_text":"","ed_cta_demo_hidden":"","why_caption":"","why_editor_title":"","why_editor_text":"","why_team_title":"","why_team_text":"","why_service_title":"","why_service_text":"","template_catalog_visible":"0","template_catalog_title":"","template_catalog_text":"","template_catalog_categories_visible":"","demo_title":"Erstellen Sie Ihr Kontaktformular-Plugin","demo_caption":"Konfigurieren Sie Ihr Kontaktformular und f\u00fcgen Sie es kostenlos zu Ihrer Squarespace-Website hinzu!","default_faq_hidden":"","app_template_category":[],"platform":"252","template_public_id":"","codecanyon_url":"","codecanyon_item_id":"","codecanyon_price":"","pricing_caption":"","pricing_elfsight_apps_hide_column":"","pricing_elfsight_apps_url":"","pricing_codecanyon_price_caption":"","integration_category":[],"integration_request_title":"","integration_request_cta":"","integration_platform":"","integrations":[],"platform_category":[],"video_schema_markup":"","price":"ab 0 $ \/ Monat","trial":"","benefits":[{"text":"Kostenlose Installationshilfe"},{"text":"Professioneller Kundenservice"},{"text":"14-t\u00e4gige R\u00fcckerstattungsgarantie"},{"text":"St\u00e4ndige Aktualisierung"}],"button_url":"#demo","button_target_blank":"0","button_nofollow":"0","attributes":[{"name":"Installiert","content":"100,000 - 500,000"},{"name":"Reaktionsfreudig","content":"Ja"},{"name":"Kompatible Browser","content":"Firefox, Safari, Opera, Chrome, Edge"}],"tags":[],"tags_disable_links":"0","hide_more_platforms":"","video_object":"","demo_hide_cta":"0","demo_hide_cloud_options":"0","pricing_title":"","pricing":[{"pricing_icon":"platform","pricing_title":"Elfsight Apps","pricing_title_caption":"Multiplattform-Version, die auf jeder Website funktioniert","pricing_price":"ab 0 $ \/ Monat","pricing_price_caption":"Beginnen Sie mit einem kostenlosen Plan","pricing_benefits":[{"text":"Unbegrenzte Websites"},{"text":"Engagierte Unternehmensunterst\u00fctzung und gut dokumentiert"},{"text":"Kostenlose Installationsunterst\u00fctzung"},{"text":"100 % anpassbar"}],"pricing_button_text":"Zur Website hinzuf\u00fcgen","pricing_button_url":"#demo"}],"related_apps_title":"","related_apps_hidden":"0","author":"","image":[],"title":"","job":"","social_networks":[]},"_links":{"self":[{"href":"https:\/\/elfsight.com\/de\/wp-json\/wp\/v2\/pages\/16920","targetHints":{"allow":["GET"]}}],"collection":[{"href":"https:\/\/elfsight.com\/de\/wp-json\/wp\/v2\/pages"}],"about":[{"href":"https:\/\/elfsight.com\/de\/wp-json\/wp\/v2\/types\/page"}],"author":[{"embeddable":true,"href":"https:\/\/elfsight.com\/de\/wp-json\/wp\/v2\/users\/9"}],"replies":[{"embeddable":true,"href":"https:\/\/elfsight.com\/de\/wp-json\/wp\/v2\/comments?post=16920"}],"version-history":[{"count":3,"href":"https:\/\/elfsight.com\/de\/wp-json\/wp\/v2\/pages\/16920\/revisions"}],"predecessor-version":[{"id":23613,"href":"https:\/\/elfsight.com\/de\/wp-json\/wp\/v2\/pages\/16920\/revisions\/23613"}],"up":[{"embeddable":true,"href":"https:\/\/elfsight.com\/de\/wp-json\/wp\/v2\/pages\/949"}],"wp:attachment":[{"href":"https:\/\/elfsight.com\/de\/wp-json\/wp\/v2\/media?parent=16920"}],"curies":[{"name":"wp","href":"https:\/\/api.w.org\/{rel}","templated":true}]}}