{"id":16919,"date":"2024-05-03T06:32:52","date_gmt":"2024-05-03T06:32:52","guid":{"rendered":"https:\/\/elfsight.com\/de\/?page_id=16919"},"modified":"2025-01-14T11:16:23","modified_gmt":"2025-01-14T11:16:23","slug":"webflow","status":"publish","type":"page","link":"https:\/\/elfsight.com\/de\/contact-form-widget\/webflow\/","title":{"rendered":"Contact Form &#8211; Webflow"},"content":{"rendered":"\n<div class=\"application-platform-content-item-description application-platform-content-item\" id=\"description\" data-nav-section=\"description\"><h2>Kontaktformular f\u00fcr Webflow<\/h2><p>Unser Webflow-Kontaktformular-Widget \u2013 hilft bei allem M\u00f6glichen aktuelle Anforderungen an die Einholung von Feedback und Anfragen von Kunden Ihrer Website. Zeigen Sie zus\u00e4tzliche Felder zum Ausf\u00fcllen an, w\u00e4hlen Sie die gew\u00fcnschte Vorlage aus und passen Sie das Erscheinungsbild an, um Ihre Kunden noch mehr zu Bestellungen in Ihrem Unternehmen zu inspirieren.<\/p><p><b>Sammeln Sie Bewertungen, erhalten Sie Anfragen und senden Sie Antworten auf Fragen von die Website-Besucher!<\/b><\/p><ul><li><b>Erh\u00f6hen Sie die Anzahl neuer K\u00e4ufer<\/b>.<br>Bleiben Sie mithilfe einer regelm\u00e4\u00dfigen Interaktion mit potenziellen Kunden rund um die Uhr Effektive Form auf Ihrer Website und erh\u00f6hen Sie die Zahl der zahlungswilligen Nutzer.<\/li><li><b>Sammeln Sie mehr Reaktionen und Eindr\u00fccke zu Ihren Waren oder Dienstleistungen<\/b>.<br>Feedback Ihrer Kunden ist von entscheidender Bedeutung, wenn Sie Ihr Gesch\u00e4ft erweitern m\u00f6chten. Dank unseres einfachen Kontaktformulars sammeln Sie mehr Feedback von Ihrer Website!<\/li><li><b>Sch\u00fctzen Sie Ihr Postfach vor Spam<\/b>.<br>Lassen Sie keinen Spam in Ihrem Postfach zu. Unser Formular ist in Google reCAPTCHA eingebettet, um Ihre E-Mails vor automatischem Spam und Bots zu sch\u00fctzen.<\/li><\/ul><p><\/div><br><div class=\"application-platform-content-item-features application-platform-content-item\" id=\"features\" data-nav-section=\"features\"><\/p><h2> Funktionen des Kontaktformular-Plugins<\/h2><p>Warum ist unser Kontaktformular das beste Widget, um Benutzereindr\u00fccke zu erhalten und Bestellungen f\u00fcr Webflow zu erhalten? Testen Sie unsere Hauptmerkmale:<\/p><ul><li>Ein Mindestsatz an Feldern zum Senden eines Feedbacks: Name, E-Mail, Telefonnummer und Nachricht;<\/li><li>Legen Sie den Titel \u00fcber dem Formular fest;<\/li><li>Inline-Layout mit automatischer Anpassung der Felder an die Breite des Formulars;<\/li><li>Google reCAPTCHA sch\u00fctzt Ihr Formular vor Spam und Bots;<\/li><li>Funktioniert und sieht perfekt aus Mobilger\u00e4te.<\/li><\/ul><p><a href=\"#demo\">Sehen Sie sich die gesamte Liste der Funktionen in unserer Demo an<\/a><\/p><p><\/div><br> <div class=\"application-platform-content-item-installation application-platform-content-item\" id=\"installation\" data-nav-section=\"installation\"><\/p><h2>So f\u00fcgen Sie das Kontaktformular-Widget zur Webflow-Website hinzu<\/h2><div class=\"video-container\"><iframe width=\"560\" height=\"315\" src=\"https:\/\/www.youtube.com\/embed\/mWLGJIxtaUU?si=7V7dEwzhvxgZ0myX\" frameborder=\"0\" allow=\"accelerometer; autoplay; clipboard-write; encrypted-media; gyroscope; picture-in-picture; web-share\" allowfullscreen><\/iframe><\/div><p>Wenden Sie unser Tutorial an, um das Kontakt-Widget in Ihre Website einzubetten. Programmierkenntnisse sind nicht erforderlich und die vollst\u00e4ndige Einbettungszeit betr\u00e4gt nur 90 Sekunden.<\/p><ol><li><b>Erstellen Sie Ihr einzigartiges Kontaktformular<\/b>.<br>Erstellen Sie mit unserem kostenlosen Editor ein Widget mit bevorzugter Vorlage und Einstellungen.<\/li><li><b>Erhalten Sie einen Code zum Anzeigen des Widgets<\/b>.<br>Nach der Widget-Anpassung erhalten Sie einen Code f\u00fcr das Formular-Widget aus dem erscheinenden Fenster von Elfsight Apps. <\/li><li><b>Zeigen Sie das Widget auf der Webflow-Website an<\/b>.<br>F\u00fcgen Sie das Widget an der gew\u00fcnschten Stelle der Seite hinzu und \u00fcbernehmen Sie die \u00c4nderungen.<\/li><li><b>Sie Die Installation wurde erfolgreich durchgef\u00fchrt<\/b>.<br>Besuchen Sie Ihre Website, um Ihr Widget zu \u00fcberpr\u00fcfen.<\/li><\/ol><p>Sind beim Anwenden des Leitfadens oder beim Generieren Ihres Formulars Probleme aufgetreten? Lesen Sie ein vollst\u00e4ndiges Tutorial &#8222;<a href=\"https:\/\/elfsight.com\/tutorials\/how-to-add-contact-form-widget-to-webflow\/\" target=\"_blank\" rel=\"noopener noreferrer\"> So f\u00fcgen Sie ein Kontaktformular in eine Webflow-Website ein<\/a>&#8220; und nutzen Sie eine zweite Chance, um es selbst anzuzeigen, oder hinterlassen Sie Ihre Anfrage mit einer vollst\u00e4ndigen Erl\u00e4uterung Ihrer Anfrage an unser Hilfecenter. Unser Team wird das Problem gerne l\u00f6sen. <\/p><div class=\"faq\" data-component=\"FAQ\"> <div class=\"faq-item\">\r\n\t\t\t\t\t<div class=\"faq-item-question\">\r\n\t\t\t\t\t\t<h3 class=\"faq-item-question-text\">Wie f\u00fcge ich ein Kontaktformular ohne Programmierkenntnisse zu meiner Webflow-Website hinzu?<\/h3>\r\n\r\n\t\t\t\t\t\t<div class=\"faq-item-question-icon\"><\/div>\r\n\t\t\t\t\t<\/div>\r\n\r\n\t\t\t\t\t<div class=\"faq-item-answer\">\r\n\t\t\t\t\t\t<div class=\"faq-item-answer-text\"> <p>Elfsight bietet eine SaaS-L\u00f6sung, mit der Sie selbst ein Kontaktformular-Widget erstellen k\u00f6nnen. Sehen Sie, wie einfach der Vorgang ist ist: Arbeiten Sie direkt im Online-Editor, um ein Kontaktformular-Widget zu erstellen, das Sie gerne auf Ihrer Webflow-Website sehen w\u00fcrden. W\u00e4hlen Sie eine der vorgefertigten Vorlagen aus und passen Sie die Einstellungen des Kontaktformulars an, f\u00fcgen Sie Ihre Inhalte hinzu, \u00e4ndern Sie das Layout und die Farben ohne Programmierkenntnisse. Speichern Sie das Kontaktformular und kopieren Sie den Installationscode, den Sie problemlos in Ihre Webflow-Website integrieren k\u00f6nnen, ohne eine kostenpflichtige Version kaufen zu m\u00fcssen. Mit unserem intuitiven Editor kann jeder Internetnutzer online ein Kontaktformular-Widget erstellen und es einfach in seine Webflow-Website einbetten. Sie m\u00fcssen weder bezahlen noch Ihre Kartendaten eingeben, um auf den Service zuzugreifen. Wenn Sie bei irgendeinem Schritt auf Probleme sto\u00dfen, wenden Sie sich bitte an unser technisches Support-Team.<\/p> <\/div>\r\n\t\t\t\t\t<\/div>\r\n\t\t\t\t<\/div> <div class=\"faq-item\">\r\n\t\t\t\t\t<div class=\"faq-item-question\">\r\n\t\t\t\t\t\t<h3 class=\"faq-item-question-text\">Bieten Sie Kontaktformularvorlagen f\u00fcr die Webflow-Website an?<\/h3>\r\n\r\n\t\t\t\t\t\t<div class=\"faq-item-question-icon\"><\/div>\r\n\t\t\t\t\t<\/div>\r\n\r\n\t\t\t\t\t<div class=\"faq-item-answer\">\r\n\t\t\t\t\t\t<div class=\"faq-item-answer-text\"><p>Ja, Elfsight verf\u00fcgt \u00fcber 300 gebrauchsfertige Vorlagen f\u00fcr jeden Fall. Schauen Sie sich die <a href=\"https:\/\/elfsight.com\/online-form-builder\/templates\/contact-forms\/\">Kontaktformularvorlagen<\/a> genauer an und w\u00e4hlen Sie die aus, die Ihnen am besten gef\u00e4llt.<\/p><\/div>\r\n\t\t\t\t\t<\/div>\r\n\t\t\t\t<\/div><\/div> <p><\/div><\/p>\n","protected":false},"excerpt":{"rendered":"","protected":false},"author":9,"featured_media":0,"parent":949,"menu_order":0,"comment_status":"closed","ping_status":"closed","template":"templates\/template-application-platform.php","meta":{"publish_to_discourse":"","publish_post_category":"","wpdc_auto_publish_overridden":"","wpdc_topic_tags":"","wpdc_pin_topic":"","wpdc_pin_until":"","discourse_post_id":"","discourse_permalink":"","wpdc_publishing_response":"","wpdc_publishing_error":"","footnotes":""},"class_list":["post-16919","page","type-page","status-publish","hentry"],"yoast_head":"<!-- This site is optimized with the Yoast SEO plugin v25.3.1 - https:\/\/yoast.com\/wordpress\/plugins\/seo\/ -->\n<title>Erstellen Sie kostenlos ein Kontaktformular auf Webflow und f\u00fcgen Sie es hinzu!<\/title>\n<meta name=\"description\" content=\"Gestalten Sie Ihr Kontaktformular-Widget f\u00fcr die Webflow-Einbettung auf Ihrer Website in nur 2 Minuten. Kostenloser Konfigurator, Hilfe bei der Installation und viele verschiedene Boni von Elfsight!\" \/>\n<meta name=\"robots\" content=\"index, follow, max-snippet:-1, max-image-preview:large, max-video-preview:-1\" \/>\n<link rel=\"canonical\" href=\"https:\/\/elfsight.com\/de\/contact-form-widget\/webflow\/\" \/>\n<meta property=\"og:locale\" content=\"de_DE\" \/>\n<meta property=\"og:type\" content=\"article\" \/>\n<meta property=\"og:title\" content=\"Erstellen Sie kostenlos ein Kontaktformular auf Webflow und f\u00fcgen Sie es hinzu!\" \/>\n<meta property=\"og:description\" content=\"Gestalten Sie Ihr Kontaktformular-Widget f\u00fcr die Webflow-Einbettung auf Ihrer Website in nur 2 Minuten. Kostenloser Konfigurator, Hilfe bei der Installation und viele verschiedene Boni von Elfsight!\" \/>\n<meta property=\"og:url\" content=\"https:\/\/elfsight.com\/de\/contact-form-widget\/webflow\/\" \/>\n<meta property=\"og:site_name\" content=\"Elfsight DE\" \/>\n<meta property=\"article:modified_time\" content=\"2025-01-14T11:16:23+00:00\" \/>\n<meta name=\"twitter:card\" content=\"summary_large_image\" \/>\n<meta name=\"twitter:label1\" content=\"Gesch\u00e4tzte Lesezeit\" \/>\n\t<meta name=\"twitter:data1\" content=\"4\u00a0Minuten\" \/>\n<!-- \/ Yoast SEO plugin. -->","yoast_head_json":{"title":"Erstellen Sie kostenlos ein Kontaktformular auf Webflow und f\u00fcgen Sie es hinzu!","description":"Gestalten Sie Ihr Kontaktformular-Widget f\u00fcr die Webflow-Einbettung auf Ihrer Website in nur 2 Minuten. Kostenloser Konfigurator, Hilfe bei der Installation und viele verschiedene Boni von Elfsight!","robots":{"index":"index","follow":"follow","max-snippet":"max-snippet:-1","max-image-preview":"max-image-preview:large","max-video-preview":"max-video-preview:-1"},"canonical":"https:\/\/elfsight.com\/de\/contact-form-widget\/webflow\/","og_locale":"de_DE","og_type":"article","og_title":"Erstellen Sie kostenlos ein Kontaktformular auf Webflow und f\u00fcgen Sie es hinzu!","og_description":"Gestalten Sie Ihr Kontaktformular-Widget f\u00fcr die Webflow-Einbettung auf Ihrer Website in nur 2 Minuten. Kostenloser Konfigurator, Hilfe bei der Installation und viele verschiedene Boni von Elfsight!","og_url":"https:\/\/elfsight.com\/de\/contact-form-widget\/webflow\/","og_site_name":"Elfsight DE","article_modified_time":"2025-01-14T11:16:23+00:00","twitter_card":"summary_large_image","twitter_misc":{"Gesch\u00e4tzte Lesezeit":"4\u00a0Minuten"},"schema":{"@context":"https:\/\/schema.org","@graph":[{"@type":"WebPage","@id":"https:\/\/elfsight.com\/de\/contact-form-widget\/webflow\/","url":"https:\/\/elfsight.com\/de\/contact-form-widget\/webflow\/","name":"Erstellen Sie kostenlos ein Kontaktformular auf Webflow und f\u00fcgen Sie es hinzu!","isPartOf":{"@id":"https:\/\/elfsight.com\/de\/#website"},"datePublished":"2024-05-03T06:32:52+00:00","dateModified":"2025-01-14T11:16:23+00:00","description":"Gestalten Sie Ihr Kontaktformular-Widget f\u00fcr die Webflow-Einbettung auf Ihrer Website in nur 2 Minuten. Kostenloser Konfigurator, Hilfe bei der Installation und viele verschiedene Boni von Elfsight!","breadcrumb":{"@id":"https:\/\/elfsight.com\/de\/contact-form-widget\/webflow\/#breadcrumb"},"inLanguage":"de","potentialAction":[{"@type":"ReadAction","target":["https:\/\/elfsight.com\/de\/contact-form-widget\/webflow\/"]}]},{"@type":"BreadcrumbList","@id":"https:\/\/elfsight.com\/de\/contact-form-widget\/webflow\/#breadcrumb","itemListElement":[{"@type":"ListItem","position":1,"name":"Home","item":"https:\/\/elfsight.com\/de\/"},{"@type":"ListItem","position":2,"name":"Contact Form","item":"https:\/\/elfsight.com\/de\/contact-form-widget\/"},{"@type":"ListItem","position":3,"name":"Contact Form &#8211; Webflow"}]},{"@type":"WebSite","@id":"https:\/\/elfsight.com\/de\/#website","url":"https:\/\/elfsight.com\/de\/","name":"Elfsight DE","description":"Just another Elfsight Sites site","potentialAction":[{"@type":"SearchAction","target":{"@type":"EntryPoint","urlTemplate":"https:\/\/elfsight.com\/de\/?s={search_term_string}"},"query-input":{"@type":"PropertyValueSpecification","valueRequired":true,"valueName":"search_term_string"}}],"inLanguage":"de"}]}},"meta_box":{"industry":"","seo_heading":"","heading":"","description":"","cta_heading":"","cta_description":"","application":"465","h1":"Webflow-Kontaktformular-Widget","h1_caption":"Erstellen Sie ganz einfach Kontaktformulare und betten Sie sie in Ihre Website ein, um Benutzerinteraktionen und Anfragen auf Ihrer Webflow-Website m\u00fchelos zu f\u00f6rdern.","application_category":[],"applications_title":"","applications_request_title":"","applications_request_button_text":"","hero_text":"","hero_video":"","hero_video_schema_markup":"","selling_points_title":"","selling_points_caption":"","selling_points":[],"selling_points_cta_text":"","features_title":"","features":"","ed_cta_examples_text":"","ed_cta_examples_hidden":"","ed_cta_demo_text":"","ed_cta_demo_hidden":"","why_caption":"","why_editor_title":"","why_editor_text":"","why_team_title":"","why_team_text":"","why_service_title":"","why_service_text":"","template_catalog_visible":"0","template_catalog_title":"","template_catalog_text":"","template_catalog_categories_visible":"","demo_title":"Erstellen Sie Ihr Kontaktformular-Widget","demo_caption":"Konfigurieren Sie Ihr Kontaktformular und f\u00fcgen Sie es kostenlos zu Ihrer Webflow-Website hinzu!","default_faq_hidden":"","app_template_category":[],"platform":"250","template_public_id":"","codecanyon_url":"","codecanyon_item_id":"","codecanyon_price":"","pricing_caption":"","pricing_elfsight_apps_hide_column":"","pricing_elfsight_apps_url":"","pricing_codecanyon_price_caption":"","integration_category":[],"integration_request_title":"","integration_request_cta":"","integration_platform":"","integrations":[],"platform_category":[],"video_schema_markup":"","price":"ab 0 $ \/ Monat","trial":"","benefits":[{"text":"Kostenlose Installationshilfe"},{"text":"Effektiver Kundensupport"},{"text":"14-t\u00e4gige Geld-zur\u00fcck-Garantie"},{"text":"Laufende kostenlose Updates"}],"button_url":"#demo","button_target_blank":"0","button_nofollow":"0","attributes":[{"name":"Installiert","content":"100,000 - 500,000"},{"name":"Reaktionsfreudig","content":"Ja"},{"name":"Kompatible Browser","content":"Edge, Chrome, Safari, Firefox, Opera"}],"tags":[],"tags_disable_links":"0","hide_more_platforms":"","video_object":"","demo_hide_cta":"0","demo_hide_cloud_options":"0","pricing_title":"","pricing":[{"pricing_icon":"platform","pricing_title":"Webflow widget","pricing_title_caption":"Plattform\u00fcbergreifende Software, die auf jeder Website funktioniert (einschlie\u00dflich Webflow)","pricing_price":"ab 0 $ \/ Monat","pricing_price_caption":"Beginnen Sie mit einem kostenlosen Plan","pricing_benefits":[{"text":"Unbegrenzte Anzahl an Websites"},{"text":"Professionelle und p\u00fcnktliche Unterst\u00fctzung"},{"text":"Kostenloser Installationsservice"},{"text":"Preis f\u00fcr mehrere Apps"}],"pricing_button_text":"Zur Website hinzuf\u00fcgen","pricing_button_url":"#demo"}],"related_apps_title":"","related_apps_hidden":"0","author":"","image":[],"title":"","job":"","social_networks":[]},"_links":{"self":[{"href":"https:\/\/elfsight.com\/de\/wp-json\/wp\/v2\/pages\/16919","targetHints":{"allow":["GET"]}}],"collection":[{"href":"https:\/\/elfsight.com\/de\/wp-json\/wp\/v2\/pages"}],"about":[{"href":"https:\/\/elfsight.com\/de\/wp-json\/wp\/v2\/types\/page"}],"author":[{"embeddable":true,"href":"https:\/\/elfsight.com\/de\/wp-json\/wp\/v2\/users\/9"}],"replies":[{"embeddable":true,"href":"https:\/\/elfsight.com\/de\/wp-json\/wp\/v2\/comments?post=16919"}],"version-history":[{"count":4,"href":"https:\/\/elfsight.com\/de\/wp-json\/wp\/v2\/pages\/16919\/revisions"}],"predecessor-version":[{"id":23616,"href":"https:\/\/elfsight.com\/de\/wp-json\/wp\/v2\/pages\/16919\/revisions\/23616"}],"up":[{"embeddable":true,"href":"https:\/\/elfsight.com\/de\/wp-json\/wp\/v2\/pages\/949"}],"wp:attachment":[{"href":"https:\/\/elfsight.com\/de\/wp-json\/wp\/v2\/media?parent=16919"}],"curies":[{"name":"wp","href":"https:\/\/api.w.org\/{rel}","templated":true}]}}