{"id":16914,"date":"2024-05-03T06:32:51","date_gmt":"2024-05-03T06:32:51","guid":{"rendered":"https:\/\/elfsight.com\/de\/?page_id=16914"},"modified":"2025-01-14T11:21:55","modified_gmt":"2025-01-14T11:21:55","slug":"webnode","status":"publish","type":"page","link":"https:\/\/elfsight.com\/de\/contact-form-widget\/webnode\/","title":{"rendered":"Contact Form &#8211; Webnode"},"content":{"rendered":"<div class=\"application-platform-content-item-description application-platform-content-item\" id=\"description\" data-nav-section=\"description\">\n<h2>Kontaktformular f\u00fcr Webnode<\/h2>\nUnser Webnode-Kontaktformular-Plugin hilft bei allen auftretenden Anforderungen beim Erhalten von Bewertungen und Bestellungen von Kunden Ihrer Website. Zeigen Sie die zum Ausf\u00fcllen erforderlichen Elemente an, finden Sie Ihre bevorzugte Vorlage und passen Sie die Benutzeroberfl\u00e4che an, um Ihre Benutzer dazu zu inspirieren, mehr Ordnung auf Ihrer Website zu schaffen.\n\n<b>Erhalten Sie Bewertungen, nehmen Sie Bestellungen entgegen und schreiben Sie Antworten auf die Nachrichten der Kunden Ihrer Website!<\/b>\n<ul>\n \t<li><b>Bis zum Doppelten der Anzahl der Anfragen auf der Website<\/b>. L\u00f6sen Sie alle m\u00f6glichen Probleme und Unsicherheiten Ihrer Kunden und lassen Sie sie nicht davonkommen Webseite. Nutzen Sie unser praktisches Instrument zum Aufbau einer sinnvollen Interaktion mit Kunden.<\/li>\n \t<li><b>Nehmen Sie Ihre Kunden besser wahr<\/b>. Fragen, Unglauben und andere Meinungen zu Ihren Angeboten oder Dienstleistungen sind f\u00fcr Sie wertlose Informationen, um die W\u00fcnsche zu erkennen Nutzen Sie die Zielgruppe Ihrer Website und organisieren Sie erfolgreich einen Plan f\u00fcr eine m\u00f6gliche Erweiterung Ihres Unternehmens.<\/li>\n \t<li><b>Entwickeln Sie Ihre Benutzerkommunikation<\/b>. Dank praktischer Layouts, anpassbarem Design und personalisierten \u201eDankesch\u00f6n\u201c-Benachrichtigungen Sie werden Ihren Benutzern zeigen, welchen Wert sie f\u00fcr Ihr Unternehmen haben.<\/li>\n<\/ul>\n<\/div><div class=\"application-platform-content-item-features application-platform-content-item\" id=\"features\" data-nav-section=\"features\">\n<h2>Funktionen des Kontaktformular-Plugins<\/h2>\nWarum ist unser Kontaktformular das Bestes Plugin zum Empfangen von Feedback und zum Empfangen von Anfragen f\u00fcr Webnode? Lernen Sie unsere Grundfunktionen kennen:\n<ul>\n \t<li>Legen Sie Ihre eigenen Feldbeschriftungen fest<\/li>\n \t<li>Platzieren Sie beliebigen Text vor dem Formular in der Beschriftung<\/li>\n \t<li>5 visuelle Feldstile enthalten: klassisch , flach, materiell, klassisch gerundet, flach gerundet<\/li>\n \t<li>Legen Sie einen Text fest, der nach erfolgreicher \u00dcbermittlung der Nachricht angezeigt wird<\/li>\n \t<li>Nahtloses Design, das zu 99 % standardm\u00e4\u00dfigen Websites passt<\/li>\n<\/ul>\n<a href=\"#demo\">Entdecken Sie alle Vorteile in unserer Demo<\/a><\/div><div class=\"application-platform-content-item-installation application-platform-content-item\" id=\"installation\" data-nav-section=\"installation\">\n<h2>So f\u00fcgen Sie das Kontaktformular-Widget zur Webnode-Website hinzu<\/h2>\nWenden Sie das Tutorial unseres Teams an, um ein Kontakt-Plugin zu Ihrer Website hinzuzuf\u00fcgen. Sie ben\u00f6tigen keine Kenntnisse in der Webentwicklung und die vollst\u00e4ndige Einrichtung dauert nicht l\u00e4nger als etwa 90 Sekunden.\n<ol>\n \t<li><b>Entwerfen Sie Ihr personalisiertes Kontaktformular<\/b>. Gestalten Sie mit Hilfe unserer kostenlosen Demo ein Plugin mit gew\u00fcnschtem Layout und den gew\u00fcnschten Einstellungen.<\/li>\n \t<li><b>Erhalten Sie den Code zum Einrichten des Plugins <\/b>. Rufen Sie nach der Widget-Einstellung den Code f\u00fcr das Formular-Plugin aus dem Popup-Fenster von Elfsight Apps ab.<\/li>\n \t<li><b>Zeigen Sie das Plugin auf der Webnode-Website an<\/b>. Betten Sie das Plugin an der gew\u00fcnschten Stelle der Website ein und \u00fcbernehmen Sie die \u00c4nderungen.<\/li>\n \t<li><b>Die Integration ist erfolgreich! <\/b>.Besuchen Sie Ihre Website, um Ihre Arbeit zu \u00fcberpr\u00fcfen.<\/li>\n<\/ol>\nW\u00e4hrend Sie den Anweisungen folgen oder Ihr Formular installieren, treten Probleme auf? Sie k\u00f6nnen eine detaillierte Anleitung ausprobieren: &#8222;<a href=\"https:\/\/elfsight.com\/tutorials\/how-to-add-contact-form-plugin-to-webnode\/\">So f\u00fcgen Sie ein Kontaktformular auf einer Webnode-Website ein<\/a>&#8220; und versuchen Sie, es selbst erneut hinzuzuf\u00fcgen, oder wenden Sie sich mit einer vollst\u00e4ndigen Erl\u00e4uterung Ihres Problems an das Elfsight-Supportcenter. Unser Team wird Ihnen gerne weiterhelfen.\n\n<div class=\"faq\" data-component=\"FAQ\"> <div class=\"faq-item\">\r\n\t\t\t\t\t<div class=\"faq-item-question\">\r\n\t\t\t\t\t\t<h3 class=\"faq-item-question-text\">Wie f\u00fcge ich ohne Programmierkenntnisse ein Kontaktformular zu meiner Webnode-Website hinzu?<\/h3>\r\n\r\n\t\t\t\t\t\t<div class=\"faq-item-question-icon\"><\/div>\r\n\t\t\t\t\t<\/div>\r\n\r\n\t\t\t\t\t<div class=\"faq-item-answer\">\r\n\t\t\t\t\t\t<div class=\"faq-item-answer-text\">Elfsight bietet eine SaaS-L\u00f6sung, mit der Sie selbst ein Kontaktformular-Widget erstellen k\u00f6nnen. Sehen Sie, wie einfach der Vorgang ist: Arbeiten Sie direkt im Online-Editor um ein Kontaktformular-Widget zu erstellen, das Sie auf Ihrer Webnode-Website sehen m\u00f6chten. W\u00e4hlen Sie eine der vorgefertigten Vorlagen aus und passen Sie die Einstellungen des Kontaktformulars an, f\u00fcgen Sie Ihre Inhalte hinzu, \u00e4ndern Sie das Layout und das Farbschema ohne Programmierkenntnisse. Speichern Sie das Kontaktformular und kopieren Sie den Installationscode, den Sie m\u00fchelos in Ihre Webnode-Website einf\u00fcgen k\u00f6nnen, ohne einen kostenpflichtigen Plan zu kaufen. Mit unserem intuitiven Editor kann jeder Internetnutzer online ein Kontaktformular-Widget erstellen und es einfach in seine Webnode-Website einbetten. Sie m\u00fcssen weder bezahlen noch Ihre Kartendaten eingeben, um auf den Service zuzugreifen. Wenn Sie bei irgendeinem Schritt auf Probleme sto\u00dfen, wenden Sie sich bitte an unser technisches Support-Team.<\/div>\r\n\t\t\t\t\t<\/div>\r\n\t\t\t\t<\/div><div class=\"faq-item\">\r\n\t\t\t\t\t<div class=\"faq-item-question\">\r\n\t\t\t\t\t\t<h3 class=\"faq-item-question-text\">Gibt es Kontaktformularvorlagen f\u00fcr die Webnode-Website?<\/h3>\r\n\r\n\t\t\t\t\t\t<div class=\"faq-item-question-icon\"><\/div>\r\n\t\t\t\t\t<\/div>\r\n\r\n\t\t\t\t\t<div class=\"faq-item-answer\">\r\n\t\t\t\t\t\t<div class=\"faq-item-answer-text\">Ja, die gibt es! Das Elfsight-Team hat eine gro\u00dfartige Sammlung von \u00fcber 300 gebrauchsfertigen Vorlagen erstellt. Und Sie werden von den <a href=\"https:\/\/elfsight.com\/online-form-builder\/templates\/contact-forms\/\">Kontaktformularvorlagen<\/a> mit Sicherheit nicht entt\u00e4uscht sein.<\/div>\r\n\t\t\t\t\t<\/div>\r\n\t\t\t\t<\/div> <\/div><\/div>","protected":false},"excerpt":{"rendered":"","protected":false},"author":9,"featured_media":0,"parent":949,"menu_order":0,"comment_status":"closed","ping_status":"closed","template":"templates\/template-application-platform.php","meta":{"publish_to_discourse":"","publish_post_category":"","wpdc_auto_publish_overridden":"","wpdc_topic_tags":"","wpdc_pin_topic":"","wpdc_pin_until":"","discourse_post_id":"","discourse_permalink":"","wpdc_publishing_response":"","wpdc_publishing_error":"","footnotes":""},"class_list":["post-16914","page","type-page","status-publish","hentry"],"yoast_head":"<!-- This site is optimized with the Yoast SEO plugin v25.3.1 - https:\/\/yoast.com\/wordpress\/plugins\/seo\/ -->\n<title>Erstellen Sie kostenlos ein Kontaktformular auf Webnode und f\u00fcgen Sie es hinzu!<\/title>\n<meta name=\"description\" content=\"Generieren Sie Ihr Kontaktformular-Plugin f\u00fcr Webnode und betten Sie es in nur 2 Minuten auf Ihrer Website ein. Kostenloser Konfigurator, Hilfe beim Hinzuf\u00fcgen zur Website und weitere Extras von Elfsight!\" \/>\n<meta name=\"robots\" content=\"index, follow, max-snippet:-1, max-image-preview:large, max-video-preview:-1\" \/>\n<link rel=\"canonical\" href=\"https:\/\/elfsight.com\/de\/contact-form-widget\/webnode\/\" \/>\n<meta property=\"og:locale\" content=\"de_DE\" \/>\n<meta property=\"og:type\" content=\"article\" \/>\n<meta property=\"og:title\" content=\"Erstellen Sie kostenlos ein Kontaktformular auf Webnode und f\u00fcgen Sie es hinzu!\" \/>\n<meta property=\"og:description\" content=\"Generieren Sie Ihr Kontaktformular-Plugin f\u00fcr Webnode und betten Sie es in nur 2 Minuten auf Ihrer Website ein. Kostenloser Konfigurator, Hilfe beim Hinzuf\u00fcgen zur Website und weitere Extras von Elfsight!\" \/>\n<meta property=\"og:url\" content=\"https:\/\/elfsight.com\/de\/contact-form-widget\/webnode\/\" \/>\n<meta property=\"og:site_name\" content=\"Elfsight DE\" \/>\n<meta property=\"article:modified_time\" content=\"2025-01-14T11:21:55+00:00\" \/>\n<meta name=\"twitter:card\" content=\"summary_large_image\" \/>\n<meta name=\"twitter:label1\" content=\"Gesch\u00e4tzte Lesezeit\" \/>\n\t<meta name=\"twitter:data1\" content=\"4\u00a0Minuten\" \/>\n<!-- \/ Yoast SEO plugin. -->","yoast_head_json":{"title":"Erstellen Sie kostenlos ein Kontaktformular auf Webnode und f\u00fcgen Sie es hinzu!","description":"Generieren Sie Ihr Kontaktformular-Plugin f\u00fcr Webnode und betten Sie es in nur 2 Minuten auf Ihrer Website ein. Kostenloser Konfigurator, Hilfe beim Hinzuf\u00fcgen zur Website und weitere Extras von Elfsight!","robots":{"index":"index","follow":"follow","max-snippet":"max-snippet:-1","max-image-preview":"max-image-preview:large","max-video-preview":"max-video-preview:-1"},"canonical":"https:\/\/elfsight.com\/de\/contact-form-widget\/webnode\/","og_locale":"de_DE","og_type":"article","og_title":"Erstellen Sie kostenlos ein Kontaktformular auf Webnode und f\u00fcgen Sie es hinzu!","og_description":"Generieren Sie Ihr Kontaktformular-Plugin f\u00fcr Webnode und betten Sie es in nur 2 Minuten auf Ihrer Website ein. Kostenloser Konfigurator, Hilfe beim Hinzuf\u00fcgen zur Website und weitere Extras von Elfsight!","og_url":"https:\/\/elfsight.com\/de\/contact-form-widget\/webnode\/","og_site_name":"Elfsight DE","article_modified_time":"2025-01-14T11:21:55+00:00","twitter_card":"summary_large_image","twitter_misc":{"Gesch\u00e4tzte Lesezeit":"4\u00a0Minuten"},"schema":{"@context":"https:\/\/schema.org","@graph":[{"@type":"WebPage","@id":"https:\/\/elfsight.com\/de\/contact-form-widget\/webnode\/","url":"https:\/\/elfsight.com\/de\/contact-form-widget\/webnode\/","name":"Erstellen Sie kostenlos ein Kontaktformular auf Webnode und f\u00fcgen Sie es hinzu!","isPartOf":{"@id":"https:\/\/elfsight.com\/de\/#website"},"datePublished":"2024-05-03T06:32:51+00:00","dateModified":"2025-01-14T11:21:55+00:00","description":"Generieren Sie Ihr Kontaktformular-Plugin f\u00fcr Webnode und betten Sie es in nur 2 Minuten auf Ihrer Website ein. Kostenloser Konfigurator, Hilfe beim Hinzuf\u00fcgen zur Website und weitere Extras von Elfsight!","breadcrumb":{"@id":"https:\/\/elfsight.com\/de\/contact-form-widget\/webnode\/#breadcrumb"},"inLanguage":"de","potentialAction":[{"@type":"ReadAction","target":["https:\/\/elfsight.com\/de\/contact-form-widget\/webnode\/"]}]},{"@type":"BreadcrumbList","@id":"https:\/\/elfsight.com\/de\/contact-form-widget\/webnode\/#breadcrumb","itemListElement":[{"@type":"ListItem","position":1,"name":"Home","item":"https:\/\/elfsight.com\/de\/"},{"@type":"ListItem","position":2,"name":"Contact Form","item":"https:\/\/elfsight.com\/de\/contact-form-widget\/"},{"@type":"ListItem","position":3,"name":"Contact Form &#8211; Webnode"}]},{"@type":"WebSite","@id":"https:\/\/elfsight.com\/de\/#website","url":"https:\/\/elfsight.com\/de\/","name":"Elfsight DE","description":"Just another Elfsight Sites site","potentialAction":[{"@type":"SearchAction","target":{"@type":"EntryPoint","urlTemplate":"https:\/\/elfsight.com\/de\/?s={search_term_string}"},"query-input":{"@type":"PropertyValueSpecification","valueRequired":true,"valueName":"search_term_string"}}],"inLanguage":"de"}]}},"meta_box":{"industry":"","seo_heading":"","heading":"","description":"","cta_heading":"","cta_description":"","application":"465","h1":"Webnode-Kontaktformular-Widget","h1_caption":"Erstellen Sie ganz einfach Kontaktformulare und betten Sie sie in Ihre Website ein, um die Benutzerinteraktion und Anfragen auf Ihrer Webnode-Website m\u00fchelos zu f\u00f6rdern.","application_category":[],"applications_title":"","applications_request_title":"","applications_request_button_text":"","hero_text":"","hero_video":"","hero_video_schema_markup":"","selling_points_title":"","selling_points_caption":"","selling_points":[],"selling_points_cta_text":"","features_title":"","features":"","ed_cta_examples_text":"","ed_cta_examples_hidden":"","ed_cta_demo_text":"","ed_cta_demo_hidden":"","why_caption":"","why_editor_title":"","why_editor_text":"","why_team_title":"","why_team_text":"","why_service_title":"","why_service_text":"","template_catalog_visible":"0","template_catalog_title":"","template_catalog_text":"","template_catalog_categories_visible":"","demo_title":"Erstellen Sie Ihr Kontaktformular-Widget","demo_caption":"Konfigurieren Sie Ihr Kontaktformular und f\u00fcgen Sie es kostenlos zu Ihrer Webnode-Website hinzu!","default_faq_hidden":"","app_template_category":[],"platform":"248","template_public_id":"","codecanyon_url":"","codecanyon_item_id":"","codecanyon_price":"","pricing_caption":"","pricing_elfsight_apps_hide_column":"","pricing_elfsight_apps_url":"","pricing_codecanyon_price_caption":"","integration_category":[],"integration_request_title":"","integration_request_cta":"","integration_platform":"","integrations":[],"platform_category":[],"video_schema_markup":"","price":"ab 0 $ \/ Monat","trial":"","benefits":[{"text":"Kostenlose Installationsunterst\u00fctzung"},{"text":"Effektiver Kundenservice"},{"text":"14-t\u00e4gige Geld-zur\u00fcck-Garantie"},{"text":"Kontinuierliche kostenlose Updates"}],"button_url":"#demo","button_target_blank":"0","button_nofollow":"0","attributes":[{"name":"Installiert","content":"100,000 - 500,000"},{"name":"Reaktionsfreudig","content":"Ja"},{"name":"Kompatible Browser","content":"Firefox, Safari, Opera, Chrome, Edge"}],"tags":[],"tags_disable_links":"0","hide_more_platforms":"","video_object":"","demo_hide_cta":"0","demo_hide_cloud_options":"0","pricing_title":"","pricing":[{"pricing_icon":"platform","pricing_title":"Webnode widget","pricing_title_caption":"Plattform\u00fcbergreifende digitale L\u00f6sung, die f\u00fcr jede Website geeignet ist","pricing_price":"ab 0 $ \/ Monat","pricing_price_caption":"Beginnen Sie mit einem kostenlosen Plan","pricing_benefits":[{"text":"Unbegrenzte Domains"},{"text":"Professionelle Unterst\u00fctzung und gut dokumentiert"},{"text":"Kostenlose Installationsunterst\u00fctzung"},{"text":"Zeitlich begrenztes Angebot f\u00fcr mehrere Apps"}],"pricing_button_text":"Zur Website hinzuf\u00fcgen","pricing_button_url":"#demo"}],"related_apps_title":"","related_apps_hidden":"0","author":"","image":[],"title":"","job":"","social_networks":[]},"_links":{"self":[{"href":"https:\/\/elfsight.com\/de\/wp-json\/wp\/v2\/pages\/16914","targetHints":{"allow":["GET"]}}],"collection":[{"href":"https:\/\/elfsight.com\/de\/wp-json\/wp\/v2\/pages"}],"about":[{"href":"https:\/\/elfsight.com\/de\/wp-json\/wp\/v2\/types\/page"}],"author":[{"embeddable":true,"href":"https:\/\/elfsight.com\/de\/wp-json\/wp\/v2\/users\/9"}],"replies":[{"embeddable":true,"href":"https:\/\/elfsight.com\/de\/wp-json\/wp\/v2\/comments?post=16914"}],"version-history":[{"count":3,"href":"https:\/\/elfsight.com\/de\/wp-json\/wp\/v2\/pages\/16914\/revisions"}],"predecessor-version":[{"id":23618,"href":"https:\/\/elfsight.com\/de\/wp-json\/wp\/v2\/pages\/16914\/revisions\/23618"}],"up":[{"embeddable":true,"href":"https:\/\/elfsight.com\/de\/wp-json\/wp\/v2\/pages\/949"}],"wp:attachment":[{"href":"https:\/\/elfsight.com\/de\/wp-json\/wp\/v2\/media?parent=16914"}],"curies":[{"name":"wp","href":"https:\/\/api.w.org\/{rel}","templated":true}]}}