{"id":16913,"date":"2024-05-03T06:32:50","date_gmt":"2024-05-03T06:32:50","guid":{"rendered":"https:\/\/elfsight.com\/de\/?page_id=16913"},"modified":"2024-11-08T09:22:21","modified_gmt":"2024-11-08T09:22:21","slug":"weebly","status":"publish","type":"page","link":"https:\/\/elfsight.com\/de\/contact-form-widget\/weebly\/","title":{"rendered":"Contact Form &#8211; Weebly"},"content":{"rendered":"\n<div class=\"application-platform-content-item-description application-platform-content-item\" id=\"description\" data-nav-section=\"description\">\n<h2>Kontaktformular f\u00fcr Weebly<\/h2>\n<p>Die Kontaktformular-App von Elfsight Weebly bietet alles, was Sie zum Sammeln von Eindr\u00fccken und Anfragen von Benutzern Ihrer Website ben\u00f6tigen. Installieren Sie zus\u00e4tzliche Felder, passen Sie die gew\u00fcnschte Vorlage an und gestalten Sie die Benutzeroberfl\u00e4che so, dass Ihre Kunden dazu inspiriert werden, ihre Eindr\u00fccke \u00fcber Ihre Dienstleistungen oder Ihr Unternehmen \u00fcber das Weebly-Kontaktformular per E-Mail zu teilen.<\/p>\n<p><b>Erfassen Sie die Eindr\u00fccke Ihrer Benutzer, erhalten Sie Bestellungen und beantworten Sie Fragen der Benutzer Ihrer Website mit dem E-Mail-Kontaktformular!<\/b><\/p>\n<ul>\n    <li><b>Erh\u00f6hen Sie die Anzahl der Anfragen von der Website<\/b>.<br>L\u00f6sen Sie Probleme, bek\u00e4mpfen Sie das Misstrauen gegen\u00fcber Ihrem Unternehmen und verhindern Sie, dass Besucher die Website verlassen. Nutzen Sie unser praktisches Tool f\u00fcr einen fruchtbaren Dialog mit Ihren Kunden.<\/li>\n    <li><b>Verstehen Sie Ihre Nutzer besser<\/b>.<br>W\u00fcnsche, Zweifel, Missverst\u00e4ndnisse und alle anderen Eindr\u00fccke Ihrer Kunden zu Ihren Waren oder Dienstleistungen sind wertvolle Informationen, um die W\u00fcnsche Ihrer Website-Besucher zu erf\u00fcllen und das Unternehmenswachstum gezielt zu steuern.<\/li>\n    <li><b>Sch\u00fctzen Sie Ihr Postfach vor Bots<\/b>.<br>Verhindern Sie, dass Bots Ihnen Nachrichten senden. Das Elfsight-Formular enth\u00e4lt Google reCAPTCHA, um Ihre E-Mails vor Spam und Bots zu sch\u00fctzen.<\/li>\n<\/ul>\n<\/div>\n\n<div class=\"application-platform-content-item-features application-platform-content-item\" id=\"features\" data-nav-section=\"features\">\n<h2>Funktionen des Kontaktformular-Plugins<\/h2>\n<p>Was macht das Elfsight-Kontaktformular zur besten App, um Feedback zu erhalten und Bestellungen auf Weebly-Websites zu erfassen? Hier sind einige der wichtigsten Funktionen:<\/p>\n<ul>\n    <li>Geben Sie f\u00fcr jedes Feld einen Platzhalter an, um das erforderliche Format anzuzeigen.<\/li>\n    <li>Pinnen Sie ein Bild, ein Logo oder ein Foto \u00fcber Ihr Formular.<\/li>\n    <li>2 vordefinierte Layouts: Inline zur Integration in den Seitentext und ein schwebendes Layout, das den Besucher beim Scrollen begleitet.<\/li>\n    <li>Alle in das Formular eingegebenen Daten werden w\u00e4hrend der Bearbeitung gespeichert.<\/li>\n    <li>Optimiert f\u00fcr mobile Ger\u00e4te und sieht dort gro\u00dfartig aus.<\/li>\n<\/ul>\n<p><a href=\"#demo\">Sehen Sie sich die vollst\u00e4ndige Liste der Funktionen in unserem Editor an<\/a><\/p>\n<\/div>\n\n<div class=\"application-platform-content-item-installation application-platform-content-item\" id=\"installation\" data-nav-section=\"installation\">\n<h2>So erstellen Sie ein Kontaktformular-Widget f\u00fcr die Weebly-Website<\/h2>\n<div class=\"video-container\">\n    <iframe src=\"https:\/\/www.youtube.com\/embed\/WaJPoV5Eg2M\" width=\"720\" height=\"405\" frameborder=\"0\" allowfullscreen=\"allowfullscreen\"><\/iframe>\n<\/div>\n<p>Lesen Sie unseren Leitfaden, um die Kontakt-App einfach in Ihre Website zu integrieren. Es sind keine Programmierkenntnisse erforderlich und die gesamte Einrichtung dauert weniger als 80 Sekunden.<\/p>\n<ol>\n    <li><b>Verwenden Sie unsere kostenlose Demo und beginnen Sie mit der Erstellung Ihrer benutzerdefinierten App.<\/b><br> Passen Sie die Benutzeroberfl\u00e4che und die Parameter der App an und \u00fcbernehmen Sie alle \u00c4nderungen.<\/li>\n    <li><b>Erhalten Sie Ihren individuellen Code, der im Elfsight Apps-Fenster angezeigt wird.<\/b><br> Kopieren Sie den Code nach der Erstellung und speichern Sie ihn f\u00fcr die weitere Verwendung.<\/li>\n    <li><b>F\u00fcgen Sie die App in Ihre Weebly-Website ein.<\/b><br> Integrieren Sie den k\u00fcrzlich gespeicherten Code in Ihre Website und \u00fcbernehmen Sie die \u00c4nderungen.<\/li>\n    <li><b>Fertig! Die Integration ist abgeschlossen.<\/b><br> Besuchen Sie Ihre Website, um die Funktionsweise der App zu testen.<\/li>\n<\/ol>\n<p>Haben Sie Probleme beim Erstellen des Formulars oder bei der Anwendung des Leitfadens? Es k\u00f6nnte hilfreich sein, das ausf\u00fchrliche Handbuch zu lesen: \u00ab<a href=\"https:\/\/elfsight.com\/tutorials\/how-to-add-contact-form-plugin-to-weebly\/\" target=\"_blank\" rel=\"noopener noreferrer\">So f\u00fcgen Sie ein Kontaktformular in eine Weebly-Website ein<\/a>\u00bb. Alternativ k\u00f6nnen Sie sich mit einer detaillierten Beschreibung Ihres Anliegens an unser Hilfecenter wenden. Unser Team wird sein Bestes tun, um Ihnen zu helfen.<\/p>\n<\/div>\n\n<div class=\"faq\" data-component=\"FAQ\">\n<div class=\"faq-item\">\r\n\t\t\t\t\t<div class=\"faq-item-question\">\r\n\t\t\t\t\t\t<h3 class=\"faq-item-question-text\">Wie sichere ich die Daten meiner Weebly-Kontaktformulare?<\/h3>\r\n\r\n\t\t\t\t\t\t<div class=\"faq-item-question-icon\"><\/div>\r\n\t\t\t\t\t<\/div>\r\n\r\n\t\t\t\t\t<div class=\"faq-item-answer\">\r\n\t\t\t\t\t\t<div class=\"faq-item-answer-text\">\n<p>Der Elfsight Form Builder enth\u00e4lt das leistungsstarke reCAPTCHA-Sicherheitstool. Es sch\u00fctzt Ihre Formulare und Ihr Postfach vor Spam und Bots und sorgt daf\u00fcr, dass nur wertvolle Daten erfasst werden.<\/p>\n<\/div>\r\n\t\t\t\t\t<\/div>\r\n\t\t\t\t<\/div>\n\n<div class=\"faq-item\">\r\n\t\t\t\t\t<div class=\"faq-item-question\">\r\n\t\t\t\t\t\t<h3 class=\"faq-item-question-text\">Bieten Sie Vorlagen f\u00fcr bedingte Logikformulare, Mehrfachfelder oder E-Mail-Formulare an?<\/h3>\r\n\r\n\t\t\t\t\t\t<div class=\"faq-item-question-icon\"><\/div>\r\n\t\t\t\t\t<\/div>\r\n\r\n\t\t\t\t\t<div class=\"faq-item-answer\">\r\n\t\t\t\t\t\t<div class=\"faq-item-answer-text\">\n<p>Ja! Melden Sie sich einfach beim Elfsight Apps-Dienst an, w\u00e4hlen Sie eine passende Vorlage aus und gestalten Sie Ihr personalisiertes Widget.<\/p>\n<\/div>\r\n\t\t\t\t\t<\/div>\r\n\t\t\t\t<\/div>\n\n<div class=\"faq-item\">\r\n\t\t\t\t\t<div class=\"faq-item-question\">\r\n\t\t\t\t\t\t<h3 class=\"faq-item-question-text\">Wie kann ich ein Kontaktformular f\u00fcr meine Weebly-Website erstellen?<\/h3>\r\n\r\n\t\t\t\t\t\t<div class=\"faq-item-question-icon\"><\/div>\r\n\t\t\t\t\t<\/div>\r\n\r\n\t\t\t\t\t<div class=\"faq-item-answer\">\r\n\t\t\t\t\t\t<div class=\"faq-item-answer-text\">\n<p>Um ein Kontaktformular zu erstellen, melden Sie sich bei Elfsight Apps an, nehmen die erforderlichen Anpassungen am Tool vor, speichern die \u00c4nderungen und integrieren das Formular auf Ihrer Website.<\/p>\n<\/div>\r\n\t\t\t\t\t<\/div>\r\n\t\t\t\t<\/div>\n\n<div class=\"faq-item\">\r\n\t\t\t\t\t<div class=\"faq-item-question\">\r\n\t\t\t\t\t\t<h3 class=\"faq-item-question-text\">Haben Sie fertige Kontaktformularvorlagen f\u00fcr Weebly-Websites?<\/h3>\r\n\r\n\t\t\t\t\t\t<div class=\"faq-item-question-icon\"><\/div>\r\n\t\t\t\t\t<\/div>\r\n\r\n\t\t\t\t\t<div class=\"faq-item-answer\">\r\n\t\t\t\t\t\t<div class=\"faq-item-answer-text\">\n<p>Ja, es gibt eine gro\u00dfe Auswahl von \u00fcber 300 Vorlagen, um Zeit zu sparen. Sehen Sie sich unsere <a href=\"https:\/\/elfsight.com\/online-form-builder\/templates\/contact-forms\/\">Kontaktformularvorlagen<\/a> an und finden Sie die passende f\u00fcr Ihre Bed\u00fcrfnisse.<\/p>\n<\/div>\r\n\t\t\t\t\t<\/div>\r\n\t\t\t\t<\/div>\n<\/div>\n\n","protected":false},"excerpt":{"rendered":"","protected":false},"author":9,"featured_media":0,"parent":949,"menu_order":0,"comment_status":"closed","ping_status":"closed","template":"templates\/template-application-platform.php","meta":{"publish_to_discourse":"","publish_post_category":"","wpdc_auto_publish_overridden":"","wpdc_topic_tags":"","wpdc_pin_topic":"","wpdc_pin_until":"","discourse_post_id":"","discourse_permalink":"","wpdc_publishing_response":"","wpdc_publishing_error":"","footnotes":""},"class_list":["post-16913","page","type-page","status-publish","hentry"],"yoast_head":"<!-- This site is optimized with the Yoast SEO plugin v25.3.1 - https:\/\/yoast.com\/wordpress\/plugins\/seo\/ -->\n<title>Erstellen Sie kostenlos ein Kontaktformular auf Weebly und f\u00fcgen Sie es hinzu!<\/title>\n<meta name=\"description\" content=\"Erstellen Sie Ihre Kontaktformular-App f\u00fcr Weebly und zeigen Sie sie auf Ihrer Website an \u2013 in nur 2 Minuten. Kostenlose Demo, Unterst\u00fctzung bei der Integration in die Website und viele weitere Extras von Elfsight!\" \/>\n<meta name=\"robots\" content=\"index, follow, max-snippet:-1, max-image-preview:large, max-video-preview:-1\" \/>\n<link rel=\"canonical\" href=\"https:\/\/elfsight.com\/de\/contact-form-widget\/weebly\/\" \/>\n<meta property=\"og:locale\" content=\"de_DE\" \/>\n<meta property=\"og:type\" content=\"article\" \/>\n<meta property=\"og:title\" content=\"Erstellen Sie kostenlos ein Kontaktformular auf Weebly und f\u00fcgen Sie es hinzu!\" \/>\n<meta property=\"og:description\" content=\"Erstellen Sie Ihre Kontaktformular-App f\u00fcr Weebly und zeigen Sie sie auf Ihrer Website an \u2013 in nur 2 Minuten. Kostenlose Demo, Unterst\u00fctzung bei der Integration in die Website und viele weitere Extras von Elfsight!\" \/>\n<meta property=\"og:url\" content=\"https:\/\/elfsight.com\/de\/contact-form-widget\/weebly\/\" \/>\n<meta property=\"og:site_name\" content=\"Elfsight DE\" \/>\n<meta property=\"article:modified_time\" content=\"2024-11-08T09:22:21+00:00\" \/>\n<meta name=\"twitter:card\" content=\"summary_large_image\" \/>\n<meta name=\"twitter:label1\" content=\"Gesch\u00e4tzte Lesezeit\" \/>\n\t<meta name=\"twitter:data1\" content=\"4\u00a0Minuten\" \/>\n<!-- \/ Yoast SEO plugin. -->","yoast_head_json":{"title":"Erstellen Sie kostenlos ein Kontaktformular auf Weebly und f\u00fcgen Sie es hinzu!","description":"Erstellen Sie Ihre Kontaktformular-App f\u00fcr Weebly und zeigen Sie sie auf Ihrer Website an \u2013 in nur 2 Minuten. Kostenlose Demo, Unterst\u00fctzung bei der Integration in die Website und viele weitere Extras von Elfsight!","robots":{"index":"index","follow":"follow","max-snippet":"max-snippet:-1","max-image-preview":"max-image-preview:large","max-video-preview":"max-video-preview:-1"},"canonical":"https:\/\/elfsight.com\/de\/contact-form-widget\/weebly\/","og_locale":"de_DE","og_type":"article","og_title":"Erstellen Sie kostenlos ein Kontaktformular auf Weebly und f\u00fcgen Sie es hinzu!","og_description":"Erstellen Sie Ihre Kontaktformular-App f\u00fcr Weebly und zeigen Sie sie auf Ihrer Website an \u2013 in nur 2 Minuten. Kostenlose Demo, Unterst\u00fctzung bei der Integration in die Website und viele weitere Extras von Elfsight!","og_url":"https:\/\/elfsight.com\/de\/contact-form-widget\/weebly\/","og_site_name":"Elfsight DE","article_modified_time":"2024-11-08T09:22:21+00:00","twitter_card":"summary_large_image","twitter_misc":{"Gesch\u00e4tzte Lesezeit":"4\u00a0Minuten"},"schema":{"@context":"https:\/\/schema.org","@graph":[{"@type":"WebPage","@id":"https:\/\/elfsight.com\/de\/contact-form-widget\/weebly\/","url":"https:\/\/elfsight.com\/de\/contact-form-widget\/weebly\/","name":"Erstellen Sie kostenlos ein Kontaktformular auf Weebly und f\u00fcgen Sie es hinzu!","isPartOf":{"@id":"https:\/\/elfsight.com\/de\/#website"},"datePublished":"2024-05-03T06:32:50+00:00","dateModified":"2024-11-08T09:22:21+00:00","description":"Erstellen Sie Ihre Kontaktformular-App f\u00fcr Weebly und zeigen Sie sie auf Ihrer Website an \u2013 in nur 2 Minuten. Kostenlose Demo, Unterst\u00fctzung bei der Integration in die Website und viele weitere Extras von Elfsight!","breadcrumb":{"@id":"https:\/\/elfsight.com\/de\/contact-form-widget\/weebly\/#breadcrumb"},"inLanguage":"de","potentialAction":[{"@type":"ReadAction","target":["https:\/\/elfsight.com\/de\/contact-form-widget\/weebly\/"]}]},{"@type":"BreadcrumbList","@id":"https:\/\/elfsight.com\/de\/contact-form-widget\/weebly\/#breadcrumb","itemListElement":[{"@type":"ListItem","position":1,"name":"Home","item":"https:\/\/elfsight.com\/de\/"},{"@type":"ListItem","position":2,"name":"Contact Form","item":"https:\/\/elfsight.com\/de\/contact-form-widget\/"},{"@type":"ListItem","position":3,"name":"Contact Form &#8211; Weebly"}]},{"@type":"WebSite","@id":"https:\/\/elfsight.com\/de\/#website","url":"https:\/\/elfsight.com\/de\/","name":"Elfsight DE","description":"Just another Elfsight Sites site","potentialAction":[{"@type":"SearchAction","target":{"@type":"EntryPoint","urlTemplate":"https:\/\/elfsight.com\/de\/?s={search_term_string}"},"query-input":{"@type":"PropertyValueSpecification","valueRequired":true,"valueName":"search_term_string"}}],"inLanguage":"de"}]}},"meta_box":{"industry":"","seo_heading":"","heading":"","description":"","cta_heading":"","cta_description":"","application":"465","h1":"Weebly-Kontaktformular-App","h1_caption":"Erstellen Sie ganz einfach Kontaktformulare und betten Sie sie in Ihre Website ein, um die Benutzerinteraktion und Anfragen auf Ihrer Weebly-Website m\u00fchelos zu f\u00f6rdern.","application_category":[],"applications_title":"","applications_request_title":"","applications_request_button_text":"","hero_text":"","hero_video":"","hero_video_schema_markup":"","selling_points_title":"","selling_points_caption":"","selling_points":[],"selling_points_cta_text":"","features_title":"","features":"","ed_cta_examples_text":"","ed_cta_examples_hidden":"","ed_cta_demo_text":"","ed_cta_demo_hidden":"","why_caption":"","why_editor_title":"","why_editor_text":"","why_team_title":"","why_team_text":"","why_service_title":"","why_service_text":"","template_catalog_visible":"0","template_catalog_title":"","template_catalog_text":"","template_catalog_categories_visible":"","demo_title":"Erstellen Sie Ihre Kontaktformular-App","demo_caption":"Konfigurieren Sie Ihr Kontaktformular und f\u00fcgen Sie es kostenlos zu Ihrer Weebly-Website hinzu!","default_faq_hidden":"","app_template_category":[],"platform":"249","template_public_id":"","codecanyon_url":"","codecanyon_item_id":"","codecanyon_price":"","pricing_caption":"","pricing_elfsight_apps_hide_column":"","pricing_elfsight_apps_url":"","pricing_codecanyon_price_caption":"","integration_category":[],"integration_request_title":"","integration_request_cta":"","integration_platform":"","integrations":[],"platform_category":[],"video_schema_markup":"","price":"ab 0 $ \/ Monat","trial":"","benefits":[{"text":"Kostenlose Installationsunterst\u00fctzung"},{"text":"Premium-Support"},{"text":"14-t\u00e4gige R\u00fcckerstattungsgarantie"},{"text":"Lebenslange Updates"}],"button_url":"#demo","button_target_blank":"0","button_nofollow":"0","attributes":[{"name":"Installiert","content":"100,000 - 500,000"},{"name":"Reaktionsfreudig","content":"Ja"},{"name":"Kompatible Browser","content":"Firefox, Safari, Opera, Chrome, Edge"}],"tags":[],"tags_disable_links":"0","hide_more_platforms":"","video_object":"","demo_hide_cta":"0","demo_hide_cloud_options":"0","pricing_title":"","pricing":[{"pricing_icon":"platform","pricing_title":"Elfsight Apps version","pricing_title_caption":"Plattform\u00fcbergreifende digitale L\u00f6sung, die f\u00fcr jede Website geeignet ist","pricing_price":"ab 0 $ \/ Monat","pricing_price_caption":"Beginnen Sie mit dem kostenlosen Plan","pricing_benefits":[{"text":"Unbegrenzte Websites"},{"text":"Professionelle Unternehmensunterst\u00fctzung"},{"text":"Kostenlose Installationsunterst\u00fctzung"},{"text":"Tolles Angebot f\u00fcr mehrere Apps"}],"pricing_button_text":"Zur Website hinzuf\u00fcgen","pricing_button_url":"#demo"}],"related_apps_title":"","related_apps_hidden":"0","author":"","image":[],"title":"","job":"","social_networks":[]},"_links":{"self":[{"href":"https:\/\/elfsight.com\/de\/wp-json\/wp\/v2\/pages\/16913","targetHints":{"allow":["GET"]}}],"collection":[{"href":"https:\/\/elfsight.com\/de\/wp-json\/wp\/v2\/pages"}],"about":[{"href":"https:\/\/elfsight.com\/de\/wp-json\/wp\/v2\/types\/page"}],"author":[{"embeddable":true,"href":"https:\/\/elfsight.com\/de\/wp-json\/wp\/v2\/users\/9"}],"replies":[{"embeddable":true,"href":"https:\/\/elfsight.com\/de\/wp-json\/wp\/v2\/comments?post=16913"}],"version-history":[{"count":3,"href":"https:\/\/elfsight.com\/de\/wp-json\/wp\/v2\/pages\/16913\/revisions"}],"predecessor-version":[{"id":22695,"href":"https:\/\/elfsight.com\/de\/wp-json\/wp\/v2\/pages\/16913\/revisions\/22695"}],"up":[{"embeddable":true,"href":"https:\/\/elfsight.com\/de\/wp-json\/wp\/v2\/pages\/949"}],"wp:attachment":[{"href":"https:\/\/elfsight.com\/de\/wp-json\/wp\/v2\/media?parent=16913"}],"curies":[{"name":"wp","href":"https:\/\/api.w.org\/{rel}","templated":true}]}}