{"id":16912,"date":"2024-05-03T06:32:49","date_gmt":"2024-05-03T06:32:49","guid":{"rendered":"https:\/\/elfsight.com\/de\/?page_id=16912"},"modified":"2025-01-14T11:28:40","modified_gmt":"2025-01-14T11:28:40","slug":"wix","status":"publish","type":"page","link":"https:\/\/elfsight.com\/de\/contact-form-widget\/wix\/","title":{"rendered":"Contact Form &#8211; Wix"},"content":{"rendered":"\n<div class=\"application-platform-content-item-description application-platform-content-item\" id=\"description\" data-nav-section=\"description\"><h2>Kontaktformular f\u00fcr Wix<\/h2><p>Durch die Hinzuf\u00fcgung unserer Wix-Kontaktformular-App wird allen Anforderungen beim Erhalt von Bewertungen und Anfragen von Kunden gerecht Ihrer Website. F\u00fcgen Sie die wesentlichen Felder zum Ausf\u00fcllen hinzu, finden Sie Ihre optimale Vorlage und passen Sie die Benutzeroberfl\u00e4che an, um Ihre Besucher dazu zu motivieren, Bewertungen zu Ihren Produkten oder Ihrem Unternehmen \u00fcber die Feedback-Formular-App f\u00fcr Wix zu senden.<\/p><p><b>Empfehlungen erhalten, erhalten Anfragen und Antworten auf Anfragen Ihrer Website-Benutzer senden!<\/b><\/p><ul><li><b>Erh\u00f6hen Sie die Anzahl der Bestellungen auf der Website<\/b>.<br>L\u00f6sen Sie alle Arten von Problemen und Nehmen Sie den Verdacht Ihrer Kunden nicht ernst und erlauben Sie ihnen nicht, die Website zu schlie\u00dfen. Nutzen Sie unsere praktische Wix-Bestellformularvorlage, um einen effektiven Dialog mit Kunden aufzubauen.<\/li><li><b>Erhalten Sie mehr Meinungen zu Waren oder Dienstleistungen<\/b>.<br>Die Antworten Ihrer Kunden sind f\u00fcr die Weiterentwicklung von \u00e4u\u00dferst wichtig das Gesch\u00e4ft. Mithilfe unseres einfachen Kontaktformulars, das Ihrer Wix-Website hinzugef\u00fcgt wurde, erhalten Sie mehr Feedback!<\/li><li><b>Verbessern Sie Ihre Benutzerkommunikation<\/b>.<br>Mit praktischen Layouts und flexibler Benutzeroberfl\u00e4che und personalisierten \u201eDankesch\u00f6n\u201c-Nachrichten zeigen Sie Ihren Kunden, wie wichtig sie f\u00fcr Ihr Unternehmen sind.<\/li><\/ul><\/div><div class=\"application-platform-content-item-features application-platform-content-item\" id=\"features\" data-nav-section=\"features\"><h2>Funktionen des Kontaktformular-Plugins<\/h2><p>Was macht das Elfsight-Kontaktformular zur besten App, um Benutzereindr\u00fccke zu erhalten und Anfragen f\u00fcr Wix zu erhalten? Sehen Sie sich unsere wichtigsten Funktionen an:<\/p><ul><li>W\u00e4hlen Sie die Felder aus, die als Pflichtfelder gelten sollen;<\/li><li>Bearbeitbare Beschriftung der Schaltfl\u00e4che \u201eSenden\u201c;<\/li><li>Inline-Layout mit automatischer Anpassung der Felder an die Breite des Formulars;<\/li><li>Google reCAPTCHA sch\u00fctzt Ihr Formular vor Spam und Bots;<\/li><li>Nahtloses Design, das sofort f\u00fcr 99 % der Websites geeignet ist.<\/li><\/ul><p><a href=\"#demo\">Entdecken Sie die gesamte Liste der Funktionsmerkmale in unserem Editor<\/a><\/p><\/div><div class=\"application-platform-content-item-installation application-platform-content-item\" id=\"installation\" data-nav-section=\"installation\"><h2>So f\u00fcgen Sie einen Kontakt hinzu Formular-Widget zur Wix-Website<\/h2><div class=\"video-container\"><iframe width=\"560\" height=\"315\" src=\"https:\/\/www.youtube.com\/embed\/3kpTNeZAH8k?si=xipTsb-q2YWGGKMA\" frameborder=\"0\" allow=\"accelerometer; autoplay; clipboard-write; encrypted-media; gyroscope; picture-in-picture; web-share\" allowfullscreen><\/iframe><\/div><p>Lesen Sie einen von unserem Team erstellten Leitfaden zum Hinzuf\u00fcgen einer Kontakt-App zu Ihrer Website. Hierf\u00fcr sind keine Programmierkenntnisse erforderlich. Die durchschnittliche Installationszeit betr\u00e4gt ca. 90 Sekunden.<\/p><ol><li><b>Erstellen Sie Ihr individuelles Kontaktformular<\/b>.<br>Mit unserem <a href=\"#demo\">kostenlosen Editor<\/a>, ein Widget mit der gew\u00fcnschten Vorlage und den gew\u00fcnschten Funktionen.<\/li><li><b>Holen Sie sich einen Code f\u00fcr die Integration der App<\/b>.<br>Nach der Widget-Erstellung Holen Sie sich ab der Popup-Benachrichtigung einen Code f\u00fcr das Kontakt-Widget Elfsight Apps.<\/li><li><b>Zeigen Sie die App auf der WIx-Website an<\/b>.<br>Zeigen Sie das Widget an der gew\u00fcnschten Stelle der Website an und speichern Sie die \u00c4nderungen.<\/li><li><b>Die Integration ist erfolgreich!<\/b><br>Betreten Sie Ihre Website von Wix, um Ihre App zu \u00fcberpr\u00fcfen.<\/li><\/ol><p>Haben Sie Schwierigkeiten beim Befolgen der Anweisungen oder beim Erstellen Ihres Formulars? Es kann hilfreich sein, eine ausf\u00fchrliche Anleitung zu lesen: &#8222;<a href=\"https:\/\/elfsight.com\/tutorials\/how-to-add-contact-form-app-to-wix\/\" target=\"_blank\" rel=\"noopener noreferrer\">So f\u00fcgen Sie ein Kontaktformular auf einer Wix-Website hinzu<\/a>&#8220; und nutzen Sie eine zweite Chance, es selbst hinzuzuf\u00fcgen, oder wenden Sie sich an das Support-Center. Unser Team wird sein Bestes tun, um Sie zeitnah und professionell zu beraten.<\/p><div class=\"faq\" data-component=\"FAQ\"> <div class=\"faq-item\">\r\n\t\t\t\t\t<div class=\"faq-item-question\">\r\n\t\t\t\t\t\t<h3 class=\"faq-item-question-text\">Wie kann ich ohne Programmierkenntnisse ein Kontaktformular zu meiner Wix-Website hinzuf\u00fcgen?<\/h3>\r\n\r\n\t\t\t\t\t\t<div class=\"faq-item-question-icon\"><\/div>\r\n\t\t\t\t\t<\/div>\r\n\r\n\t\t\t\t\t<div class=\"faq-item-answer\">\r\n\t\t\t\t\t\t<div class=\"faq-item-answer-text\"> <p>Elfsight bietet eine SaaS-L\u00f6sung daf\u00fcr k\u00f6nnen Sie selbst ein Kontaktformular-Widget erstellen. Sehen Sie, wie einfach der Vorgang ist: Arbeiten Sie direkt im Online-Editor, um ein Kontaktformular-Widget zu erstellen, das Sie gerne auf Ihrer Website von Wix sehen w\u00fcrden. W\u00e4hlen Sie eine der vorgefertigten Vorlagen aus und passen Sie die Einstellungen des Kontaktformulars an, f\u00fcgen Sie Ihre Inhalte hinzu, \u00e4ndern Sie das Layout und die Farben ohne Programmierkenntnisse. Speichern Sie das Kontaktformular und kopieren Sie den Installationscode, damit Sie es m\u00fchelos auf Ihrer Wix-Website hinzuf\u00fcgen k\u00f6nnen, ohne einen kostenpflichtigen Plan kaufen zu m\u00fcssen. Mit unserem intuitiven Editor kann jeder Internetnutzer online ein Kontaktformular-Widget erstellen und es einfach in seine Wix-Website einbetten. Sie m\u00fcssen weder bezahlen noch Ihre Kartendaten eingeben, um auf den Service zuzugreifen. Wenn Sie bei irgendeinem Schritt auf Probleme sto\u00dfen, wenden Sie sich bitte an unser technisches Support-Team.<\/p> <\/div>\r\n\t\t\t\t\t<\/div>\r\n\t\t\t\t<\/div> <div class=\"faq-item\">\r\n\t\t\t\t\t<div class=\"faq-item-question\">\r\n\t\t\t\t\t\t<h3 class=\"faq-item-question-text\">Bieten Sie Kontaktformularvorlagen f\u00fcr die Website von Wix an?<\/h3>\r\n\r\n\t\t\t\t\t\t<div class=\"faq-item-question-icon\"><\/div>\r\n\t\t\t\t\t<\/div>\r\n\r\n\t\t\t\t\t<div class=\"faq-item-answer\">\r\n\t\t\t\t\t\t<div class=\"faq-item-answer-text\"><p>Ja, Elfsight verf\u00fcgt \u00fcber 300 gebrauchsfertige Vorlagen f\u00fcr jeden Fall. Schauen Sie sich die <a href=\"https:\/\/elfsight.com\/online-form-builder\/templates\/contact-forms\/\">Kontaktformularvorlagen<\/a> genauer an und w\u00e4hlen Sie die aus, die Ihnen am besten gef\u00e4llt.<\/p><\/div>\r\n\t\t\t\t\t<\/div>\r\n\t\t\t\t<\/div><\/div> <\/div>\n","protected":false},"excerpt":{"rendered":"","protected":false},"author":9,"featured_media":0,"parent":949,"menu_order":0,"comment_status":"closed","ping_status":"closed","template":"templates\/template-application-platform.php","meta":{"publish_to_discourse":"","publish_post_category":"","wpdc_auto_publish_overridden":"","wpdc_topic_tags":"","wpdc_pin_topic":"","wpdc_pin_until":"","discourse_post_id":"","discourse_permalink":"","wpdc_publishing_response":"","wpdc_publishing_error":"","footnotes":""},"class_list":["post-16912","page","type-page","status-publish","hentry"],"yoast_head":"<!-- This site is optimized with the Yoast SEO plugin v25.3.1 - https:\/\/yoast.com\/wordpress\/plugins\/seo\/ -->\n<title>Erstellen Sie kostenlos ein Kontaktformular bei Wix und f\u00fcgen Sie es hinzu!<\/title>\n<meta name=\"description\" content=\"Holen Sie sich eine individuelle Kontaktformular-App f\u00fcr Wix und zeigen Sie sie in nur 2 Minuten auf Ihrer Website an. Kostenloser Konfigurator, Hilfe bei der Anpassung und weitere Zusatzvorteile von Elfsight!\" \/>\n<meta name=\"robots\" content=\"index, follow, max-snippet:-1, max-image-preview:large, max-video-preview:-1\" \/>\n<link rel=\"canonical\" href=\"https:\/\/elfsight.com\/de\/contact-form-widget\/wix\/\" \/>\n<meta property=\"og:locale\" content=\"de_DE\" \/>\n<meta property=\"og:type\" content=\"article\" \/>\n<meta property=\"og:title\" content=\"Erstellen Sie kostenlos ein Kontaktformular bei Wix und f\u00fcgen Sie es hinzu!\" \/>\n<meta property=\"og:description\" content=\"Holen Sie sich eine individuelle Kontaktformular-App f\u00fcr Wix und zeigen Sie sie in nur 2 Minuten auf Ihrer Website an. Kostenloser Konfigurator, Hilfe bei der Anpassung und weitere Zusatzvorteile von Elfsight!\" \/>\n<meta property=\"og:url\" content=\"https:\/\/elfsight.com\/de\/contact-form-widget\/wix\/\" \/>\n<meta property=\"og:site_name\" content=\"Elfsight DE\" \/>\n<meta property=\"article:modified_time\" content=\"2025-01-14T11:28:40+00:00\" \/>\n<meta name=\"twitter:card\" content=\"summary_large_image\" \/>\n<meta name=\"twitter:label1\" content=\"Gesch\u00e4tzte Lesezeit\" \/>\n\t<meta name=\"twitter:data1\" content=\"4\u00a0Minuten\" \/>\n<!-- \/ Yoast SEO plugin. -->","yoast_head_json":{"title":"Erstellen Sie kostenlos ein Kontaktformular bei Wix und f\u00fcgen Sie es hinzu!","description":"Holen Sie sich eine individuelle Kontaktformular-App f\u00fcr Wix und zeigen Sie sie in nur 2 Minuten auf Ihrer Website an. Kostenloser Konfigurator, Hilfe bei der Anpassung und weitere Zusatzvorteile von Elfsight!","robots":{"index":"index","follow":"follow","max-snippet":"max-snippet:-1","max-image-preview":"max-image-preview:large","max-video-preview":"max-video-preview:-1"},"canonical":"https:\/\/elfsight.com\/de\/contact-form-widget\/wix\/","og_locale":"de_DE","og_type":"article","og_title":"Erstellen Sie kostenlos ein Kontaktformular bei Wix und f\u00fcgen Sie es hinzu!","og_description":"Holen Sie sich eine individuelle Kontaktformular-App f\u00fcr Wix und zeigen Sie sie in nur 2 Minuten auf Ihrer Website an. Kostenloser Konfigurator, Hilfe bei der Anpassung und weitere Zusatzvorteile von Elfsight!","og_url":"https:\/\/elfsight.com\/de\/contact-form-widget\/wix\/","og_site_name":"Elfsight DE","article_modified_time":"2025-01-14T11:28:40+00:00","twitter_card":"summary_large_image","twitter_misc":{"Gesch\u00e4tzte Lesezeit":"4\u00a0Minuten"},"schema":{"@context":"https:\/\/schema.org","@graph":[{"@type":"WebPage","@id":"https:\/\/elfsight.com\/de\/contact-form-widget\/wix\/","url":"https:\/\/elfsight.com\/de\/contact-form-widget\/wix\/","name":"Erstellen Sie kostenlos ein Kontaktformular bei Wix und f\u00fcgen Sie es hinzu!","isPartOf":{"@id":"https:\/\/elfsight.com\/de\/#website"},"datePublished":"2024-05-03T06:32:49+00:00","dateModified":"2025-01-14T11:28:40+00:00","description":"Holen Sie sich eine individuelle Kontaktformular-App f\u00fcr Wix und zeigen Sie sie in nur 2 Minuten auf Ihrer Website an. Kostenloser Konfigurator, Hilfe bei der Anpassung und weitere Zusatzvorteile von Elfsight!","breadcrumb":{"@id":"https:\/\/elfsight.com\/de\/contact-form-widget\/wix\/#breadcrumb"},"inLanguage":"de","potentialAction":[{"@type":"ReadAction","target":["https:\/\/elfsight.com\/de\/contact-form-widget\/wix\/"]}]},{"@type":"BreadcrumbList","@id":"https:\/\/elfsight.com\/de\/contact-form-widget\/wix\/#breadcrumb","itemListElement":[{"@type":"ListItem","position":1,"name":"Home","item":"https:\/\/elfsight.com\/de\/"},{"@type":"ListItem","position":2,"name":"Contact Form","item":"https:\/\/elfsight.com\/de\/contact-form-widget\/"},{"@type":"ListItem","position":3,"name":"Contact Form &#8211; Wix"}]},{"@type":"WebSite","@id":"https:\/\/elfsight.com\/de\/#website","url":"https:\/\/elfsight.com\/de\/","name":"Elfsight DE","description":"Just another Elfsight Sites site","potentialAction":[{"@type":"SearchAction","target":{"@type":"EntryPoint","urlTemplate":"https:\/\/elfsight.com\/de\/?s={search_term_string}"},"query-input":{"@type":"PropertyValueSpecification","valueRequired":true,"valueName":"search_term_string"}}],"inLanguage":"de"}]}},"meta_box":{"industry":"","seo_heading":"","heading":"","description":"","cta_heading":"","cta_description":"","application":"465","h1":"Kontaktformular-App von Wix","h1_caption":"Erstellen Sie ganz einfach Kontaktformulare und betten Sie sie auf Ihrer Website ein, um die Benutzerinteraktion und Anfragen auf Ihrer Wix-Website m\u00fchelos zu f\u00f6rdern.","application_category":[],"applications_title":"","applications_request_title":"","applications_request_button_text":"","hero_text":"","hero_video":"","hero_video_schema_markup":"","selling_points_title":"","selling_points_caption":"","selling_points":[],"selling_points_cta_text":"","features_title":"","features":"","ed_cta_examples_text":"","ed_cta_examples_hidden":"","ed_cta_demo_text":"","ed_cta_demo_hidden":"","why_caption":"","why_editor_title":"","why_editor_text":"","why_team_title":"","why_team_text":"","why_service_title":"","why_service_text":"","template_catalog_visible":"0","template_catalog_title":"","template_catalog_text":"","template_catalog_categories_visible":"","demo_title":"Erstellen Sie Ihre Kontaktformular-App","demo_caption":"Konfigurieren Sie Ihr Kontaktformular und f\u00fcgen Sie es kostenlos zu Ihrer Wix-Website hinzu!","default_faq_hidden":"","app_template_category":[],"platform":"265","template_public_id":"","codecanyon_url":"","codecanyon_item_id":"","codecanyon_price":"","pricing_caption":"","pricing_elfsight_apps_hide_column":"","pricing_elfsight_apps_url":"","pricing_codecanyon_price_caption":"","integration_category":[],"integration_request_title":"","integration_request_cta":"","integration_platform":"","integrations":[],"platform_category":[],"video_schema_markup":"","price":"ab 0 $ \/ Monat","trial":"","benefits":[{"text":"Kostenlose Installationshilfe"},{"text":"Au\u00dfergew\u00f6hnliche Unterst\u00fctzung"},{"text":"14-t\u00e4gige Geld-zur\u00fcck-Garantie"},{"text":"Kontinuierliche kostenlose Updates"}],"button_url":"#demo","button_target_blank":"0","button_nofollow":"0","attributes":[{"name":"Installiert","content":"100,000 - 500,000"},{"name":"Reaktionsfreudig","content":"Ja"},{"name":"Kompatible Browser","content":"Chrome, Edge, Safari, Opera, Firefox"}],"tags":[],"tags_disable_links":"0","hide_more_platforms":"","video_object":"","demo_hide_cta":"0","demo_hide_cloud_options":"0","pricing_title":"","pricing":[{"pricing_icon":"platform","pricing_title":"Wix app","pricing_title_caption":"Plattformunabh\u00e4ngige digitale L\u00f6sung","pricing_price":"ab 0 $ \/ Monat","pricing_price_caption":"Beginnen Sie mit einem kostenlosen Plan","pricing_benefits":[{"text":"Unbegrenzte Anzahl an Websites"},{"text":"Professioneller Kundensupport"},{"text":"Kostenlose Installationshilfe"},{"text":"Sonderangebot f\u00fcr mehrere Apps"}],"pricing_button_text":"Zur Website hinzuf\u00fcgen","pricing_button_url":"#demo"}],"related_apps_title":"","related_apps_hidden":"0","author":"","image":[],"title":"","job":"","social_networks":[]},"_links":{"self":[{"href":"https:\/\/elfsight.com\/de\/wp-json\/wp\/v2\/pages\/16912","targetHints":{"allow":["GET"]}}],"collection":[{"href":"https:\/\/elfsight.com\/de\/wp-json\/wp\/v2\/pages"}],"about":[{"href":"https:\/\/elfsight.com\/de\/wp-json\/wp\/v2\/types\/page"}],"author":[{"embeddable":true,"href":"https:\/\/elfsight.com\/de\/wp-json\/wp\/v2\/users\/9"}],"replies":[{"embeddable":true,"href":"https:\/\/elfsight.com\/de\/wp-json\/wp\/v2\/comments?post=16912"}],"version-history":[{"count":4,"href":"https:\/\/elfsight.com\/de\/wp-json\/wp\/v2\/pages\/16912\/revisions"}],"predecessor-version":[{"id":23621,"href":"https:\/\/elfsight.com\/de\/wp-json\/wp\/v2\/pages\/16912\/revisions\/23621"}],"up":[{"embeddable":true,"href":"https:\/\/elfsight.com\/de\/wp-json\/wp\/v2\/pages\/949"}],"wp:attachment":[{"href":"https:\/\/elfsight.com\/de\/wp-json\/wp\/v2\/media?parent=16912"}],"curies":[{"name":"wp","href":"https:\/\/api.w.org\/{rel}","templated":true}]}}