{"id":16911,"date":"2024-05-03T06:32:48","date_gmt":"2024-05-03T06:32:48","guid":{"rendered":"https:\/\/elfsight.com\/de\/?page_id=16911"},"modified":"2025-01-14T09:46:09","modified_gmt":"2025-01-14T09:46:09","slug":"jquery","status":"publish","type":"page","link":"https:\/\/elfsight.com\/de\/contact-form-widget\/jquery\/","title":{"rendered":"Contact Form &#8211; jQuery"},"content":{"rendered":"\n<div class=\"application-platform-content-item-description application-platform-content-item\" id=\"description\" data-nav-section=\"description\"><h2>Kontaktformular f\u00fcr jQuery<\/h2><p>Wenn Sie nach einem einfachen jQuery-Kontaktformular suchen, kann das Elfsight Contact-Plugin hilfreich sein . Es handelt sich um ein jQuery-Kontaktformular-Generator-Widget, dessen Hauptziel darin besteht, Sie bei allen tats\u00e4chlichen Anforderungen zu unterst\u00fctzen, um Eindr\u00fccke und Anfragen von Kunden auf Ihrer Website zu erhalten. Zeigen Sie einfach die wichtigen Teile zum Ausf\u00fcllen an, w\u00e4hlen Sie Ihre bevorzugte Vorlage und gestalten Sie die Benutzeroberfl\u00e4che, um Ihre Benutzer dazu zu inspirieren, Anfragen f\u00fcr die von Ihrem Unternehmen angebotenen Dienstleistungen zu hinterlassen. Das Formular-Widget ist so gestaltet, dass es alle Ihre Bed\u00fcrfnisse erf\u00fcllt, Feedback zu sammeln und immer mit Ihrem Publikum in Kontakt zu bleiben.<\/p><p><b>Sammeln Sie Feedback, nehmen Sie Bestellungen entgegen und beantworten Sie Nachrichten Ihrer Website-Besucher!<\/b><\/p><ul><li><b>Verbessern Sie die Lead-Akquise<\/b>.<br>Bleiben Sie in Kontakt mit Ihren potenziellen Kunden, damit diese jederzeit \u00fcber das Kontakt-Plugin mit Ihnen sprechen k\u00f6nnen. Eine geringere Anzahl von Feldern f\u00fchrt zu der h\u00f6chsten Conversion.<\/li><li><b>Stoppen Sie Spam<\/b>.<br>Bewahren Sie nur organische Kommunikation mit dem hochwirksamen Google reCAPTCHA-Tool, das vor Spam und Bots sch\u00fctzt. <\/li><li><b>Sammeln Sie bequem Kundenfeedback<\/b>.<br>Erstellen Sie ein auff\u00e4lliges Formular-Widget, damit es auf den Seiten Ihrer Website leicht zu finden ist und Ihre Besucher dazu animiert, Ihnen jederzeit Feedback zu geben sie wollen.<\/li><\/ul><\/div><div class=\"application-platform-content-item-features application-platform-content-item\" id=\"features\" data-nav-section=\"features\"><h2>Kontaktformular-Plugin<\/h2><p>Warum ist unser einfaches Kontaktformular das beste Plugin f\u00fcr jQuery-Sites? Kundeneindr\u00fccke und Bestellungen erhalten? Testen Sie unsere Hauptfunktionen:<\/p><ul><li>Ein Mindestsatz an Feldern zum Senden eines Feedbacks: Name, E-Mail, Telefonnummer und Nachricht;<\/li><li>Legen Sie eine beliebige Formularbreite fest;<\/li> <li>Inline-Layout mit automatischer Anpassung der Felder an die Breite des Formulars;<\/li><li>ReCAPTCHA (Google Captcha) dient dazu, Ihr Formular vor Spam und Bots zu sch\u00fctzen;<\/li><li>Verschiedene Vorlagen: einfach Formular, schwebendes Formular, Supportanfrage, erweitertes und E-Mail-Formular;<\/li><li>Funktioniert und sieht perfekt auf Mobilger\u00e4ten aus.<\/li><\/ul><p><a href=\"#demo\">Alles testen der Vorteile in unserer Demo<\/a><\/p><\/div><div class=\"application-platform-content-item-installation application-platform-content-item\" id=\"installation\" data-nav-section=\"installation\"><h2>So f\u00fcgen Sie das Kontaktformular-Plugin zur jQuery-Website hinzu<\/h2><p>Folgen Sie unserem Handbuch, um es hinzuzuf\u00fcgen Formular auf Ihrer Website. Es sind keine Kenntnisse in der Entwicklung erforderlich. Die vollst\u00e4ndige Installationszeit betr\u00e4gt ca. 1 Minute.<\/p><ol><li><b>Erstellen Sie Ihr ma\u00dfgeschneidertes Kontakt-Plugin<\/b>.<br>Erstellen Sie mit unserem kostenlosen Konfigurator ein Plugin mit dem gew\u00fcnschten Layout, den gew\u00fcnschten Funktionen, Felder und Captcha.<\/li><li><b>Holen Sie sich einen Code zum Anzeigen des Plugins<\/b>.<br>Besorgen Sie sich nach der Widget-Anpassung einen Code f\u00fcr das jQuery-Kontakt-Plugin aus der Popup-Benachrichtigung auf Elfsight Apps.<\/li><li><b>Betten Sie das Plugin auf der Website ein<\/b>.<br>F\u00fcgen Sie das Plugin an der gew\u00fcnschten Stelle der Seite ein und \u00fcbernehmen Sie die \u00c4nderungen.<\/li><li><b>Die Einbettung ist erfolgreich!<\/b><br>Betreten Sie Ihre Website, um Ihr Plugin zu sehen.<\/li><\/ol><p>Sind Sie beim Anwenden des Tutorials oder beim Erstellen Ihres einfachen Formulars auf etwas gesto\u00dfen? Wenden Sie sich mit einer ausf\u00fchrlichen Erl\u00e4uterung Ihrer Frage an das Elfsight-Hilfezentrum. Unser Team hilft Ihnen gerne weiter.<\/p><div class=\"faq\" data-component=\"FAQ\"> <div class=\"faq-item\">\r\n\t\t\t\t\t<div class=\"faq-item-question\">\r\n\t\t\t\t\t\t<h3 class=\"faq-item-question-text\">Wie f\u00fcge ich ein Kontaktformular ohne Programmierkenntnisse zu meiner jQuery-Website hinzu?<\/h3>\r\n\r\n\t\t\t\t\t\t<div class=\"faq-item-question-icon\"><\/div>\r\n\t\t\t\t\t<\/div>\r\n\r\n\t\t\t\t\t<div class=\"faq-item-answer\">\r\n\t\t\t\t\t\t<div class=\"faq-item-answer-text\"> <p> Elfsight bietet eine SaaS-L\u00f6sung, mit der Sie selbst ein Kontaktformular-Widget erstellen k\u00f6nnen. Sehen Sie, wie einfach der Vorgang ist: Arbeiten Sie direkt im Online-Editor, um ein Kontaktformular-Widget zu erstellen, das Sie gerne auf Ihrer jQuery-Website sehen w\u00fcrden. W\u00e4hlen Sie eine der vorgefertigten Vorlagen aus und passen Sie die Einstellungen des Kontaktformulars an, f\u00fcgen Sie Ihre Inhalte hinzu, \u00e4ndern Sie das Layout und die Farben ohne Programmierkenntnisse. Speichern Sie das Kontaktformular und kopieren Sie den Installationscode, den Sie problemlos in Ihre jQuery-Website einf\u00fcgen k\u00f6nnen, ohne einen kostenpflichtigen Plan kaufen zu m\u00fcssen. Mit unserem intuitiven Editor kann jeder Internetnutzer online ein Kontaktformular-Widget erstellen und es einfach in seine jQuery-Website einbetten. Sie m\u00fcssen weder bezahlen noch Ihre Kartendaten eingeben, um auf den Service zuzugreifen. Sollten bei irgendeinem Schritt Probleme auftreten, wenden Sie sich bitte an unser technisches Support-Team.<\/p> <\/div>\r\n\t\t\t\t\t<\/div>\r\n\t\t\t\t<\/div><div class=\"faq-item\">\r\n\t\t\t\t\t<div class=\"faq-item-question\">\r\n\t\t\t\t\t\t<h3 class=\"faq-item-question-text\">Gibt es Kontaktformularvorlagen f\u00fcr die jQuery-Website?<\/h3>\r\n\r\n\t\t\t\t\t\t<div class=\"faq-item-question-icon\"><\/div>\r\n\t\t\t\t\t<\/div>\r\n\r\n\t\t\t\t\t<div class=\"faq-item-answer\">\r\n\t\t\t\t\t\t<div class=\"faq-item-answer-text\"><p>Ja, es gibt! Das Elfsight-Team hat eine gro\u00dfartige Sammlung von \u00fcber 300 gebrauchsfertigen Vorlagen erstellt. Und Sie werden von den <a href=\"https:\/\/elfsight.com\/online-form-builder\/templates\/contact-forms\/\">Kontaktformularvorlagen<\/a> mit Sicherheit nicht entt\u00e4uscht sein.<\/p> <\/div>\r\n\t\t\t\t\t<\/div>\r\n\t\t\t\t<\/div> <\/div> <\/div>\n","protected":false},"excerpt":{"rendered":"","protected":false},"author":9,"featured_media":0,"parent":949,"menu_order":0,"comment_status":"closed","ping_status":"closed","template":"templates\/template-application-platform.php","meta":{"publish_to_discourse":"","publish_post_category":"","wpdc_auto_publish_overridden":"","wpdc_topic_tags":"","wpdc_pin_topic":"","wpdc_pin_until":"","discourse_post_id":"","discourse_permalink":"","wpdc_publishing_response":"","wpdc_publishing_error":"","footnotes":""},"class_list":["post-16911","page","type-page","status-publish","hentry"],"yoast_head":"<!-- This site is optimized with the Yoast SEO plugin v25.3.1 - https:\/\/yoast.com\/wordpress\/plugins\/seo\/ -->\n<title>Erstellen Sie kostenlos ein Kontaktformular auf jQuery und f\u00fcgen Sie es hinzu!<\/title>\n<meta name=\"description\" content=\"Erstellen Sie Ihr Kontaktformular-Plugin f\u00fcr jQuery und betten Sie es auf Ihrer Website ein. Kostenlose Demo, Captcha, Hilfe bei der Installation und andere verschiedene Boni von Elfsight!\" \/>\n<meta name=\"robots\" content=\"index, follow, max-snippet:-1, max-image-preview:large, max-video-preview:-1\" \/>\n<link rel=\"canonical\" href=\"https:\/\/elfsight.com\/de\/contact-form-widget\/jquery\/\" \/>\n<meta property=\"og:locale\" content=\"de_DE\" \/>\n<meta property=\"og:type\" content=\"article\" \/>\n<meta property=\"og:title\" content=\"Erstellen Sie kostenlos ein Kontaktformular auf jQuery und f\u00fcgen Sie es hinzu!\" \/>\n<meta property=\"og:description\" content=\"Erstellen Sie Ihr Kontaktformular-Plugin f\u00fcr jQuery und betten Sie es auf Ihrer Website ein. Kostenlose Demo, Captcha, Hilfe bei der Installation und andere verschiedene Boni von Elfsight!\" \/>\n<meta property=\"og:url\" content=\"https:\/\/elfsight.com\/de\/contact-form-widget\/jquery\/\" \/>\n<meta property=\"og:site_name\" content=\"Elfsight DE\" \/>\n<meta property=\"article:modified_time\" content=\"2025-01-14T09:46:09+00:00\" \/>\n<meta name=\"twitter:card\" content=\"summary_large_image\" \/>\n<meta name=\"twitter:label1\" content=\"Gesch\u00e4tzte Lesezeit\" \/>\n\t<meta name=\"twitter:data1\" content=\"4\u00a0Minuten\" \/>\n<!-- \/ Yoast SEO plugin. -->","yoast_head_json":{"title":"Erstellen Sie kostenlos ein Kontaktformular auf jQuery und f\u00fcgen Sie es hinzu!","description":"Erstellen Sie Ihr Kontaktformular-Plugin f\u00fcr jQuery und betten Sie es auf Ihrer Website ein. Kostenlose Demo, Captcha, Hilfe bei der Installation und andere verschiedene Boni von Elfsight!","robots":{"index":"index","follow":"follow","max-snippet":"max-snippet:-1","max-image-preview":"max-image-preview:large","max-video-preview":"max-video-preview:-1"},"canonical":"https:\/\/elfsight.com\/de\/contact-form-widget\/jquery\/","og_locale":"de_DE","og_type":"article","og_title":"Erstellen Sie kostenlos ein Kontaktformular auf jQuery und f\u00fcgen Sie es hinzu!","og_description":"Erstellen Sie Ihr Kontaktformular-Plugin f\u00fcr jQuery und betten Sie es auf Ihrer Website ein. Kostenlose Demo, Captcha, Hilfe bei der Installation und andere verschiedene Boni von Elfsight!","og_url":"https:\/\/elfsight.com\/de\/contact-form-widget\/jquery\/","og_site_name":"Elfsight DE","article_modified_time":"2025-01-14T09:46:09+00:00","twitter_card":"summary_large_image","twitter_misc":{"Gesch\u00e4tzte Lesezeit":"4\u00a0Minuten"},"schema":{"@context":"https:\/\/schema.org","@graph":[{"@type":"WebPage","@id":"https:\/\/elfsight.com\/de\/contact-form-widget\/jquery\/","url":"https:\/\/elfsight.com\/de\/contact-form-widget\/jquery\/","name":"Erstellen Sie kostenlos ein Kontaktformular auf jQuery und f\u00fcgen Sie es hinzu!","isPartOf":{"@id":"https:\/\/elfsight.com\/de\/#website"},"datePublished":"2024-05-03T06:32:48+00:00","dateModified":"2025-01-14T09:46:09+00:00","description":"Erstellen Sie Ihr Kontaktformular-Plugin f\u00fcr jQuery und betten Sie es auf Ihrer Website ein. Kostenlose Demo, Captcha, Hilfe bei der Installation und andere verschiedene Boni von Elfsight!","breadcrumb":{"@id":"https:\/\/elfsight.com\/de\/contact-form-widget\/jquery\/#breadcrumb"},"inLanguage":"de","potentialAction":[{"@type":"ReadAction","target":["https:\/\/elfsight.com\/de\/contact-form-widget\/jquery\/"]}]},{"@type":"BreadcrumbList","@id":"https:\/\/elfsight.com\/de\/contact-form-widget\/jquery\/#breadcrumb","itemListElement":[{"@type":"ListItem","position":1,"name":"Home","item":"https:\/\/elfsight.com\/de\/"},{"@type":"ListItem","position":2,"name":"Contact Form","item":"https:\/\/elfsight.com\/de\/contact-form-widget\/"},{"@type":"ListItem","position":3,"name":"Contact Form &#8211; jQuery"}]},{"@type":"WebSite","@id":"https:\/\/elfsight.com\/de\/#website","url":"https:\/\/elfsight.com\/de\/","name":"Elfsight DE","description":"Just another Elfsight Sites site","potentialAction":[{"@type":"SearchAction","target":{"@type":"EntryPoint","urlTemplate":"https:\/\/elfsight.com\/de\/?s={search_term_string}"},"query-input":{"@type":"PropertyValueSpecification","valueRequired":true,"valueName":"search_term_string"}}],"inLanguage":"de"}]}},"meta_box":{"industry":"","seo_heading":"","heading":"","description":"","cta_heading":"","cta_description":"","application":"465","h1":"jQuery-Kontaktformular-Plugin","h1_caption":"Erstellen Sie ganz einfach Kontaktformulare und betten Sie sie in Ihre Website ein, um Benutzerinteraktionen und Anfragen auf Ihrer jQuery-Website m\u00fchelos zu f\u00f6rdern.","application_category":[],"applications_title":"","applications_request_title":"","applications_request_button_text":"","hero_text":"","hero_video":"","hero_video_schema_markup":"","selling_points_title":"","selling_points_caption":"","selling_points":[],"selling_points_cta_text":"","features_title":"","features":"","ed_cta_examples_text":"","ed_cta_examples_hidden":"","ed_cta_demo_text":"","ed_cta_demo_hidden":"","why_caption":"","why_editor_title":"","why_editor_text":"","why_team_title":"","why_team_text":"","why_service_title":"","why_service_text":"","template_catalog_visible":"0","template_catalog_title":"","template_catalog_text":"","template_catalog_categories_visible":"","demo_title":"Erstellen Sie Ihr Kontaktformular-Plugin","demo_caption":"Konfigurieren Sie Ihr Kontaktformular und f\u00fcgen Sie es kostenlos zu Ihrer jQuery-Website hinzu!","default_faq_hidden":"","app_template_category":[],"platform":"258","template_public_id":"","codecanyon_url":"","codecanyon_item_id":"","codecanyon_price":"","pricing_caption":"","pricing_elfsight_apps_hide_column":"","pricing_elfsight_apps_url":"","pricing_codecanyon_price_caption":"","integration_category":[],"integration_request_title":"","integration_request_cta":"","integration_platform":"","integrations":[],"platform_category":[],"video_schema_markup":"","price":"ab 0 $ \/ Monat","trial":"","benefits":[{"text":"Kostenlose Installationsunterst\u00fctzung"},{"text":"Effektiver Kundenservice"},{"text":"14-t\u00e4gige R\u00fcckerstattungsgarantie"},{"text":"Lebenslange kostenlose Verbesserungen"}],"button_url":"#demo","button_target_blank":"0","button_nofollow":"0","attributes":[{"name":"Installiert","content":"100,000 - 500,000"},{"name":"Reaktionsfreudig","content":"Ja"},{"name":"Kompatible Browser","content":"Firefox, Safari, Opera, Chrome, Edge"}],"tags":[],"tags_disable_links":"0","hide_more_platforms":"","video_object":"","demo_hide_cta":"0","demo_hide_cloud_options":"0","pricing_title":"","pricing":[{"pricing_icon":"platform","pricing_title":"jQuery plugin","pricing_title_caption":"Plattformunabh\u00e4ngige digitale L\u00f6sung","pricing_price":"ab 0 $ \/ Monat","pricing_price_caption":"Beginnen Sie mit einem kostenlosen Plan","pricing_benefits":[{"text":"Unbegrenzte Websites"},{"text":"Unternehmenssupport rund um die Uhr und gut dokumentiert"},{"text":"Kostenlose Installationsunterst\u00fctzung"},{"text":"100 % anpassbar"}],"pricing_button_text":"Zur Website hinzuf\u00fcgen","pricing_button_url":"#demo"}],"related_apps_title":"","related_apps_hidden":"0","author":"","image":[],"title":"","job":"","social_networks":[]},"_links":{"self":[{"href":"https:\/\/elfsight.com\/de\/wp-json\/wp\/v2\/pages\/16911","targetHints":{"allow":["GET"]}}],"collection":[{"href":"https:\/\/elfsight.com\/de\/wp-json\/wp\/v2\/pages"}],"about":[{"href":"https:\/\/elfsight.com\/de\/wp-json\/wp\/v2\/types\/page"}],"author":[{"embeddable":true,"href":"https:\/\/elfsight.com\/de\/wp-json\/wp\/v2\/users\/9"}],"replies":[{"embeddable":true,"href":"https:\/\/elfsight.com\/de\/wp-json\/wp\/v2\/comments?post=16911"}],"version-history":[{"count":3,"href":"https:\/\/elfsight.com\/de\/wp-json\/wp\/v2\/pages\/16911\/revisions"}],"predecessor-version":[{"id":23593,"href":"https:\/\/elfsight.com\/de\/wp-json\/wp\/v2\/pages\/16911\/revisions\/23593"}],"up":[{"embeddable":true,"href":"https:\/\/elfsight.com\/de\/wp-json\/wp\/v2\/pages\/949"}],"wp:attachment":[{"href":"https:\/\/elfsight.com\/de\/wp-json\/wp\/v2\/media?parent=16911"}],"curies":[{"name":"wp","href":"https:\/\/api.w.org\/{rel}","templated":true}]}}