{"id":16905,"date":"2024-05-03T06:32:46","date_gmt":"2024-05-03T06:32:46","guid":{"rendered":"https:\/\/elfsight.com\/de\/?page_id=16905"},"modified":"2025-07-08T10:29:21","modified_gmt":"2025-07-08T10:29:21","slug":"iframe","status":"publish","type":"page","link":"https:\/\/elfsight.com\/de\/contact-form-widget\/iframe\/","title":{"rendered":"Contact Form &#8211; iFrame"},"content":{"rendered":"<div class=\"application-platform-content-item-description application-platform-content-item\" id=\"description\" data-nav-section=\"description\"><h2>Kontaktformular f\u00fcr iFrame<\/h2><p>Das Elfsight IFrame-Kontaktformular-Plugin erf\u00fcllt alle wichtigen Anforderungen, um Eindr\u00fccke und Bestellungen von Kunden zu erhalten deine Seite. Betten Sie die zus\u00e4tzlichen Elemente zum Ausf\u00fcllen ein, definieren Sie das erforderliche Layout und passen Sie das Erscheinungsbild an, um Ihre Kunden noch mehr dazu zu inspirieren, eine Bewertung \u00fcber Ihr Unternehmen zu senden.<\/p> <p><b>Erhalten Sie Erfahrungsberichte, Anfragen, Bewertungen und beantworten Sie die Fragen der Kunden Ihrer Website!<\/b><\/p> <p><b>Erh\u00f6hen Sie die Anzahl potenzieller Kunden<\/b><br> Stellen Sie eine dauerhafte Interaktion mit potenziellen Kunden rund um die Uhr \u00fcber ein effektives Formular auf Ihrer Website sicher Besuchen Sie Ihre Website und verwandeln Sie mehr Besucher in Kunden.<\/p><p><b>Erhalten Sie mehr Meinungen zu Waren oder Dienstleistungen<\/b><br> Das Feedback Ihrer Kunden ist f\u00fcr die Weiterentwicklung des Unternehmens wertvoll. Mit unserem einfachen Kontaktformular erhalten Sie mehr Feedback von Ihren Website-Benutzern!<\/p><p><b>Entwickeln Sie Ihre Kundeninteraktion<\/b><br> Mit einfachen Vorlagen, anpassbarem Design und personalisiertem \u201eDankesch\u00f6n\u201c Benachrichtigungen zeigen Sie Ihren Kunden, welchen Wert sie f\u00fcr Ihr Unternehmen haben.<\/p><\/div><div class=\"application-platform-content-item-features application-platform-content-item\" id=\"features\" data-nav-section=\"features\"><h2>Kontaktformular-Plugin<\/h2><p>Was unser Kontaktformular zu einem der besten macht Plugins zum Sammeln von Kundenimpressionen und zum Erhalten von Anfragen auf IFrame? Lernen Sie unsere Hauptmerkmale kennen:<\/p><ul><li>6 vordefinierte Vorlagen f\u00fcr die g\u00e4ngigsten Anwendungsf\u00e4lle;<\/li><li>Hinzuf\u00fcgen einer beliebigen Anzahl von Feldern zum Formular;<\/li><li>Erstellen einstufige oder mehrstufige Formulare;<\/li><li>19 Arten von Elementen zur Einf\u00fchrung verf\u00fcgbar;<\/li><li>Option zum Aufteilen von Feldern in mehrere Spalten.;<\/li><\/ul><p><a href=\"#demo\">Probieren Sie die gesamte Liste der Funktionen in unserer Demo aus<\/a><\/p><\/div><div class=\"application-platform-content-item-installation application-platform-content-item\" id=\"installation\" data-nav-section=\"installation\"><h2>So f\u00fcgen Sie das Kontaktformular-Plugin zu iFrame hinzu <\/h2><p>Folgen Sie unserem Tutorial, um das Kontakt-Plugin in Ihre Website zu integrieren. Sie ben\u00f6tigen keine Entwicklungskenntnisse und die gesamte Einrichtungsdauer betr\u00e4gt nicht mehr als etwa 70 Sekunden.<\/p><ol><li><b>Erstellen Sie Ihr personalisiertes Kontakt-Plugin<\/b><br> Mit unserem kostenlosen Editor, Erstellen Sie ein Plugin mit einem bevorzugten Layout und funktionalen Merkmalen. <\/li><li><b>Erhalten Sie den pers\u00f6nlichen Code zum Einbetten des Plugins<\/b><br> Nachdem Sie Ihr Plugin erstellt haben, erhalten Sie Ihren Setup-Code \u00fcber die Popup-Benachrichtigung auf Elfsight Apps. Kopieren Sie den Code. <\/li> <li><b>Integrieren Sie das Plugin auf Ihrer iFrame-Website<\/b><br> W\u00e4hlen Sie den Bereich aus, in dem Sie das Plugin hinzuf\u00fcgen m\u00f6chten, und f\u00fcgen Sie dort den kopierten Code hinzu. Ver\u00f6ffentlichen Sie die \u00c4nderungen. <\/li> <li><b>Du bist fertig! <\/b><br> Gehen Sie zur Website, um Ihr Formular zu \u00fcberpr\u00fcfen.<\/li> <\/ol><p>Haben Sie Schwierigkeiten beim Einbetten oder Anpassen des Plugins? Es wird empfohlen, die vollst\u00e4ndige Anleitung \u201eSo zeigen Sie ein Kontaktformular auf einer IFrame-Website an\u201c zu lesen \u2013 sie wird Ihnen bei diesem Vorgang helfen. Oder wenden Sie sich mit einer vollst\u00e4ndigen Erkl\u00e4rung Ihres Problems an das Elfsight-Hilfecenter.<\/p><div class=\"faq\" data-component=\"FAQ\"> <div class=\"faq-item\">\r\n\t\t\t\t\t<div class=\"faq-item-question\">\r\n\t\t\t\t\t\t<h3 class=\"faq-item-question-text\">Wie f\u00fcge ich ein Kontaktformular ohne Programmierkenntnisse zu meiner iFrame-Website hinzu?<\/h3>\r\n\r\n\t\t\t\t\t\t<div class=\"faq-item-question-icon\"><\/div>\r\n\t\t\t\t\t<\/div>\r\n\r\n\t\t\t\t\t<div class=\"faq-item-answer\">\r\n\t\t\t\t\t\t<div class=\"faq-item-answer-text\"> <p>Elfsight bietet eine SaaS-L\u00f6sung, mit der Sie Erstellen Sie selbst ein Kontaktformular-Widget und sehen Sie, wie einfach der Vorgang ist: Arbeiten Sie direkt im Online-Editor, um ein Kontaktformular-Widget zu erstellen, das Sie gerne auf Ihrer iFrame-Website sehen w\u00fcrden. W\u00e4hlen Sie eine der vorgefertigten Vorlagen aus und passen Sie die Einstellungen des Kontaktformulars an, f\u00fcgen Sie Ihre Inhalte hinzu, \u00e4ndern Sie das Layout und die Farbe der Elemente, ohne dass Sie Programmierkenntnisse ben\u00f6tigen. Speichern Sie das Kontaktformular und kopieren Sie den Installationscode, den Sie ganz einfach in Ihre iFrame-Website integrieren k\u00f6nnen, ohne einen kostenpflichtigen Plan kaufen zu m\u00fcssen. Mit unserem intuitiven Editor kann jeder Internetnutzer online ein Kontaktformular-Widget erstellen und es einfach in seine iFrame-Website einbetten. Sie m\u00fcssen weder bezahlen noch Ihre Kartendaten eingeben, um auf den Service zuzugreifen. Wenn Sie bei irgendeinem Schritt auf Probleme sto\u00dfen, wenden Sie sich bitte an unser technisches Support-Team.<\/p> <\/div>\r\n\t\t\t\t\t<\/div>\r\n\t\t\t\t<\/div> <div class=\"faq-item\">\r\n\t\t\t\t\t<div class=\"faq-item-question\">\r\n\t\t\t\t\t\t<h3 class=\"faq-item-question-text\">Haben Sie gebrauchsfertige Kontaktformularvorlagen f\u00fcr die iFrame-Website?<\/h3>\r\n\r\n\t\t\t\t\t\t<div class=\"faq-item-question-icon\"><\/div>\r\n\t\t\t\t\t<\/div>\r\n\r\n\t\t\t\t\t<div class=\"faq-item-answer\">\r\n\t\t\t\t\t\t<div class=\"faq-item-answer-text\"><p>Ja, es gibt eine gro\u00dfe Auswahl von \u00fcber 300 Vorlagen, um Zeit bei der Erstellung eines Formulars von Grund auf zu sparen. Schauen Sie sich <a href=\"https:\/\/elfsight.com\/online-form-builder\/templates\/contact-forms\/\">Kontaktformularvorlagen<\/a> f\u00fcr jeden Anlass an und finden Sie das, das Ihren Erwartungen entspricht.<\/p><\/div>\r\n\t\t\t\t\t<\/div>\r\n\t\t\t\t<\/div><\/div> <\/div>","protected":false},"excerpt":{"rendered":"","protected":false},"author":9,"featured_media":0,"parent":949,"menu_order":0,"comment_status":"closed","ping_status":"closed","template":"templates\/template-application-platform.php","meta":{"publish_to_discourse":"","publish_post_category":"","wpdc_auto_publish_overridden":"","wpdc_topic_tags":"","wpdc_pin_topic":"","wpdc_pin_until":"","discourse_post_id":"","discourse_permalink":"","wpdc_publishing_response":"","wpdc_publishing_error":"","footnotes":""},"class_list":["post-16905","page","type-page","status-publish","hentry"],"yoast_head":"<!-- This site is optimized with the Yoast SEO plugin v25.3.1 - https:\/\/yoast.com\/wordpress\/plugins\/seo\/ -->\n<title>Erstellen Sie kostenlos ein Kontaktformular auf iFrame und f\u00fcgen Sie es hinzu!<\/title>\n<meta name=\"description\" content=\"Holen Sie sich Ihr Kontaktformular-Plugin f\u00fcr die iFrame-Anzeige auf Ihrer Website in nur 1 Minute. Kostenlose Demo, Unterst\u00fctzung bei der Einstellung und viele weitere Extras von Elfsight!\" \/>\n<meta name=\"robots\" content=\"index, follow, max-snippet:-1, max-image-preview:large, max-video-preview:-1\" \/>\n<link rel=\"canonical\" href=\"https:\/\/elfsight.com\/de\/contact-form-widget\/iframe\/\" \/>\n<meta property=\"og:locale\" content=\"de_DE\" \/>\n<meta property=\"og:type\" content=\"article\" \/>\n<meta property=\"og:title\" content=\"Erstellen Sie kostenlos ein Kontaktformular auf iFrame und f\u00fcgen Sie es hinzu!\" \/>\n<meta property=\"og:description\" content=\"Holen Sie sich Ihr Kontaktformular-Plugin f\u00fcr die iFrame-Anzeige auf Ihrer Website in nur 1 Minute. Kostenlose Demo, Unterst\u00fctzung bei der Einstellung und viele weitere Extras von Elfsight!\" \/>\n<meta property=\"og:url\" content=\"https:\/\/elfsight.com\/de\/contact-form-widget\/iframe\/\" \/>\n<meta property=\"og:site_name\" content=\"Elfsight DE\" \/>\n<meta property=\"article:modified_time\" content=\"2025-07-08T10:29:21+00:00\" \/>\n<meta name=\"twitter:card\" content=\"summary_large_image\" \/>\n<meta name=\"twitter:label1\" content=\"Gesch\u00e4tzte Lesezeit\" \/>\n\t<meta name=\"twitter:data1\" content=\"3\u00a0Minuten\" \/>\n<!-- \/ Yoast SEO plugin. -->","yoast_head_json":{"title":"Erstellen Sie kostenlos ein Kontaktformular auf iFrame und f\u00fcgen Sie es hinzu!","description":"Holen Sie sich Ihr Kontaktformular-Plugin f\u00fcr die iFrame-Anzeige auf Ihrer Website in nur 1 Minute. Kostenlose Demo, Unterst\u00fctzung bei der Einstellung und viele weitere Extras von Elfsight!","robots":{"index":"index","follow":"follow","max-snippet":"max-snippet:-1","max-image-preview":"max-image-preview:large","max-video-preview":"max-video-preview:-1"},"canonical":"https:\/\/elfsight.com\/de\/contact-form-widget\/iframe\/","og_locale":"de_DE","og_type":"article","og_title":"Erstellen Sie kostenlos ein Kontaktformular auf iFrame und f\u00fcgen Sie es hinzu!","og_description":"Holen Sie sich Ihr Kontaktformular-Plugin f\u00fcr die iFrame-Anzeige auf Ihrer Website in nur 1 Minute. Kostenlose Demo, Unterst\u00fctzung bei der Einstellung und viele weitere Extras von Elfsight!","og_url":"https:\/\/elfsight.com\/de\/contact-form-widget\/iframe\/","og_site_name":"Elfsight DE","article_modified_time":"2025-07-08T10:29:21+00:00","twitter_card":"summary_large_image","twitter_misc":{"Gesch\u00e4tzte Lesezeit":"3\u00a0Minuten"},"schema":{"@context":"https:\/\/schema.org","@graph":[{"@type":"WebPage","@id":"https:\/\/elfsight.com\/de\/contact-form-widget\/iframe\/","url":"https:\/\/elfsight.com\/de\/contact-form-widget\/iframe\/","name":"Erstellen Sie kostenlos ein Kontaktformular auf iFrame und f\u00fcgen Sie es hinzu!","isPartOf":{"@id":"https:\/\/elfsight.com\/de\/#website"},"datePublished":"2024-05-03T06:32:46+00:00","dateModified":"2025-07-08T10:29:21+00:00","description":"Holen Sie sich Ihr Kontaktformular-Plugin f\u00fcr die iFrame-Anzeige auf Ihrer Website in nur 1 Minute. Kostenlose Demo, Unterst\u00fctzung bei der Einstellung und viele weitere Extras von Elfsight!","breadcrumb":{"@id":"https:\/\/elfsight.com\/de\/contact-form-widget\/iframe\/#breadcrumb"},"inLanguage":"de","potentialAction":[{"@type":"ReadAction","target":["https:\/\/elfsight.com\/de\/contact-form-widget\/iframe\/"]}]},{"@type":"BreadcrumbList","@id":"https:\/\/elfsight.com\/de\/contact-form-widget\/iframe\/#breadcrumb","itemListElement":[{"@type":"ListItem","position":1,"name":"Home","item":"https:\/\/elfsight.com\/de\/"},{"@type":"ListItem","position":2,"name":"Contact Form","item":"https:\/\/elfsight.com\/de\/contact-form-widget\/"},{"@type":"ListItem","position":3,"name":"Contact Form &#8211; iFrame"}]},{"@type":"WebSite","@id":"https:\/\/elfsight.com\/de\/#website","url":"https:\/\/elfsight.com\/de\/","name":"Elfsight DE","description":"Just another Elfsight Sites site","potentialAction":[{"@type":"SearchAction","target":{"@type":"EntryPoint","urlTemplate":"https:\/\/elfsight.com\/de\/?s={search_term_string}"},"query-input":{"@type":"PropertyValueSpecification","valueRequired":true,"valueName":"search_term_string"}}],"inLanguage":"de"}]}},"meta_box":{"industry":"","seo_heading":"","heading":"","description":"","cta_heading":"","cta_description":"","application":"465","h1":"iFrame-Kontaktformular-Plugin","h1_caption":"Erstellen Sie ganz einfach Kontaktformulare und betten Sie sie in Ihre Website ein, um die Benutzerinteraktion und Anfragen auf Ihrer iFrame-Website m\u00fchelos zu f\u00f6rdern.","application_category":[],"applications_title":"","applications_request_title":"","applications_request_button_text":"","hero_text":"","hero_video":"","hero_video_schema_markup":"","selling_points_title":"","selling_points_caption":"","selling_points":[],"selling_points_cta_text":"","features_title":"","features":"","ed_cta_examples_text":"","ed_cta_examples_hidden":"","ed_cta_demo_text":"","ed_cta_demo_hidden":"","why_caption":"","why_editor_title":"","why_editor_text":"","why_team_title":"","why_team_text":"","why_service_title":"","why_service_text":"","template_catalog_visible":"","template_catalog_title":"","template_catalog_text":"","template_catalog_categories_visible":"","demo_title":"Erstellen Sie Ihr Kontaktformular-Widget","demo_caption":"Konfigurieren Sie Ihr Kontaktformular und f\u00fcgen Sie es kostenlos zu Ihrer iFrame-Website hinzu!","default_faq_hidden":"","app_template_category":[],"platform":"240","template_public_id":"","codecanyon_url":"","codecanyon_item_id":"","codecanyon_price":"","pricing_caption":"","pricing_elfsight_apps_hide_column":"","pricing_elfsight_apps_url":"","pricing_codecanyon_price_caption":"","integration_category":[],"integration_request_title":"","integration_request_cta":"","integration_platform":"","integrations":[],"platform_category":[],"video_schema_markup":"","price":"ab 0 $ \/ Monat","trial":"","benefits":[{"text":"Kostenlose Installationshilfe"},{"text":"Erfahrener Kundensupport"},{"text":"14-t\u00e4gige R\u00fcckerstattungsgarantie"},{"text":"Lebenslange kostenlose Verbesserungen"}],"button_url":"#demo","button_target_blank":"","button_nofollow":"","attributes":[{"name":"Installiert","content":"100,000 - 500,000"},{"name":"Reaktionsfreudig","content":"Ja"},{"name":"Kompatible Browser","content":" Edge, Chrome, Safari, Opera, Firefox"}],"tags":[],"tags_disable_links":"","hide_more_platforms":"","video_object":"","demo_hide_cta":"","demo_hide_cloud_options":"","pricing_title":"","pricing":[{"pricing_icon":"platform","pricing_title":"Elfsight Apps","pricing_title_caption":"Plattform\u00fcbergreifende Software, die zu jeder Website passt","pricing_price":"ab 0 $ \/ Monat","pricing_price_caption":"Beginnen Sie mit einem kostenlosen Plan","pricing_benefits":[{"text":"Unbegrenzte Websites"},{"text":"Engagierter Kundensupport"},{"text":"Kostenloser Installationsservice"},{"text":"Sonderangebot f\u00fcr mehrere Apps"}],"pricing_button_text":"Zur Website hinzuf\u00fcgen","pricing_button_url":"#demo"}],"related_apps_title":"","related_apps_hidden":"","author":"","image":[],"title":"","job":"","social_networks":[]},"_links":{"self":[{"href":"https:\/\/elfsight.com\/de\/wp-json\/wp\/v2\/pages\/16905","targetHints":{"allow":["GET"]}}],"collection":[{"href":"https:\/\/elfsight.com\/de\/wp-json\/wp\/v2\/pages"}],"about":[{"href":"https:\/\/elfsight.com\/de\/wp-json\/wp\/v2\/types\/page"}],"author":[{"embeddable":true,"href":"https:\/\/elfsight.com\/de\/wp-json\/wp\/v2\/users\/9"}],"replies":[{"embeddable":true,"href":"https:\/\/elfsight.com\/de\/wp-json\/wp\/v2\/comments?post=16905"}],"version-history":[{"count":2,"href":"https:\/\/elfsight.com\/de\/wp-json\/wp\/v2\/pages\/16905\/revisions"}],"predecessor-version":[{"id":21403,"href":"https:\/\/elfsight.com\/de\/wp-json\/wp\/v2\/pages\/16905\/revisions\/21403"}],"up":[{"embeddable":true,"href":"https:\/\/elfsight.com\/de\/wp-json\/wp\/v2\/pages\/949"}],"wp:attachment":[{"href":"https:\/\/elfsight.com\/de\/wp-json\/wp\/v2\/media?parent=16905"}],"curies":[{"name":"wp","href":"https:\/\/api.w.org\/{rel}","templated":true}]}}