{"id":16904,"date":"2024-05-03T06:32:45","date_gmt":"2024-05-03T06:32:45","guid":{"rendered":"https:\/\/elfsight.com\/de\/?page_id=16904"},"modified":"2025-02-19T12:19:15","modified_gmt":"2025-02-19T12:19:15","slug":"facebook","status":"publish","type":"page","link":"https:\/\/elfsight.com\/de\/contact-form-widget\/facebook\/","title":{"rendered":"Contact Form &#8211; Facebook Page"},"content":{"rendered":"\n<div class=\"application-platform-content-item-description application-platform-content-item\" id=\"description\" data-nav-section=\"description\"><h2>Kontaktformular f\u00fcr Facebook-Seite<\/h2><p>Der Elfsight-Facebook-Kontakt-Tab ist ein leistungsstarkes Tool, mit dem Sie alle Ihre Anforderungen erf\u00fcllen k\u00f6nnen Schl\u00fcsselvoraussetzungen, um Impressionen und Bestellungen von Kunden Ihrer Seite zu erhalten. Egal, ob Sie sich fragen, wie Sie ein Formular auf Ihrer Facebook-Seite erstellen, oder einfach nach einer M\u00f6glichkeit suchen, ein Formular zu Ihrer Facebook-Seite hinzuzuf\u00fcgen, unsere Registerkarte kann Ihnen dabei helfen, die zus\u00e4tzlichen Elemente zum Ausf\u00fcllen des Formulars einzubetten, das erforderliche Layout zu definieren, und passen Sie das Erscheinungsbild an, um Ihre Kunden noch mehr dazu zu inspirieren, eine Bewertung \u00fcber Ihre Dienstleistungen oder Ihr Unternehmen zu senden.<\/p><\/div><div class=\"application-platform-content-item-features application-platform-content-item\" id=\"features\" data-nav-section=\"features\"><h2>Kontaktformular-Plugin<\/h2><p>Was macht unser Kontaktformular das beste Plugin, um Kundeneindr\u00fccke zu sammeln und Anfragen f\u00fcr Facebook zu erhalten? Lernen Sie unsere Hauptmerkmale kennen:<\/p><ul><li>Felder in mehrere Spalten aufteilen;<\/li><li>Unsichtbare reCAPTCHA-Unterst\u00fctzung;<\/li><li>Unterst\u00fctzung mehrerer E-Mail-Adressen;<\/li><li>10 eingebettete Symbole f\u00fcr Floating Button;<\/li><li>Kopfzeilentextformatierung: Schriftart, Ausrichtung, Liste, Links verf\u00fcgbar.<\/li><\/ul><p><a href=\"#demo\">Probieren Sie es aus Die vollst\u00e4ndige Liste der Funktionen finden Sie in unserer Demo<\/a><\/p><\/div><div class=\"application-platform-content-item-installation application-platform-content-item\" id=\"installation\" data-nav-section=\"installation\"><h2>So erstellen Sie eine Registerkarte \u201eKontaktformular\u201c f\u00fcr die Facebook-Unternehmensseite<\/h2><p>Folgen Sie unserem Tutorial, um das Kontakt-Widget in Ihre Seite zu integrieren. Die gesamte Installationsdauer betr\u00e4gt nicht mehr als etwa 70 Sekunden.<\/p><ul><li><b>Erstellen Sie Ihr eigenes Kontakt-Widget<\/b><br>Formen Sie mit unserem kostenlosen Editor ein Plugin mit einem bevorzugten Layout und Funktionalit\u00e4t. <\/li><li><b>Besorgen Sie sich den pers\u00f6nlichen Code, um das Formular hinzuzuf\u00fcgen<\/b><br>Nachdem Sie Ihr Widget erstellt haben, erhalten Sie Ihren Installationscode aus der angezeigten Benachrichtigung auf Elfsight Apps. Kopieren Sie diesen Code zur weiteren Verwendung. <\/li><li><b>F\u00fcgen Sie den Formular-Tab zur Facebook-Seite hinzu<\/b><br> Erstellen Sie Ihren benutzerdefinierten Facebook-Tab. F\u00fcgen Sie den Code, den Sie bei elfsight apps erhalten haben, in die Registerkarte ein. Wenn Sie Probleme haben, lesen Sie einfach unseren Leitfaden unter <a href=\"https:\/\/elfsight.com\/blog\/how-to-add-custom-tab-to-facebook-page\/\" target=\"_blank\" rel=\"noopener noreferrer\">Benutzerdefinierten Facebook-Tab erstellen<\/a><\/li><li><b>Fertig!<\/b><br>Gehen Sie zur Seite, um Ihr Widget zu \u00fcberpr\u00fcfen.<\/li><\/ul> <p>Sind bei der Installation des Plugins Schwierigkeiten aufgetreten? Wir empfehlen Ihnen, die vollst\u00e4ndige Anleitung \u201eSo zeigen Sie das Kontaktformular auf einer Facebook-Seite an\u201c zu lesen und zu versuchen, es noch einmal selbst einzubetten, oder sich an das Elfsight-Hilfecenter zu wenden, um Hilfe zu erhalten.<\/p><\/div><div class=\"faq\" data-component=\"FAQ\"><div class=\"faq-item\">\r\n\t\t\t\t\t<div class=\"faq-item-question\">\r\n\t\t\t\t\t\t<h3 class=\"faq-item-question-text\">Wie bewahre ich die Formulardaten von Facebook-Seitenbenutzern auf meinen Seiten auf?<\/h3>\r\n\r\n\t\t\t\t\t\t<div class=\"faq-item-question-icon\"><\/div>\r\n\t\t\t\t\t<\/div>\r\n\r\n\t\t\t\t\t<div class=\"faq-item-answer\">\r\n\t\t\t\t\t\t<div class=\"faq-item-answer-text\"><p>Unser Form Builder ist mit einem der effektivsten reCAPTCHA-Dienste ausgestattet. Es wurde integriert, um Ihre Formulare und Ihr Postfach vor Spam und Bots zu sch\u00fctzen und reibungsloses Arbeiten und ausschlie\u00dflich profitable Daten zu gew\u00e4hrleisten. <\/p><\/div>\r\n\t\t\t\t\t<\/div>\r\n\t\t\t\t<\/div><div class=\"faq-item\">\r\n\t\t\t\t\t<div class=\"faq-item-question\">\r\n\t\t\t\t\t\t<h3 class=\"faq-item-question-text\">Haben Sie Vorlagen, die bedingte Logikformulare\/Mehrfeld-\/E-Mail-Formulare unterst\u00fctzen?<\/h3>\r\n\r\n\t\t\t\t\t\t<div class=\"faq-item-question-icon\"><\/div>\r\n\t\t\t\t\t<\/div>\r\n\r\n\t\t\t\t\t<div class=\"faq-item-answer\">\r\n\t\t\t\t\t\t<div class=\"faq-item-answer-text\"><p>Sicher! Sie m\u00fcssen sich lediglich bei den Elfsight-Apps anmelden, eine relevante Vorlage ausw\u00e4hlen und dann mit der Gestaltung Ihres benutzerdefinierten Tools beginnen. <\/p><\/div>\r\n\t\t\t\t\t<\/div>\r\n\t\t\t\t<\/div><div class=\"faq-item\">\r\n\t\t\t\t\t<div class=\"faq-item-question\">\r\n\t\t\t\t\t\t<h3 class=\"faq-item-question-text\">Wie kann ich ein Kontakt-\/Feedback-Formular in die Website meiner Facebook-Seite einbetten?<\/h3>\r\n\r\n\t\t\t\t\t\t<div class=\"faq-item-question-icon\"><\/div>\r\n\t\t\t\t\t<\/div>\r\n\r\n\t\t\t\t\t<div class=\"faq-item-answer\">\r\n\t\t\t\t\t\t<div class=\"faq-item-answer-text\"><p>Um Ihr Kontakt-\/Feedback-Formular zu erstellen, m\u00fcssen Sie sich anmelden Rufen Sie die Elfsight Apps-Website auf und nehmen Sie alle erforderlichen \u00c4nderungen am Widget vor. Wenn Sie fertig sind, speichern Sie die Anpassungen und fahren Sie mit der Website fort. Du bist fertig. <\/p><\/div>\r\n\t\t\t\t\t<\/div>\r\n\t\t\t\t<\/div><div class=\"faq-item\">\r\n\t\t\t\t\t<div class=\"faq-item-question\">\r\n\t\t\t\t\t\t<h3 class=\"faq-item-question-text\">Gibt es Kontaktformularvorlagen f\u00fcr die Facebook-Seiten-Website?<\/h3>\r\n\r\n\t\t\t\t\t\t<div class=\"faq-item-question-icon\"><\/div>\r\n\t\t\t\t\t<\/div>\r\n\r\n\t\t\t\t\t<div class=\"faq-item-answer\">\r\n\t\t\t\t\t\t<div class=\"faq-item-answer-text\"><p>Ja, die gibt es! Das Elfsight-Team hat eine gro\u00dfartige Sammlung von \u00fcber 300 gebrauchsfertigen Vorlagen erstellt. Und Sie werden von den <a href=\"https:\/\/elfsight.com\/online-form-builder\/templates\/contact-forms\/\">Kontaktformularvorlagen<\/a> mit Sicherheit nicht entt\u00e4uscht sein.<\/p> <\/div>\r\n\t\t\t\t\t<\/div>\r\n\t\t\t\t<\/div><\/div>\n","protected":false},"excerpt":{"rendered":"","protected":false},"author":9,"featured_media":0,"parent":949,"menu_order":0,"comment_status":"closed","ping_status":"closed","template":"templates\/template-application-platform.php","meta":{"publish_to_discourse":"","publish_post_category":"","wpdc_auto_publish_overridden":"","wpdc_topic_tags":"","wpdc_pin_topic":"","wpdc_pin_until":"","discourse_post_id":"","discourse_permalink":"","wpdc_publishing_response":"","wpdc_publishing_error":"","footnotes":""},"class_list":["post-16904","page","type-page","status-publish","hentry"],"yoast_head":"<!-- This site is optimized with the Yoast SEO plugin v25.3.1 - https:\/\/yoast.com\/wordpress\/plugins\/seo\/ -->\n<title>Erstellen Sie kostenlos ein Kontaktformular auf Facebook und f\u00fcgen Sie es hinzu!<\/title>\n<meta name=\"description\" content=\"Hier haben Sie die M\u00f6glichkeit, eine Registerkarte \u201eKontaktformular\u201c zu erstellen und diese Ihrer Facebook-Unternehmensseite hinzuzuf\u00fcgen. Erhalten Sie kostenlosen Kundenservice und andere Verg\u00fcnstigungen von Elfsight.\" \/>\n<meta name=\"robots\" content=\"index, follow, max-snippet:-1, max-image-preview:large, max-video-preview:-1\" \/>\n<link rel=\"canonical\" href=\"https:\/\/elfsight.com\/de\/contact-form-widget\/facebook\/\" \/>\n<meta property=\"og:locale\" content=\"de_DE\" \/>\n<meta property=\"og:type\" content=\"article\" \/>\n<meta property=\"og:title\" content=\"Erstellen Sie kostenlos ein Kontaktformular auf Facebook und f\u00fcgen Sie es hinzu!\" \/>\n<meta property=\"og:description\" content=\"Hier haben Sie die M\u00f6glichkeit, eine Registerkarte \u201eKontaktformular\u201c zu erstellen und diese Ihrer Facebook-Unternehmensseite hinzuzuf\u00fcgen. Erhalten Sie kostenlosen Kundenservice und andere Verg\u00fcnstigungen von Elfsight.\" \/>\n<meta property=\"og:url\" content=\"https:\/\/elfsight.com\/de\/contact-form-widget\/facebook\/\" \/>\n<meta property=\"og:site_name\" content=\"Elfsight DE\" \/>\n<meta property=\"article:modified_time\" content=\"2025-02-19T12:19:15+00:00\" \/>\n<meta name=\"twitter:card\" content=\"summary_large_image\" \/>\n<meta name=\"twitter:label1\" content=\"Gesch\u00e4tzte Lesezeit\" \/>\n\t<meta name=\"twitter:data1\" content=\"3\u00a0Minuten\" \/>\n<!-- \/ Yoast SEO plugin. -->","yoast_head_json":{"title":"Erstellen Sie kostenlos ein Kontaktformular auf Facebook und f\u00fcgen Sie es hinzu!","description":"Hier haben Sie die M\u00f6glichkeit, eine Registerkarte \u201eKontaktformular\u201c zu erstellen und diese Ihrer Facebook-Unternehmensseite hinzuzuf\u00fcgen. Erhalten Sie kostenlosen Kundenservice und andere Verg\u00fcnstigungen von Elfsight.","robots":{"index":"index","follow":"follow","max-snippet":"max-snippet:-1","max-image-preview":"max-image-preview:large","max-video-preview":"max-video-preview:-1"},"canonical":"https:\/\/elfsight.com\/de\/contact-form-widget\/facebook\/","og_locale":"de_DE","og_type":"article","og_title":"Erstellen Sie kostenlos ein Kontaktformular auf Facebook und f\u00fcgen Sie es hinzu!","og_description":"Hier haben Sie die M\u00f6glichkeit, eine Registerkarte \u201eKontaktformular\u201c zu erstellen und diese Ihrer Facebook-Unternehmensseite hinzuzuf\u00fcgen. Erhalten Sie kostenlosen Kundenservice und andere Verg\u00fcnstigungen von Elfsight.","og_url":"https:\/\/elfsight.com\/de\/contact-form-widget\/facebook\/","og_site_name":"Elfsight DE","article_modified_time":"2025-02-19T12:19:15+00:00","twitter_card":"summary_large_image","twitter_misc":{"Gesch\u00e4tzte Lesezeit":"3\u00a0Minuten"},"schema":{"@context":"https:\/\/schema.org","@graph":[{"@type":"WebPage","@id":"https:\/\/elfsight.com\/de\/contact-form-widget\/facebook\/","url":"https:\/\/elfsight.com\/de\/contact-form-widget\/facebook\/","name":"Erstellen Sie kostenlos ein Kontaktformular auf Facebook und f\u00fcgen Sie es hinzu!","isPartOf":{"@id":"https:\/\/elfsight.com\/de\/#website"},"datePublished":"2024-05-03T06:32:45+00:00","dateModified":"2025-02-19T12:19:15+00:00","description":"Hier haben Sie die M\u00f6glichkeit, eine Registerkarte \u201eKontaktformular\u201c zu erstellen und diese Ihrer Facebook-Unternehmensseite hinzuzuf\u00fcgen. Erhalten Sie kostenlosen Kundenservice und andere Verg\u00fcnstigungen von Elfsight.","breadcrumb":{"@id":"https:\/\/elfsight.com\/de\/contact-form-widget\/facebook\/#breadcrumb"},"inLanguage":"de","potentialAction":[{"@type":"ReadAction","target":["https:\/\/elfsight.com\/de\/contact-form-widget\/facebook\/"]}]},{"@type":"BreadcrumbList","@id":"https:\/\/elfsight.com\/de\/contact-form-widget\/facebook\/#breadcrumb","itemListElement":[{"@type":"ListItem","position":1,"name":"Home","item":"https:\/\/elfsight.com\/de\/"},{"@type":"ListItem","position":2,"name":"Contact Form","item":"https:\/\/elfsight.com\/de\/contact-form-widget\/"},{"@type":"ListItem","position":3,"name":"Contact Form &#8211; Facebook Page"}]},{"@type":"WebSite","@id":"https:\/\/elfsight.com\/de\/#website","url":"https:\/\/elfsight.com\/de\/","name":"Elfsight DE","description":"Just another Elfsight Sites site","potentialAction":[{"@type":"SearchAction","target":{"@type":"EntryPoint","urlTemplate":"https:\/\/elfsight.com\/de\/?s={search_term_string}"},"query-input":{"@type":"PropertyValueSpecification","valueRequired":true,"valueName":"search_term_string"}}],"inLanguage":"de"}]}},"meta_box":{"industry":"","seo_heading":"","heading":"","description":"","cta_heading":"","cta_description":"","application":"465","h1":"Kontaktformular f\u00fcr Facebook-Seite","h1_caption":"Erstellen Sie ganz einfach Kontaktformulare und betten Sie sie auf Ihrer Website ein, um die Benutzerinteraktion und Anfragen auf Ihrer Facebook-Seite m\u00fchelos zu f\u00f6rdern.","application_category":[],"applications_title":"","applications_request_title":"","applications_request_button_text":"","hero_text":"","hero_video":"","hero_video_schema_markup":"","selling_points_title":"","selling_points_caption":"","selling_points":[],"selling_points_cta_text":"","features_title":"","features":"","ed_cta_examples_text":"","ed_cta_examples_hidden":"","ed_cta_demo_text":"","ed_cta_demo_hidden":"","why_caption":"","why_editor_title":"","why_editor_text":"","why_team_title":"","why_team_text":"","why_service_title":"","why_service_text":"","template_catalog_visible":"0","template_catalog_title":"","template_catalog_text":"","template_catalog_categories_visible":"","demo_title":"Erstellen Sie Ihr Kontaktformular-Widget","demo_caption":"Konfigurieren Sie Ihr Kontaktformular und f\u00fcgen Sie es kostenlos zu Ihrer Facebook-Seite hinzu!","default_faq_hidden":"","app_template_category":[],"platform":"216","template_public_id":"","codecanyon_url":"","codecanyon_item_id":"","codecanyon_price":"","pricing_caption":"","pricing_elfsight_apps_hide_column":"","pricing_elfsight_apps_url":"","pricing_codecanyon_price_caption":"","integration_category":[],"integration_request_title":"","integration_request_cta":"","integration_platform":"","integrations":[],"platform_category":[],"video_schema_markup":"","price":"ab 0 $ \/ Monat","trial":"","benefits":[{"text":"Kostenloser Installationsservice"},{"text":"Premium-Support"},{"text":"14-t\u00e4gige R\u00fcckerstattungsgarantie"},{"text":"Lebenslange kostenlose Updates"}],"button_url":"#demo","button_target_blank":"0","button_nofollow":"0","attributes":[{"name":"Installiert","content":"100,000 - 500,000"},{"name":"Reaktionsfreudig","content":"Ja"},{"name":"Kompatible Browser","content":"Safari, Edge, Opera, Firefox, Chrome"}],"tags":[],"tags_disable_links":"0","hide_more_platforms":"0","video_object":"","demo_hide_cta":"0","demo_hide_cloud_options":"0","pricing_title":"","pricing":[{"pricing_icon":"platform","pricing_title":"Elfsight Apps","pricing_title_caption":"Plattform\u00fcbergreifende Version, die zu jeder Website passt","pricing_price":"ab 0 $ \/ Monat","pricing_price_caption":"Beginnen Sie mit einem kostenlosen Plan","pricing_benefits":[{"text":"Unbegrenzte Domains"},{"text":"Kostenloser Unternehmenssupport"},{"text":"Kostenlose Installationsunterst\u00fctzung"},{"text":"Flexibles Design"}],"pricing_button_text":"Zur Website hinzuf\u00fcgen","pricing_button_url":"#demo"}],"related_apps_title":"","related_apps_hidden":"0","author":"","image":[],"title":"","job":"","social_networks":[]},"_links":{"self":[{"href":"https:\/\/elfsight.com\/de\/wp-json\/wp\/v2\/pages\/16904","targetHints":{"allow":["GET"]}}],"collection":[{"href":"https:\/\/elfsight.com\/de\/wp-json\/wp\/v2\/pages"}],"about":[{"href":"https:\/\/elfsight.com\/de\/wp-json\/wp\/v2\/types\/page"}],"author":[{"embeddable":true,"href":"https:\/\/elfsight.com\/de\/wp-json\/wp\/v2\/users\/9"}],"replies":[{"embeddable":true,"href":"https:\/\/elfsight.com\/de\/wp-json\/wp\/v2\/comments?post=16904"}],"version-history":[{"count":3,"href":"https:\/\/elfsight.com\/de\/wp-json\/wp\/v2\/pages\/16904\/revisions"}],"predecessor-version":[{"id":24457,"href":"https:\/\/elfsight.com\/de\/wp-json\/wp\/v2\/pages\/16904\/revisions\/24457"}],"up":[{"embeddable":true,"href":"https:\/\/elfsight.com\/de\/wp-json\/wp\/v2\/pages\/949"}],"wp:attachment":[{"href":"https:\/\/elfsight.com\/de\/wp-json\/wp\/v2\/media?parent=16904"}],"curies":[{"name":"wp","href":"https:\/\/api.w.org\/{rel}","templated":true}]}}