{"id":16903,"date":"2024-05-03T06:32:44","date_gmt":"2024-05-03T06:32:44","guid":{"rendered":"https:\/\/elfsight.com\/de\/?page_id=16903"},"modified":"2025-01-14T11:35:34","modified_gmt":"2025-01-14T11:35:34","slug":"woocommerce","status":"publish","type":"page","link":"https:\/\/elfsight.com\/de\/contact-form-widget\/woocommerce\/","title":{"rendered":"Contact Form &#8211; WooCommerce"},"content":{"rendered":"\n<div class=\"application-platform-content-item-description application-platform-content-item\" id=\"description\" data-nav-section=\"description\"><h2>Kontaktformular f\u00fcr WooCommerce<\/h2><p>Das WooCommerce-Kontaktformular-Plugin erf\u00fcllt alle bestehenden Anforderungen beim Empfang von Bewertungen und Bestellungen von Ihren Kunden Website. Installieren Sie die zum Ausf\u00fcllen erforderlichen Elemente, definieren Sie die erforderliche Vorlage und passen Sie das Erscheinungsbild an, um Ihre Benutzer noch mehr dazu zu bewegen, \u00fcber unser Kontaktformular f\u00fcr Woocommerce eine Bewertung zu Ihren Waren oder Ihrem Unternehmen zu schreiben.<\/p><p><b>Empfangen Bewertungen, nehmen Sie Bestellungen entgegen und beantworten Sie die Briefe der Benutzer Ihrer Website!<\/b><\/p><\/div> <div class=\"application-platform-content-item-features application-platform-content-item\" id=\"features\" data-nav-section=\"features\"><h2>Funktionen des Kontaktformular-Plugins<\/h2><ul><li>Erh\u00f6hen Sie die Anzahl der Anfragen von der Website;<\/li><li>Verstehen Sie Ihre Kunden besser;<\/li><li>Verbessern Sie Ihre Kundenkommunikation.<\/li><\/ul><p><a href=\"#demo\">Probieren Sie alle Anpassungsoptionen in einer 100 % funktionsf\u00e4higen Demo aus<\/a><\/p><\/div><div class=\"application-platform-content-item-installation application-platform-content-item\" id=\"installation\" data-nav-section=\"installation\"><h2>Wie kann ich ein Kontaktformular in meine WooCommerce-Website einbetten?<\/h2><p>Befolgen Sie einfach die nachstehenden Richtlinien, um das Tool hinzuzuf\u00fcgen.<\/p><ol><li><b>Mit unserem kostenlosen Konfigurator beginnen Sie mit der Zusammenstellung Ihres personalisierten Instruments.<\/b><br>W\u00e4hlen Sie Geben Sie die gew\u00fcnschte Form und die gew\u00fcnschten Elemente des Widgets ein und speichern Sie die Korrekturen.<\/li><li><b>Erhalten Sie den in der Box angezeigten eindeutigen Code bei Elfsight Apps.<\/b><br>Sobald die Einrichtung Ihres Widgets abgeschlossen ist Wenn Ihr pers\u00f6nliches Widget fertig ist, kopieren Sie den individuellen Code im erscheinenden Fenster und speichern Sie ihn zur weiteren Verwendung.<\/li><li><b>Initiieren Sie den Einsatz des Widgets auf der WooCommerce-Website.<\/b><br>Integieren Sie den Code Habe die \u00c4nderungen auf Ihrer Seite gespeichert und gespeichert.<\/li><li><b>Die Installation ist abgeschlossen.<\/b><br>Besuchen Sie Ihre Website, um zu sehen, wie das Plugin funktioniert.<\/li> <\/ol><p>Wenn Sie Fragen haben oder auf Probleme sto\u00dfen, z\u00f6gern Sie nicht, sich an unser Support-Team zu wenden. Unsere Mitarbeiter sind bestrebt, alle Probleme zu l\u00f6sen, die Sie m\u00f6glicherweise mit dem Widget haben.<\/p><div class=\"faq\" data-component=\"FAQ\"> <div class=\"faq-item\">\r\n\t\t\t\t\t<div class=\"faq-item-question\">\r\n\t\t\t\t\t\t<h3 class=\"faq-item-question-text\">Wie f\u00fcge ich ein Kontaktformular ohne Programmierkenntnisse zu meiner WooCommerce-Website hinzu?<\/h3>\r\n\r\n\t\t\t\t\t\t<div class=\"faq-item-question-icon\"><\/div>\r\n\t\t\t\t\t<\/div>\r\n\r\n\t\t\t\t\t<div class=\"faq-item-answer\">\r\n\t\t\t\t\t\t<div class=\"faq-item-answer-text\"> <p>Elfsight bietet ein SaaS L\u00f6sung, mit der Sie selbst eine Kontaktformular-App f\u00fcr WooCommerce erstellen k\u00f6nnen, sehen Sie, wie einfach der Vorgang ist: Arbeiten Sie direkt im Online-Editor, um ein Kontaktformular-Widget zu erstellen, das Sie gerne auf Ihrer WooCommerce-Website sehen w\u00fcrden. W\u00e4hlen Sie eine der vorgefertigten Vorlagen aus und passen Sie die Einstellungen des Kontaktformulars an, f\u00fcgen Sie Ihre Inhalte hinzu, \u00e4ndern Sie das Layout und die Farben ohne Programmierkenntnisse. Speichern Sie das Kontaktformular und kopieren Sie den Installationscode, den Sie m\u00fchelos in Ihre WooCommerce-Website einbetten k\u00f6nnen, ohne eine kostenpflichtige Version kaufen zu m\u00fcssen. Mit unserem intuitiven Editor kann jeder Internetnutzer online ein Kontaktformular-Widget erstellen und es einfach in seine WooCommerce-Website einbetten. Sie m\u00fcssen weder bezahlen noch Ihre Kartendaten eingeben, um auf den Service zuzugreifen. Wenn Sie bei irgendeinem Schritt auf Probleme sto\u00dfen, wenden Sie sich bitte an unser technisches Support-Team.<\/p> <\/div>\r\n\t\t\t\t\t<\/div>\r\n\t\t\t\t<\/div> <div class=\"faq-item\">\r\n\t\t\t\t\t<div class=\"faq-item-question\">\r\n\t\t\t\t\t\t<h3 class=\"faq-item-question-text\">Haben Sie gebrauchsfertige Kontaktformularvorlagen f\u00fcr die WooCommerce-Website?<\/h3>\r\n\r\n\t\t\t\t\t\t<div class=\"faq-item-question-icon\"><\/div>\r\n\t\t\t\t\t<\/div>\r\n\r\n\t\t\t\t\t<div class=\"faq-item-answer\">\r\n\t\t\t\t\t\t<div class=\"faq-item-answer-text\"><p>Ja, es gibt eine gro\u00dfe Auswahl von \u00fcber 300 Vorlagen, um Zeit bei der Erstellung eines Formulars von Grund auf zu sparen. Schauen Sie sich <a href=\"https:\/\/elfsight.com\/online-form-builder\/templates\/contact-forms\/\">Kontaktformularvorlagen<\/a> f\u00fcr jeden Anlass an und finden Sie das, das Ihren Erwartungen entspricht.<\/p><\/div>\r\n\t\t\t\t\t<\/div>\r\n\t\t\t\t<\/div><\/div> <\/div>\n","protected":false},"excerpt":{"rendered":"","protected":false},"author":9,"featured_media":0,"parent":949,"menu_order":0,"comment_status":"closed","ping_status":"closed","template":"templates\/template-application-platform.php","meta":{"publish_to_discourse":"","publish_post_category":"","wpdc_auto_publish_overridden":"","wpdc_topic_tags":"","wpdc_pin_topic":"","wpdc_pin_until":"","discourse_post_id":"","discourse_permalink":"","wpdc_publishing_response":"","wpdc_publishing_error":"","footnotes":""},"class_list":["post-16903","page","type-page","status-publish","hentry"],"yoast_head":"<!-- This site is optimized with the Yoast SEO plugin v25.3.1 - https:\/\/yoast.com\/wordpress\/plugins\/seo\/ -->\n<title>Erstellen Sie kostenlos ein Kontaktformular auf WooCommerce und f\u00fcgen Sie es hinzu!<\/title>\n<meta name=\"description\" content=\"Erstellen Sie Ihr Kontaktformular-Plugin f\u00fcr WooCommerce in nur 1 Minute auf Ihrer Website. Kostenlose Demo, Unterst\u00fctzung beim Design und andere Vorteile von Elfsight!\" \/>\n<meta name=\"robots\" content=\"index, follow, max-snippet:-1, max-image-preview:large, max-video-preview:-1\" \/>\n<link rel=\"canonical\" href=\"https:\/\/elfsight.com\/de\/contact-form-widget\/woocommerce\/\" \/>\n<meta property=\"og:locale\" content=\"de_DE\" \/>\n<meta property=\"og:type\" content=\"article\" \/>\n<meta property=\"og:title\" content=\"Erstellen Sie kostenlos ein Kontaktformular auf WooCommerce und f\u00fcgen Sie es hinzu!\" \/>\n<meta property=\"og:description\" content=\"Erstellen Sie Ihr Kontaktformular-Plugin f\u00fcr WooCommerce in nur 1 Minute auf Ihrer Website. Kostenlose Demo, Unterst\u00fctzung beim Design und andere Vorteile von Elfsight!\" \/>\n<meta property=\"og:url\" content=\"https:\/\/elfsight.com\/de\/contact-form-widget\/woocommerce\/\" \/>\n<meta property=\"og:site_name\" content=\"Elfsight DE\" \/>\n<meta property=\"article:modified_time\" content=\"2025-01-14T11:35:34+00:00\" \/>\n<meta name=\"twitter:card\" content=\"summary_large_image\" \/>\n<meta name=\"twitter:label1\" content=\"Gesch\u00e4tzte Lesezeit\" \/>\n\t<meta name=\"twitter:data1\" content=\"3\u00a0Minuten\" \/>\n<!-- \/ Yoast SEO plugin. -->","yoast_head_json":{"title":"Erstellen Sie kostenlos ein Kontaktformular auf WooCommerce und f\u00fcgen Sie es hinzu!","description":"Erstellen Sie Ihr Kontaktformular-Plugin f\u00fcr WooCommerce in nur 1 Minute auf Ihrer Website. Kostenlose Demo, Unterst\u00fctzung beim Design und andere Vorteile von Elfsight!","robots":{"index":"index","follow":"follow","max-snippet":"max-snippet:-1","max-image-preview":"max-image-preview:large","max-video-preview":"max-video-preview:-1"},"canonical":"https:\/\/elfsight.com\/de\/contact-form-widget\/woocommerce\/","og_locale":"de_DE","og_type":"article","og_title":"Erstellen Sie kostenlos ein Kontaktformular auf WooCommerce und f\u00fcgen Sie es hinzu!","og_description":"Erstellen Sie Ihr Kontaktformular-Plugin f\u00fcr WooCommerce in nur 1 Minute auf Ihrer Website. Kostenlose Demo, Unterst\u00fctzung beim Design und andere Vorteile von Elfsight!","og_url":"https:\/\/elfsight.com\/de\/contact-form-widget\/woocommerce\/","og_site_name":"Elfsight DE","article_modified_time":"2025-01-14T11:35:34+00:00","twitter_card":"summary_large_image","twitter_misc":{"Gesch\u00e4tzte Lesezeit":"3\u00a0Minuten"},"schema":{"@context":"https:\/\/schema.org","@graph":[{"@type":"WebPage","@id":"https:\/\/elfsight.com\/de\/contact-form-widget\/woocommerce\/","url":"https:\/\/elfsight.com\/de\/contact-form-widget\/woocommerce\/","name":"Erstellen Sie kostenlos ein Kontaktformular auf WooCommerce und f\u00fcgen Sie es hinzu!","isPartOf":{"@id":"https:\/\/elfsight.com\/de\/#website"},"datePublished":"2024-05-03T06:32:44+00:00","dateModified":"2025-01-14T11:35:34+00:00","description":"Erstellen Sie Ihr Kontaktformular-Plugin f\u00fcr WooCommerce in nur 1 Minute auf Ihrer Website. Kostenlose Demo, Unterst\u00fctzung beim Design und andere Vorteile von Elfsight!","breadcrumb":{"@id":"https:\/\/elfsight.com\/de\/contact-form-widget\/woocommerce\/#breadcrumb"},"inLanguage":"de","potentialAction":[{"@type":"ReadAction","target":["https:\/\/elfsight.com\/de\/contact-form-widget\/woocommerce\/"]}]},{"@type":"BreadcrumbList","@id":"https:\/\/elfsight.com\/de\/contact-form-widget\/woocommerce\/#breadcrumb","itemListElement":[{"@type":"ListItem","position":1,"name":"Home","item":"https:\/\/elfsight.com\/de\/"},{"@type":"ListItem","position":2,"name":"Contact Form","item":"https:\/\/elfsight.com\/de\/contact-form-widget\/"},{"@type":"ListItem","position":3,"name":"Contact Form &#8211; WooCommerce"}]},{"@type":"WebSite","@id":"https:\/\/elfsight.com\/de\/#website","url":"https:\/\/elfsight.com\/de\/","name":"Elfsight DE","description":"Just another Elfsight Sites site","potentialAction":[{"@type":"SearchAction","target":{"@type":"EntryPoint","urlTemplate":"https:\/\/elfsight.com\/de\/?s={search_term_string}"},"query-input":{"@type":"PropertyValueSpecification","valueRequired":true,"valueName":"search_term_string"}}],"inLanguage":"de"}]}},"meta_box":{"industry":"","seo_heading":"","heading":"","description":"","cta_heading":"","cta_description":"","application":"465","h1":"WooCommerce-Kontaktformular-Plugin","h1_caption":"Erstellen Sie ganz einfach Kontaktformulare und betten Sie sie in Ihre Website ein, um die Benutzerinteraktion und Anfragen auf Ihrer WooCommerce-Website m\u00fchelos zu f\u00f6rdern.","application_category":[],"applications_title":"","applications_request_title":"","applications_request_button_text":"","hero_text":"","hero_video":"","hero_video_schema_markup":"","selling_points_title":"","selling_points_caption":"","selling_points":[],"selling_points_cta_text":"","features_title":"","features":"","ed_cta_examples_text":"","ed_cta_examples_hidden":"","ed_cta_demo_text":"","ed_cta_demo_hidden":"","why_caption":"","why_editor_title":"","why_editor_text":"","why_team_title":"","why_team_text":"","why_service_title":"","why_service_text":"","template_catalog_visible":"0","template_catalog_title":"","template_catalog_text":"","template_catalog_categories_visible":"","demo_title":"Erstellen Sie Ihre Kontaktformular-App","demo_caption":"Konfigurieren Sie Ihr Kontaktformular und f\u00fcgen Sie es kostenlos zu Ihrer WooCommerce-Website hinzu!","default_faq_hidden":"","app_template_category":[],"platform":"200","template_public_id":"","codecanyon_url":"","codecanyon_item_id":"","codecanyon_price":"","pricing_caption":"","pricing_elfsight_apps_hide_column":"","pricing_elfsight_apps_url":"","pricing_codecanyon_price_caption":"","integration_category":[],"integration_request_title":"","integration_request_cta":"","integration_platform":"","integrations":[],"platform_category":[],"video_schema_markup":"","price":"ab 0 $ \/ Monat","trial":"","benefits":[{"text":"Kostenloser Installationsservice"},{"text":"Premium-Support"},{"text":"14-t\u00e4gige R\u00fcckerstattungsgarantie"},{"text":"Zuk\u00fcnftige Verbesserungen"}],"button_url":"#demo","button_target_blank":"0","button_nofollow":"0","attributes":[{"name":"Installiert","content":"100,000 - 500,000"},{"name":"Reaktionsfreudig","content":"Ja"},{"name":"Kompatible Browser","content":"Firefox, Safari, Opera, Chrome, Edge"}],"tags":[],"tags_disable_links":"0","hide_more_platforms":"","video_object":"","demo_hide_cta":"0","demo_hide_cloud_options":"0","pricing_title":"","pricing":[{"pricing_icon":"platform","pricing_title":"Elfsight Apps","pricing_title_caption":"Plattform\u00fcbergreifende L\u00f6sung, die auf jeder Website funktioniert","pricing_price":"ab 0 $ \/ Monat","pricing_price_caption":"Beginnen Sie mit einem kostenlosen Plan","pricing_benefits":[{"text":"Unbegrenzte Websites"},{"text":"Engagierter und p\u00fcnktlicher Support und gut dokumentiert"},{"text":"Kostenlose Installationshilfe"},{"text":"Vollst\u00e4ndig anpassbar"}],"pricing_button_text":"Zur Website hinzuf\u00fcgen","pricing_button_url":"#demo"}],"related_apps_title":"","related_apps_hidden":"0","author":"","image":[],"title":"","job":"","social_networks":[]},"_links":{"self":[{"href":"https:\/\/elfsight.com\/de\/wp-json\/wp\/v2\/pages\/16903","targetHints":{"allow":["GET"]}}],"collection":[{"href":"https:\/\/elfsight.com\/de\/wp-json\/wp\/v2\/pages"}],"about":[{"href":"https:\/\/elfsight.com\/de\/wp-json\/wp\/v2\/types\/page"}],"author":[{"embeddable":true,"href":"https:\/\/elfsight.com\/de\/wp-json\/wp\/v2\/users\/9"}],"replies":[{"embeddable":true,"href":"https:\/\/elfsight.com\/de\/wp-json\/wp\/v2\/comments?post=16903"}],"version-history":[{"count":3,"href":"https:\/\/elfsight.com\/de\/wp-json\/wp\/v2\/pages\/16903\/revisions"}],"predecessor-version":[{"id":23624,"href":"https:\/\/elfsight.com\/de\/wp-json\/wp\/v2\/pages\/16903\/revisions\/23624"}],"up":[{"embeddable":true,"href":"https:\/\/elfsight.com\/de\/wp-json\/wp\/v2\/pages\/949"}],"wp:attachment":[{"href":"https:\/\/elfsight.com\/de\/wp-json\/wp\/v2\/media?parent=16903"}],"curies":[{"name":"wp","href":"https:\/\/api.w.org\/{rel}","templated":true}]}}