{"id":16897,"date":"2024-05-03T06:32:42","date_gmt":"2024-05-03T06:32:42","guid":{"rendered":"https:\/\/elfsight.com\/de\/?page_id=16897"},"modified":"2025-01-14T09:34:45","modified_gmt":"2025-01-14T09:34:45","slug":"google-sites","status":"publish","type":"page","link":"https:\/\/elfsight.com\/de\/contact-form-widget\/google-sites\/","title":{"rendered":"Contact Form &#8211; Google Sites"},"content":{"rendered":"\n<div class=\"application-platform-content-item-description application-platform-content-item\" id=\"description\" data-nav-section=\"description\"> <h2>Kontaktformular f\u00fcr Google Sites<\/h2> <p>Wenn Sie sich fragen, wie Sie ein Kontaktformular zu Ihrer Google-Site hinzuf\u00fcgen k\u00f6nnen, finden Sie hier die Das Elfsight-Kontaktformular kann Ihnen helfen. Es handelt sich um eine kostenlose und anpassbare Option, die alle bestehenden Anforderungen an den Empfang von Bewertungen und Bestellungen von Kunden erf\u00fcllt. Installieren Sie einfach die notwendigen Elemente zum Ausf\u00fcllen, definieren Sie die erforderliche Vorlage und passen Sie das Erscheinungsbild an, um Ihre Benutzer noch mehr dazu zu bewegen, eine Bewertung \u00fcber Ihre Waren oder Ihr Unternehmen zu schreiben. Mit diesem Formular k\u00f6nnen Sie Bewertungen erhalten, Bestellungen entgegennehmen und auf die Briefe der Benutzer Ihrer Website antworten!<\/p><p><b>Mit dem Kontakt-Gadget k\u00f6nnen Sie schnelleres Gesch\u00e4ftswachstum und mehr Umsatz erzielen<\/b> <\/p> <\/div> <div class=\"application-platform-content-item-features application-platform-content-item\" id=\"features\" data-nav-section=\"features\"> <h2>Kontaktformular-Plugin<\/h2> <ul><li>\u00dcberpr\u00fcfen Sie alle Vorteile in unserem Editor<\/li><li>Kein Muss Erfahrung in der Webprogrammierung und durchschnittliche Installationszeit betr\u00e4gt nur 70 Sekunden.<\/li><li>Chat-Header mit Seitenbild, Name und Bildunterschrift. <\/li><li>Seitenbild standardm\u00e4\u00dfig aus der Sammlung ausw\u00e4hlen oder ein benutzerdefiniertes Bild hochladen<\/li><li>F\u00fcnf Antwortzeitvarianten in der Chat-Fensterbeschriftung<\/li><\/ul><p><a href=\"#demo\">Die vollst\u00e4ndige Funktionalit\u00e4t des Widgets k\u00f6nnen Sie hier in der Demo entdecken<\/a><\/p> <\/div> <div class=\"application-platform-content-item-installation application-platform-content-item\" id=\"installation\" data-nav-section=\"installation\"> <h2>Wie f\u00fcge ich ein Kontaktformular hinzu? zu meinen Google Sites?<\/h2><div class=\"video-container\"><iframe width=\"560\" height=\"315\" src=\"https:\/\/www.youtube.com\/embed\/tTDaSkkc204?si=EQkYfLBvcTHl5dpf\" frameborder=\"0\" allow=\"accelerometer; autoplay; clipboard-write; encrypted-media; gyroscope; picture-in-picture; web-share\" allowfullscreen><\/iframe><\/div><p>Folgen Sie einfach den Anweisungen unten, um das Kontakt-Gadget einzubetten.<\/p> <ol><li><b>Nutzen Sie unseren kostenlosen Konfigurator und legen Sie los Gestalten Sie Ihr personalisiertes Instrument.<\/b><br> W\u00e4hlen Sie das ausgew\u00e4hlte Design und die Eigenschaften des Werkzeugs und speichern Sie die \u00c4nderungen.<\/li> <li><b>Sie erhalten Ihren individuellen Code, der im speziellen Formular auf Elfsight Apps angezeigt wird.<\/b><br> Sobald die Konfiguration Ihres Widgets abgeschlossen ist, kopieren Sie den individuellen Code im angezeigten Fenster und speichern Sie ihn zur weiteren Verwendung.<\/li> <li><b>Beginnen Sie mit der Verwendung des Kontakt-Widgets auf Ihrem Startseite von Google Sites. <\/b><br> F\u00fcgen Sie den Code, den Sie k\u00fcrzlich gespeichert haben, auf Ihrer Homepage hinzu und speichern Sie die Anpassungen.<\/li> <li><b>Die Installation wurde erfolgreich durchgef\u00fchrt.<\/b><br> Gehen Sie zu Ihrer Website um zu \u00fcberpr\u00fcfen, wie das Tool funktioniert.<\/li><\/ol> <div class=\"tip-yellow tip\"><b>Aufgrund der Besonderheiten der Google Sites-Funktion sieht das Widget m\u00f6glicherweise anders aus als die Online-Demo. Wir entschuldigen uns f\u00fcr etwaige Unannehmlichkeiten.<\/b><\/div><p>Wenn Sie mit Fragen konfrontiert werden oder auf Probleme sto\u00dfen, scheuen Sie sich nicht, die Hilfe unseres Support-Teams in Anspruch zu nehmen. Unsere Spezialisten helfen Ihnen gerne bei allen Fragen rund um das Widget weiter. <\/p> <div class=\"faq\" data-component=\"FAQ\"> <div class=\"faq-item\">\r\n\t\t\t\t\t<div class=\"faq-item-question\">\r\n\t\t\t\t\t\t<h3 class=\"faq-item-question-text\">Wie kann ich ohne Programmierkenntnisse ein Kontaktformular zu meiner Google Sites-Website hinzuf\u00fcgen?<\/h3>\r\n\r\n\t\t\t\t\t\t<div class=\"faq-item-question-icon\"><\/div>\r\n\t\t\t\t\t<\/div>\r\n\r\n\t\t\t\t\t<div class=\"faq-item-answer\">\r\n\t\t\t\t\t\t<div class=\"faq-item-answer-text\"> <p>Elfsight bietet eine SaaS-L\u00f6sung, mit der Sie selbst ein Kontaktformular-Widget erstellen k\u00f6nnen. Sehen Sie, wie einfach es ist Der Prozess ist: Arbeiten Sie direkt im Online-Editor, um ein Kontaktformular-Widget zu erstellen, das Sie auf Ihrer Google Sites-Website sehen m\u00f6chten. W\u00e4hlen Sie eine der vorgefertigten Vorlagen aus und passen Sie die Einstellungen des Kontaktformulars an, f\u00fcgen Sie Ihre Inhalte hinzu, \u00e4ndern Sie das Layout und das Farbschema ohne Programmierkenntnisse. Speichern Sie das Kontaktformular und kopieren Sie den Installationscode, den Sie in Ihre Google Sites-Website einbetten k\u00f6nnen, ohne einen kostenpflichtigen Plan kaufen zu m\u00fcssen. Mit unserem intuitiven Editor kann jeder Internetnutzer online ein Kontaktformular-Widget erstellen und es einfach in seine Google Sites-Website einbetten. Sie m\u00fcssen weder bezahlen noch Ihre Kartendaten eingeben, um auf den Service zuzugreifen. Wenn Sie bei irgendeinem Schritt auf Probleme sto\u00dfen, wenden Sie sich bitte an unser technisches Support-Team.<\/p> <\/div>\r\n\t\t\t\t\t<\/div>\r\n\t\t\t\t<\/div> <div class=\"faq-item\">\r\n\t\t\t\t\t<div class=\"faq-item-question\">\r\n\t\t\t\t\t\t<h3 class=\"faq-item-question-text\">Bieten Sie Kontaktformularvorlagen f\u00fcr Google Sites an?<\/h3>\r\n\r\n\t\t\t\t\t\t<div class=\"faq-item-question-icon\"><\/div>\r\n\t\t\t\t\t<\/div>\r\n\r\n\t\t\t\t\t<div class=\"faq-item-answer\">\r\n\t\t\t\t\t\t<div class=\"faq-item-answer-text\"><p>Ja, Elfsight verf\u00fcgt \u00fcber 300 gebrauchsfertige Vorlagen f\u00fcr jeden Fall. Schauen Sie sich die <a href=\"https:\/\/elfsight.com\/online-form-builder\/templates\/contact-forms\/\">Kontaktformularvorlagen<\/a> genauer an und w\u00e4hlen Sie die aus, die Ihnen am besten gef\u00e4llt.<\/p><\/div>\r\n\t\t\t\t\t<\/div>\r\n\t\t\t\t<\/div><\/div> <\/div>\n","protected":false},"excerpt":{"rendered":"","protected":false},"author":9,"featured_media":0,"parent":949,"menu_order":0,"comment_status":"closed","ping_status":"closed","template":"templates\/template-application-platform.php","meta":{"publish_to_discourse":"","publish_post_category":"","wpdc_auto_publish_overridden":"","wpdc_topic_tags":"","wpdc_pin_topic":"","wpdc_pin_until":"","discourse_post_id":"","discourse_permalink":"","wpdc_publishing_response":"","wpdc_publishing_error":"","footnotes":""},"class_list":["post-16897","page","type-page","status-publish","hentry"],"yoast_head":"<!-- This site is optimized with the Yoast SEO plugin v25.3.1 - https:\/\/yoast.com\/wordpress\/plugins\/seo\/ -->\n<title>Erstellen Sie kostenlos ein Kontaktformular auf Google Sites und f\u00fcgen Sie es hinzu!<\/title>\n<meta name=\"description\" content=\"Implementieren Sie ein reaktionsf\u00e4higes Kontaktformular auf Ihren Google Sites und gewinnen Sie volles Vertrauen. Nutzen Sie die Elfsight-Demo, um Ihr personalisiertes Kontakt-Gadget zu erstellen.\" \/>\n<meta name=\"robots\" content=\"index, follow, max-snippet:-1, max-image-preview:large, max-video-preview:-1\" \/>\n<link rel=\"canonical\" href=\"https:\/\/elfsight.com\/de\/contact-form-widget\/google-sites\/\" \/>\n<meta property=\"og:locale\" content=\"de_DE\" \/>\n<meta property=\"og:type\" content=\"article\" \/>\n<meta property=\"og:title\" content=\"Erstellen Sie kostenlos ein Kontaktformular auf Google Sites und f\u00fcgen Sie es hinzu!\" \/>\n<meta property=\"og:description\" content=\"Implementieren Sie ein reaktionsf\u00e4higes Kontaktformular auf Ihren Google Sites und gewinnen Sie volles Vertrauen. Nutzen Sie die Elfsight-Demo, um Ihr personalisiertes Kontakt-Gadget zu erstellen.\" \/>\n<meta property=\"og:url\" content=\"https:\/\/elfsight.com\/de\/contact-form-widget\/google-sites\/\" \/>\n<meta property=\"og:site_name\" content=\"Elfsight DE\" \/>\n<meta property=\"article:modified_time\" content=\"2025-01-14T09:34:45+00:00\" \/>\n<meta name=\"twitter:card\" content=\"summary_large_image\" \/>\n<meta name=\"twitter:label1\" content=\"Gesch\u00e4tzte Lesezeit\" \/>\n\t<meta name=\"twitter:data1\" content=\"4\u00a0Minuten\" \/>\n<!-- \/ Yoast SEO plugin. -->","yoast_head_json":{"title":"Erstellen Sie kostenlos ein Kontaktformular auf Google Sites und f\u00fcgen Sie es hinzu!","description":"Implementieren Sie ein reaktionsf\u00e4higes Kontaktformular auf Ihren Google Sites und gewinnen Sie volles Vertrauen. Nutzen Sie die Elfsight-Demo, um Ihr personalisiertes Kontakt-Gadget zu erstellen.","robots":{"index":"index","follow":"follow","max-snippet":"max-snippet:-1","max-image-preview":"max-image-preview:large","max-video-preview":"max-video-preview:-1"},"canonical":"https:\/\/elfsight.com\/de\/contact-form-widget\/google-sites\/","og_locale":"de_DE","og_type":"article","og_title":"Erstellen Sie kostenlos ein Kontaktformular auf Google Sites und f\u00fcgen Sie es hinzu!","og_description":"Implementieren Sie ein reaktionsf\u00e4higes Kontaktformular auf Ihren Google Sites und gewinnen Sie volles Vertrauen. Nutzen Sie die Elfsight-Demo, um Ihr personalisiertes Kontakt-Gadget zu erstellen.","og_url":"https:\/\/elfsight.com\/de\/contact-form-widget\/google-sites\/","og_site_name":"Elfsight DE","article_modified_time":"2025-01-14T09:34:45+00:00","twitter_card":"summary_large_image","twitter_misc":{"Gesch\u00e4tzte Lesezeit":"4\u00a0Minuten"},"schema":{"@context":"https:\/\/schema.org","@graph":[{"@type":"WebPage","@id":"https:\/\/elfsight.com\/de\/contact-form-widget\/google-sites\/","url":"https:\/\/elfsight.com\/de\/contact-form-widget\/google-sites\/","name":"Erstellen Sie kostenlos ein Kontaktformular auf Google Sites und f\u00fcgen Sie es hinzu!","isPartOf":{"@id":"https:\/\/elfsight.com\/de\/#website"},"datePublished":"2024-05-03T06:32:42+00:00","dateModified":"2025-01-14T09:34:45+00:00","description":"Implementieren Sie ein reaktionsf\u00e4higes Kontaktformular auf Ihren Google Sites und gewinnen Sie volles Vertrauen. Nutzen Sie die Elfsight-Demo, um Ihr personalisiertes Kontakt-Gadget zu erstellen.","breadcrumb":{"@id":"https:\/\/elfsight.com\/de\/contact-form-widget\/google-sites\/#breadcrumb"},"inLanguage":"de","potentialAction":[{"@type":"ReadAction","target":["https:\/\/elfsight.com\/de\/contact-form-widget\/google-sites\/"]}]},{"@type":"BreadcrumbList","@id":"https:\/\/elfsight.com\/de\/contact-form-widget\/google-sites\/#breadcrumb","itemListElement":[{"@type":"ListItem","position":1,"name":"Home","item":"https:\/\/elfsight.com\/de\/"},{"@type":"ListItem","position":2,"name":"Contact Form","item":"https:\/\/elfsight.com\/de\/contact-form-widget\/"},{"@type":"ListItem","position":3,"name":"Contact Form &#8211; Google Sites"}]},{"@type":"WebSite","@id":"https:\/\/elfsight.com\/de\/#website","url":"https:\/\/elfsight.com\/de\/","name":"Elfsight DE","description":"Just another Elfsight Sites site","potentialAction":[{"@type":"SearchAction","target":{"@type":"EntryPoint","urlTemplate":"https:\/\/elfsight.com\/de\/?s={search_term_string}"},"query-input":{"@type":"PropertyValueSpecification","valueRequired":true,"valueName":"search_term_string"}}],"inLanguage":"de"}]}},"meta_box":{"industry":"","seo_heading":"","heading":"","description":"","cta_heading":"","cta_description":"","application":"465","h1":"Google Sites-Kontaktformular-Widget","h1_caption":"Erstellen Sie ganz einfach Kontaktformulare und betten Sie sie auf Ihrer Website ein, um die Benutzerinteraktion und Anfragen auf Ihren Google Sites m\u00fchelos zu f\u00f6rdern.","application_category":[],"applications_title":"","applications_request_title":"","applications_request_button_text":"","hero_text":"","hero_video":"","hero_video_schema_markup":"","selling_points_title":"","selling_points_caption":"","selling_points":[],"selling_points_cta_text":"","features_title":"","features":"","ed_cta_examples_text":"","ed_cta_examples_hidden":"","ed_cta_demo_text":"","ed_cta_demo_hidden":"","why_caption":"","why_editor_title":"","why_editor_text":"","why_team_title":"","why_team_text":"","why_service_title":"","why_service_text":"","template_catalog_visible":"0","template_catalog_title":"","template_catalog_text":"","template_catalog_categories_visible":"","demo_title":"Erstellen Sie Ihr Kontaktformular-Widget","demo_caption":"Konfigurieren Sie Ihr Kontaktformular und f\u00fcgen Sie es kostenlos zu Ihrer Google Sites-Website hinzu!","default_faq_hidden":"","app_template_category":[],"platform":"3000","template_public_id":"","codecanyon_url":"","codecanyon_item_id":"","codecanyon_price":"","pricing_caption":"","pricing_elfsight_apps_hide_column":"","pricing_elfsight_apps_url":"","pricing_codecanyon_price_caption":"","integration_category":[],"integration_request_title":"","integration_request_cta":"","integration_platform":"","integrations":[],"platform_category":[],"video_schema_markup":"","price":"ab 0 $ \/ Monat","trial":"","benefits":[{"text":"Kostenloser Installationsservice"},{"text":"Kompetenter Kundenservice"},{"text":"14-t\u00e4gige R\u00fcckerstattungsgarantie"},{"text":"Fortlaufende Entwicklung"}],"button_url":"#demo","button_target_blank":"0","button_nofollow":"0","attributes":[{"name":"Installiert","content":"100,000 - 500,000"},{"name":"Reaktionsfreudig","content":"Vollst\u00e4ndig adaptiv"},{"name":"Kompatible Browser","content":" Opera, Firefox, Chrome, Edge, Safari"}],"tags":[],"tags_disable_links":"0","hide_more_platforms":"","video_object":"","demo_hide_cta":"0","demo_hide_cloud_options":"0","pricing_title":"","pricing":[{"pricing_icon":"platform","pricing_title":"Elfsight Apps","pricing_title_caption":"Multiplattform-Software, die auf jeder Website funktioniert","pricing_price":"ab 0 $ \/ Monat","pricing_price_caption":"Beginnen Sie mit einem kostenlosen Plan","pricing_benefits":[{"text":"Unbegrenzte Websites"},{"text":"Engagierter Kundensupport"},{"text":"Kostenlose Installationsunterst\u00fctzung"},{"text":"Sonderangebot f\u00fcr mehrere Apps"}],"pricing_button_text":"Zur Website hinzuf\u00fcgen","pricing_button_url":"#demo"}],"related_apps_title":"","related_apps_hidden":"0","author":"","image":[],"title":"","job":"","social_networks":[]},"_links":{"self":[{"href":"https:\/\/elfsight.com\/de\/wp-json\/wp\/v2\/pages\/16897","targetHints":{"allow":["GET"]}}],"collection":[{"href":"https:\/\/elfsight.com\/de\/wp-json\/wp\/v2\/pages"}],"about":[{"href":"https:\/\/elfsight.com\/de\/wp-json\/wp\/v2\/types\/page"}],"author":[{"embeddable":true,"href":"https:\/\/elfsight.com\/de\/wp-json\/wp\/v2\/users\/9"}],"replies":[{"embeddable":true,"href":"https:\/\/elfsight.com\/de\/wp-json\/wp\/v2\/comments?post=16897"}],"version-history":[{"count":3,"href":"https:\/\/elfsight.com\/de\/wp-json\/wp\/v2\/pages\/16897\/revisions"}],"predecessor-version":[{"id":23589,"href":"https:\/\/elfsight.com\/de\/wp-json\/wp\/v2\/pages\/16897\/revisions\/23589"}],"up":[{"embeddable":true,"href":"https:\/\/elfsight.com\/de\/wp-json\/wp\/v2\/pages\/949"}],"wp:attachment":[{"href":"https:\/\/elfsight.com\/de\/wp-json\/wp\/v2\/media?parent=16897"}],"curies":[{"name":"wp","href":"https:\/\/api.w.org\/{rel}","templated":true}]}}