{"id":16895,"date":"2024-05-03T06:32:40","date_gmt":"2024-05-03T06:32:40","guid":{"rendered":"https:\/\/elfsight.com\/de\/?page_id=16895"},"modified":"2025-02-19T12:26:31","modified_gmt":"2025-02-19T12:26:31","slug":"prestashop","status":"publish","type":"page","link":"https:\/\/elfsight.com\/de\/contact-form-widget\/prestashop\/","title":{"rendered":"Contact Form &#8211; PrestaShop"},"content":{"rendered":"\n<div class=\"application-platform-content-item-description application-platform-content-item\" id=\"description\" data-nav-section=\"description\"><h2>Kontaktformular f\u00fcr PrestaShop<\/h2><p>Wenn Sie nach einem benutzerdefinierten Kontaktformular f\u00fcr Ihre PrestaShop-Website suchen, ist das Elfsight PrestaShop Das kostenlose Add-on f\u00fcr das Kontaktformularmodul kann hilfreich sein. Es hilft bei allen wichtigen Anforderungen beim Sammeln von Feedback und Bestellungen von Kunden Ihrer Website. Geben Sie einfach die erforderlichen Felder zum Ausf\u00fcllen ein, suchen Sie die erforderliche Vorlage und passen Sie das Farbschema an, um Ihre Kunden noch mehr zu motivieren, eine Bewertung zu Ihren Produkten oder Ihrem Unternehmen abzugeben. Erhalten Sie Bewertungen, nehmen Sie Bestellungen entgegen und beantworten Sie die Fragen der Benutzer Ihrer Website ganz einfach mit unserem PrestaShop-Kontaktformular-Add-on.<\/p><p><b>Erhalten Sie Feedback, nehmen Sie Bestellungen entgegen und schreiben Sie Antworten auf die Nachrichten der Besucher von Ihre Website!<\/b><\/p><\/div> <div class=\"application-platform-content-item-features application-platform-content-item\" id=\"features\" data-nav-section=\"features\"> <h2>Funktionen des Kontaktformular-Plugins<\/h2> <ul><li>6 vordefinierte Vorlagen f\u00fcr die g\u00e4ngigsten Anwendungen- F\u00e4lle<\/li><li>Beliebig viele Felder<\/li><li>Erstellen Sie nicht nur einstufige, sondern auch mehrstufige Formulare. <\/li><li>Beschreibungen sind f\u00fcr jedes Element verf\u00fcgbar, das unter dem Feld angezeigt wird <\/li><li>Mehrere E-Mail-Adressen zum Senden von Ausf\u00fcllergebnissen <\/li><li>Unsichtbare reCAPTCHA-Unterst\u00fctzung wird zum Formular hinzugef\u00fcgt<\/li><li>URL der Seite, auf der das Formular gesendet wurde, wird zum Nachrichtentext hinzugef\u00fcgt. <\/li><\/ul><p><a href=\"#demo\">Probieren Sie einfach diese Demo aus, um zu sehen, wie es funktioniert<\/a><\/p> <\/div> <div class=\"application-platform-content-item-installation application-platform-content-item\" id=\"installation\" data-nav-section=\"installation\"> <h2>Wie f\u00fcge ich ein Kontaktformular zu meiner PrestaShop-Site hinzu? <\/h2> <p>Befolgen Sie einfach die unten beschriebenen Schritte, um das Tool einzubetten. <\/p> <ol><li><b>Nutzen Sie unseren kostenlosen Editor und beginnen Sie mit der Gestaltung Ihres einzigartigen Instruments. <\/b><br> W\u00e4hlen Sie die gew\u00fcnschte Form und Funktionsmerkmale des Add-ons und speichern Sie die Korrekturen. <\/li> <li><b>Erhalten Sie den eindeutigen Code, der in der Box von Elfsight Apps angezeigt wird. <\/b><br> Kopieren Sie direkt nach Abschluss der Generierung Ihres Add-ons den exklusiven Code aus dem angezeigten Popup und speichern Sie ihn zur weiteren Verwendung. <\/li> <li><b>Beginnen Sie mit der Nutzung des Widgets auf der PrestaShop-Website. <\/b><br> Betten Sie den zuvor gespeicherten Code in Ihre Website ein und speichern Sie die Korrekturen. <\/li> <li><b>Die Installation wurde erfolgreich abgeschlossen. <\/b><br> Besuchen Sie Ihre Seite, um zu sehen, wie das Tool funktioniert. <\/li><\/ol> <p>Wenn Sie Fragen haben oder auf Probleme sto\u00dfen, wenden Sie sich bitte an unseren Support. Unsere Berater beantworten gerne alle Fragen, die Sie zum Widget haben. <\/p> <div class=\"faq\" data-component=\"FAQ\"> <div class=\"faq-item\">\r\n\t\t\t\t\t<div class=\"faq-item-question\">\r\n\t\t\t\t\t\t<h3 class=\"faq-item-question-text\">Wie f\u00fcge ich ein Kontaktformular ohne Programmierkenntnisse zu meiner PrestaShop-Website hinzu?<\/h3>\r\n\r\n\t\t\t\t\t\t<div class=\"faq-item-question-icon\"><\/div>\r\n\t\t\t\t\t<\/div>\r\n\r\n\t\t\t\t\t<div class=\"faq-item-answer\">\r\n\t\t\t\t\t\t<div class=\"faq-item-answer-text\"> <p>Elfsight bietet eine SaaS-L\u00f6sung, mit der Sie selbst ein Kontaktformular-Widget erstellen k\u00f6nnen. Sehen Sie, wie einfach der Vorgang ist ist: Arbeiten Sie direkt im Online-Editor, um ein Kontaktformular-Widget zu erstellen, das Sie gerne auf Ihrer PrestaShop-Website sehen w\u00fcrden. W\u00e4hlen Sie eine der vorgefertigten Vorlagen aus und passen Sie die Einstellungen des Kontaktformulars an, f\u00fcgen Sie Ihre Inhalte hinzu, \u00e4ndern Sie das Layout und das Farbschema ohne Programmierkenntnisse. Speichern Sie das Kontaktformular und kopieren Sie den Installationscode, den Sie in Ihre PrestaShop-Website einf\u00fcgen k\u00f6nnen, ohne ein kostenpflichtiges Abonnement kaufen zu m\u00fcssen. Mit unserem intuitiven Editor kann jeder Internetnutzer online ein Kontaktformular-Widget erstellen und es einfach in seine PrestaShop-Website einbetten. Sie m\u00fcssen weder bezahlen noch Ihre Kartendaten eingeben, um auf den Service zuzugreifen. Sollten bei irgendeinem Schritt Probleme auftreten, wenden Sie sich bitte an unser technisches Support-Team.<\/p> <\/div>\r\n\t\t\t\t\t<\/div>\r\n\t\t\t\t<\/div><div class=\"faq-item\">\r\n\t\t\t\t\t<div class=\"faq-item-question\">\r\n\t\t\t\t\t\t<h3 class=\"faq-item-question-text\">Bieten Sie Kontaktformularvorlagen f\u00fcr die PrestaShop-Website an?<\/h3>\r\n\r\n\t\t\t\t\t\t<div class=\"faq-item-question-icon\"><\/div>\r\n\t\t\t\t\t<\/div>\r\n\r\n\t\t\t\t\t<div class=\"faq-item-answer\">\r\n\t\t\t\t\t\t<div class=\"faq-item-answer-text\"><p>Ja, Elfsight verf\u00fcgt \u00fcber 300 gebrauchsfertige Vorlagen f\u00fcr jeden Fall. Schauen Sie sich die <a href=\"https:\/\/elfsight.com\/online-form-builder\/templates\/contact-forms\/\">Kontaktformularvorlagen<\/a> genauer an und w\u00e4hlen Sie die aus, die Ihnen am besten gef\u00e4llt.<\/p><\/div>\r\n\t\t\t\t\t<\/div>\r\n\t\t\t\t<\/div> <\/div> <\/div>\n","protected":false},"excerpt":{"rendered":"","protected":false},"author":9,"featured_media":0,"parent":949,"menu_order":0,"comment_status":"closed","ping_status":"closed","template":"templates\/template-application-platform.php","meta":{"publish_to_discourse":"","publish_post_category":"","wpdc_auto_publish_overridden":"","wpdc_topic_tags":"","wpdc_pin_topic":"","wpdc_pin_until":"","discourse_post_id":"","discourse_permalink":"","wpdc_publishing_response":"","wpdc_publishing_error":"","footnotes":""},"class_list":["post-16895","page","type-page","status-publish","hentry"],"yoast_head":"<!-- This site is optimized with the Yoast SEO plugin v25.3.1 - https:\/\/yoast.com\/wordpress\/plugins\/seo\/ -->\n<title>Erstellen Sie kostenlos ein Kontaktformular auf PrestaShop und f\u00fcgen Sie es hinzu!<\/title>\n<meta name=\"description\" content=\"Erstellen Sie Ihr pers\u00f6nliches Kontaktformular-Plugin f\u00fcr PrestaShop und f\u00fcgen Sie es in nur 3 Minuten auf Ihrer Website hinzu. Kostenloser Editor, Unterst\u00fctzung bei der Einrichtung und Boni!\" \/>\n<meta name=\"robots\" content=\"index, follow, max-snippet:-1, max-image-preview:large, max-video-preview:-1\" \/>\n<link rel=\"canonical\" href=\"https:\/\/elfsight.com\/de\/contact-form-widget\/prestashop\/\" \/>\n<meta property=\"og:locale\" content=\"de_DE\" \/>\n<meta property=\"og:type\" content=\"article\" \/>\n<meta property=\"og:title\" content=\"Erstellen Sie kostenlos ein Kontaktformular auf PrestaShop und f\u00fcgen Sie es hinzu!\" \/>\n<meta property=\"og:description\" content=\"Erstellen Sie Ihr pers\u00f6nliches Kontaktformular-Plugin f\u00fcr PrestaShop und f\u00fcgen Sie es in nur 3 Minuten auf Ihrer Website hinzu. Kostenloser Editor, Unterst\u00fctzung bei der Einrichtung und Boni!\" \/>\n<meta property=\"og:url\" content=\"https:\/\/elfsight.com\/de\/contact-form-widget\/prestashop\/\" \/>\n<meta property=\"og:site_name\" content=\"Elfsight DE\" \/>\n<meta property=\"article:modified_time\" content=\"2025-02-19T12:26:31+00:00\" \/>\n<meta name=\"twitter:card\" content=\"summary_large_image\" \/>\n<meta name=\"twitter:label1\" content=\"Gesch\u00e4tzte Lesezeit\" \/>\n\t<meta name=\"twitter:data1\" content=\"3\u00a0Minuten\" \/>\n<!-- \/ Yoast SEO plugin. -->","yoast_head_json":{"title":"Erstellen Sie kostenlos ein Kontaktformular auf PrestaShop und f\u00fcgen Sie es hinzu!","description":"Erstellen Sie Ihr pers\u00f6nliches Kontaktformular-Plugin f\u00fcr PrestaShop und f\u00fcgen Sie es in nur 3 Minuten auf Ihrer Website hinzu. Kostenloser Editor, Unterst\u00fctzung bei der Einrichtung und Boni!","robots":{"index":"index","follow":"follow","max-snippet":"max-snippet:-1","max-image-preview":"max-image-preview:large","max-video-preview":"max-video-preview:-1"},"canonical":"https:\/\/elfsight.com\/de\/contact-form-widget\/prestashop\/","og_locale":"de_DE","og_type":"article","og_title":"Erstellen Sie kostenlos ein Kontaktformular auf PrestaShop und f\u00fcgen Sie es hinzu!","og_description":"Erstellen Sie Ihr pers\u00f6nliches Kontaktformular-Plugin f\u00fcr PrestaShop und f\u00fcgen Sie es in nur 3 Minuten auf Ihrer Website hinzu. Kostenloser Editor, Unterst\u00fctzung bei der Einrichtung und Boni!","og_url":"https:\/\/elfsight.com\/de\/contact-form-widget\/prestashop\/","og_site_name":"Elfsight DE","article_modified_time":"2025-02-19T12:26:31+00:00","twitter_card":"summary_large_image","twitter_misc":{"Gesch\u00e4tzte Lesezeit":"3\u00a0Minuten"},"schema":{"@context":"https:\/\/schema.org","@graph":[{"@type":"WebPage","@id":"https:\/\/elfsight.com\/de\/contact-form-widget\/prestashop\/","url":"https:\/\/elfsight.com\/de\/contact-form-widget\/prestashop\/","name":"Erstellen Sie kostenlos ein Kontaktformular auf PrestaShop und f\u00fcgen Sie es hinzu!","isPartOf":{"@id":"https:\/\/elfsight.com\/de\/#website"},"datePublished":"2024-05-03T06:32:40+00:00","dateModified":"2025-02-19T12:26:31+00:00","description":"Erstellen Sie Ihr pers\u00f6nliches Kontaktformular-Plugin f\u00fcr PrestaShop und f\u00fcgen Sie es in nur 3 Minuten auf Ihrer Website hinzu. Kostenloser Editor, Unterst\u00fctzung bei der Einrichtung und Boni!","breadcrumb":{"@id":"https:\/\/elfsight.com\/de\/contact-form-widget\/prestashop\/#breadcrumb"},"inLanguage":"de","potentialAction":[{"@type":"ReadAction","target":["https:\/\/elfsight.com\/de\/contact-form-widget\/prestashop\/"]}]},{"@type":"BreadcrumbList","@id":"https:\/\/elfsight.com\/de\/contact-form-widget\/prestashop\/#breadcrumb","itemListElement":[{"@type":"ListItem","position":1,"name":"Home","item":"https:\/\/elfsight.com\/de\/"},{"@type":"ListItem","position":2,"name":"Contact Form","item":"https:\/\/elfsight.com\/de\/contact-form-widget\/"},{"@type":"ListItem","position":3,"name":"Contact Form &#8211; PrestaShop"}]},{"@type":"WebSite","@id":"https:\/\/elfsight.com\/de\/#website","url":"https:\/\/elfsight.com\/de\/","name":"Elfsight DE","description":"Just another Elfsight Sites site","potentialAction":[{"@type":"SearchAction","target":{"@type":"EntryPoint","urlTemplate":"https:\/\/elfsight.com\/de\/?s={search_term_string}"},"query-input":{"@type":"PropertyValueSpecification","valueRequired":true,"valueName":"search_term_string"}}],"inLanguage":"de"}]}},"meta_box":{"industry":"","seo_heading":"","heading":"","description":"","cta_heading":"","cta_description":"","application":"465","h1":"Kontaktformular-Add-on f\u00fcr PrestaShop","h1_caption":"Erstellen Sie ganz einfach Kontaktformulare und betten Sie sie in Ihre Website ein, um die Benutzerinteraktion und Anfragen auf Ihrer Prestashop-Website m\u00fchelos zu f\u00f6rdern.","application_category":[],"applications_title":"","applications_request_title":"","applications_request_button_text":"","hero_text":"","hero_video":"","hero_video_schema_markup":"","selling_points_title":"","selling_points_caption":"","selling_points":[],"selling_points_cta_text":"","features_title":"","features":"","ed_cta_examples_text":"","ed_cta_examples_hidden":"","ed_cta_demo_text":"","ed_cta_demo_hidden":"","why_caption":"","why_editor_title":"","why_editor_text":"","why_team_title":"","why_team_text":"","why_service_title":"","why_service_text":"","template_catalog_visible":"0","template_catalog_title":"","template_catalog_text":"","template_catalog_categories_visible":"","demo_title":"Erstellen Sie Ihr Kontaktformular-Add-on","demo_caption":"Konfigurieren Sie Ihr Kontaktformular und f\u00fcgen Sie es kostenlos zu Ihrer PrestaShop-Website hinzu!","default_faq_hidden":"","app_template_category":[],"platform":"3811","template_public_id":"","codecanyon_url":"","codecanyon_item_id":"","codecanyon_price":"","pricing_caption":"","pricing_elfsight_apps_hide_column":"","pricing_elfsight_apps_url":"","pricing_codecanyon_price_caption":"","integration_category":[],"integration_request_title":"","integration_request_cta":"","integration_platform":"","integrations":[],"platform_category":[],"video_schema_markup":"","price":"ab 0 $ \/ Monat","trial":"","benefits":[{"text":"Kostenlose Installationshilfe"},{"text":"Au\u00dfergew\u00f6hnlicher Support"},{"text":"14-t\u00e4gige Geld-zur\u00fcck-Garantie"},{"text":"Lebenslange kostenlose Verbesserungen"}],"button_url":"#demo","button_target_blank":"0","button_nofollow":"0","attributes":[{"name":"Installiert","content":"100,000 - 500,000"},{"name":"Reaktionsfreudig","content":"Ja"},{"name":"Kompatible Browser","content":"Firefox, Safari, Opera, Chrome, Edge"}],"tags":[],"tags_disable_links":"0","hide_more_platforms":"0","video_object":"","demo_hide_cta":"0","demo_hide_cloud_options":"0","pricing_title":"","pricing":[{"pricing_icon":"platform","pricing_title":"Elfsight Apps","pricing_title_caption":"Multiplattform-Version, die auf jeder Website funktioniert","pricing_price":"ab 0 $ \/ Monat","pricing_price_caption":"Beginnen Sie mit einem kostenlosen Plan","pricing_benefits":[{"text":"Unbegrenzte Domains"},{"text":"Engagierte Unternehmensunterst\u00fctzung und gut dokumentiert"},{"text":"Kostenlose Installationsunterst\u00fctzung"},{"text":"Flexibles Design"}],"pricing_button_text":"Zur Website hinzuf\u00fcgen","pricing_button_url":"#demo"}],"related_apps_title":"","related_apps_hidden":"0","author":"","image":[],"title":"","job":"","social_networks":[]},"_links":{"self":[{"href":"https:\/\/elfsight.com\/de\/wp-json\/wp\/v2\/pages\/16895","targetHints":{"allow":["GET"]}}],"collection":[{"href":"https:\/\/elfsight.com\/de\/wp-json\/wp\/v2\/pages"}],"about":[{"href":"https:\/\/elfsight.com\/de\/wp-json\/wp\/v2\/types\/page"}],"author":[{"embeddable":true,"href":"https:\/\/elfsight.com\/de\/wp-json\/wp\/v2\/users\/9"}],"replies":[{"embeddable":true,"href":"https:\/\/elfsight.com\/de\/wp-json\/wp\/v2\/comments?post=16895"}],"version-history":[{"count":3,"href":"https:\/\/elfsight.com\/de\/wp-json\/wp\/v2\/pages\/16895\/revisions"}],"predecessor-version":[{"id":24458,"href":"https:\/\/elfsight.com\/de\/wp-json\/wp\/v2\/pages\/16895\/revisions\/24458"}],"up":[{"embeddable":true,"href":"https:\/\/elfsight.com\/de\/wp-json\/wp\/v2\/pages\/949"}],"wp:attachment":[{"href":"https:\/\/elfsight.com\/de\/wp-json\/wp\/v2\/media?parent=16895"}],"curies":[{"name":"wp","href":"https:\/\/api.w.org\/{rel}","templated":true}]}}