{"id":16889,"date":"2024-05-03T06:32:21","date_gmt":"2024-05-03T06:32:21","guid":{"rendered":"https:\/\/elfsight.com\/de\/?page_id=16889"},"modified":"2025-02-20T07:48:17","modified_gmt":"2025-02-20T07:48:17","slug":"wordpress","status":"publish","type":"page","link":"https:\/\/elfsight.com\/de\/click-to-call-widget\/wordpress\/","title":{"rendered":"Click to Call &#8211; WordPress"},"content":{"rendered":"\n<div class=\"application-platform-content-item-description application-platform-content-item\" id=\"description\" data-nav-section=\"description\"> <h2>Click-to-Call in WordPress mit dem Elfsight-Widget einbetten<\/h2> <p>Das Click-to-Call-Plugin f\u00fcr WordPress ist ein effektives Tool, das dies erm\u00f6glicht Ihr Website-Publikum, um Sie schneller anzurufen. Benutzer k\u00f6nnen Sie anrufen, indem sie auf Mobilger\u00e4ten auf das Telefonsymbol klicken. Auf dem Desktop wird Ihre Nummer f\u00fcr ein optimiertes W\u00e4hlen in Fettschrift angezeigt. Die Sprechblase selbst und das Anruffenster sind hochgradig personalisierbar und erm\u00f6glichen es Ihnen, einen wirklich exklusiven Stil des Widgets zu erstellen. Es steht Ihnen frei, alle Komponenten des Tools so anzupassen, dass es perfekt zum Gesamtdesign der Website passt.<\/p> <div class=\"faq\" data-component=\"FAQ\"><div class=\"faq-item\">\r\n\t\t\t\t\t<div class=\"faq-item-question\">\r\n\t\t\t\t\t\t<h3 class=\"faq-item-question-text\">Auf welche Weise bette ich eine ein Click to Call Button zu meiner WordPress-Site?<\/h3>\r\n\r\n\t\t\t\t\t\t<div class=\"faq-item-question-icon\"><\/div>\r\n\t\t\t\t\t<\/div>\r\n\r\n\t\t\t\t\t<div class=\"faq-item-answer\">\r\n\t\t\t\t\t\t<div class=\"faq-item-answer-text\"><p>Die Erstellung des Tools erfolgt auf den Elfsight-Seiten und es ist nicht erforderlich, das Programmieren zu erlernen. Nutzen Sie unsere Online-Demo, um Ihre pers\u00f6nliche App anzupassen, den Code zu erhalten und ihn in Ihre Website einzuf\u00fcgen. <\/p><\/div>\r\n\t\t\t\t\t<\/div>\r\n\t\t\t\t<\/div><div class=\"faq-item\">\r\n\t\t\t\t\t<div class=\"faq-item-question\">\r\n\t\t\t\t\t\t<h3 class=\"faq-item-question-text\">Die besten M\u00f6glichkeiten, die Integration der Schaltfl\u00e4che \u201eJetzt anrufen\u201c zu nutzen<\/h3>\r\n\r\n\t\t\t\t\t\t<div class=\"faq-item-question-icon\"><\/div>\r\n\t\t\t\t\t<\/div>\r\n\r\n\t\t\t\t\t<div class=\"faq-item-answer\">\r\n\t\t\t\t\t\t<div class=\"faq-item-answer-text\"><p>Wir bieten Ihnen eine breite Palette an Anpassungsm\u00f6glichkeiten: Widgets in voller Gr\u00f6\u00dfe f\u00fcr Implementierung im Inhaltsbereich, schwebende Plugins mit Scrollfunktion, Layouts f\u00fcr Fu\u00dfzeile, Kopfzeile und allerlei vertikale M\u00f6glichkeiten f\u00fcr Seitenleisten und Men\u00fcs. <\/p><\/div>\r\n\t\t\t\t\t<\/div>\r\n\t\t\t\t<\/div><div class=\"faq-item\">\r\n\t\t\t\t\t<div class=\"faq-item-question\">\r\n\t\t\t\t\t\t<h3 class=\"faq-item-question-text\">Darf ich \u00fcber die Agentur Ihres Redakteurs eine Schaltfl\u00e4che \u201eAnrufen\u201c oder \u201eBeratung\u201c erstellen?<\/h3>\r\n\r\n\t\t\t\t\t\t<div class=\"faq-item-question-icon\"><\/div>\r\n\t\t\t\t\t<\/div>\r\n\r\n\t\t\t\t\t<div class=\"faq-item-answer\">\r\n\t\t\t\t\t\t<div class=\"faq-item-answer-text\"><p>Sie k\u00f6nnen gerne Variationen aller Widgets erstellen. Im Editor stehen zahlreiche Layouts zur Verf\u00fcgung, die alle ganz einfach an Ihre Bed\u00fcrfnisse angepasst werden k\u00f6nnen. <\/p><\/div>\r\n\t\t\t\t\t<\/div>\r\n\t\t\t\t<\/div><\/div><\/div> <div class=\"application-platform-content-item-features application-platform-content-item\" id=\"features\" data-nav-section=\"features\"> <h2>Hauptfunktionen des Click-to-Call-Widgets<\/h2> <p>Um ein besseres Verst\u00e4ndnis der Anrufschaltfl\u00e4che zu erreichen Plugin, entdecken Sie die Liste seiner Hauptmerkmale. Sie machen unser Widget f\u00fcr Ihre Website maximal effizient: <\/p> <ul><li>Sofortige Telefonanrufe auf Mobiltelefonen; <\/li> <li>W\u00e4hlen Sie eine von drei Varianten der Widget-Platzierung: Links schwebend, Rechts schwebend oder benutzerdefiniert; <\/li> <li>Die Option, das Widget auf bestimmten Seiten anzuzeigen oder Webseiten auszuschlie\u00dfen; <\/li> <li>3 Varianten von Benutzern, f\u00fcr die das Widget angezeigt wird: alle, neue und nur wiederkehrende Benutzer; <\/li> <li> Vier integrierte Widget-aktivierende Ausl\u00f6ser: Verweildauer auf der Seite, auf der Website verbrachte Zeit, Scroll-Prozentsatz und Exit-Absicht. <\/li> <\/ul><p><a href=\"#demo\">Entdecken Sie weitere Funktionen in der Demo<\/a><\/p> <\/div><div class=\"application-platform-content-item-installation application-platform-content-item\" id=\"installation\" data-nav-section=\"installation\"> <h2>Anleitung F\u00fcgen Sie das Plugin \u201eClick To Call Now\u201c zu Ihrer WordPress-Website hinzu<\/h2> <p>Befolgen Sie einfach die folgenden Schritte, um das Tool in WordPress zu integrieren.<\/p> <ol><li><b>\u00d6ffnen Sie unseren kostenlosen Konfigurator und Beginnen Sie mit der Erstellung Ihres eigenen Plugins. <\/b><br> Bestimmen Sie das ausgew\u00e4hlte Layout und die Aspekte des Tools und speichern Sie die Korrekturen. <\/li> <li><b>Lassen Sie sich Ihren individuellen Code im speziellen Formular auf Elfsight Apps anzeigen. <\/b><br> Sobald die Anpassung Ihres pers\u00f6nlichen Click-to-Call-Widgets abgeschlossen ist, kopieren Sie den pers\u00f6nlichen Code aus dem angezeigten Popup und speichern Sie ihn zur sp\u00e4teren Verwendung. <\/li> <li><b>Initiieren Sie die Nutzung des Widgets auf der WordPress-Site. <\/b><br> Platzieren Sie den zuvor gespeicherten Code auf Ihrer Website und speichern Sie die \u00c4nderungen. <\/li> <li><b>Fertig! Die Einbettung ist erfolgreich abgeschlossen. <\/b><br> Besuchen Sie Ihre Website, um die Funktion des Widgets zu \u00fcberpr\u00fcfen. <\/li><\/ol> <p>Zweifeln Sie immer noch an etwas? Oder haben Sie Probleme? Schreiben Sie einfach eine Anfrage an unseren Kundensupport. Sie helfen bei jedem Problem. <\/p> <\/div>\n","protected":false},"excerpt":{"rendered":"","protected":false},"author":9,"featured_media":0,"parent":2867,"menu_order":0,"comment_status":"closed","ping_status":"closed","template":"templates\/template-application-platform.php","meta":{"publish_to_discourse":"","publish_post_category":"","wpdc_auto_publish_overridden":"","wpdc_topic_tags":"","wpdc_pin_topic":"","wpdc_pin_until":"","discourse_post_id":"","discourse_permalink":"","wpdc_publishing_response":"","wpdc_publishing_error":"","footnotes":""},"class_list":["post-16889","page","type-page","status-publish","hentry"],"yoast_head":"<!-- This site is optimized with the Yoast SEO plugin v25.3.1 - https:\/\/yoast.com\/wordpress\/plugins\/seo\/ -->\n<title>Click-to-Call-Button-Plugin zur WordPress-Website hinzuf\u00fcgen (kostenlos und schnell)<\/title>\n<meta name=\"description\" content=\"F\u00fcgen Sie Ihrer WordPress-Site ein aktives Click-to-Call-Plugin hinzu. Wenden Sie die benutzerfreundliche Elfsight-Demo an und erstellen Sie Ihr exklusives Plugin in nur 2 Minuten.\" \/>\n<meta name=\"robots\" content=\"index, follow, max-snippet:-1, max-image-preview:large, max-video-preview:-1\" \/>\n<link rel=\"canonical\" href=\"https:\/\/elfsight.com\/de\/click-to-call-widget\/wordpress\/\" \/>\n<meta property=\"og:locale\" content=\"de_DE\" \/>\n<meta property=\"og:type\" content=\"article\" \/>\n<meta property=\"og:title\" content=\"Click-to-Call-Button-Plugin zur WordPress-Website hinzuf\u00fcgen (kostenlos und schnell)\" \/>\n<meta property=\"og:description\" content=\"F\u00fcgen Sie Ihrer WordPress-Site ein aktives Click-to-Call-Plugin hinzu. Wenden Sie die benutzerfreundliche Elfsight-Demo an und erstellen Sie Ihr exklusives Plugin in nur 2 Minuten.\" \/>\n<meta property=\"og:url\" content=\"https:\/\/elfsight.com\/de\/click-to-call-widget\/wordpress\/\" \/>\n<meta property=\"og:site_name\" content=\"Elfsight DE\" \/>\n<meta property=\"article:modified_time\" content=\"2025-02-20T07:48:17+00:00\" \/>\n<meta name=\"twitter:card\" content=\"summary_large_image\" \/>\n<meta name=\"twitter:label1\" content=\"Gesch\u00e4tzte Lesezeit\" \/>\n\t<meta name=\"twitter:data1\" content=\"3\u00a0Minuten\" \/>\n<!-- \/ Yoast SEO plugin. -->","yoast_head_json":{"title":"Click-to-Call-Button-Plugin zur WordPress-Website hinzuf\u00fcgen (kostenlos und schnell)","description":"F\u00fcgen Sie Ihrer WordPress-Site ein aktives Click-to-Call-Plugin hinzu. Wenden Sie die benutzerfreundliche Elfsight-Demo an und erstellen Sie Ihr exklusives Plugin in nur 2 Minuten.","robots":{"index":"index","follow":"follow","max-snippet":"max-snippet:-1","max-image-preview":"max-image-preview:large","max-video-preview":"max-video-preview:-1"},"canonical":"https:\/\/elfsight.com\/de\/click-to-call-widget\/wordpress\/","og_locale":"de_DE","og_type":"article","og_title":"Click-to-Call-Button-Plugin zur WordPress-Website hinzuf\u00fcgen (kostenlos und schnell)","og_description":"F\u00fcgen Sie Ihrer WordPress-Site ein aktives Click-to-Call-Plugin hinzu. Wenden Sie die benutzerfreundliche Elfsight-Demo an und erstellen Sie Ihr exklusives Plugin in nur 2 Minuten.","og_url":"https:\/\/elfsight.com\/de\/click-to-call-widget\/wordpress\/","og_site_name":"Elfsight DE","article_modified_time":"2025-02-20T07:48:17+00:00","twitter_card":"summary_large_image","twitter_misc":{"Gesch\u00e4tzte Lesezeit":"3\u00a0Minuten"},"schema":{"@context":"https:\/\/schema.org","@graph":[{"@type":"WebPage","@id":"https:\/\/elfsight.com\/de\/click-to-call-widget\/wordpress\/","url":"https:\/\/elfsight.com\/de\/click-to-call-widget\/wordpress\/","name":"Click-to-Call-Button-Plugin zur WordPress-Website hinzuf\u00fcgen (kostenlos und schnell)","isPartOf":{"@id":"https:\/\/elfsight.com\/de\/#website"},"datePublished":"2024-05-03T06:32:21+00:00","dateModified":"2025-02-20T07:48:17+00:00","description":"F\u00fcgen Sie Ihrer WordPress-Site ein aktives Click-to-Call-Plugin hinzu. Wenden Sie die benutzerfreundliche Elfsight-Demo an und erstellen Sie Ihr exklusives Plugin in nur 2 Minuten.","breadcrumb":{"@id":"https:\/\/elfsight.com\/de\/click-to-call-widget\/wordpress\/#breadcrumb"},"inLanguage":"de","potentialAction":[{"@type":"ReadAction","target":["https:\/\/elfsight.com\/de\/click-to-call-widget\/wordpress\/"]}]},{"@type":"BreadcrumbList","@id":"https:\/\/elfsight.com\/de\/click-to-call-widget\/wordpress\/#breadcrumb","itemListElement":[{"@type":"ListItem","position":1,"name":"Home","item":"https:\/\/elfsight.com\/de\/"},{"@type":"ListItem","position":2,"name":"Click to Call","item":"https:\/\/elfsight.com\/de\/click-to-call-widget\/"},{"@type":"ListItem","position":3,"name":"Click to Call &#8211; WordPress"}]},{"@type":"WebSite","@id":"https:\/\/elfsight.com\/de\/#website","url":"https:\/\/elfsight.com\/de\/","name":"Elfsight DE","description":"Just another Elfsight Sites site","potentialAction":[{"@type":"SearchAction","target":{"@type":"EntryPoint","urlTemplate":"https:\/\/elfsight.com\/de\/?s={search_term_string}"},"query-input":{"@type":"PropertyValueSpecification","valueRequired":true,"valueName":"search_term_string"}}],"inLanguage":"de"}]}},"meta_box":{"industry":"","seo_heading":"","heading":"","description":"","cta_heading":"","cta_description":"","application":"490","h1":"WordPress Click-to-Call-Button-Plugin","h1_caption":"Erm\u00f6glichen Sie Benutzern die sofortige Kontaktaufnahme mit Ihnen \u00fcber eine einfache Click-to-Call-Schaltfl\u00e4che, sodass Sie m\u00fchelos und m\u00fchelos direkt auf Ihre WordPress-Website zugreifen k\u00f6nnen.","application_category":[],"applications_title":"","applications_request_title":"","applications_request_button_text":"","hero_text":"","hero_video":"","hero_video_schema_markup":"","selling_points_title":"","selling_points_caption":"","selling_points":[],"selling_points_cta_text":"","features_title":"","features":"","ed_cta_examples_text":"","ed_cta_examples_hidden":"","ed_cta_demo_text":"","ed_cta_demo_hidden":"","why_caption":"","why_editor_title":"","why_editor_text":"","why_team_title":"","why_team_text":"","why_service_title":"","why_service_text":"","template_catalog_visible":"0","template_catalog_title":"","template_catalog_text":"","template_catalog_categories_visible":"","demo_title":"Erstellen Sie Ihr Click-to-Call-Plugin","demo_caption":"Konfigurieren Sie Ihr Click-to-Call und f\u00fcgen Sie es kostenlos zu Ihrer WordPress-Website hinzu!","default_faq_hidden":"","app_template_category":[],"platform":"266","template_public_id":"","codecanyon_url":"","codecanyon_item_id":"","codecanyon_price":"","pricing_caption":"","pricing_elfsight_apps_hide_column":"","pricing_elfsight_apps_url":"","pricing_codecanyon_price_caption":"","integration_category":[],"integration_request_title":"","integration_request_cta":"","integration_platform":"","integrations":[],"platform_category":[],"video_schema_markup":"","price":"ab 0 $ \/ Monat","trial":"","benefits":[{"text":"Kostenlose Installationsunterst\u00fctzung"},{"text":"Premium-Support"},{"text":"14-t\u00e4gige Geld-zur\u00fcck-Garantie"},{"text":"Fortlaufende Entwicklung"}],"button_url":"#demo","button_target_blank":"0","button_nofollow":"0","attributes":[{"name":"Installiert","content":"10,000 - 100,000"},{"name":"Reaktionsfreudig","content":"Ja"},{"name":"Kompatible Browser","content":"Firefox, Safari, Opera, Chrome, Edge"}],"tags":[],"tags_disable_links":"0","hide_more_platforms":"0","video_object":"","demo_hide_cta":"0","demo_hide_cloud_options":"0","pricing_title":"","pricing":[{"pricing_icon":"platform","pricing_title":"Elfsight Apps","pricing_title_caption":"Plattformunabh\u00e4ngige Version, die auf jeder Site funktioniert","pricing_price":"ab 0 $ \/ Monat","pricing_price_caption":"Beginnen Sie mit einem kostenlosen Plan","pricing_benefits":[{"text":"Unbegrenzte Websites"},{"text":"Kostenloser und p\u00fcnktlicher Support"},{"text":"Kostenloser Installationsservice"},{"text":"Zeitlich begrenztes Angebot f\u00fcr mehrere Apps"}],"pricing_button_text":"Zur Website hinzuf\u00fcgen","pricing_button_url":"#demo"}],"related_apps_title":"","related_apps_hidden":"0","author":"","image":[],"title":"","job":"","social_networks":[]},"_links":{"self":[{"href":"https:\/\/elfsight.com\/de\/wp-json\/wp\/v2\/pages\/16889","targetHints":{"allow":["GET"]}}],"collection":[{"href":"https:\/\/elfsight.com\/de\/wp-json\/wp\/v2\/pages"}],"about":[{"href":"https:\/\/elfsight.com\/de\/wp-json\/wp\/v2\/types\/page"}],"author":[{"embeddable":true,"href":"https:\/\/elfsight.com\/de\/wp-json\/wp\/v2\/users\/9"}],"replies":[{"embeddable":true,"href":"https:\/\/elfsight.com\/de\/wp-json\/wp\/v2\/comments?post=16889"}],"version-history":[{"count":3,"href":"https:\/\/elfsight.com\/de\/wp-json\/wp\/v2\/pages\/16889\/revisions"}],"predecessor-version":[{"id":24470,"href":"https:\/\/elfsight.com\/de\/wp-json\/wp\/v2\/pages\/16889\/revisions\/24470"}],"up":[{"embeddable":true,"href":"https:\/\/elfsight.com\/de\/wp-json\/wp\/v2\/pages\/2867"}],"wp:attachment":[{"href":"https:\/\/elfsight.com\/de\/wp-json\/wp\/v2\/media?parent=16889"}],"curies":[{"name":"wp","href":"https:\/\/api.w.org\/{rel}","templated":true}]}}