{"id":16888,"date":"2024-05-03T06:31:28","date_gmt":"2024-05-03T06:31:28","guid":{"rendered":"https:\/\/elfsight.com\/de\/?page_id=16888"},"modified":"2026-01-13T13:15:08","modified_gmt":"2026-01-13T13:15:08","slug":"wordpress","status":"publish","type":"page","link":"https:\/\/elfsight.com\/de\/button-widget\/wordpress\/","title":{"rendered":"Button &#8211; WordPress"},"content":{"rendered":"\n<div class=\"application-platform-content-item-description application-platform-content-item\" id=\"description\" data-nav-section=\"description\"> <h2>Button in WordPress mit dem Elfsight-Widget einbetten<\/h2> <p>Der Button ist ein Plugin f\u00fcr WordPress, das Ihnen die M\u00f6glichkeit gibt, verschiedene zu erstellen Schaltfl\u00e4chen f\u00fcr mehrere Zwecke auf Ihrer Website. Es gibt viele Aktionen, die ausgef\u00fchrt werden k\u00f6nnen, sobald ein Benutzer auf die Schaltfl\u00e4che klickt. Sie k\u00f6nnen beispielsweise auf eine andere Website weitergeleitet werden, eine Nummer w\u00e4hlen, in einem bekannten Messenger chatten und vieles mehr. Unser Button ist \u00e4u\u00dferst anpassbar \u2013 es steht Ihnen frei, beliebigen Text und Inhalt \u00fcber und unter Ihrem Button hinzuzuf\u00fcgen sowie dessen Gr\u00f6\u00dfe und Stil zu \u00e4ndern. <\/p> <p><b>Verwenden Sie einen attraktiven Button, um den Umsatz auf Ihrer Website zu steigern, mehr Abonnenten in den sozialen Medien zu gewinnen und vieles mehr! <\/b><\/p> <\/div> <div class=\"application-platform-content-item-features application-platform-content-item\" id=\"features\" data-nav-section=\"features\"> <h2>Wir bieten praktische und schnelle Funktionen, sehen Sie sich einige davon an: <\/h2> <ul><li>Farben und Schriftarten \u00e4ndern<\/li><li>Zwei Arten von Schaltfl\u00e4chenlayouts \u2013 eingebettet und schwebend<\/li><li>Eine Option zum Hinzuf\u00fcgen von Inhalten rund um Ihre Schaltfl\u00e4che<\/li><li>Sie k\u00f6nnen zwei Zeilen belegen<\/li><li>Mehr mehr als 8 Variationen von Aktionen nach einem Klick<\/li><\/ul><p><a href=\"#demo\">Probieren Sie einfach diese Demo aus, um zu sehen, wie es funktioniert<\/a><\/p> <\/div> <div class=\"application-platform-content-item-installation application-platform-content-item\" id=\"installation\" data-nav-section=\"installation\"> <h2>Wie kann ich einen Button auf meiner WordPress-Website hinzuf\u00fcgen? <\/h2> <div class=\"video-container\">\n<iframe width=\"720\" height=\"405\" src=\"https:\/\/www.youtube.com\/embed\/mfMrNwhGVEM?si=fs1niSVe2jOTUV2O\" frameborder=\"0\" allowfullscreen=\"\"><\/iframe>\n<\/div><p>Befolgen Sie einfach die unten aufgef\u00fchrten Schritte, um das Plugin zu integrieren. <\/p> <ol><li><b>Starten Sie unsere kostenlose Demo und beginnen Sie mit der Entwicklung Ihres eigenen Plugins. <\/b><br> Finden Sie das bevorzugte Design und die Optionen des Tools und \u00fcbernehmen Sie die \u00c4nderungen. <\/li> <li><b>Kopieren Sie den einzelnen Code, der im Fenster von Elfsight Apps angezeigt wird. <\/b><br> Nachdem die Anpassung Ihres Widgets abgeschlossen ist, kopieren Sie den pers\u00f6nlichen Code im angezeigten Feld und bewahren Sie ihn zur weiteren Verwendung auf. <\/li> <li><b>Beginnen Sie mit der Verwendung des Plugins auf Ihrer WordPress-Site. <\/b><br> Geben Sie den zuvor kopierten Code in Ihre Website ein und \u00fcbernehmen Sie die Anpassungen. <\/li> <li><b>Fertig! Das Setup wurde erfolgreich durchgef\u00fchrt. <\/b><br> Gehen Sie zu Ihrer Seite, um die Leistung des Widgets anzuzeigen. <\/li><\/ol> <p>Falls Sie auf Komplikationen sto\u00dfen, scheuen Sie sich nicht, Hilfe von unserem Support-Team in Anspruch zu nehmen. Unsere Berater sind bestrebt, alle Probleme zu l\u00f6sen, die Sie m\u00f6glicherweise mit dem Plugin haben. <\/p> <div class=\"faq\" data-component=\"FAQ\"><div class=\"faq-item\">\r\n\t\t\t\t\t<div class=\"faq-item-question\">\r\n\t\t\t\t\t\t<h3 class=\"faq-item-question-text\">Wie f\u00fcge ich einen Button ohne Programmierkenntnisse zu meiner WordPress-Website hinzu?<\/h3>\r\n\r\n\t\t\t\t\t\t<div class=\"faq-item-question-icon\"><\/div>\r\n\t\t\t\t\t<\/div>\r\n\r\n\t\t\t\t\t<div class=\"faq-item-answer\">\r\n\t\t\t\t\t\t<div class=\"faq-item-answer-text\"> <p>Elfsight bietet eine SaaS-L\u00f6sung, mit der Sie selbst ein Button-Widget erstellen k\u00f6nnen. Sehen Sie, wie einfach der Vorgang ist: Arbeiten Sie direkt im Online-Editor, um ein Button-Widget zu erstellen, das Sie auf Ihrer WordPress-Website sehen m\u00f6chten. W\u00e4hlen Sie eine der vorgefertigten Vorlagen aus und passen Sie die Schaltfl\u00e4cheneinstellungen an, f\u00fcgen Sie Ihre Inhalte hinzu, \u00e4ndern Sie das Layout und die Farben ohne Programmierkenntnisse. Speichern Sie den Button und kopieren Sie seinen Installationscode, den Sie problemlos in Ihre WordPress-Website einf\u00fcgen k\u00f6nnen, ohne eine kostenpflichtige Version kaufen zu m\u00fcssen. Mit unserem intuitiven Editor kann jeder Internetnutzer online ein Button-Widget erstellen und es einfach in seine WordPress-Website einbetten. Sie m\u00fcssen weder bezahlen noch Ihre Kartendaten eingeben, um auf den Service zuzugreifen. Sollten bei irgendeinem Schritt Probleme auftreten, wenden Sie sich bitte an unser technisches Support-Team.<\/p> <\/div>\r\n\t\t\t\t\t<\/div>\r\n\t\t\t\t<\/div> <\/div><\/div>\n","protected":false},"excerpt":{"rendered":"","protected":false},"author":9,"featured_media":0,"parent":4165,"menu_order":0,"comment_status":"closed","ping_status":"closed","template":"templates\/template-application-platform.php","meta":{"publish_to_discourse":"","publish_post_category":"","wpdc_auto_publish_overridden":"","wpdc_topic_tags":"","wpdc_pin_topic":"","wpdc_pin_until":"","discourse_post_id":"","discourse_permalink":"","wpdc_publishing_response":"","wpdc_publishing_error":"","footnotes":""},"class_list":["post-16888","page","type-page","status-publish","hentry"],"yoast_head":"<!-- This site is optimized with the Yoast SEO plugin v25.3.1 - https:\/\/yoast.com\/wordpress\/plugins\/seo\/ -->\n<title>Button-Plugin-Widget \u2013 Button-Plugin zu WordPress hinzuf\u00fcgen ( 2025 )<\/title>\n<meta name=\"description\" content=\"Testen Sie das Elfsight Button-Plugin f\u00fcr WordPress. Gewinnen Sie neue Abonnenten, steigern Sie den Umsatz und machen Sie Ihr Unternehmen mit Elfsight-Tools erfolgreich!\" \/>\n<meta name=\"robots\" content=\"index, follow, max-snippet:-1, max-image-preview:large, max-video-preview:-1\" \/>\n<link rel=\"canonical\" href=\"https:\/\/elfsight.com\/de\/button-widget\/wordpress\/\" \/>\n<meta property=\"og:locale\" content=\"de_DE\" \/>\n<meta property=\"og:type\" content=\"article\" \/>\n<meta property=\"og:title\" content=\"Button-Plugin-Widget \u2013 Button-Plugin zu WordPress hinzuf\u00fcgen ( 2025 )\" \/>\n<meta property=\"og:description\" content=\"Testen Sie das Elfsight Button-Plugin f\u00fcr WordPress. Gewinnen Sie neue Abonnenten, steigern Sie den Umsatz und machen Sie Ihr Unternehmen mit Elfsight-Tools erfolgreich!\" \/>\n<meta property=\"og:url\" content=\"https:\/\/elfsight.com\/de\/button-widget\/wordpress\/\" \/>\n<meta property=\"og:site_name\" content=\"Elfsight DE\" \/>\n<meta property=\"article:modified_time\" content=\"2026-01-13T13:15:08+00:00\" \/>\n<meta name=\"twitter:card\" content=\"summary_large_image\" \/>\n<meta name=\"twitter:label1\" content=\"Gesch\u00e4tzte Lesezeit\" \/>\n\t<meta name=\"twitter:data1\" content=\"3\u00a0Minuten\" \/>\n<!-- \/ Yoast SEO plugin. -->","yoast_head_json":{"title":"Button-Plugin-Widget \u2013 Button-Plugin zu WordPress hinzuf\u00fcgen ( 2025 )","description":"Testen Sie das Elfsight Button-Plugin f\u00fcr WordPress. Gewinnen Sie neue Abonnenten, steigern Sie den Umsatz und machen Sie Ihr Unternehmen mit Elfsight-Tools erfolgreich!","robots":{"index":"index","follow":"follow","max-snippet":"max-snippet:-1","max-image-preview":"max-image-preview:large","max-video-preview":"max-video-preview:-1"},"canonical":"https:\/\/elfsight.com\/de\/button-widget\/wordpress\/","og_locale":"de_DE","og_type":"article","og_title":"Button-Plugin-Widget \u2013 Button-Plugin zu WordPress hinzuf\u00fcgen ( 2025 )","og_description":"Testen Sie das Elfsight Button-Plugin f\u00fcr WordPress. Gewinnen Sie neue Abonnenten, steigern Sie den Umsatz und machen Sie Ihr Unternehmen mit Elfsight-Tools erfolgreich!","og_url":"https:\/\/elfsight.com\/de\/button-widget\/wordpress\/","og_site_name":"Elfsight DE","article_modified_time":"2026-01-13T13:15:08+00:00","twitter_card":"summary_large_image","twitter_misc":{"Gesch\u00e4tzte Lesezeit":"3\u00a0Minuten"},"schema":{"@context":"https:\/\/schema.org","@graph":[{"@type":"WebPage","@id":"https:\/\/elfsight.com\/de\/button-widget\/wordpress\/","url":"https:\/\/elfsight.com\/de\/button-widget\/wordpress\/","name":"Button-Plugin-Widget \u2013 Button-Plugin zu WordPress hinzuf\u00fcgen ( 2025 )","isPartOf":{"@id":"https:\/\/elfsight.com\/de\/#website"},"datePublished":"2024-05-03T06:31:28+00:00","dateModified":"2026-01-13T13:15:08+00:00","description":"Testen Sie das Elfsight Button-Plugin f\u00fcr WordPress. Gewinnen Sie neue Abonnenten, steigern Sie den Umsatz und machen Sie Ihr Unternehmen mit Elfsight-Tools erfolgreich!","breadcrumb":{"@id":"https:\/\/elfsight.com\/de\/button-widget\/wordpress\/#breadcrumb"},"inLanguage":"de","potentialAction":[{"@type":"ReadAction","target":["https:\/\/elfsight.com\/de\/button-widget\/wordpress\/"]}]},{"@type":"BreadcrumbList","@id":"https:\/\/elfsight.com\/de\/button-widget\/wordpress\/#breadcrumb","itemListElement":[{"@type":"ListItem","position":1,"name":"Home","item":"https:\/\/elfsight.com\/de\/"},{"@type":"ListItem","position":2,"name":"Button","item":"https:\/\/elfsight.com\/de\/button-widget\/"},{"@type":"ListItem","position":3,"name":"Button &#8211; WordPress"}]},{"@type":"WebSite","@id":"https:\/\/elfsight.com\/de\/#website","url":"https:\/\/elfsight.com\/de\/","name":"Elfsight DE","description":"Just another Elfsight Sites site","potentialAction":[{"@type":"SearchAction","target":{"@type":"EntryPoint","urlTemplate":"https:\/\/elfsight.com\/de\/?s={search_term_string}"},"query-input":{"@type":"PropertyValueSpecification","valueRequired":true,"valueName":"search_term_string"}}],"inLanguage":"de"}]}},"meta_box":{"industry":"","seo_heading":"","heading":"","description":"","cta_heading":"","cta_description":"","application":"4164","h1":"WordPress-Button-Plugin","h1_caption":"Navigieren Sie Ihr Publikum direkt zur Zielaktion","application_category":[],"applications_title":"","applications_request_title":"","applications_request_button_text":"","hero_text":"","hero_video":"","hero_video_schema_markup":"","selling_points_title":"","selling_points_caption":"","selling_points":[],"selling_points_cta_text":"","features_title":"","features":"","ed_cta_examples_text":"","ed_cta_examples_hidden":"","ed_cta_demo_text":"","ed_cta_demo_hidden":"","why_caption":"","why_editor_title":"","why_editor_text":"","why_team_title":"","why_team_text":"","why_service_title":"","why_service_text":"","template_catalog_visible":"0","template_catalog_title":"","template_catalog_text":"","template_catalog_categories_visible":"","demo_title":"Erstellen Sie Ihr Button-Plugin","demo_caption":"Konfigurieren Sie Ihren Button und f\u00fcgen Sie ihn kostenlos zu Ihrer WordPress-Website hinzu!","default_faq_hidden":"","app_template_category":[],"platform":"266","template_public_id":"","codecanyon_url":"","codecanyon_item_id":"","codecanyon_price":"","pricing_caption":"","pricing_elfsight_apps_hide_column":"","pricing_elfsight_apps_url":"","pricing_codecanyon_price_caption":"","integration_category":[],"integration_request_title":"","integration_request_cta":"","integration_platform":"","integrations":[],"platform_category":[],"video_schema_markup":"","price":"ab 0 $ \/ Monat","trial":"","benefits":[{"text":"Kostenloser Installationsservice"},{"text":"Professioneller Kundenservice"},{"text":"14-t\u00e4gige R\u00fcckerstattungsgarantie"},{"text":"Lebenslange kostenlose Updates"}],"button_url":"#demo","button_target_blank":"0","button_nofollow":"0","attributes":[{"name":"Installiert","content":"10,000 - 100,000"},{"name":"Reaktionsfreudig","content":"Ja"},{"name":"Kompatible Browser","content":"Firefox, Safari, Opera, Chrome, Edge"}],"tags":[],"tags_disable_links":"0","hide_more_platforms":"0","video_object":"","demo_hide_cta":"0","demo_hide_cloud_options":"0","pricing_title":"","pricing":[{"pricing_icon":"platform","pricing_title":"Elfsight Apps","pricing_title_caption":"Plattform\u00fcbergreifende digitale L\u00f6sung","pricing_price":"ab 0 $ \/ Monat","pricing_price_caption":"Beginnen Sie mit einem kostenlosen Plan","pricing_benefits":[{"text":"Unbegrenzte Domains"},{"text":"Unternehmensunterst\u00fctzung rund um die Uhr"},{"text":"Kostenloser Installationsservice"},{"text":"Flexibles Design"}],"pricing_button_text":"Zur Website hinzuf\u00fcgen","pricing_button_url":"#demo"}],"related_apps_title":"","related_apps_hidden":"0","author":"","image":[],"title":"","job":"","social_networks":[]},"_links":{"self":[{"href":"https:\/\/elfsight.com\/de\/wp-json\/wp\/v2\/pages\/16888","targetHints":{"allow":["GET"]}}],"collection":[{"href":"https:\/\/elfsight.com\/de\/wp-json\/wp\/v2\/pages"}],"about":[{"href":"https:\/\/elfsight.com\/de\/wp-json\/wp\/v2\/types\/page"}],"author":[{"embeddable":true,"href":"https:\/\/elfsight.com\/de\/wp-json\/wp\/v2\/users\/9"}],"replies":[{"embeddable":true,"href":"https:\/\/elfsight.com\/de\/wp-json\/wp\/v2\/comments?post=16888"}],"version-history":[{"count":3,"href":"https:\/\/elfsight.com\/de\/wp-json\/wp\/v2\/pages\/16888\/revisions"}],"predecessor-version":[{"id":25591,"href":"https:\/\/elfsight.com\/de\/wp-json\/wp\/v2\/pages\/16888\/revisions\/25591"}],"up":[{"embeddable":true,"href":"https:\/\/elfsight.com\/de\/wp-json\/wp\/v2\/pages\/4165"}],"wp:attachment":[{"href":"https:\/\/elfsight.com\/de\/wp-json\/wp\/v2\/media?parent=16888"}],"curies":[{"name":"wp","href":"https:\/\/api.w.org\/{rel}","templated":true}]}}