{"id":16887,"date":"2024-05-03T06:30:56","date_gmt":"2024-05-03T06:30:56","guid":{"rendered":"https:\/\/elfsight.com\/de\/?page_id=16887"},"modified":"2025-02-17T13:39:14","modified_gmt":"2025-02-17T13:39:14","slug":"wordpress","status":"publish","type":"page","link":"https:\/\/elfsight.com\/de\/booking-reviews-widget\/wordpress\/","title":{"rendered":"Booking Reviews &#8211; WordPress"},"content":{"rendered":"\n<div class=\"application-platform-content-item-description application-platform-content-item\" id=\"description\" data-nav-section=\"description\"> <h2>Einbetten von Buchungsbewertungen auf WordPress mit dem Elfsight-Widget<\/h2> <p>Wenn Sie Ihre hohe Kundenbewertung offenlegen und eine Website \u00fcberzeugen m\u00f6chten Wenn Sie Ihren Besuchern sagen, dass Ihr Ort beliebt ist, ist Elfsight Booking Reviews genau das Richtige f\u00fcr Sie. Mit Hilfe unseres Widgets zeigen Sie schnell Kundenbewertungen von Booking auf Ihrer Website mit Details zu ihren Autoren an, verwenden Filter, um nur gute Bewertungen anzuzeigen, f\u00fcgen Bewertungen hinzu und eine Weiterleitungsschaltfl\u00e4che, die die Leute auf Ihre Buchungsseite leitet, wo sie k\u00f6nnen poste noch eine Rezension. <\/p> <div class=\"faq\" data-component=\"FAQ\"><div class=\"faq-item\">\r\n\t\t\t\t\t<div class=\"faq-item-question\">\r\n\t\t\t\t\t\t<h3 class=\"faq-item-question-text\">Wo auf meiner Website kann ich dieses Plugin integrieren<\/h3>\r\n\r\n\t\t\t\t\t\t<div class=\"faq-item-question-icon\"><\/div>\r\n\t\t\t\t\t<\/div>\r\n\r\n\t\t\t\t\t<div class=\"faq-item-answer\">\r\n\t\t\t\t\t\t<div class=\"faq-item-answer-text\"> <p>Sie k\u00f6nnen das Bewertungs-Widget auf jeder Seite Ihrer Website anzeigen oder in diesem Fall in die Website-Vorlage einf\u00fcgen es wird auf allen Seiten angezeigt. Bewertungen leisten auf Produktseiten oder auf der Seite \u201e\u00dcber uns\u201c gute Dienste \u2013 also an den Stellen, an denen Sie Ihre hohe Wertsch\u00e4tzung unter Beweis stellen m\u00f6chten. <\/p> <\/div>\r\n\t\t\t\t\t<\/div>\r\n\t\t\t\t<\/div><div class=\"faq-item\">\r\n\t\t\t\t\t<div class=\"faq-item-question\">\r\n\t\t\t\t\t\t<h3 class=\"faq-item-question-text\">Welche Vorteile bringt es mir?<\/h3>\r\n\r\n\t\t\t\t\t\t<div class=\"faq-item-question-icon\"><\/div>\r\n\t\t\t\t\t<\/div>\r\n\r\n\t\t\t\t\t<div class=\"faq-item-answer\">\r\n\t\t\t\t\t\t<div class=\"faq-item-answer-text\"> <p>Bewertungen von echten Menschen sind f\u00fcr Ihre Website-Kunden \u00e4u\u00dferst vertrauensw\u00fcrdig und zeigen ihnen, dass Ihr Unternehmen zuverl\u00e4ssig ist. Eine hohe Bewertung und hervorragende Eindr\u00fccke k\u00f6nnen dazu beitragen, die K\u00e4ufe auf Ihrer Website zu steigern. Dar\u00fcber hinaus tr\u00e4gt die Weiterleitungsschaltfl\u00e4che zu mehr Kundenbewertungen zu Ihrem Unternehmen bei Booking bei.<\/p> <\/div>\r\n\t\t\t\t\t<\/div>\r\n\t\t\t\t<\/div> <div class=\"faq-item\">\r\n\t\t\t\t\t<div class=\"faq-item-question\">\r\n\t\t\t\t\t\t<h3 class=\"faq-item-question-text\">Wie installiere ich Booking Reviews auf meiner WordPress-Site?<\/h3>\r\n\r\n\t\t\t\t\t\t<div class=\"faq-item-question-icon\"><\/div>\r\n\t\t\t\t\t<\/div>\r\n\r\n\t\t\t\t\t<div class=\"faq-item-answer\">\r\n\t\t\t\t\t\t<div class=\"faq-item-answer-text\"> <p>Das wird nur der Fall sein Nehmen Sie sich drei Minuten Zeit, um das Widget einzubetten. Die Integration ist extrem schnell, kostenlos und erfordert keine Programmierung.<\/p> <ol><li>\u00dcber unseren Service besteht die M\u00f6glichkeit, Buchungsbewertungen in Ihre Website zu integrieren. Schauen Sie sich einfach die Kurzbeschreibung unten auf dieser Seite an.<\/li> <li>Das Widget kann \u00fcber unseren Service oder \u00fcber den Marktplatz eingebunden werden. Sie k\u00f6nnen die Details der beiden Varianten vergleichen und Ihre eigene ausw\u00e4hlen.<\/li> <\/ol> <\/div>\r\n\t\t\t\t\t<\/div>\r\n\t\t\t\t<\/div> <\/div> <\/div> <div class=\"application-platform-content-item-features application-platform-content-item\" id=\"features\" data-nav-section=\"features\"> <h2>Hauptfunktionen des Buchungsbewertungs-Widgets <\/h2> <p>Sehen Sie sich die Liste seiner wesentlichen Funktionen an. Sie machen unser Widget f\u00fcr Ihre Website effektiv: <\/p> <ul> <li>3 gebrauchsfertige Filter: nach Typ, Ausschlie\u00dfen nach und Anzahl der anzuzeigenden Bewertungen; <\/li> <li>Die aktive Schaltfl\u00e4che zum Hinzuf\u00fcgen einer Bewertung f\u00fchrt zur Buchungsseite. <\/li> <li>Zwei m\u00f6gliche Szenarien f\u00fcr die Ablehnung einer \u00dcberpr\u00fcfungsanfrage: Offenlegen Ihrer Nachricht oder Entfernen der Schaltfl\u00e4che. <\/li> <\/ul><p><a href=\"#demo\">Lernen Sie weitere Funktionen in unserer Demo kennen<\/a><\/p> <\/div> <div class=\"application-platform-content-item-installation application-platform-content-item\" id=\"installation\" data-nav-section=\"installation\"> <h2>Erfahren Sie, wie Sie die Buchungsbewertungen zu Ihrer WordPress-Website hinzuf\u00fcgen<\/h2><div class=\"video-container\"><iframe width=\"560\" height=\"315\" src=\"https:\/\/www.youtube.com\/embed\/RBKmBLeP-ks?si=CG5XByiAWLT_zjxi\" frameborder=\"0\" allow=\"accelerometer; autoplay; clipboard-write; encrypted-media; gyroscope; picture-in-picture; web-share\" allowfullscreen><\/iframe><\/div><p>Diese mehreren Schritte sind das Einzige, was Sie zur Einrichtung ben\u00f6tigen. <\/p> <ol><li><b>Nutzen Sie unsere kostenlose Demo und beginnen Sie mit der Erstellung Ihres individuellen Plugins. <\/b><br> W\u00e4hlen Sie das benutzerdefinierte Aussehen und die Funktionen des Plugins und speichern Sie alle \u00c4nderungen. <\/li> <li><b>Erhalten Sie Ihren individuellen Code, der in der Box auf Elfsight Apps angezeigt wird. <\/b><br> Kopieren Sie direkt nach Abschluss der Generierung Ihres Plugins den exklusiven Code im angezeigten Feld und bewahren Sie ihn f\u00fcr die zuk\u00fcnftige Verwendung auf. <\/li> <li><b>Beginnen Sie mit der Verwendung des Plugins auf Ihrer WordPress-Site. <\/b><br> Platzieren Sie den zuvor kopierten Code auf Ihrer Webseite und speichern Sie die \u00c4nderungen. <\/li> <li><b>Du bist fertig! Die Einbettung wurde erfolgreich durchgef\u00fchrt. <\/b><br> Besuchen Sie Ihre Webseite, um die Arbeit des Plugins zu beobachten. <\/li><\/ol><p>Haben Sie noch etwas, das Sie unsicher macht? Oder Probleme haben? Senden Sie einfach eine Anfrage an unseren Kundensupport, um jedes Problem zu l\u00f6sen. <\/p> <\/div>\n","protected":false},"excerpt":{"rendered":"","protected":false},"author":9,"featured_media":0,"parent":1543,"menu_order":0,"comment_status":"closed","ping_status":"closed","template":"templates\/template-application-platform.php","meta":{"publish_to_discourse":"","publish_post_category":"","wpdc_auto_publish_overridden":"","wpdc_topic_tags":"","wpdc_pin_topic":"","wpdc_pin_until":"","discourse_post_id":"","discourse_permalink":"","wpdc_publishing_response":"","wpdc_publishing_error":"","footnotes":""},"class_list":["post-16887","page","type-page","status-publish","hentry"],"yoast_head":"<!-- This site is optimized with the Yoast SEO plugin v25.3.1 - https:\/\/yoast.com\/wordpress\/plugins\/seo\/ -->\n<title>Einbetten von Buchungsbewertungen auf der WordPress-Website (in 2 Minuten)<\/title>\n<meta name=\"description\" content=\"Erstellen Sie Ihr Booking Reviews-Plugin und f\u00fcgen Sie es schnell und einfach zu Ihrer WordPress-Website hinzu. Wir bieten kostenlosen Kundenservice und andere Boni.\" \/>\n<meta name=\"robots\" content=\"index, follow, max-snippet:-1, max-image-preview:large, max-video-preview:-1\" \/>\n<link rel=\"canonical\" href=\"https:\/\/elfsight.com\/de\/booking-reviews-widget\/wordpress\/\" \/>\n<meta property=\"og:locale\" content=\"de_DE\" \/>\n<meta property=\"og:type\" content=\"article\" \/>\n<meta property=\"og:title\" content=\"Einbetten von Buchungsbewertungen auf der WordPress-Website (in 2 Minuten)\" \/>\n<meta property=\"og:description\" content=\"Erstellen Sie Ihr Booking Reviews-Plugin und f\u00fcgen Sie es schnell und einfach zu Ihrer WordPress-Website hinzu. Wir bieten kostenlosen Kundenservice und andere Boni.\" \/>\n<meta property=\"og:url\" content=\"https:\/\/elfsight.com\/de\/booking-reviews-widget\/wordpress\/\" \/>\n<meta property=\"og:site_name\" content=\"Elfsight DE\" \/>\n<meta property=\"article:modified_time\" content=\"2025-02-17T13:39:14+00:00\" \/>\n<meta name=\"twitter:card\" content=\"summary_large_image\" \/>\n<meta name=\"twitter:label1\" content=\"Gesch\u00e4tzte Lesezeit\" \/>\n\t<meta name=\"twitter:data1\" content=\"3\u00a0Minuten\" \/>\n<!-- \/ Yoast SEO plugin. -->","yoast_head_json":{"title":"Einbetten von Buchungsbewertungen auf der WordPress-Website (in 2 Minuten)","description":"Erstellen Sie Ihr Booking Reviews-Plugin und f\u00fcgen Sie es schnell und einfach zu Ihrer WordPress-Website hinzu. Wir bieten kostenlosen Kundenservice und andere Boni.","robots":{"index":"index","follow":"follow","max-snippet":"max-snippet:-1","max-image-preview":"max-image-preview:large","max-video-preview":"max-video-preview:-1"},"canonical":"https:\/\/elfsight.com\/de\/booking-reviews-widget\/wordpress\/","og_locale":"de_DE","og_type":"article","og_title":"Einbetten von Buchungsbewertungen auf der WordPress-Website (in 2 Minuten)","og_description":"Erstellen Sie Ihr Booking Reviews-Plugin und f\u00fcgen Sie es schnell und einfach zu Ihrer WordPress-Website hinzu. Wir bieten kostenlosen Kundenservice und andere Boni.","og_url":"https:\/\/elfsight.com\/de\/booking-reviews-widget\/wordpress\/","og_site_name":"Elfsight DE","article_modified_time":"2025-02-17T13:39:14+00:00","twitter_card":"summary_large_image","twitter_misc":{"Gesch\u00e4tzte Lesezeit":"3\u00a0Minuten"},"schema":{"@context":"https:\/\/schema.org","@graph":[{"@type":"WebPage","@id":"https:\/\/elfsight.com\/de\/booking-reviews-widget\/wordpress\/","url":"https:\/\/elfsight.com\/de\/booking-reviews-widget\/wordpress\/","name":"Einbetten von Buchungsbewertungen auf der WordPress-Website (in 2 Minuten)","isPartOf":{"@id":"https:\/\/elfsight.com\/de\/#website"},"datePublished":"2024-05-03T06:30:56+00:00","dateModified":"2025-02-17T13:39:14+00:00","description":"Erstellen Sie Ihr Booking Reviews-Plugin und f\u00fcgen Sie es schnell und einfach zu Ihrer WordPress-Website hinzu. Wir bieten kostenlosen Kundenservice und andere Boni.","breadcrumb":{"@id":"https:\/\/elfsight.com\/de\/booking-reviews-widget\/wordpress\/#breadcrumb"},"inLanguage":"de","potentialAction":[{"@type":"ReadAction","target":["https:\/\/elfsight.com\/de\/booking-reviews-widget\/wordpress\/"]}]},{"@type":"BreadcrumbList","@id":"https:\/\/elfsight.com\/de\/booking-reviews-widget\/wordpress\/#breadcrumb","itemListElement":[{"@type":"ListItem","position":1,"name":"Home","item":"https:\/\/elfsight.com\/de\/"},{"@type":"ListItem","position":2,"name":"Booking Reviews","item":"https:\/\/elfsight.com\/de\/booking-reviews-widget\/"},{"@type":"ListItem","position":3,"name":"Booking Reviews &#8211; WordPress"}]},{"@type":"WebSite","@id":"https:\/\/elfsight.com\/de\/#website","url":"https:\/\/elfsight.com\/de\/","name":"Elfsight DE","description":"Just another Elfsight Sites site","potentialAction":[{"@type":"SearchAction","target":{"@type":"EntryPoint","urlTemplate":"https:\/\/elfsight.com\/de\/?s={search_term_string}"},"query-input":{"@type":"PropertyValueSpecification","valueRequired":true,"valueName":"search_term_string"}}],"inLanguage":"de"}]}},"meta_box":{"industry":"","seo_heading":"","heading":"","description":"","cta_heading":"","cta_description":"","application":"489","h1":"WordPress Booking.com-Bewertungen","h1_caption":"Zeigen Sie Bewertungen von booking.com an, um mehr G\u00e4ste anzulocken, indem Sie m\u00fchelos positive Erfahrungen fr\u00fcherer Besucher auf Ihrer WordPress-Website anzeigen.","application_category":[],"applications_title":"","applications_request_title":"","applications_request_button_text":"","hero_text":"","hero_video":"","hero_video_schema_markup":"","selling_points_title":"","selling_points_caption":"","selling_points":[],"selling_points_cta_text":"","features_title":"","features":"","ed_cta_examples_text":"","ed_cta_examples_hidden":"","ed_cta_demo_text":"","ed_cta_demo_hidden":"","why_caption":"","why_editor_title":"","why_editor_text":"","why_team_title":"","why_team_text":"","why_service_title":"","why_service_text":"","template_catalog_visible":"0","template_catalog_title":"","template_catalog_text":"","template_catalog_categories_visible":"","demo_title":"Erstellen Sie Ihr Plugin f\u00fcr Buchungsbewertungen","demo_caption":"Konfigurieren Sie Ihre Buchungsbewertungen und f\u00fcgen Sie sie kostenlos zu Ihrer WordPress-Website hinzu!","default_faq_hidden":"","app_template_category":[],"platform":"266","template_public_id":"","codecanyon_url":"","codecanyon_item_id":"","codecanyon_price":"","pricing_caption":"","pricing_elfsight_apps_hide_column":"","pricing_elfsight_apps_url":"","pricing_codecanyon_price_caption":"","integration_category":[],"integration_request_title":"","integration_request_cta":"","integration_platform":"","integrations":[],"platform_category":[],"video_schema_markup":"","price":"ab 0 $ \/ Monat","trial":"","benefits":[{"text":"Kostenloser Installationsservice"},{"text":"Erfahrener Kundensupport"},{"text":"14-t\u00e4gige Geld-zur\u00fcck-Garantie"},{"text":"Zuk\u00fcnftige Verbesserungen"}],"button_url":"#demo","button_target_blank":"0","button_nofollow":"0","attributes":[{"name":"Installiert","content":"10,000 - 100,000"},{"name":"Reaktionsfreudig","content":"Ja"},{"name":"Kompatible Browser","content":"Firefox, Safari, Opera, Chrome, Edge"}],"tags":[],"tags_disable_links":"0","hide_more_platforms":"0","video_object":"","demo_hide_cta":"0","demo_hide_cloud_options":"0","pricing_title":"","pricing":[{"pricing_icon":"platform","pricing_title":"Elfsight Apps","pricing_title_caption":"Plattform\u00fcbergreifende Software","pricing_price":"ab 0 $ \/ Monat","pricing_price_caption":"Beginnen Sie mit einem kostenlosen Plan","pricing_benefits":[{"text":"Unbegrenzte Websites"},{"text":"Engagierter Kundensupport"},{"text":"Kostenlose Installationshilfe"},{"text":"Sonderangebot f\u00fcr mehrere Apps"}],"pricing_button_text":"Zur Website hinzuf\u00fcgen","pricing_button_url":"#demo"}],"related_apps_title":"","related_apps_hidden":"0","author":"","image":[],"title":"","job":"","social_networks":[]},"_links":{"self":[{"href":"https:\/\/elfsight.com\/de\/wp-json\/wp\/v2\/pages\/16887","targetHints":{"allow":["GET"]}}],"collection":[{"href":"https:\/\/elfsight.com\/de\/wp-json\/wp\/v2\/pages"}],"about":[{"href":"https:\/\/elfsight.com\/de\/wp-json\/wp\/v2\/types\/page"}],"author":[{"embeddable":true,"href":"https:\/\/elfsight.com\/de\/wp-json\/wp\/v2\/users\/9"}],"replies":[{"embeddable":true,"href":"https:\/\/elfsight.com\/de\/wp-json\/wp\/v2\/comments?post=16887"}],"version-history":[{"count":3,"href":"https:\/\/elfsight.com\/de\/wp-json\/wp\/v2\/pages\/16887\/revisions"}],"predecessor-version":[{"id":24277,"href":"https:\/\/elfsight.com\/de\/wp-json\/wp\/v2\/pages\/16887\/revisions\/24277"}],"up":[{"embeddable":true,"href":"https:\/\/elfsight.com\/de\/wp-json\/wp\/v2\/pages\/1543"}],"wp:attachment":[{"href":"https:\/\/elfsight.com\/de\/wp-json\/wp\/v2\/media?parent=16887"}],"curies":[{"name":"wp","href":"https:\/\/api.w.org\/{rel}","templated":true}]}}