{"id":16881,"date":"2024-05-03T06:30:29","date_gmt":"2024-05-03T06:30:29","guid":{"rendered":"https:\/\/elfsight.com\/de\/?page_id=16881"},"modified":"2025-02-20T13:54:21","modified_gmt":"2025-02-20T13:54:21","slug":"bigcommerce","status":"publish","type":"page","link":"https:\/\/elfsight.com\/de\/before-and-after-slider-widget\/bigcommerce\/","title":{"rendered":"Before and After Slider &#8211; BigCommerce"},"content":{"rendered":"\n<div class=\"application-platform-content-item-description application-platform-content-item\" id=\"description\" data-nav-section=\"description\"> <h2>Beschreibung<\/h2> <p> Mit dem Vorher-Nachher-Slider von Elfsight k\u00f6nnen Sie erstaunliche Werbefotos f\u00fcr Ihre Website anzeigen. Benutzer haben die M\u00f6glichkeit, alle \u00c4nderungen, die Ihre Waren oder Dienstleistungen vornehmen, sofort zu sehen. Laden Sie einfach Vorher-Nachher-Bilder in den Vorher-Nachher-Slider f\u00fcr BigCommerce hoch und sie werden mit einer beweglichen Trennwand angezeigt, um einen Vergleich zu erm\u00f6glichen. Sie k\u00f6nnen eine unbegrenzte Anzahl von Folien ver\u00f6ffentlichen und Bildunterschriften und Beschriftungen schreiben. Die Teilerausrichtung bietet zwei Optionen: horizontal oder vertikal, und Sie k\u00f6nnen das am besten passende Bildverh\u00e4ltnis ausw\u00e4hlen. Ihre Benutzer werden gar nicht anders k\u00f6nnen, als einen Kauf zu t\u00e4tigen, sobald sie das tats\u00e4chliche Ergebnis sehen| Ihrer Angebote! <\/p> <p><b>Vor &amp; hinzuf\u00fcgen After-Slider, um Ihre gesch\u00e4ftlichen Herausforderungen schneller zu meistern! <\/b><\/p> <\/div> <div class=\"application-platform-content-item-features application-platform-content-item\" id=\"features\" data-nav-section=\"features\"> <h2>Das Widget enth\u00e4lt praktische und schnelle Funktionen, sehen Sie sich einige davon an: <\/h2> <ul><li>Unbegrenzt anzeigen Vor und Nach Bilds\u00e4tzen<\/li> <li>Schreiben Sie Beschriftungen mit Textformatierungseinstellungen zu jedem Bild<\/li><li>Zwei integrierte Layouts: Liste und Karussell<\/li><li>Horizontale oder vertikale Richtung der Trennlinie<\/li><li>Klicken und Ziehen oder einfach den Mauszeiger bewegen, um die Trennlinie zu verschieben<\/li><li>Auf Touch-Ger\u00e4ten wischen<\/li><\/ul><p><a href=\"#demo\">Untersuchen Sie alle Einstellungen in 100 Funktionsdemo<\/a><\/p> <\/div> <div class=\"application-platform-content-item-installation application-platform-content-item\" id=\"installation\" data-nav-section=\"installation\"> <h2>Wie f\u00fcge ich Vorher- und Nachher-Slider zu meinem BigCommerce hinzu? <\/h2> <div class=\"video-container\"><iframe width=\"560\" height=\"315\" src=\"https:\/\/www.youtube.com\/embed\/6DeXKixgjmQ?si=QlxhulpxT-SX2Y7W\" frameborder=\"0\" allow=\"accelerometer; autoplay; clipboard-write; encrypted-media; gyroscope; picture-in-picture; web-share\" allowfullscreen><\/iframe><\/div><p>Befolgen Sie einfach die nachstehenden Anweisungen, um die App bei BigCommerce zu aktivieren.<\/p> <ol><li><b>\u00d6ffnen Sie unsere kostenlose Demo und beginnen Sie mit der Erstellung Ihrer benutzerdefinierten App. <\/b><br> Bestimmen Sie das passende Aussehen und die Optionen des Widgets und speichern Sie die Korrekturen. <\/li> <li><b>Sie erhalten den eindeutigen Code, der im speziellen Formular auf Elfsight Apps angezeigt wird. <\/b><br> Wenn die Einrichtung Ihrer Vorher-Nachher-Slider-App abgeschlossen ist, kopieren Sie den exklusiven Code aus dem angezeigten Fenster und speichern Sie ihn f\u00fcr die zuk\u00fcnftige Verwendung. <\/li> <li><b>Beginnen Sie mit der Nutzung des Tools auf der BigCommerce-Website. <\/b><br> Platzieren Sie den Code, den Sie zuvor kopiert haben, auf Ihrer Website und \u00fcbernehmen Sie die Anpassungen. <\/li> <li><b>Fertig! Die Integration ist vollst\u00e4ndig abgeschlossen. <\/b><br> Gehen Sie zu Ihrer Seite, um die Arbeit des Tools anzuzeigen. <\/li><\/ol><p>Bei Fragen oder Schwierigkeiten wenden Sie sich bitte an unseren Kundendienst. Unsere Berater helfen Ihnen gerne bei allen Fragen rund um das Produkt weiter. <\/p> <div class=\"faq\" data-component=\"FAQ\"><div class=\"faq-item\">\r\n\t\t\t\t\t<div class=\"faq-item-question\">\r\n\t\t\t\t\t\t<h3 class=\"faq-item-question-text\">Wie f\u00fcge ich ohne Programmierkenntnisse einen Vorher- und Nachher-Schieberegler zu meiner BigCommerce-Website hinzu?<\/h3>\r\n\r\n\t\t\t\t\t\t<div class=\"faq-item-question-icon\"><\/div>\r\n\t\t\t\t\t<\/div>\r\n\r\n\t\t\t\t\t<div class=\"faq-item-answer\">\r\n\t\t\t\t\t\t<div class=\"faq-item-answer-text\"> <p>Elfsight bietet eine SaaS-L\u00f6sung, mit der Sie selbst ein Vorher- und Nachher-Schieberegler-Widget erstellen k\u00f6nnen. Sehen Sie, wie einfach der Vorgang ist: Arbeiten Sie direkt im Online-Editor, um ein Vorher-Nachher-Schieberegler-Widget zu erstellen, das Sie gerne auf Ihrer BigCommerce-Website sehen w\u00fcrden. W\u00e4hlen Sie eine der vorgefertigten Vorlagen aus und passen Sie die Einstellungen des Vorher- und Nachher-Schiebereglers an, f\u00fcgen Sie Ihre Inhalte hinzu, \u00e4ndern Sie das Layout und die Farben ohne Programmierkenntnisse. Speichern Sie den Vorher-Nachher-Schieberegler und kopieren Sie den Installationscode, den Sie problemlos in Ihre BigCommerce-Website integrieren k\u00f6nnen, ohne eine kostenpflichtige Version kaufen zu m\u00fcssen. Mit unserem intuitiven Editor kann jeder Internetnutzer online ein Vorher-Nachher-Slider-Widget erstellen und es einfach in seine BigCommerce-Website einbetten. Um auf den Service zuzugreifen, m\u00fcssen Sie weder bezahlen noch Ihre Kartendaten eingeben. Sollten bei irgendeinem Schritt Probleme auftreten, wenden Sie sich bitte an unser technisches Support-Team.<\/p> <\/div>\r\n\t\t\t\t\t<\/div>\r\n\t\t\t\t<\/div> <\/div><\/div>\n","protected":false},"excerpt":{"rendered":"","protected":false},"author":9,"featured_media":0,"parent":1269,"menu_order":0,"comment_status":"closed","ping_status":"closed","template":"templates\/template-application-platform.php","meta":{"publish_to_discourse":"","publish_post_category":"","wpdc_auto_publish_overridden":"","wpdc_topic_tags":"","wpdc_pin_topic":"","wpdc_pin_until":"","discourse_post_id":"","discourse_permalink":"","wpdc_publishing_response":"","wpdc_publishing_error":"","footnotes":""},"class_list":["post-16881","page","type-page","status-publish","hentry"],"yoast_head":"<!-- This site is optimized with the Yoast SEO plugin v25.3.1 - https:\/\/yoast.com\/wordpress\/plugins\/seo\/ -->\n<title>Responsiver Vorher-Nachher-Bild-Slider f\u00fcr die BigCommerce-Website<\/title>\n<meta name=\"description\" content=\"F\u00fcgen Sie ein flexibles Vorher-Nachher-Slider-Widget auf Ihrer BigCommerce-Website ein. Nutzen Sie eine funktionale Elfsight-Demo und entwerfen Sie Ihr Widget in nur zwei Minuten.\" \/>\n<meta name=\"robots\" content=\"index, follow, max-snippet:-1, max-image-preview:large, max-video-preview:-1\" \/>\n<link rel=\"canonical\" href=\"https:\/\/elfsight.com\/de\/before-and-after-slider-widget\/bigcommerce\/\" \/>\n<meta property=\"og:locale\" content=\"de_DE\" \/>\n<meta property=\"og:type\" content=\"article\" \/>\n<meta property=\"og:title\" content=\"Responsiver Vorher-Nachher-Bild-Slider f\u00fcr die BigCommerce-Website\" \/>\n<meta property=\"og:description\" content=\"F\u00fcgen Sie ein flexibles Vorher-Nachher-Slider-Widget auf Ihrer BigCommerce-Website ein. Nutzen Sie eine funktionale Elfsight-Demo und entwerfen Sie Ihr Widget in nur zwei Minuten.\" \/>\n<meta property=\"og:url\" content=\"https:\/\/elfsight.com\/de\/before-and-after-slider-widget\/bigcommerce\/\" \/>\n<meta property=\"og:site_name\" content=\"Elfsight DE\" \/>\n<meta property=\"article:modified_time\" content=\"2025-02-20T13:54:21+00:00\" \/>\n<meta name=\"twitter:card\" content=\"summary_large_image\" \/>\n<meta name=\"twitter:label1\" content=\"Gesch\u00e4tzte Lesezeit\" \/>\n\t<meta name=\"twitter:data1\" content=\"3\u00a0Minuten\" \/>\n<!-- \/ Yoast SEO plugin. -->","yoast_head_json":{"title":"Responsiver Vorher-Nachher-Bild-Slider f\u00fcr die BigCommerce-Website","description":"F\u00fcgen Sie ein flexibles Vorher-Nachher-Slider-Widget auf Ihrer BigCommerce-Website ein. Nutzen Sie eine funktionale Elfsight-Demo und entwerfen Sie Ihr Widget in nur zwei Minuten.","robots":{"index":"index","follow":"follow","max-snippet":"max-snippet:-1","max-image-preview":"max-image-preview:large","max-video-preview":"max-video-preview:-1"},"canonical":"https:\/\/elfsight.com\/de\/before-and-after-slider-widget\/bigcommerce\/","og_locale":"de_DE","og_type":"article","og_title":"Responsiver Vorher-Nachher-Bild-Slider f\u00fcr die BigCommerce-Website","og_description":"F\u00fcgen Sie ein flexibles Vorher-Nachher-Slider-Widget auf Ihrer BigCommerce-Website ein. Nutzen Sie eine funktionale Elfsight-Demo und entwerfen Sie Ihr Widget in nur zwei Minuten.","og_url":"https:\/\/elfsight.com\/de\/before-and-after-slider-widget\/bigcommerce\/","og_site_name":"Elfsight DE","article_modified_time":"2025-02-20T13:54:21+00:00","twitter_card":"summary_large_image","twitter_misc":{"Gesch\u00e4tzte Lesezeit":"3\u00a0Minuten"},"schema":{"@context":"https:\/\/schema.org","@graph":[{"@type":"WebPage","@id":"https:\/\/elfsight.com\/de\/before-and-after-slider-widget\/bigcommerce\/","url":"https:\/\/elfsight.com\/de\/before-and-after-slider-widget\/bigcommerce\/","name":"Responsiver Vorher-Nachher-Bild-Slider f\u00fcr die BigCommerce-Website","isPartOf":{"@id":"https:\/\/elfsight.com\/de\/#website"},"datePublished":"2024-05-03T06:30:29+00:00","dateModified":"2025-02-20T13:54:21+00:00","description":"F\u00fcgen Sie ein flexibles Vorher-Nachher-Slider-Widget auf Ihrer BigCommerce-Website ein. Nutzen Sie eine funktionale Elfsight-Demo und entwerfen Sie Ihr Widget in nur zwei Minuten.","breadcrumb":{"@id":"https:\/\/elfsight.com\/de\/before-and-after-slider-widget\/bigcommerce\/#breadcrumb"},"inLanguage":"de","potentialAction":[{"@type":"ReadAction","target":["https:\/\/elfsight.com\/de\/before-and-after-slider-widget\/bigcommerce\/"]}]},{"@type":"BreadcrumbList","@id":"https:\/\/elfsight.com\/de\/before-and-after-slider-widget\/bigcommerce\/#breadcrumb","itemListElement":[{"@type":"ListItem","position":1,"name":"Home","item":"https:\/\/elfsight.com\/de\/"},{"@type":"ListItem","position":2,"name":"Before and After Slider","item":"https:\/\/elfsight.com\/de\/before-and-after-slider-widget\/"},{"@type":"ListItem","position":3,"name":"Before and After Slider &#8211; BigCommerce"}]},{"@type":"WebSite","@id":"https:\/\/elfsight.com\/de\/#website","url":"https:\/\/elfsight.com\/de\/","name":"Elfsight DE","description":"Just another Elfsight Sites site","potentialAction":[{"@type":"SearchAction","target":{"@type":"EntryPoint","urlTemplate":"https:\/\/elfsight.com\/de\/?s={search_term_string}"},"query-input":{"@type":"PropertyValueSpecification","valueRequired":true,"valueName":"search_term_string"}}],"inLanguage":"de"}]}},"meta_box":{"industry":"","seo_heading":"","heading":"","description":"","cta_heading":"","cta_description":"","application":"504","h1":"Vorher-Nachher-Slider f\u00fcr BigCommerce","h1_caption":"Pr\u00e4sentieren Sie Vergleiche zwischen zwei Bildern, ideal, um Ver\u00e4nderungen hervorzuheben oder Produktvorteile m\u00fchelos auf Ihrer BigCommerce-Website zu pr\u00e4sentieren.","application_category":[],"applications_title":"","applications_request_title":"","applications_request_button_text":"","hero_text":"","hero_video":"","hero_video_schema_markup":"","selling_points_title":"","selling_points_caption":"","selling_points":[],"selling_points_cta_text":"","features_title":"","features":"","ed_cta_examples_text":"","ed_cta_examples_hidden":"","ed_cta_demo_text":"","ed_cta_demo_hidden":"","why_caption":"","why_editor_title":"","why_editor_text":"","why_team_title":"","why_team_text":"","why_service_title":"","why_service_text":"","template_catalog_visible":"0","template_catalog_title":"","template_catalog_text":"","template_catalog_categories_visible":"","demo_title":"Erstellen Sie Ihre Vorher-Nachher-Slider-App","demo_caption":"Konfigurieren Sie Ihren Vorher-Nachher-Slider und f\u00fcgen Sie ihn kostenlos zu Ihrer BigCommerce-Website hinzu!","default_faq_hidden":"","app_template_category":[],"platform":"268","template_public_id":"","codecanyon_url":"","codecanyon_item_id":"","codecanyon_price":"","pricing_caption":"","pricing_elfsight_apps_hide_column":"","pricing_elfsight_apps_url":"","pricing_codecanyon_price_caption":"","integration_category":[],"integration_request_title":"","integration_request_cta":"","integration_platform":"","integrations":[],"platform_category":[],"video_schema_markup":"","price":"ab 0 $ \/ Monat","trial":"","benefits":[{"text":"Kostenlose Installationshilfe"},{"text":"Professioneller Kundenservice"},{"text":"14-t\u00e4gige Geld-zur\u00fcck-Garantie"},{"text":"Professioneller Kundenservice"}],"button_url":"#demo","button_target_blank":"0","button_nofollow":"0","attributes":[{"name":"Installiert","content":"10,000 - 100,000"},{"name":"Reaktionsfreudig","content":"Ja"},{"name":"Kompatible Browser","content":"Firefox, Safari, Opera, Chrome, Edge"}],"tags":[],"tags_disable_links":"0","hide_more_platforms":"0","video_object":"","demo_hide_cta":"0","demo_hide_cloud_options":"0","pricing_title":"","pricing":[{"pricing_icon":"platform","pricing_title":"Elfsight Apps","pricing_title_caption":"Plattformunabh\u00e4ngige digitale L\u00f6sung, die auf jeder Website funktioniert","pricing_price":"ab 0 $ \/ Monat","pricing_price_caption":"Beginnen Sie mit einem kostenlosen Plan","pricing_benefits":[{"text":"Unbegrenzte Websites"},{"text":"Kostenloser Kundensupport und gut dokumentiert"},{"text":"Kostenlose Installationsunterst\u00fctzung"},{"text":"Vollst\u00e4ndig anpassbar"}],"pricing_button_text":"Zur Website hinzuf\u00fcgen","pricing_button_url":"#demo"}],"related_apps_title":"","related_apps_hidden":"0","author":"","image":[],"title":"","job":"","social_networks":[]},"_links":{"self":[{"href":"https:\/\/elfsight.com\/de\/wp-json\/wp\/v2\/pages\/16881","targetHints":{"allow":["GET"]}}],"collection":[{"href":"https:\/\/elfsight.com\/de\/wp-json\/wp\/v2\/pages"}],"about":[{"href":"https:\/\/elfsight.com\/de\/wp-json\/wp\/v2\/types\/page"}],"author":[{"embeddable":true,"href":"https:\/\/elfsight.com\/de\/wp-json\/wp\/v2\/users\/9"}],"replies":[{"embeddable":true,"href":"https:\/\/elfsight.com\/de\/wp-json\/wp\/v2\/comments?post=16881"}],"version-history":[{"count":3,"href":"https:\/\/elfsight.com\/de\/wp-json\/wp\/v2\/pages\/16881\/revisions"}],"predecessor-version":[{"id":24583,"href":"https:\/\/elfsight.com\/de\/wp-json\/wp\/v2\/pages\/16881\/revisions\/24583"}],"up":[{"embeddable":true,"href":"https:\/\/elfsight.com\/de\/wp-json\/wp\/v2\/pages\/1269"}],"wp:attachment":[{"href":"https:\/\/elfsight.com\/de\/wp-json\/wp\/v2\/media?parent=16881"}],"curies":[{"name":"wp","href":"https:\/\/api.w.org\/{rel}","templated":true}]}}