{"id":16879,"date":"2024-05-03T06:30:27","date_gmt":"2024-05-03T06:30:27","guid":{"rendered":"https:\/\/elfsight.com\/de\/?page_id=16879"},"modified":"2025-02-20T13:56:32","modified_gmt":"2025-02-20T13:56:32","slug":"drupal","status":"publish","type":"page","link":"https:\/\/elfsight.com\/de\/before-and-after-slider-widget\/drupal\/","title":{"rendered":"Before and After Slider &#8211; Drupal"},"content":{"rendered":"\n<div class=\"application-platform-content-item-description application-platform-content-item\" id=\"description\" data-nav-section=\"description\"> <h2>Beschreibung<\/h2> <p> Mit dem Vorher-Nachher-Slider von Elfsight k\u00f6nnen Sie faszinierende Verkaufsbilder f\u00fcr Ihre Website ver\u00f6ffentlichen. Benutzer haben die M\u00f6glichkeit, alle Auswirkungen der von Ihnen eingef\u00fchrten Produkte oder Dienstleistungen zu \u00fcberpr\u00fcfen. Laden Sie einfach Vorher- und Nachher-Fotos in den Vorher- und Nachher-Slider f\u00fcr Drupal hoch und sie werden mit einer beweglichen Trennwand angezeigt, um einen Vergleich zu erm\u00f6glichen. Sie k\u00f6nnen eine unbegrenzte Anzahl von Fotopaaren ver\u00f6ffentlichen, jedes mit einer eigenen Bildunterschrift. Die Schiebeausrichtung kann horizontal oder vertikal sein, und Sie k\u00f6nnen das am besten geeignete Bildverh\u00e4ltnis frei w\u00e4hlen. Ihre Besucher werden einem Kauf nicht entgehen, wenn sie erst einmal die tats\u00e4chliche Wirksamkeit kennengelernt haben| Ihrer Produkte! <\/p> <p><b>Holen Sie sich das Beste aus dem Vorherigen &amp; Nach dem Schieberegler erreichen Sie Ihre E-Commerce-H\u00f6hepunkte mit weniger Aufwand! <\/b><\/p> <\/div> <div class=\"application-platform-content-item-features application-platform-content-item\" id=\"features\" data-nav-section=\"features\"> <h2>Dies sind nur einige der wertvollen Widget-Funktionen: <\/h2> <ul><li>F\u00fcgen Sie eine beliebige Anzahl von Vorher und Nachher hinzu Bilds\u00e4tze<\/li> <li>Schreiben Sie Beschriftungen mit Textformatierung auf jede Folie<\/li><li>Zwei gebrauchsfertige Layouts: Liste und Karussell<\/li><li>Horizontale oder vertikale Ausrichtung der Trennlinie <\/li><li>Klicken und ziehen oder einfach mit der Maus bewegen, um die Trennlinie zu verschieben<\/li><li>Auf Touchscreens wischen<\/li><\/ul><p><a href=\"#demo\">Nur pr\u00fcfen Sehen Sie sich diese Demo an, um einen vollst\u00e4ndigen \u00dcberblick zu erhalten<\/a><\/p> <\/div> <div class=\"application-platform-content-item-installation application-platform-content-item\" id=\"installation\" data-nav-section=\"installation\"> <h2>Wie bette ich den Vorher-Nachher-Slider in mein Drupal ein? <\/h2> <div class=\"video-container\"><iframe width=\"560\" height=\"315\" src=\"https:\/\/www.youtube.com\/embed\/drf_TvdrGaI?si=33JqIyo03E7sG2p7\" frameborder=\"0\" allow=\"accelerometer; autoplay; clipboard-write; encrypted-media; gyroscope; picture-in-picture; web-share\" allowfullscreen><\/iframe><\/div><p>Befolgen Sie einfach die folgenden Richtlinien, um das Plugin auf Drupal zu aktivieren.<\/p> <ol><li><b>F\u00fchren Sie unseren kostenlosen Editor aus und beginnen Sie mit der Gestaltung Ihres ma\u00dfgeschneiderten Plugins Vorher-Nachher-Slider-Modul. <\/b><br> Geben Sie das ausgew\u00e4hlte Layout und die Funktionen des Tools an und speichern Sie die \u00c4nderungen. <\/li> <li><b>Lassen Sie sich Ihren individuellen Code in der Box von Elfsight Apps anzeigen. <\/b><br> Nachdem die Generierung Ihres Moduls abgeschlossen ist, kopieren Sie den pers\u00f6nlichen Code in das erscheinende Feld und speichern Sie ihn f\u00fcr die zuk\u00fcnftige Verwendung. <\/li> <li><b>Initiieren Sie den Einsatz des Tools auf Ihrer Drupal-Site. <\/b><br> F\u00fcgen Sie den k\u00fcrzlich kopierten Code in Ihre Website ein und speichern Sie die Korrekturen. <\/li> <li><b>Du bist fertig! Die Integration ist vollst\u00e4ndig abgeschlossen. <\/b><br> Besuchen Sie Ihre Website, um einen Blick auf die Funktionsweise des Tools zu werfen. <\/li><\/ol><p>Wenn Sie auf Anfragen sto\u00dfen oder auf Probleme sto\u00dfen, z\u00f6gern Sie nicht, unseren Support-Mitarbeitern zu schreiben. Unsere Berater beantworten gerne alle Fragen, die Sie zum Produkt haben. <\/p><div class=\"faq\" data-component=\"FAQ\"><div class=\"faq-item\">\r\n\t\t\t\t\t<div class=\"faq-item-question\">\r\n\t\t\t\t\t\t<h3 class=\"faq-item-question-text\">Wie f\u00fcge ich ohne Programmierkenntnisse einen Vorher- und Nachher-Schieberegler zu meiner Drupal-Website hinzu?<\/h3>\r\n\r\n\t\t\t\t\t\t<div class=\"faq-item-question-icon\"><\/div>\r\n\t\t\t\t\t<\/div>\r\n\r\n\t\t\t\t\t<div class=\"faq-item-answer\">\r\n\t\t\t\t\t\t<div class=\"faq-item-answer-text\"> <p>Elfsight bietet eine SaaS-L\u00f6sung, mit der Sie selbst ein Vorher- und Nachher-Schieberegler-Widget erstellen k\u00f6nnen. Sehen Sie, wie einfach der Vorgang ist: Erstellen Sie direkt im Online-Editor ein Vorher-Nachher-Schieberegler-Widget, das Sie gerne auf Ihrer Drupal-Website sehen w\u00fcrden. W\u00e4hlen Sie eine der vorgefertigten Vorlagen aus und passen Sie die Einstellungen des Vorher- und Nachher-Schiebereglers an, f\u00fcgen Sie Ihre Inhalte hinzu, \u00e4ndern Sie das Layout und die Farben ohne Programmierkenntnisse. Speichern Sie den Vorher-Nachher-Schieberegler und kopieren Sie den Installationscode, den Sie einfach in Ihre Drupal-Website einbetten k\u00f6nnen, ohne eine kostenpflichtige Version zu kaufen. Mit unserem intuitiven Editor kann jeder Internetnutzer online ein Vorher-Nachher-Slider-Widget erstellen und es einfach in seine Drupal-Website einbetten. Um auf den Service zuzugreifen, m\u00fcssen Sie weder bezahlen noch Ihre Kartendaten eingeben. Sollten bei irgendeinem Schritt Probleme auftreten, wenden Sie sich bitte an unser technisches Support-Team.<\/p> <\/div>\r\n\t\t\t\t\t<\/div>\r\n\t\t\t\t<\/div> <\/div> <\/div>\n","protected":false},"excerpt":{"rendered":"","protected":false},"author":9,"featured_media":0,"parent":1269,"menu_order":0,"comment_status":"closed","ping_status":"closed","template":"templates\/template-application-platform.php","meta":{"publish_to_discourse":"","publish_post_category":"","wpdc_auto_publish_overridden":"","wpdc_topic_tags":"","wpdc_pin_topic":"","wpdc_pin_until":"","discourse_post_id":"","discourse_permalink":"","wpdc_publishing_response":"","wpdc_publishing_error":"","footnotes":""},"class_list":["post-16879","page","type-page","status-publish","hentry"],"yoast_head":"<!-- This site is optimized with the Yoast SEO plugin v25.3.1 - https:\/\/yoast.com\/wordpress\/plugins\/seo\/ -->\n<title>Vorher-Nachher-Slider f\u00fcr die Drupal-Website (kostenlos und schnell!)<\/title>\n<meta name=\"description\" content=\"Gestalten Sie das Slider-Widget \u201eVorher und Nachher\u201c auf Ihrer Drupal-Website. Nutzen Sie die praktische Elfsight-Demo und erstellen Sie Ihr individuelles Plugin in nur wenigen Minuten\" \/>\n<meta name=\"robots\" content=\"index, follow, max-snippet:-1, max-image-preview:large, max-video-preview:-1\" \/>\n<link rel=\"canonical\" href=\"https:\/\/elfsight.com\/de\/before-and-after-slider-widget\/drupal\/\" \/>\n<meta property=\"og:locale\" content=\"de_DE\" \/>\n<meta property=\"og:type\" content=\"article\" \/>\n<meta property=\"og:title\" content=\"Vorher-Nachher-Slider f\u00fcr die Drupal-Website (kostenlos und schnell!)\" \/>\n<meta property=\"og:description\" content=\"Gestalten Sie das Slider-Widget \u201eVorher und Nachher\u201c auf Ihrer Drupal-Website. Nutzen Sie die praktische Elfsight-Demo und erstellen Sie Ihr individuelles Plugin in nur wenigen Minuten\" \/>\n<meta property=\"og:url\" content=\"https:\/\/elfsight.com\/de\/before-and-after-slider-widget\/drupal\/\" \/>\n<meta property=\"og:site_name\" content=\"Elfsight DE\" \/>\n<meta property=\"article:modified_time\" content=\"2025-02-20T13:56:32+00:00\" \/>\n<meta name=\"twitter:card\" content=\"summary_large_image\" \/>\n<meta name=\"twitter:label1\" content=\"Gesch\u00e4tzte Lesezeit\" \/>\n\t<meta name=\"twitter:data1\" content=\"3\u00a0Minuten\" \/>\n<!-- \/ Yoast SEO plugin. -->","yoast_head_json":{"title":"Vorher-Nachher-Slider f\u00fcr die Drupal-Website (kostenlos und schnell!)","description":"Gestalten Sie das Slider-Widget \u201eVorher und Nachher\u201c auf Ihrer Drupal-Website. Nutzen Sie die praktische Elfsight-Demo und erstellen Sie Ihr individuelles Plugin in nur wenigen Minuten","robots":{"index":"index","follow":"follow","max-snippet":"max-snippet:-1","max-image-preview":"max-image-preview:large","max-video-preview":"max-video-preview:-1"},"canonical":"https:\/\/elfsight.com\/de\/before-and-after-slider-widget\/drupal\/","og_locale":"de_DE","og_type":"article","og_title":"Vorher-Nachher-Slider f\u00fcr die Drupal-Website (kostenlos und schnell!)","og_description":"Gestalten Sie das Slider-Widget \u201eVorher und Nachher\u201c auf Ihrer Drupal-Website. Nutzen Sie die praktische Elfsight-Demo und erstellen Sie Ihr individuelles Plugin in nur wenigen Minuten","og_url":"https:\/\/elfsight.com\/de\/before-and-after-slider-widget\/drupal\/","og_site_name":"Elfsight DE","article_modified_time":"2025-02-20T13:56:32+00:00","twitter_card":"summary_large_image","twitter_misc":{"Gesch\u00e4tzte Lesezeit":"3\u00a0Minuten"},"schema":{"@context":"https:\/\/schema.org","@graph":[{"@type":"WebPage","@id":"https:\/\/elfsight.com\/de\/before-and-after-slider-widget\/drupal\/","url":"https:\/\/elfsight.com\/de\/before-and-after-slider-widget\/drupal\/","name":"Vorher-Nachher-Slider f\u00fcr die Drupal-Website (kostenlos und schnell!)","isPartOf":{"@id":"https:\/\/elfsight.com\/de\/#website"},"datePublished":"2024-05-03T06:30:27+00:00","dateModified":"2025-02-20T13:56:32+00:00","description":"Gestalten Sie das Slider-Widget \u201eVorher und Nachher\u201c auf Ihrer Drupal-Website. Nutzen Sie die praktische Elfsight-Demo und erstellen Sie Ihr individuelles Plugin in nur wenigen Minuten","breadcrumb":{"@id":"https:\/\/elfsight.com\/de\/before-and-after-slider-widget\/drupal\/#breadcrumb"},"inLanguage":"de","potentialAction":[{"@type":"ReadAction","target":["https:\/\/elfsight.com\/de\/before-and-after-slider-widget\/drupal\/"]}]},{"@type":"BreadcrumbList","@id":"https:\/\/elfsight.com\/de\/before-and-after-slider-widget\/drupal\/#breadcrumb","itemListElement":[{"@type":"ListItem","position":1,"name":"Home","item":"https:\/\/elfsight.com\/de\/"},{"@type":"ListItem","position":2,"name":"Before and After Slider","item":"https:\/\/elfsight.com\/de\/before-and-after-slider-widget\/"},{"@type":"ListItem","position":3,"name":"Before and After Slider &#8211; Drupal"}]},{"@type":"WebSite","@id":"https:\/\/elfsight.com\/de\/#website","url":"https:\/\/elfsight.com\/de\/","name":"Elfsight DE","description":"Just another Elfsight Sites site","potentialAction":[{"@type":"SearchAction","target":{"@type":"EntryPoint","urlTemplate":"https:\/\/elfsight.com\/de\/?s={search_term_string}"},"query-input":{"@type":"PropertyValueSpecification","valueRequired":true,"valueName":"search_term_string"}}],"inLanguage":"de"}]}},"meta_box":{"industry":"","seo_heading":"","heading":"","description":"","cta_heading":"","cta_description":"","application":"504","h1":"Vorher-Nachher-Slider f\u00fcr Drupal","h1_caption":"Pr\u00e4sentieren Sie Vergleiche zwischen zwei Bildern, ideal, um Transformationen hervorzuheben oder Produktvorteile m\u00fchelos auf Ihrer Drupal-Website zu pr\u00e4sentieren.","application_category":[],"applications_title":"","applications_request_title":"","applications_request_button_text":"","hero_text":"","hero_video":"","hero_video_schema_markup":"","selling_points_title":"","selling_points_caption":"","selling_points":[],"selling_points_cta_text":"","features_title":"","features":"","ed_cta_examples_text":"","ed_cta_examples_hidden":"","ed_cta_demo_text":"","ed_cta_demo_hidden":"","why_caption":"","why_editor_title":"","why_editor_text":"","why_team_title":"","why_team_text":"","why_service_title":"","why_service_text":"","template_catalog_visible":"0","template_catalog_title":"","template_catalog_text":"","template_catalog_categories_visible":"","demo_title":"Erstellen Sie Ihr Vorher-Nachher-Slider-Modul","demo_caption":"Konfigurieren Sie Ihren Vorher-Nachher-Slider und f\u00fcgen Sie ihn kostenlos zu Ihrer Drupal-Website hinzu!","default_faq_hidden":"","app_template_category":[],"platform":"261","template_public_id":"","codecanyon_url":"","codecanyon_item_id":"","codecanyon_price":"","pricing_caption":"","pricing_elfsight_apps_hide_column":"","pricing_elfsight_apps_url":"","pricing_codecanyon_price_caption":"","integration_category":[],"integration_request_title":"","integration_request_cta":"","integration_platform":"","integrations":[],"platform_category":[],"video_schema_markup":"","price":"ab 0 $ \/ Monat","trial":"","benefits":[{"text":"Kostenlose Installationsunterst\u00fctzung"},{"text":"Premium-Support"},{"text":"14-t\u00e4gige R\u00fcckerstattungsgarantie"},{"text":"Fortlaufende Entwicklung"}],"button_url":"#demo","button_target_blank":"0","button_nofollow":"0","attributes":[{"name":"Installiert","content":"10,000 - 100,000"},{"name":"Reaktionsfreudig","content":"Ja"},{"name":"Kompatible Browser","content":"Firefox, Safari, Opera, Chrome, Edge"}],"tags":[],"tags_disable_links":"0","hide_more_platforms":"0","video_object":"","demo_hide_cta":"0","demo_hide_cloud_options":"0","pricing_title":"","pricing":[{"pricing_icon":"platform","pricing_title":"Elfsight Apps","pricing_title_caption":"Plattformunabh\u00e4ngige digitale L\u00f6sung","pricing_price":"ab 0 $ \/ Monat","pricing_price_caption":"Beginnen Sie mit einem kostenlosen Plan","pricing_benefits":[{"text":"Unbegrenzte Websites"},{"text":"Kostenloser Kundensupport"},{"text":"Kostenlose Installationsunterst\u00fctzung"},{"text":"Zeitlich begrenztes Angebot f\u00fcr mehrere Apps"}],"pricing_button_text":"Zur Website hinzuf\u00fcgen","pricing_button_url":"#demo"}],"related_apps_title":"","related_apps_hidden":"0","author":"","image":[],"title":"","job":"","social_networks":[]},"_links":{"self":[{"href":"https:\/\/elfsight.com\/de\/wp-json\/wp\/v2\/pages\/16879","targetHints":{"allow":["GET"]}}],"collection":[{"href":"https:\/\/elfsight.com\/de\/wp-json\/wp\/v2\/pages"}],"about":[{"href":"https:\/\/elfsight.com\/de\/wp-json\/wp\/v2\/types\/page"}],"author":[{"embeddable":true,"href":"https:\/\/elfsight.com\/de\/wp-json\/wp\/v2\/users\/9"}],"replies":[{"embeddable":true,"href":"https:\/\/elfsight.com\/de\/wp-json\/wp\/v2\/comments?post=16879"}],"version-history":[{"count":3,"href":"https:\/\/elfsight.com\/de\/wp-json\/wp\/v2\/pages\/16879\/revisions"}],"predecessor-version":[{"id":24585,"href":"https:\/\/elfsight.com\/de\/wp-json\/wp\/v2\/pages\/16879\/revisions\/24585"}],"up":[{"embeddable":true,"href":"https:\/\/elfsight.com\/de\/wp-json\/wp\/v2\/pages\/1269"}],"wp:attachment":[{"href":"https:\/\/elfsight.com\/de\/wp-json\/wp\/v2\/media?parent=16879"}],"curies":[{"name":"wp","href":"https:\/\/api.w.org\/{rel}","templated":true}]}}