{"id":16874,"date":"2024-05-03T06:30:26","date_gmt":"2024-05-03T06:30:26","guid":{"rendered":"https:\/\/elfsight.com\/de\/?page_id=16874"},"modified":"2025-07-08T10:14:17","modified_gmt":"2025-07-08T10:14:17","slug":"facebook","status":"publish","type":"page","link":"https:\/\/elfsight.com\/de\/before-and-after-slider-widget\/facebook\/","title":{"rendered":"Before and After Slider &#8211; Facebook Page"},"content":{"rendered":"<div class=\"application-platform-content-item-description application-platform-content-item\" id=\"description\" data-nav-section=\"description\"> <h2>Beschreibung<\/h2> <p> Mit dem Vorher-Nachher-Slider von Elfsight k\u00f6nnen Sie erstaunliche verkaufseffiziente Fotos f\u00fcr Ihre Website erstellen. Kunden k\u00f6nnen alle Ver\u00e4nderungen entdecken, die Ihre Produkte oder Dienstleistungen mit sich bringen. Laden Sie einfach zwei Bilder auf die Vorher-Nachher-Slider-Seite f\u00fcr Facebook hoch und sie werden mit einer beweglichen Trennwand angezeigt, um einen Vergleich zu erm\u00f6glichen. Sie k\u00f6nnen eine unbegrenzte Anzahl von Folien hinzuf\u00fcgen und Beschriftungen und Beschriftungen schreiben. Die Teilerrichtung kann horizontal oder vertikal sein, und Sie k\u00f6nnen das beste Bildverh\u00e4ltnis einstellen. Ihre Kunden werden nicht anders k\u00f6nnen, als zu kaufen, sobald sie die tats\u00e4chliche Wirksamkeit erkennen| Ihrer Produkte! <\/p> <p><b>Verwenden Sie vor &amp; nach dem Slider, um Ihre E-Commerce-Ziele zu erreichen! <\/b><\/p> <\/div> <div class=\"application-platform-content-item-features application-platform-content-item\" id=\"features\" data-nav-section=\"features\"> <h2>Im Folgenden sind die zentralen Funktionen des Widgets aufgef\u00fchrt: <\/h2> <ul><li>Demonstrieren Sie eine beliebige Anzahl von Vorher- und Nachher-Paaren Bilder<\/li> <li>F\u00fcgen Sie Beschriftungen mit Textformatierungsoptionen zu jedem Bild ein<\/li><li>Zwei fertige Layouts: Liste und Karussell<\/li><li>Horizontale oder vertikale Ausrichtung der Trennlinie<\/li><li>Klicken und ziehen oder einfach mit der Maus bewegen, um die Trennlinie zu verschieben<\/li><li>Wischen Sie auf Touchscreens<\/li><\/ul><p><a href=\"#demo\">Entdecken Sie alle Anpassungsoptionen in vollem Umfang -featured demo<\/a><\/p> <\/div> <div class=\"application-platform-content-item-installation application-platform-content-item\" id=\"installation\" data-nav-section=\"installation\"> <h2>Wie kann ich den Vorher-Nachher-Slider in mein Drupal einbetten? <\/h2> <p>Erf\u00fcllen Sie einfach die folgenden Richtlinien, um das Plugin zu integrieren. <\/p> <ol><li><b>Verwenden Sie unseren kostenlosen Editor und beginnen Sie mit der Erstellung Ihres individuellen Widgets. <\/b><br> Finden Sie die passende Schnittstelle und die Funktionsmerkmale des Tools und wenden Sie die Korrekturen an. <\/li> <li><b>Erhalten Sie Ihren pers\u00f6nlichen Code, der im Fenster von Elfsight Apps angezeigt wird<\/b><br> Nachdem die Einrichtung Ihres Plugins abgeschlossen ist, kopieren Sie den exklusiven Code in das angezeigte Feld und speichern Sie ihn bewahren Sie es zur sp\u00e4teren Verwendung auf. <\/li> <li><b>Geben Sie die Verwendung des Widgets auf der Facebook-Seite ein<\/b><br> F\u00fcgen Sie den Code, den Sie k\u00fcrzlich auf Ihrer Startseite gespeichert haben, ein und speichern Sie die \u00c4nderungen. <\/li> <li><b>Fertig! Die Integration ist vollst\u00e4ndig beendet<\/b><br> Besuchen Sie Ihre Seite, um zu sehen, wie das Widget funktioniert. <\/li><\/ol> <p>Wenn Sie Fragen haben oder auf Hindernisse sto\u00dfen, k\u00f6nnen Sie sich gerne an unser Support-Team wenden. Unsere Berater l\u00f6sen gerne alle Ihre Probleme mit dem Widget. <\/p> <div class=\"faq\" data-component=\"FAQ\"><div class=\"faq-item\">\r\n\t\t\t\t\t<div class=\"faq-item-question\">\r\n\t\t\t\t\t\t<h3 class=\"faq-item-question-text\">Wie f\u00fcge ich ohne Programmierkenntnisse einen Vorher- und Nachher-Schieberegler zu meiner Facebook-Seiten-Website hinzu?<\/h3>\r\n\r\n\t\t\t\t\t\t<div class=\"faq-item-question-icon\"><\/div>\r\n\t\t\t\t\t<\/div>\r\n\r\n\t\t\t\t\t<div class=\"faq-item-answer\">\r\n\t\t\t\t\t\t<div class=\"faq-item-answer-text\"> <p>Elfsight bietet eine SaaS-L\u00f6sung, mit der Sie selbst ein Vorher- und Nachher-Schieberegler-Widget erstellen k\u00f6nnen. Sehen Sie, wie einfach der Vorgang ist: Arbeiten Sie direkt im Online-Editor, um ein Vorher-Nachher-Schieberegler-Widget zu erstellen, das Sie gerne auf Ihrer Facebook-Seiten-Website sehen w\u00fcrden. W\u00e4hlen Sie eine der vorgefertigten Vorlagen aus und passen Sie die Einstellungen des Vorher- und Nachher-Schiebereglers an, f\u00fcgen Sie Ihre Inhalte hinzu, \u00e4ndern Sie das Layout und die Farben ohne Programmierkenntnisse. Speichern Sie den Vorher-Nachher-Schieberegler und kopieren Sie den Installationscode, den Sie problemlos in Ihre Facebook-Seiten-Website einf\u00fcgen k\u00f6nnen, ohne ein kostenpflichtiges Abonnement kaufen zu m\u00fcssen. Mit unserem intuitiven Editor kann jeder Internetnutzer online ein Vorher-Nachher-Slider-Widget erstellen und es ganz einfach in seine Facebook-Seite einbetten. Um auf den Service zuzugreifen, m\u00fcssen Sie weder bezahlen noch Ihre Kartendaten eingeben. Sollten bei irgendeinem Schritt Probleme auftreten, wenden Sie sich bitte an unser technisches Support-Team.<\/p> <\/div>\r\n\t\t\t\t\t<\/div>\r\n\t\t\t\t<\/div> <\/div><\/div>","protected":false},"excerpt":{"rendered":"","protected":false},"author":9,"featured_media":0,"parent":1269,"menu_order":0,"comment_status":"closed","ping_status":"closed","template":"templates\/template-application-platform.php","meta":{"publish_to_discourse":"","publish_post_category":"","wpdc_auto_publish_overridden":"","wpdc_topic_tags":"","wpdc_pin_topic":"","wpdc_pin_until":"","discourse_post_id":"","discourse_permalink":"","wpdc_publishing_response":"","wpdc_publishing_error":"","footnotes":""},"class_list":["post-16874","page","type-page","status-publish","hentry"],"yoast_head":"<!-- This site is optimized with the Yoast SEO plugin v25.3.1 - https:\/\/yoast.com\/wordpress\/plugins\/seo\/ -->\n<title>Responsiver Vorher-Nachher-Bild-Slider f\u00fcr die Website der Facebook-Seite<\/title>\n<meta name=\"description\" content=\"Konfigurieren Sie das Vorher- und Nachher-Slider-Widget auf Ihrer Facebook-Seiten-Website. Schauen Sie sich die kostenlose Elfsight-Demo an und konfigurieren Sie Ihr personalisiertes Plugin in nur 2 Minuten.\" \/>\n<meta name=\"robots\" content=\"index, follow, max-snippet:-1, max-image-preview:large, max-video-preview:-1\" \/>\n<link rel=\"canonical\" href=\"https:\/\/elfsight.com\/de\/before-and-after-slider-widget\/facebook\/\" \/>\n<meta property=\"og:locale\" content=\"de_DE\" \/>\n<meta property=\"og:type\" content=\"article\" \/>\n<meta property=\"og:title\" content=\"Responsiver Vorher-Nachher-Bild-Slider f\u00fcr die Website der Facebook-Seite\" \/>\n<meta property=\"og:description\" content=\"Konfigurieren Sie das Vorher- und Nachher-Slider-Widget auf Ihrer Facebook-Seiten-Website. Schauen Sie sich die kostenlose Elfsight-Demo an und konfigurieren Sie Ihr personalisiertes Plugin in nur 2 Minuten.\" \/>\n<meta property=\"og:url\" content=\"https:\/\/elfsight.com\/de\/before-and-after-slider-widget\/facebook\/\" \/>\n<meta property=\"og:site_name\" content=\"Elfsight DE\" \/>\n<meta property=\"article:modified_time\" content=\"2025-07-08T10:14:17+00:00\" \/>\n<meta name=\"twitter:card\" content=\"summary_large_image\" \/>\n<meta name=\"twitter:label1\" content=\"Gesch\u00e4tzte Lesezeit\" \/>\n\t<meta name=\"twitter:data1\" content=\"3\u00a0Minuten\" \/>\n<!-- \/ Yoast SEO plugin. -->","yoast_head_json":{"title":"Responsiver Vorher-Nachher-Bild-Slider f\u00fcr die Website der Facebook-Seite","description":"Konfigurieren Sie das Vorher- und Nachher-Slider-Widget auf Ihrer Facebook-Seiten-Website. Schauen Sie sich die kostenlose Elfsight-Demo an und konfigurieren Sie Ihr personalisiertes Plugin in nur 2 Minuten.","robots":{"index":"index","follow":"follow","max-snippet":"max-snippet:-1","max-image-preview":"max-image-preview:large","max-video-preview":"max-video-preview:-1"},"canonical":"https:\/\/elfsight.com\/de\/before-and-after-slider-widget\/facebook\/","og_locale":"de_DE","og_type":"article","og_title":"Responsiver Vorher-Nachher-Bild-Slider f\u00fcr die Website der Facebook-Seite","og_description":"Konfigurieren Sie das Vorher- und Nachher-Slider-Widget auf Ihrer Facebook-Seiten-Website. Schauen Sie sich die kostenlose Elfsight-Demo an und konfigurieren Sie Ihr personalisiertes Plugin in nur 2 Minuten.","og_url":"https:\/\/elfsight.com\/de\/before-and-after-slider-widget\/facebook\/","og_site_name":"Elfsight DE","article_modified_time":"2025-07-08T10:14:17+00:00","twitter_card":"summary_large_image","twitter_misc":{"Gesch\u00e4tzte Lesezeit":"3\u00a0Minuten"},"schema":{"@context":"https:\/\/schema.org","@graph":[{"@type":"WebPage","@id":"https:\/\/elfsight.com\/de\/before-and-after-slider-widget\/facebook\/","url":"https:\/\/elfsight.com\/de\/before-and-after-slider-widget\/facebook\/","name":"Responsiver Vorher-Nachher-Bild-Slider f\u00fcr die Website der Facebook-Seite","isPartOf":{"@id":"https:\/\/elfsight.com\/de\/#website"},"datePublished":"2024-05-03T06:30:26+00:00","dateModified":"2025-07-08T10:14:17+00:00","description":"Konfigurieren Sie das Vorher- und Nachher-Slider-Widget auf Ihrer Facebook-Seiten-Website. Schauen Sie sich die kostenlose Elfsight-Demo an und konfigurieren Sie Ihr personalisiertes Plugin in nur 2 Minuten.","breadcrumb":{"@id":"https:\/\/elfsight.com\/de\/before-and-after-slider-widget\/facebook\/#breadcrumb"},"inLanguage":"de","potentialAction":[{"@type":"ReadAction","target":["https:\/\/elfsight.com\/de\/before-and-after-slider-widget\/facebook\/"]}]},{"@type":"BreadcrumbList","@id":"https:\/\/elfsight.com\/de\/before-and-after-slider-widget\/facebook\/#breadcrumb","itemListElement":[{"@type":"ListItem","position":1,"name":"Home","item":"https:\/\/elfsight.com\/de\/"},{"@type":"ListItem","position":2,"name":"Before and After Slider","item":"https:\/\/elfsight.com\/de\/before-and-after-slider-widget\/"},{"@type":"ListItem","position":3,"name":"Before and After Slider &#8211; Facebook Page"}]},{"@type":"WebSite","@id":"https:\/\/elfsight.com\/de\/#website","url":"https:\/\/elfsight.com\/de\/","name":"Elfsight DE","description":"Just another Elfsight Sites site","potentialAction":[{"@type":"SearchAction","target":{"@type":"EntryPoint","urlTemplate":"https:\/\/elfsight.com\/de\/?s={search_term_string}"},"query-input":{"@type":"PropertyValueSpecification","valueRequired":true,"valueName":"search_term_string"}}],"inLanguage":"de"}]}},"meta_box":{"industry":"","seo_heading":"","heading":"","description":"","cta_heading":"","cta_description":"","application":"504","h1":"Vorher-Nachher-Slider f\u00fcr die Facebook-Seite","h1_caption":"Pr\u00e4sentieren Sie Vergleiche zwischen zwei Bildern, ideal, um Ver\u00e4nderungen hervorzuheben oder Produktvorteile m\u00fchelos auf Ihrer Facebook-Seite zu pr\u00e4sentieren.","application_category":[],"applications_title":"","applications_request_title":"","applications_request_button_text":"","hero_text":"","hero_video":"","hero_video_schema_markup":"","selling_points_title":"","selling_points_caption":"","selling_points":[],"selling_points_cta_text":"","features_title":"","features":"","ed_cta_examples_text":"","ed_cta_examples_hidden":"","ed_cta_demo_text":"","ed_cta_demo_hidden":"","why_caption":"","why_editor_title":"","why_editor_text":"","why_team_title":"","why_team_text":"","why_service_title":"","why_service_text":"","template_catalog_visible":"","template_catalog_title":"","template_catalog_text":"","template_catalog_categories_visible":"","demo_title":"Erstellen Sie Ihr Vorher-Nachher-Slider-Widget","demo_caption":"Konfigurieren Sie Ihren Vorher-Nachher-Slider und f\u00fcgen Sie ihn kostenlos Ihrer Facebook-Seite hinzu!","default_faq_hidden":"","app_template_category":[],"platform":"216","template_public_id":"","codecanyon_url":"","codecanyon_item_id":"","codecanyon_price":"","pricing_caption":"","pricing_elfsight_apps_hide_column":"","pricing_elfsight_apps_url":"","pricing_codecanyon_price_caption":"","integration_category":[],"integration_request_title":"","integration_request_cta":"","integration_platform":"","integrations":[],"platform_category":[],"video_schema_markup":"","price":"ab 0 $ \/ Monat","trial":"","benefits":[{"text":"Kostenloser Installationsservice"},{"text":"Au\u00dfergew\u00f6hnlicher Support"},{"text":"14-t\u00e4gige Geld-zur\u00fcck-Garantie"},{"text":"Kontinuierliche kostenlose Updates"}],"button_url":"#demo","button_target_blank":"","button_nofollow":"","attributes":[{"name":"Installiert","content":"10,000 - 100,000"},{"name":"Reaktionsfreudig","content":"Ja"},{"name":"Kompatible Browser","content":"Safari, Firefox, Chrome, Opera, Edge"}],"tags":[],"tags_disable_links":"","hide_more_platforms":"","video_object":"","demo_hide_cta":"","demo_hide_cloud_options":"","pricing_title":"","pricing":[{"pricing_icon":"platform","pricing_title":"Elfsight Apps","pricing_title_caption":"Plattformunabh\u00e4ngige Version, die auf jeder Website funktioniert","pricing_price":"ab 0 $ \/ Monat","pricing_price_caption":"Beginnen Sie mit einem kostenlosen Plan","pricing_benefits":[{"text":"Unbegrenzte Websites"},{"text":"Professioneller Kundensupport"},{"text":"Kostenlose Installationsunterst\u00fctzung"},{"text":"100 % anpassbar"}],"pricing_button_text":"Zur Website hinzuf\u00fcgen","pricing_button_url":"#demo"}],"related_apps_title":"","related_apps_hidden":"","author":"","image":[],"title":"","job":"","social_networks":[]},"_links":{"self":[{"href":"https:\/\/elfsight.com\/de\/wp-json\/wp\/v2\/pages\/16874","targetHints":{"allow":["GET"]}}],"collection":[{"href":"https:\/\/elfsight.com\/de\/wp-json\/wp\/v2\/pages"}],"about":[{"href":"https:\/\/elfsight.com\/de\/wp-json\/wp\/v2\/types\/page"}],"author":[{"embeddable":true,"href":"https:\/\/elfsight.com\/de\/wp-json\/wp\/v2\/users\/9"}],"replies":[{"embeddable":true,"href":"https:\/\/elfsight.com\/de\/wp-json\/wp\/v2\/comments?post=16874"}],"version-history":[{"count":1,"href":"https:\/\/elfsight.com\/de\/wp-json\/wp\/v2\/pages\/16874\/revisions"}],"predecessor-version":[{"id":16878,"href":"https:\/\/elfsight.com\/de\/wp-json\/wp\/v2\/pages\/16874\/revisions\/16878"}],"up":[{"embeddable":true,"href":"https:\/\/elfsight.com\/de\/wp-json\/wp\/v2\/pages\/1269"}],"wp:attachment":[{"href":"https:\/\/elfsight.com\/de\/wp-json\/wp\/v2\/media?parent=16874"}],"curies":[{"name":"wp","href":"https:\/\/api.w.org\/{rel}","templated":true}]}}