{"id":16873,"date":"2024-05-03T06:30:25","date_gmt":"2024-05-03T06:30:25","guid":{"rendered":"https:\/\/elfsight.com\/de\/?page_id=16873"},"modified":"2025-02-20T14:03:55","modified_gmt":"2025-02-20T14:03:55","slug":"elementor","status":"publish","type":"page","link":"https:\/\/elfsight.com\/de\/before-and-after-slider-widget\/elementor\/","title":{"rendered":"Before and After Slider &#8211; Elementor"},"content":{"rendered":"\n<div class=\"application-platform-content-item-description application-platform-content-item\" id=\"description\" data-nav-section=\"description\"> <h2>Betten Sie den Vorher-Nachher-Slider in Elementor mit dem Elfsight-Widget ein<\/h2> <p>Der Vorher-Nachher-Slider von Elfsight hilft Ihnen dabei, beeindruckende Kompositionen zu erstellen verkaufseffiziente Bilder f\u00fcr Ihre Website. Besucher haben die M\u00f6glichkeit, alle Ergebnisse, die Ihre Produkte oder Dienstleistungen hervorbringen, sofort zu sehen. Laden Sie einfach Vorher- und Nachher-Fotos in den Vorher- und Nachher-Slider f\u00fcr Elementor hoch und Sie erhalten eine bewegliche Trennwand, mit der Sie den Unterschied \u00fcberpr\u00fcfen k\u00f6nnen. Sie k\u00f6nnen eine unbegrenzte Anzahl von Fotos\u00e4tzen erstellen sowie Bildunterschriften und Beschriftungen schreiben. Die Schieberichtung bietet zwei M\u00f6glichkeiten: horizontal oder vertikal, und Sie k\u00f6nnen das am besten passende Bildverh\u00e4ltnis einstellen. Ihre Besucher werden definitiv bestellen, sobald sie das tats\u00e4chliche Ergebnis erfassen Ihrer Produkte! <\/p> <p><b>Starten Sie mit dem Vergleichsschieberegler ein starkes Gesch\u00e4ftswachstum und h\u00f6here Ums\u00e4tze. <\/b><\/p> <\/div> <div class=\"application-platform-content-item-features application-platform-content-item\" id=\"features\" data-nav-section=\"features\"> <h2>Zu den grundlegenden Widget-Funktionen geh\u00f6ren<\/h2> <ul><li>Formen Sie beliebig viele Vorher- und Nachher-Bilders\u00e4tze<\/li> <li>F\u00fcgen Sie zu jedem Bild Beschriftungen mit Textformatierungsoptionen hinzu<\/li><li>Zwei Layouts: Liste und Karussell<\/li><li>Horizontale oder vertikale Ausrichtung der Trennlinie<\/li><li>Klicken und ziehen oder einfach den Mauszeiger bewegen, um die Trennlinie zu verschieben<\/li><li>Wischen auf Touchscreen-Ger\u00e4ten<\/li><\/ul><p><a href=\"#demo\">Sie k\u00f6nnen sehen, was das Widget bietet, indem Sie die Demo verwenden<\/a><\/p> <\/div> <div class=\"application-platform-content-item-installation application-platform-content-item\" id=\"installation\" data-nav-section=\"installation\"> <h2>Wie kann ich vor und einbetten? Nach Slider auf meinem Elementor? <\/h2> <div class=\"video-container\"><iframe width=\"560\" height=\"315\" src=\"https:\/\/www.youtube.com\/embed\/71qTR1PGTjI?si=t_bb8wUvWrunWt4T\" frameborder=\"0\" allow=\"accelerometer; autoplay; clipboard-write; encrypted-media; gyroscope; picture-in-picture; web-share\" allowfullscreen><\/iframe><\/div><p>Befolgen Sie einfach die unten aufgef\u00fchrten Schritte, um das Widget einzubetten. <\/p> <ol><li><b>Verwalten Sie unseren kostenlosen Konfigurator und beginnen Sie mit der Erstellung Ihres ma\u00dfgeschneiderten Instruments. <\/b><br> Finden Sie das passende Aussehen und die passenden Eigenschaften des Widgets und nehmen Sie die \u00c4nderungen vor. <\/li> <li><b>Holen Sie sich den einzigartigen Code, der im Feld von Elfsight Apps angezeigt wird.<\/b><br> Kopieren Sie direkt nach Abschluss der Konfiguration Ihres Tools den exklusiven Code im angezeigten Fenster und bewahren Sie ihn auf zuk\u00fcnftiger Gebrauch. <\/li> <li><b>Initiieren Sie den Einsatz des Tools auf Ihrer Elementor-Seite<\/b><br> Integrieren Sie den zuvor gespeicherten Code in Ihre Homepage und speichern Sie die \u00c4nderungen. <\/li> <li><b>Die Installation ist vollst\u00e4ndig abgeschlossen<\/b><br> Gehen Sie zu Ihrer Seite, um die Leistung des Tools anzuzeigen. <\/li><\/ol> <p>Wenn Sie auf Anfragen sto\u00dfen oder auf Schwierigkeiten sto\u00dfen, scheuen Sie sich nicht, sich an unser Kundenservice-Team zu wenden. Unsere Berater helfen Ihnen gerne bei allen Fragen zum Widget weiter. <\/p> <div class=\"faq\" data-component=\"FAQ\"><div class=\"faq-item\">\r\n\t\t\t\t\t<div class=\"faq-item-question\">\r\n\t\t\t\t\t\t<h3 class=\"faq-item-question-text\">Wie f\u00fcge ich ohne Programmierkenntnisse einen Vorher- und Nachher-Schieberegler zu meiner Elementor-Website hinzu?<\/h3>\r\n\r\n\t\t\t\t\t\t<div class=\"faq-item-question-icon\"><\/div>\r\n\t\t\t\t\t<\/div>\r\n\r\n\t\t\t\t\t<div class=\"faq-item-answer\">\r\n\t\t\t\t\t\t<div class=\"faq-item-answer-text\"> <p>Elfsight bietet eine SaaS-L\u00f6sung, mit der Sie selbst ein Vorher- und Nachher-Schieberegler-Widget erstellen k\u00f6nnen. Sehen Sie, wie einfach der Vorgang ist: Arbeiten Sie direkt im Online-Editor, um ein Vorher- und Nachher-Schieberegler-Widget zu erstellen, das Sie gerne auf Ihrer Elementor-Website sehen w\u00fcrden. W\u00e4hlen Sie eine der vorgefertigten Vorlagen aus und passen Sie die Einstellungen des Vorher- und Nachher-Schiebereglers an, f\u00fcgen Sie Ihre Inhalte hinzu, \u00e4ndern Sie das Layout und die Farben ohne Programmierkenntnisse. Speichern Sie den Vorher-Nachher-Schieberegler und kopieren Sie den Installationscode, den Sie problemlos in Ihre Elementor-Website einbetten k\u00f6nnen, ohne ein kostenpflichtiges Abonnement zu kaufen. Mit unserem intuitiven Editor kann jeder Internetnutzer online ein Vorher-Nachher-Slider-Widget erstellen und es einfach in seine Elementor-Website einbetten. Um auf den Service zuzugreifen, m\u00fcssen Sie weder bezahlen noch Ihre Kartendaten eingeben. Sollten bei irgendeinem Schritt Probleme auftreten, wenden Sie sich bitte an unser technisches Support-Team.<\/p> <\/div>\r\n\t\t\t\t\t<\/div>\r\n\t\t\t\t<\/div> <\/div><\/div>\n","protected":false},"excerpt":{"rendered":"","protected":false},"author":9,"featured_media":0,"parent":1269,"menu_order":0,"comment_status":"closed","ping_status":"closed","template":"templates\/template-application-platform.php","meta":{"publish_to_discourse":"","publish_post_category":"","wpdc_auto_publish_overridden":"","wpdc_topic_tags":"","wpdc_pin_topic":"","wpdc_pin_until":"","discourse_post_id":"","discourse_permalink":"","wpdc_publishing_response":"","wpdc_publishing_error":"","footnotes":""},"class_list":["post-16873","page","type-page","status-publish","hentry"],"yoast_head":"<!-- This site is optimized with the Yoast SEO plugin v25.3.1 - https:\/\/yoast.com\/wordpress\/plugins\/seo\/ -->\n<title>Vorher-Nachher-Slider f\u00fcr die Elementor-Website (kostenlos und schnell!)<\/title>\n<meta name=\"description\" content=\"Betten Sie das Vorher-Nachher-Slider-Widget in Ihre Elementor-Website ein. Schauen Sie sich die Elfsight-Demo an und erstellen Sie Ihr individuelles Plugin mit nur wenigen Klicks\" \/>\n<meta name=\"robots\" content=\"index, follow, max-snippet:-1, max-image-preview:large, max-video-preview:-1\" \/>\n<link rel=\"canonical\" href=\"https:\/\/elfsight.com\/de\/before-and-after-slider-widget\/elementor\/\" \/>\n<meta property=\"og:locale\" content=\"de_DE\" \/>\n<meta property=\"og:type\" content=\"article\" \/>\n<meta property=\"og:title\" content=\"Vorher-Nachher-Slider f\u00fcr die Elementor-Website (kostenlos und schnell!)\" \/>\n<meta property=\"og:description\" content=\"Betten Sie das Vorher-Nachher-Slider-Widget in Ihre Elementor-Website ein. Schauen Sie sich die Elfsight-Demo an und erstellen Sie Ihr individuelles Plugin mit nur wenigen Klicks\" \/>\n<meta property=\"og:url\" content=\"https:\/\/elfsight.com\/de\/before-and-after-slider-widget\/elementor\/\" \/>\n<meta property=\"og:site_name\" content=\"Elfsight DE\" \/>\n<meta property=\"article:modified_time\" content=\"2025-02-20T14:03:55+00:00\" \/>\n<meta name=\"twitter:card\" content=\"summary_large_image\" \/>\n<meta name=\"twitter:label1\" content=\"Gesch\u00e4tzte Lesezeit\" \/>\n\t<meta name=\"twitter:data1\" content=\"3\u00a0Minuten\" \/>\n<!-- \/ Yoast SEO plugin. -->","yoast_head_json":{"title":"Vorher-Nachher-Slider f\u00fcr die Elementor-Website (kostenlos und schnell!)","description":"Betten Sie das Vorher-Nachher-Slider-Widget in Ihre Elementor-Website ein. Schauen Sie sich die Elfsight-Demo an und erstellen Sie Ihr individuelles Plugin mit nur wenigen Klicks","robots":{"index":"index","follow":"follow","max-snippet":"max-snippet:-1","max-image-preview":"max-image-preview:large","max-video-preview":"max-video-preview:-1"},"canonical":"https:\/\/elfsight.com\/de\/before-and-after-slider-widget\/elementor\/","og_locale":"de_DE","og_type":"article","og_title":"Vorher-Nachher-Slider f\u00fcr die Elementor-Website (kostenlos und schnell!)","og_description":"Betten Sie das Vorher-Nachher-Slider-Widget in Ihre Elementor-Website ein. Schauen Sie sich die Elfsight-Demo an und erstellen Sie Ihr individuelles Plugin mit nur wenigen Klicks","og_url":"https:\/\/elfsight.com\/de\/before-and-after-slider-widget\/elementor\/","og_site_name":"Elfsight DE","article_modified_time":"2025-02-20T14:03:55+00:00","twitter_card":"summary_large_image","twitter_misc":{"Gesch\u00e4tzte Lesezeit":"3\u00a0Minuten"},"schema":{"@context":"https:\/\/schema.org","@graph":[{"@type":"WebPage","@id":"https:\/\/elfsight.com\/de\/before-and-after-slider-widget\/elementor\/","url":"https:\/\/elfsight.com\/de\/before-and-after-slider-widget\/elementor\/","name":"Vorher-Nachher-Slider f\u00fcr die Elementor-Website (kostenlos und schnell!)","isPartOf":{"@id":"https:\/\/elfsight.com\/de\/#website"},"datePublished":"2024-05-03T06:30:25+00:00","dateModified":"2025-02-20T14:03:55+00:00","description":"Betten Sie das Vorher-Nachher-Slider-Widget in Ihre Elementor-Website ein. Schauen Sie sich die Elfsight-Demo an und erstellen Sie Ihr individuelles Plugin mit nur wenigen Klicks","breadcrumb":{"@id":"https:\/\/elfsight.com\/de\/before-and-after-slider-widget\/elementor\/#breadcrumb"},"inLanguage":"de","potentialAction":[{"@type":"ReadAction","target":["https:\/\/elfsight.com\/de\/before-and-after-slider-widget\/elementor\/"]}]},{"@type":"BreadcrumbList","@id":"https:\/\/elfsight.com\/de\/before-and-after-slider-widget\/elementor\/#breadcrumb","itemListElement":[{"@type":"ListItem","position":1,"name":"Home","item":"https:\/\/elfsight.com\/de\/"},{"@type":"ListItem","position":2,"name":"Before and After Slider","item":"https:\/\/elfsight.com\/de\/before-and-after-slider-widget\/"},{"@type":"ListItem","position":3,"name":"Before and After Slider &#8211; Elementor"}]},{"@type":"WebSite","@id":"https:\/\/elfsight.com\/de\/#website","url":"https:\/\/elfsight.com\/de\/","name":"Elfsight DE","description":"Just another Elfsight Sites site","potentialAction":[{"@type":"SearchAction","target":{"@type":"EntryPoint","urlTemplate":"https:\/\/elfsight.com\/de\/?s={search_term_string}"},"query-input":{"@type":"PropertyValueSpecification","valueRequired":true,"valueName":"search_term_string"}}],"inLanguage":"de"}]}},"meta_box":{"industry":"","seo_heading":"","heading":"","description":"","cta_heading":"","cta_description":"","application":"504","h1":"Vorher-Nachher-Slider f\u00fcr Elementor","h1_caption":"Pr\u00e4sentieren Sie Vergleiche zwischen zwei Bildern, ideal, um Transformationen hervorzuheben oder Produktvorteile m\u00fchelos auf Ihrer Elementor-Website zu pr\u00e4sentieren.","application_category":[],"applications_title":"","applications_request_title":"","applications_request_button_text":"","hero_text":"","hero_video":"","hero_video_schema_markup":"","selling_points_title":"","selling_points_caption":"","selling_points":[],"selling_points_cta_text":"","features_title":"","features":"","ed_cta_examples_text":"","ed_cta_examples_hidden":"","ed_cta_demo_text":"","ed_cta_demo_hidden":"","why_caption":"","why_editor_title":"","why_editor_text":"","why_team_title":"","why_team_text":"","why_service_title":"","why_service_text":"","template_catalog_visible":"0","template_catalog_title":"","template_catalog_text":"","template_catalog_categories_visible":"","demo_title":"Erstellen Sie Ihr Vorher-Nachher-Slider-Widget","demo_caption":"Konfigurieren Sie Ihren Vorher-Nachher-Slider und f\u00fcgen Sie ihn kostenlos zu Ihrer Elementor-Website hinzu!","default_faq_hidden":"","app_template_category":[],"platform":"223","template_public_id":"","codecanyon_url":"","codecanyon_item_id":"","codecanyon_price":"","pricing_caption":"","pricing_elfsight_apps_hide_column":"","pricing_elfsight_apps_url":"","pricing_codecanyon_price_caption":"","integration_category":[],"integration_request_title":"","integration_request_cta":"","integration_platform":"","integrations":[],"platform_category":[],"video_schema_markup":"","price":"ab 0 $ \/ Monat","trial":"","benefits":[{"text":"Kostenlose Installationshilfe"},{"text":"Erfahrener Kundensupport"},{"text":"14-t\u00e4gige R\u00fcckerstattungsgarantie"},{"text":"Laufende Verbesserungen"}],"button_url":"#demo","button_target_blank":"0","button_nofollow":"0","attributes":[{"name":"Installiert","content":"10,000 - 100,000"},{"name":"Reaktionsfreudig","content":"Ja"},{"name":"Kompatible Browser","content":"Firefox, Safari, Opera, Chrome, Edge"}],"tags":[],"tags_disable_links":"0","hide_more_platforms":"0","video_object":"","demo_hide_cta":"0","demo_hide_cloud_options":"0","pricing_title":"","pricing":[{"pricing_icon":"platform","pricing_title":"Elfsight Apps","pricing_title_caption":"Plattform\u00fcbergreifende Version, die auf jeder Website funktioniert","pricing_price":"ab 0 $ \/ Monat","pricing_price_caption":"Beginnen Sie mit einem kostenlosen Plan","pricing_benefits":[{"text":"Unbegrenzte Websites"},{"text":"Kostenloser Kundensupport"},{"text":"Kostenloser Installationsservice"},{"text":"Tolles Angebot f\u00fcr mehrere Apps"}],"pricing_button_text":"Zur Website hinzuf\u00fcgen","pricing_button_url":"#demo"}],"related_apps_title":"","related_apps_hidden":"0","author":"","image":[],"title":"","job":"","social_networks":[]},"_links":{"self":[{"href":"https:\/\/elfsight.com\/de\/wp-json\/wp\/v2\/pages\/16873","targetHints":{"allow":["GET"]}}],"collection":[{"href":"https:\/\/elfsight.com\/de\/wp-json\/wp\/v2\/pages"}],"about":[{"href":"https:\/\/elfsight.com\/de\/wp-json\/wp\/v2\/types\/page"}],"author":[{"embeddable":true,"href":"https:\/\/elfsight.com\/de\/wp-json\/wp\/v2\/users\/9"}],"replies":[{"embeddable":true,"href":"https:\/\/elfsight.com\/de\/wp-json\/wp\/v2\/comments?post=16873"}],"version-history":[{"count":3,"href":"https:\/\/elfsight.com\/de\/wp-json\/wp\/v2\/pages\/16873\/revisions"}],"predecessor-version":[{"id":24589,"href":"https:\/\/elfsight.com\/de\/wp-json\/wp\/v2\/pages\/16873\/revisions\/24589"}],"up":[{"embeddable":true,"href":"https:\/\/elfsight.com\/de\/wp-json\/wp\/v2\/pages\/1269"}],"wp:attachment":[{"href":"https:\/\/elfsight.com\/de\/wp-json\/wp\/v2\/media?parent=16873"}],"curies":[{"name":"wp","href":"https:\/\/api.w.org\/{rel}","templated":true}]}}