{"id":16872,"date":"2024-05-03T06:30:24","date_gmt":"2024-05-03T06:30:24","guid":{"rendered":"https:\/\/elfsight.com\/de\/?page_id=16872"},"modified":"2025-02-20T13:59:11","modified_gmt":"2025-02-20T13:59:11","slug":"joomla","status":"publish","type":"page","link":"https:\/\/elfsight.com\/de\/before-and-after-slider-widget\/joomla\/","title":{"rendered":"Before and After Slider &#8211; Joomla"},"content":{"rendered":"\n<div class=\"application-platform-content-item-description application-platform-content-item\" id=\"description\" data-nav-section=\"description\"> <h2>Beschreibung<\/h2> <p> Mit dem Vorher-Nachher-Slider von Elfsight k\u00f6nnen Sie verlockende Werbebilder f\u00fcr Ihre Website pr\u00e4sentieren. Besucher k\u00f6nnen alle Ergebnisse erkunden, die Ihre Waren oder Dienstleistungen erzielen. Laden Sie einfach Vorher- und Nachher-Fotos in den Vorher- und Nachher-Slider f\u00fcr Joomla hoch und Sie erhalten eine Trennlinie, die verschoben werden kann, um den Unterschied zu erkennen. Sie k\u00f6nnen eine unbegrenzte Anzahl von Fotos\u00e4tzen erstellen, jedes mit einer eigenen Bildunterschrift. Die verschiebbare Ausrichtung bietet zwei M\u00f6glichkeiten: horizontal oder vertikal, und Sie k\u00f6nnen das am besten passende Bildverh\u00e4ltnis frei w\u00e4hlen. Ihre Kunden werden keine andere Wahl haben, als einen Kauf zu t\u00e4tigen, sobald sie das tats\u00e4chliche Ergebnis Ihrer Angebote sehen! <\/p> <p><b>Starten Sie mit dem Vorher-Nachher-Schieberegler eine schnellere Gesch\u00e4ftsentwicklung und steigern Sie den Umsatz <\/b><\/p> <\/div> <div class=\"application-platform-content-item-features application-platform-content-item\" id=\"features\" data-nav-section=\"features\"> <h2>Dies sind nur einige davon der zahlreichen Widget-Funktionen: <\/h2> <ul><li>Zeigen Sie eine beliebige Anzahl von Vorher- und Nachher-Fotopaaren<\/li> <li>Erstellen Sie Bildunterschriften mit Textformatierung f\u00fcr jedes Bild<\/li><li>Zwei integrierte Layouts: Liste und Karussell<\/li><li>Horizontale oder vertikale Richtung der Trennlinie<\/li><li>Klicken und ziehen oder einfach den Mauszeiger bewegen, um die Trennlinie zu verschieben<\/li><li>Wischen auf Touch-Ger\u00e4ten<\/li><\/ul><p><a href=\"#demo\">Anhand der Demo k\u00f6nnen Sie herausfinden, ob das Widget f\u00fcr Sie geeignet ist<\/a><\/p> <\/div> <div class=\"application-platform-content-item-installation application-platform-content-item\" id=\"installation\" data-nav-section=\"installation\"> <h2>Wie f\u00fcge ich einen Vorher-Nachher-Slider in meine Joomla-Website ein? <\/h2><div class=\"video-container\"><iframe width=\"560\" height=\"315\" src=\"https:\/\/www.youtube.com\/embed\/_NgU1VbVP2U?si=SmqV7F7jtsDB_oCA\" frameborder=\"0\" allow=\"accelerometer; autoplay; clipboard-write; encrypted-media; gyroscope; picture-in-picture; web-share\" allowfullscreen><\/iframe><\/div> <p>Befolgen Sie einfach die unten beschriebenen Schritte, um das Widget zu integrieren. <\/p> <ol><li><b>\u00d6ffnen Sie unseren kostenlosen Konfigurator und beginnen Sie mit der Erstellung Ihrer individuellen Erweiterung. <\/b><br> W\u00e4hlen Sie das gew\u00fcnschte Aussehen und die gew\u00fcnschte Funktionalit\u00e4t der Erweiterung und speichern Sie alle \u00c4nderungen. <\/li> <li><b>Kopieren Sie Ihren pers\u00f6nlichen Code, der in der Box auf Elfsight Apps angezeigt wird. <\/b><br> Kopieren Sie unmittelbar nach Abschluss der Anpassung Ihrer Vergleichs-Slider-Erweiterung Ihren Code in das angezeigte Popup und bewahren Sie ihn f\u00fcr die zuk\u00fcnftige Verwendung auf. <\/li> <li><b>Initiieren Sie die Nutzung der Erweiterung auf der Joomla-Site. <\/b><br> F\u00fcgen Sie den Code, den Sie k\u00fcrzlich gespeichert haben, in Ihre Website ein und wenden Sie die Verbesserungen an. <\/li> <li><b>Fertig! Das Setup wurde erfolgreich durchgef\u00fchrt. <\/b><br> \u00d6ffnen Sie Ihre Website, um zu sehen, wie die Erweiterung funktioniert. <\/li><\/ol><p>Wenn Sie Fragen haben oder auf Schwierigkeiten sto\u00dfen, z\u00f6gern Sie nicht, sich an unsere Kundendienstmitarbeiter zu wenden. Unsere Mitarbeiter helfen Ihnen gerne bei allen Fragen, die Sie zum Plugin haben. <\/p> <div class=\"faq\" data-component=\"FAQ\"><div class=\"faq-item\">\r\n\t\t\t\t\t<div class=\"faq-item-question\">\r\n\t\t\t\t\t\t<h3 class=\"faq-item-question-text\">Wie f\u00fcge ich ohne Programmierkenntnisse einen Vorher- und Nachher-Schieberegler zu meiner Joomla-Website hinzu?<\/h3>\r\n\r\n\t\t\t\t\t\t<div class=\"faq-item-question-icon\"><\/div>\r\n\t\t\t\t\t<\/div>\r\n\r\n\t\t\t\t\t<div class=\"faq-item-answer\">\r\n\t\t\t\t\t\t<div class=\"faq-item-answer-text\"> <p>Elfsight bietet eine SaaS-L\u00f6sung, mit der Sie selbst ein Vorher- und Nachher-Schieberegler-Widget erstellen k\u00f6nnen. Sehen Sie, wie einfach der Vorgang ist: Erstellen Sie direkt im Online-Editor ein Vorher-Nachher-Schieberegler-Widget, das Sie gerne auf Ihrer Joomla-Website sehen w\u00fcrden. W\u00e4hlen Sie eine der vorgefertigten Vorlagen aus und passen Sie die Einstellungen des Vorher- und Nachher-Schiebereglers an, f\u00fcgen Sie Ihre Inhalte hinzu, \u00e4ndern Sie das Layout und die Farben ohne Programmierkenntnisse. Speichern Sie den Vorher-Nachher-Schieberegler und kopieren Sie seinen Installationscode, sodass Sie ihn einfach zu Ihrer Joomla-Website hinzuf\u00fcgen k\u00f6nnen, ohne einen kostenpflichtigen Plan zu kaufen. Mit unserem intuitiven Editor kann jeder Internetnutzer online ein Vorher-Nachher-Slider-Widget erstellen und es einfach in seine Joomla-Website einbetten. Um auf den Service zuzugreifen, m\u00fcssen Sie weder bezahlen noch Ihre Kartendaten eingeben. Sollten bei irgendeinem Schritt Probleme auftreten, wenden Sie sich bitte an unser technisches Support-Team.<\/p> <\/div>\r\n\t\t\t\t\t<\/div>\r\n\t\t\t\t<\/div> <\/div><\/div>\n","protected":false},"excerpt":{"rendered":"","protected":false},"author":9,"featured_media":0,"parent":1269,"menu_order":0,"comment_status":"closed","ping_status":"closed","template":"templates\/template-application-platform.php","meta":{"publish_to_discourse":"","publish_post_category":"","wpdc_auto_publish_overridden":"","wpdc_topic_tags":"","wpdc_pin_topic":"","wpdc_pin_until":"","discourse_post_id":"","discourse_permalink":"","wpdc_publishing_response":"","wpdc_publishing_error":"","footnotes":""},"class_list":["post-16872","page","type-page","status-publish","hentry"],"yoast_head":"<!-- This site is optimized with the Yoast SEO plugin v25.3.1 - https:\/\/yoast.com\/wordpress\/plugins\/seo\/ -->\n<title>Vorher-Nachher-Bildschieberegler f\u00fcr die Joomla-Website (kostenlos und schnell)<\/title>\n<meta name=\"description\" content=\"Zeigen Sie das Vorher- und Nachher-Slider-Widget auf Ihrer Joomla-Website an. Testen Sie die voll funktionsf\u00e4hige Elfsight-Demo und gestalten Sie Ihr individuelles Widget in nur wenigen Sekunden.\" \/>\n<meta name=\"robots\" content=\"index, follow, max-snippet:-1, max-image-preview:large, max-video-preview:-1\" \/>\n<link rel=\"canonical\" href=\"https:\/\/elfsight.com\/de\/before-and-after-slider-widget\/joomla\/\" \/>\n<meta property=\"og:locale\" content=\"de_DE\" \/>\n<meta property=\"og:type\" content=\"article\" \/>\n<meta property=\"og:title\" content=\"Vorher-Nachher-Bildschieberegler f\u00fcr die Joomla-Website (kostenlos und schnell)\" \/>\n<meta property=\"og:description\" content=\"Zeigen Sie das Vorher- und Nachher-Slider-Widget auf Ihrer Joomla-Website an. Testen Sie die voll funktionsf\u00e4hige Elfsight-Demo und gestalten Sie Ihr individuelles Widget in nur wenigen Sekunden.\" \/>\n<meta property=\"og:url\" content=\"https:\/\/elfsight.com\/de\/before-and-after-slider-widget\/joomla\/\" \/>\n<meta property=\"og:site_name\" content=\"Elfsight DE\" \/>\n<meta property=\"article:modified_time\" content=\"2025-02-20T13:59:11+00:00\" \/>\n<meta name=\"twitter:card\" content=\"summary_large_image\" \/>\n<meta name=\"twitter:label1\" content=\"Gesch\u00e4tzte Lesezeit\" \/>\n\t<meta name=\"twitter:data1\" content=\"3\u00a0Minuten\" \/>\n<!-- \/ Yoast SEO plugin. -->","yoast_head_json":{"title":"Vorher-Nachher-Bildschieberegler f\u00fcr die Joomla-Website (kostenlos und schnell)","description":"Zeigen Sie das Vorher- und Nachher-Slider-Widget auf Ihrer Joomla-Website an. Testen Sie die voll funktionsf\u00e4hige Elfsight-Demo und gestalten Sie Ihr individuelles Widget in nur wenigen Sekunden.","robots":{"index":"index","follow":"follow","max-snippet":"max-snippet:-1","max-image-preview":"max-image-preview:large","max-video-preview":"max-video-preview:-1"},"canonical":"https:\/\/elfsight.com\/de\/before-and-after-slider-widget\/joomla\/","og_locale":"de_DE","og_type":"article","og_title":"Vorher-Nachher-Bildschieberegler f\u00fcr die Joomla-Website (kostenlos und schnell)","og_description":"Zeigen Sie das Vorher- und Nachher-Slider-Widget auf Ihrer Joomla-Website an. Testen Sie die voll funktionsf\u00e4hige Elfsight-Demo und gestalten Sie Ihr individuelles Widget in nur wenigen Sekunden.","og_url":"https:\/\/elfsight.com\/de\/before-and-after-slider-widget\/joomla\/","og_site_name":"Elfsight DE","article_modified_time":"2025-02-20T13:59:11+00:00","twitter_card":"summary_large_image","twitter_misc":{"Gesch\u00e4tzte Lesezeit":"3\u00a0Minuten"},"schema":{"@context":"https:\/\/schema.org","@graph":[{"@type":"WebPage","@id":"https:\/\/elfsight.com\/de\/before-and-after-slider-widget\/joomla\/","url":"https:\/\/elfsight.com\/de\/before-and-after-slider-widget\/joomla\/","name":"Vorher-Nachher-Bildschieberegler f\u00fcr die Joomla-Website (kostenlos und schnell)","isPartOf":{"@id":"https:\/\/elfsight.com\/de\/#website"},"datePublished":"2024-05-03T06:30:24+00:00","dateModified":"2025-02-20T13:59:11+00:00","description":"Zeigen Sie das Vorher- und Nachher-Slider-Widget auf Ihrer Joomla-Website an. Testen Sie die voll funktionsf\u00e4hige Elfsight-Demo und gestalten Sie Ihr individuelles Widget in nur wenigen Sekunden.","breadcrumb":{"@id":"https:\/\/elfsight.com\/de\/before-and-after-slider-widget\/joomla\/#breadcrumb"},"inLanguage":"de","potentialAction":[{"@type":"ReadAction","target":["https:\/\/elfsight.com\/de\/before-and-after-slider-widget\/joomla\/"]}]},{"@type":"BreadcrumbList","@id":"https:\/\/elfsight.com\/de\/before-and-after-slider-widget\/joomla\/#breadcrumb","itemListElement":[{"@type":"ListItem","position":1,"name":"Home","item":"https:\/\/elfsight.com\/de\/"},{"@type":"ListItem","position":2,"name":"Before and After Slider","item":"https:\/\/elfsight.com\/de\/before-and-after-slider-widget\/"},{"@type":"ListItem","position":3,"name":"Before and After Slider &#8211; Joomla"}]},{"@type":"WebSite","@id":"https:\/\/elfsight.com\/de\/#website","url":"https:\/\/elfsight.com\/de\/","name":"Elfsight DE","description":"Just another Elfsight Sites site","potentialAction":[{"@type":"SearchAction","target":{"@type":"EntryPoint","urlTemplate":"https:\/\/elfsight.com\/de\/?s={search_term_string}"},"query-input":{"@type":"PropertyValueSpecification","valueRequired":true,"valueName":"search_term_string"}}],"inLanguage":"de"}]}},"meta_box":{"industry":"","seo_heading":"","heading":"","description":"","cta_heading":"","cta_description":"","application":"504","h1":"Vorher-Nachher-Slider f\u00fcr Joomla","h1_caption":"Pr\u00e4sentieren Sie Vergleiche zwischen zwei Bildern, ideal, um Transformationen hervorzuheben oder Produktvorteile m\u00fchelos auf Ihrer Joomla-Website zu pr\u00e4sentieren.","application_category":[],"applications_title":"","applications_request_title":"","applications_request_button_text":"","hero_text":"","hero_video":"","hero_video_schema_markup":"","selling_points_title":"","selling_points_caption":"","selling_points":[],"selling_points_cta_text":"","features_title":"","features":"","ed_cta_examples_text":"","ed_cta_examples_hidden":"","ed_cta_demo_text":"","ed_cta_demo_hidden":"","why_caption":"","why_editor_title":"","why_editor_text":"","why_team_title":"","why_team_text":"","why_service_title":"","why_service_text":"","template_catalog_visible":"0","template_catalog_title":"","template_catalog_text":"","template_catalog_categories_visible":"","demo_title":"Erstellen Sie Ihr Vorher-Nachher-Slider-Plugin","demo_caption":"Konfigurieren Sie Ihren Vorher-Nachher-Slider und f\u00fcgen Sie ihn kostenlos zu Ihrer Joomla-Website hinzu!","default_faq_hidden":"","app_template_category":[],"platform":"259","template_public_id":"","codecanyon_url":"","codecanyon_item_id":"","codecanyon_price":"","pricing_caption":"","pricing_elfsight_apps_hide_column":"","pricing_elfsight_apps_url":"","pricing_codecanyon_price_caption":"","integration_category":[],"integration_request_title":"","integration_request_cta":"","integration_platform":"","integrations":[],"platform_category":[],"video_schema_markup":"","price":"ab 0 $ \/ Monat","trial":"","benefits":[{"text":"Effektiver Kundenservice"},{"text":"Premium-Support"},{"text":"14-t\u00e4gige R\u00fcckerstattungsgarantie"},{"text":"Fortlaufende Entwicklung"}],"button_url":"#demo","button_target_blank":"0","button_nofollow":"0","attributes":[{"name":"Installiert","content":"10,000 - 100,000"},{"name":"Reaktionsfreudig","content":"Ja"},{"name":"Kompatible Browser","content":"Firefox, Safari, Opera, Chrome, Edge"}],"tags":[],"tags_disable_links":"0","hide_more_platforms":"0","video_object":"","demo_hide_cta":"0","demo_hide_cloud_options":"0","pricing_title":"","pricing":[{"pricing_icon":"platform","pricing_title":"Elfsight Apps","pricing_title_caption":"Plattform\u00fcbergreifende digitale L\u00f6sung","pricing_price":"ab 0 $ \/ Monat","pricing_price_caption":"Beginnen Sie mit einem kostenlosen Plan","pricing_benefits":[{"text":"Unbegrenzte Websites"},{"text":"Support rund um die Uhr"},{"text":"Kostenlose Installationsunterst\u00fctzung"},{"text":"Sonderangebot f\u00fcr mehrere Apps"}],"pricing_button_text":"Zur Website hinzuf\u00fcgen","pricing_button_url":"#demo"}],"related_apps_title":"","related_apps_hidden":"0","author":"","image":[],"title":"","job":"","social_networks":[]},"_links":{"self":[{"href":"https:\/\/elfsight.com\/de\/wp-json\/wp\/v2\/pages\/16872","targetHints":{"allow":["GET"]}}],"collection":[{"href":"https:\/\/elfsight.com\/de\/wp-json\/wp\/v2\/pages"}],"about":[{"href":"https:\/\/elfsight.com\/de\/wp-json\/wp\/v2\/types\/page"}],"author":[{"embeddable":true,"href":"https:\/\/elfsight.com\/de\/wp-json\/wp\/v2\/users\/9"}],"replies":[{"embeddable":true,"href":"https:\/\/elfsight.com\/de\/wp-json\/wp\/v2\/comments?post=16872"}],"version-history":[{"count":3,"href":"https:\/\/elfsight.com\/de\/wp-json\/wp\/v2\/pages\/16872\/revisions"}],"predecessor-version":[{"id":24587,"href":"https:\/\/elfsight.com\/de\/wp-json\/wp\/v2\/pages\/16872\/revisions\/24587"}],"up":[{"embeddable":true,"href":"https:\/\/elfsight.com\/de\/wp-json\/wp\/v2\/pages\/1269"}],"wp:attachment":[{"href":"https:\/\/elfsight.com\/de\/wp-json\/wp\/v2\/media?parent=16872"}],"curies":[{"name":"wp","href":"https:\/\/api.w.org\/{rel}","templated":true}]}}