{"id":1687,"date":"2020-07-20T14:05:02","date_gmt":"2020-07-20T14:05:02","guid":{"rendered":"https:\/\/elfsight.com\/de\/?page_id=1687"},"modified":"2020-10-21T15:20:49","modified_gmt":"2020-10-21T15:20:49","slug":"features","status":"publish","type":"page","link":"https:\/\/elfsight.com\/de\/aliexpress-reviews-widget\/features\/","title":{"rendered":"AliExpress Reviews &#8211; Features"},"content":{"rendered":"\n<section class=\"application-features-group section\" id=\"FILTERS AND SORTING\">\n                    <div class=\"inner\">\n                        <div class=\"col-row\">\n                            <div class=\"col-6 col-offset-3 col-m-12 col-m-offset-0\">\n\n<h3>5 Filtern f\u00fcr die Sammlung der spannenden Bewertungen<\/h3>\n<p>Mit AliExpress Reviews Bewertungen k\u00f6nnen Sie nur gute oder relevante Rezensionen zu Ihrem Caf\u00e9 ver\u00f6ffentlichen. Dazu, gibt es mehrere Filter-Modi. Sie k\u00f6nnen das Plugin so einstellen, dass alle Kommentare oder nur positive Bewertungen zu demonstrieren.\nDer Filter \u201eAusschlie\u00dfen nach\u201c blendet das Feedback nach von Ihnen ausgew\u00e4hlten W\u00f6rtern oder Namen. Mit dem Filter \u201eAnzahl\u201c k\u00f6nnen Sie die Anzahl der Testimonials ausw\u00e4hlen und diese in Ihrem Widget demonstrieren. Mithilfe des \u201eManuell\u201c Filter nach W\u00f6rtern oder Autorennamen k\u00f6nnen Sie nur die ausgew\u00e4hltenKommentare bestimmter Autoren anzeigen. Sie k\u00f6nnen auch den minimalen Stern ausw\u00e4hlen, die Sie anzeigen m\u00f6chten.<\/p>\n\n<h3>\nSortieren Sie die Bewertungen wie Sie ben\u00f6tigen<\/h3>\n<p>Jetzt k\u00f6nnen Sie ausw\u00e4hlen, wie Ihre Kommentare demonstriert werden.\nDas Widget bietet zwei Sortieroptionen f\u00fcr Sie. Im Modus \u201eNeueste zuerst\u201c ver\u00f6ffentlicht die App die zuletzt Feedback oben in Ihrer Liste. Die Sortierfunktion \u201eRandom order\u201c k\u00f6nnen Sie alle Kommentare zu sortieren und die Vielfalt der Kommentare Ihrer Kunden zu demonstrieren.<\/p>\n\n<h3>\u00dcbersetzen Sie alle Beschreibungen der Bewertungs-Karte in der Sprache Ihrer Website-Besucher <\/h3>\n<p>Alle Textbeschreibungen des Widgets k\u00f6nnen in Ihre Sprache angezeigt werden. Dies hilft Ihrem Webpublikum die Navigation im Widget. Schreiben Sie einfach die \u00fcbersetzten Textbeschreibungen in die Felder \u201eMessages\u201c im Elfsight-Editor.<\/p>\n\n<\/div>\n                        <\/div>\n                    <\/div>\n\n                    <div class=\"application-features-group-title\">FILTER<\/div>\n                <\/section>\n\n<section class=\"application-features-group section\" id=\"LAYOUT\">\n                    <div class=\"inner\">\n                        <div class=\"col-row\">\n                            <div class=\"col-6 col-offset-3 col-m-12 col-m-offset-0\">\n\n<h3>Umschaltbare Teile des Headers<\/h3>\n<p>Der Header von AliExpress Reviews ist vollst\u00e4ndig flexibel. So haben Sie die Freiheit, das Plugin so zu erstellen, wie Sie es m\u00f6chten. Sie k\u00f6nnen die Sterne, die Gesamtzahl der Kommentare, den Titel und andere Textelemente demonstrieren oder ausblenden.<\/p>\n\n<h3>4 Varianten des Widget-Layouts<\/h3>\n<p>Wir bieten vier Arten von Layouts an, sodass Sie auf der Website eine perfekte Position f\u00fcr Ihre Bewertungen Ihrer K\u00e4ufer definieren k\u00f6nnen. List-Layot platziert die Beitr\u00e4ge nacheinander. Stellen Sie Grid-Layout, um ein Grid mit Testimonials zu anzeigen. Slider-Layout formt ein aktives Karussell mit Reviews. Mauerwerk-Layout zeigt die Bewerbungsbilder abh\u00e4ngig vom vertikalen verf\u00fcgbarem Raum. In jedem Layout k\u00f6nnen Sie weitere Funktionen anwenden. Zum Beispiel k\u00f6nnen Sie im Slider-Layout Pfeile oder Drags f\u00fcr die Navigation hinzuf\u00fcgen.<\/p>\n<\/div>\n                        <\/div>\n                    <\/div>\n\n                    <div class=\"application-features-group-title\">LAYOUT<\/div>\n                <\/section>\n\n<section class=\"application-features-group section\" id=\"CALL-TO-ACTION\">\n                    <div class=\"inner\">\n                        <div class=\"col-row\">\n                            <div class=\"col-6 col-offset-3 col-m-12 col-m-offset-0\">\n\n<h3>Verwenden Sie Call-to-Action-Button f\u00fcr Ihre Homepage<\/h3>\n<p>Die Schaltfl\u00e4che \u201eBewertung abgeben\u201c k\u00f6nnen Sie mehr Kunden zu gewinnen, ihre Bewertungen zu ver\u00f6ffentlichen. Ein Klick auf die CTA-Button in der Kopfzeile, werden sie auf Ihr Unternehmen AliExpress-Produkte Konto adressiert. Steigern Sie die Anzahl der hervorragenden Kommentare \u00fcber Ihr Unternehmen schneller!<\/p>\n<\/div>\n                        <\/div>\n                    <\/div>\n\n                    <div class=\"application-features-group-title\">CTA<\/div>\n                <\/section>\n\n<section class=\"application-features-group section\" id=\"REVIEWS\">\n                    <div class=\"inner\">\n                        <div class=\"col-row\">\n                            <div class=\"col-6 col-offset-3 col-m-12 col-m-offset-0\">\n\n<h3>Varianten der an Vorlagens<\/h3>\n<p>Mit dem unserer App werden Ihre Testimonials trendig angezeigt, aber dennoch werden die urspr\u00fcnglichen Design-Konzept halten. Mit dem unserer App werden Ihre Testimonials trendig angezeigt, aber dennoch werden die urspr\u00fcnglichen Design-Konzept halten.Es gibt drei Vorlagen daf\u00fcr. Die Classic-Bewertung-Folie speichert den bekannte Look. In der Bubble- Vorlage werden die Details des Autors unter dem Kommentartext angezeigt. Spotlight-Template richtet alle Elemente in der Mitte aus und konzentriert die Aufmerksamkeit aller Nutzer auf den Text.<\/p>\n\n<h3>F\u00fcnf ver\u00e4nderbare Elemente<\/h3>\n<p>Im Plugin k\u00f6nnen Sie f\u00fcnf Elemente \u00e4ndern: Autorenname, Foto des Rezensenten, Datum, Sterne, das aktive Quelllogo. Jedes der Elemente kann angezeigt oder ausgeschaltet werden. Sie k\u00f6nnen definieren, Sie ben\u00f6tigen eine detaillierte oder minimalistische Bewertungskarte. Die Quelle der Rezension kann auf drei verschiedene Arten dargestellt werden: Sie k\u00f6nnen das Symbol, das Logo oder den Text ein- und ausschalten. Mithilfe der Komponente k\u00f6nnen Sie, alle Ihre Bewertungen absolut vertrauensw\u00fcrdig anzeigen!<\/p>\n\n<h3>\nDie responsive Plugin-Konfiguration<\/h3>\n<p>Unabh\u00e4ngig davon, wie viel Speicherplatz Sie auf Ihrer Website haben, passt_andie App die Parameter an. Sie k\u00f6nnen die Gr\u00f6\u00dfe der App auch im Elfsight-Konfigurator \u00e4ndern. Au\u00dferdem wird Ihre App vom Smartphone bis zum Desktop perfekt funktioniert. Sie k\u00f6nnen auch ausw\u00e4hlen, wie Rezensionen ver\u00f6ffentlicht werden sollen: ganzen oder kurzen Varianten. Im Fall, dass Sie Platz sparen m\u00fcssen, schalten Sie die Option \u201eShort\u201c und zeigen_an Sie die Rezensionen mit der \u00dcberschrift \u201eWeiter lessen\u201c. Die Funktion \u201eVoll\u201c zeigt den gesamten Bewertungstext.<\/p>\n<\/div>\n                        <\/div>\n                    <\/div>\n\n                    <div class=\"application-features-group-title\">Reviews<\/div>\n                <\/section> \n\n<section class=\"application-features-group section\" id=\"STYLE\">\n                    <div class=\"inner\">\n                        <div class=\"col-row\">\n                            <div class=\"col-6 col-offset-3 col-m-12 col-m-offset-0\">\n\n<h3>Malbare Elemente des Plugins<\/h3>\n<p>Mit der gro\u00dfen Auswahl an Designmerkmalen wird Ihr Widget wunderbar. Fast alle Elemente der App k\u00f6nnen gef\u00e4rbt werden: einen Text, ein Hintergrund, ein Logo eines Stern-Typen und mehr. Definieren Sie, welche Akzentfarben Sie ben\u00f6tigen: originelle oder helle. Wenden Sie auch einen Hintergrundtyp &#8211; transparenter, Farbe oder Bild.<\/p>\n\n<h3>Gebrauchsfertige Farbschemata<\/h3>\n<p>Damit, die maximale Aufmerksamkeit Ihrer Benutzer zu konzentrieren, bietet Elfsight 2 einfach zu fertige Farbschemata an. Das dunkle Farbschema schafft ein stilvolles Look des Widgets. Das \u201eHell\u201c Color Scheme ist f\u00fcr die Website-Besitzer, den klassischen Abschnitt der Reviews bevorzugen. Wenn Sie ein eindeutiges Farbschema ben\u00f6tigen, k\u00f6nnen Sie benutzerdefinierte Farbschema Funktionen ausw\u00e4hlen.<\/p>\n\n<\/div>\n                        <\/div>\n                    <\/div>\n\n                    <div class=\"application-features-group-title\">STIL<\/div>\n                <\/section>\n","protected":false},"excerpt":{"rendered":"","protected":false},"author":11,"featured_media":0,"parent":1686,"menu_order":0,"comment_status":"closed","ping_status":"closed","template":"templates\/template-application-features.php","meta":{"publish_to_discourse":"","publish_post_category":"","wpdc_auto_publish_overridden":"","wpdc_topic_tags":"","wpdc_pin_topic":"","wpdc_pin_until":"","discourse_post_id":"","discourse_permalink":"","wpdc_publishing_response":"","wpdc_publishing_error":"","footnotes":""},"class_list":["post-1687","page","type-page","status-publish","hentry"],"yoast_head":"<!-- This site is optimized with the Yoast SEO plugin v25.3.1 - https:\/\/yoast.com\/wordpress\/plugins\/seo\/ -->\n<title>AliExpress Reviews Widget - 20+ benutzerdefinierte Einstellungen<\/title>\n<meta name=\"description\" content=\"Testen Sie alle AliExpress Reviews-Widget-Funktionen in einer Live-Demo. Benutzerdefinierte Einstellungen und gebrauchsfertige Vorlagen.\" \/>\n<meta name=\"robots\" content=\"index, follow, max-snippet:-1, max-image-preview:large, max-video-preview:-1\" \/>\n<link rel=\"canonical\" href=\"https:\/\/elfsight.com\/de\/aliexpress-reviews-widget\/features\/\" \/>\n<meta property=\"og:locale\" content=\"de_DE\" \/>\n<meta property=\"og:type\" content=\"article\" \/>\n<meta property=\"og:title\" content=\"AliExpress Reviews Widget - 20+ benutzerdefinierte Einstellungen\" \/>\n<meta property=\"og:description\" content=\"Testen Sie alle AliExpress Reviews-Widget-Funktionen in einer Live-Demo. Benutzerdefinierte Einstellungen und gebrauchsfertige Vorlagen.\" \/>\n<meta property=\"og:url\" content=\"https:\/\/elfsight.com\/de\/aliexpress-reviews-widget\/features\/\" \/>\n<meta property=\"og:site_name\" content=\"Elfsight DE\" \/>\n<meta property=\"article:modified_time\" content=\"2020-10-21T15:20:49+00:00\" \/>\n<meta name=\"twitter:card\" content=\"summary_large_image\" \/>\n<meta name=\"twitter:label1\" content=\"Gesch\u00e4tzte Lesezeit\" \/>\n\t<meta name=\"twitter:data1\" content=\"4\u00a0Minuten\" \/>\n<!-- \/ Yoast SEO plugin. -->","yoast_head_json":{"title":"AliExpress Reviews Widget - 20+ benutzerdefinierte Einstellungen","description":"Testen Sie alle AliExpress Reviews-Widget-Funktionen in einer Live-Demo. Benutzerdefinierte Einstellungen und gebrauchsfertige Vorlagen.","robots":{"index":"index","follow":"follow","max-snippet":"max-snippet:-1","max-image-preview":"max-image-preview:large","max-video-preview":"max-video-preview:-1"},"canonical":"https:\/\/elfsight.com\/de\/aliexpress-reviews-widget\/features\/","og_locale":"de_DE","og_type":"article","og_title":"AliExpress Reviews Widget - 20+ benutzerdefinierte Einstellungen","og_description":"Testen Sie alle AliExpress Reviews-Widget-Funktionen in einer Live-Demo. Benutzerdefinierte Einstellungen und gebrauchsfertige Vorlagen.","og_url":"https:\/\/elfsight.com\/de\/aliexpress-reviews-widget\/features\/","og_site_name":"Elfsight DE","article_modified_time":"2020-10-21T15:20:49+00:00","twitter_card":"summary_large_image","twitter_misc":{"Gesch\u00e4tzte Lesezeit":"4\u00a0Minuten"},"schema":{"@context":"https:\/\/schema.org","@graph":[{"@type":"WebPage","@id":"https:\/\/elfsight.com\/de\/aliexpress-reviews-widget\/features\/","url":"https:\/\/elfsight.com\/de\/aliexpress-reviews-widget\/features\/","name":"AliExpress Reviews Widget - 20+ benutzerdefinierte Einstellungen","isPartOf":{"@id":"https:\/\/elfsight.com\/de\/#website"},"datePublished":"2020-07-20T14:05:02+00:00","dateModified":"2020-10-21T15:20:49+00:00","description":"Testen Sie alle AliExpress Reviews-Widget-Funktionen in einer Live-Demo. Benutzerdefinierte Einstellungen und gebrauchsfertige Vorlagen.","breadcrumb":{"@id":"https:\/\/elfsight.com\/de\/aliexpress-reviews-widget\/features\/#breadcrumb"},"inLanguage":"de","potentialAction":[{"@type":"ReadAction","target":["https:\/\/elfsight.com\/de\/aliexpress-reviews-widget\/features\/"]}]},{"@type":"BreadcrumbList","@id":"https:\/\/elfsight.com\/de\/aliexpress-reviews-widget\/features\/#breadcrumb","itemListElement":[{"@type":"ListItem","position":1,"name":"Home","item":"https:\/\/elfsight.com\/de\/"},{"@type":"ListItem","position":2,"name":"AliExpress Reviews","item":"https:\/\/elfsight.com\/de\/aliexpress-reviews-widget\/"},{"@type":"ListItem","position":3,"name":"AliExpress Reviews &#8211; Features"}]},{"@type":"WebSite","@id":"https:\/\/elfsight.com\/de\/#website","url":"https:\/\/elfsight.com\/de\/","name":"Elfsight DE","description":"Just another Elfsight Sites site","potentialAction":[{"@type":"SearchAction","target":{"@type":"EntryPoint","urlTemplate":"https:\/\/elfsight.com\/de\/?s={search_term_string}"},"query-input":{"@type":"PropertyValueSpecification","valueRequired":true,"valueName":"search_term_string"}}],"inLanguage":"de"}]}},"meta_box":{"industry":"","seo_heading":"","heading":"","description":"","cta_heading":"","cta_description":"","application":"1685","h1":"Funktionen des AliExpress Reviews Widgets","h1_caption":"Sehen Sie sich alle Funktionen der Elfsight AliExpress Bewertungen an und erfahren Sie, wie Sie das effektivste Widget erstellen k\u00f6nnen","application_category":[],"applications_title":"","applications_request_title":"","applications_request_button_text":"","hero_text":"","hero_video":"","hero_video_schema_markup":"","selling_points_title":"","selling_points_caption":"","selling_points":[],"selling_points_cta_text":"","features_title":"","features":"","ed_cta_examples_text":"","ed_cta_examples_hidden":"","ed_cta_demo_text":"","ed_cta_demo_hidden":"","why_caption":"","why_editor_title":"","why_editor_text":"","why_team_title":"","why_team_text":"","why_service_title":"","why_service_text":"","template_catalog_visible":"","template_catalog_title":"","template_catalog_text":"","template_catalog_categories_visible":"","demo_title":"","demo_caption":"","default_faq_hidden":"","app_template_category":[],"platform":"","template_public_id":"","codecanyon_url":"","codecanyon_item_id":"","codecanyon_price":"","pricing_caption":"","pricing_elfsight_apps_hide_column":"","pricing_elfsight_apps_url":"","pricing_codecanyon_price_caption":"","integration_category":[],"integration_request_title":"","integration_request_cta":"","integration_platform":"","integrations":[],"platform_category":[],"video_schema_markup":"","price":"","trial":"","benefits":[],"button_url":"","button_target_blank":"","button_nofollow":"","attributes":[],"tags":[],"tags_disable_links":"","hide_more_platforms":"","video_object":"","demo_hide_cta":"","demo_hide_cloud_options":"","pricing_title":"","pricing":[],"related_apps_title":"","related_apps_hidden":"","author":"","image":[],"title":"","job":"","social_networks":[]},"_links":{"self":[{"href":"https:\/\/elfsight.com\/de\/wp-json\/wp\/v2\/pages\/1687","targetHints":{"allow":["GET"]}}],"collection":[{"href":"https:\/\/elfsight.com\/de\/wp-json\/wp\/v2\/pages"}],"about":[{"href":"https:\/\/elfsight.com\/de\/wp-json\/wp\/v2\/types\/page"}],"author":[{"embeddable":true,"href":"https:\/\/elfsight.com\/de\/wp-json\/wp\/v2\/users\/11"}],"replies":[{"embeddable":true,"href":"https:\/\/elfsight.com\/de\/wp-json\/wp\/v2\/comments?post=1687"}],"version-history":[{"count":7,"href":"https:\/\/elfsight.com\/de\/wp-json\/wp\/v2\/pages\/1687\/revisions"}],"predecessor-version":[{"id":1705,"href":"https:\/\/elfsight.com\/de\/wp-json\/wp\/v2\/pages\/1687\/revisions\/1705"}],"up":[{"embeddable":true,"href":"https:\/\/elfsight.com\/de\/wp-json\/wp\/v2\/pages\/1686"}],"wp:attachment":[{"href":"https:\/\/elfsight.com\/de\/wp-json\/wp\/v2\/media?parent=1687"}],"curies":[{"name":"wp","href":"https:\/\/api.w.org\/{rel}","templated":true}]}}